{"id":480743,"date":"2025-06-29T13:15:55","date_gmt":"2025-06-29T11:15:55","guid":{"rendered":"https:\/\/shopatoa.com\/ro\/medavita-idol-liss-defence-thermo-protector-crema-hranitoare-si-termo-protectoare-pentru-par-150-ml\/"},"modified":"2025-12-13T21:34:20","modified_gmt":"2025-12-13T20:34:20","slug":"medavita-idol-liss-defence-thermo-protector-crema-hranitoare-si-termo-protectoare-pentru-par-150-ml","status":"publish","type":"product","link":"https:\/\/shopatoa.com\/ro\/medavita-idol-liss-defence-thermo-protector-crema-hranitoare-si-termo-protectoare-pentru-par-150-ml\/","title":{"rendered":"Medavita IDOL Liss Defence Thermo Protector crem\u0103 hr\u0103nitoare \u0219i termo-protectoare pentru p\u0103r 150 ml"},"content":{"rendered":"<p>Medavita IDOL Liss Defence Thermo Protector, 150 ml, Protec\u021bie termic\u0103 pentru p\u0103r pentru femei, \u00cen timpul utiliz\u0103rii usc\u0103torului de p\u0103r, a pl\u0103cii sau a ondulatorului, \u00een special \u00een mod repetat \u0219i frecvent, p\u0103rul este supus la stres, iar structura acestuia poate fi deteriorat\u0103 semnificativ. Produsul de protec\u021bie termic\u0103 a p\u0103rului Medavita IDOL Liss Defence Thermo Protector ajut\u0103 la prevenirea acestui lucru. Creeaz\u0103 pe p\u0103r o pelicul\u0103 protectoare, care previne eficient deteriorarea termic\u0103 \u00een timpul utiliz\u0103rii aparatelor de styling. Substan\u021bele nutritive con\u021binute confer\u0103 p\u0103rului putere \u0219i \u00eei sporesc rezisten\u021ba la factorii externi d\u0103un\u0103tori.  Caracteristici:  asigur\u0103 protec\u021bie \u00eempotriva deterior\u0103rii termice neteze\u0219te firele de p\u0103r previne electrizarea \u0219i firele de p\u0103r rebele nedorite previne electrizarea p\u0103rului  Ingrediente:  ulei de jojoba \u2013 men\u021bine scalpul \u0219i p\u0103rul hidratate \u0219i hr\u0103nite, stimul\u00e2nd astfel cre\u0219terea, fortific\u0103 p\u0103rul, oferindu-i str\u0103lucire, prevenind ruperea \u0219i despicarea ulei de cocos \u2013 fortific\u0103, hidrateaz\u0103 \u0219i sus\u021bine regenerarea p\u0103rului uscat \u0219i deteriorat, ajut\u0103 \u00een cazul v\u00e2rfurilor despicate \u0219i al cas\u0103rii, restabile\u0219te str\u0103lucirea p\u0103rului, hr\u0103ne\u0219te scalpul \u0219i amelioreaz\u0103 problema m\u0103tre\u021bii  Cum se utilizeaz\u0103: Se aplic\u0103 pe p\u0103rul sp\u0103lat \u0219i umed \u0219i se usuc\u0103 prin suflare.<\/p>\n","protected":false},"excerpt":{"rendered":"<p>Medavita IDOL Liss Defence Thermo Protector, 150 ml, Protec\u021bie termic\u0103 pentru p\u0103r pentru femei, \u00cen timpul utiliz\u0103rii usc\u0103torului de p\u0103r, a pl\u0103cii sau a ondulatorului, \u00een special \u00een mod repetat \u0219i frecvent, p\u0103rul este supus la stres, iar structura acestuia poate fi deteriorat\u0103 semnificativ. Produsul de protec\u021bie termic\u0103 a p\u0103rului Medavita IDOL Liss Defence Thermo&#8230;<\/p>\n","protected":false},"featured_media":480744,"comment_status":"closed","ping_status":"open","template":"","meta":{"_acf_changed":false,"_kadence_starter_templates_imported_post":false,"_kad_post_transparent":"","_kad_post_title":"","_kad_post_layout":"","_kad_post_sidebar_id":"","_kad_post_content_style":"","_kad_post_vertical_padding":"","_kad_post_feature":"","_kad_post_feature_position":"","_kad_post_header":false,"_kad_post_footer":false,"_kad_post_classname":""},"product_brand":[2512],"product_cat":[1563,1590,1562],"product_tag":[],"class_list":{"0":"post-480743","1":"product","2":"type-product","3":"status-publish","4":"has-post-thumbnail","6":"product_brand-medavita","7":"product_cat-ingrijire-personala","8":"product_cat-ingrijirea-parului","9":"product_cat-sanatate-si-frumusete","10":"pa_gen-female","11":"pa_marime-150-ml","13":"first","14":"instock","15":"sale","16":"product-type-external","17":"entry","18":"content-bg","19":"loop-entry"},"acf":[],"yoast_head":"<!-- This site is optimized with the Yoast SEO plugin v27.4 - https:\/\/yoast.com\/product\/yoast-seo-wordpress\/ -->\n<title>Medavita IDOL Liss Defence Thermo Protector crem\u0103 hr\u0103nitoare \u0219i termo-protectoare pentru p\u0103r 150 ml - SHOPATOA.COM<\/title>\n<meta name=\"robots\" content=\"index, follow, max-snippet:-1, max-image-preview:large, max-video-preview:-1\" \/>\n<link rel=\"canonical\" href=\"https:\/\/shopatoa.com\/ro\/medavita-idol-liss-defence-thermo-protector-crema-hranitoare-si-termo-protectoare-pentru-par-150-ml\/\" \/>\n<meta property=\"og:locale\" content=\"ro_RO\" \/>\n<meta property=\"og:type\" content=\"article\" \/>\n<meta property=\"og:title\" content=\"Medavita IDOL Liss Defence Thermo Protector crem\u0103 hr\u0103nitoare \u0219i termo-protectoare pentru p\u0103r 150 ml - SHOPATOA.COM\" \/>\n<meta property=\"og:description\" content=\"Medavita IDOL Liss Defence Thermo Protector, 150 ml, Protec\u021bie termic\u0103 pentru p\u0103r pentru femei, \u00cen timpul utiliz\u0103rii usc\u0103torului de p\u0103r, a pl\u0103cii sau a ondulatorului, \u00een special \u00een mod repetat \u0219i frecvent, p\u0103rul este supus la stres, iar structura acestuia poate fi deteriorat\u0103 semnificativ. Produsul de protec\u021bie termic\u0103 a p\u0103rului Medavita IDOL Liss Defence Thermo...\" \/>\n<meta property=\"og:url\" content=\"https:\/\/shopatoa.com\/ro\/medavita-idol-liss-defence-thermo-protector-crema-hranitoare-si-termo-protectoare-pentru-par-150-ml\/\" \/>\n<meta property=\"og:site_name\" content=\"SHOPATOA\" \/>\n<meta property=\"article:modified_time\" content=\"2025-12-13T20:34:20+00:00\" \/>\n<meta property=\"og:image\" content=\"https:\/\/storage.googleapis.com\/cz-shopatoa-img\/ro\/f3e84921-unnamed-file.webp\" \/>\n\t<meta property=\"og:image:width\" content=\"800\" \/>\n\t<meta property=\"og:image:height\" content=\"800\" \/>\n\t<meta property=\"og:image:type\" content=\"image\/webp\" \/>\n<meta name=\"twitter:card\" content=\"summary_large_image\" \/>\n<meta name=\"twitter:label1\" content=\"Timp estimat pentru citire\" \/>\n\t<meta name=\"twitter:data1\" content=\"1 minut\" \/>\n<script type=\"application\/ld+json\" class=\"yoast-schema-graph\">{\"@context\":\"https:\\\/\\\/schema.org\",\"@graph\":[{\"@type\":\"WebPage\",\"@id\":\"https:\\\/\\\/shopatoa.com\\\/ro\\\/medavita-idol-liss-defence-thermo-protector-crema-hranitoare-si-termo-protectoare-pentru-par-150-ml\\\/\",\"url\":\"https:\\\/\\\/shopatoa.com\\\/ro\\\/medavita-idol-liss-defence-thermo-protector-crema-hranitoare-si-termo-protectoare-pentru-par-150-ml\\\/\",\"name\":\"Medavita IDOL Liss Defence Thermo Protector crem\u0103 hr\u0103nitoare \u0219i termo-protectoare pentru p\u0103r 150 ml - SHOPATOA.COM\",\"isPartOf\":{\"@id\":\"https:\\\/\\\/shopatoa.com\\\/ro\\\/#website\"},\"primaryImageOfPage\":{\"@id\":\"https:\\\/\\\/shopatoa.com\\\/ro\\\/medavita-idol-liss-defence-thermo-protector-crema-hranitoare-si-termo-protectoare-pentru-par-150-ml\\\/#primaryimage\"},\"image\":{\"@id\":\"https:\\\/\\\/shopatoa.com\\\/ro\\\/medavita-idol-liss-defence-thermo-protector-crema-hranitoare-si-termo-protectoare-pentru-par-150-ml\\\/#primaryimage\"},\"thumbnailUrl\":\"https:\\\/\\\/storage.googleapis.com\\\/cz-shopatoa-img\\\/ro\\\/f3e84921-unnamed-file.webp\",\"datePublished\":\"2025-06-29T11:15:55+00:00\",\"dateModified\":\"2025-12-13T20:34:20+00:00\",\"breadcrumb\":{\"@id\":\"https:\\\/\\\/shopatoa.com\\\/ro\\\/medavita-idol-liss-defence-thermo-protector-crema-hranitoare-si-termo-protectoare-pentru-par-150-ml\\\/#breadcrumb\"},\"inLanguage\":\"ro-RO\",\"potentialAction\":[{\"@type\":\"ReadAction\",\"target\":[\"https:\\\/\\\/shopatoa.com\\\/ro\\\/medavita-idol-liss-defence-thermo-protector-crema-hranitoare-si-termo-protectoare-pentru-par-150-ml\\\/\"]}]},{\"@type\":\"ImageObject\",\"inLanguage\":\"ro-RO\",\"@id\":\"https:\\\/\\\/shopatoa.com\\\/ro\\\/medavita-idol-liss-defence-thermo-protector-crema-hranitoare-si-termo-protectoare-pentru-par-150-ml\\\/#primaryimage\",\"url\":\"https:\\\/\\\/storage.googleapis.com\\\/cz-shopatoa-img\\\/ro\\\/f3e84921-unnamed-file.webp\",\"contentUrl\":\"https:\\\/\\\/storage.googleapis.com\\\/cz-shopatoa-img\\\/ro\\\/f3e84921-unnamed-file.webp\",\"width\":800,\"height\":800},{\"@type\":\"BreadcrumbList\",\"@id\":\"https:\\\/\\\/shopatoa.com\\\/ro\\\/medavita-idol-liss-defence-thermo-protector-crema-hranitoare-si-termo-protectoare-pentru-par-150-ml\\\/#breadcrumb\",\"itemListElement\":[{\"@type\":\"ListItem\",\"position\":1,\"name\":\"Dom\u016f\",\"item\":\"https:\\\/\\\/shopatoa.com\\\/ro\\\/\"},{\"@type\":\"ListItem\",\"position\":2,\"name\":\"Shop\",\"item\":\"https:\\\/\\\/shopatoa.com\\\/ro\\\/shop\\\/\"},{\"@type\":\"ListItem\",\"position\":3,\"name\":\"S\u0103n\u0103tate \u0219i frumuse\u021be\",\"item\":\"https:\\\/\\\/shopatoa.com\\\/ro\\\/sanatate-si-frumusete\\\/\"},{\"@type\":\"ListItem\",\"position\":4,\"name\":\"\u00cengrijire personal\u0103\",\"item\":\"https:\\\/\\\/shopatoa.com\\\/ro\\\/ingrijire-personala\\\/\"},{\"@type\":\"ListItem\",\"position\":5,\"name\":\"\u00cengrijirea p\u0103rului\",\"item\":\"https:\\\/\\\/shopatoa.com\\\/ro\\\/ingrijirea-parului\\\/\"},{\"@type\":\"ListItem\",\"position\":6,\"name\":\"Medavita IDOL Liss Defence Thermo Protector crem\u0103 hr\u0103nitoare \u0219i termo-protectoare pentru p\u0103r 150 ml\"}]},{\"@type\":\"WebSite\",\"@id\":\"https:\\\/\\\/shopatoa.com\\\/ro\\\/#website\",\"url\":\"https:\\\/\\\/shopatoa.com\\\/ro\\\/\",\"name\":\"SHOPATOA\",\"description\":\"\",\"publisher\":{\"@id\":\"https:\\\/\\\/shopatoa.com\\\/ro\\\/#organization\"},\"potentialAction\":[{\"@type\":\"SearchAction\",\"target\":{\"@type\":\"EntryPoint\",\"urlTemplate\":\"https:\\\/\\\/shopatoa.com\\\/ro\\\/?s={search_term_string}\"},\"query-input\":{\"@type\":\"PropertyValueSpecification\",\"valueRequired\":true,\"valueName\":\"search_term_string\"}}],\"inLanguage\":\"ro-RO\"},{\"@type\":\"Organization\",\"@id\":\"https:\\\/\\\/shopatoa.com\\\/ro\\\/#organization\",\"name\":\"SHOPATOA\",\"url\":\"https:\\\/\\\/shopatoa.com\\\/ro\\\/\",\"logo\":{\"@type\":\"ImageObject\",\"inLanguage\":\"ro-RO\",\"@id\":\"https:\\\/\\\/shopatoa.com\\\/ro\\\/#\\\/schema\\\/logo\\\/image\\\/\",\"url\":\"https:\\\/\\\/storage.googleapis.com\\\/cz-shopatoa-img\\\/ro\\\/b4dac915-shopatoa_logo.png\",\"contentUrl\":\"https:\\\/\\\/storage.googleapis.com\\\/cz-shopatoa-img\\\/ro\\\/b4dac915-shopatoa_logo.png\",\"width\":416,\"height\":63,\"caption\":\"SHOPATOA\"},\"image\":{\"@id\":\"https:\\\/\\\/shopatoa.com\\\/ro\\\/#\\\/schema\\\/logo\\\/image\\\/\"}}]}<\/script>\n<!-- \/ Yoast SEO plugin. -->","yoast_head_json":{"title":"Medavita IDOL Liss Defence Thermo Protector crem\u0103 hr\u0103nitoare \u0219i termo-protectoare pentru p\u0103r 150 ml - SHOPATOA.COM","robots":{"index":"index","follow":"follow","max-snippet":"max-snippet:-1","max-image-preview":"max-image-preview:large","max-video-preview":"max-video-preview:-1"},"canonical":"https:\/\/shopatoa.com\/ro\/medavita-idol-liss-defence-thermo-protector-crema-hranitoare-si-termo-protectoare-pentru-par-150-ml\/","og_locale":"ro_RO","og_type":"article","og_title":"Medavita IDOL Liss Defence Thermo Protector crem\u0103 hr\u0103nitoare \u0219i termo-protectoare pentru p\u0103r 150 ml - SHOPATOA.COM","og_description":"Medavita IDOL Liss Defence Thermo Protector, 150 ml, Protec\u021bie termic\u0103 pentru p\u0103r pentru femei, \u00cen timpul utiliz\u0103rii usc\u0103torului de p\u0103r, a pl\u0103cii sau a ondulatorului, \u00een special \u00een mod repetat \u0219i frecvent, p\u0103rul este supus la stres, iar structura acestuia poate fi deteriorat\u0103 semnificativ. Produsul de protec\u021bie termic\u0103 a p\u0103rului Medavita IDOL Liss Defence Thermo...","og_url":"https:\/\/shopatoa.com\/ro\/medavita-idol-liss-defence-thermo-protector-crema-hranitoare-si-termo-protectoare-pentru-par-150-ml\/","og_site_name":"SHOPATOA","article_modified_time":"2025-12-13T20:34:20+00:00","og_image":[{"width":800,"height":800,"url":"https:\/\/storage.googleapis.com\/cz-shopatoa-img\/ro\/f3e84921-unnamed-file.webp","type":"image\/webp"}],"twitter_card":"summary_large_image","twitter_misc":{"Timp estimat pentru citire":"1 minut"},"schema":{"@context":"https:\/\/schema.org","@graph":[{"@type":"WebPage","@id":"https:\/\/shopatoa.com\/ro\/medavita-idol-liss-defence-thermo-protector-crema-hranitoare-si-termo-protectoare-pentru-par-150-ml\/","url":"https:\/\/shopatoa.com\/ro\/medavita-idol-liss-defence-thermo-protector-crema-hranitoare-si-termo-protectoare-pentru-par-150-ml\/","name":"Medavita IDOL Liss Defence Thermo Protector crem\u0103 hr\u0103nitoare \u0219i termo-protectoare pentru p\u0103r 150 ml - SHOPATOA.COM","isPartOf":{"@id":"https:\/\/shopatoa.com\/ro\/#website"},"primaryImageOfPage":{"@id":"https:\/\/shopatoa.com\/ro\/medavita-idol-liss-defence-thermo-protector-crema-hranitoare-si-termo-protectoare-pentru-par-150-ml\/#primaryimage"},"image":{"@id":"https:\/\/shopatoa.com\/ro\/medavita-idol-liss-defence-thermo-protector-crema-hranitoare-si-termo-protectoare-pentru-par-150-ml\/#primaryimage"},"thumbnailUrl":"https:\/\/storage.googleapis.com\/cz-shopatoa-img\/ro\/f3e84921-unnamed-file.webp","datePublished":"2025-06-29T11:15:55+00:00","dateModified":"2025-12-13T20:34:20+00:00","breadcrumb":{"@id":"https:\/\/shopatoa.com\/ro\/medavita-idol-liss-defence-thermo-protector-crema-hranitoare-si-termo-protectoare-pentru-par-150-ml\/#breadcrumb"},"inLanguage":"ro-RO","potentialAction":[{"@type":"ReadAction","target":["https:\/\/shopatoa.com\/ro\/medavita-idol-liss-defence-thermo-protector-crema-hranitoare-si-termo-protectoare-pentru-par-150-ml\/"]}]},{"@type":"ImageObject","inLanguage":"ro-RO","@id":"https:\/\/shopatoa.com\/ro\/medavita-idol-liss-defence-thermo-protector-crema-hranitoare-si-termo-protectoare-pentru-par-150-ml\/#primaryimage","url":"https:\/\/storage.googleapis.com\/cz-shopatoa-img\/ro\/f3e84921-unnamed-file.webp","contentUrl":"https:\/\/storage.googleapis.com\/cz-shopatoa-img\/ro\/f3e84921-unnamed-file.webp","width":800,"height":800},{"@type":"BreadcrumbList","@id":"https:\/\/shopatoa.com\/ro\/medavita-idol-liss-defence-thermo-protector-crema-hranitoare-si-termo-protectoare-pentru-par-150-ml\/#breadcrumb","itemListElement":[{"@type":"ListItem","position":1,"name":"Dom\u016f","item":"https:\/\/shopatoa.com\/ro\/"},{"@type":"ListItem","position":2,"name":"Shop","item":"https:\/\/shopatoa.com\/ro\/shop\/"},{"@type":"ListItem","position":3,"name":"S\u0103n\u0103tate \u0219i frumuse\u021be","item":"https:\/\/shopatoa.com\/ro\/sanatate-si-frumusete\/"},{"@type":"ListItem","position":4,"name":"\u00cengrijire personal\u0103","item":"https:\/\/shopatoa.com\/ro\/ingrijire-personala\/"},{"@type":"ListItem","position":5,"name":"\u00cengrijirea p\u0103rului","item":"https:\/\/shopatoa.com\/ro\/ingrijirea-parului\/"},{"@type":"ListItem","position":6,"name":"Medavita IDOL Liss Defence Thermo Protector crem\u0103 hr\u0103nitoare \u0219i termo-protectoare pentru p\u0103r 150 ml"}]},{"@type":"WebSite","@id":"https:\/\/shopatoa.com\/ro\/#website","url":"https:\/\/shopatoa.com\/ro\/","name":"SHOPATOA","description":"","publisher":{"@id":"https:\/\/shopatoa.com\/ro\/#organization"},"potentialAction":[{"@type":"SearchAction","target":{"@type":"EntryPoint","urlTemplate":"https:\/\/shopatoa.com\/ro\/?s={search_term_string}"},"query-input":{"@type":"PropertyValueSpecification","valueRequired":true,"valueName":"search_term_string"}}],"inLanguage":"ro-RO"},{"@type":"Organization","@id":"https:\/\/shopatoa.com\/ro\/#organization","name":"SHOPATOA","url":"https:\/\/shopatoa.com\/ro\/","logo":{"@type":"ImageObject","inLanguage":"ro-RO","@id":"https:\/\/shopatoa.com\/ro\/#\/schema\/logo\/image\/","url":"https:\/\/storage.googleapis.com\/cz-shopatoa-img\/ro\/b4dac915-shopatoa_logo.png","contentUrl":"https:\/\/storage.googleapis.com\/cz-shopatoa-img\/ro\/b4dac915-shopatoa_logo.png","width":416,"height":63,"caption":"SHOPATOA"},"image":{"@id":"https:\/\/shopatoa.com\/ro\/#\/schema\/logo\/image\/"}}]}},"_links":{"self":[{"href":"https:\/\/shopatoa.com\/ro\/wp-json\/wp\/v2\/product\/480743","targetHints":{"allow":["GET"]}}],"collection":[{"href":"https:\/\/shopatoa.com\/ro\/wp-json\/wp\/v2\/product"}],"about":[{"href":"https:\/\/shopatoa.com\/ro\/wp-json\/wp\/v2\/types\/product"}],"replies":[{"embeddable":true,"href":"https:\/\/shopatoa.com\/ro\/wp-json\/wp\/v2\/comments?post=480743"}],"wp:featuredmedia":[{"embeddable":true,"href":"https:\/\/shopatoa.com\/ro\/wp-json\/wp\/v2\/media\/480744"}],"wp:attachment":[{"href":"https:\/\/shopatoa.com\/ro\/wp-json\/wp\/v2\/media?parent=480743"}],"wp:term":[{"taxonomy":"product_brand","embeddable":true,"href":"https:\/\/shopatoa.com\/ro\/wp-json\/wp\/v2\/product_brand?post=480743"},{"taxonomy":"product_cat","embeddable":true,"href":"https:\/\/shopatoa.com\/ro\/wp-json\/wp\/v2\/product_cat?post=480743"},{"taxonomy":"product_tag","embeddable":true,"href":"https:\/\/shopatoa.com\/ro\/wp-json\/wp\/v2\/product_tag?post=480743"}],"curies":[{"name":"wp","href":"https:\/\/api.w.org\/{rel}","templated":true}]}}