{"id":480755,"date":"2025-06-29T13:15:55","date_gmt":"2025-06-29T11:15:55","guid":{"rendered":"https:\/\/shopatoa.com\/ro\/tirtir-ampoule-mask-tea-tree-clear-masca-textila-calmanta-pentru-pielea-problematica-30-buc\/"},"modified":"2025-12-13T21:36:09","modified_gmt":"2025-12-13T20:36:09","slug":"tirtir-ampoule-mask-tea-tree-clear-masca-textila-calmanta-pentru-pielea-problematica-30-buc","status":"publish","type":"product","link":"https:\/\/shopatoa.com\/ro\/tirtir-ampoule-mask-tea-tree-clear-masca-textila-calmanta-pentru-pielea-problematica-30-buc\/","title":{"rendered":"TIRTIR Ampoule Mask Tea Tree Clear masc\u0103 textil\u0103 calmant\u0103 pentru pielea problematica 30 buc"},"content":{"rendered":"<p>TIRTIR Ampoule Mask Tea Tree Clear, 30 buc, M\u0103\u0219ti din p\u00e2nz\u0103 pentru femei, Sim\u021bi\u021bi c\u0103 tenul dvs. nu este \u00een cea mai bun\u0103 form\u0103 \u0219i c\u0103 are nevoie de o \u00eengrijire suplimentar\u0103 fa\u021b\u0103 de cea oferit\u0103 de crema facial\u0103? Masca facial\u0103 TIRTIR Ampoule Mask Tea Tree Clear v\u0103 va \u00eembog\u0103\u021bi perfect rutina de \u00eengrijire \u2013 va r\u0103sf\u0103\u021ba tenul \u0219i \u00eei va oferi o \u00eengrijire intensiv\u0103, care \u00eei va \u00eembun\u0103t\u0103\u021bi imediat aspectul.  Caracteristici:  hidrateaz\u0103 profund \u0219i hr\u0103ne\u0219te intens la atingere, pielea devine fin\u0103 ca m\u0103tasea are efect de calmare nu irit\u0103 pielea \u00eenfrumuse\u021beaz\u0103 aspectul pielii previne formarea excesiv\u0103 de sebum se recomand\u0103 pentru tenul sensibil  Ingrediente:  produs vegan ulei de tea tree \u2013 are efecte de cur\u0103\u021bare, ajut\u0103 la prevenirea acneei \u0219i accelereaz\u0103 regenerarea pielii deteriorate, calmeaz\u0103, amelioreaz\u0103 irita\u021bia, ro\u0219ea\u021ba, edemele \u0219i senza\u021biile de m\u00e2nc\u0103rime ment\u0103 \u2013 are efecte de cur\u0103\u021bare \u0219i tonifiere, ofer\u0103 un efect pl\u0103cut de r\u0103cire, ajut\u0103 la combaterea acneei, favorizeaz\u0103 regenerarea mai rapid\u0103 a semnelor cauzate de acnee alantoin\u0103 \u2013 calmeaz\u0103, hidrateaz\u0103 \u0219i catifeleaz\u0103, favorizeaz\u0103 regenerarea  Cum se utilizeaz\u0103: Se scoate cu grij\u0103 masca din ambalaj \u0219i se aplic\u0103 pe fa\u021ba curat\u0103. Se las\u0103 s\u0103 ac\u021bioneze pe durata specificat\u0103 pe ambalaj. \u00cendep\u0103rta\u021bi \u0219i apoi tapota\u021bi u\u0219or excesul de masc\u0103 pe ten. Serul neabsorbit se maseaz\u0103 u\u0219or \u00een piele sau se \u0219terge cu un tampon cosmetic.<\/p>\n","protected":false},"excerpt":{"rendered":"<p>TIRTIR Ampoule Mask Tea Tree Clear, 30 buc, M\u0103\u0219ti din p\u00e2nz\u0103 pentru femei, Sim\u021bi\u021bi c\u0103 tenul dvs. nu este \u00een cea mai bun\u0103 form\u0103 \u0219i c\u0103 are nevoie de o \u00eengrijire suplimentar\u0103 fa\u021b\u0103 de cea oferit\u0103 de crema facial\u0103? Masca facial\u0103 TIRTIR Ampoule Mask Tea Tree Clear v\u0103 va \u00eembog\u0103\u021bi perfect rutina de \u00eengrijire \u2013&#8230;<\/p>\n","protected":false},"featured_media":480756,"comment_status":"closed","ping_status":"open","template":"","meta":{"_acf_changed":false,"_kadence_starter_templates_imported_post":false,"_kad_post_transparent":"","_kad_post_title":"","_kad_post_layout":"","_kad_post_sidebar_id":"","_kad_post_content_style":"","_kad_post_vertical_padding":"","_kad_post_feature":"","_kad_post_feature_position":"","_kad_post_header":false,"_kad_post_footer":false,"_kad_post_classname":""},"product_brand":[2195],"product_cat":[1564,1563,1565,1614,1562],"product_tag":[],"class_list":{"0":"post-480755","1":"product","2":"type-product","3":"status-publish","4":"has-post-thumbnail","6":"product_brand-tirtir","7":"product_cat-cosmetice-ingrijire-personala","8":"product_cat-ingrijire-personala","9":"product_cat-ingrijirea-pielii","10":"product_cat-masti-si-peelings-pentru-ten","11":"product_cat-sanatate-si-frumusete","12":"pa_gen-female","13":"pa_marime-30-buc","15":"first","16":"instock","17":"sale","18":"product-type-external","19":"entry","20":"content-bg","21":"loop-entry"},"acf":[],"yoast_head":"<!-- This site is optimized with the Yoast SEO plugin v27.4 - https:\/\/yoast.com\/product\/yoast-seo-wordpress\/ -->\n<title>TIRTIR Ampoule Mask Tea Tree Clear masc\u0103 textil\u0103 calmant\u0103 pentru pielea problematica 30 buc - SHOPATOA.COM<\/title>\n<meta name=\"robots\" content=\"index, follow, max-snippet:-1, max-image-preview:large, max-video-preview:-1\" \/>\n<link rel=\"canonical\" href=\"https:\/\/shopatoa.com\/ro\/tirtir-ampoule-mask-tea-tree-clear-masca-textila-calmanta-pentru-pielea-problematica-30-buc\/\" \/>\n<meta property=\"og:locale\" content=\"ro_RO\" \/>\n<meta property=\"og:type\" content=\"article\" \/>\n<meta property=\"og:title\" content=\"TIRTIR Ampoule Mask Tea Tree Clear masc\u0103 textil\u0103 calmant\u0103 pentru pielea problematica 30 buc - SHOPATOA.COM\" \/>\n<meta property=\"og:description\" content=\"TIRTIR Ampoule Mask Tea Tree Clear, 30 buc, M\u0103\u0219ti din p\u00e2nz\u0103 pentru femei, Sim\u021bi\u021bi c\u0103 tenul dvs. nu este \u00een cea mai bun\u0103 form\u0103 \u0219i c\u0103 are nevoie de o \u00eengrijire suplimentar\u0103 fa\u021b\u0103 de cea oferit\u0103 de crema facial\u0103? Masca facial\u0103 TIRTIR Ampoule Mask Tea Tree Clear v\u0103 va \u00eembog\u0103\u021bi perfect rutina de \u00eengrijire \u2013...\" \/>\n<meta property=\"og:url\" content=\"https:\/\/shopatoa.com\/ro\/tirtir-ampoule-mask-tea-tree-clear-masca-textila-calmanta-pentru-pielea-problematica-30-buc\/\" \/>\n<meta property=\"og:site_name\" content=\"SHOPATOA\" \/>\n<meta property=\"article:modified_time\" content=\"2025-12-13T20:36:09+00:00\" \/>\n<meta property=\"og:image\" content=\"https:\/\/storage.googleapis.com\/cz-shopatoa-img\/ro\/a101e4af-unnamed-file.webp\" \/>\n\t<meta property=\"og:image:width\" content=\"800\" \/>\n\t<meta property=\"og:image:height\" content=\"800\" \/>\n\t<meta property=\"og:image:type\" content=\"image\/webp\" \/>\n<meta name=\"twitter:card\" content=\"summary_large_image\" \/>\n<meta name=\"twitter:label1\" content=\"Timp estimat pentru citire\" \/>\n\t<meta name=\"twitter:data1\" content=\"1 minut\" \/>\n<script type=\"application\/ld+json\" class=\"yoast-schema-graph\">{\"@context\":\"https:\\\/\\\/schema.org\",\"@graph\":[{\"@type\":\"WebPage\",\"@id\":\"https:\\\/\\\/shopatoa.com\\\/ro\\\/tirtir-ampoule-mask-tea-tree-clear-masca-textila-calmanta-pentru-pielea-problematica-30-buc\\\/\",\"url\":\"https:\\\/\\\/shopatoa.com\\\/ro\\\/tirtir-ampoule-mask-tea-tree-clear-masca-textila-calmanta-pentru-pielea-problematica-30-buc\\\/\",\"name\":\"TIRTIR Ampoule Mask Tea Tree Clear masc\u0103 textil\u0103 calmant\u0103 pentru pielea problematica 30 buc - SHOPATOA.COM\",\"isPartOf\":{\"@id\":\"https:\\\/\\\/shopatoa.com\\\/ro\\\/#website\"},\"primaryImageOfPage\":{\"@id\":\"https:\\\/\\\/shopatoa.com\\\/ro\\\/tirtir-ampoule-mask-tea-tree-clear-masca-textila-calmanta-pentru-pielea-problematica-30-buc\\\/#primaryimage\"},\"image\":{\"@id\":\"https:\\\/\\\/shopatoa.com\\\/ro\\\/tirtir-ampoule-mask-tea-tree-clear-masca-textila-calmanta-pentru-pielea-problematica-30-buc\\\/#primaryimage\"},\"thumbnailUrl\":\"https:\\\/\\\/storage.googleapis.com\\\/cz-shopatoa-img\\\/ro\\\/a101e4af-unnamed-file.webp\",\"datePublished\":\"2025-06-29T11:15:55+00:00\",\"dateModified\":\"2025-12-13T20:36:09+00:00\",\"breadcrumb\":{\"@id\":\"https:\\\/\\\/shopatoa.com\\\/ro\\\/tirtir-ampoule-mask-tea-tree-clear-masca-textila-calmanta-pentru-pielea-problematica-30-buc\\\/#breadcrumb\"},\"inLanguage\":\"ro-RO\",\"potentialAction\":[{\"@type\":\"ReadAction\",\"target\":[\"https:\\\/\\\/shopatoa.com\\\/ro\\\/tirtir-ampoule-mask-tea-tree-clear-masca-textila-calmanta-pentru-pielea-problematica-30-buc\\\/\"]}]},{\"@type\":\"ImageObject\",\"inLanguage\":\"ro-RO\",\"@id\":\"https:\\\/\\\/shopatoa.com\\\/ro\\\/tirtir-ampoule-mask-tea-tree-clear-masca-textila-calmanta-pentru-pielea-problematica-30-buc\\\/#primaryimage\",\"url\":\"https:\\\/\\\/storage.googleapis.com\\\/cz-shopatoa-img\\\/ro\\\/a101e4af-unnamed-file.webp\",\"contentUrl\":\"https:\\\/\\\/storage.googleapis.com\\\/cz-shopatoa-img\\\/ro\\\/a101e4af-unnamed-file.webp\",\"width\":800,\"height\":800},{\"@type\":\"BreadcrumbList\",\"@id\":\"https:\\\/\\\/shopatoa.com\\\/ro\\\/tirtir-ampoule-mask-tea-tree-clear-masca-textila-calmanta-pentru-pielea-problematica-30-buc\\\/#breadcrumb\",\"itemListElement\":[{\"@type\":\"ListItem\",\"position\":1,\"name\":\"Dom\u016f\",\"item\":\"https:\\\/\\\/shopatoa.com\\\/ro\\\/\"},{\"@type\":\"ListItem\",\"position\":2,\"name\":\"Shop\",\"item\":\"https:\\\/\\\/shopatoa.com\\\/ro\\\/shop\\\/\"},{\"@type\":\"ListItem\",\"position\":3,\"name\":\"S\u0103n\u0103tate \u0219i frumuse\u021be\",\"item\":\"https:\\\/\\\/shopatoa.com\\\/ro\\\/sanatate-si-frumusete\\\/\"},{\"@type\":\"ListItem\",\"position\":4,\"name\":\"\u00cengrijire personal\u0103\",\"item\":\"https:\\\/\\\/shopatoa.com\\\/ro\\\/ingrijire-personala\\\/\"},{\"@type\":\"ListItem\",\"position\":5,\"name\":\"Cosmetice\",\"item\":\"https:\\\/\\\/shopatoa.com\\\/ro\\\/cosmetice-ingrijire-personala\\\/\"},{\"@type\":\"ListItem\",\"position\":6,\"name\":\"\u00cengrijirea pielii\",\"item\":\"https:\\\/\\\/shopatoa.com\\\/ro\\\/ingrijirea-pielii\\\/\"},{\"@type\":\"ListItem\",\"position\":7,\"name\":\"M\u0103\u0219ti \u0219i peelings pentru ten\",\"item\":\"https:\\\/\\\/shopatoa.com\\\/ro\\\/masti-si-peelings-pentru-ten\\\/\"},{\"@type\":\"ListItem\",\"position\":8,\"name\":\"TIRTIR Ampoule Mask Tea Tree Clear masc\u0103 textil\u0103 calmant\u0103 pentru pielea problematica 30 buc\"}]},{\"@type\":\"WebSite\",\"@id\":\"https:\\\/\\\/shopatoa.com\\\/ro\\\/#website\",\"url\":\"https:\\\/\\\/shopatoa.com\\\/ro\\\/\",\"name\":\"SHOPATOA\",\"description\":\"\",\"publisher\":{\"@id\":\"https:\\\/\\\/shopatoa.com\\\/ro\\\/#organization\"},\"potentialAction\":[{\"@type\":\"SearchAction\",\"target\":{\"@type\":\"EntryPoint\",\"urlTemplate\":\"https:\\\/\\\/shopatoa.com\\\/ro\\\/?s={search_term_string}\"},\"query-input\":{\"@type\":\"PropertyValueSpecification\",\"valueRequired\":true,\"valueName\":\"search_term_string\"}}],\"inLanguage\":\"ro-RO\"},{\"@type\":\"Organization\",\"@id\":\"https:\\\/\\\/shopatoa.com\\\/ro\\\/#organization\",\"name\":\"SHOPATOA\",\"url\":\"https:\\\/\\\/shopatoa.com\\\/ro\\\/\",\"logo\":{\"@type\":\"ImageObject\",\"inLanguage\":\"ro-RO\",\"@id\":\"https:\\\/\\\/shopatoa.com\\\/ro\\\/#\\\/schema\\\/logo\\\/image\\\/\",\"url\":\"https:\\\/\\\/storage.googleapis.com\\\/cz-shopatoa-img\\\/ro\\\/b4dac915-shopatoa_logo.png\",\"contentUrl\":\"https:\\\/\\\/storage.googleapis.com\\\/cz-shopatoa-img\\\/ro\\\/b4dac915-shopatoa_logo.png\",\"width\":416,\"height\":63,\"caption\":\"SHOPATOA\"},\"image\":{\"@id\":\"https:\\\/\\\/shopatoa.com\\\/ro\\\/#\\\/schema\\\/logo\\\/image\\\/\"}}]}<\/script>\n<!-- \/ Yoast SEO plugin. -->","yoast_head_json":{"title":"TIRTIR Ampoule Mask Tea Tree Clear masc\u0103 textil\u0103 calmant\u0103 pentru pielea problematica 30 buc - SHOPATOA.COM","robots":{"index":"index","follow":"follow","max-snippet":"max-snippet:-1","max-image-preview":"max-image-preview:large","max-video-preview":"max-video-preview:-1"},"canonical":"https:\/\/shopatoa.com\/ro\/tirtir-ampoule-mask-tea-tree-clear-masca-textila-calmanta-pentru-pielea-problematica-30-buc\/","og_locale":"ro_RO","og_type":"article","og_title":"TIRTIR Ampoule Mask Tea Tree Clear masc\u0103 textil\u0103 calmant\u0103 pentru pielea problematica 30 buc - SHOPATOA.COM","og_description":"TIRTIR Ampoule Mask Tea Tree Clear, 30 buc, M\u0103\u0219ti din p\u00e2nz\u0103 pentru femei, Sim\u021bi\u021bi c\u0103 tenul dvs. nu este \u00een cea mai bun\u0103 form\u0103 \u0219i c\u0103 are nevoie de o \u00eengrijire suplimentar\u0103 fa\u021b\u0103 de cea oferit\u0103 de crema facial\u0103? Masca facial\u0103 TIRTIR Ampoule Mask Tea Tree Clear v\u0103 va \u00eembog\u0103\u021bi perfect rutina de \u00eengrijire \u2013...","og_url":"https:\/\/shopatoa.com\/ro\/tirtir-ampoule-mask-tea-tree-clear-masca-textila-calmanta-pentru-pielea-problematica-30-buc\/","og_site_name":"SHOPATOA","article_modified_time":"2025-12-13T20:36:09+00:00","og_image":[{"width":800,"height":800,"url":"https:\/\/storage.googleapis.com\/cz-shopatoa-img\/ro\/a101e4af-unnamed-file.webp","type":"image\/webp"}],"twitter_card":"summary_large_image","twitter_misc":{"Timp estimat pentru citire":"1 minut"},"schema":{"@context":"https:\/\/schema.org","@graph":[{"@type":"WebPage","@id":"https:\/\/shopatoa.com\/ro\/tirtir-ampoule-mask-tea-tree-clear-masca-textila-calmanta-pentru-pielea-problematica-30-buc\/","url":"https:\/\/shopatoa.com\/ro\/tirtir-ampoule-mask-tea-tree-clear-masca-textila-calmanta-pentru-pielea-problematica-30-buc\/","name":"TIRTIR Ampoule Mask Tea Tree Clear masc\u0103 textil\u0103 calmant\u0103 pentru pielea problematica 30 buc - SHOPATOA.COM","isPartOf":{"@id":"https:\/\/shopatoa.com\/ro\/#website"},"primaryImageOfPage":{"@id":"https:\/\/shopatoa.com\/ro\/tirtir-ampoule-mask-tea-tree-clear-masca-textila-calmanta-pentru-pielea-problematica-30-buc\/#primaryimage"},"image":{"@id":"https:\/\/shopatoa.com\/ro\/tirtir-ampoule-mask-tea-tree-clear-masca-textila-calmanta-pentru-pielea-problematica-30-buc\/#primaryimage"},"thumbnailUrl":"https:\/\/storage.googleapis.com\/cz-shopatoa-img\/ro\/a101e4af-unnamed-file.webp","datePublished":"2025-06-29T11:15:55+00:00","dateModified":"2025-12-13T20:36:09+00:00","breadcrumb":{"@id":"https:\/\/shopatoa.com\/ro\/tirtir-ampoule-mask-tea-tree-clear-masca-textila-calmanta-pentru-pielea-problematica-30-buc\/#breadcrumb"},"inLanguage":"ro-RO","potentialAction":[{"@type":"ReadAction","target":["https:\/\/shopatoa.com\/ro\/tirtir-ampoule-mask-tea-tree-clear-masca-textila-calmanta-pentru-pielea-problematica-30-buc\/"]}]},{"@type":"ImageObject","inLanguage":"ro-RO","@id":"https:\/\/shopatoa.com\/ro\/tirtir-ampoule-mask-tea-tree-clear-masca-textila-calmanta-pentru-pielea-problematica-30-buc\/#primaryimage","url":"https:\/\/storage.googleapis.com\/cz-shopatoa-img\/ro\/a101e4af-unnamed-file.webp","contentUrl":"https:\/\/storage.googleapis.com\/cz-shopatoa-img\/ro\/a101e4af-unnamed-file.webp","width":800,"height":800},{"@type":"BreadcrumbList","@id":"https:\/\/shopatoa.com\/ro\/tirtir-ampoule-mask-tea-tree-clear-masca-textila-calmanta-pentru-pielea-problematica-30-buc\/#breadcrumb","itemListElement":[{"@type":"ListItem","position":1,"name":"Dom\u016f","item":"https:\/\/shopatoa.com\/ro\/"},{"@type":"ListItem","position":2,"name":"Shop","item":"https:\/\/shopatoa.com\/ro\/shop\/"},{"@type":"ListItem","position":3,"name":"S\u0103n\u0103tate \u0219i frumuse\u021be","item":"https:\/\/shopatoa.com\/ro\/sanatate-si-frumusete\/"},{"@type":"ListItem","position":4,"name":"\u00cengrijire personal\u0103","item":"https:\/\/shopatoa.com\/ro\/ingrijire-personala\/"},{"@type":"ListItem","position":5,"name":"Cosmetice","item":"https:\/\/shopatoa.com\/ro\/cosmetice-ingrijire-personala\/"},{"@type":"ListItem","position":6,"name":"\u00cengrijirea pielii","item":"https:\/\/shopatoa.com\/ro\/ingrijirea-pielii\/"},{"@type":"ListItem","position":7,"name":"M\u0103\u0219ti \u0219i peelings pentru ten","item":"https:\/\/shopatoa.com\/ro\/masti-si-peelings-pentru-ten\/"},{"@type":"ListItem","position":8,"name":"TIRTIR Ampoule Mask Tea Tree Clear masc\u0103 textil\u0103 calmant\u0103 pentru pielea problematica 30 buc"}]},{"@type":"WebSite","@id":"https:\/\/shopatoa.com\/ro\/#website","url":"https:\/\/shopatoa.com\/ro\/","name":"SHOPATOA","description":"","publisher":{"@id":"https:\/\/shopatoa.com\/ro\/#organization"},"potentialAction":[{"@type":"SearchAction","target":{"@type":"EntryPoint","urlTemplate":"https:\/\/shopatoa.com\/ro\/?s={search_term_string}"},"query-input":{"@type":"PropertyValueSpecification","valueRequired":true,"valueName":"search_term_string"}}],"inLanguage":"ro-RO"},{"@type":"Organization","@id":"https:\/\/shopatoa.com\/ro\/#organization","name":"SHOPATOA","url":"https:\/\/shopatoa.com\/ro\/","logo":{"@type":"ImageObject","inLanguage":"ro-RO","@id":"https:\/\/shopatoa.com\/ro\/#\/schema\/logo\/image\/","url":"https:\/\/storage.googleapis.com\/cz-shopatoa-img\/ro\/b4dac915-shopatoa_logo.png","contentUrl":"https:\/\/storage.googleapis.com\/cz-shopatoa-img\/ro\/b4dac915-shopatoa_logo.png","width":416,"height":63,"caption":"SHOPATOA"},"image":{"@id":"https:\/\/shopatoa.com\/ro\/#\/schema\/logo\/image\/"}}]}},"_links":{"self":[{"href":"https:\/\/shopatoa.com\/ro\/wp-json\/wp\/v2\/product\/480755","targetHints":{"allow":["GET"]}}],"collection":[{"href":"https:\/\/shopatoa.com\/ro\/wp-json\/wp\/v2\/product"}],"about":[{"href":"https:\/\/shopatoa.com\/ro\/wp-json\/wp\/v2\/types\/product"}],"replies":[{"embeddable":true,"href":"https:\/\/shopatoa.com\/ro\/wp-json\/wp\/v2\/comments?post=480755"}],"wp:featuredmedia":[{"embeddable":true,"href":"https:\/\/shopatoa.com\/ro\/wp-json\/wp\/v2\/media\/480756"}],"wp:attachment":[{"href":"https:\/\/shopatoa.com\/ro\/wp-json\/wp\/v2\/media?parent=480755"}],"wp:term":[{"taxonomy":"product_brand","embeddable":true,"href":"https:\/\/shopatoa.com\/ro\/wp-json\/wp\/v2\/product_brand?post=480755"},{"taxonomy":"product_cat","embeddable":true,"href":"https:\/\/shopatoa.com\/ro\/wp-json\/wp\/v2\/product_cat?post=480755"},{"taxonomy":"product_tag","embeddable":true,"href":"https:\/\/shopatoa.com\/ro\/wp-json\/wp\/v2\/product_tag?post=480755"}],"curies":[{"name":"wp","href":"https:\/\/api.w.org\/{rel}","templated":true}]}}