{"id":481321,"date":"2025-06-29T14:08:53","date_gmt":"2025-06-29T12:08:53","guid":{"rendered":"https:\/\/shopatoa.com\/ro\/kiss-impress-mini-unghii-artificiale-autoadeziv-28-buc\/"},"modified":"2025-12-15T02:53:49","modified_gmt":"2025-12-15T01:53:49","slug":"kiss-impress-mini-unghii-artificiale-autoadeziv-28-buc","status":"publish","type":"product","link":"https:\/\/shopatoa.com\/ro\/kiss-impress-mini-unghii-artificiale-autoadeziv-28-buc\/","title":{"rendered":"KISS imPRESS Mini unghii artificiale autoadeziv 28 buc"},"content":{"rendered":"<p>KISS imPRESS Mini, 28 buc, Oj\u0103 de unghii pentru copii pentru copii, Feti\u021ba dvs. dore\u0219te s\u0103 aib\u0103 unghiile la fel de frumoase ca m\u0103mica ei? Oja de unghii pentru copii KISS imPRESS Mini \u00eei va ajuta pe copii s\u0103 creeze o manichiur\u0103 bogat\u0103 \u00een culori vii, le va \u00eencuraja creativitatea, \u00eei va distra \u0219i \u00eei va face s\u0103 se simt\u0103 pentru o vreme ca ni\u0219te adul\u021bi. Micu\u021ba creatoare de unghii va adora designul juc\u0103u\u0219, \u00een timp ce p\u0103rin\u021bii se vor bucura de \u00eendep\u0103rtarea u\u0219oar\u0103, f\u0103r\u0103 a fi nevoie de o utilizarea unui dizolvant. Permite\u021bi copilului dvs. s\u0103 descopere lumea frumuse\u021bii cu o oj\u0103 delicat\u0103 cu pielea sensibil\u0103 a copiilor.  Caracteristici:  nu d\u0103uneaz\u0103 unghiilor copiilor nu deterioreaz\u0103 unghiile naturale asigur\u0103 un efect instantaneu de manichiur\u0103 cu gel ca la salon pentru utilizare repetat\u0103  Cum se utilizeaz\u0103: Se vor urma instruc\u021biunile de utilizare incluse. Ap\u0103sa\u021bi ferm unghia fals\u0103 pe unghia dvs. \u2013 mai \u00eent\u00e2i pe centru, apoi pe laterale. \u021aine\u021bi fiecare unghie timp de cel pu\u021bin 30 secunde. \u00cempinge\u021bi cuticula sau \u00eendep\u0103rta\u021bi-o cu grij\u0103 cu ajutorul unei forfecu\u021be sau a unui cle\u0219te pentru cuticule.<\/p>\n","protected":false},"excerpt":{"rendered":"<p>KISS imPRESS Mini, 28 buc, Oj\u0103 de unghii pentru copii pentru copii, Feti\u021ba dvs. dore\u0219te s\u0103 aib\u0103 unghiile la fel de frumoase ca m\u0103mica ei? Oja de unghii pentru copii KISS imPRESS Mini \u00eei va ajuta pe copii s\u0103 creeze o manichiur\u0103 bogat\u0103 \u00een culori vii, le va \u00eencuraja creativitatea, \u00eei va distra \u0219i \u00eei&#8230;<\/p>\n","protected":false},"featured_media":481322,"comment_status":"closed","ping_status":"open","template":"","meta":{"_acf_changed":false,"_kadence_starter_templates_imported_post":false,"_kad_post_transparent":"","_kad_post_title":"","_kad_post_layout":"","_kad_post_sidebar_id":"","_kad_post_content_style":"","_kad_post_vertical_padding":"","_kad_post_feature":"","_kad_post_feature_position":"","_kad_post_header":false,"_kad_post_footer":false,"_kad_post_classname":""},"product_brand":[398],"product_cat":[1564,1563,1581,1562],"product_tag":[],"class_list":{"0":"post-481321","1":"product","2":"type-product","3":"status-publish","4":"has-post-thumbnail","6":"product_brand-kiss","7":"product_cat-cosmetice-ingrijire-personala","8":"product_cat-ingrijire-personala","9":"product_cat-ingrijirea-unghiilor","10":"product_cat-sanatate-si-frumusete","11":"pa_gen-unisex","12":"pa_marime-28-buc","14":"first","15":"instock","16":"sale","17":"product-type-external","18":"entry","19":"content-bg","20":"loop-entry"},"acf":[],"yoast_head":"<!-- This site is optimized with the Yoast SEO plugin v27.4 - https:\/\/yoast.com\/product\/yoast-seo-wordpress\/ -->\n<title>KISS imPRESS Mini unghii artificiale autoadeziv 28 buc - SHOPATOA.COM<\/title>\n<meta name=\"robots\" content=\"index, follow, max-snippet:-1, max-image-preview:large, max-video-preview:-1\" \/>\n<link rel=\"canonical\" href=\"https:\/\/shopatoa.com\/ro\/kiss-impress-mini-unghii-artificiale-autoadeziv-28-buc\/\" \/>\n<meta property=\"og:locale\" content=\"ro_RO\" \/>\n<meta property=\"og:type\" content=\"article\" \/>\n<meta property=\"og:title\" content=\"KISS imPRESS Mini unghii artificiale autoadeziv 28 buc - SHOPATOA.COM\" \/>\n<meta property=\"og:description\" content=\"KISS imPRESS Mini, 28 buc, Oj\u0103 de unghii pentru copii pentru copii, Feti\u021ba dvs. dore\u0219te s\u0103 aib\u0103 unghiile la fel de frumoase ca m\u0103mica ei? Oja de unghii pentru copii KISS imPRESS Mini \u00eei va ajuta pe copii s\u0103 creeze o manichiur\u0103 bogat\u0103 \u00een culori vii, le va \u00eencuraja creativitatea, \u00eei va distra \u0219i \u00eei...\" \/>\n<meta property=\"og:url\" content=\"https:\/\/shopatoa.com\/ro\/kiss-impress-mini-unghii-artificiale-autoadeziv-28-buc\/\" \/>\n<meta property=\"og:site_name\" content=\"SHOPATOA\" \/>\n<meta property=\"article:modified_time\" content=\"2025-12-15T01:53:49+00:00\" \/>\n<meta property=\"og:image\" content=\"https:\/\/storage.googleapis.com\/cz-shopatoa-img\/ro\/5bbd2151-unnamed-file.webp\" \/>\n\t<meta property=\"og:image:width\" content=\"800\" \/>\n\t<meta property=\"og:image:height\" content=\"800\" \/>\n\t<meta property=\"og:image:type\" content=\"image\/webp\" \/>\n<meta name=\"twitter:card\" content=\"summary_large_image\" \/>\n<meta name=\"twitter:label1\" content=\"Timp estimat pentru citire\" \/>\n\t<meta name=\"twitter:data1\" content=\"1 minut\" \/>\n<script type=\"application\/ld+json\" class=\"yoast-schema-graph\">{\"@context\":\"https:\\\/\\\/schema.org\",\"@graph\":[{\"@type\":\"WebPage\",\"@id\":\"https:\\\/\\\/shopatoa.com\\\/ro\\\/kiss-impress-mini-unghii-artificiale-autoadeziv-28-buc\\\/\",\"url\":\"https:\\\/\\\/shopatoa.com\\\/ro\\\/kiss-impress-mini-unghii-artificiale-autoadeziv-28-buc\\\/\",\"name\":\"KISS imPRESS Mini unghii artificiale autoadeziv 28 buc - SHOPATOA.COM\",\"isPartOf\":{\"@id\":\"https:\\\/\\\/shopatoa.com\\\/ro\\\/#website\"},\"primaryImageOfPage\":{\"@id\":\"https:\\\/\\\/shopatoa.com\\\/ro\\\/kiss-impress-mini-unghii-artificiale-autoadeziv-28-buc\\\/#primaryimage\"},\"image\":{\"@id\":\"https:\\\/\\\/shopatoa.com\\\/ro\\\/kiss-impress-mini-unghii-artificiale-autoadeziv-28-buc\\\/#primaryimage\"},\"thumbnailUrl\":\"https:\\\/\\\/storage.googleapis.com\\\/cz-shopatoa-img\\\/ro\\\/5bbd2151-unnamed-file.webp\",\"datePublished\":\"2025-06-29T12:08:53+00:00\",\"dateModified\":\"2025-12-15T01:53:49+00:00\",\"breadcrumb\":{\"@id\":\"https:\\\/\\\/shopatoa.com\\\/ro\\\/kiss-impress-mini-unghii-artificiale-autoadeziv-28-buc\\\/#breadcrumb\"},\"inLanguage\":\"ro-RO\",\"potentialAction\":[{\"@type\":\"ReadAction\",\"target\":[\"https:\\\/\\\/shopatoa.com\\\/ro\\\/kiss-impress-mini-unghii-artificiale-autoadeziv-28-buc\\\/\"]}]},{\"@type\":\"ImageObject\",\"inLanguage\":\"ro-RO\",\"@id\":\"https:\\\/\\\/shopatoa.com\\\/ro\\\/kiss-impress-mini-unghii-artificiale-autoadeziv-28-buc\\\/#primaryimage\",\"url\":\"https:\\\/\\\/storage.googleapis.com\\\/cz-shopatoa-img\\\/ro\\\/5bbd2151-unnamed-file.webp\",\"contentUrl\":\"https:\\\/\\\/storage.googleapis.com\\\/cz-shopatoa-img\\\/ro\\\/5bbd2151-unnamed-file.webp\",\"width\":800,\"height\":800},{\"@type\":\"BreadcrumbList\",\"@id\":\"https:\\\/\\\/shopatoa.com\\\/ro\\\/kiss-impress-mini-unghii-artificiale-autoadeziv-28-buc\\\/#breadcrumb\",\"itemListElement\":[{\"@type\":\"ListItem\",\"position\":1,\"name\":\"Dom\u016f\",\"item\":\"https:\\\/\\\/shopatoa.com\\\/ro\\\/\"},{\"@type\":\"ListItem\",\"position\":2,\"name\":\"Shop\",\"item\":\"https:\\\/\\\/shopatoa.com\\\/ro\\\/shop\\\/\"},{\"@type\":\"ListItem\",\"position\":3,\"name\":\"S\u0103n\u0103tate \u0219i frumuse\u021be\",\"item\":\"https:\\\/\\\/shopatoa.com\\\/ro\\\/sanatate-si-frumusete\\\/\"},{\"@type\":\"ListItem\",\"position\":4,\"name\":\"\u00cengrijire personal\u0103\",\"item\":\"https:\\\/\\\/shopatoa.com\\\/ro\\\/ingrijire-personala\\\/\"},{\"@type\":\"ListItem\",\"position\":5,\"name\":\"Cosmetice\",\"item\":\"https:\\\/\\\/shopatoa.com\\\/ro\\\/cosmetice-ingrijire-personala\\\/\"},{\"@type\":\"ListItem\",\"position\":6,\"name\":\"\u00cengrijirea unghiilor\",\"item\":\"https:\\\/\\\/shopatoa.com\\\/ro\\\/ingrijirea-unghiilor\\\/\"},{\"@type\":\"ListItem\",\"position\":7,\"name\":\"KISS imPRESS Mini unghii artificiale autoadeziv 28 buc\"}]},{\"@type\":\"WebSite\",\"@id\":\"https:\\\/\\\/shopatoa.com\\\/ro\\\/#website\",\"url\":\"https:\\\/\\\/shopatoa.com\\\/ro\\\/\",\"name\":\"SHOPATOA\",\"description\":\"\",\"publisher\":{\"@id\":\"https:\\\/\\\/shopatoa.com\\\/ro\\\/#organization\"},\"potentialAction\":[{\"@type\":\"SearchAction\",\"target\":{\"@type\":\"EntryPoint\",\"urlTemplate\":\"https:\\\/\\\/shopatoa.com\\\/ro\\\/?s={search_term_string}\"},\"query-input\":{\"@type\":\"PropertyValueSpecification\",\"valueRequired\":true,\"valueName\":\"search_term_string\"}}],\"inLanguage\":\"ro-RO\"},{\"@type\":\"Organization\",\"@id\":\"https:\\\/\\\/shopatoa.com\\\/ro\\\/#organization\",\"name\":\"SHOPATOA\",\"url\":\"https:\\\/\\\/shopatoa.com\\\/ro\\\/\",\"logo\":{\"@type\":\"ImageObject\",\"inLanguage\":\"ro-RO\",\"@id\":\"https:\\\/\\\/shopatoa.com\\\/ro\\\/#\\\/schema\\\/logo\\\/image\\\/\",\"url\":\"https:\\\/\\\/storage.googleapis.com\\\/cz-shopatoa-img\\\/ro\\\/b4dac915-shopatoa_logo.png\",\"contentUrl\":\"https:\\\/\\\/storage.googleapis.com\\\/cz-shopatoa-img\\\/ro\\\/b4dac915-shopatoa_logo.png\",\"width\":416,\"height\":63,\"caption\":\"SHOPATOA\"},\"image\":{\"@id\":\"https:\\\/\\\/shopatoa.com\\\/ro\\\/#\\\/schema\\\/logo\\\/image\\\/\"}}]}<\/script>\n<!-- \/ Yoast SEO plugin. -->","yoast_head_json":{"title":"KISS imPRESS Mini unghii artificiale autoadeziv 28 buc - SHOPATOA.COM","robots":{"index":"index","follow":"follow","max-snippet":"max-snippet:-1","max-image-preview":"max-image-preview:large","max-video-preview":"max-video-preview:-1"},"canonical":"https:\/\/shopatoa.com\/ro\/kiss-impress-mini-unghii-artificiale-autoadeziv-28-buc\/","og_locale":"ro_RO","og_type":"article","og_title":"KISS imPRESS Mini unghii artificiale autoadeziv 28 buc - SHOPATOA.COM","og_description":"KISS imPRESS Mini, 28 buc, Oj\u0103 de unghii pentru copii pentru copii, Feti\u021ba dvs. dore\u0219te s\u0103 aib\u0103 unghiile la fel de frumoase ca m\u0103mica ei? Oja de unghii pentru copii KISS imPRESS Mini \u00eei va ajuta pe copii s\u0103 creeze o manichiur\u0103 bogat\u0103 \u00een culori vii, le va \u00eencuraja creativitatea, \u00eei va distra \u0219i \u00eei...","og_url":"https:\/\/shopatoa.com\/ro\/kiss-impress-mini-unghii-artificiale-autoadeziv-28-buc\/","og_site_name":"SHOPATOA","article_modified_time":"2025-12-15T01:53:49+00:00","og_image":[{"width":800,"height":800,"url":"https:\/\/storage.googleapis.com\/cz-shopatoa-img\/ro\/5bbd2151-unnamed-file.webp","type":"image\/webp"}],"twitter_card":"summary_large_image","twitter_misc":{"Timp estimat pentru citire":"1 minut"},"schema":{"@context":"https:\/\/schema.org","@graph":[{"@type":"WebPage","@id":"https:\/\/shopatoa.com\/ro\/kiss-impress-mini-unghii-artificiale-autoadeziv-28-buc\/","url":"https:\/\/shopatoa.com\/ro\/kiss-impress-mini-unghii-artificiale-autoadeziv-28-buc\/","name":"KISS imPRESS Mini unghii artificiale autoadeziv 28 buc - SHOPATOA.COM","isPartOf":{"@id":"https:\/\/shopatoa.com\/ro\/#website"},"primaryImageOfPage":{"@id":"https:\/\/shopatoa.com\/ro\/kiss-impress-mini-unghii-artificiale-autoadeziv-28-buc\/#primaryimage"},"image":{"@id":"https:\/\/shopatoa.com\/ro\/kiss-impress-mini-unghii-artificiale-autoadeziv-28-buc\/#primaryimage"},"thumbnailUrl":"https:\/\/storage.googleapis.com\/cz-shopatoa-img\/ro\/5bbd2151-unnamed-file.webp","datePublished":"2025-06-29T12:08:53+00:00","dateModified":"2025-12-15T01:53:49+00:00","breadcrumb":{"@id":"https:\/\/shopatoa.com\/ro\/kiss-impress-mini-unghii-artificiale-autoadeziv-28-buc\/#breadcrumb"},"inLanguage":"ro-RO","potentialAction":[{"@type":"ReadAction","target":["https:\/\/shopatoa.com\/ro\/kiss-impress-mini-unghii-artificiale-autoadeziv-28-buc\/"]}]},{"@type":"ImageObject","inLanguage":"ro-RO","@id":"https:\/\/shopatoa.com\/ro\/kiss-impress-mini-unghii-artificiale-autoadeziv-28-buc\/#primaryimage","url":"https:\/\/storage.googleapis.com\/cz-shopatoa-img\/ro\/5bbd2151-unnamed-file.webp","contentUrl":"https:\/\/storage.googleapis.com\/cz-shopatoa-img\/ro\/5bbd2151-unnamed-file.webp","width":800,"height":800},{"@type":"BreadcrumbList","@id":"https:\/\/shopatoa.com\/ro\/kiss-impress-mini-unghii-artificiale-autoadeziv-28-buc\/#breadcrumb","itemListElement":[{"@type":"ListItem","position":1,"name":"Dom\u016f","item":"https:\/\/shopatoa.com\/ro\/"},{"@type":"ListItem","position":2,"name":"Shop","item":"https:\/\/shopatoa.com\/ro\/shop\/"},{"@type":"ListItem","position":3,"name":"S\u0103n\u0103tate \u0219i frumuse\u021be","item":"https:\/\/shopatoa.com\/ro\/sanatate-si-frumusete\/"},{"@type":"ListItem","position":4,"name":"\u00cengrijire personal\u0103","item":"https:\/\/shopatoa.com\/ro\/ingrijire-personala\/"},{"@type":"ListItem","position":5,"name":"Cosmetice","item":"https:\/\/shopatoa.com\/ro\/cosmetice-ingrijire-personala\/"},{"@type":"ListItem","position":6,"name":"\u00cengrijirea unghiilor","item":"https:\/\/shopatoa.com\/ro\/ingrijirea-unghiilor\/"},{"@type":"ListItem","position":7,"name":"KISS imPRESS Mini unghii artificiale autoadeziv 28 buc"}]},{"@type":"WebSite","@id":"https:\/\/shopatoa.com\/ro\/#website","url":"https:\/\/shopatoa.com\/ro\/","name":"SHOPATOA","description":"","publisher":{"@id":"https:\/\/shopatoa.com\/ro\/#organization"},"potentialAction":[{"@type":"SearchAction","target":{"@type":"EntryPoint","urlTemplate":"https:\/\/shopatoa.com\/ro\/?s={search_term_string}"},"query-input":{"@type":"PropertyValueSpecification","valueRequired":true,"valueName":"search_term_string"}}],"inLanguage":"ro-RO"},{"@type":"Organization","@id":"https:\/\/shopatoa.com\/ro\/#organization","name":"SHOPATOA","url":"https:\/\/shopatoa.com\/ro\/","logo":{"@type":"ImageObject","inLanguage":"ro-RO","@id":"https:\/\/shopatoa.com\/ro\/#\/schema\/logo\/image\/","url":"https:\/\/storage.googleapis.com\/cz-shopatoa-img\/ro\/b4dac915-shopatoa_logo.png","contentUrl":"https:\/\/storage.googleapis.com\/cz-shopatoa-img\/ro\/b4dac915-shopatoa_logo.png","width":416,"height":63,"caption":"SHOPATOA"},"image":{"@id":"https:\/\/shopatoa.com\/ro\/#\/schema\/logo\/image\/"}}]}},"_links":{"self":[{"href":"https:\/\/shopatoa.com\/ro\/wp-json\/wp\/v2\/product\/481321","targetHints":{"allow":["GET"]}}],"collection":[{"href":"https:\/\/shopatoa.com\/ro\/wp-json\/wp\/v2\/product"}],"about":[{"href":"https:\/\/shopatoa.com\/ro\/wp-json\/wp\/v2\/types\/product"}],"replies":[{"embeddable":true,"href":"https:\/\/shopatoa.com\/ro\/wp-json\/wp\/v2\/comments?post=481321"}],"wp:featuredmedia":[{"embeddable":true,"href":"https:\/\/shopatoa.com\/ro\/wp-json\/wp\/v2\/media\/481322"}],"wp:attachment":[{"href":"https:\/\/shopatoa.com\/ro\/wp-json\/wp\/v2\/media?parent=481321"}],"wp:term":[{"taxonomy":"product_brand","embeddable":true,"href":"https:\/\/shopatoa.com\/ro\/wp-json\/wp\/v2\/product_brand?post=481321"},{"taxonomy":"product_cat","embeddable":true,"href":"https:\/\/shopatoa.com\/ro\/wp-json\/wp\/v2\/product_cat?post=481321"},{"taxonomy":"product_tag","embeddable":true,"href":"https:\/\/shopatoa.com\/ro\/wp-json\/wp\/v2\/product_tag?post=481321"}],"curies":[{"name":"wp","href":"https:\/\/api.w.org\/{rel}","templated":true}]}}