{"id":481581,"date":"2025-06-29T14:30:25","date_gmt":"2025-06-29T12:30:25","guid":{"rendered":"https:\/\/shopatoa.com\/ro\/nyx-professional-makeup-the-brow-glue-gel-pentru-sprancene-culoare-03-medium-brown-5-g\/"},"modified":"2025-12-15T01:42:59","modified_gmt":"2025-12-15T00:42:59","slug":"nyx-professional-makeup-the-brow-glue-gel-pentru-sprancene-culoare-03-medium-brown-5-g","status":"publish","type":"product","link":"https:\/\/shopatoa.com\/ro\/nyx-professional-makeup-the-brow-glue-gel-pentru-sprancene-culoare-03-medium-brown-5-g\/","title":{"rendered":"NYX Professional Makeup The Brow Glue gel pentru sprancene culoare 03 Medium Brown 5 g"},"content":{"rendered":"<p>NYX Professional Makeup The Brow Glue, 5 g, Rimeluri \u0219i geluri pentru spr\u00e2ncene pentru femei, Spr\u00e2ncenele frumos \u00eengrijite v\u0103 accentueaz\u0103 frumuse\u021bea natural\u0103, deoarece \u00eencadreaz\u0103 \u00eentreaga fa\u021b\u0103. \u0218i este nevoie doar de pu\u021bin pentru a le face s\u0103 arate perfect. Gelul pentru spr\u00e2ncene NYX Professional MakeupThe Brow Glue le va eviden\u021bia \u0219i fixa \u00eentr-un singur pas. Datorit\u0103 periei de aplicare \u0219i de styling, ajut\u0103 la aranjarea \u0219i ridicarea fiec\u0103rui fir de p\u0103r din spr\u00e2ncene \u0219i, \u00een acela\u0219i timp, le fixeaz\u0103 eficient pentru ore \u00een \u0219ir. Odat\u0103 uscat, acest gel r\u0103m\u00e2ne pe loc, nu formeaz\u0103 cocoloa\u0219e \u0219i nu se transfer\u0103.  Caracteristici:  fixeaz\u0103 spr\u00e2ncenele \u00een forma dorit\u0103 efect de lung\u0103 durat\u0103 textur\u0103 transparent\u0103 inclusiv peria practic\u0103  Cum se utilizeaz\u0103: Lua\u021bi cu pensula o cantitate adecvat\u0103 de produs \u0219i aplica\u021bi-l pe spr\u00e2ncene, cu tu\u0219e scurte. Peria\u021bi de mai multe ori firele spr\u00e2ncenelor, model\u00e2ndu-le totodat\u0103 \u00een forma dorit\u0103.<\/p>\n","protected":false},"excerpt":{"rendered":"<p>NYX Professional Makeup The Brow Glue, 5 g, Rimeluri \u0219i geluri pentru spr\u00e2ncene pentru femei, Spr\u00e2ncenele frumos \u00eengrijite v\u0103 accentueaz\u0103 frumuse\u021bea natural\u0103, deoarece \u00eencadreaz\u0103 \u00eentreaga fa\u021b\u0103. \u0218i este nevoie doar de pu\u021bin pentru a le face s\u0103 arate perfect. Gelul pentru spr\u00e2ncene NYX Professional MakeupThe Brow Glue le va eviden\u021bia \u0219i fixa \u00eentr-un singur pas&#8230;.<\/p>\n","protected":false},"featured_media":481582,"comment_status":"closed","ping_status":"open","template":"","meta":{"_acf_changed":false,"_kadence_starter_templates_imported_post":false,"_kad_post_transparent":"","_kad_post_title":"","_kad_post_layout":"","_kad_post_sidebar_id":"","_kad_post_content_style":"","_kad_post_vertical_padding":"","_kad_post_feature":"","_kad_post_feature_position":"","_kad_post_header":false,"_kad_post_footer":false,"_kad_post_classname":""},"product_brand":[1750],"product_cat":[1564,1563,1664,1576,1599,1562],"product_tag":[],"class_list":{"0":"post-481581","1":"product","2":"type-product","3":"status-publish","4":"has-post-thumbnail","6":"product_brand-nyx-professional-makeup","7":"product_cat-cosmetice-ingrijire-personala","8":"product_cat-ingrijire-personala","9":"product_cat-intaritori-pentru-sprancene","10":"product_cat-machiaj","11":"product_cat-machiaj-pentru-ochi-machiaj","12":"product_cat-sanatate-si-frumusete","13":"pa_gen-female","14":"pa_marime-5-g","16":"first","17":"instock","18":"sale","19":"product-type-external","20":"entry","21":"content-bg","22":"loop-entry"},"acf":[],"yoast_head":"<!-- This site is optimized with the Yoast SEO plugin v27.3 - https:\/\/yoast.com\/product\/yoast-seo-wordpress\/ -->\n<title>NYX Professional Makeup The Brow Glue gel pentru sprancene culoare 03 Medium Brown 5 g - SHOPATOA.COM<\/title>\n<meta name=\"robots\" content=\"index, follow, max-snippet:-1, max-image-preview:large, max-video-preview:-1\" \/>\n<link rel=\"canonical\" href=\"https:\/\/shopatoa.com\/ro\/nyx-professional-makeup-the-brow-glue-gel-pentru-sprancene-culoare-03-medium-brown-5-g\/\" \/>\n<meta property=\"og:locale\" content=\"ro_RO\" \/>\n<meta property=\"og:type\" content=\"article\" \/>\n<meta property=\"og:title\" content=\"NYX Professional Makeup The Brow Glue gel pentru sprancene culoare 03 Medium Brown 5 g - SHOPATOA.COM\" \/>\n<meta property=\"og:description\" content=\"NYX Professional Makeup The Brow Glue, 5 g, Rimeluri \u0219i geluri pentru spr\u00e2ncene pentru femei, Spr\u00e2ncenele frumos \u00eengrijite v\u0103 accentueaz\u0103 frumuse\u021bea natural\u0103, deoarece \u00eencadreaz\u0103 \u00eentreaga fa\u021b\u0103. \u0218i este nevoie doar de pu\u021bin pentru a le face s\u0103 arate perfect. Gelul pentru spr\u00e2ncene NYX Professional MakeupThe Brow Glue le va eviden\u021bia \u0219i fixa \u00eentr-un singur pas....\" \/>\n<meta property=\"og:url\" content=\"https:\/\/shopatoa.com\/ro\/nyx-professional-makeup-the-brow-glue-gel-pentru-sprancene-culoare-03-medium-brown-5-g\/\" \/>\n<meta property=\"og:site_name\" content=\"SHOPATOA\" \/>\n<meta property=\"article:modified_time\" content=\"2025-12-15T00:42:59+00:00\" \/>\n<meta property=\"og:image\" content=\"https:\/\/storage.googleapis.com\/cz-shopatoa-img\/ro\/4b027530-unnamed-file.webp\" \/>\n\t<meta property=\"og:image:width\" content=\"800\" \/>\n\t<meta property=\"og:image:height\" content=\"800\" \/>\n\t<meta property=\"og:image:type\" content=\"image\/webp\" \/>\n<meta name=\"twitter:card\" content=\"summary_large_image\" \/>\n<meta name=\"twitter:label1\" content=\"Timp estimat pentru citire\" \/>\n\t<meta name=\"twitter:data1\" content=\"1 minut\" \/>\n<script type=\"application\/ld+json\" class=\"yoast-schema-graph\">{\"@context\":\"https:\\\/\\\/schema.org\",\"@graph\":[{\"@type\":\"WebPage\",\"@id\":\"https:\\\/\\\/shopatoa.com\\\/ro\\\/nyx-professional-makeup-the-brow-glue-gel-pentru-sprancene-culoare-03-medium-brown-5-g\\\/\",\"url\":\"https:\\\/\\\/shopatoa.com\\\/ro\\\/nyx-professional-makeup-the-brow-glue-gel-pentru-sprancene-culoare-03-medium-brown-5-g\\\/\",\"name\":\"NYX Professional Makeup The Brow Glue gel pentru sprancene culoare 03 Medium Brown 5 g - SHOPATOA.COM\",\"isPartOf\":{\"@id\":\"https:\\\/\\\/shopatoa.com\\\/ro\\\/#website\"},\"primaryImageOfPage\":{\"@id\":\"https:\\\/\\\/shopatoa.com\\\/ro\\\/nyx-professional-makeup-the-brow-glue-gel-pentru-sprancene-culoare-03-medium-brown-5-g\\\/#primaryimage\"},\"image\":{\"@id\":\"https:\\\/\\\/shopatoa.com\\\/ro\\\/nyx-professional-makeup-the-brow-glue-gel-pentru-sprancene-culoare-03-medium-brown-5-g\\\/#primaryimage\"},\"thumbnailUrl\":\"https:\\\/\\\/storage.googleapis.com\\\/cz-shopatoa-img\\\/ro\\\/4b027530-unnamed-file.webp\",\"datePublished\":\"2025-06-29T12:30:25+00:00\",\"dateModified\":\"2025-12-15T00:42:59+00:00\",\"breadcrumb\":{\"@id\":\"https:\\\/\\\/shopatoa.com\\\/ro\\\/nyx-professional-makeup-the-brow-glue-gel-pentru-sprancene-culoare-03-medium-brown-5-g\\\/#breadcrumb\"},\"inLanguage\":\"ro-RO\",\"potentialAction\":[{\"@type\":\"ReadAction\",\"target\":[\"https:\\\/\\\/shopatoa.com\\\/ro\\\/nyx-professional-makeup-the-brow-glue-gel-pentru-sprancene-culoare-03-medium-brown-5-g\\\/\"]}]},{\"@type\":\"ImageObject\",\"inLanguage\":\"ro-RO\",\"@id\":\"https:\\\/\\\/shopatoa.com\\\/ro\\\/nyx-professional-makeup-the-brow-glue-gel-pentru-sprancene-culoare-03-medium-brown-5-g\\\/#primaryimage\",\"url\":\"https:\\\/\\\/storage.googleapis.com\\\/cz-shopatoa-img\\\/ro\\\/4b027530-unnamed-file.webp\",\"contentUrl\":\"https:\\\/\\\/storage.googleapis.com\\\/cz-shopatoa-img\\\/ro\\\/4b027530-unnamed-file.webp\",\"width\":800,\"height\":800},{\"@type\":\"BreadcrumbList\",\"@id\":\"https:\\\/\\\/shopatoa.com\\\/ro\\\/nyx-professional-makeup-the-brow-glue-gel-pentru-sprancene-culoare-03-medium-brown-5-g\\\/#breadcrumb\",\"itemListElement\":[{\"@type\":\"ListItem\",\"position\":1,\"name\":\"Dom\u016f\",\"item\":\"https:\\\/\\\/shopatoa.com\\\/ro\\\/\"},{\"@type\":\"ListItem\",\"position\":2,\"name\":\"Shop\",\"item\":\"https:\\\/\\\/shopatoa.com\\\/ro\\\/shop\\\/\"},{\"@type\":\"ListItem\",\"position\":3,\"name\":\"S\u0103n\u0103tate \u0219i frumuse\u021be\",\"item\":\"https:\\\/\\\/shopatoa.com\\\/ro\\\/sanatate-si-frumusete\\\/\"},{\"@type\":\"ListItem\",\"position\":4,\"name\":\"\u00cengrijire personal\u0103\",\"item\":\"https:\\\/\\\/shopatoa.com\\\/ro\\\/ingrijire-personala\\\/\"},{\"@type\":\"ListItem\",\"position\":5,\"name\":\"Cosmetice\",\"item\":\"https:\\\/\\\/shopatoa.com\\\/ro\\\/cosmetice-ingrijire-personala\\\/\"},{\"@type\":\"ListItem\",\"position\":6,\"name\":\"Machiaj\",\"item\":\"https:\\\/\\\/shopatoa.com\\\/ro\\\/machiaj\\\/\"},{\"@type\":\"ListItem\",\"position\":7,\"name\":\"Machiaj pentru ochi\",\"item\":\"https:\\\/\\\/shopatoa.com\\\/ro\\\/machiaj-pentru-ochi-machiaj\\\/\"},{\"@type\":\"ListItem\",\"position\":8,\"name\":\"\u00cent\u0103ritori pentru spr\u00e2ncene\",\"item\":\"https:\\\/\\\/shopatoa.com\\\/ro\\\/intaritori-pentru-sprancene\\\/\"},{\"@type\":\"ListItem\",\"position\":9,\"name\":\"NYX Professional Makeup The Brow Glue gel pentru sprancene culoare 03 Medium Brown 5 g\"}]},{\"@type\":\"WebSite\",\"@id\":\"https:\\\/\\\/shopatoa.com\\\/ro\\\/#website\",\"url\":\"https:\\\/\\\/shopatoa.com\\\/ro\\\/\",\"name\":\"SHOPATOA\",\"description\":\"\",\"publisher\":{\"@id\":\"https:\\\/\\\/shopatoa.com\\\/ro\\\/#organization\"},\"potentialAction\":[{\"@type\":\"SearchAction\",\"target\":{\"@type\":\"EntryPoint\",\"urlTemplate\":\"https:\\\/\\\/shopatoa.com\\\/ro\\\/?s={search_term_string}\"},\"query-input\":{\"@type\":\"PropertyValueSpecification\",\"valueRequired\":true,\"valueName\":\"search_term_string\"}}],\"inLanguage\":\"ro-RO\"},{\"@type\":\"Organization\",\"@id\":\"https:\\\/\\\/shopatoa.com\\\/ro\\\/#organization\",\"name\":\"SHOPATOA\",\"url\":\"https:\\\/\\\/shopatoa.com\\\/ro\\\/\",\"logo\":{\"@type\":\"ImageObject\",\"inLanguage\":\"ro-RO\",\"@id\":\"https:\\\/\\\/shopatoa.com\\\/ro\\\/#\\\/schema\\\/logo\\\/image\\\/\",\"url\":\"https:\\\/\\\/storage.googleapis.com\\\/cz-shopatoa-img\\\/ro\\\/b4dac915-shopatoa_logo.png\",\"contentUrl\":\"https:\\\/\\\/storage.googleapis.com\\\/cz-shopatoa-img\\\/ro\\\/b4dac915-shopatoa_logo.png\",\"width\":416,\"height\":63,\"caption\":\"SHOPATOA\"},\"image\":{\"@id\":\"https:\\\/\\\/shopatoa.com\\\/ro\\\/#\\\/schema\\\/logo\\\/image\\\/\"}}]}<\/script>\n<!-- \/ Yoast SEO plugin. -->","yoast_head_json":{"title":"NYX Professional Makeup The Brow Glue gel pentru sprancene culoare 03 Medium Brown 5 g - SHOPATOA.COM","robots":{"index":"index","follow":"follow","max-snippet":"max-snippet:-1","max-image-preview":"max-image-preview:large","max-video-preview":"max-video-preview:-1"},"canonical":"https:\/\/shopatoa.com\/ro\/nyx-professional-makeup-the-brow-glue-gel-pentru-sprancene-culoare-03-medium-brown-5-g\/","og_locale":"ro_RO","og_type":"article","og_title":"NYX Professional Makeup The Brow Glue gel pentru sprancene culoare 03 Medium Brown 5 g - SHOPATOA.COM","og_description":"NYX Professional Makeup The Brow Glue, 5 g, Rimeluri \u0219i geluri pentru spr\u00e2ncene pentru femei, Spr\u00e2ncenele frumos \u00eengrijite v\u0103 accentueaz\u0103 frumuse\u021bea natural\u0103, deoarece \u00eencadreaz\u0103 \u00eentreaga fa\u021b\u0103. \u0218i este nevoie doar de pu\u021bin pentru a le face s\u0103 arate perfect. Gelul pentru spr\u00e2ncene NYX Professional MakeupThe Brow Glue le va eviden\u021bia \u0219i fixa \u00eentr-un singur pas....","og_url":"https:\/\/shopatoa.com\/ro\/nyx-professional-makeup-the-brow-glue-gel-pentru-sprancene-culoare-03-medium-brown-5-g\/","og_site_name":"SHOPATOA","article_modified_time":"2025-12-15T00:42:59+00:00","og_image":[{"width":800,"height":800,"url":"https:\/\/storage.googleapis.com\/cz-shopatoa-img\/ro\/4b027530-unnamed-file.webp","type":"image\/webp"}],"twitter_card":"summary_large_image","twitter_misc":{"Timp estimat pentru citire":"1 minut"},"schema":{"@context":"https:\/\/schema.org","@graph":[{"@type":"WebPage","@id":"https:\/\/shopatoa.com\/ro\/nyx-professional-makeup-the-brow-glue-gel-pentru-sprancene-culoare-03-medium-brown-5-g\/","url":"https:\/\/shopatoa.com\/ro\/nyx-professional-makeup-the-brow-glue-gel-pentru-sprancene-culoare-03-medium-brown-5-g\/","name":"NYX Professional Makeup The Brow Glue gel pentru sprancene culoare 03 Medium Brown 5 g - SHOPATOA.COM","isPartOf":{"@id":"https:\/\/shopatoa.com\/ro\/#website"},"primaryImageOfPage":{"@id":"https:\/\/shopatoa.com\/ro\/nyx-professional-makeup-the-brow-glue-gel-pentru-sprancene-culoare-03-medium-brown-5-g\/#primaryimage"},"image":{"@id":"https:\/\/shopatoa.com\/ro\/nyx-professional-makeup-the-brow-glue-gel-pentru-sprancene-culoare-03-medium-brown-5-g\/#primaryimage"},"thumbnailUrl":"https:\/\/storage.googleapis.com\/cz-shopatoa-img\/ro\/4b027530-unnamed-file.webp","datePublished":"2025-06-29T12:30:25+00:00","dateModified":"2025-12-15T00:42:59+00:00","breadcrumb":{"@id":"https:\/\/shopatoa.com\/ro\/nyx-professional-makeup-the-brow-glue-gel-pentru-sprancene-culoare-03-medium-brown-5-g\/#breadcrumb"},"inLanguage":"ro-RO","potentialAction":[{"@type":"ReadAction","target":["https:\/\/shopatoa.com\/ro\/nyx-professional-makeup-the-brow-glue-gel-pentru-sprancene-culoare-03-medium-brown-5-g\/"]}]},{"@type":"ImageObject","inLanguage":"ro-RO","@id":"https:\/\/shopatoa.com\/ro\/nyx-professional-makeup-the-brow-glue-gel-pentru-sprancene-culoare-03-medium-brown-5-g\/#primaryimage","url":"https:\/\/storage.googleapis.com\/cz-shopatoa-img\/ro\/4b027530-unnamed-file.webp","contentUrl":"https:\/\/storage.googleapis.com\/cz-shopatoa-img\/ro\/4b027530-unnamed-file.webp","width":800,"height":800},{"@type":"BreadcrumbList","@id":"https:\/\/shopatoa.com\/ro\/nyx-professional-makeup-the-brow-glue-gel-pentru-sprancene-culoare-03-medium-brown-5-g\/#breadcrumb","itemListElement":[{"@type":"ListItem","position":1,"name":"Dom\u016f","item":"https:\/\/shopatoa.com\/ro\/"},{"@type":"ListItem","position":2,"name":"Shop","item":"https:\/\/shopatoa.com\/ro\/shop\/"},{"@type":"ListItem","position":3,"name":"S\u0103n\u0103tate \u0219i frumuse\u021be","item":"https:\/\/shopatoa.com\/ro\/sanatate-si-frumusete\/"},{"@type":"ListItem","position":4,"name":"\u00cengrijire personal\u0103","item":"https:\/\/shopatoa.com\/ro\/ingrijire-personala\/"},{"@type":"ListItem","position":5,"name":"Cosmetice","item":"https:\/\/shopatoa.com\/ro\/cosmetice-ingrijire-personala\/"},{"@type":"ListItem","position":6,"name":"Machiaj","item":"https:\/\/shopatoa.com\/ro\/machiaj\/"},{"@type":"ListItem","position":7,"name":"Machiaj pentru ochi","item":"https:\/\/shopatoa.com\/ro\/machiaj-pentru-ochi-machiaj\/"},{"@type":"ListItem","position":8,"name":"\u00cent\u0103ritori pentru spr\u00e2ncene","item":"https:\/\/shopatoa.com\/ro\/intaritori-pentru-sprancene\/"},{"@type":"ListItem","position":9,"name":"NYX Professional Makeup The Brow Glue gel pentru sprancene culoare 03 Medium Brown 5 g"}]},{"@type":"WebSite","@id":"https:\/\/shopatoa.com\/ro\/#website","url":"https:\/\/shopatoa.com\/ro\/","name":"SHOPATOA","description":"","publisher":{"@id":"https:\/\/shopatoa.com\/ro\/#organization"},"potentialAction":[{"@type":"SearchAction","target":{"@type":"EntryPoint","urlTemplate":"https:\/\/shopatoa.com\/ro\/?s={search_term_string}"},"query-input":{"@type":"PropertyValueSpecification","valueRequired":true,"valueName":"search_term_string"}}],"inLanguage":"ro-RO"},{"@type":"Organization","@id":"https:\/\/shopatoa.com\/ro\/#organization","name":"SHOPATOA","url":"https:\/\/shopatoa.com\/ro\/","logo":{"@type":"ImageObject","inLanguage":"ro-RO","@id":"https:\/\/shopatoa.com\/ro\/#\/schema\/logo\/image\/","url":"https:\/\/storage.googleapis.com\/cz-shopatoa-img\/ro\/b4dac915-shopatoa_logo.png","contentUrl":"https:\/\/storage.googleapis.com\/cz-shopatoa-img\/ro\/b4dac915-shopatoa_logo.png","width":416,"height":63,"caption":"SHOPATOA"},"image":{"@id":"https:\/\/shopatoa.com\/ro\/#\/schema\/logo\/image\/"}}]}},"_links":{"self":[{"href":"https:\/\/shopatoa.com\/ro\/wp-json\/wp\/v2\/product\/481581","targetHints":{"allow":["GET"]}}],"collection":[{"href":"https:\/\/shopatoa.com\/ro\/wp-json\/wp\/v2\/product"}],"about":[{"href":"https:\/\/shopatoa.com\/ro\/wp-json\/wp\/v2\/types\/product"}],"replies":[{"embeddable":true,"href":"https:\/\/shopatoa.com\/ro\/wp-json\/wp\/v2\/comments?post=481581"}],"wp:featuredmedia":[{"embeddable":true,"href":"https:\/\/shopatoa.com\/ro\/wp-json\/wp\/v2\/media\/481582"}],"wp:attachment":[{"href":"https:\/\/shopatoa.com\/ro\/wp-json\/wp\/v2\/media?parent=481581"}],"wp:term":[{"taxonomy":"product_brand","embeddable":true,"href":"https:\/\/shopatoa.com\/ro\/wp-json\/wp\/v2\/product_brand?post=481581"},{"taxonomy":"product_cat","embeddable":true,"href":"https:\/\/shopatoa.com\/ro\/wp-json\/wp\/v2\/product_cat?post=481581"},{"taxonomy":"product_tag","embeddable":true,"href":"https:\/\/shopatoa.com\/ro\/wp-json\/wp\/v2\/product_tag?post=481581"}],"curies":[{"name":"wp","href":"https:\/\/api.w.org\/{rel}","templated":true}]}}