{"id":481843,"date":"2025-06-29T14:52:50","date_gmt":"2025-06-29T12:52:50","guid":{"rendered":"https:\/\/shopatoa.com\/ro\/phyto-douceur-softness-express-detangling-milk-lapte-pentru-par-pentru-par-usor-de-pieptanat-150-ml\/"},"modified":"2025-12-15T00:33:31","modified_gmt":"2025-12-14T23:33:31","slug":"phyto-douceur-softness-express-detangling-milk-lapte-pentru-par-pentru-par-usor-de-pieptanat-150-ml","status":"publish","type":"product","link":"https:\/\/shopatoa.com\/ro\/phyto-douceur-softness-express-detangling-milk-lapte-pentru-par-pentru-par-usor-de-pieptanat-150-ml\/","title":{"rendered":"Phyto Douceur Softness Express Detangling Milk lapte pentru p\u0103r pentru par usor de pieptanat 150 ml"},"content":{"rendered":"<p>Phyto Douceur Softness Express Detangling Milk, 150 ml, Balsam f\u0103r\u0103 cl\u0103tire pentru femei, Dup\u0103 sp\u0103larea cu \u0219ampon, p\u0103rul tinde s\u0103 fie ciufulit \u0219i \u00eenc\u00e2lcit. Dac\u0103 nu \u00eei oferi\u021bi \u00eengrijirea de care are nevoie, descurcarea lui poate fi deosebit de dificil\u0103 \u0219i \u00eenso\u021bit\u0103 de trageri nepl\u0103cute. Produsul pentru descurcarea p\u0103rului Phyto Douceur Softness Express Detangling Milk va deveni ajutorul dvs. de nepre\u021buit \u00een lupta \u00eempotriva p\u0103rului \u00eenc\u00e2lcit. Va facilita coafarea p\u0103rului, va oferi, \u00een acela\u0219i timp, o \u00eengrijire hr\u0103nitoare \u0219i catifelare, pentru ca acesta s\u0103 arate mereu frumos \u0219i s\u0103n\u0103tos.  Caracteristici:  previne despicarea v\u00e2rfurilor protejeaz\u0103 p\u0103rul \u00eempotriva deterior\u0103rii asigur\u0103 p\u0103rului o str\u0103lucire radiant\u0103 asigur\u0103 p\u0103rului hidratarea necesar\u0103 faciliteaz\u0103 descurcarea p\u0103rului \u0219i modelarea sa ulterioar\u0103 hr\u0103ne\u0219te \u0219i regenereaz\u0103 fibrele p\u0103rului dup\u0103 folosire, p\u0103rul este moale \u0219i m\u0103t\u0103sos  Ingrediente:  extract de ov\u0103z \u2013 este bogat \u00een acid silicic, confer\u0103 p\u0103rului elasticitate \u0219i \u00eel consolideaz\u0103, calmeaz\u0103 scalpul, \u00eei restabile\u0219te echilibrul \u0219i combate irita\u021biile con\u021bine cel pu\u021bin 97 % ingrediente de origine natural\u0103 f\u0103r\u0103 silicon f\u0103r\u0103 sulfa\u021bi  Cum se utilizeaz\u0103: Se aplic\u0103 o cantitate adecvat\u0103 de produs pe p\u0103rul umed \u0219i uscat \u00een prosop \u0219i se fr\u0103m\u00e2nt\u0103 cu m\u00e2inile. Se piept\u0103n\u0103. Pentru maximizarea rezultatului, se va utiliza \u00een combina\u021bie cu tratamentul din aceea\u0219i serie.<\/p>\n","protected":false},"excerpt":{"rendered":"<p>Phyto Douceur Softness Express Detangling Milk, 150 ml, Balsam f\u0103r\u0103 cl\u0103tire pentru femei, Dup\u0103 sp\u0103larea cu \u0219ampon, p\u0103rul tinde s\u0103 fie ciufulit \u0219i \u00eenc\u00e2lcit. Dac\u0103 nu \u00eei oferi\u021bi \u00eengrijirea de care are nevoie, descurcarea lui poate fi deosebit de dificil\u0103 \u0219i \u00eenso\u021bit\u0103 de trageri nepl\u0103cute. Produsul pentru descurcarea p\u0103rului Phyto Douceur Softness Express Detangling Milk&#8230;<\/p>\n","protected":false},"featured_media":481844,"comment_status":"closed","ping_status":"open","template":"","meta":{"_acf_changed":false,"_kadence_starter_templates_imported_post":false,"_kad_post_transparent":"","_kad_post_title":"","_kad_post_layout":"","_kad_post_sidebar_id":"","_kad_post_content_style":"","_kad_post_vertical_padding":"","_kad_post_feature":"","_kad_post_feature_position":"","_kad_post_header":false,"_kad_post_footer":false,"_kad_post_classname":""},"product_brand":[2553],"product_cat":[1563,1590,1562],"product_tag":[],"class_list":{"0":"post-481843","1":"product","2":"type-product","3":"status-publish","4":"has-post-thumbnail","6":"product_brand-phyto","7":"product_cat-ingrijire-personala","8":"product_cat-ingrijirea-parului","9":"product_cat-sanatate-si-frumusete","10":"pa_gen-female","11":"pa_marime-150-ml","13":"first","14":"instock","15":"sale","16":"product-type-external","17":"entry","18":"content-bg","19":"loop-entry"},"acf":[],"yoast_head":"<!-- This site is optimized with the Yoast SEO plugin v27.4 - https:\/\/yoast.com\/product\/yoast-seo-wordpress\/ -->\n<title>Phyto Douceur Softness Express Detangling Milk lapte pentru p\u0103r pentru par usor de pieptanat 150 ml - SHOPATOA.COM<\/title>\n<meta name=\"robots\" content=\"index, follow, max-snippet:-1, max-image-preview:large, max-video-preview:-1\" \/>\n<link rel=\"canonical\" href=\"https:\/\/shopatoa.com\/ro\/phyto-douceur-softness-express-detangling-milk-lapte-pentru-par-pentru-par-usor-de-pieptanat-150-ml\/\" \/>\n<meta property=\"og:locale\" content=\"ro_RO\" \/>\n<meta property=\"og:type\" content=\"article\" \/>\n<meta property=\"og:title\" content=\"Phyto Douceur Softness Express Detangling Milk lapte pentru p\u0103r pentru par usor de pieptanat 150 ml - SHOPATOA.COM\" \/>\n<meta property=\"og:description\" content=\"Phyto Douceur Softness Express Detangling Milk, 150 ml, Balsam f\u0103r\u0103 cl\u0103tire pentru femei, Dup\u0103 sp\u0103larea cu \u0219ampon, p\u0103rul tinde s\u0103 fie ciufulit \u0219i \u00eenc\u00e2lcit. Dac\u0103 nu \u00eei oferi\u021bi \u00eengrijirea de care are nevoie, descurcarea lui poate fi deosebit de dificil\u0103 \u0219i \u00eenso\u021bit\u0103 de trageri nepl\u0103cute. Produsul pentru descurcarea p\u0103rului Phyto Douceur Softness Express Detangling Milk...\" \/>\n<meta property=\"og:url\" content=\"https:\/\/shopatoa.com\/ro\/phyto-douceur-softness-express-detangling-milk-lapte-pentru-par-pentru-par-usor-de-pieptanat-150-ml\/\" \/>\n<meta property=\"og:site_name\" content=\"SHOPATOA\" \/>\n<meta property=\"article:modified_time\" content=\"2025-12-14T23:33:31+00:00\" \/>\n<meta property=\"og:image\" content=\"https:\/\/storage.googleapis.com\/cz-shopatoa-img\/ro\/e9f17f32-unnamed-file.webp\" \/>\n\t<meta property=\"og:image:width\" content=\"800\" \/>\n\t<meta property=\"og:image:height\" content=\"800\" \/>\n\t<meta property=\"og:image:type\" content=\"image\/webp\" \/>\n<meta name=\"twitter:card\" content=\"summary_large_image\" \/>\n<meta name=\"twitter:label1\" content=\"Timp estimat pentru citire\" \/>\n\t<meta name=\"twitter:data1\" content=\"1 minut\" \/>\n<script type=\"application\/ld+json\" class=\"yoast-schema-graph\">{\"@context\":\"https:\\\/\\\/schema.org\",\"@graph\":[{\"@type\":\"WebPage\",\"@id\":\"https:\\\/\\\/shopatoa.com\\\/ro\\\/phyto-douceur-softness-express-detangling-milk-lapte-pentru-par-pentru-par-usor-de-pieptanat-150-ml\\\/\",\"url\":\"https:\\\/\\\/shopatoa.com\\\/ro\\\/phyto-douceur-softness-express-detangling-milk-lapte-pentru-par-pentru-par-usor-de-pieptanat-150-ml\\\/\",\"name\":\"Phyto Douceur Softness Express Detangling Milk lapte pentru p\u0103r pentru par usor de pieptanat 150 ml - SHOPATOA.COM\",\"isPartOf\":{\"@id\":\"https:\\\/\\\/shopatoa.com\\\/ro\\\/#website\"},\"primaryImageOfPage\":{\"@id\":\"https:\\\/\\\/shopatoa.com\\\/ro\\\/phyto-douceur-softness-express-detangling-milk-lapte-pentru-par-pentru-par-usor-de-pieptanat-150-ml\\\/#primaryimage\"},\"image\":{\"@id\":\"https:\\\/\\\/shopatoa.com\\\/ro\\\/phyto-douceur-softness-express-detangling-milk-lapte-pentru-par-pentru-par-usor-de-pieptanat-150-ml\\\/#primaryimage\"},\"thumbnailUrl\":\"https:\\\/\\\/storage.googleapis.com\\\/cz-shopatoa-img\\\/ro\\\/e9f17f32-unnamed-file.webp\",\"datePublished\":\"2025-06-29T12:52:50+00:00\",\"dateModified\":\"2025-12-14T23:33:31+00:00\",\"breadcrumb\":{\"@id\":\"https:\\\/\\\/shopatoa.com\\\/ro\\\/phyto-douceur-softness-express-detangling-milk-lapte-pentru-par-pentru-par-usor-de-pieptanat-150-ml\\\/#breadcrumb\"},\"inLanguage\":\"ro-RO\",\"potentialAction\":[{\"@type\":\"ReadAction\",\"target\":[\"https:\\\/\\\/shopatoa.com\\\/ro\\\/phyto-douceur-softness-express-detangling-milk-lapte-pentru-par-pentru-par-usor-de-pieptanat-150-ml\\\/\"]}]},{\"@type\":\"ImageObject\",\"inLanguage\":\"ro-RO\",\"@id\":\"https:\\\/\\\/shopatoa.com\\\/ro\\\/phyto-douceur-softness-express-detangling-milk-lapte-pentru-par-pentru-par-usor-de-pieptanat-150-ml\\\/#primaryimage\",\"url\":\"https:\\\/\\\/storage.googleapis.com\\\/cz-shopatoa-img\\\/ro\\\/e9f17f32-unnamed-file.webp\",\"contentUrl\":\"https:\\\/\\\/storage.googleapis.com\\\/cz-shopatoa-img\\\/ro\\\/e9f17f32-unnamed-file.webp\",\"width\":800,\"height\":800},{\"@type\":\"BreadcrumbList\",\"@id\":\"https:\\\/\\\/shopatoa.com\\\/ro\\\/phyto-douceur-softness-express-detangling-milk-lapte-pentru-par-pentru-par-usor-de-pieptanat-150-ml\\\/#breadcrumb\",\"itemListElement\":[{\"@type\":\"ListItem\",\"position\":1,\"name\":\"Dom\u016f\",\"item\":\"https:\\\/\\\/shopatoa.com\\\/ro\\\/\"},{\"@type\":\"ListItem\",\"position\":2,\"name\":\"Shop\",\"item\":\"https:\\\/\\\/shopatoa.com\\\/ro\\\/shop\\\/\"},{\"@type\":\"ListItem\",\"position\":3,\"name\":\"S\u0103n\u0103tate \u0219i frumuse\u021be\",\"item\":\"https:\\\/\\\/shopatoa.com\\\/ro\\\/sanatate-si-frumusete\\\/\"},{\"@type\":\"ListItem\",\"position\":4,\"name\":\"\u00cengrijire personal\u0103\",\"item\":\"https:\\\/\\\/shopatoa.com\\\/ro\\\/ingrijire-personala\\\/\"},{\"@type\":\"ListItem\",\"position\":5,\"name\":\"\u00cengrijirea p\u0103rului\",\"item\":\"https:\\\/\\\/shopatoa.com\\\/ro\\\/ingrijirea-parului\\\/\"},{\"@type\":\"ListItem\",\"position\":6,\"name\":\"Phyto Douceur Softness Express Detangling Milk lapte pentru p\u0103r pentru par usor de pieptanat 150 ml\"}]},{\"@type\":\"WebSite\",\"@id\":\"https:\\\/\\\/shopatoa.com\\\/ro\\\/#website\",\"url\":\"https:\\\/\\\/shopatoa.com\\\/ro\\\/\",\"name\":\"SHOPATOA\",\"description\":\"\",\"publisher\":{\"@id\":\"https:\\\/\\\/shopatoa.com\\\/ro\\\/#organization\"},\"potentialAction\":[{\"@type\":\"SearchAction\",\"target\":{\"@type\":\"EntryPoint\",\"urlTemplate\":\"https:\\\/\\\/shopatoa.com\\\/ro\\\/?s={search_term_string}\"},\"query-input\":{\"@type\":\"PropertyValueSpecification\",\"valueRequired\":true,\"valueName\":\"search_term_string\"}}],\"inLanguage\":\"ro-RO\"},{\"@type\":\"Organization\",\"@id\":\"https:\\\/\\\/shopatoa.com\\\/ro\\\/#organization\",\"name\":\"SHOPATOA\",\"url\":\"https:\\\/\\\/shopatoa.com\\\/ro\\\/\",\"logo\":{\"@type\":\"ImageObject\",\"inLanguage\":\"ro-RO\",\"@id\":\"https:\\\/\\\/shopatoa.com\\\/ro\\\/#\\\/schema\\\/logo\\\/image\\\/\",\"url\":\"https:\\\/\\\/storage.googleapis.com\\\/cz-shopatoa-img\\\/ro\\\/b4dac915-shopatoa_logo.png\",\"contentUrl\":\"https:\\\/\\\/storage.googleapis.com\\\/cz-shopatoa-img\\\/ro\\\/b4dac915-shopatoa_logo.png\",\"width\":416,\"height\":63,\"caption\":\"SHOPATOA\"},\"image\":{\"@id\":\"https:\\\/\\\/shopatoa.com\\\/ro\\\/#\\\/schema\\\/logo\\\/image\\\/\"}}]}<\/script>\n<!-- \/ Yoast SEO plugin. -->","yoast_head_json":{"title":"Phyto Douceur Softness Express Detangling Milk lapte pentru p\u0103r pentru par usor de pieptanat 150 ml - SHOPATOA.COM","robots":{"index":"index","follow":"follow","max-snippet":"max-snippet:-1","max-image-preview":"max-image-preview:large","max-video-preview":"max-video-preview:-1"},"canonical":"https:\/\/shopatoa.com\/ro\/phyto-douceur-softness-express-detangling-milk-lapte-pentru-par-pentru-par-usor-de-pieptanat-150-ml\/","og_locale":"ro_RO","og_type":"article","og_title":"Phyto Douceur Softness Express Detangling Milk lapte pentru p\u0103r pentru par usor de pieptanat 150 ml - SHOPATOA.COM","og_description":"Phyto Douceur Softness Express Detangling Milk, 150 ml, Balsam f\u0103r\u0103 cl\u0103tire pentru femei, Dup\u0103 sp\u0103larea cu \u0219ampon, p\u0103rul tinde s\u0103 fie ciufulit \u0219i \u00eenc\u00e2lcit. Dac\u0103 nu \u00eei oferi\u021bi \u00eengrijirea de care are nevoie, descurcarea lui poate fi deosebit de dificil\u0103 \u0219i \u00eenso\u021bit\u0103 de trageri nepl\u0103cute. Produsul pentru descurcarea p\u0103rului Phyto Douceur Softness Express Detangling Milk...","og_url":"https:\/\/shopatoa.com\/ro\/phyto-douceur-softness-express-detangling-milk-lapte-pentru-par-pentru-par-usor-de-pieptanat-150-ml\/","og_site_name":"SHOPATOA","article_modified_time":"2025-12-14T23:33:31+00:00","og_image":[{"width":800,"height":800,"url":"https:\/\/storage.googleapis.com\/cz-shopatoa-img\/ro\/e9f17f32-unnamed-file.webp","type":"image\/webp"}],"twitter_card":"summary_large_image","twitter_misc":{"Timp estimat pentru citire":"1 minut"},"schema":{"@context":"https:\/\/schema.org","@graph":[{"@type":"WebPage","@id":"https:\/\/shopatoa.com\/ro\/phyto-douceur-softness-express-detangling-milk-lapte-pentru-par-pentru-par-usor-de-pieptanat-150-ml\/","url":"https:\/\/shopatoa.com\/ro\/phyto-douceur-softness-express-detangling-milk-lapte-pentru-par-pentru-par-usor-de-pieptanat-150-ml\/","name":"Phyto Douceur Softness Express Detangling Milk lapte pentru p\u0103r pentru par usor de pieptanat 150 ml - SHOPATOA.COM","isPartOf":{"@id":"https:\/\/shopatoa.com\/ro\/#website"},"primaryImageOfPage":{"@id":"https:\/\/shopatoa.com\/ro\/phyto-douceur-softness-express-detangling-milk-lapte-pentru-par-pentru-par-usor-de-pieptanat-150-ml\/#primaryimage"},"image":{"@id":"https:\/\/shopatoa.com\/ro\/phyto-douceur-softness-express-detangling-milk-lapte-pentru-par-pentru-par-usor-de-pieptanat-150-ml\/#primaryimage"},"thumbnailUrl":"https:\/\/storage.googleapis.com\/cz-shopatoa-img\/ro\/e9f17f32-unnamed-file.webp","datePublished":"2025-06-29T12:52:50+00:00","dateModified":"2025-12-14T23:33:31+00:00","breadcrumb":{"@id":"https:\/\/shopatoa.com\/ro\/phyto-douceur-softness-express-detangling-milk-lapte-pentru-par-pentru-par-usor-de-pieptanat-150-ml\/#breadcrumb"},"inLanguage":"ro-RO","potentialAction":[{"@type":"ReadAction","target":["https:\/\/shopatoa.com\/ro\/phyto-douceur-softness-express-detangling-milk-lapte-pentru-par-pentru-par-usor-de-pieptanat-150-ml\/"]}]},{"@type":"ImageObject","inLanguage":"ro-RO","@id":"https:\/\/shopatoa.com\/ro\/phyto-douceur-softness-express-detangling-milk-lapte-pentru-par-pentru-par-usor-de-pieptanat-150-ml\/#primaryimage","url":"https:\/\/storage.googleapis.com\/cz-shopatoa-img\/ro\/e9f17f32-unnamed-file.webp","contentUrl":"https:\/\/storage.googleapis.com\/cz-shopatoa-img\/ro\/e9f17f32-unnamed-file.webp","width":800,"height":800},{"@type":"BreadcrumbList","@id":"https:\/\/shopatoa.com\/ro\/phyto-douceur-softness-express-detangling-milk-lapte-pentru-par-pentru-par-usor-de-pieptanat-150-ml\/#breadcrumb","itemListElement":[{"@type":"ListItem","position":1,"name":"Dom\u016f","item":"https:\/\/shopatoa.com\/ro\/"},{"@type":"ListItem","position":2,"name":"Shop","item":"https:\/\/shopatoa.com\/ro\/shop\/"},{"@type":"ListItem","position":3,"name":"S\u0103n\u0103tate \u0219i frumuse\u021be","item":"https:\/\/shopatoa.com\/ro\/sanatate-si-frumusete\/"},{"@type":"ListItem","position":4,"name":"\u00cengrijire personal\u0103","item":"https:\/\/shopatoa.com\/ro\/ingrijire-personala\/"},{"@type":"ListItem","position":5,"name":"\u00cengrijirea p\u0103rului","item":"https:\/\/shopatoa.com\/ro\/ingrijirea-parului\/"},{"@type":"ListItem","position":6,"name":"Phyto Douceur Softness Express Detangling Milk lapte pentru p\u0103r pentru par usor de pieptanat 150 ml"}]},{"@type":"WebSite","@id":"https:\/\/shopatoa.com\/ro\/#website","url":"https:\/\/shopatoa.com\/ro\/","name":"SHOPATOA","description":"","publisher":{"@id":"https:\/\/shopatoa.com\/ro\/#organization"},"potentialAction":[{"@type":"SearchAction","target":{"@type":"EntryPoint","urlTemplate":"https:\/\/shopatoa.com\/ro\/?s={search_term_string}"},"query-input":{"@type":"PropertyValueSpecification","valueRequired":true,"valueName":"search_term_string"}}],"inLanguage":"ro-RO"},{"@type":"Organization","@id":"https:\/\/shopatoa.com\/ro\/#organization","name":"SHOPATOA","url":"https:\/\/shopatoa.com\/ro\/","logo":{"@type":"ImageObject","inLanguage":"ro-RO","@id":"https:\/\/shopatoa.com\/ro\/#\/schema\/logo\/image\/","url":"https:\/\/storage.googleapis.com\/cz-shopatoa-img\/ro\/b4dac915-shopatoa_logo.png","contentUrl":"https:\/\/storage.googleapis.com\/cz-shopatoa-img\/ro\/b4dac915-shopatoa_logo.png","width":416,"height":63,"caption":"SHOPATOA"},"image":{"@id":"https:\/\/shopatoa.com\/ro\/#\/schema\/logo\/image\/"}}]}},"_links":{"self":[{"href":"https:\/\/shopatoa.com\/ro\/wp-json\/wp\/v2\/product\/481843","targetHints":{"allow":["GET"]}}],"collection":[{"href":"https:\/\/shopatoa.com\/ro\/wp-json\/wp\/v2\/product"}],"about":[{"href":"https:\/\/shopatoa.com\/ro\/wp-json\/wp\/v2\/types\/product"}],"replies":[{"embeddable":true,"href":"https:\/\/shopatoa.com\/ro\/wp-json\/wp\/v2\/comments?post=481843"}],"wp:featuredmedia":[{"embeddable":true,"href":"https:\/\/shopatoa.com\/ro\/wp-json\/wp\/v2\/media\/481844"}],"wp:attachment":[{"href":"https:\/\/shopatoa.com\/ro\/wp-json\/wp\/v2\/media?parent=481843"}],"wp:term":[{"taxonomy":"product_brand","embeddable":true,"href":"https:\/\/shopatoa.com\/ro\/wp-json\/wp\/v2\/product_brand?post=481843"},{"taxonomy":"product_cat","embeddable":true,"href":"https:\/\/shopatoa.com\/ro\/wp-json\/wp\/v2\/product_cat?post=481843"},{"taxonomy":"product_tag","embeddable":true,"href":"https:\/\/shopatoa.com\/ro\/wp-json\/wp\/v2\/product_tag?post=481843"}],"curies":[{"name":"wp","href":"https:\/\/api.w.org\/{rel}","templated":true}]}}