{"id":482017,"date":"2025-06-29T15:09:00","date_gmt":"2025-06-29T13:09:00","guid":{"rendered":"https:\/\/shopatoa.com\/ro\/roc-derm-correxion-firming-serum-stick-ser-pentru-lifting-cu-retinol-30-g\/"},"modified":"2025-12-14T23:33:45","modified_gmt":"2025-12-14T22:33:45","slug":"roc-derm-correxion-firming-serum-stick-ser-pentru-lifting-cu-retinol-30-g","status":"publish","type":"product","link":"https:\/\/shopatoa.com\/ro\/roc-derm-correxion-firming-serum-stick-ser-pentru-lifting-cu-retinol-30-g\/","title":{"rendered":"RoC Derm Correxion Firming Serum Stick ser pentru lifting cu retinol 30 g"},"content":{"rendered":"<p>RoC Derm Correxion Firming Serum Stick, 30 g, Seruri pentru piele pentru femei, Serul facial RoC Derm Correxion este un produs cu un con\u021binut de substan\u021be active ridicat. De aceea, ofer\u0103 tenului cea mai luxoas\u0103 \u00eengrijire.  Caracteristici:  ajut\u0103 la netezirea ridurilor \u0219i a liniilor fine confer\u0103 densitate pielii red\u0103 pielii prospe\u021bimea \u0219i frumuse\u021bea tinereasc\u0103 produsul este hipoalergenic preparatul este non-comedogenic  Ingrediente:  retinol \u2013 derivat al vitaminei A, combate eficient \u00eemb\u0103tr\u00e2nirea pielii, favorizeaz\u0103 exfolierea \u0219i ajut\u0103 la netezirea texturii, stimuleaz\u0103 formarea fibrelor de colagen \u0219i elastin\u0103, datorit\u0103 c\u0103rora neteze\u0219te ridurile, are un efect de lifting asupra pielii \u0219i \u00eei restabile\u0219te elasticitatea testat dermatologic nu con\u021bine parfum  Cum se utilizeaz\u0103: Aplica\u021bi pe tenul curat \u0219i masa\u021bi bine. Aplica\u021bi de preferin\u021b\u0103 seara.<\/p>\n","protected":false},"excerpt":{"rendered":"<p>RoC Derm Correxion Firming Serum Stick, 30 g, Seruri pentru piele pentru femei, Serul facial RoC Derm Correxion este un produs cu un con\u021binut de substan\u021be active ridicat. De aceea, ofer\u0103 tenului cea mai luxoas\u0103 \u00eengrijire. Caracteristici: ajut\u0103 la netezirea ridurilor \u0219i a liniilor fine confer\u0103 densitate pielii red\u0103 pielii prospe\u021bimea \u0219i frumuse\u021bea tinereasc\u0103 produsul&#8230;<\/p>\n","protected":false},"featured_media":482018,"comment_status":"closed","ping_status":"open","template":"","meta":{"_acf_changed":false,"_kadence_starter_templates_imported_post":false,"_kad_post_transparent":"","_kad_post_title":"","_kad_post_layout":"","_kad_post_sidebar_id":"","_kad_post_content_style":"","_kad_post_vertical_padding":"","_kad_post_feature":"","_kad_post_feature_position":"","_kad_post_header":false,"_kad_post_footer":false,"_kad_post_classname":""},"product_brand":[2596],"product_cat":[1564,1563,1565,1562],"product_tag":[],"class_list":{"0":"post-482017","1":"product","2":"type-product","3":"status-publish","4":"has-post-thumbnail","6":"product_brand-roc","7":"product_cat-cosmetice-ingrijire-personala","8":"product_cat-ingrijire-personala","9":"product_cat-ingrijirea-pielii","10":"product_cat-sanatate-si-frumusete","11":"pa_gen-female","12":"pa_marime-30-g","14":"first","15":"instock","16":"sale","17":"product-type-external","18":"entry","19":"content-bg","20":"loop-entry"},"acf":[],"yoast_head":"<!-- This site is optimized with the Yoast SEO plugin v27.4 - https:\/\/yoast.com\/product\/yoast-seo-wordpress\/ -->\n<title>RoC Derm Correxion Firming Serum Stick ser pentru lifting cu retinol 30 g - SHOPATOA.COM<\/title>\n<meta name=\"robots\" content=\"index, follow, max-snippet:-1, max-image-preview:large, max-video-preview:-1\" \/>\n<link rel=\"canonical\" href=\"https:\/\/shopatoa.com\/ro\/roc-derm-correxion-firming-serum-stick-ser-pentru-lifting-cu-retinol-30-g\/\" \/>\n<meta property=\"og:locale\" content=\"ro_RO\" \/>\n<meta property=\"og:type\" content=\"article\" \/>\n<meta property=\"og:title\" content=\"RoC Derm Correxion Firming Serum Stick ser pentru lifting cu retinol 30 g - SHOPATOA.COM\" \/>\n<meta property=\"og:description\" content=\"RoC Derm Correxion Firming Serum Stick, 30 g, Seruri pentru piele pentru femei, Serul facial RoC Derm Correxion este un produs cu un con\u021binut de substan\u021be active ridicat. De aceea, ofer\u0103 tenului cea mai luxoas\u0103 \u00eengrijire. Caracteristici: ajut\u0103 la netezirea ridurilor \u0219i a liniilor fine confer\u0103 densitate pielii red\u0103 pielii prospe\u021bimea \u0219i frumuse\u021bea tinereasc\u0103 produsul...\" \/>\n<meta property=\"og:url\" content=\"https:\/\/shopatoa.com\/ro\/roc-derm-correxion-firming-serum-stick-ser-pentru-lifting-cu-retinol-30-g\/\" \/>\n<meta property=\"og:site_name\" content=\"SHOPATOA\" \/>\n<meta property=\"article:modified_time\" content=\"2025-12-14T22:33:45+00:00\" \/>\n<meta property=\"og:image\" content=\"https:\/\/storage.googleapis.com\/cz-shopatoa-img\/ro\/b5e07b11-unnamed-file.webp\" \/>\n\t<meta property=\"og:image:width\" content=\"800\" \/>\n\t<meta property=\"og:image:height\" content=\"800\" \/>\n\t<meta property=\"og:image:type\" content=\"image\/webp\" \/>\n<meta name=\"twitter:card\" content=\"summary_large_image\" \/>\n<meta name=\"twitter:label1\" content=\"Timp estimat pentru citire\" \/>\n\t<meta name=\"twitter:data1\" content=\"1 minut\" \/>\n<script type=\"application\/ld+json\" class=\"yoast-schema-graph\">{\"@context\":\"https:\\\/\\\/schema.org\",\"@graph\":[{\"@type\":\"WebPage\",\"@id\":\"https:\\\/\\\/shopatoa.com\\\/ro\\\/roc-derm-correxion-firming-serum-stick-ser-pentru-lifting-cu-retinol-30-g\\\/\",\"url\":\"https:\\\/\\\/shopatoa.com\\\/ro\\\/roc-derm-correxion-firming-serum-stick-ser-pentru-lifting-cu-retinol-30-g\\\/\",\"name\":\"RoC Derm Correxion Firming Serum Stick ser pentru lifting cu retinol 30 g - SHOPATOA.COM\",\"isPartOf\":{\"@id\":\"https:\\\/\\\/shopatoa.com\\\/ro\\\/#website\"},\"primaryImageOfPage\":{\"@id\":\"https:\\\/\\\/shopatoa.com\\\/ro\\\/roc-derm-correxion-firming-serum-stick-ser-pentru-lifting-cu-retinol-30-g\\\/#primaryimage\"},\"image\":{\"@id\":\"https:\\\/\\\/shopatoa.com\\\/ro\\\/roc-derm-correxion-firming-serum-stick-ser-pentru-lifting-cu-retinol-30-g\\\/#primaryimage\"},\"thumbnailUrl\":\"https:\\\/\\\/storage.googleapis.com\\\/cz-shopatoa-img\\\/ro\\\/b5e07b11-unnamed-file.webp\",\"datePublished\":\"2025-06-29T13:09:00+00:00\",\"dateModified\":\"2025-12-14T22:33:45+00:00\",\"breadcrumb\":{\"@id\":\"https:\\\/\\\/shopatoa.com\\\/ro\\\/roc-derm-correxion-firming-serum-stick-ser-pentru-lifting-cu-retinol-30-g\\\/#breadcrumb\"},\"inLanguage\":\"ro-RO\",\"potentialAction\":[{\"@type\":\"ReadAction\",\"target\":[\"https:\\\/\\\/shopatoa.com\\\/ro\\\/roc-derm-correxion-firming-serum-stick-ser-pentru-lifting-cu-retinol-30-g\\\/\"]}]},{\"@type\":\"ImageObject\",\"inLanguage\":\"ro-RO\",\"@id\":\"https:\\\/\\\/shopatoa.com\\\/ro\\\/roc-derm-correxion-firming-serum-stick-ser-pentru-lifting-cu-retinol-30-g\\\/#primaryimage\",\"url\":\"https:\\\/\\\/storage.googleapis.com\\\/cz-shopatoa-img\\\/ro\\\/b5e07b11-unnamed-file.webp\",\"contentUrl\":\"https:\\\/\\\/storage.googleapis.com\\\/cz-shopatoa-img\\\/ro\\\/b5e07b11-unnamed-file.webp\",\"width\":800,\"height\":800},{\"@type\":\"BreadcrumbList\",\"@id\":\"https:\\\/\\\/shopatoa.com\\\/ro\\\/roc-derm-correxion-firming-serum-stick-ser-pentru-lifting-cu-retinol-30-g\\\/#breadcrumb\",\"itemListElement\":[{\"@type\":\"ListItem\",\"position\":1,\"name\":\"Dom\u016f\",\"item\":\"https:\\\/\\\/shopatoa.com\\\/ro\\\/\"},{\"@type\":\"ListItem\",\"position\":2,\"name\":\"Shop\",\"item\":\"https:\\\/\\\/shopatoa.com\\\/ro\\\/shop\\\/\"},{\"@type\":\"ListItem\",\"position\":3,\"name\":\"S\u0103n\u0103tate \u0219i frumuse\u021be\",\"item\":\"https:\\\/\\\/shopatoa.com\\\/ro\\\/sanatate-si-frumusete\\\/\"},{\"@type\":\"ListItem\",\"position\":4,\"name\":\"\u00cengrijire personal\u0103\",\"item\":\"https:\\\/\\\/shopatoa.com\\\/ro\\\/ingrijire-personala\\\/\"},{\"@type\":\"ListItem\",\"position\":5,\"name\":\"Cosmetice\",\"item\":\"https:\\\/\\\/shopatoa.com\\\/ro\\\/cosmetice-ingrijire-personala\\\/\"},{\"@type\":\"ListItem\",\"position\":6,\"name\":\"\u00cengrijirea pielii\",\"item\":\"https:\\\/\\\/shopatoa.com\\\/ro\\\/ingrijirea-pielii\\\/\"},{\"@type\":\"ListItem\",\"position\":7,\"name\":\"RoC Derm Correxion Firming Serum Stick ser pentru lifting cu retinol 30 g\"}]},{\"@type\":\"WebSite\",\"@id\":\"https:\\\/\\\/shopatoa.com\\\/ro\\\/#website\",\"url\":\"https:\\\/\\\/shopatoa.com\\\/ro\\\/\",\"name\":\"SHOPATOA\",\"description\":\"\",\"publisher\":{\"@id\":\"https:\\\/\\\/shopatoa.com\\\/ro\\\/#organization\"},\"potentialAction\":[{\"@type\":\"SearchAction\",\"target\":{\"@type\":\"EntryPoint\",\"urlTemplate\":\"https:\\\/\\\/shopatoa.com\\\/ro\\\/?s={search_term_string}\"},\"query-input\":{\"@type\":\"PropertyValueSpecification\",\"valueRequired\":true,\"valueName\":\"search_term_string\"}}],\"inLanguage\":\"ro-RO\"},{\"@type\":\"Organization\",\"@id\":\"https:\\\/\\\/shopatoa.com\\\/ro\\\/#organization\",\"name\":\"SHOPATOA\",\"url\":\"https:\\\/\\\/shopatoa.com\\\/ro\\\/\",\"logo\":{\"@type\":\"ImageObject\",\"inLanguage\":\"ro-RO\",\"@id\":\"https:\\\/\\\/shopatoa.com\\\/ro\\\/#\\\/schema\\\/logo\\\/image\\\/\",\"url\":\"https:\\\/\\\/storage.googleapis.com\\\/cz-shopatoa-img\\\/ro\\\/b4dac915-shopatoa_logo.png\",\"contentUrl\":\"https:\\\/\\\/storage.googleapis.com\\\/cz-shopatoa-img\\\/ro\\\/b4dac915-shopatoa_logo.png\",\"width\":416,\"height\":63,\"caption\":\"SHOPATOA\"},\"image\":{\"@id\":\"https:\\\/\\\/shopatoa.com\\\/ro\\\/#\\\/schema\\\/logo\\\/image\\\/\"}}]}<\/script>\n<!-- \/ Yoast SEO plugin. -->","yoast_head_json":{"title":"RoC Derm Correxion Firming Serum Stick ser pentru lifting cu retinol 30 g - SHOPATOA.COM","robots":{"index":"index","follow":"follow","max-snippet":"max-snippet:-1","max-image-preview":"max-image-preview:large","max-video-preview":"max-video-preview:-1"},"canonical":"https:\/\/shopatoa.com\/ro\/roc-derm-correxion-firming-serum-stick-ser-pentru-lifting-cu-retinol-30-g\/","og_locale":"ro_RO","og_type":"article","og_title":"RoC Derm Correxion Firming Serum Stick ser pentru lifting cu retinol 30 g - SHOPATOA.COM","og_description":"RoC Derm Correxion Firming Serum Stick, 30 g, Seruri pentru piele pentru femei, Serul facial RoC Derm Correxion este un produs cu un con\u021binut de substan\u021be active ridicat. De aceea, ofer\u0103 tenului cea mai luxoas\u0103 \u00eengrijire. Caracteristici: ajut\u0103 la netezirea ridurilor \u0219i a liniilor fine confer\u0103 densitate pielii red\u0103 pielii prospe\u021bimea \u0219i frumuse\u021bea tinereasc\u0103 produsul...","og_url":"https:\/\/shopatoa.com\/ro\/roc-derm-correxion-firming-serum-stick-ser-pentru-lifting-cu-retinol-30-g\/","og_site_name":"SHOPATOA","article_modified_time":"2025-12-14T22:33:45+00:00","og_image":[{"width":800,"height":800,"url":"https:\/\/storage.googleapis.com\/cz-shopatoa-img\/ro\/b5e07b11-unnamed-file.webp","type":"image\/webp"}],"twitter_card":"summary_large_image","twitter_misc":{"Timp estimat pentru citire":"1 minut"},"schema":{"@context":"https:\/\/schema.org","@graph":[{"@type":"WebPage","@id":"https:\/\/shopatoa.com\/ro\/roc-derm-correxion-firming-serum-stick-ser-pentru-lifting-cu-retinol-30-g\/","url":"https:\/\/shopatoa.com\/ro\/roc-derm-correxion-firming-serum-stick-ser-pentru-lifting-cu-retinol-30-g\/","name":"RoC Derm Correxion Firming Serum Stick ser pentru lifting cu retinol 30 g - SHOPATOA.COM","isPartOf":{"@id":"https:\/\/shopatoa.com\/ro\/#website"},"primaryImageOfPage":{"@id":"https:\/\/shopatoa.com\/ro\/roc-derm-correxion-firming-serum-stick-ser-pentru-lifting-cu-retinol-30-g\/#primaryimage"},"image":{"@id":"https:\/\/shopatoa.com\/ro\/roc-derm-correxion-firming-serum-stick-ser-pentru-lifting-cu-retinol-30-g\/#primaryimage"},"thumbnailUrl":"https:\/\/storage.googleapis.com\/cz-shopatoa-img\/ro\/b5e07b11-unnamed-file.webp","datePublished":"2025-06-29T13:09:00+00:00","dateModified":"2025-12-14T22:33:45+00:00","breadcrumb":{"@id":"https:\/\/shopatoa.com\/ro\/roc-derm-correxion-firming-serum-stick-ser-pentru-lifting-cu-retinol-30-g\/#breadcrumb"},"inLanguage":"ro-RO","potentialAction":[{"@type":"ReadAction","target":["https:\/\/shopatoa.com\/ro\/roc-derm-correxion-firming-serum-stick-ser-pentru-lifting-cu-retinol-30-g\/"]}]},{"@type":"ImageObject","inLanguage":"ro-RO","@id":"https:\/\/shopatoa.com\/ro\/roc-derm-correxion-firming-serum-stick-ser-pentru-lifting-cu-retinol-30-g\/#primaryimage","url":"https:\/\/storage.googleapis.com\/cz-shopatoa-img\/ro\/b5e07b11-unnamed-file.webp","contentUrl":"https:\/\/storage.googleapis.com\/cz-shopatoa-img\/ro\/b5e07b11-unnamed-file.webp","width":800,"height":800},{"@type":"BreadcrumbList","@id":"https:\/\/shopatoa.com\/ro\/roc-derm-correxion-firming-serum-stick-ser-pentru-lifting-cu-retinol-30-g\/#breadcrumb","itemListElement":[{"@type":"ListItem","position":1,"name":"Dom\u016f","item":"https:\/\/shopatoa.com\/ro\/"},{"@type":"ListItem","position":2,"name":"Shop","item":"https:\/\/shopatoa.com\/ro\/shop\/"},{"@type":"ListItem","position":3,"name":"S\u0103n\u0103tate \u0219i frumuse\u021be","item":"https:\/\/shopatoa.com\/ro\/sanatate-si-frumusete\/"},{"@type":"ListItem","position":4,"name":"\u00cengrijire personal\u0103","item":"https:\/\/shopatoa.com\/ro\/ingrijire-personala\/"},{"@type":"ListItem","position":5,"name":"Cosmetice","item":"https:\/\/shopatoa.com\/ro\/cosmetice-ingrijire-personala\/"},{"@type":"ListItem","position":6,"name":"\u00cengrijirea pielii","item":"https:\/\/shopatoa.com\/ro\/ingrijirea-pielii\/"},{"@type":"ListItem","position":7,"name":"RoC Derm Correxion Firming Serum Stick ser pentru lifting cu retinol 30 g"}]},{"@type":"WebSite","@id":"https:\/\/shopatoa.com\/ro\/#website","url":"https:\/\/shopatoa.com\/ro\/","name":"SHOPATOA","description":"","publisher":{"@id":"https:\/\/shopatoa.com\/ro\/#organization"},"potentialAction":[{"@type":"SearchAction","target":{"@type":"EntryPoint","urlTemplate":"https:\/\/shopatoa.com\/ro\/?s={search_term_string}"},"query-input":{"@type":"PropertyValueSpecification","valueRequired":true,"valueName":"search_term_string"}}],"inLanguage":"ro-RO"},{"@type":"Organization","@id":"https:\/\/shopatoa.com\/ro\/#organization","name":"SHOPATOA","url":"https:\/\/shopatoa.com\/ro\/","logo":{"@type":"ImageObject","inLanguage":"ro-RO","@id":"https:\/\/shopatoa.com\/ro\/#\/schema\/logo\/image\/","url":"https:\/\/storage.googleapis.com\/cz-shopatoa-img\/ro\/b4dac915-shopatoa_logo.png","contentUrl":"https:\/\/storage.googleapis.com\/cz-shopatoa-img\/ro\/b4dac915-shopatoa_logo.png","width":416,"height":63,"caption":"SHOPATOA"},"image":{"@id":"https:\/\/shopatoa.com\/ro\/#\/schema\/logo\/image\/"}}]}},"_links":{"self":[{"href":"https:\/\/shopatoa.com\/ro\/wp-json\/wp\/v2\/product\/482017","targetHints":{"allow":["GET"]}}],"collection":[{"href":"https:\/\/shopatoa.com\/ro\/wp-json\/wp\/v2\/product"}],"about":[{"href":"https:\/\/shopatoa.com\/ro\/wp-json\/wp\/v2\/types\/product"}],"replies":[{"embeddable":true,"href":"https:\/\/shopatoa.com\/ro\/wp-json\/wp\/v2\/comments?post=482017"}],"wp:featuredmedia":[{"embeddable":true,"href":"https:\/\/shopatoa.com\/ro\/wp-json\/wp\/v2\/media\/482018"}],"wp:attachment":[{"href":"https:\/\/shopatoa.com\/ro\/wp-json\/wp\/v2\/media?parent=482017"}],"wp:term":[{"taxonomy":"product_brand","embeddable":true,"href":"https:\/\/shopatoa.com\/ro\/wp-json\/wp\/v2\/product_brand?post=482017"},{"taxonomy":"product_cat","embeddable":true,"href":"https:\/\/shopatoa.com\/ro\/wp-json\/wp\/v2\/product_cat?post=482017"},{"taxonomy":"product_tag","embeddable":true,"href":"https:\/\/shopatoa.com\/ro\/wp-json\/wp\/v2\/product_tag?post=482017"}],"curies":[{"name":"wp","href":"https:\/\/api.w.org\/{rel}","templated":true}]}}