{"id":482073,"date":"2025-06-29T15:14:56","date_gmt":"2025-06-29T13:14:56","guid":{"rendered":"https:\/\/shopatoa.com\/ro\/isdin-isdinceutics-flavo-c-forte-ser-intensiv-cu-vitamina-c-3x5-3-ml\/"},"modified":"2025-12-14T23:13:57","modified_gmt":"2025-12-14T22:13:57","slug":"isdin-isdinceutics-flavo-c-forte-ser-intensiv-cu-vitamina-c-3x5-3-ml","status":"publish","type":"product","link":"https:\/\/shopatoa.com\/ro\/isdin-isdinceutics-flavo-c-forte-ser-intensiv-cu-vitamina-c-3x5-3-ml\/","title":{"rendered":"ISDIN Isdinceutics Flavo-C Forte ser intensiv cu vitamina C 3&#215;5.3 ml"},"content":{"rendered":"<p>ISDIN Isdinceutics Flavo-C Forte, 3&#215;5.3 ml, Seruri pentru piele pentru femei, Sim\u021bi\u021bi c\u0103 tenul dvs. are nevoie de o \u00eengrijire suplimentar\u0103 fa\u021b\u0103 de cea oferit\u0103 de crema facial\u0103? Serul facial ISDIN Isdinceutics Flavo-C Forte v\u0103 va \u00eembog\u0103\u021bi perfect rutina de \u00eengrijire a tenului \u2013 va r\u0103sf\u0103\u021ba tenul \u0219i \u00eei va oferi o \u00eengrijire intensiv\u0103. Datorit\u0103 concentra\u021biei ridicate de substan\u021be active, efectul s\u0103u asupra tenului va fi mult mai intens \u0219i mai rapid dec\u00e2t \u00een cazul unei creme de fa\u021b\u0103 obi\u0219nuite. \u00cen plus, textura sa lichid\u0103, care se absoarbe foarte bine \u00een ten, faciliteaz\u0103 aplicarea.  Caracteristici:  ajut\u0103 la netezirea ridurilor \u0219i a liniilor fine uniformizeaz\u0103 nuan\u021ba tenului confer\u0103 densitate pielii  Ingrediente:  acid hialuronic \u2013 leag\u0103 o cantitate mare de ap\u0103 \u0219i hidrateaz\u0103 intens vitamina C \u2013 ofer\u0103 protec\u021bie antioxidant\u0103 \u00eempotriva deterior\u0103rii cauzate de radicalii liberi, combate petele pigmentare, uniformizeaz\u0103 nuan\u021ba \u0219i spore\u0219te aspectul radiant al pielii, favorizeaz\u0103 produc\u021bia de colagen, \u00eencetinind astfel procesul de \u00eemb\u0103tr\u00e2nire  Cum se utilizeaz\u0103: Se utilizeaz\u0103 \u00een fiecare diminea\u021b\u0103 \u0219i\/sau sear\u0103.<\/p>\n","protected":false},"excerpt":{"rendered":"<p>ISDIN Isdinceutics Flavo-C Forte, 3&#215;5.3 ml, Seruri pentru piele pentru femei, Sim\u021bi\u021bi c\u0103 tenul dvs. are nevoie de o \u00eengrijire suplimentar\u0103 fa\u021b\u0103 de cea oferit\u0103 de crema facial\u0103? Serul facial ISDIN Isdinceutics Flavo-C Forte v\u0103 va \u00eembog\u0103\u021bi perfect rutina de \u00eengrijire a tenului \u2013 va r\u0103sf\u0103\u021ba tenul \u0219i \u00eei va oferi o \u00eengrijire intensiv\u0103. Datorit\u0103&#8230;<\/p>\n","protected":false},"featured_media":482074,"comment_status":"closed","ping_status":"open","template":"","meta":{"_acf_changed":false,"_kadence_starter_templates_imported_post":false,"_kad_post_transparent":"","_kad_post_title":"","_kad_post_layout":"","_kad_post_sidebar_id":"","_kad_post_content_style":"","_kad_post_vertical_padding":"","_kad_post_feature":"","_kad_post_feature_position":"","_kad_post_header":false,"_kad_post_footer":false,"_kad_post_classname":""},"product_brand":[2131],"product_cat":[1564,1563,1565,1562],"product_tag":[],"class_list":{"0":"post-482073","1":"product","2":"type-product","3":"status-publish","4":"has-post-thumbnail","6":"product_brand-isdin","7":"product_cat-cosmetice-ingrijire-personala","8":"product_cat-ingrijire-personala","9":"product_cat-ingrijirea-pielii","10":"product_cat-sanatate-si-frumusete","11":"pa_gen-female","12":"pa_marime-3x5-3-ml","14":"first","15":"instock","16":"sale","17":"product-type-external","18":"entry","19":"content-bg","20":"loop-entry"},"acf":[],"yoast_head":"<!-- This site is optimized with the Yoast SEO plugin v27.4 - https:\/\/yoast.com\/product\/yoast-seo-wordpress\/ -->\n<title>ISDIN Isdinceutics Flavo-C Forte ser intensiv cu vitamina C 3x5.3 ml - SHOPATOA.COM<\/title>\n<meta name=\"robots\" content=\"index, follow, max-snippet:-1, max-image-preview:large, max-video-preview:-1\" \/>\n<link rel=\"canonical\" href=\"https:\/\/shopatoa.com\/ro\/isdin-isdinceutics-flavo-c-forte-ser-intensiv-cu-vitamina-c-3x5-3-ml\/\" \/>\n<meta property=\"og:locale\" content=\"ro_RO\" \/>\n<meta property=\"og:type\" content=\"article\" \/>\n<meta property=\"og:title\" content=\"ISDIN Isdinceutics Flavo-C Forte ser intensiv cu vitamina C 3x5.3 ml - SHOPATOA.COM\" \/>\n<meta property=\"og:description\" content=\"ISDIN Isdinceutics Flavo-C Forte, 3&#215;5.3 ml, Seruri pentru piele pentru femei, Sim\u021bi\u021bi c\u0103 tenul dvs. are nevoie de o \u00eengrijire suplimentar\u0103 fa\u021b\u0103 de cea oferit\u0103 de crema facial\u0103? Serul facial ISDIN Isdinceutics Flavo-C Forte v\u0103 va \u00eembog\u0103\u021bi perfect rutina de \u00eengrijire a tenului \u2013 va r\u0103sf\u0103\u021ba tenul \u0219i \u00eei va oferi o \u00eengrijire intensiv\u0103. Datorit\u0103...\" \/>\n<meta property=\"og:url\" content=\"https:\/\/shopatoa.com\/ro\/isdin-isdinceutics-flavo-c-forte-ser-intensiv-cu-vitamina-c-3x5-3-ml\/\" \/>\n<meta property=\"og:site_name\" content=\"SHOPATOA\" \/>\n<meta property=\"article:modified_time\" content=\"2025-12-14T22:13:57+00:00\" \/>\n<meta property=\"og:image\" content=\"https:\/\/storage.googleapis.com\/cz-shopatoa-img\/ro\/d4ab7d25-unnamed-file.webp\" \/>\n\t<meta property=\"og:image:width\" content=\"800\" \/>\n\t<meta property=\"og:image:height\" content=\"800\" \/>\n\t<meta property=\"og:image:type\" content=\"image\/webp\" \/>\n<meta name=\"twitter:card\" content=\"summary_large_image\" \/>\n<meta name=\"twitter:label1\" content=\"Timp estimat pentru citire\" \/>\n\t<meta name=\"twitter:data1\" content=\"1 minut\" \/>\n<script type=\"application\/ld+json\" class=\"yoast-schema-graph\">{\"@context\":\"https:\\\/\\\/schema.org\",\"@graph\":[{\"@type\":\"WebPage\",\"@id\":\"https:\\\/\\\/shopatoa.com\\\/ro\\\/isdin-isdinceutics-flavo-c-forte-ser-intensiv-cu-vitamina-c-3x5-3-ml\\\/\",\"url\":\"https:\\\/\\\/shopatoa.com\\\/ro\\\/isdin-isdinceutics-flavo-c-forte-ser-intensiv-cu-vitamina-c-3x5-3-ml\\\/\",\"name\":\"ISDIN Isdinceutics Flavo-C Forte ser intensiv cu vitamina C 3x5.3 ml - SHOPATOA.COM\",\"isPartOf\":{\"@id\":\"https:\\\/\\\/shopatoa.com\\\/ro\\\/#website\"},\"primaryImageOfPage\":{\"@id\":\"https:\\\/\\\/shopatoa.com\\\/ro\\\/isdin-isdinceutics-flavo-c-forte-ser-intensiv-cu-vitamina-c-3x5-3-ml\\\/#primaryimage\"},\"image\":{\"@id\":\"https:\\\/\\\/shopatoa.com\\\/ro\\\/isdin-isdinceutics-flavo-c-forte-ser-intensiv-cu-vitamina-c-3x5-3-ml\\\/#primaryimage\"},\"thumbnailUrl\":\"https:\\\/\\\/storage.googleapis.com\\\/cz-shopatoa-img\\\/ro\\\/d4ab7d25-unnamed-file.webp\",\"datePublished\":\"2025-06-29T13:14:56+00:00\",\"dateModified\":\"2025-12-14T22:13:57+00:00\",\"breadcrumb\":{\"@id\":\"https:\\\/\\\/shopatoa.com\\\/ro\\\/isdin-isdinceutics-flavo-c-forte-ser-intensiv-cu-vitamina-c-3x5-3-ml\\\/#breadcrumb\"},\"inLanguage\":\"ro-RO\",\"potentialAction\":[{\"@type\":\"ReadAction\",\"target\":[\"https:\\\/\\\/shopatoa.com\\\/ro\\\/isdin-isdinceutics-flavo-c-forte-ser-intensiv-cu-vitamina-c-3x5-3-ml\\\/\"]}]},{\"@type\":\"ImageObject\",\"inLanguage\":\"ro-RO\",\"@id\":\"https:\\\/\\\/shopatoa.com\\\/ro\\\/isdin-isdinceutics-flavo-c-forte-ser-intensiv-cu-vitamina-c-3x5-3-ml\\\/#primaryimage\",\"url\":\"https:\\\/\\\/storage.googleapis.com\\\/cz-shopatoa-img\\\/ro\\\/d4ab7d25-unnamed-file.webp\",\"contentUrl\":\"https:\\\/\\\/storage.googleapis.com\\\/cz-shopatoa-img\\\/ro\\\/d4ab7d25-unnamed-file.webp\",\"width\":800,\"height\":800},{\"@type\":\"BreadcrumbList\",\"@id\":\"https:\\\/\\\/shopatoa.com\\\/ro\\\/isdin-isdinceutics-flavo-c-forte-ser-intensiv-cu-vitamina-c-3x5-3-ml\\\/#breadcrumb\",\"itemListElement\":[{\"@type\":\"ListItem\",\"position\":1,\"name\":\"Dom\u016f\",\"item\":\"https:\\\/\\\/shopatoa.com\\\/ro\\\/\"},{\"@type\":\"ListItem\",\"position\":2,\"name\":\"Shop\",\"item\":\"https:\\\/\\\/shopatoa.com\\\/ro\\\/shop\\\/\"},{\"@type\":\"ListItem\",\"position\":3,\"name\":\"S\u0103n\u0103tate \u0219i frumuse\u021be\",\"item\":\"https:\\\/\\\/shopatoa.com\\\/ro\\\/sanatate-si-frumusete\\\/\"},{\"@type\":\"ListItem\",\"position\":4,\"name\":\"\u00cengrijire personal\u0103\",\"item\":\"https:\\\/\\\/shopatoa.com\\\/ro\\\/ingrijire-personala\\\/\"},{\"@type\":\"ListItem\",\"position\":5,\"name\":\"Cosmetice\",\"item\":\"https:\\\/\\\/shopatoa.com\\\/ro\\\/cosmetice-ingrijire-personala\\\/\"},{\"@type\":\"ListItem\",\"position\":6,\"name\":\"\u00cengrijirea pielii\",\"item\":\"https:\\\/\\\/shopatoa.com\\\/ro\\\/ingrijirea-pielii\\\/\"},{\"@type\":\"ListItem\",\"position\":7,\"name\":\"ISDIN Isdinceutics Flavo-C Forte ser intensiv cu vitamina C 3&#215;5.3 ml\"}]},{\"@type\":\"WebSite\",\"@id\":\"https:\\\/\\\/shopatoa.com\\\/ro\\\/#website\",\"url\":\"https:\\\/\\\/shopatoa.com\\\/ro\\\/\",\"name\":\"SHOPATOA\",\"description\":\"\",\"publisher\":{\"@id\":\"https:\\\/\\\/shopatoa.com\\\/ro\\\/#organization\"},\"potentialAction\":[{\"@type\":\"SearchAction\",\"target\":{\"@type\":\"EntryPoint\",\"urlTemplate\":\"https:\\\/\\\/shopatoa.com\\\/ro\\\/?s={search_term_string}\"},\"query-input\":{\"@type\":\"PropertyValueSpecification\",\"valueRequired\":true,\"valueName\":\"search_term_string\"}}],\"inLanguage\":\"ro-RO\"},{\"@type\":\"Organization\",\"@id\":\"https:\\\/\\\/shopatoa.com\\\/ro\\\/#organization\",\"name\":\"SHOPATOA\",\"url\":\"https:\\\/\\\/shopatoa.com\\\/ro\\\/\",\"logo\":{\"@type\":\"ImageObject\",\"inLanguage\":\"ro-RO\",\"@id\":\"https:\\\/\\\/shopatoa.com\\\/ro\\\/#\\\/schema\\\/logo\\\/image\\\/\",\"url\":\"https:\\\/\\\/storage.googleapis.com\\\/cz-shopatoa-img\\\/ro\\\/b4dac915-shopatoa_logo.png\",\"contentUrl\":\"https:\\\/\\\/storage.googleapis.com\\\/cz-shopatoa-img\\\/ro\\\/b4dac915-shopatoa_logo.png\",\"width\":416,\"height\":63,\"caption\":\"SHOPATOA\"},\"image\":{\"@id\":\"https:\\\/\\\/shopatoa.com\\\/ro\\\/#\\\/schema\\\/logo\\\/image\\\/\"}}]}<\/script>\n<!-- \/ Yoast SEO plugin. -->","yoast_head_json":{"title":"ISDIN Isdinceutics Flavo-C Forte ser intensiv cu vitamina C 3x5.3 ml - SHOPATOA.COM","robots":{"index":"index","follow":"follow","max-snippet":"max-snippet:-1","max-image-preview":"max-image-preview:large","max-video-preview":"max-video-preview:-1"},"canonical":"https:\/\/shopatoa.com\/ro\/isdin-isdinceutics-flavo-c-forte-ser-intensiv-cu-vitamina-c-3x5-3-ml\/","og_locale":"ro_RO","og_type":"article","og_title":"ISDIN Isdinceutics Flavo-C Forte ser intensiv cu vitamina C 3x5.3 ml - SHOPATOA.COM","og_description":"ISDIN Isdinceutics Flavo-C Forte, 3&#215;5.3 ml, Seruri pentru piele pentru femei, Sim\u021bi\u021bi c\u0103 tenul dvs. are nevoie de o \u00eengrijire suplimentar\u0103 fa\u021b\u0103 de cea oferit\u0103 de crema facial\u0103? Serul facial ISDIN Isdinceutics Flavo-C Forte v\u0103 va \u00eembog\u0103\u021bi perfect rutina de \u00eengrijire a tenului \u2013 va r\u0103sf\u0103\u021ba tenul \u0219i \u00eei va oferi o \u00eengrijire intensiv\u0103. Datorit\u0103...","og_url":"https:\/\/shopatoa.com\/ro\/isdin-isdinceutics-flavo-c-forte-ser-intensiv-cu-vitamina-c-3x5-3-ml\/","og_site_name":"SHOPATOA","article_modified_time":"2025-12-14T22:13:57+00:00","og_image":[{"width":800,"height":800,"url":"https:\/\/storage.googleapis.com\/cz-shopatoa-img\/ro\/d4ab7d25-unnamed-file.webp","type":"image\/webp"}],"twitter_card":"summary_large_image","twitter_misc":{"Timp estimat pentru citire":"1 minut"},"schema":{"@context":"https:\/\/schema.org","@graph":[{"@type":"WebPage","@id":"https:\/\/shopatoa.com\/ro\/isdin-isdinceutics-flavo-c-forte-ser-intensiv-cu-vitamina-c-3x5-3-ml\/","url":"https:\/\/shopatoa.com\/ro\/isdin-isdinceutics-flavo-c-forte-ser-intensiv-cu-vitamina-c-3x5-3-ml\/","name":"ISDIN Isdinceutics Flavo-C Forte ser intensiv cu vitamina C 3x5.3 ml - SHOPATOA.COM","isPartOf":{"@id":"https:\/\/shopatoa.com\/ro\/#website"},"primaryImageOfPage":{"@id":"https:\/\/shopatoa.com\/ro\/isdin-isdinceutics-flavo-c-forte-ser-intensiv-cu-vitamina-c-3x5-3-ml\/#primaryimage"},"image":{"@id":"https:\/\/shopatoa.com\/ro\/isdin-isdinceutics-flavo-c-forte-ser-intensiv-cu-vitamina-c-3x5-3-ml\/#primaryimage"},"thumbnailUrl":"https:\/\/storage.googleapis.com\/cz-shopatoa-img\/ro\/d4ab7d25-unnamed-file.webp","datePublished":"2025-06-29T13:14:56+00:00","dateModified":"2025-12-14T22:13:57+00:00","breadcrumb":{"@id":"https:\/\/shopatoa.com\/ro\/isdin-isdinceutics-flavo-c-forte-ser-intensiv-cu-vitamina-c-3x5-3-ml\/#breadcrumb"},"inLanguage":"ro-RO","potentialAction":[{"@type":"ReadAction","target":["https:\/\/shopatoa.com\/ro\/isdin-isdinceutics-flavo-c-forte-ser-intensiv-cu-vitamina-c-3x5-3-ml\/"]}]},{"@type":"ImageObject","inLanguage":"ro-RO","@id":"https:\/\/shopatoa.com\/ro\/isdin-isdinceutics-flavo-c-forte-ser-intensiv-cu-vitamina-c-3x5-3-ml\/#primaryimage","url":"https:\/\/storage.googleapis.com\/cz-shopatoa-img\/ro\/d4ab7d25-unnamed-file.webp","contentUrl":"https:\/\/storage.googleapis.com\/cz-shopatoa-img\/ro\/d4ab7d25-unnamed-file.webp","width":800,"height":800},{"@type":"BreadcrumbList","@id":"https:\/\/shopatoa.com\/ro\/isdin-isdinceutics-flavo-c-forte-ser-intensiv-cu-vitamina-c-3x5-3-ml\/#breadcrumb","itemListElement":[{"@type":"ListItem","position":1,"name":"Dom\u016f","item":"https:\/\/shopatoa.com\/ro\/"},{"@type":"ListItem","position":2,"name":"Shop","item":"https:\/\/shopatoa.com\/ro\/shop\/"},{"@type":"ListItem","position":3,"name":"S\u0103n\u0103tate \u0219i frumuse\u021be","item":"https:\/\/shopatoa.com\/ro\/sanatate-si-frumusete\/"},{"@type":"ListItem","position":4,"name":"\u00cengrijire personal\u0103","item":"https:\/\/shopatoa.com\/ro\/ingrijire-personala\/"},{"@type":"ListItem","position":5,"name":"Cosmetice","item":"https:\/\/shopatoa.com\/ro\/cosmetice-ingrijire-personala\/"},{"@type":"ListItem","position":6,"name":"\u00cengrijirea pielii","item":"https:\/\/shopatoa.com\/ro\/ingrijirea-pielii\/"},{"@type":"ListItem","position":7,"name":"ISDIN Isdinceutics Flavo-C Forte ser intensiv cu vitamina C 3&#215;5.3 ml"}]},{"@type":"WebSite","@id":"https:\/\/shopatoa.com\/ro\/#website","url":"https:\/\/shopatoa.com\/ro\/","name":"SHOPATOA","description":"","publisher":{"@id":"https:\/\/shopatoa.com\/ro\/#organization"},"potentialAction":[{"@type":"SearchAction","target":{"@type":"EntryPoint","urlTemplate":"https:\/\/shopatoa.com\/ro\/?s={search_term_string}"},"query-input":{"@type":"PropertyValueSpecification","valueRequired":true,"valueName":"search_term_string"}}],"inLanguage":"ro-RO"},{"@type":"Organization","@id":"https:\/\/shopatoa.com\/ro\/#organization","name":"SHOPATOA","url":"https:\/\/shopatoa.com\/ro\/","logo":{"@type":"ImageObject","inLanguage":"ro-RO","@id":"https:\/\/shopatoa.com\/ro\/#\/schema\/logo\/image\/","url":"https:\/\/storage.googleapis.com\/cz-shopatoa-img\/ro\/b4dac915-shopatoa_logo.png","contentUrl":"https:\/\/storage.googleapis.com\/cz-shopatoa-img\/ro\/b4dac915-shopatoa_logo.png","width":416,"height":63,"caption":"SHOPATOA"},"image":{"@id":"https:\/\/shopatoa.com\/ro\/#\/schema\/logo\/image\/"}}]}},"_links":{"self":[{"href":"https:\/\/shopatoa.com\/ro\/wp-json\/wp\/v2\/product\/482073","targetHints":{"allow":["GET"]}}],"collection":[{"href":"https:\/\/shopatoa.com\/ro\/wp-json\/wp\/v2\/product"}],"about":[{"href":"https:\/\/shopatoa.com\/ro\/wp-json\/wp\/v2\/types\/product"}],"replies":[{"embeddable":true,"href":"https:\/\/shopatoa.com\/ro\/wp-json\/wp\/v2\/comments?post=482073"}],"wp:featuredmedia":[{"embeddable":true,"href":"https:\/\/shopatoa.com\/ro\/wp-json\/wp\/v2\/media\/482074"}],"wp:attachment":[{"href":"https:\/\/shopatoa.com\/ro\/wp-json\/wp\/v2\/media?parent=482073"}],"wp:term":[{"taxonomy":"product_brand","embeddable":true,"href":"https:\/\/shopatoa.com\/ro\/wp-json\/wp\/v2\/product_brand?post=482073"},{"taxonomy":"product_cat","embeddable":true,"href":"https:\/\/shopatoa.com\/ro\/wp-json\/wp\/v2\/product_cat?post=482073"},{"taxonomy":"product_tag","embeddable":true,"href":"https:\/\/shopatoa.com\/ro\/wp-json\/wp\/v2\/product_tag?post=482073"}],"curies":[{"name":"wp","href":"https:\/\/api.w.org\/{rel}","templated":true}]}}