{"id":482207,"date":"2025-06-29T15:26:26","date_gmt":"2025-06-29T13:26:26","guid":{"rendered":"https:\/\/shopatoa.com\/ro\/astrid-hydro-x-cell-pernute-din-hidrogel-impotriva-pungilor-de-sub-ochi-1-pereche\/"},"modified":"2025-12-14T22:15:02","modified_gmt":"2025-12-14T21:15:02","slug":"astrid-hydro-x-cell-pernute-din-hidrogel-impotriva-pungilor-de-sub-ochi-1-pereche","status":"publish","type":"product","link":"https:\/\/shopatoa.com\/ro\/astrid-hydro-x-cell-pernute-din-hidrogel-impotriva-pungilor-de-sub-ochi-1-pereche\/","title":{"rendered":"Astrid Hydro X-Cell pernu\u021be din hidrogel impotriva pungilor de sub ochi 1 pereche"},"content":{"rendered":"<p>Astrid Hydro X-Cell, 1 pair, Masc\u0103 pentru ochi pentru femei, Zona ochilor este extrem de sensibil\u0103, tenul acesteia fiind foarte sub\u021bire \u0219i fragil \u0219i, prin urmare, mai predispus la semnele de oboseal\u0103 \u0219i \u00eemb\u0103tr\u00e2nire. De aceea, necesit\u0103 o \u00eengrijire special\u0103, cu o compozi\u021bie \u0219i consisten\u021b\u0103 concepute exact pentru nevoile ei. Masca pentru ochi Astrid Hydro X-Cell v\u0103 va completa perfect crema preferat\u0103, ori de c\u00e2te ori sim\u021bi\u021bi c\u0103 \u00eengrijirea obi\u0219nuit\u0103 a ochilor nu este suficient\u0103. Masca va \u00eembun\u0103t\u0103\u021bi calitatea tenului din zona ochilor, \u00eei va reda vitalitatea \u0219i aspectul proasp\u0103t \u0219i odihnit.  Caracteristici:  diminueaz\u0103 edemele \u0219i cearc\u0103nele hidrateaz\u0103 intens ilumineaz\u0103 zona ochilor hr\u0103ne\u0219te tenul  Ingrediente:  con\u021bine cel pu\u021bin 97 % ingrediente de origine natural\u0103 acid hialuronic \u2013 leag\u0103 o cantitate mare de ap\u0103 \u0219i hidrateaz\u0103 intens cafein\u0103 \u2013 contribuie la combaterea cearc\u0103nelor, a edemelor \u0219i a pungilor de sub ochi, ofer\u0103 protec\u021bie antioxidant\u0103, asigur\u0103 un ten luminos \u0219i un aspect tineresc  Cum se utilizeaz\u0103: Scoate\u021bi plasturii din ambalaj \u0219i plasa\u021bi-i pe zona curat\u0103 de sub ochi.<\/p>\n","protected":false},"excerpt":{"rendered":"<p>Astrid Hydro X-Cell, 1 pair, Masc\u0103 pentru ochi pentru femei, Zona ochilor este extrem de sensibil\u0103, tenul acesteia fiind foarte sub\u021bire \u0219i fragil \u0219i, prin urmare, mai predispus la semnele de oboseal\u0103 \u0219i \u00eemb\u0103tr\u00e2nire. De aceea, necesit\u0103 o \u00eengrijire special\u0103, cu o compozi\u021bie \u0219i consisten\u021b\u0103 concepute exact pentru nevoile ei. Masca pentru ochi Astrid Hydro&#8230;<\/p>\n","protected":false},"featured_media":482208,"comment_status":"closed","ping_status":"open","template":"","meta":{"_acf_changed":false,"_kadence_starter_templates_imported_post":false,"_kad_post_transparent":"","_kad_post_title":"","_kad_post_layout":"","_kad_post_sidebar_id":"","_kad_post_content_style":"","_kad_post_vertical_padding":"","_kad_post_feature":"","_kad_post_feature_position":"","_kad_post_header":false,"_kad_post_footer":false,"_kad_post_classname":""},"product_brand":[2275],"product_cat":[1564,1563,1565,1614,1562],"product_tag":[],"class_list":{"0":"post-482207","1":"product","2":"type-product","3":"status-publish","4":"has-post-thumbnail","6":"product_brand-astrid","7":"product_cat-cosmetice-ingrijire-personala","8":"product_cat-ingrijire-personala","9":"product_cat-ingrijirea-pielii","10":"product_cat-masti-si-peelings-pentru-ten","11":"product_cat-sanatate-si-frumusete","12":"pa_gen-female","13":"pa_marime-1-pair","15":"first","16":"instock","17":"sale","18":"product-type-external","19":"entry","20":"content-bg","21":"loop-entry"},"acf":[],"yoast_head":"<!-- This site is optimized with the Yoast SEO plugin v27.4 - https:\/\/yoast.com\/product\/yoast-seo-wordpress\/ -->\n<title>Astrid Hydro X-Cell pernu\u021be din hidrogel impotriva pungilor de sub ochi 1 pereche - SHOPATOA.COM<\/title>\n<meta name=\"robots\" content=\"index, follow, max-snippet:-1, max-image-preview:large, max-video-preview:-1\" \/>\n<link rel=\"canonical\" href=\"https:\/\/shopatoa.com\/ro\/astrid-hydro-x-cell-pernute-din-hidrogel-impotriva-pungilor-de-sub-ochi-1-pereche\/\" \/>\n<meta property=\"og:locale\" content=\"ro_RO\" \/>\n<meta property=\"og:type\" content=\"article\" \/>\n<meta property=\"og:title\" content=\"Astrid Hydro X-Cell pernu\u021be din hidrogel impotriva pungilor de sub ochi 1 pereche - SHOPATOA.COM\" \/>\n<meta property=\"og:description\" content=\"Astrid Hydro X-Cell, 1 pair, Masc\u0103 pentru ochi pentru femei, Zona ochilor este extrem de sensibil\u0103, tenul acesteia fiind foarte sub\u021bire \u0219i fragil \u0219i, prin urmare, mai predispus la semnele de oboseal\u0103 \u0219i \u00eemb\u0103tr\u00e2nire. De aceea, necesit\u0103 o \u00eengrijire special\u0103, cu o compozi\u021bie \u0219i consisten\u021b\u0103 concepute exact pentru nevoile ei. Masca pentru ochi Astrid Hydro...\" \/>\n<meta property=\"og:url\" content=\"https:\/\/shopatoa.com\/ro\/astrid-hydro-x-cell-pernute-din-hidrogel-impotriva-pungilor-de-sub-ochi-1-pereche\/\" \/>\n<meta property=\"og:site_name\" content=\"SHOPATOA\" \/>\n<meta property=\"article:modified_time\" content=\"2025-12-14T21:15:02+00:00\" \/>\n<meta property=\"og:image\" content=\"https:\/\/storage.googleapis.com\/cz-shopatoa-img\/ro\/ac930af3-unnamed-file.webp\" \/>\n\t<meta property=\"og:image:width\" content=\"800\" \/>\n\t<meta property=\"og:image:height\" content=\"800\" \/>\n\t<meta property=\"og:image:type\" content=\"image\/webp\" \/>\n<meta name=\"twitter:card\" content=\"summary_large_image\" \/>\n<meta name=\"twitter:label1\" content=\"Timp estimat pentru citire\" \/>\n\t<meta name=\"twitter:data1\" content=\"1 minut\" \/>\n<script type=\"application\/ld+json\" class=\"yoast-schema-graph\">{\"@context\":\"https:\\\/\\\/schema.org\",\"@graph\":[{\"@type\":\"WebPage\",\"@id\":\"https:\\\/\\\/shopatoa.com\\\/ro\\\/astrid-hydro-x-cell-pernute-din-hidrogel-impotriva-pungilor-de-sub-ochi-1-pereche\\\/\",\"url\":\"https:\\\/\\\/shopatoa.com\\\/ro\\\/astrid-hydro-x-cell-pernute-din-hidrogel-impotriva-pungilor-de-sub-ochi-1-pereche\\\/\",\"name\":\"Astrid Hydro X-Cell pernu\u021be din hidrogel impotriva pungilor de sub ochi 1 pereche - SHOPATOA.COM\",\"isPartOf\":{\"@id\":\"https:\\\/\\\/shopatoa.com\\\/ro\\\/#website\"},\"primaryImageOfPage\":{\"@id\":\"https:\\\/\\\/shopatoa.com\\\/ro\\\/astrid-hydro-x-cell-pernute-din-hidrogel-impotriva-pungilor-de-sub-ochi-1-pereche\\\/#primaryimage\"},\"image\":{\"@id\":\"https:\\\/\\\/shopatoa.com\\\/ro\\\/astrid-hydro-x-cell-pernute-din-hidrogel-impotriva-pungilor-de-sub-ochi-1-pereche\\\/#primaryimage\"},\"thumbnailUrl\":\"https:\\\/\\\/storage.googleapis.com\\\/cz-shopatoa-img\\\/ro\\\/ac930af3-unnamed-file.webp\",\"datePublished\":\"2025-06-29T13:26:26+00:00\",\"dateModified\":\"2025-12-14T21:15:02+00:00\",\"breadcrumb\":{\"@id\":\"https:\\\/\\\/shopatoa.com\\\/ro\\\/astrid-hydro-x-cell-pernute-din-hidrogel-impotriva-pungilor-de-sub-ochi-1-pereche\\\/#breadcrumb\"},\"inLanguage\":\"ro-RO\",\"potentialAction\":[{\"@type\":\"ReadAction\",\"target\":[\"https:\\\/\\\/shopatoa.com\\\/ro\\\/astrid-hydro-x-cell-pernute-din-hidrogel-impotriva-pungilor-de-sub-ochi-1-pereche\\\/\"]}]},{\"@type\":\"ImageObject\",\"inLanguage\":\"ro-RO\",\"@id\":\"https:\\\/\\\/shopatoa.com\\\/ro\\\/astrid-hydro-x-cell-pernute-din-hidrogel-impotriva-pungilor-de-sub-ochi-1-pereche\\\/#primaryimage\",\"url\":\"https:\\\/\\\/storage.googleapis.com\\\/cz-shopatoa-img\\\/ro\\\/ac930af3-unnamed-file.webp\",\"contentUrl\":\"https:\\\/\\\/storage.googleapis.com\\\/cz-shopatoa-img\\\/ro\\\/ac930af3-unnamed-file.webp\",\"width\":800,\"height\":800},{\"@type\":\"BreadcrumbList\",\"@id\":\"https:\\\/\\\/shopatoa.com\\\/ro\\\/astrid-hydro-x-cell-pernute-din-hidrogel-impotriva-pungilor-de-sub-ochi-1-pereche\\\/#breadcrumb\",\"itemListElement\":[{\"@type\":\"ListItem\",\"position\":1,\"name\":\"Dom\u016f\",\"item\":\"https:\\\/\\\/shopatoa.com\\\/ro\\\/\"},{\"@type\":\"ListItem\",\"position\":2,\"name\":\"Shop\",\"item\":\"https:\\\/\\\/shopatoa.com\\\/ro\\\/shop\\\/\"},{\"@type\":\"ListItem\",\"position\":3,\"name\":\"S\u0103n\u0103tate \u0219i frumuse\u021be\",\"item\":\"https:\\\/\\\/shopatoa.com\\\/ro\\\/sanatate-si-frumusete\\\/\"},{\"@type\":\"ListItem\",\"position\":4,\"name\":\"\u00cengrijire personal\u0103\",\"item\":\"https:\\\/\\\/shopatoa.com\\\/ro\\\/ingrijire-personala\\\/\"},{\"@type\":\"ListItem\",\"position\":5,\"name\":\"Cosmetice\",\"item\":\"https:\\\/\\\/shopatoa.com\\\/ro\\\/cosmetice-ingrijire-personala\\\/\"},{\"@type\":\"ListItem\",\"position\":6,\"name\":\"\u00cengrijirea pielii\",\"item\":\"https:\\\/\\\/shopatoa.com\\\/ro\\\/ingrijirea-pielii\\\/\"},{\"@type\":\"ListItem\",\"position\":7,\"name\":\"M\u0103\u0219ti \u0219i peelings pentru ten\",\"item\":\"https:\\\/\\\/shopatoa.com\\\/ro\\\/masti-si-peelings-pentru-ten\\\/\"},{\"@type\":\"ListItem\",\"position\":8,\"name\":\"Astrid Hydro X-Cell pernu\u021be din hidrogel impotriva pungilor de sub ochi 1 pereche\"}]},{\"@type\":\"WebSite\",\"@id\":\"https:\\\/\\\/shopatoa.com\\\/ro\\\/#website\",\"url\":\"https:\\\/\\\/shopatoa.com\\\/ro\\\/\",\"name\":\"SHOPATOA\",\"description\":\"\",\"publisher\":{\"@id\":\"https:\\\/\\\/shopatoa.com\\\/ro\\\/#organization\"},\"potentialAction\":[{\"@type\":\"SearchAction\",\"target\":{\"@type\":\"EntryPoint\",\"urlTemplate\":\"https:\\\/\\\/shopatoa.com\\\/ro\\\/?s={search_term_string}\"},\"query-input\":{\"@type\":\"PropertyValueSpecification\",\"valueRequired\":true,\"valueName\":\"search_term_string\"}}],\"inLanguage\":\"ro-RO\"},{\"@type\":\"Organization\",\"@id\":\"https:\\\/\\\/shopatoa.com\\\/ro\\\/#organization\",\"name\":\"SHOPATOA\",\"url\":\"https:\\\/\\\/shopatoa.com\\\/ro\\\/\",\"logo\":{\"@type\":\"ImageObject\",\"inLanguage\":\"ro-RO\",\"@id\":\"https:\\\/\\\/shopatoa.com\\\/ro\\\/#\\\/schema\\\/logo\\\/image\\\/\",\"url\":\"https:\\\/\\\/storage.googleapis.com\\\/cz-shopatoa-img\\\/ro\\\/b4dac915-shopatoa_logo.png\",\"contentUrl\":\"https:\\\/\\\/storage.googleapis.com\\\/cz-shopatoa-img\\\/ro\\\/b4dac915-shopatoa_logo.png\",\"width\":416,\"height\":63,\"caption\":\"SHOPATOA\"},\"image\":{\"@id\":\"https:\\\/\\\/shopatoa.com\\\/ro\\\/#\\\/schema\\\/logo\\\/image\\\/\"}}]}<\/script>\n<!-- \/ Yoast SEO plugin. -->","yoast_head_json":{"title":"Astrid Hydro X-Cell pernu\u021be din hidrogel impotriva pungilor de sub ochi 1 pereche - SHOPATOA.COM","robots":{"index":"index","follow":"follow","max-snippet":"max-snippet:-1","max-image-preview":"max-image-preview:large","max-video-preview":"max-video-preview:-1"},"canonical":"https:\/\/shopatoa.com\/ro\/astrid-hydro-x-cell-pernute-din-hidrogel-impotriva-pungilor-de-sub-ochi-1-pereche\/","og_locale":"ro_RO","og_type":"article","og_title":"Astrid Hydro X-Cell pernu\u021be din hidrogel impotriva pungilor de sub ochi 1 pereche - SHOPATOA.COM","og_description":"Astrid Hydro X-Cell, 1 pair, Masc\u0103 pentru ochi pentru femei, Zona ochilor este extrem de sensibil\u0103, tenul acesteia fiind foarte sub\u021bire \u0219i fragil \u0219i, prin urmare, mai predispus la semnele de oboseal\u0103 \u0219i \u00eemb\u0103tr\u00e2nire. De aceea, necesit\u0103 o \u00eengrijire special\u0103, cu o compozi\u021bie \u0219i consisten\u021b\u0103 concepute exact pentru nevoile ei. Masca pentru ochi Astrid Hydro...","og_url":"https:\/\/shopatoa.com\/ro\/astrid-hydro-x-cell-pernute-din-hidrogel-impotriva-pungilor-de-sub-ochi-1-pereche\/","og_site_name":"SHOPATOA","article_modified_time":"2025-12-14T21:15:02+00:00","og_image":[{"width":800,"height":800,"url":"https:\/\/storage.googleapis.com\/cz-shopatoa-img\/ro\/ac930af3-unnamed-file.webp","type":"image\/webp"}],"twitter_card":"summary_large_image","twitter_misc":{"Timp estimat pentru citire":"1 minut"},"schema":{"@context":"https:\/\/schema.org","@graph":[{"@type":"WebPage","@id":"https:\/\/shopatoa.com\/ro\/astrid-hydro-x-cell-pernute-din-hidrogel-impotriva-pungilor-de-sub-ochi-1-pereche\/","url":"https:\/\/shopatoa.com\/ro\/astrid-hydro-x-cell-pernute-din-hidrogel-impotriva-pungilor-de-sub-ochi-1-pereche\/","name":"Astrid Hydro X-Cell pernu\u021be din hidrogel impotriva pungilor de sub ochi 1 pereche - SHOPATOA.COM","isPartOf":{"@id":"https:\/\/shopatoa.com\/ro\/#website"},"primaryImageOfPage":{"@id":"https:\/\/shopatoa.com\/ro\/astrid-hydro-x-cell-pernute-din-hidrogel-impotriva-pungilor-de-sub-ochi-1-pereche\/#primaryimage"},"image":{"@id":"https:\/\/shopatoa.com\/ro\/astrid-hydro-x-cell-pernute-din-hidrogel-impotriva-pungilor-de-sub-ochi-1-pereche\/#primaryimage"},"thumbnailUrl":"https:\/\/storage.googleapis.com\/cz-shopatoa-img\/ro\/ac930af3-unnamed-file.webp","datePublished":"2025-06-29T13:26:26+00:00","dateModified":"2025-12-14T21:15:02+00:00","breadcrumb":{"@id":"https:\/\/shopatoa.com\/ro\/astrid-hydro-x-cell-pernute-din-hidrogel-impotriva-pungilor-de-sub-ochi-1-pereche\/#breadcrumb"},"inLanguage":"ro-RO","potentialAction":[{"@type":"ReadAction","target":["https:\/\/shopatoa.com\/ro\/astrid-hydro-x-cell-pernute-din-hidrogel-impotriva-pungilor-de-sub-ochi-1-pereche\/"]}]},{"@type":"ImageObject","inLanguage":"ro-RO","@id":"https:\/\/shopatoa.com\/ro\/astrid-hydro-x-cell-pernute-din-hidrogel-impotriva-pungilor-de-sub-ochi-1-pereche\/#primaryimage","url":"https:\/\/storage.googleapis.com\/cz-shopatoa-img\/ro\/ac930af3-unnamed-file.webp","contentUrl":"https:\/\/storage.googleapis.com\/cz-shopatoa-img\/ro\/ac930af3-unnamed-file.webp","width":800,"height":800},{"@type":"BreadcrumbList","@id":"https:\/\/shopatoa.com\/ro\/astrid-hydro-x-cell-pernute-din-hidrogel-impotriva-pungilor-de-sub-ochi-1-pereche\/#breadcrumb","itemListElement":[{"@type":"ListItem","position":1,"name":"Dom\u016f","item":"https:\/\/shopatoa.com\/ro\/"},{"@type":"ListItem","position":2,"name":"Shop","item":"https:\/\/shopatoa.com\/ro\/shop\/"},{"@type":"ListItem","position":3,"name":"S\u0103n\u0103tate \u0219i frumuse\u021be","item":"https:\/\/shopatoa.com\/ro\/sanatate-si-frumusete\/"},{"@type":"ListItem","position":4,"name":"\u00cengrijire personal\u0103","item":"https:\/\/shopatoa.com\/ro\/ingrijire-personala\/"},{"@type":"ListItem","position":5,"name":"Cosmetice","item":"https:\/\/shopatoa.com\/ro\/cosmetice-ingrijire-personala\/"},{"@type":"ListItem","position":6,"name":"\u00cengrijirea pielii","item":"https:\/\/shopatoa.com\/ro\/ingrijirea-pielii\/"},{"@type":"ListItem","position":7,"name":"M\u0103\u0219ti \u0219i peelings pentru ten","item":"https:\/\/shopatoa.com\/ro\/masti-si-peelings-pentru-ten\/"},{"@type":"ListItem","position":8,"name":"Astrid Hydro X-Cell pernu\u021be din hidrogel impotriva pungilor de sub ochi 1 pereche"}]},{"@type":"WebSite","@id":"https:\/\/shopatoa.com\/ro\/#website","url":"https:\/\/shopatoa.com\/ro\/","name":"SHOPATOA","description":"","publisher":{"@id":"https:\/\/shopatoa.com\/ro\/#organization"},"potentialAction":[{"@type":"SearchAction","target":{"@type":"EntryPoint","urlTemplate":"https:\/\/shopatoa.com\/ro\/?s={search_term_string}"},"query-input":{"@type":"PropertyValueSpecification","valueRequired":true,"valueName":"search_term_string"}}],"inLanguage":"ro-RO"},{"@type":"Organization","@id":"https:\/\/shopatoa.com\/ro\/#organization","name":"SHOPATOA","url":"https:\/\/shopatoa.com\/ro\/","logo":{"@type":"ImageObject","inLanguage":"ro-RO","@id":"https:\/\/shopatoa.com\/ro\/#\/schema\/logo\/image\/","url":"https:\/\/storage.googleapis.com\/cz-shopatoa-img\/ro\/b4dac915-shopatoa_logo.png","contentUrl":"https:\/\/storage.googleapis.com\/cz-shopatoa-img\/ro\/b4dac915-shopatoa_logo.png","width":416,"height":63,"caption":"SHOPATOA"},"image":{"@id":"https:\/\/shopatoa.com\/ro\/#\/schema\/logo\/image\/"}}]}},"_links":{"self":[{"href":"https:\/\/shopatoa.com\/ro\/wp-json\/wp\/v2\/product\/482207","targetHints":{"allow":["GET"]}}],"collection":[{"href":"https:\/\/shopatoa.com\/ro\/wp-json\/wp\/v2\/product"}],"about":[{"href":"https:\/\/shopatoa.com\/ro\/wp-json\/wp\/v2\/types\/product"}],"replies":[{"embeddable":true,"href":"https:\/\/shopatoa.com\/ro\/wp-json\/wp\/v2\/comments?post=482207"}],"wp:featuredmedia":[{"embeddable":true,"href":"https:\/\/shopatoa.com\/ro\/wp-json\/wp\/v2\/media\/482208"}],"wp:attachment":[{"href":"https:\/\/shopatoa.com\/ro\/wp-json\/wp\/v2\/media?parent=482207"}],"wp:term":[{"taxonomy":"product_brand","embeddable":true,"href":"https:\/\/shopatoa.com\/ro\/wp-json\/wp\/v2\/product_brand?post=482207"},{"taxonomy":"product_cat","embeddable":true,"href":"https:\/\/shopatoa.com\/ro\/wp-json\/wp\/v2\/product_cat?post=482207"},{"taxonomy":"product_tag","embeddable":true,"href":"https:\/\/shopatoa.com\/ro\/wp-json\/wp\/v2\/product_tag?post=482207"}],"curies":[{"name":"wp","href":"https:\/\/api.w.org\/{rel}","templated":true}]}}