{"id":482311,"date":"2025-06-29T15:36:10","date_gmt":"2025-06-29T13:36:10","guid":{"rendered":"https:\/\/shopatoa.com\/ro\/wad-nixe-silver-blade-capete-de-schimb-1-buc\/"},"modified":"2025-12-14T21:33:34","modified_gmt":"2025-12-14T20:33:34","slug":"wad-nixe-silver-blade-capete-de-schimb-1-buc","status":"publish","type":"product","link":"https:\/\/shopatoa.com\/ro\/wad-nixe-silver-blade-capete-de-schimb-1-buc\/","title":{"rendered":"Wad Nixe Silver Blade capete de schimb 1 buc"},"content":{"rendered":"<p>Wad Nixe Silver Blade, 1 buc, Lame de schimb pentru b\u0103rba\u021bi, Nu mai ob\u021bine\u021bi acelea\u0219i rezultate precise cu aparatul de ras ca \u00eenainte? Este timpul s\u0103 schimba\u021bi lamele. Capetele de rezerv\u0103 Wad Nixe Silver Blade \u0219i schimbarea periodic\u0103 a acestora garanteaz\u0103 un b\u0103rbierit la fel de neted ca \u0219i cu un aparat de ras nou.  Caracteristici:  nu irit\u0103 pielea u\u0219or de schimbat asigur\u0103 un b\u0103rbierit extrem de neted las\u0103 tenul proasp\u0103t \u0219i f\u0103r\u0103 ro\u0219ea\u021b\u0103  Cum se utilizeaz\u0103: Se vor urma instruc\u021biunile incluse.<\/p>\n","protected":false},"excerpt":{"rendered":"<p>Wad Nixe Silver Blade, 1 buc, Lame de schimb pentru b\u0103rba\u021bi, Nu mai ob\u021bine\u021bi acelea\u0219i rezultate precise cu aparatul de ras ca \u00eenainte? Este timpul s\u0103 schimba\u021bi lamele. Capetele de rezerv\u0103 Wad Nixe Silver Blade \u0219i schimbarea periodic\u0103 a acestora garanteaz\u0103 un b\u0103rbierit la fel de neted ca \u0219i cu un aparat de ras nou&#8230;.<\/p>\n","protected":false},"featured_media":482312,"comment_status":"closed","ping_status":"open","template":"","meta":{"_acf_changed":false,"_kadence_starter_templates_imported_post":false,"_kad_post_transparent":"","_kad_post_title":"","_kad_post_layout":"","_kad_post_sidebar_id":"","_kad_post_content_style":"","_kad_post_vertical_padding":"","_kad_post_feature":"","_kad_post_feature_position":"","_kad_post_header":false,"_kad_post_footer":false,"_kad_post_classname":""},"product_brand":[1916],"product_cat":[1881,1563,1882,1562],"product_tag":[],"class_list":{"0":"post-482311","1":"product","2":"type-product","3":"status-publish","4":"has-post-thumbnail","6":"product_brand-wad","7":"product_cat-barbierit-si-ingrijire","8":"product_cat-ingrijire-personala","9":"product_cat-masini-de-ras-si-lame-de-ras","10":"product_cat-sanatate-si-frumusete","11":"pa_gen-male","12":"pa_marime-1-buc","14":"first","15":"instock","16":"sale","17":"product-type-external","18":"entry","19":"content-bg","20":"loop-entry"},"acf":[],"yoast_head":"<!-- This site is optimized with the Yoast SEO plugin v27.4 - https:\/\/yoast.com\/product\/yoast-seo-wordpress\/ -->\n<title>Wad Nixe Silver Blade capete de schimb 1 buc - SHOPATOA.COM<\/title>\n<meta name=\"robots\" content=\"index, follow, max-snippet:-1, max-image-preview:large, max-video-preview:-1\" \/>\n<link rel=\"canonical\" href=\"https:\/\/shopatoa.com\/ro\/wad-nixe-silver-blade-capete-de-schimb-1-buc\/\" \/>\n<meta property=\"og:locale\" content=\"ro_RO\" \/>\n<meta property=\"og:type\" content=\"article\" \/>\n<meta property=\"og:title\" content=\"Wad Nixe Silver Blade capete de schimb 1 buc - SHOPATOA.COM\" \/>\n<meta property=\"og:description\" content=\"Wad Nixe Silver Blade, 1 buc, Lame de schimb pentru b\u0103rba\u021bi, Nu mai ob\u021bine\u021bi acelea\u0219i rezultate precise cu aparatul de ras ca \u00eenainte? Este timpul s\u0103 schimba\u021bi lamele. Capetele de rezerv\u0103 Wad Nixe Silver Blade \u0219i schimbarea periodic\u0103 a acestora garanteaz\u0103 un b\u0103rbierit la fel de neted ca \u0219i cu un aparat de ras nou....\" \/>\n<meta property=\"og:url\" content=\"https:\/\/shopatoa.com\/ro\/wad-nixe-silver-blade-capete-de-schimb-1-buc\/\" \/>\n<meta property=\"og:site_name\" content=\"SHOPATOA\" \/>\n<meta property=\"article:modified_time\" content=\"2025-12-14T20:33:34+00:00\" \/>\n<meta property=\"og:image\" content=\"https:\/\/storage.googleapis.com\/cz-shopatoa-img\/ro\/428a8c72-unnamed-file.webp\" \/>\n\t<meta property=\"og:image:width\" content=\"800\" \/>\n\t<meta property=\"og:image:height\" content=\"800\" \/>\n\t<meta property=\"og:image:type\" content=\"image\/webp\" \/>\n<meta name=\"twitter:card\" content=\"summary_large_image\" \/>\n<script type=\"application\/ld+json\" class=\"yoast-schema-graph\">{\"@context\":\"https:\\\/\\\/schema.org\",\"@graph\":[{\"@type\":\"WebPage\",\"@id\":\"https:\\\/\\\/shopatoa.com\\\/ro\\\/wad-nixe-silver-blade-capete-de-schimb-1-buc\\\/\",\"url\":\"https:\\\/\\\/shopatoa.com\\\/ro\\\/wad-nixe-silver-blade-capete-de-schimb-1-buc\\\/\",\"name\":\"Wad Nixe Silver Blade capete de schimb 1 buc - SHOPATOA.COM\",\"isPartOf\":{\"@id\":\"https:\\\/\\\/shopatoa.com\\\/ro\\\/#website\"},\"primaryImageOfPage\":{\"@id\":\"https:\\\/\\\/shopatoa.com\\\/ro\\\/wad-nixe-silver-blade-capete-de-schimb-1-buc\\\/#primaryimage\"},\"image\":{\"@id\":\"https:\\\/\\\/shopatoa.com\\\/ro\\\/wad-nixe-silver-blade-capete-de-schimb-1-buc\\\/#primaryimage\"},\"thumbnailUrl\":\"https:\\\/\\\/storage.googleapis.com\\\/cz-shopatoa-img\\\/ro\\\/428a8c72-unnamed-file.webp\",\"datePublished\":\"2025-06-29T13:36:10+00:00\",\"dateModified\":\"2025-12-14T20:33:34+00:00\",\"breadcrumb\":{\"@id\":\"https:\\\/\\\/shopatoa.com\\\/ro\\\/wad-nixe-silver-blade-capete-de-schimb-1-buc\\\/#breadcrumb\"},\"inLanguage\":\"ro-RO\",\"potentialAction\":[{\"@type\":\"ReadAction\",\"target\":[\"https:\\\/\\\/shopatoa.com\\\/ro\\\/wad-nixe-silver-blade-capete-de-schimb-1-buc\\\/\"]}]},{\"@type\":\"ImageObject\",\"inLanguage\":\"ro-RO\",\"@id\":\"https:\\\/\\\/shopatoa.com\\\/ro\\\/wad-nixe-silver-blade-capete-de-schimb-1-buc\\\/#primaryimage\",\"url\":\"https:\\\/\\\/storage.googleapis.com\\\/cz-shopatoa-img\\\/ro\\\/428a8c72-unnamed-file.webp\",\"contentUrl\":\"https:\\\/\\\/storage.googleapis.com\\\/cz-shopatoa-img\\\/ro\\\/428a8c72-unnamed-file.webp\",\"width\":800,\"height\":800},{\"@type\":\"BreadcrumbList\",\"@id\":\"https:\\\/\\\/shopatoa.com\\\/ro\\\/wad-nixe-silver-blade-capete-de-schimb-1-buc\\\/#breadcrumb\",\"itemListElement\":[{\"@type\":\"ListItem\",\"position\":1,\"name\":\"Dom\u016f\",\"item\":\"https:\\\/\\\/shopatoa.com\\\/ro\\\/\"},{\"@type\":\"ListItem\",\"position\":2,\"name\":\"Shop\",\"item\":\"https:\\\/\\\/shopatoa.com\\\/ro\\\/shop\\\/\"},{\"@type\":\"ListItem\",\"position\":3,\"name\":\"S\u0103n\u0103tate \u0219i frumuse\u021be\",\"item\":\"https:\\\/\\\/shopatoa.com\\\/ro\\\/sanatate-si-frumusete\\\/\"},{\"@type\":\"ListItem\",\"position\":4,\"name\":\"\u00cengrijire personal\u0103\",\"item\":\"https:\\\/\\\/shopatoa.com\\\/ro\\\/ingrijire-personala\\\/\"},{\"@type\":\"ListItem\",\"position\":5,\"name\":\"B\u0103rbierit \u0219i \u00eengrijire\",\"item\":\"https:\\\/\\\/shopatoa.com\\\/ro\\\/barbierit-si-ingrijire\\\/\"},{\"@type\":\"ListItem\",\"position\":6,\"name\":\"Ma\u0219ini de ras \u0219i lame de ras\",\"item\":\"https:\\\/\\\/shopatoa.com\\\/ro\\\/masini-de-ras-si-lame-de-ras\\\/\"},{\"@type\":\"ListItem\",\"position\":7,\"name\":\"Wad Nixe Silver Blade capete de schimb 1 buc\"}]},{\"@type\":\"WebSite\",\"@id\":\"https:\\\/\\\/shopatoa.com\\\/ro\\\/#website\",\"url\":\"https:\\\/\\\/shopatoa.com\\\/ro\\\/\",\"name\":\"SHOPATOA\",\"description\":\"\",\"publisher\":{\"@id\":\"https:\\\/\\\/shopatoa.com\\\/ro\\\/#organization\"},\"potentialAction\":[{\"@type\":\"SearchAction\",\"target\":{\"@type\":\"EntryPoint\",\"urlTemplate\":\"https:\\\/\\\/shopatoa.com\\\/ro\\\/?s={search_term_string}\"},\"query-input\":{\"@type\":\"PropertyValueSpecification\",\"valueRequired\":true,\"valueName\":\"search_term_string\"}}],\"inLanguage\":\"ro-RO\"},{\"@type\":\"Organization\",\"@id\":\"https:\\\/\\\/shopatoa.com\\\/ro\\\/#organization\",\"name\":\"SHOPATOA\",\"url\":\"https:\\\/\\\/shopatoa.com\\\/ro\\\/\",\"logo\":{\"@type\":\"ImageObject\",\"inLanguage\":\"ro-RO\",\"@id\":\"https:\\\/\\\/shopatoa.com\\\/ro\\\/#\\\/schema\\\/logo\\\/image\\\/\",\"url\":\"https:\\\/\\\/storage.googleapis.com\\\/cz-shopatoa-img\\\/ro\\\/b4dac915-shopatoa_logo.png\",\"contentUrl\":\"https:\\\/\\\/storage.googleapis.com\\\/cz-shopatoa-img\\\/ro\\\/b4dac915-shopatoa_logo.png\",\"width\":416,\"height\":63,\"caption\":\"SHOPATOA\"},\"image\":{\"@id\":\"https:\\\/\\\/shopatoa.com\\\/ro\\\/#\\\/schema\\\/logo\\\/image\\\/\"}}]}<\/script>\n<!-- \/ Yoast SEO plugin. -->","yoast_head_json":{"title":"Wad Nixe Silver Blade capete de schimb 1 buc - SHOPATOA.COM","robots":{"index":"index","follow":"follow","max-snippet":"max-snippet:-1","max-image-preview":"max-image-preview:large","max-video-preview":"max-video-preview:-1"},"canonical":"https:\/\/shopatoa.com\/ro\/wad-nixe-silver-blade-capete-de-schimb-1-buc\/","og_locale":"ro_RO","og_type":"article","og_title":"Wad Nixe Silver Blade capete de schimb 1 buc - SHOPATOA.COM","og_description":"Wad Nixe Silver Blade, 1 buc, Lame de schimb pentru b\u0103rba\u021bi, Nu mai ob\u021bine\u021bi acelea\u0219i rezultate precise cu aparatul de ras ca \u00eenainte? Este timpul s\u0103 schimba\u021bi lamele. Capetele de rezerv\u0103 Wad Nixe Silver Blade \u0219i schimbarea periodic\u0103 a acestora garanteaz\u0103 un b\u0103rbierit la fel de neted ca \u0219i cu un aparat de ras nou....","og_url":"https:\/\/shopatoa.com\/ro\/wad-nixe-silver-blade-capete-de-schimb-1-buc\/","og_site_name":"SHOPATOA","article_modified_time":"2025-12-14T20:33:34+00:00","og_image":[{"width":800,"height":800,"url":"https:\/\/storage.googleapis.com\/cz-shopatoa-img\/ro\/428a8c72-unnamed-file.webp","type":"image\/webp"}],"twitter_card":"summary_large_image","schema":{"@context":"https:\/\/schema.org","@graph":[{"@type":"WebPage","@id":"https:\/\/shopatoa.com\/ro\/wad-nixe-silver-blade-capete-de-schimb-1-buc\/","url":"https:\/\/shopatoa.com\/ro\/wad-nixe-silver-blade-capete-de-schimb-1-buc\/","name":"Wad Nixe Silver Blade capete de schimb 1 buc - SHOPATOA.COM","isPartOf":{"@id":"https:\/\/shopatoa.com\/ro\/#website"},"primaryImageOfPage":{"@id":"https:\/\/shopatoa.com\/ro\/wad-nixe-silver-blade-capete-de-schimb-1-buc\/#primaryimage"},"image":{"@id":"https:\/\/shopatoa.com\/ro\/wad-nixe-silver-blade-capete-de-schimb-1-buc\/#primaryimage"},"thumbnailUrl":"https:\/\/storage.googleapis.com\/cz-shopatoa-img\/ro\/428a8c72-unnamed-file.webp","datePublished":"2025-06-29T13:36:10+00:00","dateModified":"2025-12-14T20:33:34+00:00","breadcrumb":{"@id":"https:\/\/shopatoa.com\/ro\/wad-nixe-silver-blade-capete-de-schimb-1-buc\/#breadcrumb"},"inLanguage":"ro-RO","potentialAction":[{"@type":"ReadAction","target":["https:\/\/shopatoa.com\/ro\/wad-nixe-silver-blade-capete-de-schimb-1-buc\/"]}]},{"@type":"ImageObject","inLanguage":"ro-RO","@id":"https:\/\/shopatoa.com\/ro\/wad-nixe-silver-blade-capete-de-schimb-1-buc\/#primaryimage","url":"https:\/\/storage.googleapis.com\/cz-shopatoa-img\/ro\/428a8c72-unnamed-file.webp","contentUrl":"https:\/\/storage.googleapis.com\/cz-shopatoa-img\/ro\/428a8c72-unnamed-file.webp","width":800,"height":800},{"@type":"BreadcrumbList","@id":"https:\/\/shopatoa.com\/ro\/wad-nixe-silver-blade-capete-de-schimb-1-buc\/#breadcrumb","itemListElement":[{"@type":"ListItem","position":1,"name":"Dom\u016f","item":"https:\/\/shopatoa.com\/ro\/"},{"@type":"ListItem","position":2,"name":"Shop","item":"https:\/\/shopatoa.com\/ro\/shop\/"},{"@type":"ListItem","position":3,"name":"S\u0103n\u0103tate \u0219i frumuse\u021be","item":"https:\/\/shopatoa.com\/ro\/sanatate-si-frumusete\/"},{"@type":"ListItem","position":4,"name":"\u00cengrijire personal\u0103","item":"https:\/\/shopatoa.com\/ro\/ingrijire-personala\/"},{"@type":"ListItem","position":5,"name":"B\u0103rbierit \u0219i \u00eengrijire","item":"https:\/\/shopatoa.com\/ro\/barbierit-si-ingrijire\/"},{"@type":"ListItem","position":6,"name":"Ma\u0219ini de ras \u0219i lame de ras","item":"https:\/\/shopatoa.com\/ro\/masini-de-ras-si-lame-de-ras\/"},{"@type":"ListItem","position":7,"name":"Wad Nixe Silver Blade capete de schimb 1 buc"}]},{"@type":"WebSite","@id":"https:\/\/shopatoa.com\/ro\/#website","url":"https:\/\/shopatoa.com\/ro\/","name":"SHOPATOA","description":"","publisher":{"@id":"https:\/\/shopatoa.com\/ro\/#organization"},"potentialAction":[{"@type":"SearchAction","target":{"@type":"EntryPoint","urlTemplate":"https:\/\/shopatoa.com\/ro\/?s={search_term_string}"},"query-input":{"@type":"PropertyValueSpecification","valueRequired":true,"valueName":"search_term_string"}}],"inLanguage":"ro-RO"},{"@type":"Organization","@id":"https:\/\/shopatoa.com\/ro\/#organization","name":"SHOPATOA","url":"https:\/\/shopatoa.com\/ro\/","logo":{"@type":"ImageObject","inLanguage":"ro-RO","@id":"https:\/\/shopatoa.com\/ro\/#\/schema\/logo\/image\/","url":"https:\/\/storage.googleapis.com\/cz-shopatoa-img\/ro\/b4dac915-shopatoa_logo.png","contentUrl":"https:\/\/storage.googleapis.com\/cz-shopatoa-img\/ro\/b4dac915-shopatoa_logo.png","width":416,"height":63,"caption":"SHOPATOA"},"image":{"@id":"https:\/\/shopatoa.com\/ro\/#\/schema\/logo\/image\/"}}]}},"_links":{"self":[{"href":"https:\/\/shopatoa.com\/ro\/wp-json\/wp\/v2\/product\/482311","targetHints":{"allow":["GET"]}}],"collection":[{"href":"https:\/\/shopatoa.com\/ro\/wp-json\/wp\/v2\/product"}],"about":[{"href":"https:\/\/shopatoa.com\/ro\/wp-json\/wp\/v2\/types\/product"}],"replies":[{"embeddable":true,"href":"https:\/\/shopatoa.com\/ro\/wp-json\/wp\/v2\/comments?post=482311"}],"wp:featuredmedia":[{"embeddable":true,"href":"https:\/\/shopatoa.com\/ro\/wp-json\/wp\/v2\/media\/482312"}],"wp:attachment":[{"href":"https:\/\/shopatoa.com\/ro\/wp-json\/wp\/v2\/media?parent=482311"}],"wp:term":[{"taxonomy":"product_brand","embeddable":true,"href":"https:\/\/shopatoa.com\/ro\/wp-json\/wp\/v2\/product_brand?post=482311"},{"taxonomy":"product_cat","embeddable":true,"href":"https:\/\/shopatoa.com\/ro\/wp-json\/wp\/v2\/product_cat?post=482311"},{"taxonomy":"product_tag","embeddable":true,"href":"https:\/\/shopatoa.com\/ro\/wp-json\/wp\/v2\/product_tag?post=482311"}],"curies":[{"name":"wp","href":"https:\/\/api.w.org\/{rel}","templated":true}]}}