{"id":482527,"date":"2025-06-29T15:54:18","date_gmt":"2025-06-29T13:54:18","guid":{"rendered":"https:\/\/shopatoa.com\/ro\/farmasi-3-in-1-patela-pentru-conturul-fetei-13-g\/"},"modified":"2025-12-14T20:12:49","modified_gmt":"2025-12-14T19:12:49","slug":"farmasi-3-in-1-patela-pentru-conturul-fetei-13-g","status":"publish","type":"product","link":"https:\/\/shopatoa.com\/ro\/farmasi-3-in-1-patela-pentru-conturul-fetei-13-g\/","title":{"rendered":"Farmasi 3-in-1 Patela pentru conturul fetei 13 g"},"content":{"rendered":"<p>Farmasi 3-in-1, 13 g, Palete pentru contur pentru femei, Sunte\u021bi inspirat\u0103 de arta make-up arti\u0219tilor profesioni\u0219ti \u0219i dori\u021bi s\u0103 \u00eencerca\u021bi tehnica lor de modelare optic\u0103 a fe\u021bei? Paleta pentru contur Farmasi3-in-1 permite acest lucru cu lumin\u0103 \u0219i umbr\u0103. Con\u021bine nu doar una, ci mai multe nuan\u021be care sunt u\u0219or de aplicat \u0219i de amestecat, le pute\u021bi folosi \u00een mai multe moduri \u0219i le pute\u021bi combina u\u0219or. Aceast\u0103 palet\u0103 v\u0103 va ajuta s\u0103 accentua\u021bi tr\u0103s\u0103turile fe\u021bei pe care dori\u021bi s\u0103 le scoate\u021bi \u00een eviden\u021b\u0103, \u00een timp ce masca\u021bi sau modifica\u021bi vizual aspectul celorlalte. Cu ajutorul ei, pute\u021bi conferi fe\u021bei dvs. o defini\u021bie clar\u0103, \u00eei pute\u021bi eviden\u021bia contururile naturale \u0219i accentua atuurile. Nu a fost niciodat\u0103 mai u\u0219or s\u0103 crea\u021bi un machiaj plin de farmec \u0219i cu aspect profesional de care p\u00e2n\u0103 \u0219i starurilor de cinema nu le-ar fi ru\u0219ine.  Caracteristici:  eviden\u021biaz\u0103 contururile fe\u021bei acoper\u0103 imperfec\u021biunile tenului cuprinde nuan\u021be calde \u0219i reci pigmentare intens\u0103  Ingrediente:  oglind\u0103  Cum se utilizeaz\u0103: Pentru definirea fe\u021bei \u0219i eviden\u021bierea contururilor, se va aplica pe p\u0103r\u021bile laterale ale frun\u021bii, sub pome\u021bi, \u00een josul b\u0103rbiei \u0219i pe marginile nasului. Se utilizeaz\u0103 dup\u0103 cum este necesar.<\/p>\n","protected":false},"excerpt":{"rendered":"<p>Farmasi 3-in-1, 13 g, Palete pentru contur pentru femei, Sunte\u021bi inspirat\u0103 de arta make-up arti\u0219tilor profesioni\u0219ti \u0219i dori\u021bi s\u0103 \u00eencerca\u021bi tehnica lor de modelare optic\u0103 a fe\u021bei? Paleta pentru contur Farmasi3-in-1 permite acest lucru cu lumin\u0103 \u0219i umbr\u0103. Con\u021bine nu doar una, ci mai multe nuan\u021be care sunt u\u0219or de aplicat \u0219i de amestecat, le&#8230;<\/p>\n","protected":false},"featured_media":482528,"comment_status":"closed","ping_status":"open","template":"","meta":{"_acf_changed":false,"_kadence_starter_templates_imported_post":false,"_kad_post_transparent":"","_kad_post_title":"","_kad_post_layout":"","_kad_post_sidebar_id":"","_kad_post_content_style":"","_kad_post_vertical_padding":"","_kad_post_feature":"","_kad_post_feature_position":"","_kad_post_header":false,"_kad_post_footer":false,"_kad_post_classname":""},"product_brand":[2538],"product_cat":[1564,1563,1576,1622,1562],"product_tag":[],"class_list":{"0":"post-482527","1":"product","2":"type-product","3":"status-publish","4":"has-post-thumbnail","6":"product_brand-farmasi","7":"product_cat-cosmetice-ingrijire-personala","8":"product_cat-ingrijire-personala","9":"product_cat-machiaj","10":"product_cat-machiaj-de-fata","11":"product_cat-sanatate-si-frumusete","12":"pa_gen-female","13":"pa_marime-13-g","15":"first","16":"instock","17":"sale","18":"product-type-external","19":"entry","20":"content-bg","21":"loop-entry"},"acf":[],"yoast_head":"<!-- This site is optimized with the Yoast SEO plugin v27.4 - https:\/\/yoast.com\/product\/yoast-seo-wordpress\/ -->\n<title>Farmasi 3-in-1 Patela pentru conturul fetei 13 g - SHOPATOA.COM<\/title>\n<meta name=\"robots\" content=\"index, follow, max-snippet:-1, max-image-preview:large, max-video-preview:-1\" \/>\n<link rel=\"canonical\" href=\"https:\/\/shopatoa.com\/ro\/farmasi-3-in-1-patela-pentru-conturul-fetei-13-g\/\" \/>\n<meta property=\"og:locale\" content=\"ro_RO\" \/>\n<meta property=\"og:type\" content=\"article\" \/>\n<meta property=\"og:title\" content=\"Farmasi 3-in-1 Patela pentru conturul fetei 13 g - SHOPATOA.COM\" \/>\n<meta property=\"og:description\" content=\"Farmasi 3-in-1, 13 g, Palete pentru contur pentru femei, Sunte\u021bi inspirat\u0103 de arta make-up arti\u0219tilor profesioni\u0219ti \u0219i dori\u021bi s\u0103 \u00eencerca\u021bi tehnica lor de modelare optic\u0103 a fe\u021bei? Paleta pentru contur Farmasi3-in-1 permite acest lucru cu lumin\u0103 \u0219i umbr\u0103. Con\u021bine nu doar una, ci mai multe nuan\u021be care sunt u\u0219or de aplicat \u0219i de amestecat, le...\" \/>\n<meta property=\"og:url\" content=\"https:\/\/shopatoa.com\/ro\/farmasi-3-in-1-patela-pentru-conturul-fetei-13-g\/\" \/>\n<meta property=\"og:site_name\" content=\"SHOPATOA\" \/>\n<meta property=\"article:modified_time\" content=\"2025-12-14T19:12:49+00:00\" \/>\n<meta property=\"og:image\" content=\"https:\/\/storage.googleapis.com\/cz-shopatoa-img\/ro\/5ba662ba-unnamed-file.webp\" \/>\n\t<meta property=\"og:image:width\" content=\"800\" \/>\n\t<meta property=\"og:image:height\" content=\"800\" \/>\n\t<meta property=\"og:image:type\" content=\"image\/webp\" \/>\n<meta name=\"twitter:card\" content=\"summary_large_image\" \/>\n<meta name=\"twitter:label1\" content=\"Timp estimat pentru citire\" \/>\n\t<meta name=\"twitter:data1\" content=\"1 minut\" \/>\n<script type=\"application\/ld+json\" class=\"yoast-schema-graph\">{\"@context\":\"https:\\\/\\\/schema.org\",\"@graph\":[{\"@type\":\"WebPage\",\"@id\":\"https:\\\/\\\/shopatoa.com\\\/ro\\\/farmasi-3-in-1-patela-pentru-conturul-fetei-13-g\\\/\",\"url\":\"https:\\\/\\\/shopatoa.com\\\/ro\\\/farmasi-3-in-1-patela-pentru-conturul-fetei-13-g\\\/\",\"name\":\"Farmasi 3-in-1 Patela pentru conturul fetei 13 g - SHOPATOA.COM\",\"isPartOf\":{\"@id\":\"https:\\\/\\\/shopatoa.com\\\/ro\\\/#website\"},\"primaryImageOfPage\":{\"@id\":\"https:\\\/\\\/shopatoa.com\\\/ro\\\/farmasi-3-in-1-patela-pentru-conturul-fetei-13-g\\\/#primaryimage\"},\"image\":{\"@id\":\"https:\\\/\\\/shopatoa.com\\\/ro\\\/farmasi-3-in-1-patela-pentru-conturul-fetei-13-g\\\/#primaryimage\"},\"thumbnailUrl\":\"https:\\\/\\\/storage.googleapis.com\\\/cz-shopatoa-img\\\/ro\\\/5ba662ba-unnamed-file.webp\",\"datePublished\":\"2025-06-29T13:54:18+00:00\",\"dateModified\":\"2025-12-14T19:12:49+00:00\",\"breadcrumb\":{\"@id\":\"https:\\\/\\\/shopatoa.com\\\/ro\\\/farmasi-3-in-1-patela-pentru-conturul-fetei-13-g\\\/#breadcrumb\"},\"inLanguage\":\"ro-RO\",\"potentialAction\":[{\"@type\":\"ReadAction\",\"target\":[\"https:\\\/\\\/shopatoa.com\\\/ro\\\/farmasi-3-in-1-patela-pentru-conturul-fetei-13-g\\\/\"]}]},{\"@type\":\"ImageObject\",\"inLanguage\":\"ro-RO\",\"@id\":\"https:\\\/\\\/shopatoa.com\\\/ro\\\/farmasi-3-in-1-patela-pentru-conturul-fetei-13-g\\\/#primaryimage\",\"url\":\"https:\\\/\\\/storage.googleapis.com\\\/cz-shopatoa-img\\\/ro\\\/5ba662ba-unnamed-file.webp\",\"contentUrl\":\"https:\\\/\\\/storage.googleapis.com\\\/cz-shopatoa-img\\\/ro\\\/5ba662ba-unnamed-file.webp\",\"width\":800,\"height\":800},{\"@type\":\"BreadcrumbList\",\"@id\":\"https:\\\/\\\/shopatoa.com\\\/ro\\\/farmasi-3-in-1-patela-pentru-conturul-fetei-13-g\\\/#breadcrumb\",\"itemListElement\":[{\"@type\":\"ListItem\",\"position\":1,\"name\":\"Dom\u016f\",\"item\":\"https:\\\/\\\/shopatoa.com\\\/ro\\\/\"},{\"@type\":\"ListItem\",\"position\":2,\"name\":\"Shop\",\"item\":\"https:\\\/\\\/shopatoa.com\\\/ro\\\/shop\\\/\"},{\"@type\":\"ListItem\",\"position\":3,\"name\":\"S\u0103n\u0103tate \u0219i frumuse\u021be\",\"item\":\"https:\\\/\\\/shopatoa.com\\\/ro\\\/sanatate-si-frumusete\\\/\"},{\"@type\":\"ListItem\",\"position\":4,\"name\":\"\u00cengrijire personal\u0103\",\"item\":\"https:\\\/\\\/shopatoa.com\\\/ro\\\/ingrijire-personala\\\/\"},{\"@type\":\"ListItem\",\"position\":5,\"name\":\"Cosmetice\",\"item\":\"https:\\\/\\\/shopatoa.com\\\/ro\\\/cosmetice-ingrijire-personala\\\/\"},{\"@type\":\"ListItem\",\"position\":6,\"name\":\"Machiaj\",\"item\":\"https:\\\/\\\/shopatoa.com\\\/ro\\\/machiaj\\\/\"},{\"@type\":\"ListItem\",\"position\":7,\"name\":\"Machiaj de fa\u021b\u0103\",\"item\":\"https:\\\/\\\/shopatoa.com\\\/ro\\\/machiaj-de-fata\\\/\"},{\"@type\":\"ListItem\",\"position\":8,\"name\":\"Farmasi 3-in-1 Patela pentru conturul fetei 13 g\"}]},{\"@type\":\"WebSite\",\"@id\":\"https:\\\/\\\/shopatoa.com\\\/ro\\\/#website\",\"url\":\"https:\\\/\\\/shopatoa.com\\\/ro\\\/\",\"name\":\"SHOPATOA\",\"description\":\"\",\"publisher\":{\"@id\":\"https:\\\/\\\/shopatoa.com\\\/ro\\\/#organization\"},\"potentialAction\":[{\"@type\":\"SearchAction\",\"target\":{\"@type\":\"EntryPoint\",\"urlTemplate\":\"https:\\\/\\\/shopatoa.com\\\/ro\\\/?s={search_term_string}\"},\"query-input\":{\"@type\":\"PropertyValueSpecification\",\"valueRequired\":true,\"valueName\":\"search_term_string\"}}],\"inLanguage\":\"ro-RO\"},{\"@type\":\"Organization\",\"@id\":\"https:\\\/\\\/shopatoa.com\\\/ro\\\/#organization\",\"name\":\"SHOPATOA\",\"url\":\"https:\\\/\\\/shopatoa.com\\\/ro\\\/\",\"logo\":{\"@type\":\"ImageObject\",\"inLanguage\":\"ro-RO\",\"@id\":\"https:\\\/\\\/shopatoa.com\\\/ro\\\/#\\\/schema\\\/logo\\\/image\\\/\",\"url\":\"https:\\\/\\\/storage.googleapis.com\\\/cz-shopatoa-img\\\/ro\\\/b4dac915-shopatoa_logo.png\",\"contentUrl\":\"https:\\\/\\\/storage.googleapis.com\\\/cz-shopatoa-img\\\/ro\\\/b4dac915-shopatoa_logo.png\",\"width\":416,\"height\":63,\"caption\":\"SHOPATOA\"},\"image\":{\"@id\":\"https:\\\/\\\/shopatoa.com\\\/ro\\\/#\\\/schema\\\/logo\\\/image\\\/\"}}]}<\/script>\n<!-- \/ Yoast SEO plugin. -->","yoast_head_json":{"title":"Farmasi 3-in-1 Patela pentru conturul fetei 13 g - SHOPATOA.COM","robots":{"index":"index","follow":"follow","max-snippet":"max-snippet:-1","max-image-preview":"max-image-preview:large","max-video-preview":"max-video-preview:-1"},"canonical":"https:\/\/shopatoa.com\/ro\/farmasi-3-in-1-patela-pentru-conturul-fetei-13-g\/","og_locale":"ro_RO","og_type":"article","og_title":"Farmasi 3-in-1 Patela pentru conturul fetei 13 g - SHOPATOA.COM","og_description":"Farmasi 3-in-1, 13 g, Palete pentru contur pentru femei, Sunte\u021bi inspirat\u0103 de arta make-up arti\u0219tilor profesioni\u0219ti \u0219i dori\u021bi s\u0103 \u00eencerca\u021bi tehnica lor de modelare optic\u0103 a fe\u021bei? Paleta pentru contur Farmasi3-in-1 permite acest lucru cu lumin\u0103 \u0219i umbr\u0103. Con\u021bine nu doar una, ci mai multe nuan\u021be care sunt u\u0219or de aplicat \u0219i de amestecat, le...","og_url":"https:\/\/shopatoa.com\/ro\/farmasi-3-in-1-patela-pentru-conturul-fetei-13-g\/","og_site_name":"SHOPATOA","article_modified_time":"2025-12-14T19:12:49+00:00","og_image":[{"width":800,"height":800,"url":"https:\/\/storage.googleapis.com\/cz-shopatoa-img\/ro\/5ba662ba-unnamed-file.webp","type":"image\/webp"}],"twitter_card":"summary_large_image","twitter_misc":{"Timp estimat pentru citire":"1 minut"},"schema":{"@context":"https:\/\/schema.org","@graph":[{"@type":"WebPage","@id":"https:\/\/shopatoa.com\/ro\/farmasi-3-in-1-patela-pentru-conturul-fetei-13-g\/","url":"https:\/\/shopatoa.com\/ro\/farmasi-3-in-1-patela-pentru-conturul-fetei-13-g\/","name":"Farmasi 3-in-1 Patela pentru conturul fetei 13 g - SHOPATOA.COM","isPartOf":{"@id":"https:\/\/shopatoa.com\/ro\/#website"},"primaryImageOfPage":{"@id":"https:\/\/shopatoa.com\/ro\/farmasi-3-in-1-patela-pentru-conturul-fetei-13-g\/#primaryimage"},"image":{"@id":"https:\/\/shopatoa.com\/ro\/farmasi-3-in-1-patela-pentru-conturul-fetei-13-g\/#primaryimage"},"thumbnailUrl":"https:\/\/storage.googleapis.com\/cz-shopatoa-img\/ro\/5ba662ba-unnamed-file.webp","datePublished":"2025-06-29T13:54:18+00:00","dateModified":"2025-12-14T19:12:49+00:00","breadcrumb":{"@id":"https:\/\/shopatoa.com\/ro\/farmasi-3-in-1-patela-pentru-conturul-fetei-13-g\/#breadcrumb"},"inLanguage":"ro-RO","potentialAction":[{"@type":"ReadAction","target":["https:\/\/shopatoa.com\/ro\/farmasi-3-in-1-patela-pentru-conturul-fetei-13-g\/"]}]},{"@type":"ImageObject","inLanguage":"ro-RO","@id":"https:\/\/shopatoa.com\/ro\/farmasi-3-in-1-patela-pentru-conturul-fetei-13-g\/#primaryimage","url":"https:\/\/storage.googleapis.com\/cz-shopatoa-img\/ro\/5ba662ba-unnamed-file.webp","contentUrl":"https:\/\/storage.googleapis.com\/cz-shopatoa-img\/ro\/5ba662ba-unnamed-file.webp","width":800,"height":800},{"@type":"BreadcrumbList","@id":"https:\/\/shopatoa.com\/ro\/farmasi-3-in-1-patela-pentru-conturul-fetei-13-g\/#breadcrumb","itemListElement":[{"@type":"ListItem","position":1,"name":"Dom\u016f","item":"https:\/\/shopatoa.com\/ro\/"},{"@type":"ListItem","position":2,"name":"Shop","item":"https:\/\/shopatoa.com\/ro\/shop\/"},{"@type":"ListItem","position":3,"name":"S\u0103n\u0103tate \u0219i frumuse\u021be","item":"https:\/\/shopatoa.com\/ro\/sanatate-si-frumusete\/"},{"@type":"ListItem","position":4,"name":"\u00cengrijire personal\u0103","item":"https:\/\/shopatoa.com\/ro\/ingrijire-personala\/"},{"@type":"ListItem","position":5,"name":"Cosmetice","item":"https:\/\/shopatoa.com\/ro\/cosmetice-ingrijire-personala\/"},{"@type":"ListItem","position":6,"name":"Machiaj","item":"https:\/\/shopatoa.com\/ro\/machiaj\/"},{"@type":"ListItem","position":7,"name":"Machiaj de fa\u021b\u0103","item":"https:\/\/shopatoa.com\/ro\/machiaj-de-fata\/"},{"@type":"ListItem","position":8,"name":"Farmasi 3-in-1 Patela pentru conturul fetei 13 g"}]},{"@type":"WebSite","@id":"https:\/\/shopatoa.com\/ro\/#website","url":"https:\/\/shopatoa.com\/ro\/","name":"SHOPATOA","description":"","publisher":{"@id":"https:\/\/shopatoa.com\/ro\/#organization"},"potentialAction":[{"@type":"SearchAction","target":{"@type":"EntryPoint","urlTemplate":"https:\/\/shopatoa.com\/ro\/?s={search_term_string}"},"query-input":{"@type":"PropertyValueSpecification","valueRequired":true,"valueName":"search_term_string"}}],"inLanguage":"ro-RO"},{"@type":"Organization","@id":"https:\/\/shopatoa.com\/ro\/#organization","name":"SHOPATOA","url":"https:\/\/shopatoa.com\/ro\/","logo":{"@type":"ImageObject","inLanguage":"ro-RO","@id":"https:\/\/shopatoa.com\/ro\/#\/schema\/logo\/image\/","url":"https:\/\/storage.googleapis.com\/cz-shopatoa-img\/ro\/b4dac915-shopatoa_logo.png","contentUrl":"https:\/\/storage.googleapis.com\/cz-shopatoa-img\/ro\/b4dac915-shopatoa_logo.png","width":416,"height":63,"caption":"SHOPATOA"},"image":{"@id":"https:\/\/shopatoa.com\/ro\/#\/schema\/logo\/image\/"}}]}},"_links":{"self":[{"href":"https:\/\/shopatoa.com\/ro\/wp-json\/wp\/v2\/product\/482527","targetHints":{"allow":["GET"]}}],"collection":[{"href":"https:\/\/shopatoa.com\/ro\/wp-json\/wp\/v2\/product"}],"about":[{"href":"https:\/\/shopatoa.com\/ro\/wp-json\/wp\/v2\/types\/product"}],"replies":[{"embeddable":true,"href":"https:\/\/shopatoa.com\/ro\/wp-json\/wp\/v2\/comments?post=482527"}],"wp:featuredmedia":[{"embeddable":true,"href":"https:\/\/shopatoa.com\/ro\/wp-json\/wp\/v2\/media\/482528"}],"wp:attachment":[{"href":"https:\/\/shopatoa.com\/ro\/wp-json\/wp\/v2\/media?parent=482527"}],"wp:term":[{"taxonomy":"product_brand","embeddable":true,"href":"https:\/\/shopatoa.com\/ro\/wp-json\/wp\/v2\/product_brand?post=482527"},{"taxonomy":"product_cat","embeddable":true,"href":"https:\/\/shopatoa.com\/ro\/wp-json\/wp\/v2\/product_cat?post=482527"},{"taxonomy":"product_tag","embeddable":true,"href":"https:\/\/shopatoa.com\/ro\/wp-json\/wp\/v2\/product_tag?post=482527"}],"curies":[{"name":"wp","href":"https:\/\/api.w.org\/{rel}","templated":true}]}}