{"id":482585,"date":"2025-06-29T15:59:27","date_gmt":"2025-06-29T13:59:27","guid":{"rendered":"https:\/\/shopatoa.com\/ro\/burst-sonic-toothbrush-periuta-de-dinti-electrica-sonica-1-buc-3\/"},"modified":"2025-12-14T19:45:04","modified_gmt":"2025-12-14T18:45:04","slug":"burst-sonic-toothbrush-periuta-de-dinti-electrica-sonica-1-buc-3","status":"publish","type":"product","link":"https:\/\/shopatoa.com\/ro\/burst-sonic-toothbrush-periuta-de-dinti-electrica-sonica-1-buc-3\/","title":{"rendered":"Burst Sonic Toothbrush periuta de dinti electrica sonica 1 buc"},"content":{"rendered":"<p>Burst Sonic Toothbrush, 1 buc, Periute de dinti Sonicare pentru femei, Periu\u021ba de din\u021bi sonic\u0103 func\u021bioneaz\u0103 pe principiul vibra\u021biilor sonice, care determin\u0103 o mi\u0219care delicat\u0103, dar eficient\u0103.  Caracteristici:  alimentare cu cablu baterie cu rezisten\u021b\u0103 \u00eendelungat\u0103 tehnologia sonic\u0103 este potrivit\u0103 pentru utilizarea cu aparate dentare, plombe, coroane \u0219i fa\u021bete perii periu\u021bei oscileaz\u0103 cu vitez\u0103 mare, \u00eendep\u0103rt\u00e2nd maximum de plac\u0103 cu fiecare mi\u0219care capul periu\u021bei urm\u0103re\u0219te forma dintelui mai bine dec\u00e2t o periu\u021b\u0103 de din\u021bi manual\u0103 obi\u0219nuit\u0103 cur\u0103\u021b\u0103 spa\u021biile interdentare mult mai bine dec\u00e2t periu\u021bele de din\u021bi manuale protejeaz\u0103 gingiile diferite moduri de cur\u0103\u021bare  Cum se utilizeaz\u0103: Se vor urma instruc\u021biunile de utilizare incluse.<\/p>\n","protected":false},"excerpt":{"rendered":"<p>Burst Sonic Toothbrush, 1 buc, Periute de dinti Sonicare pentru femei, Periu\u021ba de din\u021bi sonic\u0103 func\u021bioneaz\u0103 pe principiul vibra\u021biilor sonice, care determin\u0103 o mi\u0219care delicat\u0103, dar eficient\u0103. Caracteristici: alimentare cu cablu baterie cu rezisten\u021b\u0103 \u00eendelungat\u0103 tehnologia sonic\u0103 este potrivit\u0103 pentru utilizarea cu aparate dentare, plombe, coroane \u0219i fa\u021bete perii periu\u021bei oscileaz\u0103 cu vitez\u0103 mare, \u00eendep\u0103rt\u00e2nd&#8230;<\/p>\n","protected":false},"featured_media":482586,"comment_status":"closed","ping_status":"open","template":"","meta":{"_acf_changed":false,"_kadence_starter_templates_imported_post":false,"_kad_post_transparent":"","_kad_post_title":"","_kad_post_layout":"","_kad_post_sidebar_id":"","_kad_post_content_style":"","_kad_post_vertical_padding":"","_kad_post_feature":"","_kad_post_feature_position":"","_kad_post_header":false,"_kad_post_footer":false,"_kad_post_classname":""},"product_brand":[3457],"product_cat":[1605,1563,1606,1562],"product_tag":[],"class_list":{"0":"post-482585","1":"product","2":"type-product","3":"status-publish","4":"has-post-thumbnail","6":"product_brand-burst","7":"product_cat-ingrijire-orala","8":"product_cat-ingrijire-personala","9":"product_cat-periute-de-dinti-ingrijire-orala","10":"product_cat-sanatate-si-frumusete","11":"pa_gen-female","12":"pa_marime-1-buc","14":"first","15":"instock","16":"sale","17":"product-type-external","18":"entry","19":"content-bg","20":"loop-entry"},"acf":[],"yoast_head":"<!-- This site is optimized with the Yoast SEO plugin v27.4 - https:\/\/yoast.com\/product\/yoast-seo-wordpress\/ -->\n<title>Burst Sonic Toothbrush periuta de dinti electrica sonica 1 buc - SHOPATOA.COM<\/title>\n<meta name=\"robots\" content=\"index, follow, max-snippet:-1, max-image-preview:large, max-video-preview:-1\" \/>\n<link rel=\"canonical\" href=\"https:\/\/shopatoa.com\/ro\/burst-sonic-toothbrush-periuta-de-dinti-electrica-sonica-1-buc-3\/\" \/>\n<meta property=\"og:locale\" content=\"ro_RO\" \/>\n<meta property=\"og:type\" content=\"article\" \/>\n<meta property=\"og:title\" content=\"Burst Sonic Toothbrush periuta de dinti electrica sonica 1 buc - SHOPATOA.COM\" \/>\n<meta property=\"og:description\" content=\"Burst Sonic Toothbrush, 1 buc, Periute de dinti Sonicare pentru femei, Periu\u021ba de din\u021bi sonic\u0103 func\u021bioneaz\u0103 pe principiul vibra\u021biilor sonice, care determin\u0103 o mi\u0219care delicat\u0103, dar eficient\u0103. Caracteristici: alimentare cu cablu baterie cu rezisten\u021b\u0103 \u00eendelungat\u0103 tehnologia sonic\u0103 este potrivit\u0103 pentru utilizarea cu aparate dentare, plombe, coroane \u0219i fa\u021bete perii periu\u021bei oscileaz\u0103 cu vitez\u0103 mare, \u00eendep\u0103rt\u00e2nd...\" \/>\n<meta property=\"og:url\" content=\"https:\/\/shopatoa.com\/ro\/burst-sonic-toothbrush-periuta-de-dinti-electrica-sonica-1-buc-3\/\" \/>\n<meta property=\"og:site_name\" content=\"SHOPATOA\" \/>\n<meta property=\"article:modified_time\" content=\"2025-12-14T18:45:04+00:00\" \/>\n<meta property=\"og:image\" content=\"https:\/\/storage.googleapis.com\/cz-shopatoa-img\/ro\/bb1b1bb5-unnamed-file.webp\" \/>\n\t<meta property=\"og:image:width\" content=\"800\" \/>\n\t<meta property=\"og:image:height\" content=\"800\" \/>\n\t<meta property=\"og:image:type\" content=\"image\/webp\" \/>\n<meta name=\"twitter:card\" content=\"summary_large_image\" \/>\n<meta name=\"twitter:label1\" content=\"Timp estimat pentru citire\" \/>\n\t<meta name=\"twitter:data1\" content=\"1 minut\" \/>\n<script type=\"application\/ld+json\" class=\"yoast-schema-graph\">{\"@context\":\"https:\\\/\\\/schema.org\",\"@graph\":[{\"@type\":\"WebPage\",\"@id\":\"https:\\\/\\\/shopatoa.com\\\/ro\\\/burst-sonic-toothbrush-periuta-de-dinti-electrica-sonica-1-buc-3\\\/\",\"url\":\"https:\\\/\\\/shopatoa.com\\\/ro\\\/burst-sonic-toothbrush-periuta-de-dinti-electrica-sonica-1-buc-3\\\/\",\"name\":\"Burst Sonic Toothbrush periuta de dinti electrica sonica 1 buc - SHOPATOA.COM\",\"isPartOf\":{\"@id\":\"https:\\\/\\\/shopatoa.com\\\/ro\\\/#website\"},\"primaryImageOfPage\":{\"@id\":\"https:\\\/\\\/shopatoa.com\\\/ro\\\/burst-sonic-toothbrush-periuta-de-dinti-electrica-sonica-1-buc-3\\\/#primaryimage\"},\"image\":{\"@id\":\"https:\\\/\\\/shopatoa.com\\\/ro\\\/burst-sonic-toothbrush-periuta-de-dinti-electrica-sonica-1-buc-3\\\/#primaryimage\"},\"thumbnailUrl\":\"https:\\\/\\\/storage.googleapis.com\\\/cz-shopatoa-img\\\/ro\\\/bb1b1bb5-unnamed-file.webp\",\"datePublished\":\"2025-06-29T13:59:27+00:00\",\"dateModified\":\"2025-12-14T18:45:04+00:00\",\"breadcrumb\":{\"@id\":\"https:\\\/\\\/shopatoa.com\\\/ro\\\/burst-sonic-toothbrush-periuta-de-dinti-electrica-sonica-1-buc-3\\\/#breadcrumb\"},\"inLanguage\":\"ro-RO\",\"potentialAction\":[{\"@type\":\"ReadAction\",\"target\":[\"https:\\\/\\\/shopatoa.com\\\/ro\\\/burst-sonic-toothbrush-periuta-de-dinti-electrica-sonica-1-buc-3\\\/\"]}]},{\"@type\":\"ImageObject\",\"inLanguage\":\"ro-RO\",\"@id\":\"https:\\\/\\\/shopatoa.com\\\/ro\\\/burst-sonic-toothbrush-periuta-de-dinti-electrica-sonica-1-buc-3\\\/#primaryimage\",\"url\":\"https:\\\/\\\/storage.googleapis.com\\\/cz-shopatoa-img\\\/ro\\\/bb1b1bb5-unnamed-file.webp\",\"contentUrl\":\"https:\\\/\\\/storage.googleapis.com\\\/cz-shopatoa-img\\\/ro\\\/bb1b1bb5-unnamed-file.webp\",\"width\":800,\"height\":800},{\"@type\":\"BreadcrumbList\",\"@id\":\"https:\\\/\\\/shopatoa.com\\\/ro\\\/burst-sonic-toothbrush-periuta-de-dinti-electrica-sonica-1-buc-3\\\/#breadcrumb\",\"itemListElement\":[{\"@type\":\"ListItem\",\"position\":1,\"name\":\"Dom\u016f\",\"item\":\"https:\\\/\\\/shopatoa.com\\\/ro\\\/\"},{\"@type\":\"ListItem\",\"position\":2,\"name\":\"Shop\",\"item\":\"https:\\\/\\\/shopatoa.com\\\/ro\\\/shop\\\/\"},{\"@type\":\"ListItem\",\"position\":3,\"name\":\"S\u0103n\u0103tate \u0219i frumuse\u021be\",\"item\":\"https:\\\/\\\/shopatoa.com\\\/ro\\\/sanatate-si-frumusete\\\/\"},{\"@type\":\"ListItem\",\"position\":4,\"name\":\"\u00cengrijire personal\u0103\",\"item\":\"https:\\\/\\\/shopatoa.com\\\/ro\\\/ingrijire-personala\\\/\"},{\"@type\":\"ListItem\",\"position\":5,\"name\":\"\u00cengrijire oral\u0103\",\"item\":\"https:\\\/\\\/shopatoa.com\\\/ro\\\/ingrijire-orala\\\/\"},{\"@type\":\"ListItem\",\"position\":6,\"name\":\"Periu\u021be de din\u021bi\",\"item\":\"https:\\\/\\\/shopatoa.com\\\/ro\\\/periute-de-dinti-ingrijire-orala\\\/\"},{\"@type\":\"ListItem\",\"position\":7,\"name\":\"Burst Sonic Toothbrush periuta de dinti electrica sonica 1 buc\"}]},{\"@type\":\"WebSite\",\"@id\":\"https:\\\/\\\/shopatoa.com\\\/ro\\\/#website\",\"url\":\"https:\\\/\\\/shopatoa.com\\\/ro\\\/\",\"name\":\"SHOPATOA\",\"description\":\"\",\"publisher\":{\"@id\":\"https:\\\/\\\/shopatoa.com\\\/ro\\\/#organization\"},\"potentialAction\":[{\"@type\":\"SearchAction\",\"target\":{\"@type\":\"EntryPoint\",\"urlTemplate\":\"https:\\\/\\\/shopatoa.com\\\/ro\\\/?s={search_term_string}\"},\"query-input\":{\"@type\":\"PropertyValueSpecification\",\"valueRequired\":true,\"valueName\":\"search_term_string\"}}],\"inLanguage\":\"ro-RO\"},{\"@type\":\"Organization\",\"@id\":\"https:\\\/\\\/shopatoa.com\\\/ro\\\/#organization\",\"name\":\"SHOPATOA\",\"url\":\"https:\\\/\\\/shopatoa.com\\\/ro\\\/\",\"logo\":{\"@type\":\"ImageObject\",\"inLanguage\":\"ro-RO\",\"@id\":\"https:\\\/\\\/shopatoa.com\\\/ro\\\/#\\\/schema\\\/logo\\\/image\\\/\",\"url\":\"https:\\\/\\\/storage.googleapis.com\\\/cz-shopatoa-img\\\/ro\\\/b4dac915-shopatoa_logo.png\",\"contentUrl\":\"https:\\\/\\\/storage.googleapis.com\\\/cz-shopatoa-img\\\/ro\\\/b4dac915-shopatoa_logo.png\",\"width\":416,\"height\":63,\"caption\":\"SHOPATOA\"},\"image\":{\"@id\":\"https:\\\/\\\/shopatoa.com\\\/ro\\\/#\\\/schema\\\/logo\\\/image\\\/\"}}]}<\/script>\n<!-- \/ Yoast SEO plugin. -->","yoast_head_json":{"title":"Burst Sonic Toothbrush periuta de dinti electrica sonica 1 buc - SHOPATOA.COM","robots":{"index":"index","follow":"follow","max-snippet":"max-snippet:-1","max-image-preview":"max-image-preview:large","max-video-preview":"max-video-preview:-1"},"canonical":"https:\/\/shopatoa.com\/ro\/burst-sonic-toothbrush-periuta-de-dinti-electrica-sonica-1-buc-3\/","og_locale":"ro_RO","og_type":"article","og_title":"Burst Sonic Toothbrush periuta de dinti electrica sonica 1 buc - SHOPATOA.COM","og_description":"Burst Sonic Toothbrush, 1 buc, Periute de dinti Sonicare pentru femei, Periu\u021ba de din\u021bi sonic\u0103 func\u021bioneaz\u0103 pe principiul vibra\u021biilor sonice, care determin\u0103 o mi\u0219care delicat\u0103, dar eficient\u0103. Caracteristici: alimentare cu cablu baterie cu rezisten\u021b\u0103 \u00eendelungat\u0103 tehnologia sonic\u0103 este potrivit\u0103 pentru utilizarea cu aparate dentare, plombe, coroane \u0219i fa\u021bete perii periu\u021bei oscileaz\u0103 cu vitez\u0103 mare, \u00eendep\u0103rt\u00e2nd...","og_url":"https:\/\/shopatoa.com\/ro\/burst-sonic-toothbrush-periuta-de-dinti-electrica-sonica-1-buc-3\/","og_site_name":"SHOPATOA","article_modified_time":"2025-12-14T18:45:04+00:00","og_image":[{"width":800,"height":800,"url":"https:\/\/storage.googleapis.com\/cz-shopatoa-img\/ro\/bb1b1bb5-unnamed-file.webp","type":"image\/webp"}],"twitter_card":"summary_large_image","twitter_misc":{"Timp estimat pentru citire":"1 minut"},"schema":{"@context":"https:\/\/schema.org","@graph":[{"@type":"WebPage","@id":"https:\/\/shopatoa.com\/ro\/burst-sonic-toothbrush-periuta-de-dinti-electrica-sonica-1-buc-3\/","url":"https:\/\/shopatoa.com\/ro\/burst-sonic-toothbrush-periuta-de-dinti-electrica-sonica-1-buc-3\/","name":"Burst Sonic Toothbrush periuta de dinti electrica sonica 1 buc - SHOPATOA.COM","isPartOf":{"@id":"https:\/\/shopatoa.com\/ro\/#website"},"primaryImageOfPage":{"@id":"https:\/\/shopatoa.com\/ro\/burst-sonic-toothbrush-periuta-de-dinti-electrica-sonica-1-buc-3\/#primaryimage"},"image":{"@id":"https:\/\/shopatoa.com\/ro\/burst-sonic-toothbrush-periuta-de-dinti-electrica-sonica-1-buc-3\/#primaryimage"},"thumbnailUrl":"https:\/\/storage.googleapis.com\/cz-shopatoa-img\/ro\/bb1b1bb5-unnamed-file.webp","datePublished":"2025-06-29T13:59:27+00:00","dateModified":"2025-12-14T18:45:04+00:00","breadcrumb":{"@id":"https:\/\/shopatoa.com\/ro\/burst-sonic-toothbrush-periuta-de-dinti-electrica-sonica-1-buc-3\/#breadcrumb"},"inLanguage":"ro-RO","potentialAction":[{"@type":"ReadAction","target":["https:\/\/shopatoa.com\/ro\/burst-sonic-toothbrush-periuta-de-dinti-electrica-sonica-1-buc-3\/"]}]},{"@type":"ImageObject","inLanguage":"ro-RO","@id":"https:\/\/shopatoa.com\/ro\/burst-sonic-toothbrush-periuta-de-dinti-electrica-sonica-1-buc-3\/#primaryimage","url":"https:\/\/storage.googleapis.com\/cz-shopatoa-img\/ro\/bb1b1bb5-unnamed-file.webp","contentUrl":"https:\/\/storage.googleapis.com\/cz-shopatoa-img\/ro\/bb1b1bb5-unnamed-file.webp","width":800,"height":800},{"@type":"BreadcrumbList","@id":"https:\/\/shopatoa.com\/ro\/burst-sonic-toothbrush-periuta-de-dinti-electrica-sonica-1-buc-3\/#breadcrumb","itemListElement":[{"@type":"ListItem","position":1,"name":"Dom\u016f","item":"https:\/\/shopatoa.com\/ro\/"},{"@type":"ListItem","position":2,"name":"Shop","item":"https:\/\/shopatoa.com\/ro\/shop\/"},{"@type":"ListItem","position":3,"name":"S\u0103n\u0103tate \u0219i frumuse\u021be","item":"https:\/\/shopatoa.com\/ro\/sanatate-si-frumusete\/"},{"@type":"ListItem","position":4,"name":"\u00cengrijire personal\u0103","item":"https:\/\/shopatoa.com\/ro\/ingrijire-personala\/"},{"@type":"ListItem","position":5,"name":"\u00cengrijire oral\u0103","item":"https:\/\/shopatoa.com\/ro\/ingrijire-orala\/"},{"@type":"ListItem","position":6,"name":"Periu\u021be de din\u021bi","item":"https:\/\/shopatoa.com\/ro\/periute-de-dinti-ingrijire-orala\/"},{"@type":"ListItem","position":7,"name":"Burst Sonic Toothbrush periuta de dinti electrica sonica 1 buc"}]},{"@type":"WebSite","@id":"https:\/\/shopatoa.com\/ro\/#website","url":"https:\/\/shopatoa.com\/ro\/","name":"SHOPATOA","description":"","publisher":{"@id":"https:\/\/shopatoa.com\/ro\/#organization"},"potentialAction":[{"@type":"SearchAction","target":{"@type":"EntryPoint","urlTemplate":"https:\/\/shopatoa.com\/ro\/?s={search_term_string}"},"query-input":{"@type":"PropertyValueSpecification","valueRequired":true,"valueName":"search_term_string"}}],"inLanguage":"ro-RO"},{"@type":"Organization","@id":"https:\/\/shopatoa.com\/ro\/#organization","name":"SHOPATOA","url":"https:\/\/shopatoa.com\/ro\/","logo":{"@type":"ImageObject","inLanguage":"ro-RO","@id":"https:\/\/shopatoa.com\/ro\/#\/schema\/logo\/image\/","url":"https:\/\/storage.googleapis.com\/cz-shopatoa-img\/ro\/b4dac915-shopatoa_logo.png","contentUrl":"https:\/\/storage.googleapis.com\/cz-shopatoa-img\/ro\/b4dac915-shopatoa_logo.png","width":416,"height":63,"caption":"SHOPATOA"},"image":{"@id":"https:\/\/shopatoa.com\/ro\/#\/schema\/logo\/image\/"}}]}},"_links":{"self":[{"href":"https:\/\/shopatoa.com\/ro\/wp-json\/wp\/v2\/product\/482585","targetHints":{"allow":["GET"]}}],"collection":[{"href":"https:\/\/shopatoa.com\/ro\/wp-json\/wp\/v2\/product"}],"about":[{"href":"https:\/\/shopatoa.com\/ro\/wp-json\/wp\/v2\/types\/product"}],"replies":[{"embeddable":true,"href":"https:\/\/shopatoa.com\/ro\/wp-json\/wp\/v2\/comments?post=482585"}],"wp:featuredmedia":[{"embeddable":true,"href":"https:\/\/shopatoa.com\/ro\/wp-json\/wp\/v2\/media\/482586"}],"wp:attachment":[{"href":"https:\/\/shopatoa.com\/ro\/wp-json\/wp\/v2\/media?parent=482585"}],"wp:term":[{"taxonomy":"product_brand","embeddable":true,"href":"https:\/\/shopatoa.com\/ro\/wp-json\/wp\/v2\/product_brand?post=482585"},{"taxonomy":"product_cat","embeddable":true,"href":"https:\/\/shopatoa.com\/ro\/wp-json\/wp\/v2\/product_cat?post=482585"},{"taxonomy":"product_tag","embeddable":true,"href":"https:\/\/shopatoa.com\/ro\/wp-json\/wp\/v2\/product_tag?post=482585"}],"curies":[{"name":"wp","href":"https:\/\/api.w.org\/{rel}","templated":true}]}}