{"id":482663,"date":"2025-06-29T16:06:11","date_gmt":"2025-06-29T14:06:11","guid":{"rendered":"https:\/\/shopatoa.com\/ro\/babyliss-curlers-pro-180-38-mm-ondulator-pentru-par-c338e-1\/"},"modified":"2025-12-14T19:33:36","modified_gmt":"2025-12-14T18:33:36","slug":"babyliss-curlers-pro-180-38-mm-ondulator-pentru-par-c338e-1","status":"publish","type":"product","link":"https:\/\/shopatoa.com\/ro\/babyliss-curlers-pro-180-38-mm-ondulator-pentru-par-c338e-1\/","title":{"rendered":"BaByliss Curlers Pro 180 38 mm ondulator pentru par (C338E) 1"},"content":{"rendered":"<p>BaByliss Curlers Pro 180 38 mm, 1 , Produse electronice pentru femei, Dori\u021bi s\u0103 crea\u021bi valuri romantice, bucle voluminoase ori c\u00e2rlion\u021bi dezl\u0103n\u021bui\u021bi? Ondulatorul de p\u0103r BaByliss Curlers Pro 180 38 mm v\u0103 onduleaz\u0103 p\u0103rul \u00een c\u00e2teva minute \u0219i \u00eei asigur\u0103 o form\u0103 perfect\u0103, exact a\u0219a cum v\u0103 dori\u021bi. Fie c\u0103 merge\u021bi la munc\u0103, la o petrecere sau chiar la un bal de absolvire, acest ondulator v\u0103 va oferi un styling perfect ca din m\u00e2inile unui profesionist, \u00een confortul propriei b\u0103i.  Caracteristici:  cablu rotativ previne ruperea \u0219i deteriorarea p\u0103rului cu temperatur\u0103 reglabil\u0103  Cum se utilizeaz\u0103: Se vor urma instruc\u021biunile de utilizare incluse.<\/p>\n","protected":false},"excerpt":{"rendered":"<p>BaByliss Curlers Pro 180 38 mm, 1 , Produse electronice pentru femei, Dori\u021bi s\u0103 crea\u021bi valuri romantice, bucle voluminoase ori c\u00e2rlion\u021bi dezl\u0103n\u021bui\u021bi? Ondulatorul de p\u0103r BaByliss Curlers Pro 180 38 mm v\u0103 onduleaz\u0103 p\u0103rul \u00een c\u00e2teva minute \u0219i \u00eei asigur\u0103 o form\u0103 perfect\u0103, exact a\u0219a cum v\u0103 dori\u021bi. Fie c\u0103 merge\u021bi la munc\u0103, la o&#8230;<\/p>\n","protected":false},"featured_media":482664,"comment_status":"closed","ping_status":"open","template":"","meta":{"_acf_changed":false,"_kadence_starter_templates_imported_post":false,"_kad_post_transparent":"","_kad_post_title":"","_kad_post_layout":"","_kad_post_sidebar_id":"","_kad_post_content_style":"","_kad_post_vertical_padding":"","_kad_post_feature":"","_kad_post_feature_position":"","_kad_post_header":false,"_kad_post_footer":false,"_kad_post_classname":""},"product_brand":[437],"product_cat":[1563,1590,2560,1562,1657],"product_tag":[],"class_list":{"0":"post-482663","1":"product","2":"type-product","3":"status-publish","4":"has-post-thumbnail","6":"product_brand-babyliss","7":"product_cat-ingrijire-personala","8":"product_cat-ingrijirea-parului","9":"product_cat-ondulatoare","10":"product_cat-sanatate-si-frumusete","11":"product_cat-unelte-de-coafat","12":"pa_gen-female","13":"pa_marime-1425","15":"first","16":"instock","17":"sale","18":"product-type-external","19":"entry","20":"content-bg","21":"loop-entry"},"acf":[],"yoast_head":"<!-- This site is optimized with the Yoast SEO plugin v27.4 - https:\/\/yoast.com\/product\/yoast-seo-wordpress\/ -->\n<title>BaByliss Curlers Pro 180 38 mm ondulator pentru par (C338E) 1 - SHOPATOA.COM<\/title>\n<meta name=\"robots\" content=\"index, follow, max-snippet:-1, max-image-preview:large, max-video-preview:-1\" \/>\n<link rel=\"canonical\" href=\"https:\/\/shopatoa.com\/ro\/babyliss-curlers-pro-180-38-mm-ondulator-pentru-par-c338e-1\/\" \/>\n<meta property=\"og:locale\" content=\"ro_RO\" \/>\n<meta property=\"og:type\" content=\"article\" \/>\n<meta property=\"og:title\" content=\"BaByliss Curlers Pro 180 38 mm ondulator pentru par (C338E) 1 - SHOPATOA.COM\" \/>\n<meta property=\"og:description\" content=\"BaByliss Curlers Pro 180 38 mm, 1 , Produse electronice pentru femei, Dori\u021bi s\u0103 crea\u021bi valuri romantice, bucle voluminoase ori c\u00e2rlion\u021bi dezl\u0103n\u021bui\u021bi? Ondulatorul de p\u0103r BaByliss Curlers Pro 180 38 mm v\u0103 onduleaz\u0103 p\u0103rul \u00een c\u00e2teva minute \u0219i \u00eei asigur\u0103 o form\u0103 perfect\u0103, exact a\u0219a cum v\u0103 dori\u021bi. Fie c\u0103 merge\u021bi la munc\u0103, la o...\" \/>\n<meta property=\"og:url\" content=\"https:\/\/shopatoa.com\/ro\/babyliss-curlers-pro-180-38-mm-ondulator-pentru-par-c338e-1\/\" \/>\n<meta property=\"og:site_name\" content=\"SHOPATOA\" \/>\n<meta property=\"article:modified_time\" content=\"2025-12-14T18:33:36+00:00\" \/>\n<meta property=\"og:image\" content=\"https:\/\/storage.googleapis.com\/cz-shopatoa-img\/ro\/ae148759-unnamed-file.webp\" \/>\n\t<meta property=\"og:image:width\" content=\"800\" \/>\n\t<meta property=\"og:image:height\" content=\"800\" \/>\n\t<meta property=\"og:image:type\" content=\"image\/webp\" \/>\n<meta name=\"twitter:card\" content=\"summary_large_image\" \/>\n<meta name=\"twitter:label1\" content=\"Timp estimat pentru citire\" \/>\n\t<meta name=\"twitter:data1\" content=\"1 minut\" \/>\n<script type=\"application\/ld+json\" class=\"yoast-schema-graph\">{\"@context\":\"https:\\\/\\\/schema.org\",\"@graph\":[{\"@type\":\"WebPage\",\"@id\":\"https:\\\/\\\/shopatoa.com\\\/ro\\\/babyliss-curlers-pro-180-38-mm-ondulator-pentru-par-c338e-1\\\/\",\"url\":\"https:\\\/\\\/shopatoa.com\\\/ro\\\/babyliss-curlers-pro-180-38-mm-ondulator-pentru-par-c338e-1\\\/\",\"name\":\"BaByliss Curlers Pro 180 38 mm ondulator pentru par (C338E) 1 - SHOPATOA.COM\",\"isPartOf\":{\"@id\":\"https:\\\/\\\/shopatoa.com\\\/ro\\\/#website\"},\"primaryImageOfPage\":{\"@id\":\"https:\\\/\\\/shopatoa.com\\\/ro\\\/babyliss-curlers-pro-180-38-mm-ondulator-pentru-par-c338e-1\\\/#primaryimage\"},\"image\":{\"@id\":\"https:\\\/\\\/shopatoa.com\\\/ro\\\/babyliss-curlers-pro-180-38-mm-ondulator-pentru-par-c338e-1\\\/#primaryimage\"},\"thumbnailUrl\":\"https:\\\/\\\/storage.googleapis.com\\\/cz-shopatoa-img\\\/ro\\\/ae148759-unnamed-file.webp\",\"datePublished\":\"2025-06-29T14:06:11+00:00\",\"dateModified\":\"2025-12-14T18:33:36+00:00\",\"breadcrumb\":{\"@id\":\"https:\\\/\\\/shopatoa.com\\\/ro\\\/babyliss-curlers-pro-180-38-mm-ondulator-pentru-par-c338e-1\\\/#breadcrumb\"},\"inLanguage\":\"ro-RO\",\"potentialAction\":[{\"@type\":\"ReadAction\",\"target\":[\"https:\\\/\\\/shopatoa.com\\\/ro\\\/babyliss-curlers-pro-180-38-mm-ondulator-pentru-par-c338e-1\\\/\"]}]},{\"@type\":\"ImageObject\",\"inLanguage\":\"ro-RO\",\"@id\":\"https:\\\/\\\/shopatoa.com\\\/ro\\\/babyliss-curlers-pro-180-38-mm-ondulator-pentru-par-c338e-1\\\/#primaryimage\",\"url\":\"https:\\\/\\\/storage.googleapis.com\\\/cz-shopatoa-img\\\/ro\\\/ae148759-unnamed-file.webp\",\"contentUrl\":\"https:\\\/\\\/storage.googleapis.com\\\/cz-shopatoa-img\\\/ro\\\/ae148759-unnamed-file.webp\",\"width\":800,\"height\":800},{\"@type\":\"BreadcrumbList\",\"@id\":\"https:\\\/\\\/shopatoa.com\\\/ro\\\/babyliss-curlers-pro-180-38-mm-ondulator-pentru-par-c338e-1\\\/#breadcrumb\",\"itemListElement\":[{\"@type\":\"ListItem\",\"position\":1,\"name\":\"Dom\u016f\",\"item\":\"https:\\\/\\\/shopatoa.com\\\/ro\\\/\"},{\"@type\":\"ListItem\",\"position\":2,\"name\":\"Shop\",\"item\":\"https:\\\/\\\/shopatoa.com\\\/ro\\\/shop\\\/\"},{\"@type\":\"ListItem\",\"position\":3,\"name\":\"S\u0103n\u0103tate \u0219i frumuse\u021be\",\"item\":\"https:\\\/\\\/shopatoa.com\\\/ro\\\/sanatate-si-frumusete\\\/\"},{\"@type\":\"ListItem\",\"position\":4,\"name\":\"\u00cengrijire personal\u0103\",\"item\":\"https:\\\/\\\/shopatoa.com\\\/ro\\\/ingrijire-personala\\\/\"},{\"@type\":\"ListItem\",\"position\":5,\"name\":\"\u00cengrijirea p\u0103rului\",\"item\":\"https:\\\/\\\/shopatoa.com\\\/ro\\\/ingrijirea-parului\\\/\"},{\"@type\":\"ListItem\",\"position\":6,\"name\":\"Unelte de coafat\",\"item\":\"https:\\\/\\\/shopatoa.com\\\/ro\\\/unelte-de-coafat\\\/\"},{\"@type\":\"ListItem\",\"position\":7,\"name\":\"Ondulatoare\",\"item\":\"https:\\\/\\\/shopatoa.com\\\/ro\\\/ondulatoare\\\/\"},{\"@type\":\"ListItem\",\"position\":8,\"name\":\"BaByliss Curlers Pro 180 38 mm ondulator pentru par (C338E) 1\"}]},{\"@type\":\"WebSite\",\"@id\":\"https:\\\/\\\/shopatoa.com\\\/ro\\\/#website\",\"url\":\"https:\\\/\\\/shopatoa.com\\\/ro\\\/\",\"name\":\"SHOPATOA\",\"description\":\"\",\"publisher\":{\"@id\":\"https:\\\/\\\/shopatoa.com\\\/ro\\\/#organization\"},\"potentialAction\":[{\"@type\":\"SearchAction\",\"target\":{\"@type\":\"EntryPoint\",\"urlTemplate\":\"https:\\\/\\\/shopatoa.com\\\/ro\\\/?s={search_term_string}\"},\"query-input\":{\"@type\":\"PropertyValueSpecification\",\"valueRequired\":true,\"valueName\":\"search_term_string\"}}],\"inLanguage\":\"ro-RO\"},{\"@type\":\"Organization\",\"@id\":\"https:\\\/\\\/shopatoa.com\\\/ro\\\/#organization\",\"name\":\"SHOPATOA\",\"url\":\"https:\\\/\\\/shopatoa.com\\\/ro\\\/\",\"logo\":{\"@type\":\"ImageObject\",\"inLanguage\":\"ro-RO\",\"@id\":\"https:\\\/\\\/shopatoa.com\\\/ro\\\/#\\\/schema\\\/logo\\\/image\\\/\",\"url\":\"https:\\\/\\\/storage.googleapis.com\\\/cz-shopatoa-img\\\/ro\\\/b4dac915-shopatoa_logo.png\",\"contentUrl\":\"https:\\\/\\\/storage.googleapis.com\\\/cz-shopatoa-img\\\/ro\\\/b4dac915-shopatoa_logo.png\",\"width\":416,\"height\":63,\"caption\":\"SHOPATOA\"},\"image\":{\"@id\":\"https:\\\/\\\/shopatoa.com\\\/ro\\\/#\\\/schema\\\/logo\\\/image\\\/\"}}]}<\/script>\n<!-- \/ Yoast SEO plugin. -->","yoast_head_json":{"title":"BaByliss Curlers Pro 180 38 mm ondulator pentru par (C338E) 1 - SHOPATOA.COM","robots":{"index":"index","follow":"follow","max-snippet":"max-snippet:-1","max-image-preview":"max-image-preview:large","max-video-preview":"max-video-preview:-1"},"canonical":"https:\/\/shopatoa.com\/ro\/babyliss-curlers-pro-180-38-mm-ondulator-pentru-par-c338e-1\/","og_locale":"ro_RO","og_type":"article","og_title":"BaByliss Curlers Pro 180 38 mm ondulator pentru par (C338E) 1 - SHOPATOA.COM","og_description":"BaByliss Curlers Pro 180 38 mm, 1 , Produse electronice pentru femei, Dori\u021bi s\u0103 crea\u021bi valuri romantice, bucle voluminoase ori c\u00e2rlion\u021bi dezl\u0103n\u021bui\u021bi? Ondulatorul de p\u0103r BaByliss Curlers Pro 180 38 mm v\u0103 onduleaz\u0103 p\u0103rul \u00een c\u00e2teva minute \u0219i \u00eei asigur\u0103 o form\u0103 perfect\u0103, exact a\u0219a cum v\u0103 dori\u021bi. Fie c\u0103 merge\u021bi la munc\u0103, la o...","og_url":"https:\/\/shopatoa.com\/ro\/babyliss-curlers-pro-180-38-mm-ondulator-pentru-par-c338e-1\/","og_site_name":"SHOPATOA","article_modified_time":"2025-12-14T18:33:36+00:00","og_image":[{"width":800,"height":800,"url":"https:\/\/storage.googleapis.com\/cz-shopatoa-img\/ro\/ae148759-unnamed-file.webp","type":"image\/webp"}],"twitter_card":"summary_large_image","twitter_misc":{"Timp estimat pentru citire":"1 minut"},"schema":{"@context":"https:\/\/schema.org","@graph":[{"@type":"WebPage","@id":"https:\/\/shopatoa.com\/ro\/babyliss-curlers-pro-180-38-mm-ondulator-pentru-par-c338e-1\/","url":"https:\/\/shopatoa.com\/ro\/babyliss-curlers-pro-180-38-mm-ondulator-pentru-par-c338e-1\/","name":"BaByliss Curlers Pro 180 38 mm ondulator pentru par (C338E) 1 - SHOPATOA.COM","isPartOf":{"@id":"https:\/\/shopatoa.com\/ro\/#website"},"primaryImageOfPage":{"@id":"https:\/\/shopatoa.com\/ro\/babyliss-curlers-pro-180-38-mm-ondulator-pentru-par-c338e-1\/#primaryimage"},"image":{"@id":"https:\/\/shopatoa.com\/ro\/babyliss-curlers-pro-180-38-mm-ondulator-pentru-par-c338e-1\/#primaryimage"},"thumbnailUrl":"https:\/\/storage.googleapis.com\/cz-shopatoa-img\/ro\/ae148759-unnamed-file.webp","datePublished":"2025-06-29T14:06:11+00:00","dateModified":"2025-12-14T18:33:36+00:00","breadcrumb":{"@id":"https:\/\/shopatoa.com\/ro\/babyliss-curlers-pro-180-38-mm-ondulator-pentru-par-c338e-1\/#breadcrumb"},"inLanguage":"ro-RO","potentialAction":[{"@type":"ReadAction","target":["https:\/\/shopatoa.com\/ro\/babyliss-curlers-pro-180-38-mm-ondulator-pentru-par-c338e-1\/"]}]},{"@type":"ImageObject","inLanguage":"ro-RO","@id":"https:\/\/shopatoa.com\/ro\/babyliss-curlers-pro-180-38-mm-ondulator-pentru-par-c338e-1\/#primaryimage","url":"https:\/\/storage.googleapis.com\/cz-shopatoa-img\/ro\/ae148759-unnamed-file.webp","contentUrl":"https:\/\/storage.googleapis.com\/cz-shopatoa-img\/ro\/ae148759-unnamed-file.webp","width":800,"height":800},{"@type":"BreadcrumbList","@id":"https:\/\/shopatoa.com\/ro\/babyliss-curlers-pro-180-38-mm-ondulator-pentru-par-c338e-1\/#breadcrumb","itemListElement":[{"@type":"ListItem","position":1,"name":"Dom\u016f","item":"https:\/\/shopatoa.com\/ro\/"},{"@type":"ListItem","position":2,"name":"Shop","item":"https:\/\/shopatoa.com\/ro\/shop\/"},{"@type":"ListItem","position":3,"name":"S\u0103n\u0103tate \u0219i frumuse\u021be","item":"https:\/\/shopatoa.com\/ro\/sanatate-si-frumusete\/"},{"@type":"ListItem","position":4,"name":"\u00cengrijire personal\u0103","item":"https:\/\/shopatoa.com\/ro\/ingrijire-personala\/"},{"@type":"ListItem","position":5,"name":"\u00cengrijirea p\u0103rului","item":"https:\/\/shopatoa.com\/ro\/ingrijirea-parului\/"},{"@type":"ListItem","position":6,"name":"Unelte de coafat","item":"https:\/\/shopatoa.com\/ro\/unelte-de-coafat\/"},{"@type":"ListItem","position":7,"name":"Ondulatoare","item":"https:\/\/shopatoa.com\/ro\/ondulatoare\/"},{"@type":"ListItem","position":8,"name":"BaByliss Curlers Pro 180 38 mm ondulator pentru par (C338E) 1"}]},{"@type":"WebSite","@id":"https:\/\/shopatoa.com\/ro\/#website","url":"https:\/\/shopatoa.com\/ro\/","name":"SHOPATOA","description":"","publisher":{"@id":"https:\/\/shopatoa.com\/ro\/#organization"},"potentialAction":[{"@type":"SearchAction","target":{"@type":"EntryPoint","urlTemplate":"https:\/\/shopatoa.com\/ro\/?s={search_term_string}"},"query-input":{"@type":"PropertyValueSpecification","valueRequired":true,"valueName":"search_term_string"}}],"inLanguage":"ro-RO"},{"@type":"Organization","@id":"https:\/\/shopatoa.com\/ro\/#organization","name":"SHOPATOA","url":"https:\/\/shopatoa.com\/ro\/","logo":{"@type":"ImageObject","inLanguage":"ro-RO","@id":"https:\/\/shopatoa.com\/ro\/#\/schema\/logo\/image\/","url":"https:\/\/storage.googleapis.com\/cz-shopatoa-img\/ro\/b4dac915-shopatoa_logo.png","contentUrl":"https:\/\/storage.googleapis.com\/cz-shopatoa-img\/ro\/b4dac915-shopatoa_logo.png","width":416,"height":63,"caption":"SHOPATOA"},"image":{"@id":"https:\/\/shopatoa.com\/ro\/#\/schema\/logo\/image\/"}}]}},"_links":{"self":[{"href":"https:\/\/shopatoa.com\/ro\/wp-json\/wp\/v2\/product\/482663","targetHints":{"allow":["GET"]}}],"collection":[{"href":"https:\/\/shopatoa.com\/ro\/wp-json\/wp\/v2\/product"}],"about":[{"href":"https:\/\/shopatoa.com\/ro\/wp-json\/wp\/v2\/types\/product"}],"replies":[{"embeddable":true,"href":"https:\/\/shopatoa.com\/ro\/wp-json\/wp\/v2\/comments?post=482663"}],"wp:featuredmedia":[{"embeddable":true,"href":"https:\/\/shopatoa.com\/ro\/wp-json\/wp\/v2\/media\/482664"}],"wp:attachment":[{"href":"https:\/\/shopatoa.com\/ro\/wp-json\/wp\/v2\/media?parent=482663"}],"wp:term":[{"taxonomy":"product_brand","embeddable":true,"href":"https:\/\/shopatoa.com\/ro\/wp-json\/wp\/v2\/product_brand?post=482663"},{"taxonomy":"product_cat","embeddable":true,"href":"https:\/\/shopatoa.com\/ro\/wp-json\/wp\/v2\/product_cat?post=482663"},{"taxonomy":"product_tag","embeddable":true,"href":"https:\/\/shopatoa.com\/ro\/wp-json\/wp\/v2\/product_tag?post=482663"}],"curies":[{"name":"wp","href":"https:\/\/api.w.org\/{rel}","templated":true}]}}