{"id":483769,"date":"2025-06-29T17:51:42","date_gmt":"2025-06-29T15:51:42","guid":{"rendered":"https:\/\/shopatoa.com\/ro\/waterclouds-texture-fiber-crema-styling-125-ml\/"},"modified":"2025-12-14T14:24:55","modified_gmt":"2025-12-14T13:24:55","slug":"waterclouds-texture-fiber-crema-styling-125-ml","status":"publish","type":"product","link":"https:\/\/shopatoa.com\/ro\/waterclouds-texture-fiber-crema-styling-125-ml\/","title":{"rendered":"Waterclouds Texture Fiber crema styling 125 ml"},"content":{"rendered":"<p>Waterclouds Texture Fiber, 125 ml, Creme \u0219i geluri pentru p\u0103r pentru femei, \u00cengrijirea f\u0103r\u0103 cl\u0103tire Waterclouds Texture Fiber v\u0103 permite s\u0103 \u021bine\u021bi sub control p\u0103rul ondulat sau cre\u021b \u0219i s\u0103 \u00eei restabili\u021bi aspectul s\u0103n\u0103tos. Dup\u0103 sp\u0103lare, va oferi p\u0103rului tot ce are nevoie, va eviden\u021bia valurile sau buclele, oferindu-le o defini\u021bie \u0219i o textur\u0103 mai clar\u0103 pentru a spori frumuse\u021bea coafurii dvs. Va ajuta la netezirea fibrelor de p\u0103r \u0219i va restabili at\u00e2t integritatea structurii lor, c\u00e2t \u0219i str\u0103lucirea lor natural\u0103. Va favoriza regenerarea acestora \u0219i va contribui la o piept\u0103nare mai u\u0219oar\u0103 \u0219i la orice alte aranj\u0103ri ale p\u0103rului ondulat sau cre\u021b. Cu ajutorul lui, vor fi suficient de hidratate, hr\u0103nite \u0219i, totodat\u0103, vor fi mai u\u0219or de modelat la forma dorit\u0103.  Caracteristici:  ofer\u0103 p\u0103rului hidratare \u0219i nutri\u021bie las\u0103 p\u0103rul flexibil cu o mi\u0219care natural\u0103 asigur\u0103 flexibilitatea p\u0103rului nu \u00eencarc\u0103 p\u0103rul  Cum se utilizeaz\u0103: Se ia \u00een palme o cantitate mic\u0103 de produs \u0219i se aplic\u0103 pe p\u0103r. Nu se cl\u0103te\u0219te, se continu\u0103 aranjarea p\u0103rului ca de obicei. Evita\u021bi contactul direct cu ochii.<\/p>\n","protected":false},"excerpt":{"rendered":"<p>Waterclouds Texture Fiber, 125 ml, Creme \u0219i geluri pentru p\u0103r pentru femei, \u00cengrijirea f\u0103r\u0103 cl\u0103tire Waterclouds Texture Fiber v\u0103 permite s\u0103 \u021bine\u021bi sub control p\u0103rul ondulat sau cre\u021b \u0219i s\u0103 \u00eei restabili\u021bi aspectul s\u0103n\u0103tos. Dup\u0103 sp\u0103lare, va oferi p\u0103rului tot ce are nevoie, va eviden\u021bia valurile sau buclele, oferindu-le o defini\u021bie \u0219i o textur\u0103 mai&#8230;<\/p>\n","protected":false},"featured_media":496229,"comment_status":"closed","ping_status":"open","template":"","meta":{"_acf_changed":false,"_kadence_starter_templates_imported_post":false,"_kad_post_transparent":"","_kad_post_title":"","_kad_post_layout":"","_kad_post_sidebar_id":"","_kad_post_content_style":"","_kad_post_vertical_padding":"","_kad_post_feature":"","_kad_post_feature_position":"","_kad_post_header":false,"_kad_post_footer":false,"_kad_post_classname":""},"product_brand":[2028],"product_cat":[1563,1590,1633,1562],"product_tag":[],"class_list":{"0":"post-483769","1":"product","2":"type-product","3":"status-publish","4":"has-post-thumbnail","6":"product_brand-waterclouds","7":"product_cat-ingrijire-personala","8":"product_cat-ingrijirea-parului","9":"product_cat-produse-de-coafare-a-parului","10":"product_cat-sanatate-si-frumusete","11":"pa_gen-female","12":"pa_marime-125-ml","14":"first","15":"instock","16":"sale","17":"product-type-external","18":"entry","19":"content-bg","20":"loop-entry"},"acf":[],"yoast_head":"<!-- This site is optimized with the Yoast SEO plugin v27.3 - https:\/\/yoast.com\/product\/yoast-seo-wordpress\/ -->\n<title>Waterclouds Texture Fiber crema styling 125 ml - SHOPATOA.COM<\/title>\n<meta name=\"robots\" content=\"index, follow, max-snippet:-1, max-image-preview:large, max-video-preview:-1\" \/>\n<link rel=\"canonical\" href=\"https:\/\/shopatoa.com\/ro\/waterclouds-texture-fiber-crema-styling-125-ml\/\" \/>\n<meta property=\"og:locale\" content=\"ro_RO\" \/>\n<meta property=\"og:type\" content=\"article\" \/>\n<meta property=\"og:title\" content=\"Waterclouds Texture Fiber crema styling 125 ml - SHOPATOA.COM\" \/>\n<meta property=\"og:description\" content=\"Waterclouds Texture Fiber, 125 ml, Creme \u0219i geluri pentru p\u0103r pentru femei, \u00cengrijirea f\u0103r\u0103 cl\u0103tire Waterclouds Texture Fiber v\u0103 permite s\u0103 \u021bine\u021bi sub control p\u0103rul ondulat sau cre\u021b \u0219i s\u0103 \u00eei restabili\u021bi aspectul s\u0103n\u0103tos. Dup\u0103 sp\u0103lare, va oferi p\u0103rului tot ce are nevoie, va eviden\u021bia valurile sau buclele, oferindu-le o defini\u021bie \u0219i o textur\u0103 mai...\" \/>\n<meta property=\"og:url\" content=\"https:\/\/shopatoa.com\/ro\/waterclouds-texture-fiber-crema-styling-125-ml\/\" \/>\n<meta property=\"og:site_name\" content=\"SHOPATOA\" \/>\n<meta property=\"article:modified_time\" content=\"2025-12-14T13:24:55+00:00\" \/>\n<meta property=\"og:image\" content=\"https:\/\/storage.googleapis.com\/cz-shopatoa-img\/ro\/6faa2ed8-watercloudstexturefibercremastyling125ml.jpg\" \/>\n\t<meta property=\"og:image:width\" content=\"800\" \/>\n\t<meta property=\"og:image:height\" content=\"800\" \/>\n\t<meta property=\"og:image:type\" content=\"image\/jpeg\" \/>\n<meta name=\"twitter:card\" content=\"summary_large_image\" \/>\n<meta name=\"twitter:label1\" content=\"Timp estimat pentru citire\" \/>\n\t<meta name=\"twitter:data1\" content=\"1 minut\" \/>\n<script type=\"application\/ld+json\" class=\"yoast-schema-graph\">{\"@context\":\"https:\\\/\\\/schema.org\",\"@graph\":[{\"@type\":\"WebPage\",\"@id\":\"https:\\\/\\\/shopatoa.com\\\/ro\\\/waterclouds-texture-fiber-crema-styling-125-ml\\\/\",\"url\":\"https:\\\/\\\/shopatoa.com\\\/ro\\\/waterclouds-texture-fiber-crema-styling-125-ml\\\/\",\"name\":\"Waterclouds Texture Fiber crema styling 125 ml - SHOPATOA.COM\",\"isPartOf\":{\"@id\":\"https:\\\/\\\/shopatoa.com\\\/ro\\\/#website\"},\"primaryImageOfPage\":{\"@id\":\"https:\\\/\\\/shopatoa.com\\\/ro\\\/waterclouds-texture-fiber-crema-styling-125-ml\\\/#primaryimage\"},\"image\":{\"@id\":\"https:\\\/\\\/shopatoa.com\\\/ro\\\/waterclouds-texture-fiber-crema-styling-125-ml\\\/#primaryimage\"},\"thumbnailUrl\":\"https:\\\/\\\/storage.googleapis.com\\\/cz-shopatoa-img\\\/ro\\\/6faa2ed8-watercloudstexturefibercremastyling125ml.jpg\",\"datePublished\":\"2025-06-29T15:51:42+00:00\",\"dateModified\":\"2025-12-14T13:24:55+00:00\",\"breadcrumb\":{\"@id\":\"https:\\\/\\\/shopatoa.com\\\/ro\\\/waterclouds-texture-fiber-crema-styling-125-ml\\\/#breadcrumb\"},\"inLanguage\":\"ro-RO\",\"potentialAction\":[{\"@type\":\"ReadAction\",\"target\":[\"https:\\\/\\\/shopatoa.com\\\/ro\\\/waterclouds-texture-fiber-crema-styling-125-ml\\\/\"]}]},{\"@type\":\"ImageObject\",\"inLanguage\":\"ro-RO\",\"@id\":\"https:\\\/\\\/shopatoa.com\\\/ro\\\/waterclouds-texture-fiber-crema-styling-125-ml\\\/#primaryimage\",\"url\":\"https:\\\/\\\/storage.googleapis.com\\\/cz-shopatoa-img\\\/ro\\\/6faa2ed8-watercloudstexturefibercremastyling125ml.jpg\",\"contentUrl\":\"https:\\\/\\\/storage.googleapis.com\\\/cz-shopatoa-img\\\/ro\\\/6faa2ed8-watercloudstexturefibercremastyling125ml.jpg\",\"width\":800,\"height\":800,\"caption\":\"Waterclouds Texture Fiber crema styling 125 ml\"},{\"@type\":\"BreadcrumbList\",\"@id\":\"https:\\\/\\\/shopatoa.com\\\/ro\\\/waterclouds-texture-fiber-crema-styling-125-ml\\\/#breadcrumb\",\"itemListElement\":[{\"@type\":\"ListItem\",\"position\":1,\"name\":\"Dom\u016f\",\"item\":\"https:\\\/\\\/shopatoa.com\\\/ro\\\/\"},{\"@type\":\"ListItem\",\"position\":2,\"name\":\"Shop\",\"item\":\"https:\\\/\\\/shopatoa.com\\\/ro\\\/shop\\\/\"},{\"@type\":\"ListItem\",\"position\":3,\"name\":\"S\u0103n\u0103tate \u0219i frumuse\u021be\",\"item\":\"https:\\\/\\\/shopatoa.com\\\/ro\\\/sanatate-si-frumusete\\\/\"},{\"@type\":\"ListItem\",\"position\":4,\"name\":\"\u00cengrijire personal\u0103\",\"item\":\"https:\\\/\\\/shopatoa.com\\\/ro\\\/ingrijire-personala\\\/\"},{\"@type\":\"ListItem\",\"position\":5,\"name\":\"\u00cengrijirea p\u0103rului\",\"item\":\"https:\\\/\\\/shopatoa.com\\\/ro\\\/ingrijirea-parului\\\/\"},{\"@type\":\"ListItem\",\"position\":6,\"name\":\"Produse de coafare a p\u0103rului\",\"item\":\"https:\\\/\\\/shopatoa.com\\\/ro\\\/produse-de-coafare-a-parului\\\/\"},{\"@type\":\"ListItem\",\"position\":7,\"name\":\"Waterclouds Texture Fiber crema styling 125 ml\"}]},{\"@type\":\"WebSite\",\"@id\":\"https:\\\/\\\/shopatoa.com\\\/ro\\\/#website\",\"url\":\"https:\\\/\\\/shopatoa.com\\\/ro\\\/\",\"name\":\"SHOPATOA\",\"description\":\"\",\"publisher\":{\"@id\":\"https:\\\/\\\/shopatoa.com\\\/ro\\\/#organization\"},\"potentialAction\":[{\"@type\":\"SearchAction\",\"target\":{\"@type\":\"EntryPoint\",\"urlTemplate\":\"https:\\\/\\\/shopatoa.com\\\/ro\\\/?s={search_term_string}\"},\"query-input\":{\"@type\":\"PropertyValueSpecification\",\"valueRequired\":true,\"valueName\":\"search_term_string\"}}],\"inLanguage\":\"ro-RO\"},{\"@type\":\"Organization\",\"@id\":\"https:\\\/\\\/shopatoa.com\\\/ro\\\/#organization\",\"name\":\"SHOPATOA\",\"url\":\"https:\\\/\\\/shopatoa.com\\\/ro\\\/\",\"logo\":{\"@type\":\"ImageObject\",\"inLanguage\":\"ro-RO\",\"@id\":\"https:\\\/\\\/shopatoa.com\\\/ro\\\/#\\\/schema\\\/logo\\\/image\\\/\",\"url\":\"https:\\\/\\\/storage.googleapis.com\\\/cz-shopatoa-img\\\/ro\\\/b4dac915-shopatoa_logo.png\",\"contentUrl\":\"https:\\\/\\\/storage.googleapis.com\\\/cz-shopatoa-img\\\/ro\\\/b4dac915-shopatoa_logo.png\",\"width\":416,\"height\":63,\"caption\":\"SHOPATOA\"},\"image\":{\"@id\":\"https:\\\/\\\/shopatoa.com\\\/ro\\\/#\\\/schema\\\/logo\\\/image\\\/\"}}]}<\/script>\n<!-- \/ Yoast SEO plugin. -->","yoast_head_json":{"title":"Waterclouds Texture Fiber crema styling 125 ml - SHOPATOA.COM","robots":{"index":"index","follow":"follow","max-snippet":"max-snippet:-1","max-image-preview":"max-image-preview:large","max-video-preview":"max-video-preview:-1"},"canonical":"https:\/\/shopatoa.com\/ro\/waterclouds-texture-fiber-crema-styling-125-ml\/","og_locale":"ro_RO","og_type":"article","og_title":"Waterclouds Texture Fiber crema styling 125 ml - SHOPATOA.COM","og_description":"Waterclouds Texture Fiber, 125 ml, Creme \u0219i geluri pentru p\u0103r pentru femei, \u00cengrijirea f\u0103r\u0103 cl\u0103tire Waterclouds Texture Fiber v\u0103 permite s\u0103 \u021bine\u021bi sub control p\u0103rul ondulat sau cre\u021b \u0219i s\u0103 \u00eei restabili\u021bi aspectul s\u0103n\u0103tos. Dup\u0103 sp\u0103lare, va oferi p\u0103rului tot ce are nevoie, va eviden\u021bia valurile sau buclele, oferindu-le o defini\u021bie \u0219i o textur\u0103 mai...","og_url":"https:\/\/shopatoa.com\/ro\/waterclouds-texture-fiber-crema-styling-125-ml\/","og_site_name":"SHOPATOA","article_modified_time":"2025-12-14T13:24:55+00:00","og_image":[{"width":800,"height":800,"url":"https:\/\/storage.googleapis.com\/cz-shopatoa-img\/ro\/6faa2ed8-watercloudstexturefibercremastyling125ml.jpg","type":"image\/jpeg"}],"twitter_card":"summary_large_image","twitter_misc":{"Timp estimat pentru citire":"1 minut"},"schema":{"@context":"https:\/\/schema.org","@graph":[{"@type":"WebPage","@id":"https:\/\/shopatoa.com\/ro\/waterclouds-texture-fiber-crema-styling-125-ml\/","url":"https:\/\/shopatoa.com\/ro\/waterclouds-texture-fiber-crema-styling-125-ml\/","name":"Waterclouds Texture Fiber crema styling 125 ml - SHOPATOA.COM","isPartOf":{"@id":"https:\/\/shopatoa.com\/ro\/#website"},"primaryImageOfPage":{"@id":"https:\/\/shopatoa.com\/ro\/waterclouds-texture-fiber-crema-styling-125-ml\/#primaryimage"},"image":{"@id":"https:\/\/shopatoa.com\/ro\/waterclouds-texture-fiber-crema-styling-125-ml\/#primaryimage"},"thumbnailUrl":"https:\/\/storage.googleapis.com\/cz-shopatoa-img\/ro\/6faa2ed8-watercloudstexturefibercremastyling125ml.jpg","datePublished":"2025-06-29T15:51:42+00:00","dateModified":"2025-12-14T13:24:55+00:00","breadcrumb":{"@id":"https:\/\/shopatoa.com\/ro\/waterclouds-texture-fiber-crema-styling-125-ml\/#breadcrumb"},"inLanguage":"ro-RO","potentialAction":[{"@type":"ReadAction","target":["https:\/\/shopatoa.com\/ro\/waterclouds-texture-fiber-crema-styling-125-ml\/"]}]},{"@type":"ImageObject","inLanguage":"ro-RO","@id":"https:\/\/shopatoa.com\/ro\/waterclouds-texture-fiber-crema-styling-125-ml\/#primaryimage","url":"https:\/\/storage.googleapis.com\/cz-shopatoa-img\/ro\/6faa2ed8-watercloudstexturefibercremastyling125ml.jpg","contentUrl":"https:\/\/storage.googleapis.com\/cz-shopatoa-img\/ro\/6faa2ed8-watercloudstexturefibercremastyling125ml.jpg","width":800,"height":800,"caption":"Waterclouds Texture Fiber crema styling 125 ml"},{"@type":"BreadcrumbList","@id":"https:\/\/shopatoa.com\/ro\/waterclouds-texture-fiber-crema-styling-125-ml\/#breadcrumb","itemListElement":[{"@type":"ListItem","position":1,"name":"Dom\u016f","item":"https:\/\/shopatoa.com\/ro\/"},{"@type":"ListItem","position":2,"name":"Shop","item":"https:\/\/shopatoa.com\/ro\/shop\/"},{"@type":"ListItem","position":3,"name":"S\u0103n\u0103tate \u0219i frumuse\u021be","item":"https:\/\/shopatoa.com\/ro\/sanatate-si-frumusete\/"},{"@type":"ListItem","position":4,"name":"\u00cengrijire personal\u0103","item":"https:\/\/shopatoa.com\/ro\/ingrijire-personala\/"},{"@type":"ListItem","position":5,"name":"\u00cengrijirea p\u0103rului","item":"https:\/\/shopatoa.com\/ro\/ingrijirea-parului\/"},{"@type":"ListItem","position":6,"name":"Produse de coafare a p\u0103rului","item":"https:\/\/shopatoa.com\/ro\/produse-de-coafare-a-parului\/"},{"@type":"ListItem","position":7,"name":"Waterclouds Texture Fiber crema styling 125 ml"}]},{"@type":"WebSite","@id":"https:\/\/shopatoa.com\/ro\/#website","url":"https:\/\/shopatoa.com\/ro\/","name":"SHOPATOA","description":"","publisher":{"@id":"https:\/\/shopatoa.com\/ro\/#organization"},"potentialAction":[{"@type":"SearchAction","target":{"@type":"EntryPoint","urlTemplate":"https:\/\/shopatoa.com\/ro\/?s={search_term_string}"},"query-input":{"@type":"PropertyValueSpecification","valueRequired":true,"valueName":"search_term_string"}}],"inLanguage":"ro-RO"},{"@type":"Organization","@id":"https:\/\/shopatoa.com\/ro\/#organization","name":"SHOPATOA","url":"https:\/\/shopatoa.com\/ro\/","logo":{"@type":"ImageObject","inLanguage":"ro-RO","@id":"https:\/\/shopatoa.com\/ro\/#\/schema\/logo\/image\/","url":"https:\/\/storage.googleapis.com\/cz-shopatoa-img\/ro\/b4dac915-shopatoa_logo.png","contentUrl":"https:\/\/storage.googleapis.com\/cz-shopatoa-img\/ro\/b4dac915-shopatoa_logo.png","width":416,"height":63,"caption":"SHOPATOA"},"image":{"@id":"https:\/\/shopatoa.com\/ro\/#\/schema\/logo\/image\/"}}]}},"_links":{"self":[{"href":"https:\/\/shopatoa.com\/ro\/wp-json\/wp\/v2\/product\/483769","targetHints":{"allow":["GET"]}}],"collection":[{"href":"https:\/\/shopatoa.com\/ro\/wp-json\/wp\/v2\/product"}],"about":[{"href":"https:\/\/shopatoa.com\/ro\/wp-json\/wp\/v2\/types\/product"}],"replies":[{"embeddable":true,"href":"https:\/\/shopatoa.com\/ro\/wp-json\/wp\/v2\/comments?post=483769"}],"wp:featuredmedia":[{"embeddable":true,"href":"https:\/\/shopatoa.com\/ro\/wp-json\/wp\/v2\/media\/496229"}],"wp:attachment":[{"href":"https:\/\/shopatoa.com\/ro\/wp-json\/wp\/v2\/media?parent=483769"}],"wp:term":[{"taxonomy":"product_brand","embeddable":true,"href":"https:\/\/shopatoa.com\/ro\/wp-json\/wp\/v2\/product_brand?post=483769"},{"taxonomy":"product_cat","embeddable":true,"href":"https:\/\/shopatoa.com\/ro\/wp-json\/wp\/v2\/product_cat?post=483769"},{"taxonomy":"product_tag","embeddable":true,"href":"https:\/\/shopatoa.com\/ro\/wp-json\/wp\/v2\/product_tag?post=483769"}],"curies":[{"name":"wp","href":"https:\/\/api.w.org\/{rel}","templated":true}]}}