{"id":483801,"date":"2025-06-29T17:56:55","date_gmt":"2025-06-29T15:56:55","guid":{"rendered":"https:\/\/shopatoa.com\/ro\/zwilling-classic-inox-set-de-manichiura\/"},"modified":"2025-12-14T14:13:13","modified_gmt":"2025-12-14T13:13:13","slug":"zwilling-classic-inox-set-de-manichiura","status":"publish","type":"product","link":"https:\/\/shopatoa.com\/ro\/zwilling-classic-inox-set-de-manichiura\/","title":{"rendered":"Zwilling Classic Inox Set de manichiur\u0103"},"content":{"rendered":"<p>Zwilling Classic Inox, 10 buc, Manichiur\u0103 \u0219i pile de unghii pentru femei, Unghiile \u00eengrijite sunt cartea dvs. de vizit\u0103 \u2013 prezenta\u021bi-v\u0103 \u00een cea mai bun\u0103 lumin\u0103, f\u0103r\u0103 a fi nevoit\u0103 s\u0103 vizita\u021bi un salon profesional. Pila Zwilling Classic Inox v\u0103 va permite s\u0103 modela\u021bi cu precizie unghiile \u00een confortul de acas\u0103 \u0219i s\u0103 face\u021bi orice mici ajust\u0103ri, pentru un aspect ca la salon. Unghiile dvs. vor ar\u0103ta \u00eentotdeauna \u00eengrijite, aranjate \u0219i perfecte.  Setul con\u021bine:  unghiera 1 buc Un instrument pentru \u00eempingerea \u0219i \u00eendep\u0103rtarea cuticul\u0103 de unghii 1 buc Pila de unghii safir pentru unghii 1 buc penseta inclinata 1 buc penseta ascutita 1 buc penseta 1 buc unghiera 1 buc forfecuta pentru unghii 1 buc foarfeca pentru cuticule 1 buc cleste pentru cuticule 1 buc Geanta pentru calatorio 1 buc  Caracteristici:  pila de unghii este foarte neagresiv\u0103 fa\u021b\u0103 de cuticule \u0219i nu provoac\u0103 abraziuni suprafa\u021ba pilei are o mare durabilitate form\u0103 practic\u0103, pentru o mai bun\u0103 manipulare taie delicat cuticulele fine, din jurul unghiilor ascu\u021bire durabil\u0103 accesoriul ideal pentru o manichiur\u0103 perfect\u0103 eviden\u021biaz\u0103 spr\u00e2ncenele \u0219i le pune \u00een valoare frumuse\u021bea natural\u0103 subliniaz\u0103 \u0219i accentueaz\u0103 aspectul spr\u00e2ncenelor confer\u0103 spr\u00e2ncenelor un aspect \u00eengrijit previne zdren\u021buirea \u0219i ruperea unghiilor modeleaz\u0103 \u0219i scurteaz\u0103 unghiile  Cum se utilizeaz\u0103: Se utilizeaz\u0103 dup\u0103 cum este necesar.<\/p>\n","protected":false},"excerpt":{"rendered":"<p>Zwilling Classic Inox, 10 buc, Manichiur\u0103 \u0219i pile de unghii pentru femei, Unghiile \u00eengrijite sunt cartea dvs. de vizit\u0103 \u2013 prezenta\u021bi-v\u0103 \u00een cea mai bun\u0103 lumin\u0103, f\u0103r\u0103 a fi nevoit\u0103 s\u0103 vizita\u021bi un salon profesional. Pila Zwilling Classic Inox v\u0103 va permite s\u0103 modela\u021bi cu precizie unghiile \u00een confortul de acas\u0103 \u0219i s\u0103 face\u021bi orice&#8230;<\/p>\n","protected":false},"featured_media":486750,"comment_status":"closed","ping_status":"open","template":"","meta":{"_acf_changed":false,"_kadence_starter_templates_imported_post":false,"_kad_post_transparent":"","_kad_post_title":"","_kad_post_layout":"","_kad_post_sidebar_id":"","_kad_post_content_style":"","_kad_post_vertical_padding":"","_kad_post_feature":"","_kad_post_feature_position":"","_kad_post_header":false,"_kad_post_footer":false,"_kad_post_classname":""},"product_brand":[2228],"product_cat":[1564,1563,1581,1562],"product_tag":[],"class_list":{"0":"post-483801","1":"product","2":"type-product","3":"status-publish","4":"has-post-thumbnail","6":"product_brand-zwilling","7":"product_cat-cosmetice-ingrijire-personala","8":"product_cat-ingrijire-personala","9":"product_cat-ingrijirea-unghiilor","10":"product_cat-sanatate-si-frumusete","11":"pa_gen-female","12":"pa_marime-10-buc","14":"first","15":"instock","16":"sale","17":"product-type-external","18":"entry","19":"content-bg","20":"loop-entry"},"acf":[],"yoast_head":"<!-- This site is optimized with the Yoast SEO plugin v27.4 - https:\/\/yoast.com\/product\/yoast-seo-wordpress\/ -->\n<title>Zwilling Classic Inox Set de manichiur\u0103 - SHOPATOA.COM<\/title>\n<meta name=\"robots\" content=\"index, follow, max-snippet:-1, max-image-preview:large, max-video-preview:-1\" \/>\n<link rel=\"canonical\" href=\"https:\/\/shopatoa.com\/ro\/zwilling-classic-inox-set-de-manichiura\/\" \/>\n<meta property=\"og:locale\" content=\"ro_RO\" \/>\n<meta property=\"og:type\" content=\"article\" \/>\n<meta property=\"og:title\" content=\"Zwilling Classic Inox Set de manichiur\u0103 - SHOPATOA.COM\" \/>\n<meta property=\"og:description\" content=\"Zwilling Classic Inox, 10 buc, Manichiur\u0103 \u0219i pile de unghii pentru femei, Unghiile \u00eengrijite sunt cartea dvs. de vizit\u0103 \u2013 prezenta\u021bi-v\u0103 \u00een cea mai bun\u0103 lumin\u0103, f\u0103r\u0103 a fi nevoit\u0103 s\u0103 vizita\u021bi un salon profesional. Pila Zwilling Classic Inox v\u0103 va permite s\u0103 modela\u021bi cu precizie unghiile \u00een confortul de acas\u0103 \u0219i s\u0103 face\u021bi orice...\" \/>\n<meta property=\"og:url\" content=\"https:\/\/shopatoa.com\/ro\/zwilling-classic-inox-set-de-manichiura\/\" \/>\n<meta property=\"og:site_name\" content=\"SHOPATOA\" \/>\n<meta property=\"article:modified_time\" content=\"2025-12-14T13:13:13+00:00\" \/>\n<meta property=\"og:image\" content=\"https:\/\/storage.googleapis.com\/cz-shopatoa-img\/ro\/5b5ac1c9-unnamed-file.webp\" \/>\n\t<meta property=\"og:image:width\" content=\"800\" \/>\n\t<meta property=\"og:image:height\" content=\"800\" \/>\n\t<meta property=\"og:image:type\" content=\"image\/webp\" \/>\n<meta name=\"twitter:card\" content=\"summary_large_image\" \/>\n<meta name=\"twitter:label1\" content=\"Timp estimat pentru citire\" \/>\n\t<meta name=\"twitter:data1\" content=\"1 minut\" \/>\n<script type=\"application\/ld+json\" class=\"yoast-schema-graph\">{\"@context\":\"https:\\\/\\\/schema.org\",\"@graph\":[{\"@type\":\"WebPage\",\"@id\":\"https:\\\/\\\/shopatoa.com\\\/ro\\\/zwilling-classic-inox-set-de-manichiura\\\/\",\"url\":\"https:\\\/\\\/shopatoa.com\\\/ro\\\/zwilling-classic-inox-set-de-manichiura\\\/\",\"name\":\"Zwilling Classic Inox Set de manichiur\u0103 - SHOPATOA.COM\",\"isPartOf\":{\"@id\":\"https:\\\/\\\/shopatoa.com\\\/ro\\\/#website\"},\"primaryImageOfPage\":{\"@id\":\"https:\\\/\\\/shopatoa.com\\\/ro\\\/zwilling-classic-inox-set-de-manichiura\\\/#primaryimage\"},\"image\":{\"@id\":\"https:\\\/\\\/shopatoa.com\\\/ro\\\/zwilling-classic-inox-set-de-manichiura\\\/#primaryimage\"},\"thumbnailUrl\":\"https:\\\/\\\/storage.googleapis.com\\\/cz-shopatoa-img\\\/ro\\\/5b5ac1c9-unnamed-file.webp\",\"datePublished\":\"2025-06-29T15:56:55+00:00\",\"dateModified\":\"2025-12-14T13:13:13+00:00\",\"breadcrumb\":{\"@id\":\"https:\\\/\\\/shopatoa.com\\\/ro\\\/zwilling-classic-inox-set-de-manichiura\\\/#breadcrumb\"},\"inLanguage\":\"ro-RO\",\"potentialAction\":[{\"@type\":\"ReadAction\",\"target\":[\"https:\\\/\\\/shopatoa.com\\\/ro\\\/zwilling-classic-inox-set-de-manichiura\\\/\"]}]},{\"@type\":\"ImageObject\",\"inLanguage\":\"ro-RO\",\"@id\":\"https:\\\/\\\/shopatoa.com\\\/ro\\\/zwilling-classic-inox-set-de-manichiura\\\/#primaryimage\",\"url\":\"https:\\\/\\\/storage.googleapis.com\\\/cz-shopatoa-img\\\/ro\\\/5b5ac1c9-unnamed-file.webp\",\"contentUrl\":\"https:\\\/\\\/storage.googleapis.com\\\/cz-shopatoa-img\\\/ro\\\/5b5ac1c9-unnamed-file.webp\",\"width\":800,\"height\":800},{\"@type\":\"BreadcrumbList\",\"@id\":\"https:\\\/\\\/shopatoa.com\\\/ro\\\/zwilling-classic-inox-set-de-manichiura\\\/#breadcrumb\",\"itemListElement\":[{\"@type\":\"ListItem\",\"position\":1,\"name\":\"Dom\u016f\",\"item\":\"https:\\\/\\\/shopatoa.com\\\/ro\\\/\"},{\"@type\":\"ListItem\",\"position\":2,\"name\":\"Shop\",\"item\":\"https:\\\/\\\/shopatoa.com\\\/ro\\\/shop\\\/\"},{\"@type\":\"ListItem\",\"position\":3,\"name\":\"S\u0103n\u0103tate \u0219i frumuse\u021be\",\"item\":\"https:\\\/\\\/shopatoa.com\\\/ro\\\/sanatate-si-frumusete\\\/\"},{\"@type\":\"ListItem\",\"position\":4,\"name\":\"\u00cengrijire personal\u0103\",\"item\":\"https:\\\/\\\/shopatoa.com\\\/ro\\\/ingrijire-personala\\\/\"},{\"@type\":\"ListItem\",\"position\":5,\"name\":\"Cosmetice\",\"item\":\"https:\\\/\\\/shopatoa.com\\\/ro\\\/cosmetice-ingrijire-personala\\\/\"},{\"@type\":\"ListItem\",\"position\":6,\"name\":\"\u00cengrijirea unghiilor\",\"item\":\"https:\\\/\\\/shopatoa.com\\\/ro\\\/ingrijirea-unghiilor\\\/\"},{\"@type\":\"ListItem\",\"position\":7,\"name\":\"Zwilling Classic Inox Set de manichiur\u0103\"}]},{\"@type\":\"WebSite\",\"@id\":\"https:\\\/\\\/shopatoa.com\\\/ro\\\/#website\",\"url\":\"https:\\\/\\\/shopatoa.com\\\/ro\\\/\",\"name\":\"SHOPATOA\",\"description\":\"\",\"publisher\":{\"@id\":\"https:\\\/\\\/shopatoa.com\\\/ro\\\/#organization\"},\"potentialAction\":[{\"@type\":\"SearchAction\",\"target\":{\"@type\":\"EntryPoint\",\"urlTemplate\":\"https:\\\/\\\/shopatoa.com\\\/ro\\\/?s={search_term_string}\"},\"query-input\":{\"@type\":\"PropertyValueSpecification\",\"valueRequired\":true,\"valueName\":\"search_term_string\"}}],\"inLanguage\":\"ro-RO\"},{\"@type\":\"Organization\",\"@id\":\"https:\\\/\\\/shopatoa.com\\\/ro\\\/#organization\",\"name\":\"SHOPATOA\",\"url\":\"https:\\\/\\\/shopatoa.com\\\/ro\\\/\",\"logo\":{\"@type\":\"ImageObject\",\"inLanguage\":\"ro-RO\",\"@id\":\"https:\\\/\\\/shopatoa.com\\\/ro\\\/#\\\/schema\\\/logo\\\/image\\\/\",\"url\":\"https:\\\/\\\/storage.googleapis.com\\\/cz-shopatoa-img\\\/ro\\\/b4dac915-shopatoa_logo.png\",\"contentUrl\":\"https:\\\/\\\/storage.googleapis.com\\\/cz-shopatoa-img\\\/ro\\\/b4dac915-shopatoa_logo.png\",\"width\":416,\"height\":63,\"caption\":\"SHOPATOA\"},\"image\":{\"@id\":\"https:\\\/\\\/shopatoa.com\\\/ro\\\/#\\\/schema\\\/logo\\\/image\\\/\"}}]}<\/script>\n<!-- \/ Yoast SEO plugin. -->","yoast_head_json":{"title":"Zwilling Classic Inox Set de manichiur\u0103 - SHOPATOA.COM","robots":{"index":"index","follow":"follow","max-snippet":"max-snippet:-1","max-image-preview":"max-image-preview:large","max-video-preview":"max-video-preview:-1"},"canonical":"https:\/\/shopatoa.com\/ro\/zwilling-classic-inox-set-de-manichiura\/","og_locale":"ro_RO","og_type":"article","og_title":"Zwilling Classic Inox Set de manichiur\u0103 - SHOPATOA.COM","og_description":"Zwilling Classic Inox, 10 buc, Manichiur\u0103 \u0219i pile de unghii pentru femei, Unghiile \u00eengrijite sunt cartea dvs. de vizit\u0103 \u2013 prezenta\u021bi-v\u0103 \u00een cea mai bun\u0103 lumin\u0103, f\u0103r\u0103 a fi nevoit\u0103 s\u0103 vizita\u021bi un salon profesional. Pila Zwilling Classic Inox v\u0103 va permite s\u0103 modela\u021bi cu precizie unghiile \u00een confortul de acas\u0103 \u0219i s\u0103 face\u021bi orice...","og_url":"https:\/\/shopatoa.com\/ro\/zwilling-classic-inox-set-de-manichiura\/","og_site_name":"SHOPATOA","article_modified_time":"2025-12-14T13:13:13+00:00","og_image":[{"width":800,"height":800,"url":"https:\/\/storage.googleapis.com\/cz-shopatoa-img\/ro\/5b5ac1c9-unnamed-file.webp","type":"image\/webp"}],"twitter_card":"summary_large_image","twitter_misc":{"Timp estimat pentru citire":"1 minut"},"schema":{"@context":"https:\/\/schema.org","@graph":[{"@type":"WebPage","@id":"https:\/\/shopatoa.com\/ro\/zwilling-classic-inox-set-de-manichiura\/","url":"https:\/\/shopatoa.com\/ro\/zwilling-classic-inox-set-de-manichiura\/","name":"Zwilling Classic Inox Set de manichiur\u0103 - SHOPATOA.COM","isPartOf":{"@id":"https:\/\/shopatoa.com\/ro\/#website"},"primaryImageOfPage":{"@id":"https:\/\/shopatoa.com\/ro\/zwilling-classic-inox-set-de-manichiura\/#primaryimage"},"image":{"@id":"https:\/\/shopatoa.com\/ro\/zwilling-classic-inox-set-de-manichiura\/#primaryimage"},"thumbnailUrl":"https:\/\/storage.googleapis.com\/cz-shopatoa-img\/ro\/5b5ac1c9-unnamed-file.webp","datePublished":"2025-06-29T15:56:55+00:00","dateModified":"2025-12-14T13:13:13+00:00","breadcrumb":{"@id":"https:\/\/shopatoa.com\/ro\/zwilling-classic-inox-set-de-manichiura\/#breadcrumb"},"inLanguage":"ro-RO","potentialAction":[{"@type":"ReadAction","target":["https:\/\/shopatoa.com\/ro\/zwilling-classic-inox-set-de-manichiura\/"]}]},{"@type":"ImageObject","inLanguage":"ro-RO","@id":"https:\/\/shopatoa.com\/ro\/zwilling-classic-inox-set-de-manichiura\/#primaryimage","url":"https:\/\/storage.googleapis.com\/cz-shopatoa-img\/ro\/5b5ac1c9-unnamed-file.webp","contentUrl":"https:\/\/storage.googleapis.com\/cz-shopatoa-img\/ro\/5b5ac1c9-unnamed-file.webp","width":800,"height":800},{"@type":"BreadcrumbList","@id":"https:\/\/shopatoa.com\/ro\/zwilling-classic-inox-set-de-manichiura\/#breadcrumb","itemListElement":[{"@type":"ListItem","position":1,"name":"Dom\u016f","item":"https:\/\/shopatoa.com\/ro\/"},{"@type":"ListItem","position":2,"name":"Shop","item":"https:\/\/shopatoa.com\/ro\/shop\/"},{"@type":"ListItem","position":3,"name":"S\u0103n\u0103tate \u0219i frumuse\u021be","item":"https:\/\/shopatoa.com\/ro\/sanatate-si-frumusete\/"},{"@type":"ListItem","position":4,"name":"\u00cengrijire personal\u0103","item":"https:\/\/shopatoa.com\/ro\/ingrijire-personala\/"},{"@type":"ListItem","position":5,"name":"Cosmetice","item":"https:\/\/shopatoa.com\/ro\/cosmetice-ingrijire-personala\/"},{"@type":"ListItem","position":6,"name":"\u00cengrijirea unghiilor","item":"https:\/\/shopatoa.com\/ro\/ingrijirea-unghiilor\/"},{"@type":"ListItem","position":7,"name":"Zwilling Classic Inox Set de manichiur\u0103"}]},{"@type":"WebSite","@id":"https:\/\/shopatoa.com\/ro\/#website","url":"https:\/\/shopatoa.com\/ro\/","name":"SHOPATOA","description":"","publisher":{"@id":"https:\/\/shopatoa.com\/ro\/#organization"},"potentialAction":[{"@type":"SearchAction","target":{"@type":"EntryPoint","urlTemplate":"https:\/\/shopatoa.com\/ro\/?s={search_term_string}"},"query-input":{"@type":"PropertyValueSpecification","valueRequired":true,"valueName":"search_term_string"}}],"inLanguage":"ro-RO"},{"@type":"Organization","@id":"https:\/\/shopatoa.com\/ro\/#organization","name":"SHOPATOA","url":"https:\/\/shopatoa.com\/ro\/","logo":{"@type":"ImageObject","inLanguage":"ro-RO","@id":"https:\/\/shopatoa.com\/ro\/#\/schema\/logo\/image\/","url":"https:\/\/storage.googleapis.com\/cz-shopatoa-img\/ro\/b4dac915-shopatoa_logo.png","contentUrl":"https:\/\/storage.googleapis.com\/cz-shopatoa-img\/ro\/b4dac915-shopatoa_logo.png","width":416,"height":63,"caption":"SHOPATOA"},"image":{"@id":"https:\/\/shopatoa.com\/ro\/#\/schema\/logo\/image\/"}}]}},"_links":{"self":[{"href":"https:\/\/shopatoa.com\/ro\/wp-json\/wp\/v2\/product\/483801","targetHints":{"allow":["GET"]}}],"collection":[{"href":"https:\/\/shopatoa.com\/ro\/wp-json\/wp\/v2\/product"}],"about":[{"href":"https:\/\/shopatoa.com\/ro\/wp-json\/wp\/v2\/types\/product"}],"replies":[{"embeddable":true,"href":"https:\/\/shopatoa.com\/ro\/wp-json\/wp\/v2\/comments?post=483801"}],"wp:featuredmedia":[{"embeddable":true,"href":"https:\/\/shopatoa.com\/ro\/wp-json\/wp\/v2\/media\/486750"}],"wp:attachment":[{"href":"https:\/\/shopatoa.com\/ro\/wp-json\/wp\/v2\/media?parent=483801"}],"wp:term":[{"taxonomy":"product_brand","embeddable":true,"href":"https:\/\/shopatoa.com\/ro\/wp-json\/wp\/v2\/product_brand?post=483801"},{"taxonomy":"product_cat","embeddable":true,"href":"https:\/\/shopatoa.com\/ro\/wp-json\/wp\/v2\/product_cat?post=483801"},{"taxonomy":"product_tag","embeddable":true,"href":"https:\/\/shopatoa.com\/ro\/wp-json\/wp\/v2\/product_tag?post=483801"}],"curies":[{"name":"wp","href":"https:\/\/api.w.org\/{rel}","templated":true}]}}