{"id":483918,"date":"2025-06-29T18:17:13","date_gmt":"2025-06-29T16:17:13","guid":{"rendered":"https:\/\/shopatoa.com\/ro\/revox-b77-lip-filler-hyaluronic-acid-balsam-de-buze-hidratant-pentru-volum-maxim-12-ml\/"},"modified":"2025-12-14T13:02:33","modified_gmt":"2025-12-14T12:02:33","slug":"revox-b77-lip-filler-hyaluronic-acid-balsam-de-buze-hidratant-pentru-volum-maxim-12-ml","status":"publish","type":"product","link":"https:\/\/shopatoa.com\/ro\/revox-b77-lip-filler-hyaluronic-acid-balsam-de-buze-hidratant-pentru-volum-maxim-12-ml\/","title":{"rendered":"Revox B77 Lip Filler Hyaluronic Acid Balsam de buze hidratant pentru volum maxim 12 ml"},"content":{"rendered":"<p>Revox B77 Lip Filler Hyaluronic Acid, 12 ml, Cre\u0219terea buzelor pentru femei, Natura nu v-a \u00eenzestrat cu buze suficient de pline pe c\u00e2t v-a\u021bi fi dorit? Nu este nevoie s\u0103 v\u0103 supune\u021bi imediat unor proceduri cosmetice invazive. \u00cengrijirea special\u0103 pentru buze Revox B77 Lip Filler Hyaluronic Acid asigur\u0103 m\u0103rirea sigur\u0103 \u0219i f\u0103r\u0103 durere a buzelor, \u00een confortul de acas\u0103. V\u0103 va ajuta s\u0103 ob\u021bine\u021bi un astfel de rezultat, datorit\u0103 con\u021binutului de ingrediente responsabile de accelerarea circula\u021biei sanguine la nivelul buzelor. Va avea ca rezultat furnic\u0103turi u\u0219oare, \u00eenro\u0219ire \u0219i, cel mai important, o cre\u0219tere a volumului buzelor. \u00cen scurt timp, senza\u021bia de furnic\u0103turi va disp\u0103rea \u0219i v\u0103 ve\u021bi bucura de buze mai pline timp de c\u00e2teva ore. \u0218i care este bonusul pl\u0103cut al folosirii acestei \u00eengrijiri de m\u0103rire a buzelor? Farmecul s\u0103u poate fi oric\u00e2nd restabilit cu u\u0219urin\u021b\u0103. Este suficient s\u0103 o ave\u021bi cu dvs., \u00een buzunar sau \u00een geant\u0103, \u0219i s\u0103 o reaplica\u021bi pe buze la nevoie.  Caracteristici:  creeaz\u0103 un efect de buze pline las\u0103 buzele moi \u0219i fine vindec\u0103 buzele cr\u0103pate stimuleaz\u0103 circula\u021bia sanguin\u0103 \u00een buze hidrateaz\u0103 profund \u0219i hr\u0103ne\u0219te intens reduce apari\u021bia ridurilor fine  Ingrediente:  extract de chili acid hialuronic \u2013 leag\u0103 o cantitate mare de ap\u0103 \u0219i hidrateaz\u0103 intens unt de shea \u2013 hr\u0103ne\u0219te, ajut\u0103 la men\u021binerea umidit\u0103\u021bii necesare \u00een piele, confer\u0103 catifelare \u0219i netezime, ofer\u0103 protec\u021bie \u00eempotriva usc\u0103rii \u0219i a influen\u021belor externe d\u0103un\u0103toare colagen \u2013 leag\u0103 o cantitate mare de ap\u0103, men\u021bin\u00e2nd pielea hidratat\u0103 pe termen lung \u0219i, astfel, favorizeaz\u0103 un aspect tineresc, plin \u0219i elastic al pielii \u0219i reducerea vizibilit\u0103\u021bii ridurilor vitamina E \u2013 hr\u0103ne\u0219te, ofer\u0103 protec\u021bie antioxidant\u0103 \u00eempotriva \u00eemb\u0103tr\u00e2nirii premature \u0219i a deterior\u0103rii cauzate de radicalii liberi, ajut\u0103 la netezirea ridurilor \u0219i la restabilirea fermit\u0103\u021bii \u0219i elasticit\u0103\u021bii pielii testat dermatologic  Cum se utilizeaz\u0103: Se aplic\u0103 oric\u00e2nd \u00een timpul zilei, dup\u0103 cum este necesar. Aplica\u021bi pe buze individual sau ca baz\u0103 pentru ruj. Aplica\u021bi un strat mai gros seara \u0219i l\u0103sa\u021bi s\u0103 ac\u021bioneze peste noapte pe post de masc\u0103.<\/p>\n","protected":false},"excerpt":{"rendered":"<p>Revox B77 Lip Filler Hyaluronic Acid, 12 ml, Cre\u0219terea buzelor pentru femei, Natura nu v-a \u00eenzestrat cu buze suficient de pline pe c\u00e2t v-a\u021bi fi dorit? Nu este nevoie s\u0103 v\u0103 supune\u021bi imediat unor proceduri cosmetice invazive. \u00cengrijirea special\u0103 pentru buze Revox B77 Lip Filler Hyaluronic Acid asigur\u0103 m\u0103rirea sigur\u0103 \u0219i f\u0103r\u0103 durere a buzelor,&#8230;<\/p>\n","protected":false},"featured_media":486865,"comment_status":"closed","ping_status":"open","template":"","meta":{"_acf_changed":false,"_kadence_starter_templates_imported_post":false,"_kad_post_transparent":"","_kad_post_title":"","_kad_post_layout":"","_kad_post_sidebar_id":"","_kad_post_content_style":"","_kad_post_vertical_padding":"","_kad_post_feature":"","_kad_post_feature_position":"","_kad_post_header":false,"_kad_post_footer":false,"_kad_post_classname":""},"product_brand":[2325],"product_cat":[1628,1564,1563,1565,1562],"product_tag":[],"class_list":{"0":"post-483918","1":"product","2":"type-product","3":"status-publish","4":"has-post-thumbnail","6":"product_brand-revox-b77","7":"product_cat-balsamuri-si-tratamente-pentru-buze","8":"product_cat-cosmetice-ingrijire-personala","9":"product_cat-ingrijire-personala","10":"product_cat-ingrijirea-pielii","11":"product_cat-sanatate-si-frumusete","12":"pa_gen-female","13":"pa_marime-12-ml","15":"first","16":"instock","17":"sale","18":"product-type-external","19":"entry","20":"content-bg","21":"loop-entry"},"acf":[],"yoast_head":"<!-- This site is optimized with the Yoast SEO plugin v27.4 - https:\/\/yoast.com\/product\/yoast-seo-wordpress\/ -->\n<title>Revox B77 Lip Filler Hyaluronic Acid Balsam de buze hidratant pentru volum maxim 12 ml - SHOPATOA.COM<\/title>\n<meta name=\"robots\" content=\"index, follow, max-snippet:-1, max-image-preview:large, max-video-preview:-1\" \/>\n<link rel=\"canonical\" href=\"https:\/\/shopatoa.com\/ro\/revox-b77-lip-filler-hyaluronic-acid-balsam-de-buze-hidratant-pentru-volum-maxim-12-ml\/\" \/>\n<meta property=\"og:locale\" content=\"ro_RO\" \/>\n<meta property=\"og:type\" content=\"article\" \/>\n<meta property=\"og:title\" content=\"Revox B77 Lip Filler Hyaluronic Acid Balsam de buze hidratant pentru volum maxim 12 ml - SHOPATOA.COM\" \/>\n<meta property=\"og:description\" content=\"Revox B77 Lip Filler Hyaluronic Acid, 12 ml, Cre\u0219terea buzelor pentru femei, Natura nu v-a \u00eenzestrat cu buze suficient de pline pe c\u00e2t v-a\u021bi fi dorit? Nu este nevoie s\u0103 v\u0103 supune\u021bi imediat unor proceduri cosmetice invazive. \u00cengrijirea special\u0103 pentru buze Revox B77 Lip Filler Hyaluronic Acid asigur\u0103 m\u0103rirea sigur\u0103 \u0219i f\u0103r\u0103 durere a buzelor,...\" \/>\n<meta property=\"og:url\" content=\"https:\/\/shopatoa.com\/ro\/revox-b77-lip-filler-hyaluronic-acid-balsam-de-buze-hidratant-pentru-volum-maxim-12-ml\/\" \/>\n<meta property=\"og:site_name\" content=\"SHOPATOA\" \/>\n<meta property=\"article:modified_time\" content=\"2025-12-14T12:02:33+00:00\" \/>\n<meta property=\"og:image\" content=\"https:\/\/storage.googleapis.com\/cz-shopatoa-img\/ro\/2f39640e-unnamed-file.webp\" \/>\n\t<meta property=\"og:image:width\" content=\"800\" \/>\n\t<meta property=\"og:image:height\" content=\"800\" \/>\n\t<meta property=\"og:image:type\" content=\"image\/webp\" \/>\n<meta name=\"twitter:card\" content=\"summary_large_image\" \/>\n<meta name=\"twitter:label1\" content=\"Timp estimat pentru citire\" \/>\n\t<meta name=\"twitter:data1\" content=\"2 minute\" \/>\n<script type=\"application\/ld+json\" class=\"yoast-schema-graph\">{\"@context\":\"https:\\\/\\\/schema.org\",\"@graph\":[{\"@type\":\"WebPage\",\"@id\":\"https:\\\/\\\/shopatoa.com\\\/ro\\\/revox-b77-lip-filler-hyaluronic-acid-balsam-de-buze-hidratant-pentru-volum-maxim-12-ml\\\/\",\"url\":\"https:\\\/\\\/shopatoa.com\\\/ro\\\/revox-b77-lip-filler-hyaluronic-acid-balsam-de-buze-hidratant-pentru-volum-maxim-12-ml\\\/\",\"name\":\"Revox B77 Lip Filler Hyaluronic Acid Balsam de buze hidratant pentru volum maxim 12 ml - SHOPATOA.COM\",\"isPartOf\":{\"@id\":\"https:\\\/\\\/shopatoa.com\\\/ro\\\/#website\"},\"primaryImageOfPage\":{\"@id\":\"https:\\\/\\\/shopatoa.com\\\/ro\\\/revox-b77-lip-filler-hyaluronic-acid-balsam-de-buze-hidratant-pentru-volum-maxim-12-ml\\\/#primaryimage\"},\"image\":{\"@id\":\"https:\\\/\\\/shopatoa.com\\\/ro\\\/revox-b77-lip-filler-hyaluronic-acid-balsam-de-buze-hidratant-pentru-volum-maxim-12-ml\\\/#primaryimage\"},\"thumbnailUrl\":\"https:\\\/\\\/storage.googleapis.com\\\/cz-shopatoa-img\\\/ro\\\/2f39640e-unnamed-file.webp\",\"datePublished\":\"2025-06-29T16:17:13+00:00\",\"dateModified\":\"2025-12-14T12:02:33+00:00\",\"breadcrumb\":{\"@id\":\"https:\\\/\\\/shopatoa.com\\\/ro\\\/revox-b77-lip-filler-hyaluronic-acid-balsam-de-buze-hidratant-pentru-volum-maxim-12-ml\\\/#breadcrumb\"},\"inLanguage\":\"ro-RO\",\"potentialAction\":[{\"@type\":\"ReadAction\",\"target\":[\"https:\\\/\\\/shopatoa.com\\\/ro\\\/revox-b77-lip-filler-hyaluronic-acid-balsam-de-buze-hidratant-pentru-volum-maxim-12-ml\\\/\"]}]},{\"@type\":\"ImageObject\",\"inLanguage\":\"ro-RO\",\"@id\":\"https:\\\/\\\/shopatoa.com\\\/ro\\\/revox-b77-lip-filler-hyaluronic-acid-balsam-de-buze-hidratant-pentru-volum-maxim-12-ml\\\/#primaryimage\",\"url\":\"https:\\\/\\\/storage.googleapis.com\\\/cz-shopatoa-img\\\/ro\\\/2f39640e-unnamed-file.webp\",\"contentUrl\":\"https:\\\/\\\/storage.googleapis.com\\\/cz-shopatoa-img\\\/ro\\\/2f39640e-unnamed-file.webp\",\"width\":800,\"height\":800},{\"@type\":\"BreadcrumbList\",\"@id\":\"https:\\\/\\\/shopatoa.com\\\/ro\\\/revox-b77-lip-filler-hyaluronic-acid-balsam-de-buze-hidratant-pentru-volum-maxim-12-ml\\\/#breadcrumb\",\"itemListElement\":[{\"@type\":\"ListItem\",\"position\":1,\"name\":\"Dom\u016f\",\"item\":\"https:\\\/\\\/shopatoa.com\\\/ro\\\/\"},{\"@type\":\"ListItem\",\"position\":2,\"name\":\"Shop\",\"item\":\"https:\\\/\\\/shopatoa.com\\\/ro\\\/shop\\\/\"},{\"@type\":\"ListItem\",\"position\":3,\"name\":\"S\u0103n\u0103tate \u0219i frumuse\u021be\",\"item\":\"https:\\\/\\\/shopatoa.com\\\/ro\\\/sanatate-si-frumusete\\\/\"},{\"@type\":\"ListItem\",\"position\":4,\"name\":\"\u00cengrijire personal\u0103\",\"item\":\"https:\\\/\\\/shopatoa.com\\\/ro\\\/ingrijire-personala\\\/\"},{\"@type\":\"ListItem\",\"position\":5,\"name\":\"Cosmetice\",\"item\":\"https:\\\/\\\/shopatoa.com\\\/ro\\\/cosmetice-ingrijire-personala\\\/\"},{\"@type\":\"ListItem\",\"position\":6,\"name\":\"\u00cengrijirea pielii\",\"item\":\"https:\\\/\\\/shopatoa.com\\\/ro\\\/ingrijirea-pielii\\\/\"},{\"@type\":\"ListItem\",\"position\":7,\"name\":\"Balsamuri \u0219i tratamente pentru buze\",\"item\":\"https:\\\/\\\/shopatoa.com\\\/ro\\\/balsamuri-si-tratamente-pentru-buze\\\/\"},{\"@type\":\"ListItem\",\"position\":8,\"name\":\"Revox B77 Lip Filler Hyaluronic Acid Balsam de buze hidratant pentru volum maxim 12 ml\"}]},{\"@type\":\"WebSite\",\"@id\":\"https:\\\/\\\/shopatoa.com\\\/ro\\\/#website\",\"url\":\"https:\\\/\\\/shopatoa.com\\\/ro\\\/\",\"name\":\"SHOPATOA\",\"description\":\"\",\"publisher\":{\"@id\":\"https:\\\/\\\/shopatoa.com\\\/ro\\\/#organization\"},\"potentialAction\":[{\"@type\":\"SearchAction\",\"target\":{\"@type\":\"EntryPoint\",\"urlTemplate\":\"https:\\\/\\\/shopatoa.com\\\/ro\\\/?s={search_term_string}\"},\"query-input\":{\"@type\":\"PropertyValueSpecification\",\"valueRequired\":true,\"valueName\":\"search_term_string\"}}],\"inLanguage\":\"ro-RO\"},{\"@type\":\"Organization\",\"@id\":\"https:\\\/\\\/shopatoa.com\\\/ro\\\/#organization\",\"name\":\"SHOPATOA\",\"url\":\"https:\\\/\\\/shopatoa.com\\\/ro\\\/\",\"logo\":{\"@type\":\"ImageObject\",\"inLanguage\":\"ro-RO\",\"@id\":\"https:\\\/\\\/shopatoa.com\\\/ro\\\/#\\\/schema\\\/logo\\\/image\\\/\",\"url\":\"https:\\\/\\\/storage.googleapis.com\\\/cz-shopatoa-img\\\/ro\\\/b4dac915-shopatoa_logo.png\",\"contentUrl\":\"https:\\\/\\\/storage.googleapis.com\\\/cz-shopatoa-img\\\/ro\\\/b4dac915-shopatoa_logo.png\",\"width\":416,\"height\":63,\"caption\":\"SHOPATOA\"},\"image\":{\"@id\":\"https:\\\/\\\/shopatoa.com\\\/ro\\\/#\\\/schema\\\/logo\\\/image\\\/\"}}]}<\/script>\n<!-- \/ Yoast SEO plugin. -->","yoast_head_json":{"title":"Revox B77 Lip Filler Hyaluronic Acid Balsam de buze hidratant pentru volum maxim 12 ml - SHOPATOA.COM","robots":{"index":"index","follow":"follow","max-snippet":"max-snippet:-1","max-image-preview":"max-image-preview:large","max-video-preview":"max-video-preview:-1"},"canonical":"https:\/\/shopatoa.com\/ro\/revox-b77-lip-filler-hyaluronic-acid-balsam-de-buze-hidratant-pentru-volum-maxim-12-ml\/","og_locale":"ro_RO","og_type":"article","og_title":"Revox B77 Lip Filler Hyaluronic Acid Balsam de buze hidratant pentru volum maxim 12 ml - SHOPATOA.COM","og_description":"Revox B77 Lip Filler Hyaluronic Acid, 12 ml, Cre\u0219terea buzelor pentru femei, Natura nu v-a \u00eenzestrat cu buze suficient de pline pe c\u00e2t v-a\u021bi fi dorit? Nu este nevoie s\u0103 v\u0103 supune\u021bi imediat unor proceduri cosmetice invazive. \u00cengrijirea special\u0103 pentru buze Revox B77 Lip Filler Hyaluronic Acid asigur\u0103 m\u0103rirea sigur\u0103 \u0219i f\u0103r\u0103 durere a buzelor,...","og_url":"https:\/\/shopatoa.com\/ro\/revox-b77-lip-filler-hyaluronic-acid-balsam-de-buze-hidratant-pentru-volum-maxim-12-ml\/","og_site_name":"SHOPATOA","article_modified_time":"2025-12-14T12:02:33+00:00","og_image":[{"width":800,"height":800,"url":"https:\/\/storage.googleapis.com\/cz-shopatoa-img\/ro\/2f39640e-unnamed-file.webp","type":"image\/webp"}],"twitter_card":"summary_large_image","twitter_misc":{"Timp estimat pentru citire":"2 minute"},"schema":{"@context":"https:\/\/schema.org","@graph":[{"@type":"WebPage","@id":"https:\/\/shopatoa.com\/ro\/revox-b77-lip-filler-hyaluronic-acid-balsam-de-buze-hidratant-pentru-volum-maxim-12-ml\/","url":"https:\/\/shopatoa.com\/ro\/revox-b77-lip-filler-hyaluronic-acid-balsam-de-buze-hidratant-pentru-volum-maxim-12-ml\/","name":"Revox B77 Lip Filler Hyaluronic Acid Balsam de buze hidratant pentru volum maxim 12 ml - SHOPATOA.COM","isPartOf":{"@id":"https:\/\/shopatoa.com\/ro\/#website"},"primaryImageOfPage":{"@id":"https:\/\/shopatoa.com\/ro\/revox-b77-lip-filler-hyaluronic-acid-balsam-de-buze-hidratant-pentru-volum-maxim-12-ml\/#primaryimage"},"image":{"@id":"https:\/\/shopatoa.com\/ro\/revox-b77-lip-filler-hyaluronic-acid-balsam-de-buze-hidratant-pentru-volum-maxim-12-ml\/#primaryimage"},"thumbnailUrl":"https:\/\/storage.googleapis.com\/cz-shopatoa-img\/ro\/2f39640e-unnamed-file.webp","datePublished":"2025-06-29T16:17:13+00:00","dateModified":"2025-12-14T12:02:33+00:00","breadcrumb":{"@id":"https:\/\/shopatoa.com\/ro\/revox-b77-lip-filler-hyaluronic-acid-balsam-de-buze-hidratant-pentru-volum-maxim-12-ml\/#breadcrumb"},"inLanguage":"ro-RO","potentialAction":[{"@type":"ReadAction","target":["https:\/\/shopatoa.com\/ro\/revox-b77-lip-filler-hyaluronic-acid-balsam-de-buze-hidratant-pentru-volum-maxim-12-ml\/"]}]},{"@type":"ImageObject","inLanguage":"ro-RO","@id":"https:\/\/shopatoa.com\/ro\/revox-b77-lip-filler-hyaluronic-acid-balsam-de-buze-hidratant-pentru-volum-maxim-12-ml\/#primaryimage","url":"https:\/\/storage.googleapis.com\/cz-shopatoa-img\/ro\/2f39640e-unnamed-file.webp","contentUrl":"https:\/\/storage.googleapis.com\/cz-shopatoa-img\/ro\/2f39640e-unnamed-file.webp","width":800,"height":800},{"@type":"BreadcrumbList","@id":"https:\/\/shopatoa.com\/ro\/revox-b77-lip-filler-hyaluronic-acid-balsam-de-buze-hidratant-pentru-volum-maxim-12-ml\/#breadcrumb","itemListElement":[{"@type":"ListItem","position":1,"name":"Dom\u016f","item":"https:\/\/shopatoa.com\/ro\/"},{"@type":"ListItem","position":2,"name":"Shop","item":"https:\/\/shopatoa.com\/ro\/shop\/"},{"@type":"ListItem","position":3,"name":"S\u0103n\u0103tate \u0219i frumuse\u021be","item":"https:\/\/shopatoa.com\/ro\/sanatate-si-frumusete\/"},{"@type":"ListItem","position":4,"name":"\u00cengrijire personal\u0103","item":"https:\/\/shopatoa.com\/ro\/ingrijire-personala\/"},{"@type":"ListItem","position":5,"name":"Cosmetice","item":"https:\/\/shopatoa.com\/ro\/cosmetice-ingrijire-personala\/"},{"@type":"ListItem","position":6,"name":"\u00cengrijirea pielii","item":"https:\/\/shopatoa.com\/ro\/ingrijirea-pielii\/"},{"@type":"ListItem","position":7,"name":"Balsamuri \u0219i tratamente pentru buze","item":"https:\/\/shopatoa.com\/ro\/balsamuri-si-tratamente-pentru-buze\/"},{"@type":"ListItem","position":8,"name":"Revox B77 Lip Filler Hyaluronic Acid Balsam de buze hidratant pentru volum maxim 12 ml"}]},{"@type":"WebSite","@id":"https:\/\/shopatoa.com\/ro\/#website","url":"https:\/\/shopatoa.com\/ro\/","name":"SHOPATOA","description":"","publisher":{"@id":"https:\/\/shopatoa.com\/ro\/#organization"},"potentialAction":[{"@type":"SearchAction","target":{"@type":"EntryPoint","urlTemplate":"https:\/\/shopatoa.com\/ro\/?s={search_term_string}"},"query-input":{"@type":"PropertyValueSpecification","valueRequired":true,"valueName":"search_term_string"}}],"inLanguage":"ro-RO"},{"@type":"Organization","@id":"https:\/\/shopatoa.com\/ro\/#organization","name":"SHOPATOA","url":"https:\/\/shopatoa.com\/ro\/","logo":{"@type":"ImageObject","inLanguage":"ro-RO","@id":"https:\/\/shopatoa.com\/ro\/#\/schema\/logo\/image\/","url":"https:\/\/storage.googleapis.com\/cz-shopatoa-img\/ro\/b4dac915-shopatoa_logo.png","contentUrl":"https:\/\/storage.googleapis.com\/cz-shopatoa-img\/ro\/b4dac915-shopatoa_logo.png","width":416,"height":63,"caption":"SHOPATOA"},"image":{"@id":"https:\/\/shopatoa.com\/ro\/#\/schema\/logo\/image\/"}}]}},"_links":{"self":[{"href":"https:\/\/shopatoa.com\/ro\/wp-json\/wp\/v2\/product\/483918","targetHints":{"allow":["GET"]}}],"collection":[{"href":"https:\/\/shopatoa.com\/ro\/wp-json\/wp\/v2\/product"}],"about":[{"href":"https:\/\/shopatoa.com\/ro\/wp-json\/wp\/v2\/types\/product"}],"replies":[{"embeddable":true,"href":"https:\/\/shopatoa.com\/ro\/wp-json\/wp\/v2\/comments?post=483918"}],"wp:featuredmedia":[{"embeddable":true,"href":"https:\/\/shopatoa.com\/ro\/wp-json\/wp\/v2\/media\/486865"}],"wp:attachment":[{"href":"https:\/\/shopatoa.com\/ro\/wp-json\/wp\/v2\/media?parent=483918"}],"wp:term":[{"taxonomy":"product_brand","embeddable":true,"href":"https:\/\/shopatoa.com\/ro\/wp-json\/wp\/v2\/product_brand?post=483918"},{"taxonomy":"product_cat","embeddable":true,"href":"https:\/\/shopatoa.com\/ro\/wp-json\/wp\/v2\/product_cat?post=483918"},{"taxonomy":"product_tag","embeddable":true,"href":"https:\/\/shopatoa.com\/ro\/wp-json\/wp\/v2\/product_tag?post=483918"}],"curies":[{"name":"wp","href":"https:\/\/api.w.org\/{rel}","templated":true}]}}