{"id":484008,"date":"2025-06-29T18:30:07","date_gmt":"2025-06-29T16:30:07","guid":{"rendered":"https:\/\/shopatoa.com\/ro\/bielenda-fresh-hero-demachiant-cu-efect-calmant-40-g\/"},"modified":"2025-12-14T12:05:50","modified_gmt":"2025-12-14T11:05:50","slug":"bielenda-fresh-hero-demachiant-cu-efect-calmant-40-g","status":"publish","type":"product","link":"https:\/\/shopatoa.com\/ro\/bielenda-fresh-hero-demachiant-cu-efect-calmant-40-g\/","title":{"rendered":"Bielenda Fresh Hero demachiant cu efect calmant 40 g"},"content":{"rendered":"<p>Bielenda Fresh Hero, 40 g, Demachiante pentru femei, Produsul demachiant Bielenda Fresh Hero asigur\u0103 \u00eenl\u0103turarea lin\u0103 \u0219i complet\u0103 a fondului de ten, inclusiv \u00een zona din jurul ochilor.  Caracteristici:  demachiaz\u0103 perfect toate tipurile de fond de ten pentru ochi dizolv\u0103 perfect chiar \u0219i un fond de ten rezistent la ap\u0103 hidrateaz\u0103 \u0219i catifeleaz\u0103 tenul pielea arat\u0103 proasp\u0103t\u0103 are efect de calmare  Ingrediente:  unt de shea \u2013 hr\u0103ne\u0219te, ajut\u0103 la men\u021binerea umidit\u0103\u021bii necesare \u00een piele, confer\u0103 catifelare \u0219i netezime, ofer\u0103 protec\u021bie \u00eempotriva usc\u0103rii \u0219i a influen\u021belor externe d\u0103un\u0103toare squalane \u2013 fixeaz\u0103 umiditatea \u00een piele prin formarea unui strat protector pe suprafa\u021ba acesteia, hidrateaz\u0103, catifeleaz\u0103 \u0219i neteze\u0219te, ajut\u0103 la reglarea produc\u021biei de sebum, datorit\u0103 efectelor sale antioxidante puternice contribuie \u0219i la uniformizarea nuan\u021bei substan\u021be fermentate \u2013 ajut\u0103 la men\u021binerea microbiomului natural cutanat \u0219i a pH-ului echilibrat, calmeaz\u0103, combat irita\u021biile \u0219i consolideaz\u0103 bariera protectoare cutanat\u0103 ulei de avocado \u2013 catifeleaz\u0103, hidrateaz\u0103, hr\u0103ne\u0219te \u0219i neteze\u0219te, favorizeaz\u0103 aspectul tineresc al pielii, are efecte antioxidante  Cum se utilizeaz\u0103: Aplica\u021bi produsul pe fa\u021ba uscat\u0103 \u0219i masa\u021bi delicat tenul cu v\u00e2rfurile degetelor, mai ales pe zonele mai pu\u021bin curate. Apoi se cl\u0103te\u0219te.<\/p>\n","protected":false},"excerpt":{"rendered":"<p>Bielenda Fresh Hero, 40 g, Demachiante pentru femei, Produsul demachiant Bielenda Fresh Hero asigur\u0103 \u00eenl\u0103turarea lin\u0103 \u0219i complet\u0103 a fondului de ten, inclusiv \u00een zona din jurul ochilor. Caracteristici: demachiaz\u0103 perfect toate tipurile de fond de ten pentru ochi dizolv\u0103 perfect chiar \u0219i un fond de ten rezistent la ap\u0103 hidrateaz\u0103 \u0219i catifeleaz\u0103 tenul pielea&#8230;<\/p>\n","protected":false},"featured_media":486955,"comment_status":"closed","ping_status":"open","template":"","meta":{"_acf_changed":false,"_kadence_starter_templates_imported_post":false,"_kad_post_transparent":"","_kad_post_title":"","_kad_post_layout":"","_kad_post_sidebar_id":"","_kad_post_content_style":"","_kad_post_vertical_padding":"","_kad_post_feature":"","_kad_post_feature_position":"","_kad_post_header":false,"_kad_post_footer":false,"_kad_post_classname":""},"product_brand":[1773],"product_cat":[1564,1566,1563,1565,1562],"product_tag":[],"class_list":{"0":"post-484008","1":"product","2":"type-product","3":"status-publish","4":"has-post-thumbnail","6":"product_brand-bielenda","7":"product_cat-cosmetice-ingrijire-personala","8":"product_cat-demachiere","9":"product_cat-ingrijire-personala","10":"product_cat-ingrijirea-pielii","11":"product_cat-sanatate-si-frumusete","12":"pa_gen-female","13":"pa_marime-40-g","15":"first","16":"instock","17":"sale","18":"product-type-external","19":"entry","20":"content-bg","21":"loop-entry"},"acf":[],"yoast_head":"<!-- This site is optimized with the Yoast SEO plugin v27.4 - https:\/\/yoast.com\/product\/yoast-seo-wordpress\/ -->\n<title>Bielenda Fresh Hero demachiant cu efect calmant 40 g - SHOPATOA.COM<\/title>\n<meta name=\"robots\" content=\"index, follow, max-snippet:-1, max-image-preview:large, max-video-preview:-1\" \/>\n<link rel=\"canonical\" href=\"https:\/\/shopatoa.com\/ro\/bielenda-fresh-hero-demachiant-cu-efect-calmant-40-g\/\" \/>\n<meta property=\"og:locale\" content=\"ro_RO\" \/>\n<meta property=\"og:type\" content=\"article\" \/>\n<meta property=\"og:title\" content=\"Bielenda Fresh Hero demachiant cu efect calmant 40 g - SHOPATOA.COM\" \/>\n<meta property=\"og:description\" content=\"Bielenda Fresh Hero, 40 g, Demachiante pentru femei, Produsul demachiant Bielenda Fresh Hero asigur\u0103 \u00eenl\u0103turarea lin\u0103 \u0219i complet\u0103 a fondului de ten, inclusiv \u00een zona din jurul ochilor. Caracteristici: demachiaz\u0103 perfect toate tipurile de fond de ten pentru ochi dizolv\u0103 perfect chiar \u0219i un fond de ten rezistent la ap\u0103 hidrateaz\u0103 \u0219i catifeleaz\u0103 tenul pielea...\" \/>\n<meta property=\"og:url\" content=\"https:\/\/shopatoa.com\/ro\/bielenda-fresh-hero-demachiant-cu-efect-calmant-40-g\/\" \/>\n<meta property=\"og:site_name\" content=\"SHOPATOA\" \/>\n<meta property=\"article:modified_time\" content=\"2025-12-14T11:05:50+00:00\" \/>\n<meta property=\"og:image\" content=\"https:\/\/storage.googleapis.com\/cz-shopatoa-img\/ro\/b4d991af-unnamed-file.webp\" \/>\n\t<meta property=\"og:image:width\" content=\"800\" \/>\n\t<meta property=\"og:image:height\" content=\"800\" \/>\n\t<meta property=\"og:image:type\" content=\"image\/webp\" \/>\n<meta name=\"twitter:card\" content=\"summary_large_image\" \/>\n<meta name=\"twitter:label1\" content=\"Timp estimat pentru citire\" \/>\n\t<meta name=\"twitter:data1\" content=\"1 minut\" \/>\n<script type=\"application\/ld+json\" class=\"yoast-schema-graph\">{\"@context\":\"https:\\\/\\\/schema.org\",\"@graph\":[{\"@type\":\"WebPage\",\"@id\":\"https:\\\/\\\/shopatoa.com\\\/ro\\\/bielenda-fresh-hero-demachiant-cu-efect-calmant-40-g\\\/\",\"url\":\"https:\\\/\\\/shopatoa.com\\\/ro\\\/bielenda-fresh-hero-demachiant-cu-efect-calmant-40-g\\\/\",\"name\":\"Bielenda Fresh Hero demachiant cu efect calmant 40 g - SHOPATOA.COM\",\"isPartOf\":{\"@id\":\"https:\\\/\\\/shopatoa.com\\\/ro\\\/#website\"},\"primaryImageOfPage\":{\"@id\":\"https:\\\/\\\/shopatoa.com\\\/ro\\\/bielenda-fresh-hero-demachiant-cu-efect-calmant-40-g\\\/#primaryimage\"},\"image\":{\"@id\":\"https:\\\/\\\/shopatoa.com\\\/ro\\\/bielenda-fresh-hero-demachiant-cu-efect-calmant-40-g\\\/#primaryimage\"},\"thumbnailUrl\":\"https:\\\/\\\/storage.googleapis.com\\\/cz-shopatoa-img\\\/ro\\\/b4d991af-unnamed-file.webp\",\"datePublished\":\"2025-06-29T16:30:07+00:00\",\"dateModified\":\"2025-12-14T11:05:50+00:00\",\"breadcrumb\":{\"@id\":\"https:\\\/\\\/shopatoa.com\\\/ro\\\/bielenda-fresh-hero-demachiant-cu-efect-calmant-40-g\\\/#breadcrumb\"},\"inLanguage\":\"ro-RO\",\"potentialAction\":[{\"@type\":\"ReadAction\",\"target\":[\"https:\\\/\\\/shopatoa.com\\\/ro\\\/bielenda-fresh-hero-demachiant-cu-efect-calmant-40-g\\\/\"]}]},{\"@type\":\"ImageObject\",\"inLanguage\":\"ro-RO\",\"@id\":\"https:\\\/\\\/shopatoa.com\\\/ro\\\/bielenda-fresh-hero-demachiant-cu-efect-calmant-40-g\\\/#primaryimage\",\"url\":\"https:\\\/\\\/storage.googleapis.com\\\/cz-shopatoa-img\\\/ro\\\/b4d991af-unnamed-file.webp\",\"contentUrl\":\"https:\\\/\\\/storage.googleapis.com\\\/cz-shopatoa-img\\\/ro\\\/b4d991af-unnamed-file.webp\",\"width\":800,\"height\":800},{\"@type\":\"BreadcrumbList\",\"@id\":\"https:\\\/\\\/shopatoa.com\\\/ro\\\/bielenda-fresh-hero-demachiant-cu-efect-calmant-40-g\\\/#breadcrumb\",\"itemListElement\":[{\"@type\":\"ListItem\",\"position\":1,\"name\":\"Dom\u016f\",\"item\":\"https:\\\/\\\/shopatoa.com\\\/ro\\\/\"},{\"@type\":\"ListItem\",\"position\":2,\"name\":\"Shop\",\"item\":\"https:\\\/\\\/shopatoa.com\\\/ro\\\/shop\\\/\"},{\"@type\":\"ListItem\",\"position\":3,\"name\":\"S\u0103n\u0103tate \u0219i frumuse\u021be\",\"item\":\"https:\\\/\\\/shopatoa.com\\\/ro\\\/sanatate-si-frumusete\\\/\"},{\"@type\":\"ListItem\",\"position\":4,\"name\":\"\u00cengrijire personal\u0103\",\"item\":\"https:\\\/\\\/shopatoa.com\\\/ro\\\/ingrijire-personala\\\/\"},{\"@type\":\"ListItem\",\"position\":5,\"name\":\"Cosmetice\",\"item\":\"https:\\\/\\\/shopatoa.com\\\/ro\\\/cosmetice-ingrijire-personala\\\/\"},{\"@type\":\"ListItem\",\"position\":6,\"name\":\"\u00cengrijirea pielii\",\"item\":\"https:\\\/\\\/shopatoa.com\\\/ro\\\/ingrijirea-pielii\\\/\"},{\"@type\":\"ListItem\",\"position\":7,\"name\":\"Demachiere\",\"item\":\"https:\\\/\\\/shopatoa.com\\\/ro\\\/demachiere\\\/\"},{\"@type\":\"ListItem\",\"position\":8,\"name\":\"Bielenda Fresh Hero demachiant cu efect calmant 40 g\"}]},{\"@type\":\"WebSite\",\"@id\":\"https:\\\/\\\/shopatoa.com\\\/ro\\\/#website\",\"url\":\"https:\\\/\\\/shopatoa.com\\\/ro\\\/\",\"name\":\"SHOPATOA\",\"description\":\"\",\"publisher\":{\"@id\":\"https:\\\/\\\/shopatoa.com\\\/ro\\\/#organization\"},\"potentialAction\":[{\"@type\":\"SearchAction\",\"target\":{\"@type\":\"EntryPoint\",\"urlTemplate\":\"https:\\\/\\\/shopatoa.com\\\/ro\\\/?s={search_term_string}\"},\"query-input\":{\"@type\":\"PropertyValueSpecification\",\"valueRequired\":true,\"valueName\":\"search_term_string\"}}],\"inLanguage\":\"ro-RO\"},{\"@type\":\"Organization\",\"@id\":\"https:\\\/\\\/shopatoa.com\\\/ro\\\/#organization\",\"name\":\"SHOPATOA\",\"url\":\"https:\\\/\\\/shopatoa.com\\\/ro\\\/\",\"logo\":{\"@type\":\"ImageObject\",\"inLanguage\":\"ro-RO\",\"@id\":\"https:\\\/\\\/shopatoa.com\\\/ro\\\/#\\\/schema\\\/logo\\\/image\\\/\",\"url\":\"https:\\\/\\\/storage.googleapis.com\\\/cz-shopatoa-img\\\/ro\\\/b4dac915-shopatoa_logo.png\",\"contentUrl\":\"https:\\\/\\\/storage.googleapis.com\\\/cz-shopatoa-img\\\/ro\\\/b4dac915-shopatoa_logo.png\",\"width\":416,\"height\":63,\"caption\":\"SHOPATOA\"},\"image\":{\"@id\":\"https:\\\/\\\/shopatoa.com\\\/ro\\\/#\\\/schema\\\/logo\\\/image\\\/\"}}]}<\/script>\n<!-- \/ Yoast SEO plugin. -->","yoast_head_json":{"title":"Bielenda Fresh Hero demachiant cu efect calmant 40 g - SHOPATOA.COM","robots":{"index":"index","follow":"follow","max-snippet":"max-snippet:-1","max-image-preview":"max-image-preview:large","max-video-preview":"max-video-preview:-1"},"canonical":"https:\/\/shopatoa.com\/ro\/bielenda-fresh-hero-demachiant-cu-efect-calmant-40-g\/","og_locale":"ro_RO","og_type":"article","og_title":"Bielenda Fresh Hero demachiant cu efect calmant 40 g - SHOPATOA.COM","og_description":"Bielenda Fresh Hero, 40 g, Demachiante pentru femei, Produsul demachiant Bielenda Fresh Hero asigur\u0103 \u00eenl\u0103turarea lin\u0103 \u0219i complet\u0103 a fondului de ten, inclusiv \u00een zona din jurul ochilor. Caracteristici: demachiaz\u0103 perfect toate tipurile de fond de ten pentru ochi dizolv\u0103 perfect chiar \u0219i un fond de ten rezistent la ap\u0103 hidrateaz\u0103 \u0219i catifeleaz\u0103 tenul pielea...","og_url":"https:\/\/shopatoa.com\/ro\/bielenda-fresh-hero-demachiant-cu-efect-calmant-40-g\/","og_site_name":"SHOPATOA","article_modified_time":"2025-12-14T11:05:50+00:00","og_image":[{"width":800,"height":800,"url":"https:\/\/storage.googleapis.com\/cz-shopatoa-img\/ro\/b4d991af-unnamed-file.webp","type":"image\/webp"}],"twitter_card":"summary_large_image","twitter_misc":{"Timp estimat pentru citire":"1 minut"},"schema":{"@context":"https:\/\/schema.org","@graph":[{"@type":"WebPage","@id":"https:\/\/shopatoa.com\/ro\/bielenda-fresh-hero-demachiant-cu-efect-calmant-40-g\/","url":"https:\/\/shopatoa.com\/ro\/bielenda-fresh-hero-demachiant-cu-efect-calmant-40-g\/","name":"Bielenda Fresh Hero demachiant cu efect calmant 40 g - SHOPATOA.COM","isPartOf":{"@id":"https:\/\/shopatoa.com\/ro\/#website"},"primaryImageOfPage":{"@id":"https:\/\/shopatoa.com\/ro\/bielenda-fresh-hero-demachiant-cu-efect-calmant-40-g\/#primaryimage"},"image":{"@id":"https:\/\/shopatoa.com\/ro\/bielenda-fresh-hero-demachiant-cu-efect-calmant-40-g\/#primaryimage"},"thumbnailUrl":"https:\/\/storage.googleapis.com\/cz-shopatoa-img\/ro\/b4d991af-unnamed-file.webp","datePublished":"2025-06-29T16:30:07+00:00","dateModified":"2025-12-14T11:05:50+00:00","breadcrumb":{"@id":"https:\/\/shopatoa.com\/ro\/bielenda-fresh-hero-demachiant-cu-efect-calmant-40-g\/#breadcrumb"},"inLanguage":"ro-RO","potentialAction":[{"@type":"ReadAction","target":["https:\/\/shopatoa.com\/ro\/bielenda-fresh-hero-demachiant-cu-efect-calmant-40-g\/"]}]},{"@type":"ImageObject","inLanguage":"ro-RO","@id":"https:\/\/shopatoa.com\/ro\/bielenda-fresh-hero-demachiant-cu-efect-calmant-40-g\/#primaryimage","url":"https:\/\/storage.googleapis.com\/cz-shopatoa-img\/ro\/b4d991af-unnamed-file.webp","contentUrl":"https:\/\/storage.googleapis.com\/cz-shopatoa-img\/ro\/b4d991af-unnamed-file.webp","width":800,"height":800},{"@type":"BreadcrumbList","@id":"https:\/\/shopatoa.com\/ro\/bielenda-fresh-hero-demachiant-cu-efect-calmant-40-g\/#breadcrumb","itemListElement":[{"@type":"ListItem","position":1,"name":"Dom\u016f","item":"https:\/\/shopatoa.com\/ro\/"},{"@type":"ListItem","position":2,"name":"Shop","item":"https:\/\/shopatoa.com\/ro\/shop\/"},{"@type":"ListItem","position":3,"name":"S\u0103n\u0103tate \u0219i frumuse\u021be","item":"https:\/\/shopatoa.com\/ro\/sanatate-si-frumusete\/"},{"@type":"ListItem","position":4,"name":"\u00cengrijire personal\u0103","item":"https:\/\/shopatoa.com\/ro\/ingrijire-personala\/"},{"@type":"ListItem","position":5,"name":"Cosmetice","item":"https:\/\/shopatoa.com\/ro\/cosmetice-ingrijire-personala\/"},{"@type":"ListItem","position":6,"name":"\u00cengrijirea pielii","item":"https:\/\/shopatoa.com\/ro\/ingrijirea-pielii\/"},{"@type":"ListItem","position":7,"name":"Demachiere","item":"https:\/\/shopatoa.com\/ro\/demachiere\/"},{"@type":"ListItem","position":8,"name":"Bielenda Fresh Hero demachiant cu efect calmant 40 g"}]},{"@type":"WebSite","@id":"https:\/\/shopatoa.com\/ro\/#website","url":"https:\/\/shopatoa.com\/ro\/","name":"SHOPATOA","description":"","publisher":{"@id":"https:\/\/shopatoa.com\/ro\/#organization"},"potentialAction":[{"@type":"SearchAction","target":{"@type":"EntryPoint","urlTemplate":"https:\/\/shopatoa.com\/ro\/?s={search_term_string}"},"query-input":{"@type":"PropertyValueSpecification","valueRequired":true,"valueName":"search_term_string"}}],"inLanguage":"ro-RO"},{"@type":"Organization","@id":"https:\/\/shopatoa.com\/ro\/#organization","name":"SHOPATOA","url":"https:\/\/shopatoa.com\/ro\/","logo":{"@type":"ImageObject","inLanguage":"ro-RO","@id":"https:\/\/shopatoa.com\/ro\/#\/schema\/logo\/image\/","url":"https:\/\/storage.googleapis.com\/cz-shopatoa-img\/ro\/b4dac915-shopatoa_logo.png","contentUrl":"https:\/\/storage.googleapis.com\/cz-shopatoa-img\/ro\/b4dac915-shopatoa_logo.png","width":416,"height":63,"caption":"SHOPATOA"},"image":{"@id":"https:\/\/shopatoa.com\/ro\/#\/schema\/logo\/image\/"}}]}},"_links":{"self":[{"href":"https:\/\/shopatoa.com\/ro\/wp-json\/wp\/v2\/product\/484008","targetHints":{"allow":["GET"]}}],"collection":[{"href":"https:\/\/shopatoa.com\/ro\/wp-json\/wp\/v2\/product"}],"about":[{"href":"https:\/\/shopatoa.com\/ro\/wp-json\/wp\/v2\/types\/product"}],"replies":[{"embeddable":true,"href":"https:\/\/shopatoa.com\/ro\/wp-json\/wp\/v2\/comments?post=484008"}],"wp:featuredmedia":[{"embeddable":true,"href":"https:\/\/shopatoa.com\/ro\/wp-json\/wp\/v2\/media\/486955"}],"wp:attachment":[{"href":"https:\/\/shopatoa.com\/ro\/wp-json\/wp\/v2\/media?parent=484008"}],"wp:term":[{"taxonomy":"product_brand","embeddable":true,"href":"https:\/\/shopatoa.com\/ro\/wp-json\/wp\/v2\/product_brand?post=484008"},{"taxonomy":"product_cat","embeddable":true,"href":"https:\/\/shopatoa.com\/ro\/wp-json\/wp\/v2\/product_cat?post=484008"},{"taxonomy":"product_tag","embeddable":true,"href":"https:\/\/shopatoa.com\/ro\/wp-json\/wp\/v2\/product_tag?post=484008"}],"curies":[{"name":"wp","href":"https:\/\/api.w.org\/{rel}","templated":true}]}}