{"id":484044,"date":"2025-06-29T18:35:55","date_gmt":"2025-06-29T16:35:55","guid":{"rendered":"https:\/\/shopatoa.com\/ro\/ohora-pro-nail-primer-plus-baza-gel-pentru-unghii-10-ml\/"},"modified":"2025-12-14T11:46:02","modified_gmt":"2025-12-14T10:46:02","slug":"ohora-pro-nail-primer-plus-baza-gel-pentru-unghii-10-ml","status":"publish","type":"product","link":"https:\/\/shopatoa.com\/ro\/ohora-pro-nail-primer-plus-baza-gel-pentru-unghii-10-ml\/","title":{"rendered":"ohora Pro Nail Primer Plus baza gel pentru unghii 10 ml"},"content":{"rendered":"<p>ohora Pro Nail Primer Plus, 10 ml, Modelarea unghiilor pentru femei, Lacul de unghii asigur\u0103, \u00een scurt timp, unghii frumoase \u0219i \u00eengrijite.  Caracteristici:  aplicare confortabil\u0103 pentru rezisten\u021b\u0103 de lung\u0103 durat\u0103 fortific\u0103 \u0219i \u00eent\u0103re\u0219te unghiile men\u021bine unghiile s\u0103n\u0103toase \u0219i frumoase \u00eempiedic\u0103 exfolierea lacului colorat previne ruperea \u0219i deformarea unghiilor se usuc\u0103 rapid  Cum se utilizeaz\u0103: Se aplic\u0103 pe unghiile perfect curate \u0219i f\u0103r\u0103 lac. Se las\u0103 s\u0103 se usuce \u0219i se aplic\u0103 lacul colorat.<\/p>\n","protected":false},"excerpt":{"rendered":"<p>ohora Pro Nail Primer Plus, 10 ml, Modelarea unghiilor pentru femei, Lacul de unghii asigur\u0103, \u00een scurt timp, unghii frumoase \u0219i \u00eengrijite. Caracteristici: aplicare confortabil\u0103 pentru rezisten\u021b\u0103 de lung\u0103 durat\u0103 fortific\u0103 \u0219i \u00eent\u0103re\u0219te unghiile men\u021bine unghiile s\u0103n\u0103toase \u0219i frumoase \u00eempiedic\u0103 exfolierea lacului colorat previne ruperea \u0219i deformarea unghiilor se usuc\u0103 rapid Cum se utilizeaz\u0103: Se&#8230;<\/p>\n","protected":false},"featured_media":486990,"comment_status":"closed","ping_status":"open","template":"","meta":{"_acf_changed":false,"_kadence_starter_templates_imported_post":false,"_kad_post_transparent":"","_kad_post_title":"","_kad_post_layout":"","_kad_post_sidebar_id":"","_kad_post_content_style":"","_kad_post_vertical_padding":"","_kad_post_feature":"","_kad_post_feature_position":"","_kad_post_header":false,"_kad_post_footer":false,"_kad_post_classname":""},"product_brand":[3127],"product_cat":[1564,1563,1581,1585,1562],"product_tag":[],"class_list":{"0":"post-484044","1":"product","2":"type-product","3":"status-publish","4":"has-post-thumbnail","6":"product_brand-ohora","7":"product_cat-cosmetice-ingrijire-personala","8":"product_cat-ingrijire-personala","9":"product_cat-ingrijirea-unghiilor","10":"product_cat-oje-de-unghii-ingrijirea-unghiilor","11":"product_cat-sanatate-si-frumusete","12":"pa_gen-female","13":"pa_marime-10-ml","15":"first","16":"instock","17":"sale","18":"product-type-external","19":"entry","20":"content-bg","21":"loop-entry"},"acf":[],"yoast_head":"<!-- This site is optimized with the Yoast SEO plugin v27.4 - https:\/\/yoast.com\/product\/yoast-seo-wordpress\/ -->\n<title>ohora Pro Nail Primer Plus baza gel pentru unghii 10 ml - SHOPATOA.COM<\/title>\n<meta name=\"robots\" content=\"index, follow, max-snippet:-1, max-image-preview:large, max-video-preview:-1\" \/>\n<link rel=\"canonical\" href=\"https:\/\/shopatoa.com\/ro\/ohora-pro-nail-primer-plus-baza-gel-pentru-unghii-10-ml\/\" \/>\n<meta property=\"og:locale\" content=\"ro_RO\" \/>\n<meta property=\"og:type\" content=\"article\" \/>\n<meta property=\"og:title\" content=\"ohora Pro Nail Primer Plus baza gel pentru unghii 10 ml - SHOPATOA.COM\" \/>\n<meta property=\"og:description\" content=\"ohora Pro Nail Primer Plus, 10 ml, Modelarea unghiilor pentru femei, Lacul de unghii asigur\u0103, \u00een scurt timp, unghii frumoase \u0219i \u00eengrijite. Caracteristici: aplicare confortabil\u0103 pentru rezisten\u021b\u0103 de lung\u0103 durat\u0103 fortific\u0103 \u0219i \u00eent\u0103re\u0219te unghiile men\u021bine unghiile s\u0103n\u0103toase \u0219i frumoase \u00eempiedic\u0103 exfolierea lacului colorat previne ruperea \u0219i deformarea unghiilor se usuc\u0103 rapid Cum se utilizeaz\u0103: Se...\" \/>\n<meta property=\"og:url\" content=\"https:\/\/shopatoa.com\/ro\/ohora-pro-nail-primer-plus-baza-gel-pentru-unghii-10-ml\/\" \/>\n<meta property=\"og:site_name\" content=\"SHOPATOA\" \/>\n<meta property=\"article:modified_time\" content=\"2025-12-14T10:46:02+00:00\" \/>\n<meta property=\"og:image\" content=\"https:\/\/storage.googleapis.com\/cz-shopatoa-img\/ro\/b0f2d3eb-unnamed-file.webp\" \/>\n\t<meta property=\"og:image:width\" content=\"800\" \/>\n\t<meta property=\"og:image:height\" content=\"800\" \/>\n\t<meta property=\"og:image:type\" content=\"image\/webp\" \/>\n<meta name=\"twitter:card\" content=\"summary_large_image\" \/>\n<script type=\"application\/ld+json\" class=\"yoast-schema-graph\">{\"@context\":\"https:\\\/\\\/schema.org\",\"@graph\":[{\"@type\":\"WebPage\",\"@id\":\"https:\\\/\\\/shopatoa.com\\\/ro\\\/ohora-pro-nail-primer-plus-baza-gel-pentru-unghii-10-ml\\\/\",\"url\":\"https:\\\/\\\/shopatoa.com\\\/ro\\\/ohora-pro-nail-primer-plus-baza-gel-pentru-unghii-10-ml\\\/\",\"name\":\"ohora Pro Nail Primer Plus baza gel pentru unghii 10 ml - SHOPATOA.COM\",\"isPartOf\":{\"@id\":\"https:\\\/\\\/shopatoa.com\\\/ro\\\/#website\"},\"primaryImageOfPage\":{\"@id\":\"https:\\\/\\\/shopatoa.com\\\/ro\\\/ohora-pro-nail-primer-plus-baza-gel-pentru-unghii-10-ml\\\/#primaryimage\"},\"image\":{\"@id\":\"https:\\\/\\\/shopatoa.com\\\/ro\\\/ohora-pro-nail-primer-plus-baza-gel-pentru-unghii-10-ml\\\/#primaryimage\"},\"thumbnailUrl\":\"https:\\\/\\\/storage.googleapis.com\\\/cz-shopatoa-img\\\/ro\\\/b0f2d3eb-unnamed-file.webp\",\"datePublished\":\"2025-06-29T16:35:55+00:00\",\"dateModified\":\"2025-12-14T10:46:02+00:00\",\"breadcrumb\":{\"@id\":\"https:\\\/\\\/shopatoa.com\\\/ro\\\/ohora-pro-nail-primer-plus-baza-gel-pentru-unghii-10-ml\\\/#breadcrumb\"},\"inLanguage\":\"ro-RO\",\"potentialAction\":[{\"@type\":\"ReadAction\",\"target\":[\"https:\\\/\\\/shopatoa.com\\\/ro\\\/ohora-pro-nail-primer-plus-baza-gel-pentru-unghii-10-ml\\\/\"]}]},{\"@type\":\"ImageObject\",\"inLanguage\":\"ro-RO\",\"@id\":\"https:\\\/\\\/shopatoa.com\\\/ro\\\/ohora-pro-nail-primer-plus-baza-gel-pentru-unghii-10-ml\\\/#primaryimage\",\"url\":\"https:\\\/\\\/storage.googleapis.com\\\/cz-shopatoa-img\\\/ro\\\/b0f2d3eb-unnamed-file.webp\",\"contentUrl\":\"https:\\\/\\\/storage.googleapis.com\\\/cz-shopatoa-img\\\/ro\\\/b0f2d3eb-unnamed-file.webp\",\"width\":800,\"height\":800},{\"@type\":\"BreadcrumbList\",\"@id\":\"https:\\\/\\\/shopatoa.com\\\/ro\\\/ohora-pro-nail-primer-plus-baza-gel-pentru-unghii-10-ml\\\/#breadcrumb\",\"itemListElement\":[{\"@type\":\"ListItem\",\"position\":1,\"name\":\"Dom\u016f\",\"item\":\"https:\\\/\\\/shopatoa.com\\\/ro\\\/\"},{\"@type\":\"ListItem\",\"position\":2,\"name\":\"Shop\",\"item\":\"https:\\\/\\\/shopatoa.com\\\/ro\\\/shop\\\/\"},{\"@type\":\"ListItem\",\"position\":3,\"name\":\"S\u0103n\u0103tate \u0219i frumuse\u021be\",\"item\":\"https:\\\/\\\/shopatoa.com\\\/ro\\\/sanatate-si-frumusete\\\/\"},{\"@type\":\"ListItem\",\"position\":4,\"name\":\"\u00cengrijire personal\u0103\",\"item\":\"https:\\\/\\\/shopatoa.com\\\/ro\\\/ingrijire-personala\\\/\"},{\"@type\":\"ListItem\",\"position\":5,\"name\":\"Cosmetice\",\"item\":\"https:\\\/\\\/shopatoa.com\\\/ro\\\/cosmetice-ingrijire-personala\\\/\"},{\"@type\":\"ListItem\",\"position\":6,\"name\":\"\u00cengrijirea unghiilor\",\"item\":\"https:\\\/\\\/shopatoa.com\\\/ro\\\/ingrijirea-unghiilor\\\/\"},{\"@type\":\"ListItem\",\"position\":7,\"name\":\"Oje de unghii\",\"item\":\"https:\\\/\\\/shopatoa.com\\\/ro\\\/oje-de-unghii-ingrijirea-unghiilor\\\/\"},{\"@type\":\"ListItem\",\"position\":8,\"name\":\"ohora Pro Nail Primer Plus baza gel pentru unghii 10 ml\"}]},{\"@type\":\"WebSite\",\"@id\":\"https:\\\/\\\/shopatoa.com\\\/ro\\\/#website\",\"url\":\"https:\\\/\\\/shopatoa.com\\\/ro\\\/\",\"name\":\"SHOPATOA\",\"description\":\"\",\"publisher\":{\"@id\":\"https:\\\/\\\/shopatoa.com\\\/ro\\\/#organization\"},\"potentialAction\":[{\"@type\":\"SearchAction\",\"target\":{\"@type\":\"EntryPoint\",\"urlTemplate\":\"https:\\\/\\\/shopatoa.com\\\/ro\\\/?s={search_term_string}\"},\"query-input\":{\"@type\":\"PropertyValueSpecification\",\"valueRequired\":true,\"valueName\":\"search_term_string\"}}],\"inLanguage\":\"ro-RO\"},{\"@type\":\"Organization\",\"@id\":\"https:\\\/\\\/shopatoa.com\\\/ro\\\/#organization\",\"name\":\"SHOPATOA\",\"url\":\"https:\\\/\\\/shopatoa.com\\\/ro\\\/\",\"logo\":{\"@type\":\"ImageObject\",\"inLanguage\":\"ro-RO\",\"@id\":\"https:\\\/\\\/shopatoa.com\\\/ro\\\/#\\\/schema\\\/logo\\\/image\\\/\",\"url\":\"https:\\\/\\\/storage.googleapis.com\\\/cz-shopatoa-img\\\/ro\\\/b4dac915-shopatoa_logo.png\",\"contentUrl\":\"https:\\\/\\\/storage.googleapis.com\\\/cz-shopatoa-img\\\/ro\\\/b4dac915-shopatoa_logo.png\",\"width\":416,\"height\":63,\"caption\":\"SHOPATOA\"},\"image\":{\"@id\":\"https:\\\/\\\/shopatoa.com\\\/ro\\\/#\\\/schema\\\/logo\\\/image\\\/\"}}]}<\/script>\n<!-- \/ Yoast SEO plugin. -->","yoast_head_json":{"title":"ohora Pro Nail Primer Plus baza gel pentru unghii 10 ml - SHOPATOA.COM","robots":{"index":"index","follow":"follow","max-snippet":"max-snippet:-1","max-image-preview":"max-image-preview:large","max-video-preview":"max-video-preview:-1"},"canonical":"https:\/\/shopatoa.com\/ro\/ohora-pro-nail-primer-plus-baza-gel-pentru-unghii-10-ml\/","og_locale":"ro_RO","og_type":"article","og_title":"ohora Pro Nail Primer Plus baza gel pentru unghii 10 ml - SHOPATOA.COM","og_description":"ohora Pro Nail Primer Plus, 10 ml, Modelarea unghiilor pentru femei, Lacul de unghii asigur\u0103, \u00een scurt timp, unghii frumoase \u0219i \u00eengrijite. Caracteristici: aplicare confortabil\u0103 pentru rezisten\u021b\u0103 de lung\u0103 durat\u0103 fortific\u0103 \u0219i \u00eent\u0103re\u0219te unghiile men\u021bine unghiile s\u0103n\u0103toase \u0219i frumoase \u00eempiedic\u0103 exfolierea lacului colorat previne ruperea \u0219i deformarea unghiilor se usuc\u0103 rapid Cum se utilizeaz\u0103: Se...","og_url":"https:\/\/shopatoa.com\/ro\/ohora-pro-nail-primer-plus-baza-gel-pentru-unghii-10-ml\/","og_site_name":"SHOPATOA","article_modified_time":"2025-12-14T10:46:02+00:00","og_image":[{"width":800,"height":800,"url":"https:\/\/storage.googleapis.com\/cz-shopatoa-img\/ro\/b0f2d3eb-unnamed-file.webp","type":"image\/webp"}],"twitter_card":"summary_large_image","schema":{"@context":"https:\/\/schema.org","@graph":[{"@type":"WebPage","@id":"https:\/\/shopatoa.com\/ro\/ohora-pro-nail-primer-plus-baza-gel-pentru-unghii-10-ml\/","url":"https:\/\/shopatoa.com\/ro\/ohora-pro-nail-primer-plus-baza-gel-pentru-unghii-10-ml\/","name":"ohora Pro Nail Primer Plus baza gel pentru unghii 10 ml - SHOPATOA.COM","isPartOf":{"@id":"https:\/\/shopatoa.com\/ro\/#website"},"primaryImageOfPage":{"@id":"https:\/\/shopatoa.com\/ro\/ohora-pro-nail-primer-plus-baza-gel-pentru-unghii-10-ml\/#primaryimage"},"image":{"@id":"https:\/\/shopatoa.com\/ro\/ohora-pro-nail-primer-plus-baza-gel-pentru-unghii-10-ml\/#primaryimage"},"thumbnailUrl":"https:\/\/storage.googleapis.com\/cz-shopatoa-img\/ro\/b0f2d3eb-unnamed-file.webp","datePublished":"2025-06-29T16:35:55+00:00","dateModified":"2025-12-14T10:46:02+00:00","breadcrumb":{"@id":"https:\/\/shopatoa.com\/ro\/ohora-pro-nail-primer-plus-baza-gel-pentru-unghii-10-ml\/#breadcrumb"},"inLanguage":"ro-RO","potentialAction":[{"@type":"ReadAction","target":["https:\/\/shopatoa.com\/ro\/ohora-pro-nail-primer-plus-baza-gel-pentru-unghii-10-ml\/"]}]},{"@type":"ImageObject","inLanguage":"ro-RO","@id":"https:\/\/shopatoa.com\/ro\/ohora-pro-nail-primer-plus-baza-gel-pentru-unghii-10-ml\/#primaryimage","url":"https:\/\/storage.googleapis.com\/cz-shopatoa-img\/ro\/b0f2d3eb-unnamed-file.webp","contentUrl":"https:\/\/storage.googleapis.com\/cz-shopatoa-img\/ro\/b0f2d3eb-unnamed-file.webp","width":800,"height":800},{"@type":"BreadcrumbList","@id":"https:\/\/shopatoa.com\/ro\/ohora-pro-nail-primer-plus-baza-gel-pentru-unghii-10-ml\/#breadcrumb","itemListElement":[{"@type":"ListItem","position":1,"name":"Dom\u016f","item":"https:\/\/shopatoa.com\/ro\/"},{"@type":"ListItem","position":2,"name":"Shop","item":"https:\/\/shopatoa.com\/ro\/shop\/"},{"@type":"ListItem","position":3,"name":"S\u0103n\u0103tate \u0219i frumuse\u021be","item":"https:\/\/shopatoa.com\/ro\/sanatate-si-frumusete\/"},{"@type":"ListItem","position":4,"name":"\u00cengrijire personal\u0103","item":"https:\/\/shopatoa.com\/ro\/ingrijire-personala\/"},{"@type":"ListItem","position":5,"name":"Cosmetice","item":"https:\/\/shopatoa.com\/ro\/cosmetice-ingrijire-personala\/"},{"@type":"ListItem","position":6,"name":"\u00cengrijirea unghiilor","item":"https:\/\/shopatoa.com\/ro\/ingrijirea-unghiilor\/"},{"@type":"ListItem","position":7,"name":"Oje de unghii","item":"https:\/\/shopatoa.com\/ro\/oje-de-unghii-ingrijirea-unghiilor\/"},{"@type":"ListItem","position":8,"name":"ohora Pro Nail Primer Plus baza gel pentru unghii 10 ml"}]},{"@type":"WebSite","@id":"https:\/\/shopatoa.com\/ro\/#website","url":"https:\/\/shopatoa.com\/ro\/","name":"SHOPATOA","description":"","publisher":{"@id":"https:\/\/shopatoa.com\/ro\/#organization"},"potentialAction":[{"@type":"SearchAction","target":{"@type":"EntryPoint","urlTemplate":"https:\/\/shopatoa.com\/ro\/?s={search_term_string}"},"query-input":{"@type":"PropertyValueSpecification","valueRequired":true,"valueName":"search_term_string"}}],"inLanguage":"ro-RO"},{"@type":"Organization","@id":"https:\/\/shopatoa.com\/ro\/#organization","name":"SHOPATOA","url":"https:\/\/shopatoa.com\/ro\/","logo":{"@type":"ImageObject","inLanguage":"ro-RO","@id":"https:\/\/shopatoa.com\/ro\/#\/schema\/logo\/image\/","url":"https:\/\/storage.googleapis.com\/cz-shopatoa-img\/ro\/b4dac915-shopatoa_logo.png","contentUrl":"https:\/\/storage.googleapis.com\/cz-shopatoa-img\/ro\/b4dac915-shopatoa_logo.png","width":416,"height":63,"caption":"SHOPATOA"},"image":{"@id":"https:\/\/shopatoa.com\/ro\/#\/schema\/logo\/image\/"}}]}},"_links":{"self":[{"href":"https:\/\/shopatoa.com\/ro\/wp-json\/wp\/v2\/product\/484044","targetHints":{"allow":["GET"]}}],"collection":[{"href":"https:\/\/shopatoa.com\/ro\/wp-json\/wp\/v2\/product"}],"about":[{"href":"https:\/\/shopatoa.com\/ro\/wp-json\/wp\/v2\/types\/product"}],"replies":[{"embeddable":true,"href":"https:\/\/shopatoa.com\/ro\/wp-json\/wp\/v2\/comments?post=484044"}],"wp:featuredmedia":[{"embeddable":true,"href":"https:\/\/shopatoa.com\/ro\/wp-json\/wp\/v2\/media\/486990"}],"wp:attachment":[{"href":"https:\/\/shopatoa.com\/ro\/wp-json\/wp\/v2\/media?parent=484044"}],"wp:term":[{"taxonomy":"product_brand","embeddable":true,"href":"https:\/\/shopatoa.com\/ro\/wp-json\/wp\/v2\/product_brand?post=484044"},{"taxonomy":"product_cat","embeddable":true,"href":"https:\/\/shopatoa.com\/ro\/wp-json\/wp\/v2\/product_cat?post=484044"},{"taxonomy":"product_tag","embeddable":true,"href":"https:\/\/shopatoa.com\/ro\/wp-json\/wp\/v2\/product_tag?post=484044"}],"curies":[{"name":"wp","href":"https:\/\/api.w.org\/{rel}","templated":true}]}}