{"id":484130,"date":"2025-06-29T18:50:28","date_gmt":"2025-06-29T16:50:28","guid":{"rendered":"https:\/\/shopatoa.com\/ro\/veet-minima-sensitive-skin-crema-depilatoare-pentru-piele-sensibila-aloe-vera-si-vitamina-e-100-ml\/"},"modified":"2025-12-14T11:05:28","modified_gmt":"2025-12-14T10:05:28","slug":"veet-minima-sensitive-skin-crema-depilatoare-pentru-piele-sensibila-aloe-vera-si-vitamina-e-100-ml","status":"publish","type":"product","link":"https:\/\/shopatoa.com\/ro\/veet-minima-sensitive-skin-crema-depilatoare-pentru-piele-sensibila-aloe-vera-si-vitamina-e-100-ml\/","title":{"rendered":"Veet Minima Sensitive Skin crema depilatoare pentru piele sensibila Aloe Vera si Vitamina E 100 ml"},"content":{"rendered":"<p>Veet Minima Sensitive Skin, 100 ml, Depilare \u0219i epilare pentru femei, Dori\u021bi s\u0103 \u00eendep\u0103rta\u021bi firele de p\u0103r nedorite de pe corp, dar nu v\u0103 convine nici epilarea cu cear\u0103, nici depilarea clasic\u0103 cu lama de ras? Produsul Veet Minima Sensitive Skin v\u0103 va permite s\u0103 \u00eendep\u0103rta\u021bi firele de p\u0103r rapid, eficient \u0219i f\u0103r\u0103 durere. Totodat\u0103, emoliaz\u0103 firele de p\u0103r \u00een timpul depil\u0103rii, pentru ca acestea s\u0103 fie mai sub\u021biri \u00een timpul cre\u0219terii ulterioare. Trebuie doar s\u0103 \u00eel aplica\u021bi uniform pe piele, s\u0103 a\u0219tepta\u021bi c\u00e2teva minute \u0219i s\u0103 \u00eel \u00eendep\u0103rta\u021bi simplu, cu ajutorul spatulei. Ca rezultat, ve\u021bi ob\u021bine o piele perfect neted\u0103, pe care nu va trebui s\u0103 o mai depila\u021bi sau epila\u021bi pentru o perioad\u0103 mai lung\u0103 dec\u00e2t \u00een cazul utiliz\u0103rii lamei de ras.  Caracteristici:  \u00eendep\u0103rteaz\u0103 delicat p\u0103rul, pentru c\u00e2teva s\u0103pt\u0103m\u00e2ni se poate folosi \u0219i pentru firele de p\u0103r scurte  Cum se utilizeaz\u0103: Se vor urma instruc\u021biunile incluse.<\/p>\n","protected":false},"excerpt":{"rendered":"<p>Veet Minima Sensitive Skin, 100 ml, Depilare \u0219i epilare pentru femei, Dori\u021bi s\u0103 \u00eendep\u0103rta\u021bi firele de p\u0103r nedorite de pe corp, dar nu v\u0103 convine nici epilarea cu cear\u0103, nici depilarea clasic\u0103 cu lama de ras? Produsul Veet Minima Sensitive Skin v\u0103 va permite s\u0103 \u00eendep\u0103rta\u021bi firele de p\u0103r rapid, eficient \u0219i f\u0103r\u0103 durere. Totodat\u0103,&#8230;<\/p>\n","protected":false},"featured_media":487073,"comment_status":"closed","ping_status":"open","template":"","meta":{"_acf_changed":false,"_kadence_starter_templates_imported_post":false,"_kad_post_transparent":"","_kad_post_title":"","_kad_post_layout":"","_kad_post_sidebar_id":"","_kad_post_content_style":"","_kad_post_vertical_padding":"","_kad_post_feature":"","_kad_post_feature_position":"","_kad_post_header":false,"_kad_post_footer":false,"_kad_post_classname":""},"product_brand":[1090],"product_cat":[1881,1953,1952,1563,1562],"product_tag":[],"class_list":{"0":"post-484130","1":"product","2":"type-product","3":"status-publish","4":"has-post-thumbnail","6":"product_brand-veet","7":"product_cat-barbierit-si-ingrijire","8":"product_cat-depilatoare","9":"product_cat-indepartarea-parului","10":"product_cat-ingrijire-personala","11":"product_cat-sanatate-si-frumusete","12":"pa_gen-female","13":"pa_marime-100-ml","15":"first","16":"instock","17":"sale","18":"product-type-external","19":"entry","20":"content-bg","21":"loop-entry"},"acf":[],"yoast_head":"<!-- This site is optimized with the Yoast SEO plugin v27.4 - https:\/\/yoast.com\/product\/yoast-seo-wordpress\/ -->\n<title>Veet Minima Sensitive Skin crema depilatoare pentru piele sensibila Aloe Vera si Vitamina E 100 ml - SHOPATOA.COM<\/title>\n<meta name=\"robots\" content=\"index, follow, max-snippet:-1, max-image-preview:large, max-video-preview:-1\" \/>\n<link rel=\"canonical\" href=\"https:\/\/shopatoa.com\/ro\/veet-minima-sensitive-skin-crema-depilatoare-pentru-piele-sensibila-aloe-vera-si-vitamina-e-100-ml\/\" \/>\n<meta property=\"og:locale\" content=\"ro_RO\" \/>\n<meta property=\"og:type\" content=\"article\" \/>\n<meta property=\"og:title\" content=\"Veet Minima Sensitive Skin crema depilatoare pentru piele sensibila Aloe Vera si Vitamina E 100 ml - SHOPATOA.COM\" \/>\n<meta property=\"og:description\" content=\"Veet Minima Sensitive Skin, 100 ml, Depilare \u0219i epilare pentru femei, Dori\u021bi s\u0103 \u00eendep\u0103rta\u021bi firele de p\u0103r nedorite de pe corp, dar nu v\u0103 convine nici epilarea cu cear\u0103, nici depilarea clasic\u0103 cu lama de ras? Produsul Veet Minima Sensitive Skin v\u0103 va permite s\u0103 \u00eendep\u0103rta\u021bi firele de p\u0103r rapid, eficient \u0219i f\u0103r\u0103 durere. Totodat\u0103,...\" \/>\n<meta property=\"og:url\" content=\"https:\/\/shopatoa.com\/ro\/veet-minima-sensitive-skin-crema-depilatoare-pentru-piele-sensibila-aloe-vera-si-vitamina-e-100-ml\/\" \/>\n<meta property=\"og:site_name\" content=\"SHOPATOA\" \/>\n<meta property=\"article:modified_time\" content=\"2025-12-14T10:05:28+00:00\" \/>\n<meta property=\"og:image\" content=\"https:\/\/storage.googleapis.com\/cz-shopatoa-img\/ro\/0518ab9e-unnamed-file.webp\" \/>\n\t<meta property=\"og:image:width\" content=\"800\" \/>\n\t<meta property=\"og:image:height\" content=\"800\" \/>\n\t<meta property=\"og:image:type\" content=\"image\/webp\" \/>\n<meta name=\"twitter:card\" content=\"summary_large_image\" \/>\n<meta name=\"twitter:label1\" content=\"Timp estimat pentru citire\" \/>\n\t<meta name=\"twitter:data1\" content=\"1 minut\" \/>\n<script type=\"application\/ld+json\" class=\"yoast-schema-graph\">{\"@context\":\"https:\\\/\\\/schema.org\",\"@graph\":[{\"@type\":\"WebPage\",\"@id\":\"https:\\\/\\\/shopatoa.com\\\/ro\\\/veet-minima-sensitive-skin-crema-depilatoare-pentru-piele-sensibila-aloe-vera-si-vitamina-e-100-ml\\\/\",\"url\":\"https:\\\/\\\/shopatoa.com\\\/ro\\\/veet-minima-sensitive-skin-crema-depilatoare-pentru-piele-sensibila-aloe-vera-si-vitamina-e-100-ml\\\/\",\"name\":\"Veet Minima Sensitive Skin crema depilatoare pentru piele sensibila Aloe Vera si Vitamina E 100 ml - SHOPATOA.COM\",\"isPartOf\":{\"@id\":\"https:\\\/\\\/shopatoa.com\\\/ro\\\/#website\"},\"primaryImageOfPage\":{\"@id\":\"https:\\\/\\\/shopatoa.com\\\/ro\\\/veet-minima-sensitive-skin-crema-depilatoare-pentru-piele-sensibila-aloe-vera-si-vitamina-e-100-ml\\\/#primaryimage\"},\"image\":{\"@id\":\"https:\\\/\\\/shopatoa.com\\\/ro\\\/veet-minima-sensitive-skin-crema-depilatoare-pentru-piele-sensibila-aloe-vera-si-vitamina-e-100-ml\\\/#primaryimage\"},\"thumbnailUrl\":\"https:\\\/\\\/storage.googleapis.com\\\/cz-shopatoa-img\\\/ro\\\/0518ab9e-unnamed-file.webp\",\"datePublished\":\"2025-06-29T16:50:28+00:00\",\"dateModified\":\"2025-12-14T10:05:28+00:00\",\"breadcrumb\":{\"@id\":\"https:\\\/\\\/shopatoa.com\\\/ro\\\/veet-minima-sensitive-skin-crema-depilatoare-pentru-piele-sensibila-aloe-vera-si-vitamina-e-100-ml\\\/#breadcrumb\"},\"inLanguage\":\"ro-RO\",\"potentialAction\":[{\"@type\":\"ReadAction\",\"target\":[\"https:\\\/\\\/shopatoa.com\\\/ro\\\/veet-minima-sensitive-skin-crema-depilatoare-pentru-piele-sensibila-aloe-vera-si-vitamina-e-100-ml\\\/\"]}]},{\"@type\":\"ImageObject\",\"inLanguage\":\"ro-RO\",\"@id\":\"https:\\\/\\\/shopatoa.com\\\/ro\\\/veet-minima-sensitive-skin-crema-depilatoare-pentru-piele-sensibila-aloe-vera-si-vitamina-e-100-ml\\\/#primaryimage\",\"url\":\"https:\\\/\\\/storage.googleapis.com\\\/cz-shopatoa-img\\\/ro\\\/0518ab9e-unnamed-file.webp\",\"contentUrl\":\"https:\\\/\\\/storage.googleapis.com\\\/cz-shopatoa-img\\\/ro\\\/0518ab9e-unnamed-file.webp\",\"width\":800,\"height\":800},{\"@type\":\"BreadcrumbList\",\"@id\":\"https:\\\/\\\/shopatoa.com\\\/ro\\\/veet-minima-sensitive-skin-crema-depilatoare-pentru-piele-sensibila-aloe-vera-si-vitamina-e-100-ml\\\/#breadcrumb\",\"itemListElement\":[{\"@type\":\"ListItem\",\"position\":1,\"name\":\"Dom\u016f\",\"item\":\"https:\\\/\\\/shopatoa.com\\\/ro\\\/\"},{\"@type\":\"ListItem\",\"position\":2,\"name\":\"Shop\",\"item\":\"https:\\\/\\\/shopatoa.com\\\/ro\\\/shop\\\/\"},{\"@type\":\"ListItem\",\"position\":3,\"name\":\"S\u0103n\u0103tate \u0219i frumuse\u021be\",\"item\":\"https:\\\/\\\/shopatoa.com\\\/ro\\\/sanatate-si-frumusete\\\/\"},{\"@type\":\"ListItem\",\"position\":4,\"name\":\"\u00cengrijire personal\u0103\",\"item\":\"https:\\\/\\\/shopatoa.com\\\/ro\\\/ingrijire-personala\\\/\"},{\"@type\":\"ListItem\",\"position\":5,\"name\":\"B\u0103rbierit \u0219i \u00eengrijire\",\"item\":\"https:\\\/\\\/shopatoa.com\\\/ro\\\/barbierit-si-ingrijire\\\/\"},{\"@type\":\"ListItem\",\"position\":6,\"name\":\"\u00cendep\u0103rtarea p\u0103rului\",\"item\":\"https:\\\/\\\/shopatoa.com\\\/ro\\\/indepartarea-parului\\\/\"},{\"@type\":\"ListItem\",\"position\":7,\"name\":\"Depilatoare\",\"item\":\"https:\\\/\\\/shopatoa.com\\\/ro\\\/depilatoare\\\/\"},{\"@type\":\"ListItem\",\"position\":8,\"name\":\"Veet Minima Sensitive Skin crema depilatoare pentru piele sensibila Aloe Vera si Vitamina E 100 ml\"}]},{\"@type\":\"WebSite\",\"@id\":\"https:\\\/\\\/shopatoa.com\\\/ro\\\/#website\",\"url\":\"https:\\\/\\\/shopatoa.com\\\/ro\\\/\",\"name\":\"SHOPATOA\",\"description\":\"\",\"publisher\":{\"@id\":\"https:\\\/\\\/shopatoa.com\\\/ro\\\/#organization\"},\"potentialAction\":[{\"@type\":\"SearchAction\",\"target\":{\"@type\":\"EntryPoint\",\"urlTemplate\":\"https:\\\/\\\/shopatoa.com\\\/ro\\\/?s={search_term_string}\"},\"query-input\":{\"@type\":\"PropertyValueSpecification\",\"valueRequired\":true,\"valueName\":\"search_term_string\"}}],\"inLanguage\":\"ro-RO\"},{\"@type\":\"Organization\",\"@id\":\"https:\\\/\\\/shopatoa.com\\\/ro\\\/#organization\",\"name\":\"SHOPATOA\",\"url\":\"https:\\\/\\\/shopatoa.com\\\/ro\\\/\",\"logo\":{\"@type\":\"ImageObject\",\"inLanguage\":\"ro-RO\",\"@id\":\"https:\\\/\\\/shopatoa.com\\\/ro\\\/#\\\/schema\\\/logo\\\/image\\\/\",\"url\":\"https:\\\/\\\/storage.googleapis.com\\\/cz-shopatoa-img\\\/ro\\\/b4dac915-shopatoa_logo.png\",\"contentUrl\":\"https:\\\/\\\/storage.googleapis.com\\\/cz-shopatoa-img\\\/ro\\\/b4dac915-shopatoa_logo.png\",\"width\":416,\"height\":63,\"caption\":\"SHOPATOA\"},\"image\":{\"@id\":\"https:\\\/\\\/shopatoa.com\\\/ro\\\/#\\\/schema\\\/logo\\\/image\\\/\"}}]}<\/script>\n<!-- \/ Yoast SEO plugin. -->","yoast_head_json":{"title":"Veet Minima Sensitive Skin crema depilatoare pentru piele sensibila Aloe Vera si Vitamina E 100 ml - SHOPATOA.COM","robots":{"index":"index","follow":"follow","max-snippet":"max-snippet:-1","max-image-preview":"max-image-preview:large","max-video-preview":"max-video-preview:-1"},"canonical":"https:\/\/shopatoa.com\/ro\/veet-minima-sensitive-skin-crema-depilatoare-pentru-piele-sensibila-aloe-vera-si-vitamina-e-100-ml\/","og_locale":"ro_RO","og_type":"article","og_title":"Veet Minima Sensitive Skin crema depilatoare pentru piele sensibila Aloe Vera si Vitamina E 100 ml - SHOPATOA.COM","og_description":"Veet Minima Sensitive Skin, 100 ml, Depilare \u0219i epilare pentru femei, Dori\u021bi s\u0103 \u00eendep\u0103rta\u021bi firele de p\u0103r nedorite de pe corp, dar nu v\u0103 convine nici epilarea cu cear\u0103, nici depilarea clasic\u0103 cu lama de ras? Produsul Veet Minima Sensitive Skin v\u0103 va permite s\u0103 \u00eendep\u0103rta\u021bi firele de p\u0103r rapid, eficient \u0219i f\u0103r\u0103 durere. Totodat\u0103,...","og_url":"https:\/\/shopatoa.com\/ro\/veet-minima-sensitive-skin-crema-depilatoare-pentru-piele-sensibila-aloe-vera-si-vitamina-e-100-ml\/","og_site_name":"SHOPATOA","article_modified_time":"2025-12-14T10:05:28+00:00","og_image":[{"width":800,"height":800,"url":"https:\/\/storage.googleapis.com\/cz-shopatoa-img\/ro\/0518ab9e-unnamed-file.webp","type":"image\/webp"}],"twitter_card":"summary_large_image","twitter_misc":{"Timp estimat pentru citire":"1 minut"},"schema":{"@context":"https:\/\/schema.org","@graph":[{"@type":"WebPage","@id":"https:\/\/shopatoa.com\/ro\/veet-minima-sensitive-skin-crema-depilatoare-pentru-piele-sensibila-aloe-vera-si-vitamina-e-100-ml\/","url":"https:\/\/shopatoa.com\/ro\/veet-minima-sensitive-skin-crema-depilatoare-pentru-piele-sensibila-aloe-vera-si-vitamina-e-100-ml\/","name":"Veet Minima Sensitive Skin crema depilatoare pentru piele sensibila Aloe Vera si Vitamina E 100 ml - SHOPATOA.COM","isPartOf":{"@id":"https:\/\/shopatoa.com\/ro\/#website"},"primaryImageOfPage":{"@id":"https:\/\/shopatoa.com\/ro\/veet-minima-sensitive-skin-crema-depilatoare-pentru-piele-sensibila-aloe-vera-si-vitamina-e-100-ml\/#primaryimage"},"image":{"@id":"https:\/\/shopatoa.com\/ro\/veet-minima-sensitive-skin-crema-depilatoare-pentru-piele-sensibila-aloe-vera-si-vitamina-e-100-ml\/#primaryimage"},"thumbnailUrl":"https:\/\/storage.googleapis.com\/cz-shopatoa-img\/ro\/0518ab9e-unnamed-file.webp","datePublished":"2025-06-29T16:50:28+00:00","dateModified":"2025-12-14T10:05:28+00:00","breadcrumb":{"@id":"https:\/\/shopatoa.com\/ro\/veet-minima-sensitive-skin-crema-depilatoare-pentru-piele-sensibila-aloe-vera-si-vitamina-e-100-ml\/#breadcrumb"},"inLanguage":"ro-RO","potentialAction":[{"@type":"ReadAction","target":["https:\/\/shopatoa.com\/ro\/veet-minima-sensitive-skin-crema-depilatoare-pentru-piele-sensibila-aloe-vera-si-vitamina-e-100-ml\/"]}]},{"@type":"ImageObject","inLanguage":"ro-RO","@id":"https:\/\/shopatoa.com\/ro\/veet-minima-sensitive-skin-crema-depilatoare-pentru-piele-sensibila-aloe-vera-si-vitamina-e-100-ml\/#primaryimage","url":"https:\/\/storage.googleapis.com\/cz-shopatoa-img\/ro\/0518ab9e-unnamed-file.webp","contentUrl":"https:\/\/storage.googleapis.com\/cz-shopatoa-img\/ro\/0518ab9e-unnamed-file.webp","width":800,"height":800},{"@type":"BreadcrumbList","@id":"https:\/\/shopatoa.com\/ro\/veet-minima-sensitive-skin-crema-depilatoare-pentru-piele-sensibila-aloe-vera-si-vitamina-e-100-ml\/#breadcrumb","itemListElement":[{"@type":"ListItem","position":1,"name":"Dom\u016f","item":"https:\/\/shopatoa.com\/ro\/"},{"@type":"ListItem","position":2,"name":"Shop","item":"https:\/\/shopatoa.com\/ro\/shop\/"},{"@type":"ListItem","position":3,"name":"S\u0103n\u0103tate \u0219i frumuse\u021be","item":"https:\/\/shopatoa.com\/ro\/sanatate-si-frumusete\/"},{"@type":"ListItem","position":4,"name":"\u00cengrijire personal\u0103","item":"https:\/\/shopatoa.com\/ro\/ingrijire-personala\/"},{"@type":"ListItem","position":5,"name":"B\u0103rbierit \u0219i \u00eengrijire","item":"https:\/\/shopatoa.com\/ro\/barbierit-si-ingrijire\/"},{"@type":"ListItem","position":6,"name":"\u00cendep\u0103rtarea p\u0103rului","item":"https:\/\/shopatoa.com\/ro\/indepartarea-parului\/"},{"@type":"ListItem","position":7,"name":"Depilatoare","item":"https:\/\/shopatoa.com\/ro\/depilatoare\/"},{"@type":"ListItem","position":8,"name":"Veet Minima Sensitive Skin crema depilatoare pentru piele sensibila Aloe Vera si Vitamina E 100 ml"}]},{"@type":"WebSite","@id":"https:\/\/shopatoa.com\/ro\/#website","url":"https:\/\/shopatoa.com\/ro\/","name":"SHOPATOA","description":"","publisher":{"@id":"https:\/\/shopatoa.com\/ro\/#organization"},"potentialAction":[{"@type":"SearchAction","target":{"@type":"EntryPoint","urlTemplate":"https:\/\/shopatoa.com\/ro\/?s={search_term_string}"},"query-input":{"@type":"PropertyValueSpecification","valueRequired":true,"valueName":"search_term_string"}}],"inLanguage":"ro-RO"},{"@type":"Organization","@id":"https:\/\/shopatoa.com\/ro\/#organization","name":"SHOPATOA","url":"https:\/\/shopatoa.com\/ro\/","logo":{"@type":"ImageObject","inLanguage":"ro-RO","@id":"https:\/\/shopatoa.com\/ro\/#\/schema\/logo\/image\/","url":"https:\/\/storage.googleapis.com\/cz-shopatoa-img\/ro\/b4dac915-shopatoa_logo.png","contentUrl":"https:\/\/storage.googleapis.com\/cz-shopatoa-img\/ro\/b4dac915-shopatoa_logo.png","width":416,"height":63,"caption":"SHOPATOA"},"image":{"@id":"https:\/\/shopatoa.com\/ro\/#\/schema\/logo\/image\/"}}]}},"_links":{"self":[{"href":"https:\/\/shopatoa.com\/ro\/wp-json\/wp\/v2\/product\/484130","targetHints":{"allow":["GET"]}}],"collection":[{"href":"https:\/\/shopatoa.com\/ro\/wp-json\/wp\/v2\/product"}],"about":[{"href":"https:\/\/shopatoa.com\/ro\/wp-json\/wp\/v2\/types\/product"}],"replies":[{"embeddable":true,"href":"https:\/\/shopatoa.com\/ro\/wp-json\/wp\/v2\/comments?post=484130"}],"wp:featuredmedia":[{"embeddable":true,"href":"https:\/\/shopatoa.com\/ro\/wp-json\/wp\/v2\/media\/487073"}],"wp:attachment":[{"href":"https:\/\/shopatoa.com\/ro\/wp-json\/wp\/v2\/media?parent=484130"}],"wp:term":[{"taxonomy":"product_brand","embeddable":true,"href":"https:\/\/shopatoa.com\/ro\/wp-json\/wp\/v2\/product_brand?post=484130"},{"taxonomy":"product_cat","embeddable":true,"href":"https:\/\/shopatoa.com\/ro\/wp-json\/wp\/v2\/product_cat?post=484130"},{"taxonomy":"product_tag","embeddable":true,"href":"https:\/\/shopatoa.com\/ro\/wp-json\/wp\/v2\/product_tag?post=484130"}],"curies":[{"name":"wp","href":"https:\/\/api.w.org\/{rel}","templated":true}]}}