{"id":484137,"date":"2025-06-29T18:51:45","date_gmt":"2025-06-29T16:51:45","guid":{"rendered":"https:\/\/shopatoa.com\/ro\/armaf-club-de-nuit-man-intense-deodorant-stick-pentru-barbati-75-g\/"},"modified":"2025-12-14T11:02:58","modified_gmt":"2025-12-14T10:02:58","slug":"armaf-club-de-nuit-man-intense-deodorant-stick-pentru-barbati-75-g","status":"publish","type":"product","link":"https:\/\/shopatoa.com\/ro\/armaf-club-de-nuit-man-intense-deodorant-stick-pentru-barbati-75-g\/","title":{"rendered":"Armaf Club de Nuit Man Intense deodorant stick pentru b\u0103rba\u021bi 75 g"},"content":{"rendered":"<p>Armaf Club de Nuit Man Intense, 75 g, Deodorante \u0219i antiperspirante pentru b\u0103rba\u021bi, Oricare ar fi programul zilei, pute\u021bi l\u0103sa \u00een urm\u0103 grijile privind mirosul nepl\u0103cut al transpira\u021biei. Deodorantul Armaf Club de Nuit Man Intense previne nepl\u0103cerea pe care o reprezint\u0103 mirosul corporal. Las\u0103 pielea pl\u0103cut parfumat\u0103 \u0219i combate mirosul nepl\u0103cut, care se produce atunci c\u00e2nd transpira\u021bia reac\u021bioneaz\u0103 cu bacteriile de pe piele. V\u0103 va asigura o protec\u021bie de lung\u0103 durat\u0103, datorit\u0103 efectului s\u0103u deodorant eficient, pentru a v\u0103 bucura de o senza\u021bie de prospe\u021bime \u0219i curat pe tot parcursul zilei.  Caracteristici:  face pl\u0103cere oric\u0103rui b\u0103rbat protejeaz\u0103 \u00eempotriva mirosurilor nepl\u0103cute<\/p>\n","protected":false},"excerpt":{"rendered":"<p>Armaf Club de Nuit Man Intense, 75 g, Deodorante \u0219i antiperspirante pentru b\u0103rba\u021bi, Oricare ar fi programul zilei, pute\u021bi l\u0103sa \u00een urm\u0103 grijile privind mirosul nepl\u0103cut al transpira\u021biei. Deodorantul Armaf Club de Nuit Man Intense previne nepl\u0103cerea pe care o reprezint\u0103 mirosul corporal. Las\u0103 pielea pl\u0103cut parfumat\u0103 \u0219i combate mirosul nepl\u0103cut, care se produce atunci&#8230;<\/p>\n","protected":false},"featured_media":487080,"comment_status":"closed","ping_status":"open","template":"","meta":{"_acf_changed":false,"_kadence_starter_templates_imported_post":false,"_kad_post_transparent":"","_kad_post_title":"","_kad_post_layout":"","_kad_post_sidebar_id":"","_kad_post_content_style":"","_kad_post_vertical_padding":"","_kad_post_feature":"","_kad_post_feature_position":"","_kad_post_header":false,"_kad_post_footer":false,"_kad_post_classname":""},"product_brand":[327],"product_cat":[1564,3208,3223,1563,3200,1562],"product_tag":[],"class_list":{"0":"post-484137","1":"product","2":"type-product","3":"status-publish","4":"has-post-thumbnail","6":"product_brand-armaf","7":"product_cat-cosmetice-ingrijire-personala","8":"product_cat-cosmetice-parfumate","9":"product_cat-deodorante-si-antiperspirante","10":"product_cat-ingrijire-personala","11":"product_cat-parfumuri-si-colonii","12":"product_cat-sanatate-si-frumusete","13":"pa_gen-male","14":"pa_marime-75-g","16":"first","17":"instock","18":"sale","19":"product-type-external","20":"entry","21":"content-bg","22":"loop-entry"},"acf":[],"yoast_head":"<!-- This site is optimized with the Yoast SEO plugin v27.3 - https:\/\/yoast.com\/product\/yoast-seo-wordpress\/ -->\n<title>Armaf Club de Nuit Man Intense deodorant stick pentru b\u0103rba\u021bi 75 g - SHOPATOA.COM<\/title>\n<meta name=\"robots\" content=\"index, follow, max-snippet:-1, max-image-preview:large, max-video-preview:-1\" \/>\n<link rel=\"canonical\" href=\"https:\/\/shopatoa.com\/ro\/armaf-club-de-nuit-man-intense-deodorant-stick-pentru-barbati-75-g\/\" \/>\n<meta property=\"og:locale\" content=\"ro_RO\" \/>\n<meta property=\"og:type\" content=\"article\" \/>\n<meta property=\"og:title\" content=\"Armaf Club de Nuit Man Intense deodorant stick pentru b\u0103rba\u021bi 75 g - SHOPATOA.COM\" \/>\n<meta property=\"og:description\" content=\"Armaf Club de Nuit Man Intense, 75 g, Deodorante \u0219i antiperspirante pentru b\u0103rba\u021bi, Oricare ar fi programul zilei, pute\u021bi l\u0103sa \u00een urm\u0103 grijile privind mirosul nepl\u0103cut al transpira\u021biei. Deodorantul Armaf Club de Nuit Man Intense previne nepl\u0103cerea pe care o reprezint\u0103 mirosul corporal. Las\u0103 pielea pl\u0103cut parfumat\u0103 \u0219i combate mirosul nepl\u0103cut, care se produce atunci...\" \/>\n<meta property=\"og:url\" content=\"https:\/\/shopatoa.com\/ro\/armaf-club-de-nuit-man-intense-deodorant-stick-pentru-barbati-75-g\/\" \/>\n<meta property=\"og:site_name\" content=\"SHOPATOA\" \/>\n<meta property=\"article:modified_time\" content=\"2025-12-14T10:02:58+00:00\" \/>\n<meta property=\"og:image\" content=\"https:\/\/storage.googleapis.com\/cz-shopatoa-img\/ro\/dac20b59-unnamed-file.webp\" \/>\n\t<meta property=\"og:image:width\" content=\"800\" \/>\n\t<meta property=\"og:image:height\" content=\"800\" \/>\n\t<meta property=\"og:image:type\" content=\"image\/webp\" \/>\n<meta name=\"twitter:card\" content=\"summary_large_image\" \/>\n<meta name=\"twitter:label1\" content=\"Timp estimat pentru citire\" \/>\n\t<meta name=\"twitter:data1\" content=\"1 minut\" \/>\n<script type=\"application\/ld+json\" class=\"yoast-schema-graph\">{\"@context\":\"https:\\\/\\\/schema.org\",\"@graph\":[{\"@type\":\"WebPage\",\"@id\":\"https:\\\/\\\/shopatoa.com\\\/ro\\\/armaf-club-de-nuit-man-intense-deodorant-stick-pentru-barbati-75-g\\\/\",\"url\":\"https:\\\/\\\/shopatoa.com\\\/ro\\\/armaf-club-de-nuit-man-intense-deodorant-stick-pentru-barbati-75-g\\\/\",\"name\":\"Armaf Club de Nuit Man Intense deodorant stick pentru b\u0103rba\u021bi 75 g - SHOPATOA.COM\",\"isPartOf\":{\"@id\":\"https:\\\/\\\/shopatoa.com\\\/ro\\\/#website\"},\"primaryImageOfPage\":{\"@id\":\"https:\\\/\\\/shopatoa.com\\\/ro\\\/armaf-club-de-nuit-man-intense-deodorant-stick-pentru-barbati-75-g\\\/#primaryimage\"},\"image\":{\"@id\":\"https:\\\/\\\/shopatoa.com\\\/ro\\\/armaf-club-de-nuit-man-intense-deodorant-stick-pentru-barbati-75-g\\\/#primaryimage\"},\"thumbnailUrl\":\"https:\\\/\\\/storage.googleapis.com\\\/cz-shopatoa-img\\\/ro\\\/dac20b59-unnamed-file.webp\",\"datePublished\":\"2025-06-29T16:51:45+00:00\",\"dateModified\":\"2025-12-14T10:02:58+00:00\",\"breadcrumb\":{\"@id\":\"https:\\\/\\\/shopatoa.com\\\/ro\\\/armaf-club-de-nuit-man-intense-deodorant-stick-pentru-barbati-75-g\\\/#breadcrumb\"},\"inLanguage\":\"ro-RO\",\"potentialAction\":[{\"@type\":\"ReadAction\",\"target\":[\"https:\\\/\\\/shopatoa.com\\\/ro\\\/armaf-club-de-nuit-man-intense-deodorant-stick-pentru-barbati-75-g\\\/\"]}]},{\"@type\":\"ImageObject\",\"inLanguage\":\"ro-RO\",\"@id\":\"https:\\\/\\\/shopatoa.com\\\/ro\\\/armaf-club-de-nuit-man-intense-deodorant-stick-pentru-barbati-75-g\\\/#primaryimage\",\"url\":\"https:\\\/\\\/storage.googleapis.com\\\/cz-shopatoa-img\\\/ro\\\/dac20b59-unnamed-file.webp\",\"contentUrl\":\"https:\\\/\\\/storage.googleapis.com\\\/cz-shopatoa-img\\\/ro\\\/dac20b59-unnamed-file.webp\",\"width\":800,\"height\":800},{\"@type\":\"BreadcrumbList\",\"@id\":\"https:\\\/\\\/shopatoa.com\\\/ro\\\/armaf-club-de-nuit-man-intense-deodorant-stick-pentru-barbati-75-g\\\/#breadcrumb\",\"itemListElement\":[{\"@type\":\"ListItem\",\"position\":1,\"name\":\"Dom\u016f\",\"item\":\"https:\\\/\\\/shopatoa.com\\\/ro\\\/\"},{\"@type\":\"ListItem\",\"position\":2,\"name\":\"Shop\",\"item\":\"https:\\\/\\\/shopatoa.com\\\/ro\\\/shop\\\/\"},{\"@type\":\"ListItem\",\"position\":3,\"name\":\"S\u0103n\u0103tate \u0219i frumuse\u021be\",\"item\":\"https:\\\/\\\/shopatoa.com\\\/ro\\\/sanatate-si-frumusete\\\/\"},{\"@type\":\"ListItem\",\"position\":4,\"name\":\"\u00cengrijire personal\u0103\",\"item\":\"https:\\\/\\\/shopatoa.com\\\/ro\\\/ingrijire-personala\\\/\"},{\"@type\":\"ListItem\",\"position\":5,\"name\":\"Cosmetice\",\"item\":\"https:\\\/\\\/shopatoa.com\\\/ro\\\/cosmetice-ingrijire-personala\\\/\"},{\"@type\":\"ListItem\",\"position\":6,\"name\":\"Parfumuri \u0219i colonii\",\"item\":\"https:\\\/\\\/shopatoa.com\\\/ro\\\/parfumuri-si-colonii\\\/\"},{\"@type\":\"ListItem\",\"position\":7,\"name\":\"Cosmetice parfumate\",\"item\":\"https:\\\/\\\/shopatoa.com\\\/ro\\\/cosmetice-parfumate\\\/\"},{\"@type\":\"ListItem\",\"position\":8,\"name\":\"Deodorante \u0219i antiperspirante\",\"item\":\"https:\\\/\\\/shopatoa.com\\\/ro\\\/deodorante-si-antiperspirante\\\/\"},{\"@type\":\"ListItem\",\"position\":9,\"name\":\"Armaf Club de Nuit Man Intense deodorant stick pentru b\u0103rba\u021bi 75 g\"}]},{\"@type\":\"WebSite\",\"@id\":\"https:\\\/\\\/shopatoa.com\\\/ro\\\/#website\",\"url\":\"https:\\\/\\\/shopatoa.com\\\/ro\\\/\",\"name\":\"SHOPATOA\",\"description\":\"\",\"publisher\":{\"@id\":\"https:\\\/\\\/shopatoa.com\\\/ro\\\/#organization\"},\"potentialAction\":[{\"@type\":\"SearchAction\",\"target\":{\"@type\":\"EntryPoint\",\"urlTemplate\":\"https:\\\/\\\/shopatoa.com\\\/ro\\\/?s={search_term_string}\"},\"query-input\":{\"@type\":\"PropertyValueSpecification\",\"valueRequired\":true,\"valueName\":\"search_term_string\"}}],\"inLanguage\":\"ro-RO\"},{\"@type\":\"Organization\",\"@id\":\"https:\\\/\\\/shopatoa.com\\\/ro\\\/#organization\",\"name\":\"SHOPATOA\",\"url\":\"https:\\\/\\\/shopatoa.com\\\/ro\\\/\",\"logo\":{\"@type\":\"ImageObject\",\"inLanguage\":\"ro-RO\",\"@id\":\"https:\\\/\\\/shopatoa.com\\\/ro\\\/#\\\/schema\\\/logo\\\/image\\\/\",\"url\":\"https:\\\/\\\/storage.googleapis.com\\\/cz-shopatoa-img\\\/ro\\\/b4dac915-shopatoa_logo.png\",\"contentUrl\":\"https:\\\/\\\/storage.googleapis.com\\\/cz-shopatoa-img\\\/ro\\\/b4dac915-shopatoa_logo.png\",\"width\":416,\"height\":63,\"caption\":\"SHOPATOA\"},\"image\":{\"@id\":\"https:\\\/\\\/shopatoa.com\\\/ro\\\/#\\\/schema\\\/logo\\\/image\\\/\"}}]}<\/script>\n<!-- \/ Yoast SEO plugin. -->","yoast_head_json":{"title":"Armaf Club de Nuit Man Intense deodorant stick pentru b\u0103rba\u021bi 75 g - SHOPATOA.COM","robots":{"index":"index","follow":"follow","max-snippet":"max-snippet:-1","max-image-preview":"max-image-preview:large","max-video-preview":"max-video-preview:-1"},"canonical":"https:\/\/shopatoa.com\/ro\/armaf-club-de-nuit-man-intense-deodorant-stick-pentru-barbati-75-g\/","og_locale":"ro_RO","og_type":"article","og_title":"Armaf Club de Nuit Man Intense deodorant stick pentru b\u0103rba\u021bi 75 g - SHOPATOA.COM","og_description":"Armaf Club de Nuit Man Intense, 75 g, Deodorante \u0219i antiperspirante pentru b\u0103rba\u021bi, Oricare ar fi programul zilei, pute\u021bi l\u0103sa \u00een urm\u0103 grijile privind mirosul nepl\u0103cut al transpira\u021biei. Deodorantul Armaf Club de Nuit Man Intense previne nepl\u0103cerea pe care o reprezint\u0103 mirosul corporal. Las\u0103 pielea pl\u0103cut parfumat\u0103 \u0219i combate mirosul nepl\u0103cut, care se produce atunci...","og_url":"https:\/\/shopatoa.com\/ro\/armaf-club-de-nuit-man-intense-deodorant-stick-pentru-barbati-75-g\/","og_site_name":"SHOPATOA","article_modified_time":"2025-12-14T10:02:58+00:00","og_image":[{"width":800,"height":800,"url":"https:\/\/storage.googleapis.com\/cz-shopatoa-img\/ro\/dac20b59-unnamed-file.webp","type":"image\/webp"}],"twitter_card":"summary_large_image","twitter_misc":{"Timp estimat pentru citire":"1 minut"},"schema":{"@context":"https:\/\/schema.org","@graph":[{"@type":"WebPage","@id":"https:\/\/shopatoa.com\/ro\/armaf-club-de-nuit-man-intense-deodorant-stick-pentru-barbati-75-g\/","url":"https:\/\/shopatoa.com\/ro\/armaf-club-de-nuit-man-intense-deodorant-stick-pentru-barbati-75-g\/","name":"Armaf Club de Nuit Man Intense deodorant stick pentru b\u0103rba\u021bi 75 g - SHOPATOA.COM","isPartOf":{"@id":"https:\/\/shopatoa.com\/ro\/#website"},"primaryImageOfPage":{"@id":"https:\/\/shopatoa.com\/ro\/armaf-club-de-nuit-man-intense-deodorant-stick-pentru-barbati-75-g\/#primaryimage"},"image":{"@id":"https:\/\/shopatoa.com\/ro\/armaf-club-de-nuit-man-intense-deodorant-stick-pentru-barbati-75-g\/#primaryimage"},"thumbnailUrl":"https:\/\/storage.googleapis.com\/cz-shopatoa-img\/ro\/dac20b59-unnamed-file.webp","datePublished":"2025-06-29T16:51:45+00:00","dateModified":"2025-12-14T10:02:58+00:00","breadcrumb":{"@id":"https:\/\/shopatoa.com\/ro\/armaf-club-de-nuit-man-intense-deodorant-stick-pentru-barbati-75-g\/#breadcrumb"},"inLanguage":"ro-RO","potentialAction":[{"@type":"ReadAction","target":["https:\/\/shopatoa.com\/ro\/armaf-club-de-nuit-man-intense-deodorant-stick-pentru-barbati-75-g\/"]}]},{"@type":"ImageObject","inLanguage":"ro-RO","@id":"https:\/\/shopatoa.com\/ro\/armaf-club-de-nuit-man-intense-deodorant-stick-pentru-barbati-75-g\/#primaryimage","url":"https:\/\/storage.googleapis.com\/cz-shopatoa-img\/ro\/dac20b59-unnamed-file.webp","contentUrl":"https:\/\/storage.googleapis.com\/cz-shopatoa-img\/ro\/dac20b59-unnamed-file.webp","width":800,"height":800},{"@type":"BreadcrumbList","@id":"https:\/\/shopatoa.com\/ro\/armaf-club-de-nuit-man-intense-deodorant-stick-pentru-barbati-75-g\/#breadcrumb","itemListElement":[{"@type":"ListItem","position":1,"name":"Dom\u016f","item":"https:\/\/shopatoa.com\/ro\/"},{"@type":"ListItem","position":2,"name":"Shop","item":"https:\/\/shopatoa.com\/ro\/shop\/"},{"@type":"ListItem","position":3,"name":"S\u0103n\u0103tate \u0219i frumuse\u021be","item":"https:\/\/shopatoa.com\/ro\/sanatate-si-frumusete\/"},{"@type":"ListItem","position":4,"name":"\u00cengrijire personal\u0103","item":"https:\/\/shopatoa.com\/ro\/ingrijire-personala\/"},{"@type":"ListItem","position":5,"name":"Cosmetice","item":"https:\/\/shopatoa.com\/ro\/cosmetice-ingrijire-personala\/"},{"@type":"ListItem","position":6,"name":"Parfumuri \u0219i colonii","item":"https:\/\/shopatoa.com\/ro\/parfumuri-si-colonii\/"},{"@type":"ListItem","position":7,"name":"Cosmetice parfumate","item":"https:\/\/shopatoa.com\/ro\/cosmetice-parfumate\/"},{"@type":"ListItem","position":8,"name":"Deodorante \u0219i antiperspirante","item":"https:\/\/shopatoa.com\/ro\/deodorante-si-antiperspirante\/"},{"@type":"ListItem","position":9,"name":"Armaf Club de Nuit Man Intense deodorant stick pentru b\u0103rba\u021bi 75 g"}]},{"@type":"WebSite","@id":"https:\/\/shopatoa.com\/ro\/#website","url":"https:\/\/shopatoa.com\/ro\/","name":"SHOPATOA","description":"","publisher":{"@id":"https:\/\/shopatoa.com\/ro\/#organization"},"potentialAction":[{"@type":"SearchAction","target":{"@type":"EntryPoint","urlTemplate":"https:\/\/shopatoa.com\/ro\/?s={search_term_string}"},"query-input":{"@type":"PropertyValueSpecification","valueRequired":true,"valueName":"search_term_string"}}],"inLanguage":"ro-RO"},{"@type":"Organization","@id":"https:\/\/shopatoa.com\/ro\/#organization","name":"SHOPATOA","url":"https:\/\/shopatoa.com\/ro\/","logo":{"@type":"ImageObject","inLanguage":"ro-RO","@id":"https:\/\/shopatoa.com\/ro\/#\/schema\/logo\/image\/","url":"https:\/\/storage.googleapis.com\/cz-shopatoa-img\/ro\/b4dac915-shopatoa_logo.png","contentUrl":"https:\/\/storage.googleapis.com\/cz-shopatoa-img\/ro\/b4dac915-shopatoa_logo.png","width":416,"height":63,"caption":"SHOPATOA"},"image":{"@id":"https:\/\/shopatoa.com\/ro\/#\/schema\/logo\/image\/"}}]}},"_links":{"self":[{"href":"https:\/\/shopatoa.com\/ro\/wp-json\/wp\/v2\/product\/484137","targetHints":{"allow":["GET"]}}],"collection":[{"href":"https:\/\/shopatoa.com\/ro\/wp-json\/wp\/v2\/product"}],"about":[{"href":"https:\/\/shopatoa.com\/ro\/wp-json\/wp\/v2\/types\/product"}],"replies":[{"embeddable":true,"href":"https:\/\/shopatoa.com\/ro\/wp-json\/wp\/v2\/comments?post=484137"}],"wp:featuredmedia":[{"embeddable":true,"href":"https:\/\/shopatoa.com\/ro\/wp-json\/wp\/v2\/media\/487080"}],"wp:attachment":[{"href":"https:\/\/shopatoa.com\/ro\/wp-json\/wp\/v2\/media?parent=484137"}],"wp:term":[{"taxonomy":"product_brand","embeddable":true,"href":"https:\/\/shopatoa.com\/ro\/wp-json\/wp\/v2\/product_brand?post=484137"},{"taxonomy":"product_cat","embeddable":true,"href":"https:\/\/shopatoa.com\/ro\/wp-json\/wp\/v2\/product_cat?post=484137"},{"taxonomy":"product_tag","embeddable":true,"href":"https:\/\/shopatoa.com\/ro\/wp-json\/wp\/v2\/product_tag?post=484137"}],"curies":[{"name":"wp","href":"https:\/\/api.w.org\/{rel}","templated":true}]}}