{"id":484194,"date":"2025-06-29T19:00:17","date_gmt":"2025-06-29T17:00:17","guid":{"rendered":"https:\/\/shopatoa.com\/ro\/biorepair-dental-floss-waxed-expanding-ata-dentara-cerata-pentru-gingii-sensibile-pink-30-m\/"},"modified":"2025-12-14T10:32:56","modified_gmt":"2025-12-14T09:32:56","slug":"biorepair-dental-floss-waxed-expanding-ata-dentara-cerata-pentru-gingii-sensibile-pink-30-m","status":"publish","type":"product","link":"https:\/\/shopatoa.com\/ro\/biorepair-dental-floss-waxed-expanding-ata-dentara-cerata-pentru-gingii-sensibile-pink-30-m\/","title":{"rendered":"Biorepair Dental Floss Waxed Expanding ata dentara cerata pentru gingii sensibile Pink 30 m"},"content":{"rendered":"<p>Biorepair Dental Floss Waxed Expanding, 30 m, \u00cengrijire interdentar\u0103 unisex, A\u021ba dentar\u0103 Biorepair Dental Floss Waxed Expanding este un accesoriu important al \u00eengrijirii interdentare. Combate bacteriile, acolo unde periu\u021ba de din\u021bi nu ajunge.  Caracteristici:  elimin\u0103 placa dentar\u0103 de sub linia gingiilor \u00eendep\u0103rteaz\u0103 resturile alimentare \u00eemprosp\u0103teaz\u0103 respira\u021bia  Cum se utilizeaz\u0103: Se utilizeaz\u0103 dup\u0103 periajul normal al din\u021bilor, pentru cur\u0103\u021barea spatiilor interdentare sau dup\u0103 mas\u0103, pentru \u00eendep\u0103rtarea resturilor alimentare blocate \u00eentre din\u021bi.<\/p>\n","protected":false},"excerpt":{"rendered":"<p>Biorepair Dental Floss Waxed Expanding, 30 m, \u00cengrijire interdentar\u0103 unisex, A\u021ba dentar\u0103 Biorepair Dental Floss Waxed Expanding este un accesoriu important al \u00eengrijirii interdentare. Combate bacteriile, acolo unde periu\u021ba de din\u021bi nu ajunge. Caracteristici: elimin\u0103 placa dentar\u0103 de sub linia gingiilor \u00eendep\u0103rteaz\u0103 resturile alimentare \u00eemprosp\u0103teaz\u0103 respira\u021bia Cum se utilizeaz\u0103: Se utilizeaz\u0103 dup\u0103 periajul normal al&#8230;<\/p>\n","protected":false},"featured_media":487137,"comment_status":"closed","ping_status":"open","template":"","meta":{"_acf_changed":false,"_kadence_starter_templates_imported_post":false,"_kad_post_transparent":"","_kad_post_title":"","_kad_post_layout":"","_kad_post_sidebar_id":"","_kad_post_content_style":"","_kad_post_vertical_padding":"","_kad_post_feature":"","_kad_post_feature_position":"","_kad_post_header":false,"_kad_post_footer":false,"_kad_post_classname":""},"product_brand":[2243],"product_cat":[2072,1605,1563,1562],"product_tag":[],"class_list":{"0":"post-484194","1":"product","2":"type-product","3":"status-publish","4":"has-post-thumbnail","6":"product_brand-biorepair","7":"product_cat-ata-dentara","8":"product_cat-ingrijire-orala","9":"product_cat-ingrijire-personala","10":"product_cat-sanatate-si-frumusete","11":"pa_gen-unisex","12":"pa_marime-30-m","14":"first","15":"instock","16":"sale","17":"product-type-external","18":"entry","19":"content-bg","20":"loop-entry"},"acf":[],"yoast_head":"<!-- This site is optimized with the Yoast SEO plugin v27.4 - https:\/\/yoast.com\/product\/yoast-seo-wordpress\/ -->\n<title>Biorepair Dental Floss Waxed Expanding ata dentara cerata pentru gingii sensibile Pink 30 m - SHOPATOA.COM<\/title>\n<meta name=\"robots\" content=\"index, follow, max-snippet:-1, max-image-preview:large, max-video-preview:-1\" \/>\n<link rel=\"canonical\" href=\"https:\/\/shopatoa.com\/ro\/biorepair-dental-floss-waxed-expanding-ata-dentara-cerata-pentru-gingii-sensibile-pink-30-m\/\" \/>\n<meta property=\"og:locale\" content=\"ro_RO\" \/>\n<meta property=\"og:type\" content=\"article\" \/>\n<meta property=\"og:title\" content=\"Biorepair Dental Floss Waxed Expanding ata dentara cerata pentru gingii sensibile Pink 30 m - SHOPATOA.COM\" \/>\n<meta property=\"og:description\" content=\"Biorepair Dental Floss Waxed Expanding, 30 m, \u00cengrijire interdentar\u0103 unisex, A\u021ba dentar\u0103 Biorepair Dental Floss Waxed Expanding este un accesoriu important al \u00eengrijirii interdentare. Combate bacteriile, acolo unde periu\u021ba de din\u021bi nu ajunge. Caracteristici: elimin\u0103 placa dentar\u0103 de sub linia gingiilor \u00eendep\u0103rteaz\u0103 resturile alimentare \u00eemprosp\u0103teaz\u0103 respira\u021bia Cum se utilizeaz\u0103: Se utilizeaz\u0103 dup\u0103 periajul normal al...\" \/>\n<meta property=\"og:url\" content=\"https:\/\/shopatoa.com\/ro\/biorepair-dental-floss-waxed-expanding-ata-dentara-cerata-pentru-gingii-sensibile-pink-30-m\/\" \/>\n<meta property=\"og:site_name\" content=\"SHOPATOA\" \/>\n<meta property=\"article:modified_time\" content=\"2025-12-14T09:32:56+00:00\" \/>\n<meta property=\"og:image\" content=\"https:\/\/storage.googleapis.com\/cz-shopatoa-img\/ro\/d9aecc13-unnamed-file.webp\" \/>\n\t<meta property=\"og:image:width\" content=\"800\" \/>\n\t<meta property=\"og:image:height\" content=\"800\" \/>\n\t<meta property=\"og:image:type\" content=\"image\/webp\" \/>\n<meta name=\"twitter:card\" content=\"summary_large_image\" \/>\n<script type=\"application\/ld+json\" class=\"yoast-schema-graph\">{\"@context\":\"https:\\\/\\\/schema.org\",\"@graph\":[{\"@type\":\"WebPage\",\"@id\":\"https:\\\/\\\/shopatoa.com\\\/ro\\\/biorepair-dental-floss-waxed-expanding-ata-dentara-cerata-pentru-gingii-sensibile-pink-30-m\\\/\",\"url\":\"https:\\\/\\\/shopatoa.com\\\/ro\\\/biorepair-dental-floss-waxed-expanding-ata-dentara-cerata-pentru-gingii-sensibile-pink-30-m\\\/\",\"name\":\"Biorepair Dental Floss Waxed Expanding ata dentara cerata pentru gingii sensibile Pink 30 m - SHOPATOA.COM\",\"isPartOf\":{\"@id\":\"https:\\\/\\\/shopatoa.com\\\/ro\\\/#website\"},\"primaryImageOfPage\":{\"@id\":\"https:\\\/\\\/shopatoa.com\\\/ro\\\/biorepair-dental-floss-waxed-expanding-ata-dentara-cerata-pentru-gingii-sensibile-pink-30-m\\\/#primaryimage\"},\"image\":{\"@id\":\"https:\\\/\\\/shopatoa.com\\\/ro\\\/biorepair-dental-floss-waxed-expanding-ata-dentara-cerata-pentru-gingii-sensibile-pink-30-m\\\/#primaryimage\"},\"thumbnailUrl\":\"https:\\\/\\\/storage.googleapis.com\\\/cz-shopatoa-img\\\/ro\\\/d9aecc13-unnamed-file.webp\",\"datePublished\":\"2025-06-29T17:00:17+00:00\",\"dateModified\":\"2025-12-14T09:32:56+00:00\",\"breadcrumb\":{\"@id\":\"https:\\\/\\\/shopatoa.com\\\/ro\\\/biorepair-dental-floss-waxed-expanding-ata-dentara-cerata-pentru-gingii-sensibile-pink-30-m\\\/#breadcrumb\"},\"inLanguage\":\"ro-RO\",\"potentialAction\":[{\"@type\":\"ReadAction\",\"target\":[\"https:\\\/\\\/shopatoa.com\\\/ro\\\/biorepair-dental-floss-waxed-expanding-ata-dentara-cerata-pentru-gingii-sensibile-pink-30-m\\\/\"]}]},{\"@type\":\"ImageObject\",\"inLanguage\":\"ro-RO\",\"@id\":\"https:\\\/\\\/shopatoa.com\\\/ro\\\/biorepair-dental-floss-waxed-expanding-ata-dentara-cerata-pentru-gingii-sensibile-pink-30-m\\\/#primaryimage\",\"url\":\"https:\\\/\\\/storage.googleapis.com\\\/cz-shopatoa-img\\\/ro\\\/d9aecc13-unnamed-file.webp\",\"contentUrl\":\"https:\\\/\\\/storage.googleapis.com\\\/cz-shopatoa-img\\\/ro\\\/d9aecc13-unnamed-file.webp\",\"width\":800,\"height\":800},{\"@type\":\"BreadcrumbList\",\"@id\":\"https:\\\/\\\/shopatoa.com\\\/ro\\\/biorepair-dental-floss-waxed-expanding-ata-dentara-cerata-pentru-gingii-sensibile-pink-30-m\\\/#breadcrumb\",\"itemListElement\":[{\"@type\":\"ListItem\",\"position\":1,\"name\":\"Dom\u016f\",\"item\":\"https:\\\/\\\/shopatoa.com\\\/ro\\\/\"},{\"@type\":\"ListItem\",\"position\":2,\"name\":\"Shop\",\"item\":\"https:\\\/\\\/shopatoa.com\\\/ro\\\/shop\\\/\"},{\"@type\":\"ListItem\",\"position\":3,\"name\":\"S\u0103n\u0103tate \u0219i frumuse\u021be\",\"item\":\"https:\\\/\\\/shopatoa.com\\\/ro\\\/sanatate-si-frumusete\\\/\"},{\"@type\":\"ListItem\",\"position\":4,\"name\":\"\u00cengrijire personal\u0103\",\"item\":\"https:\\\/\\\/shopatoa.com\\\/ro\\\/ingrijire-personala\\\/\"},{\"@type\":\"ListItem\",\"position\":5,\"name\":\"\u00cengrijire oral\u0103\",\"item\":\"https:\\\/\\\/shopatoa.com\\\/ro\\\/ingrijire-orala\\\/\"},{\"@type\":\"ListItem\",\"position\":6,\"name\":\"A\u021b\u0103 dentar\u0103\",\"item\":\"https:\\\/\\\/shopatoa.com\\\/ro\\\/ata-dentara\\\/\"},{\"@type\":\"ListItem\",\"position\":7,\"name\":\"Biorepair Dental Floss Waxed Expanding ata dentara cerata pentru gingii sensibile Pink 30 m\"}]},{\"@type\":\"WebSite\",\"@id\":\"https:\\\/\\\/shopatoa.com\\\/ro\\\/#website\",\"url\":\"https:\\\/\\\/shopatoa.com\\\/ro\\\/\",\"name\":\"SHOPATOA\",\"description\":\"\",\"publisher\":{\"@id\":\"https:\\\/\\\/shopatoa.com\\\/ro\\\/#organization\"},\"potentialAction\":[{\"@type\":\"SearchAction\",\"target\":{\"@type\":\"EntryPoint\",\"urlTemplate\":\"https:\\\/\\\/shopatoa.com\\\/ro\\\/?s={search_term_string}\"},\"query-input\":{\"@type\":\"PropertyValueSpecification\",\"valueRequired\":true,\"valueName\":\"search_term_string\"}}],\"inLanguage\":\"ro-RO\"},{\"@type\":\"Organization\",\"@id\":\"https:\\\/\\\/shopatoa.com\\\/ro\\\/#organization\",\"name\":\"SHOPATOA\",\"url\":\"https:\\\/\\\/shopatoa.com\\\/ro\\\/\",\"logo\":{\"@type\":\"ImageObject\",\"inLanguage\":\"ro-RO\",\"@id\":\"https:\\\/\\\/shopatoa.com\\\/ro\\\/#\\\/schema\\\/logo\\\/image\\\/\",\"url\":\"https:\\\/\\\/storage.googleapis.com\\\/cz-shopatoa-img\\\/ro\\\/b4dac915-shopatoa_logo.png\",\"contentUrl\":\"https:\\\/\\\/storage.googleapis.com\\\/cz-shopatoa-img\\\/ro\\\/b4dac915-shopatoa_logo.png\",\"width\":416,\"height\":63,\"caption\":\"SHOPATOA\"},\"image\":{\"@id\":\"https:\\\/\\\/shopatoa.com\\\/ro\\\/#\\\/schema\\\/logo\\\/image\\\/\"}}]}<\/script>\n<!-- \/ Yoast SEO plugin. -->","yoast_head_json":{"title":"Biorepair Dental Floss Waxed Expanding ata dentara cerata pentru gingii sensibile Pink 30 m - SHOPATOA.COM","robots":{"index":"index","follow":"follow","max-snippet":"max-snippet:-1","max-image-preview":"max-image-preview:large","max-video-preview":"max-video-preview:-1"},"canonical":"https:\/\/shopatoa.com\/ro\/biorepair-dental-floss-waxed-expanding-ata-dentara-cerata-pentru-gingii-sensibile-pink-30-m\/","og_locale":"ro_RO","og_type":"article","og_title":"Biorepair Dental Floss Waxed Expanding ata dentara cerata pentru gingii sensibile Pink 30 m - SHOPATOA.COM","og_description":"Biorepair Dental Floss Waxed Expanding, 30 m, \u00cengrijire interdentar\u0103 unisex, A\u021ba dentar\u0103 Biorepair Dental Floss Waxed Expanding este un accesoriu important al \u00eengrijirii interdentare. Combate bacteriile, acolo unde periu\u021ba de din\u021bi nu ajunge. Caracteristici: elimin\u0103 placa dentar\u0103 de sub linia gingiilor \u00eendep\u0103rteaz\u0103 resturile alimentare \u00eemprosp\u0103teaz\u0103 respira\u021bia Cum se utilizeaz\u0103: Se utilizeaz\u0103 dup\u0103 periajul normal al...","og_url":"https:\/\/shopatoa.com\/ro\/biorepair-dental-floss-waxed-expanding-ata-dentara-cerata-pentru-gingii-sensibile-pink-30-m\/","og_site_name":"SHOPATOA","article_modified_time":"2025-12-14T09:32:56+00:00","og_image":[{"width":800,"height":800,"url":"https:\/\/storage.googleapis.com\/cz-shopatoa-img\/ro\/d9aecc13-unnamed-file.webp","type":"image\/webp"}],"twitter_card":"summary_large_image","schema":{"@context":"https:\/\/schema.org","@graph":[{"@type":"WebPage","@id":"https:\/\/shopatoa.com\/ro\/biorepair-dental-floss-waxed-expanding-ata-dentara-cerata-pentru-gingii-sensibile-pink-30-m\/","url":"https:\/\/shopatoa.com\/ro\/biorepair-dental-floss-waxed-expanding-ata-dentara-cerata-pentru-gingii-sensibile-pink-30-m\/","name":"Biorepair Dental Floss Waxed Expanding ata dentara cerata pentru gingii sensibile Pink 30 m - SHOPATOA.COM","isPartOf":{"@id":"https:\/\/shopatoa.com\/ro\/#website"},"primaryImageOfPage":{"@id":"https:\/\/shopatoa.com\/ro\/biorepair-dental-floss-waxed-expanding-ata-dentara-cerata-pentru-gingii-sensibile-pink-30-m\/#primaryimage"},"image":{"@id":"https:\/\/shopatoa.com\/ro\/biorepair-dental-floss-waxed-expanding-ata-dentara-cerata-pentru-gingii-sensibile-pink-30-m\/#primaryimage"},"thumbnailUrl":"https:\/\/storage.googleapis.com\/cz-shopatoa-img\/ro\/d9aecc13-unnamed-file.webp","datePublished":"2025-06-29T17:00:17+00:00","dateModified":"2025-12-14T09:32:56+00:00","breadcrumb":{"@id":"https:\/\/shopatoa.com\/ro\/biorepair-dental-floss-waxed-expanding-ata-dentara-cerata-pentru-gingii-sensibile-pink-30-m\/#breadcrumb"},"inLanguage":"ro-RO","potentialAction":[{"@type":"ReadAction","target":["https:\/\/shopatoa.com\/ro\/biorepair-dental-floss-waxed-expanding-ata-dentara-cerata-pentru-gingii-sensibile-pink-30-m\/"]}]},{"@type":"ImageObject","inLanguage":"ro-RO","@id":"https:\/\/shopatoa.com\/ro\/biorepair-dental-floss-waxed-expanding-ata-dentara-cerata-pentru-gingii-sensibile-pink-30-m\/#primaryimage","url":"https:\/\/storage.googleapis.com\/cz-shopatoa-img\/ro\/d9aecc13-unnamed-file.webp","contentUrl":"https:\/\/storage.googleapis.com\/cz-shopatoa-img\/ro\/d9aecc13-unnamed-file.webp","width":800,"height":800},{"@type":"BreadcrumbList","@id":"https:\/\/shopatoa.com\/ro\/biorepair-dental-floss-waxed-expanding-ata-dentara-cerata-pentru-gingii-sensibile-pink-30-m\/#breadcrumb","itemListElement":[{"@type":"ListItem","position":1,"name":"Dom\u016f","item":"https:\/\/shopatoa.com\/ro\/"},{"@type":"ListItem","position":2,"name":"Shop","item":"https:\/\/shopatoa.com\/ro\/shop\/"},{"@type":"ListItem","position":3,"name":"S\u0103n\u0103tate \u0219i frumuse\u021be","item":"https:\/\/shopatoa.com\/ro\/sanatate-si-frumusete\/"},{"@type":"ListItem","position":4,"name":"\u00cengrijire personal\u0103","item":"https:\/\/shopatoa.com\/ro\/ingrijire-personala\/"},{"@type":"ListItem","position":5,"name":"\u00cengrijire oral\u0103","item":"https:\/\/shopatoa.com\/ro\/ingrijire-orala\/"},{"@type":"ListItem","position":6,"name":"A\u021b\u0103 dentar\u0103","item":"https:\/\/shopatoa.com\/ro\/ata-dentara\/"},{"@type":"ListItem","position":7,"name":"Biorepair Dental Floss Waxed Expanding ata dentara cerata pentru gingii sensibile Pink 30 m"}]},{"@type":"WebSite","@id":"https:\/\/shopatoa.com\/ro\/#website","url":"https:\/\/shopatoa.com\/ro\/","name":"SHOPATOA","description":"","publisher":{"@id":"https:\/\/shopatoa.com\/ro\/#organization"},"potentialAction":[{"@type":"SearchAction","target":{"@type":"EntryPoint","urlTemplate":"https:\/\/shopatoa.com\/ro\/?s={search_term_string}"},"query-input":{"@type":"PropertyValueSpecification","valueRequired":true,"valueName":"search_term_string"}}],"inLanguage":"ro-RO"},{"@type":"Organization","@id":"https:\/\/shopatoa.com\/ro\/#organization","name":"SHOPATOA","url":"https:\/\/shopatoa.com\/ro\/","logo":{"@type":"ImageObject","inLanguage":"ro-RO","@id":"https:\/\/shopatoa.com\/ro\/#\/schema\/logo\/image\/","url":"https:\/\/storage.googleapis.com\/cz-shopatoa-img\/ro\/b4dac915-shopatoa_logo.png","contentUrl":"https:\/\/storage.googleapis.com\/cz-shopatoa-img\/ro\/b4dac915-shopatoa_logo.png","width":416,"height":63,"caption":"SHOPATOA"},"image":{"@id":"https:\/\/shopatoa.com\/ro\/#\/schema\/logo\/image\/"}}]}},"_links":{"self":[{"href":"https:\/\/shopatoa.com\/ro\/wp-json\/wp\/v2\/product\/484194","targetHints":{"allow":["GET"]}}],"collection":[{"href":"https:\/\/shopatoa.com\/ro\/wp-json\/wp\/v2\/product"}],"about":[{"href":"https:\/\/shopatoa.com\/ro\/wp-json\/wp\/v2\/types\/product"}],"replies":[{"embeddable":true,"href":"https:\/\/shopatoa.com\/ro\/wp-json\/wp\/v2\/comments?post=484194"}],"wp:featuredmedia":[{"embeddable":true,"href":"https:\/\/shopatoa.com\/ro\/wp-json\/wp\/v2\/media\/487137"}],"wp:attachment":[{"href":"https:\/\/shopatoa.com\/ro\/wp-json\/wp\/v2\/media?parent=484194"}],"wp:term":[{"taxonomy":"product_brand","embeddable":true,"href":"https:\/\/shopatoa.com\/ro\/wp-json\/wp\/v2\/product_brand?post=484194"},{"taxonomy":"product_cat","embeddable":true,"href":"https:\/\/shopatoa.com\/ro\/wp-json\/wp\/v2\/product_cat?post=484194"},{"taxonomy":"product_tag","embeddable":true,"href":"https:\/\/shopatoa.com\/ro\/wp-json\/wp\/v2\/product_tag?post=484194"}],"curies":[{"name":"wp","href":"https:\/\/api.w.org\/{rel}","templated":true}]}}