{"id":484276,"date":"2025-06-29T19:12:38","date_gmt":"2025-06-29T17:12:38","guid":{"rendered":"https:\/\/shopatoa.com\/ro\/dukas-premium-line-solingen-126-set-de-manichiura-red\/"},"modified":"2025-07-01T20:56:04","modified_gmt":"2025-07-01T18:56:04","slug":"dukas-premium-line-solingen-126-set-de-manichiura-red","status":"publish","type":"product","link":"https:\/\/shopatoa.com\/ro\/dukas-premium-line-solingen-126-set-de-manichiura-red\/","title":{"rendered":"DuKaS Premium Line Solingen 126 Set de manichiur\u0103 Red"},"content":{"rendered":"<p>DuKaS Premium Line Solingen 126, 6 buc, Manichiur\u0103 \u0219i pile de unghii pentru femei, Extinde\u021bi op\u021biunile de \u00eengrijire perfect\u0103 a unghiilor. Produsul DuKaS Premium Line Solingen 126 v\u0103 va ajuta cu manichiura acas\u0103 \u2013 v\u0103 va \u00eembun\u0103t\u0103\u021bi rutina \u0219i va completa perfect instrumentele sau produsele cosmetice pe care le folosi\u021bi deja. Va avea grij\u0103 ca unghiile dvs. s\u0103 aib\u0103 \u00eentotdeauna o form\u0103 perfect\u0103 \u0219i un aspect \u00eengrijit, pentru ca m\u00e2inile dvs. s\u0103 fie \u0219i mai frumoase.  Setul con\u021bine:  forfecuta pentru unghii 1 buc foarfeca pentru cuticule 1 buc Pila de unghii safir 8 cm Un instrument pentru \u00eempingerea \u0219i \u00eendep\u0103rtarea cuticul\u0103 de unghii 1 buc furculi\u021b\u0103 pentru cuticule 1 buc pensete cu varfurile tesite 1 buc  Caracteristici:  pentru m\u00e2ini perfect \u00eengrijite bucur\u0103 orice femeie accesoriul ideal pentru o manichiur\u0103 perfect\u0103  Cum se utilizeaz\u0103: Se utilizeaz\u0103 dup\u0103 cum este necesar.<\/p>\n","protected":false},"excerpt":{"rendered":"<p>DuKaS Premium Line Solingen 126, 6 buc, Manichiur\u0103 \u0219i pile de unghii pentru femei, Extinde\u021bi op\u021biunile de \u00eengrijire perfect\u0103 a unghiilor. Produsul DuKaS Premium Line Solingen 126 v\u0103 va ajuta cu manichiura acas\u0103 \u2013 v\u0103 va \u00eembun\u0103t\u0103\u021bi rutina \u0219i va completa perfect instrumentele sau produsele cosmetice pe care le folosi\u021bi deja. Va avea grij\u0103 ca&#8230;<\/p>\n","protected":false},"featured_media":487215,"comment_status":"closed","ping_status":"open","template":"","meta":{"_acf_changed":false,"_kadence_starter_templates_imported_post":false,"_kad_post_transparent":"","_kad_post_title":"","_kad_post_layout":"","_kad_post_sidebar_id":"","_kad_post_content_style":"","_kad_post_vertical_padding":"","_kad_post_feature":"","_kad_post_feature_position":"","_kad_post_header":false,"_kad_post_footer":false,"_kad_post_classname":""},"product_brand":[252],"product_cat":[1564,1563,1581,1562],"product_tag":[],"class_list":{"0":"post-484276","1":"product","2":"type-product","3":"status-publish","4":"has-post-thumbnail","6":"product_brand-dukas","7":"product_cat-cosmetice-ingrijire-personala","8":"product_cat-ingrijire-personala","9":"product_cat-ingrijirea-unghiilor","10":"product_cat-sanatate-si-frumusete","11":"pa_gen-female","12":"pa_marime-6-buc","14":"first","15":"instock","16":"sale","17":"product-type-external","18":"entry","19":"content-bg","20":"loop-entry"},"acf":[],"yoast_head":"<!-- This site is optimized with the Yoast SEO plugin v27.4 - https:\/\/yoast.com\/product\/yoast-seo-wordpress\/ -->\n<title>DuKaS Premium Line Solingen 126 Set de manichiur\u0103 Red - SHOPATOA.COM<\/title>\n<meta name=\"robots\" content=\"index, follow, max-snippet:-1, max-image-preview:large, max-video-preview:-1\" \/>\n<link rel=\"canonical\" href=\"https:\/\/shopatoa.com\/ro\/dukas-premium-line-solingen-126-set-de-manichiura-red\/\" \/>\n<meta property=\"og:locale\" content=\"ro_RO\" \/>\n<meta property=\"og:type\" content=\"article\" \/>\n<meta property=\"og:title\" content=\"DuKaS Premium Line Solingen 126 Set de manichiur\u0103 Red - SHOPATOA.COM\" \/>\n<meta property=\"og:description\" content=\"DuKaS Premium Line Solingen 126, 6 buc, Manichiur\u0103 \u0219i pile de unghii pentru femei, Extinde\u021bi op\u021biunile de \u00eengrijire perfect\u0103 a unghiilor. Produsul DuKaS Premium Line Solingen 126 v\u0103 va ajuta cu manichiura acas\u0103 \u2013 v\u0103 va \u00eembun\u0103t\u0103\u021bi rutina \u0219i va completa perfect instrumentele sau produsele cosmetice pe care le folosi\u021bi deja. Va avea grij\u0103 ca...\" \/>\n<meta property=\"og:url\" content=\"https:\/\/shopatoa.com\/ro\/dukas-premium-line-solingen-126-set-de-manichiura-red\/\" \/>\n<meta property=\"og:site_name\" content=\"SHOPATOA\" \/>\n<meta property=\"article:modified_time\" content=\"2025-07-01T18:56:04+00:00\" \/>\n<meta property=\"og:image\" content=\"https:\/\/storage.googleapis.com\/cz-shopatoa-img\/ro\/5d45151d-unnamed-file.webp\" \/>\n\t<meta property=\"og:image:width\" content=\"800\" \/>\n\t<meta property=\"og:image:height\" content=\"800\" \/>\n\t<meta property=\"og:image:type\" content=\"image\/webp\" \/>\n<meta name=\"twitter:card\" content=\"summary_large_image\" \/>\n<meta name=\"twitter:label1\" content=\"Timp estimat pentru citire\" \/>\n\t<meta name=\"twitter:data1\" content=\"1 minut\" \/>\n<script type=\"application\/ld+json\" class=\"yoast-schema-graph\">{\"@context\":\"https:\\\/\\\/schema.org\",\"@graph\":[{\"@type\":\"WebPage\",\"@id\":\"https:\\\/\\\/shopatoa.com\\\/ro\\\/dukas-premium-line-solingen-126-set-de-manichiura-red\\\/\",\"url\":\"https:\\\/\\\/shopatoa.com\\\/ro\\\/dukas-premium-line-solingen-126-set-de-manichiura-red\\\/\",\"name\":\"DuKaS Premium Line Solingen 126 Set de manichiur\u0103 Red - SHOPATOA.COM\",\"isPartOf\":{\"@id\":\"https:\\\/\\\/shopatoa.com\\\/ro\\\/#website\"},\"primaryImageOfPage\":{\"@id\":\"https:\\\/\\\/shopatoa.com\\\/ro\\\/dukas-premium-line-solingen-126-set-de-manichiura-red\\\/#primaryimage\"},\"image\":{\"@id\":\"https:\\\/\\\/shopatoa.com\\\/ro\\\/dukas-premium-line-solingen-126-set-de-manichiura-red\\\/#primaryimage\"},\"thumbnailUrl\":\"https:\\\/\\\/storage.googleapis.com\\\/cz-shopatoa-img\\\/ro\\\/5d45151d-unnamed-file.webp\",\"datePublished\":\"2025-06-29T17:12:38+00:00\",\"dateModified\":\"2025-07-01T18:56:04+00:00\",\"breadcrumb\":{\"@id\":\"https:\\\/\\\/shopatoa.com\\\/ro\\\/dukas-premium-line-solingen-126-set-de-manichiura-red\\\/#breadcrumb\"},\"inLanguage\":\"ro-RO\",\"potentialAction\":[{\"@type\":\"ReadAction\",\"target\":[\"https:\\\/\\\/shopatoa.com\\\/ro\\\/dukas-premium-line-solingen-126-set-de-manichiura-red\\\/\"]}]},{\"@type\":\"ImageObject\",\"inLanguage\":\"ro-RO\",\"@id\":\"https:\\\/\\\/shopatoa.com\\\/ro\\\/dukas-premium-line-solingen-126-set-de-manichiura-red\\\/#primaryimage\",\"url\":\"https:\\\/\\\/storage.googleapis.com\\\/cz-shopatoa-img\\\/ro\\\/5d45151d-unnamed-file.webp\",\"contentUrl\":\"https:\\\/\\\/storage.googleapis.com\\\/cz-shopatoa-img\\\/ro\\\/5d45151d-unnamed-file.webp\",\"width\":800,\"height\":800},{\"@type\":\"BreadcrumbList\",\"@id\":\"https:\\\/\\\/shopatoa.com\\\/ro\\\/dukas-premium-line-solingen-126-set-de-manichiura-red\\\/#breadcrumb\",\"itemListElement\":[{\"@type\":\"ListItem\",\"position\":1,\"name\":\"Dom\u016f\",\"item\":\"https:\\\/\\\/shopatoa.com\\\/ro\\\/\"},{\"@type\":\"ListItem\",\"position\":2,\"name\":\"Shop\",\"item\":\"https:\\\/\\\/shopatoa.com\\\/ro\\\/shop\\\/\"},{\"@type\":\"ListItem\",\"position\":3,\"name\":\"S\u0103n\u0103tate \u0219i frumuse\u021be\",\"item\":\"https:\\\/\\\/shopatoa.com\\\/ro\\\/sanatate-si-frumusete\\\/\"},{\"@type\":\"ListItem\",\"position\":4,\"name\":\"\u00cengrijire personal\u0103\",\"item\":\"https:\\\/\\\/shopatoa.com\\\/ro\\\/ingrijire-personala\\\/\"},{\"@type\":\"ListItem\",\"position\":5,\"name\":\"Cosmetice\",\"item\":\"https:\\\/\\\/shopatoa.com\\\/ro\\\/cosmetice-ingrijire-personala\\\/\"},{\"@type\":\"ListItem\",\"position\":6,\"name\":\"\u00cengrijirea unghiilor\",\"item\":\"https:\\\/\\\/shopatoa.com\\\/ro\\\/ingrijirea-unghiilor\\\/\"},{\"@type\":\"ListItem\",\"position\":7,\"name\":\"DuKaS Premium Line Solingen 126 Set de manichiur\u0103 Red\"}]},{\"@type\":\"WebSite\",\"@id\":\"https:\\\/\\\/shopatoa.com\\\/ro\\\/#website\",\"url\":\"https:\\\/\\\/shopatoa.com\\\/ro\\\/\",\"name\":\"SHOPATOA\",\"description\":\"\",\"publisher\":{\"@id\":\"https:\\\/\\\/shopatoa.com\\\/ro\\\/#organization\"},\"potentialAction\":[{\"@type\":\"SearchAction\",\"target\":{\"@type\":\"EntryPoint\",\"urlTemplate\":\"https:\\\/\\\/shopatoa.com\\\/ro\\\/?s={search_term_string}\"},\"query-input\":{\"@type\":\"PropertyValueSpecification\",\"valueRequired\":true,\"valueName\":\"search_term_string\"}}],\"inLanguage\":\"ro-RO\"},{\"@type\":\"Organization\",\"@id\":\"https:\\\/\\\/shopatoa.com\\\/ro\\\/#organization\",\"name\":\"SHOPATOA\",\"url\":\"https:\\\/\\\/shopatoa.com\\\/ro\\\/\",\"logo\":{\"@type\":\"ImageObject\",\"inLanguage\":\"ro-RO\",\"@id\":\"https:\\\/\\\/shopatoa.com\\\/ro\\\/#\\\/schema\\\/logo\\\/image\\\/\",\"url\":\"https:\\\/\\\/storage.googleapis.com\\\/cz-shopatoa-img\\\/ro\\\/b4dac915-shopatoa_logo.png\",\"contentUrl\":\"https:\\\/\\\/storage.googleapis.com\\\/cz-shopatoa-img\\\/ro\\\/b4dac915-shopatoa_logo.png\",\"width\":416,\"height\":63,\"caption\":\"SHOPATOA\"},\"image\":{\"@id\":\"https:\\\/\\\/shopatoa.com\\\/ro\\\/#\\\/schema\\\/logo\\\/image\\\/\"}}]}<\/script>\n<!-- \/ Yoast SEO plugin. -->","yoast_head_json":{"title":"DuKaS Premium Line Solingen 126 Set de manichiur\u0103 Red - SHOPATOA.COM","robots":{"index":"index","follow":"follow","max-snippet":"max-snippet:-1","max-image-preview":"max-image-preview:large","max-video-preview":"max-video-preview:-1"},"canonical":"https:\/\/shopatoa.com\/ro\/dukas-premium-line-solingen-126-set-de-manichiura-red\/","og_locale":"ro_RO","og_type":"article","og_title":"DuKaS Premium Line Solingen 126 Set de manichiur\u0103 Red - SHOPATOA.COM","og_description":"DuKaS Premium Line Solingen 126, 6 buc, Manichiur\u0103 \u0219i pile de unghii pentru femei, Extinde\u021bi op\u021biunile de \u00eengrijire perfect\u0103 a unghiilor. Produsul DuKaS Premium Line Solingen 126 v\u0103 va ajuta cu manichiura acas\u0103 \u2013 v\u0103 va \u00eembun\u0103t\u0103\u021bi rutina \u0219i va completa perfect instrumentele sau produsele cosmetice pe care le folosi\u021bi deja. Va avea grij\u0103 ca...","og_url":"https:\/\/shopatoa.com\/ro\/dukas-premium-line-solingen-126-set-de-manichiura-red\/","og_site_name":"SHOPATOA","article_modified_time":"2025-07-01T18:56:04+00:00","og_image":[{"width":800,"height":800,"url":"https:\/\/storage.googleapis.com\/cz-shopatoa-img\/ro\/5d45151d-unnamed-file.webp","type":"image\/webp"}],"twitter_card":"summary_large_image","twitter_misc":{"Timp estimat pentru citire":"1 minut"},"schema":{"@context":"https:\/\/schema.org","@graph":[{"@type":"WebPage","@id":"https:\/\/shopatoa.com\/ro\/dukas-premium-line-solingen-126-set-de-manichiura-red\/","url":"https:\/\/shopatoa.com\/ro\/dukas-premium-line-solingen-126-set-de-manichiura-red\/","name":"DuKaS Premium Line Solingen 126 Set de manichiur\u0103 Red - SHOPATOA.COM","isPartOf":{"@id":"https:\/\/shopatoa.com\/ro\/#website"},"primaryImageOfPage":{"@id":"https:\/\/shopatoa.com\/ro\/dukas-premium-line-solingen-126-set-de-manichiura-red\/#primaryimage"},"image":{"@id":"https:\/\/shopatoa.com\/ro\/dukas-premium-line-solingen-126-set-de-manichiura-red\/#primaryimage"},"thumbnailUrl":"https:\/\/storage.googleapis.com\/cz-shopatoa-img\/ro\/5d45151d-unnamed-file.webp","datePublished":"2025-06-29T17:12:38+00:00","dateModified":"2025-07-01T18:56:04+00:00","breadcrumb":{"@id":"https:\/\/shopatoa.com\/ro\/dukas-premium-line-solingen-126-set-de-manichiura-red\/#breadcrumb"},"inLanguage":"ro-RO","potentialAction":[{"@type":"ReadAction","target":["https:\/\/shopatoa.com\/ro\/dukas-premium-line-solingen-126-set-de-manichiura-red\/"]}]},{"@type":"ImageObject","inLanguage":"ro-RO","@id":"https:\/\/shopatoa.com\/ro\/dukas-premium-line-solingen-126-set-de-manichiura-red\/#primaryimage","url":"https:\/\/storage.googleapis.com\/cz-shopatoa-img\/ro\/5d45151d-unnamed-file.webp","contentUrl":"https:\/\/storage.googleapis.com\/cz-shopatoa-img\/ro\/5d45151d-unnamed-file.webp","width":800,"height":800},{"@type":"BreadcrumbList","@id":"https:\/\/shopatoa.com\/ro\/dukas-premium-line-solingen-126-set-de-manichiura-red\/#breadcrumb","itemListElement":[{"@type":"ListItem","position":1,"name":"Dom\u016f","item":"https:\/\/shopatoa.com\/ro\/"},{"@type":"ListItem","position":2,"name":"Shop","item":"https:\/\/shopatoa.com\/ro\/shop\/"},{"@type":"ListItem","position":3,"name":"S\u0103n\u0103tate \u0219i frumuse\u021be","item":"https:\/\/shopatoa.com\/ro\/sanatate-si-frumusete\/"},{"@type":"ListItem","position":4,"name":"\u00cengrijire personal\u0103","item":"https:\/\/shopatoa.com\/ro\/ingrijire-personala\/"},{"@type":"ListItem","position":5,"name":"Cosmetice","item":"https:\/\/shopatoa.com\/ro\/cosmetice-ingrijire-personala\/"},{"@type":"ListItem","position":6,"name":"\u00cengrijirea unghiilor","item":"https:\/\/shopatoa.com\/ro\/ingrijirea-unghiilor\/"},{"@type":"ListItem","position":7,"name":"DuKaS Premium Line Solingen 126 Set de manichiur\u0103 Red"}]},{"@type":"WebSite","@id":"https:\/\/shopatoa.com\/ro\/#website","url":"https:\/\/shopatoa.com\/ro\/","name":"SHOPATOA","description":"","publisher":{"@id":"https:\/\/shopatoa.com\/ro\/#organization"},"potentialAction":[{"@type":"SearchAction","target":{"@type":"EntryPoint","urlTemplate":"https:\/\/shopatoa.com\/ro\/?s={search_term_string}"},"query-input":{"@type":"PropertyValueSpecification","valueRequired":true,"valueName":"search_term_string"}}],"inLanguage":"ro-RO"},{"@type":"Organization","@id":"https:\/\/shopatoa.com\/ro\/#organization","name":"SHOPATOA","url":"https:\/\/shopatoa.com\/ro\/","logo":{"@type":"ImageObject","inLanguage":"ro-RO","@id":"https:\/\/shopatoa.com\/ro\/#\/schema\/logo\/image\/","url":"https:\/\/storage.googleapis.com\/cz-shopatoa-img\/ro\/b4dac915-shopatoa_logo.png","contentUrl":"https:\/\/storage.googleapis.com\/cz-shopatoa-img\/ro\/b4dac915-shopatoa_logo.png","width":416,"height":63,"caption":"SHOPATOA"},"image":{"@id":"https:\/\/shopatoa.com\/ro\/#\/schema\/logo\/image\/"}}]}},"_links":{"self":[{"href":"https:\/\/shopatoa.com\/ro\/wp-json\/wp\/v2\/product\/484276","targetHints":{"allow":["GET"]}}],"collection":[{"href":"https:\/\/shopatoa.com\/ro\/wp-json\/wp\/v2\/product"}],"about":[{"href":"https:\/\/shopatoa.com\/ro\/wp-json\/wp\/v2\/types\/product"}],"replies":[{"embeddable":true,"href":"https:\/\/shopatoa.com\/ro\/wp-json\/wp\/v2\/comments?post=484276"}],"wp:featuredmedia":[{"embeddable":true,"href":"https:\/\/shopatoa.com\/ro\/wp-json\/wp\/v2\/media\/487215"}],"wp:attachment":[{"href":"https:\/\/shopatoa.com\/ro\/wp-json\/wp\/v2\/media?parent=484276"}],"wp:term":[{"taxonomy":"product_brand","embeddable":true,"href":"https:\/\/shopatoa.com\/ro\/wp-json\/wp\/v2\/product_brand?post=484276"},{"taxonomy":"product_cat","embeddable":true,"href":"https:\/\/shopatoa.com\/ro\/wp-json\/wp\/v2\/product_cat?post=484276"},{"taxonomy":"product_tag","embeddable":true,"href":"https:\/\/shopatoa.com\/ro\/wp-json\/wp\/v2\/product_tag?post=484276"}],"curies":[{"name":"wp","href":"https:\/\/api.w.org\/{rel}","templated":true}]}}