{"id":484361,"date":"2025-06-29T19:25:14","date_gmt":"2025-06-29T17:25:14","guid":{"rendered":"https:\/\/shopatoa.com\/ro\/orientana-golden-ginseng-crema-bb-spf-30-medium-30-ml\/"},"modified":"2025-12-14T09:03:35","modified_gmt":"2025-12-14T08:03:35","slug":"orientana-golden-ginseng-crema-bb-spf-30-medium-30-ml","status":"publish","type":"product","link":"https:\/\/shopatoa.com\/ro\/orientana-golden-ginseng-crema-bb-spf-30-medium-30-ml\/","title":{"rendered":"Orientana Golden Ginseng crema BB SPF 30 Medium 30 ml"},"content":{"rendered":"<p>Orientana Golden Ginseng, 30 ml, crema tonifianta pentru femei, C\u0103uta\u021bi un produs care s\u0103 ofere tenului dvs. at\u00e2t un aspect instantaneu mai frumos, c\u00e2t \u0219i \u00eengrijire suficient\u0103 \u00eentr-un singur pas? Produsul nuan\u021bator Orientana Golden Ginseng va fi perfect pentru dvs., \u00eentruc\u00e2t combin\u0103 beneficiile produselor cosmetice decorative \u0219i ale celor de \u00eengrijire. Ofer\u0103 tenului dvs. doza necesar\u0103 de hidratare, \u00een timp ce mascheaz\u0103 orice imperfec\u021biune \u0219i uniformizeaz\u0103 nuan\u021ba.  Caracteristici:  uniformizeaz\u0103 culoarea pielii confer\u0103 un look natural ofer\u0103 pielii hidratarea necesar\u0103 ofer\u0103 protec\u021bie \u00eempotriva razelor solare acoper\u0103 imperfec\u021biunile minore ale pielii  Ingrediente:  con\u021bine cel pu\u021bin 90 % ingrediente de origine natural\u0103  Cum se utilizeaz\u0103: Se aplic\u0103 diminea\u021ba pe tenul curat \u0219i se \u00eentinde uniform.<\/p>\n","protected":false},"excerpt":{"rendered":"<p>Orientana Golden Ginseng, 30 ml, crema tonifianta pentru femei, C\u0103uta\u021bi un produs care s\u0103 ofere tenului dvs. at\u00e2t un aspect instantaneu mai frumos, c\u00e2t \u0219i \u00eengrijire suficient\u0103 \u00eentr-un singur pas? Produsul nuan\u021bator Orientana Golden Ginseng va fi perfect pentru dvs., \u00eentruc\u00e2t combin\u0103 beneficiile produselor cosmetice decorative \u0219i ale celor de \u00eengrijire. Ofer\u0103 tenului dvs. doza&#8230;<\/p>\n","protected":false},"featured_media":487296,"comment_status":"closed","ping_status":"open","template":"","meta":{"_acf_changed":false,"_kadence_starter_templates_imported_post":false,"_kad_post_transparent":"","_kad_post_title":"","_kad_post_layout":"","_kad_post_sidebar_id":"","_kad_post_content_style":"","_kad_post_vertical_padding":"","_kad_post_feature":"","_kad_post_feature_position":"","_kad_post_header":false,"_kad_post_footer":false,"_kad_post_classname":""},"product_brand":[1830],"product_cat":[1564,1563,1565,1562],"product_tag":[],"class_list":{"0":"post-484361","1":"product","2":"type-product","3":"status-publish","4":"has-post-thumbnail","6":"product_brand-orientana","7":"product_cat-cosmetice-ingrijire-personala","8":"product_cat-ingrijire-personala","9":"product_cat-ingrijirea-pielii","10":"product_cat-sanatate-si-frumusete","11":"pa_gen-female","12":"pa_marime-30-ml","14":"first","15":"instock","16":"sale","17":"product-type-external","18":"entry","19":"content-bg","20":"loop-entry"},"acf":[],"yoast_head":"<!-- This site is optimized with the Yoast SEO plugin v27.4 - https:\/\/yoast.com\/product\/yoast-seo-wordpress\/ -->\n<title>Orientana Golden Ginseng crema BB SPF 30 Medium 30 ml - SHOPATOA.COM<\/title>\n<meta name=\"robots\" content=\"index, follow, max-snippet:-1, max-image-preview:large, max-video-preview:-1\" \/>\n<link rel=\"canonical\" href=\"https:\/\/shopatoa.com\/ro\/orientana-golden-ginseng-crema-bb-spf-30-medium-30-ml\/\" \/>\n<meta property=\"og:locale\" content=\"ro_RO\" \/>\n<meta property=\"og:type\" content=\"article\" \/>\n<meta property=\"og:title\" content=\"Orientana Golden Ginseng crema BB SPF 30 Medium 30 ml - SHOPATOA.COM\" \/>\n<meta property=\"og:description\" content=\"Orientana Golden Ginseng, 30 ml, crema tonifianta pentru femei, C\u0103uta\u021bi un produs care s\u0103 ofere tenului dvs. at\u00e2t un aspect instantaneu mai frumos, c\u00e2t \u0219i \u00eengrijire suficient\u0103 \u00eentr-un singur pas? Produsul nuan\u021bator Orientana Golden Ginseng va fi perfect pentru dvs., \u00eentruc\u00e2t combin\u0103 beneficiile produselor cosmetice decorative \u0219i ale celor de \u00eengrijire. Ofer\u0103 tenului dvs. doza...\" \/>\n<meta property=\"og:url\" content=\"https:\/\/shopatoa.com\/ro\/orientana-golden-ginseng-crema-bb-spf-30-medium-30-ml\/\" \/>\n<meta property=\"og:site_name\" content=\"SHOPATOA\" \/>\n<meta property=\"article:modified_time\" content=\"2025-12-14T08:03:35+00:00\" \/>\n<meta property=\"og:image\" content=\"https:\/\/storage.googleapis.com\/cz-shopatoa-img\/ro\/a1d1f1ea-unnamed-file.webp\" \/>\n\t<meta property=\"og:image:width\" content=\"800\" \/>\n\t<meta property=\"og:image:height\" content=\"800\" \/>\n\t<meta property=\"og:image:type\" content=\"image\/webp\" \/>\n<meta name=\"twitter:card\" content=\"summary_large_image\" \/>\n<meta name=\"twitter:label1\" content=\"Timp estimat pentru citire\" \/>\n\t<meta name=\"twitter:data1\" content=\"1 minut\" \/>\n<script type=\"application\/ld+json\" class=\"yoast-schema-graph\">{\"@context\":\"https:\\\/\\\/schema.org\",\"@graph\":[{\"@type\":\"WebPage\",\"@id\":\"https:\\\/\\\/shopatoa.com\\\/ro\\\/orientana-golden-ginseng-crema-bb-spf-30-medium-30-ml\\\/\",\"url\":\"https:\\\/\\\/shopatoa.com\\\/ro\\\/orientana-golden-ginseng-crema-bb-spf-30-medium-30-ml\\\/\",\"name\":\"Orientana Golden Ginseng crema BB SPF 30 Medium 30 ml - SHOPATOA.COM\",\"isPartOf\":{\"@id\":\"https:\\\/\\\/shopatoa.com\\\/ro\\\/#website\"},\"primaryImageOfPage\":{\"@id\":\"https:\\\/\\\/shopatoa.com\\\/ro\\\/orientana-golden-ginseng-crema-bb-spf-30-medium-30-ml\\\/#primaryimage\"},\"image\":{\"@id\":\"https:\\\/\\\/shopatoa.com\\\/ro\\\/orientana-golden-ginseng-crema-bb-spf-30-medium-30-ml\\\/#primaryimage\"},\"thumbnailUrl\":\"https:\\\/\\\/storage.googleapis.com\\\/cz-shopatoa-img\\\/ro\\\/a1d1f1ea-unnamed-file.webp\",\"datePublished\":\"2025-06-29T17:25:14+00:00\",\"dateModified\":\"2025-12-14T08:03:35+00:00\",\"breadcrumb\":{\"@id\":\"https:\\\/\\\/shopatoa.com\\\/ro\\\/orientana-golden-ginseng-crema-bb-spf-30-medium-30-ml\\\/#breadcrumb\"},\"inLanguage\":\"ro-RO\",\"potentialAction\":[{\"@type\":\"ReadAction\",\"target\":[\"https:\\\/\\\/shopatoa.com\\\/ro\\\/orientana-golden-ginseng-crema-bb-spf-30-medium-30-ml\\\/\"]}]},{\"@type\":\"ImageObject\",\"inLanguage\":\"ro-RO\",\"@id\":\"https:\\\/\\\/shopatoa.com\\\/ro\\\/orientana-golden-ginseng-crema-bb-spf-30-medium-30-ml\\\/#primaryimage\",\"url\":\"https:\\\/\\\/storage.googleapis.com\\\/cz-shopatoa-img\\\/ro\\\/a1d1f1ea-unnamed-file.webp\",\"contentUrl\":\"https:\\\/\\\/storage.googleapis.com\\\/cz-shopatoa-img\\\/ro\\\/a1d1f1ea-unnamed-file.webp\",\"width\":800,\"height\":800},{\"@type\":\"BreadcrumbList\",\"@id\":\"https:\\\/\\\/shopatoa.com\\\/ro\\\/orientana-golden-ginseng-crema-bb-spf-30-medium-30-ml\\\/#breadcrumb\",\"itemListElement\":[{\"@type\":\"ListItem\",\"position\":1,\"name\":\"Dom\u016f\",\"item\":\"https:\\\/\\\/shopatoa.com\\\/ro\\\/\"},{\"@type\":\"ListItem\",\"position\":2,\"name\":\"Shop\",\"item\":\"https:\\\/\\\/shopatoa.com\\\/ro\\\/shop\\\/\"},{\"@type\":\"ListItem\",\"position\":3,\"name\":\"S\u0103n\u0103tate \u0219i frumuse\u021be\",\"item\":\"https:\\\/\\\/shopatoa.com\\\/ro\\\/sanatate-si-frumusete\\\/\"},{\"@type\":\"ListItem\",\"position\":4,\"name\":\"\u00cengrijire personal\u0103\",\"item\":\"https:\\\/\\\/shopatoa.com\\\/ro\\\/ingrijire-personala\\\/\"},{\"@type\":\"ListItem\",\"position\":5,\"name\":\"Cosmetice\",\"item\":\"https:\\\/\\\/shopatoa.com\\\/ro\\\/cosmetice-ingrijire-personala\\\/\"},{\"@type\":\"ListItem\",\"position\":6,\"name\":\"\u00cengrijirea pielii\",\"item\":\"https:\\\/\\\/shopatoa.com\\\/ro\\\/ingrijirea-pielii\\\/\"},{\"@type\":\"ListItem\",\"position\":7,\"name\":\"Orientana Golden Ginseng crema BB SPF 30 Medium 30 ml\"}]},{\"@type\":\"WebSite\",\"@id\":\"https:\\\/\\\/shopatoa.com\\\/ro\\\/#website\",\"url\":\"https:\\\/\\\/shopatoa.com\\\/ro\\\/\",\"name\":\"SHOPATOA\",\"description\":\"\",\"publisher\":{\"@id\":\"https:\\\/\\\/shopatoa.com\\\/ro\\\/#organization\"},\"potentialAction\":[{\"@type\":\"SearchAction\",\"target\":{\"@type\":\"EntryPoint\",\"urlTemplate\":\"https:\\\/\\\/shopatoa.com\\\/ro\\\/?s={search_term_string}\"},\"query-input\":{\"@type\":\"PropertyValueSpecification\",\"valueRequired\":true,\"valueName\":\"search_term_string\"}}],\"inLanguage\":\"ro-RO\"},{\"@type\":\"Organization\",\"@id\":\"https:\\\/\\\/shopatoa.com\\\/ro\\\/#organization\",\"name\":\"SHOPATOA\",\"url\":\"https:\\\/\\\/shopatoa.com\\\/ro\\\/\",\"logo\":{\"@type\":\"ImageObject\",\"inLanguage\":\"ro-RO\",\"@id\":\"https:\\\/\\\/shopatoa.com\\\/ro\\\/#\\\/schema\\\/logo\\\/image\\\/\",\"url\":\"https:\\\/\\\/storage.googleapis.com\\\/cz-shopatoa-img\\\/ro\\\/b4dac915-shopatoa_logo.png\",\"contentUrl\":\"https:\\\/\\\/storage.googleapis.com\\\/cz-shopatoa-img\\\/ro\\\/b4dac915-shopatoa_logo.png\",\"width\":416,\"height\":63,\"caption\":\"SHOPATOA\"},\"image\":{\"@id\":\"https:\\\/\\\/shopatoa.com\\\/ro\\\/#\\\/schema\\\/logo\\\/image\\\/\"}}]}<\/script>\n<!-- \/ Yoast SEO plugin. -->","yoast_head_json":{"title":"Orientana Golden Ginseng crema BB SPF 30 Medium 30 ml - SHOPATOA.COM","robots":{"index":"index","follow":"follow","max-snippet":"max-snippet:-1","max-image-preview":"max-image-preview:large","max-video-preview":"max-video-preview:-1"},"canonical":"https:\/\/shopatoa.com\/ro\/orientana-golden-ginseng-crema-bb-spf-30-medium-30-ml\/","og_locale":"ro_RO","og_type":"article","og_title":"Orientana Golden Ginseng crema BB SPF 30 Medium 30 ml - SHOPATOA.COM","og_description":"Orientana Golden Ginseng, 30 ml, crema tonifianta pentru femei, C\u0103uta\u021bi un produs care s\u0103 ofere tenului dvs. at\u00e2t un aspect instantaneu mai frumos, c\u00e2t \u0219i \u00eengrijire suficient\u0103 \u00eentr-un singur pas? Produsul nuan\u021bator Orientana Golden Ginseng va fi perfect pentru dvs., \u00eentruc\u00e2t combin\u0103 beneficiile produselor cosmetice decorative \u0219i ale celor de \u00eengrijire. Ofer\u0103 tenului dvs. doza...","og_url":"https:\/\/shopatoa.com\/ro\/orientana-golden-ginseng-crema-bb-spf-30-medium-30-ml\/","og_site_name":"SHOPATOA","article_modified_time":"2025-12-14T08:03:35+00:00","og_image":[{"width":800,"height":800,"url":"https:\/\/storage.googleapis.com\/cz-shopatoa-img\/ro\/a1d1f1ea-unnamed-file.webp","type":"image\/webp"}],"twitter_card":"summary_large_image","twitter_misc":{"Timp estimat pentru citire":"1 minut"},"schema":{"@context":"https:\/\/schema.org","@graph":[{"@type":"WebPage","@id":"https:\/\/shopatoa.com\/ro\/orientana-golden-ginseng-crema-bb-spf-30-medium-30-ml\/","url":"https:\/\/shopatoa.com\/ro\/orientana-golden-ginseng-crema-bb-spf-30-medium-30-ml\/","name":"Orientana Golden Ginseng crema BB SPF 30 Medium 30 ml - SHOPATOA.COM","isPartOf":{"@id":"https:\/\/shopatoa.com\/ro\/#website"},"primaryImageOfPage":{"@id":"https:\/\/shopatoa.com\/ro\/orientana-golden-ginseng-crema-bb-spf-30-medium-30-ml\/#primaryimage"},"image":{"@id":"https:\/\/shopatoa.com\/ro\/orientana-golden-ginseng-crema-bb-spf-30-medium-30-ml\/#primaryimage"},"thumbnailUrl":"https:\/\/storage.googleapis.com\/cz-shopatoa-img\/ro\/a1d1f1ea-unnamed-file.webp","datePublished":"2025-06-29T17:25:14+00:00","dateModified":"2025-12-14T08:03:35+00:00","breadcrumb":{"@id":"https:\/\/shopatoa.com\/ro\/orientana-golden-ginseng-crema-bb-spf-30-medium-30-ml\/#breadcrumb"},"inLanguage":"ro-RO","potentialAction":[{"@type":"ReadAction","target":["https:\/\/shopatoa.com\/ro\/orientana-golden-ginseng-crema-bb-spf-30-medium-30-ml\/"]}]},{"@type":"ImageObject","inLanguage":"ro-RO","@id":"https:\/\/shopatoa.com\/ro\/orientana-golden-ginseng-crema-bb-spf-30-medium-30-ml\/#primaryimage","url":"https:\/\/storage.googleapis.com\/cz-shopatoa-img\/ro\/a1d1f1ea-unnamed-file.webp","contentUrl":"https:\/\/storage.googleapis.com\/cz-shopatoa-img\/ro\/a1d1f1ea-unnamed-file.webp","width":800,"height":800},{"@type":"BreadcrumbList","@id":"https:\/\/shopatoa.com\/ro\/orientana-golden-ginseng-crema-bb-spf-30-medium-30-ml\/#breadcrumb","itemListElement":[{"@type":"ListItem","position":1,"name":"Dom\u016f","item":"https:\/\/shopatoa.com\/ro\/"},{"@type":"ListItem","position":2,"name":"Shop","item":"https:\/\/shopatoa.com\/ro\/shop\/"},{"@type":"ListItem","position":3,"name":"S\u0103n\u0103tate \u0219i frumuse\u021be","item":"https:\/\/shopatoa.com\/ro\/sanatate-si-frumusete\/"},{"@type":"ListItem","position":4,"name":"\u00cengrijire personal\u0103","item":"https:\/\/shopatoa.com\/ro\/ingrijire-personala\/"},{"@type":"ListItem","position":5,"name":"Cosmetice","item":"https:\/\/shopatoa.com\/ro\/cosmetice-ingrijire-personala\/"},{"@type":"ListItem","position":6,"name":"\u00cengrijirea pielii","item":"https:\/\/shopatoa.com\/ro\/ingrijirea-pielii\/"},{"@type":"ListItem","position":7,"name":"Orientana Golden Ginseng crema BB SPF 30 Medium 30 ml"}]},{"@type":"WebSite","@id":"https:\/\/shopatoa.com\/ro\/#website","url":"https:\/\/shopatoa.com\/ro\/","name":"SHOPATOA","description":"","publisher":{"@id":"https:\/\/shopatoa.com\/ro\/#organization"},"potentialAction":[{"@type":"SearchAction","target":{"@type":"EntryPoint","urlTemplate":"https:\/\/shopatoa.com\/ro\/?s={search_term_string}"},"query-input":{"@type":"PropertyValueSpecification","valueRequired":true,"valueName":"search_term_string"}}],"inLanguage":"ro-RO"},{"@type":"Organization","@id":"https:\/\/shopatoa.com\/ro\/#organization","name":"SHOPATOA","url":"https:\/\/shopatoa.com\/ro\/","logo":{"@type":"ImageObject","inLanguage":"ro-RO","@id":"https:\/\/shopatoa.com\/ro\/#\/schema\/logo\/image\/","url":"https:\/\/storage.googleapis.com\/cz-shopatoa-img\/ro\/b4dac915-shopatoa_logo.png","contentUrl":"https:\/\/storage.googleapis.com\/cz-shopatoa-img\/ro\/b4dac915-shopatoa_logo.png","width":416,"height":63,"caption":"SHOPATOA"},"image":{"@id":"https:\/\/shopatoa.com\/ro\/#\/schema\/logo\/image\/"}}]}},"_links":{"self":[{"href":"https:\/\/shopatoa.com\/ro\/wp-json\/wp\/v2\/product\/484361","targetHints":{"allow":["GET"]}}],"collection":[{"href":"https:\/\/shopatoa.com\/ro\/wp-json\/wp\/v2\/product"}],"about":[{"href":"https:\/\/shopatoa.com\/ro\/wp-json\/wp\/v2\/types\/product"}],"replies":[{"embeddable":true,"href":"https:\/\/shopatoa.com\/ro\/wp-json\/wp\/v2\/comments?post=484361"}],"wp:featuredmedia":[{"embeddable":true,"href":"https:\/\/shopatoa.com\/ro\/wp-json\/wp\/v2\/media\/487296"}],"wp:attachment":[{"href":"https:\/\/shopatoa.com\/ro\/wp-json\/wp\/v2\/media?parent=484361"}],"wp:term":[{"taxonomy":"product_brand","embeddable":true,"href":"https:\/\/shopatoa.com\/ro\/wp-json\/wp\/v2\/product_brand?post=484361"},{"taxonomy":"product_cat","embeddable":true,"href":"https:\/\/shopatoa.com\/ro\/wp-json\/wp\/v2\/product_cat?post=484361"},{"taxonomy":"product_tag","embeddable":true,"href":"https:\/\/shopatoa.com\/ro\/wp-json\/wp\/v2\/product_tag?post=484361"}],"curies":[{"name":"wp","href":"https:\/\/api.w.org\/{rel}","templated":true}]}}