{"id":484420,"date":"2025-06-29T19:33:39","date_gmt":"2025-06-29T17:33:39","guid":{"rendered":"https:\/\/shopatoa.com\/ro\/bielenda-professional-supremelab-barrier-renew-crema-hranitoare-ochi-cu-ceramide-1-5-ml\/"},"modified":"2025-12-14T08:34:02","modified_gmt":"2025-12-14T07:34:02","slug":"bielenda-professional-supremelab-barrier-renew-crema-hranitoare-ochi-cu-ceramide-1-5-ml","status":"publish","type":"product","link":"https:\/\/shopatoa.com\/ro\/bielenda-professional-supremelab-barrier-renew-crema-hranitoare-ochi-cu-ceramide-1-5-ml\/","title":{"rendered":"Bielenda Professional Supremelab Barrier Renew crema hranitoare ochi cu ceramide 1.5 ml"},"content":{"rendered":"<p>Bielenda Professional Supremelab Barrier Renew, 1.5 ml, Creme \u0219i geluri pentru ochi pentru femei, Tratamentul pentru ochi Bielenda Professional Supremelab \u00eengrije\u0219te pielea din jurul ochilor, oferindu-i nutri\u021bia \u0219i hidratarea necesare.  Caracteristici:  hidrateaz\u0103 \u00een profunzime neteze\u0219te pielea, are efect de lifting are efect de calmare regenereaz\u0103 bariera pielii \u00eent\u0103re\u0219te bariera de protec\u021bie a pielii  Ingrediente:  acid hialuronic \u2013 leag\u0103 o cantitate mare de ap\u0103 \u0219i hidrateaz\u0103 intens unt de shea \u2013 hr\u0103ne\u0219te, ajut\u0103 la men\u021binerea umidit\u0103\u021bii necesare \u00een piele, confer\u0103 catifelare \u0219i netezime, ofer\u0103 protec\u021bie \u00eempotriva usc\u0103rii \u0219i a influen\u021belor externe d\u0103un\u0103toare ceramide \u2013 lipide esen\u021biale care se g\u0103sesc natural \u00een piele, sunt esen\u021biale pentru buna func\u021bionare a barierei protectoare cutanate, hidrateaz\u0103 \u0219i ajut\u0103 la prevenirea usc\u0103rii, irita\u021biei, deterior\u0103rii \u0219i ridurilor squalane \u2013 fixeaz\u0103 umiditatea \u00een piele prin formarea unui strat protector pe suprafa\u021ba acesteia, hidrateaz\u0103, catifeleaz\u0103 \u0219i neteze\u0219te, ajut\u0103 la reglarea produc\u021biei de sebum, datorit\u0103 efectelor sale antioxidante puternice contribuie \u0219i la uniformizarea nuan\u021bei ulei de jojoba \u2013 men\u021bine pielea intens hidratat\u0103, ofer\u0103 protec\u021bie antioxidant\u0103, combate irita\u021bia \u0219i uscarea, ajut\u0103 la reglarea produc\u021biei de sebum \u0219i favorizeaz\u0103 regenerarea  Cum se utilizeaz\u0103: Produsul se aplic\u0103 \u00een jurul ochilor diminea\u021ba \u0219i\/sau seara, prin tapotare cu degetele, p\u00e2n\u0103 la absorb\u021bie.<\/p>\n","protected":false},"excerpt":{"rendered":"<p>Bielenda Professional Supremelab Barrier Renew, 1.5 ml, Creme \u0219i geluri pentru ochi pentru femei, Tratamentul pentru ochi Bielenda Professional Supremelab \u00eengrije\u0219te pielea din jurul ochilor, oferindu-i nutri\u021bia \u0219i hidratarea necesare. Caracteristici: hidrateaz\u0103 \u00een profunzime neteze\u0219te pielea, are efect de lifting are efect de calmare regenereaz\u0103 bariera pielii \u00eent\u0103re\u0219te bariera de protec\u021bie a pielii Ingrediente: acid&#8230;<\/p>\n","protected":false},"featured_media":487355,"comment_status":"closed","ping_status":"open","template":"","meta":{"_acf_changed":false,"_kadence_starter_templates_imported_post":false,"_kad_post_transparent":"","_kad_post_title":"","_kad_post_layout":"","_kad_post_sidebar_id":"","_kad_post_content_style":"","_kad_post_vertical_padding":"","_kad_post_feature":"","_kad_post_feature_position":"","_kad_post_header":false,"_kad_post_footer":false,"_kad_post_classname":""},"product_brand":[1866],"product_cat":[1564,1563,1565,1562],"product_tag":[],"class_list":{"0":"post-484420","1":"product","2":"type-product","3":"status-publish","4":"has-post-thumbnail","6":"product_brand-bielenda-professional","7":"product_cat-cosmetice-ingrijire-personala","8":"product_cat-ingrijire-personala","9":"product_cat-ingrijirea-pielii","10":"product_cat-sanatate-si-frumusete","11":"pa_gen-female","12":"pa_marime-1-5-ml","14":"first","15":"instock","16":"sale","17":"product-type-external","18":"entry","19":"content-bg","20":"loop-entry"},"acf":[],"yoast_head":"<!-- This site is optimized with the Yoast SEO plugin v27.4 - https:\/\/yoast.com\/product\/yoast-seo-wordpress\/ -->\n<title>Bielenda Professional Supremelab Barrier Renew crema hranitoare ochi cu ceramide 1.5 ml - SHOPATOA.COM<\/title>\n<meta name=\"robots\" content=\"index, follow, max-snippet:-1, max-image-preview:large, max-video-preview:-1\" \/>\n<link rel=\"canonical\" href=\"https:\/\/shopatoa.com\/ro\/bielenda-professional-supremelab-barrier-renew-crema-hranitoare-ochi-cu-ceramide-1-5-ml\/\" \/>\n<meta property=\"og:locale\" content=\"ro_RO\" \/>\n<meta property=\"og:type\" content=\"article\" \/>\n<meta property=\"og:title\" content=\"Bielenda Professional Supremelab Barrier Renew crema hranitoare ochi cu ceramide 1.5 ml - SHOPATOA.COM\" \/>\n<meta property=\"og:description\" content=\"Bielenda Professional Supremelab Barrier Renew, 1.5 ml, Creme \u0219i geluri pentru ochi pentru femei, Tratamentul pentru ochi Bielenda Professional Supremelab \u00eengrije\u0219te pielea din jurul ochilor, oferindu-i nutri\u021bia \u0219i hidratarea necesare. Caracteristici: hidrateaz\u0103 \u00een profunzime neteze\u0219te pielea, are efect de lifting are efect de calmare regenereaz\u0103 bariera pielii \u00eent\u0103re\u0219te bariera de protec\u021bie a pielii Ingrediente: acid...\" \/>\n<meta property=\"og:url\" content=\"https:\/\/shopatoa.com\/ro\/bielenda-professional-supremelab-barrier-renew-crema-hranitoare-ochi-cu-ceramide-1-5-ml\/\" \/>\n<meta property=\"og:site_name\" content=\"SHOPATOA\" \/>\n<meta property=\"article:modified_time\" content=\"2025-12-14T07:34:02+00:00\" \/>\n<meta property=\"og:image\" content=\"https:\/\/storage.googleapis.com\/cz-shopatoa-img\/ro\/31648767-unnamed-file.webp\" \/>\n\t<meta property=\"og:image:width\" content=\"800\" \/>\n\t<meta property=\"og:image:height\" content=\"800\" \/>\n\t<meta property=\"og:image:type\" content=\"image\/webp\" \/>\n<meta name=\"twitter:card\" content=\"summary_large_image\" \/>\n<meta name=\"twitter:label1\" content=\"Timp estimat pentru citire\" \/>\n\t<meta name=\"twitter:data1\" content=\"1 minut\" \/>\n<script type=\"application\/ld+json\" class=\"yoast-schema-graph\">{\"@context\":\"https:\\\/\\\/schema.org\",\"@graph\":[{\"@type\":\"WebPage\",\"@id\":\"https:\\\/\\\/shopatoa.com\\\/ro\\\/bielenda-professional-supremelab-barrier-renew-crema-hranitoare-ochi-cu-ceramide-1-5-ml\\\/\",\"url\":\"https:\\\/\\\/shopatoa.com\\\/ro\\\/bielenda-professional-supremelab-barrier-renew-crema-hranitoare-ochi-cu-ceramide-1-5-ml\\\/\",\"name\":\"Bielenda Professional Supremelab Barrier Renew crema hranitoare ochi cu ceramide 1.5 ml - SHOPATOA.COM\",\"isPartOf\":{\"@id\":\"https:\\\/\\\/shopatoa.com\\\/ro\\\/#website\"},\"primaryImageOfPage\":{\"@id\":\"https:\\\/\\\/shopatoa.com\\\/ro\\\/bielenda-professional-supremelab-barrier-renew-crema-hranitoare-ochi-cu-ceramide-1-5-ml\\\/#primaryimage\"},\"image\":{\"@id\":\"https:\\\/\\\/shopatoa.com\\\/ro\\\/bielenda-professional-supremelab-barrier-renew-crema-hranitoare-ochi-cu-ceramide-1-5-ml\\\/#primaryimage\"},\"thumbnailUrl\":\"https:\\\/\\\/storage.googleapis.com\\\/cz-shopatoa-img\\\/ro\\\/31648767-unnamed-file.webp\",\"datePublished\":\"2025-06-29T17:33:39+00:00\",\"dateModified\":\"2025-12-14T07:34:02+00:00\",\"breadcrumb\":{\"@id\":\"https:\\\/\\\/shopatoa.com\\\/ro\\\/bielenda-professional-supremelab-barrier-renew-crema-hranitoare-ochi-cu-ceramide-1-5-ml\\\/#breadcrumb\"},\"inLanguage\":\"ro-RO\",\"potentialAction\":[{\"@type\":\"ReadAction\",\"target\":[\"https:\\\/\\\/shopatoa.com\\\/ro\\\/bielenda-professional-supremelab-barrier-renew-crema-hranitoare-ochi-cu-ceramide-1-5-ml\\\/\"]}]},{\"@type\":\"ImageObject\",\"inLanguage\":\"ro-RO\",\"@id\":\"https:\\\/\\\/shopatoa.com\\\/ro\\\/bielenda-professional-supremelab-barrier-renew-crema-hranitoare-ochi-cu-ceramide-1-5-ml\\\/#primaryimage\",\"url\":\"https:\\\/\\\/storage.googleapis.com\\\/cz-shopatoa-img\\\/ro\\\/31648767-unnamed-file.webp\",\"contentUrl\":\"https:\\\/\\\/storage.googleapis.com\\\/cz-shopatoa-img\\\/ro\\\/31648767-unnamed-file.webp\",\"width\":800,\"height\":800},{\"@type\":\"BreadcrumbList\",\"@id\":\"https:\\\/\\\/shopatoa.com\\\/ro\\\/bielenda-professional-supremelab-barrier-renew-crema-hranitoare-ochi-cu-ceramide-1-5-ml\\\/#breadcrumb\",\"itemListElement\":[{\"@type\":\"ListItem\",\"position\":1,\"name\":\"Dom\u016f\",\"item\":\"https:\\\/\\\/shopatoa.com\\\/ro\\\/\"},{\"@type\":\"ListItem\",\"position\":2,\"name\":\"Shop\",\"item\":\"https:\\\/\\\/shopatoa.com\\\/ro\\\/shop\\\/\"},{\"@type\":\"ListItem\",\"position\":3,\"name\":\"S\u0103n\u0103tate \u0219i frumuse\u021be\",\"item\":\"https:\\\/\\\/shopatoa.com\\\/ro\\\/sanatate-si-frumusete\\\/\"},{\"@type\":\"ListItem\",\"position\":4,\"name\":\"\u00cengrijire personal\u0103\",\"item\":\"https:\\\/\\\/shopatoa.com\\\/ro\\\/ingrijire-personala\\\/\"},{\"@type\":\"ListItem\",\"position\":5,\"name\":\"Cosmetice\",\"item\":\"https:\\\/\\\/shopatoa.com\\\/ro\\\/cosmetice-ingrijire-personala\\\/\"},{\"@type\":\"ListItem\",\"position\":6,\"name\":\"\u00cengrijirea pielii\",\"item\":\"https:\\\/\\\/shopatoa.com\\\/ro\\\/ingrijirea-pielii\\\/\"},{\"@type\":\"ListItem\",\"position\":7,\"name\":\"Bielenda Professional Supremelab Barrier Renew crema hranitoare ochi cu ceramide 1.5 ml\"}]},{\"@type\":\"WebSite\",\"@id\":\"https:\\\/\\\/shopatoa.com\\\/ro\\\/#website\",\"url\":\"https:\\\/\\\/shopatoa.com\\\/ro\\\/\",\"name\":\"SHOPATOA\",\"description\":\"\",\"publisher\":{\"@id\":\"https:\\\/\\\/shopatoa.com\\\/ro\\\/#organization\"},\"potentialAction\":[{\"@type\":\"SearchAction\",\"target\":{\"@type\":\"EntryPoint\",\"urlTemplate\":\"https:\\\/\\\/shopatoa.com\\\/ro\\\/?s={search_term_string}\"},\"query-input\":{\"@type\":\"PropertyValueSpecification\",\"valueRequired\":true,\"valueName\":\"search_term_string\"}}],\"inLanguage\":\"ro-RO\"},{\"@type\":\"Organization\",\"@id\":\"https:\\\/\\\/shopatoa.com\\\/ro\\\/#organization\",\"name\":\"SHOPATOA\",\"url\":\"https:\\\/\\\/shopatoa.com\\\/ro\\\/\",\"logo\":{\"@type\":\"ImageObject\",\"inLanguage\":\"ro-RO\",\"@id\":\"https:\\\/\\\/shopatoa.com\\\/ro\\\/#\\\/schema\\\/logo\\\/image\\\/\",\"url\":\"https:\\\/\\\/storage.googleapis.com\\\/cz-shopatoa-img\\\/ro\\\/b4dac915-shopatoa_logo.png\",\"contentUrl\":\"https:\\\/\\\/storage.googleapis.com\\\/cz-shopatoa-img\\\/ro\\\/b4dac915-shopatoa_logo.png\",\"width\":416,\"height\":63,\"caption\":\"SHOPATOA\"},\"image\":{\"@id\":\"https:\\\/\\\/shopatoa.com\\\/ro\\\/#\\\/schema\\\/logo\\\/image\\\/\"}}]}<\/script>\n<!-- \/ Yoast SEO plugin. -->","yoast_head_json":{"title":"Bielenda Professional Supremelab Barrier Renew crema hranitoare ochi cu ceramide 1.5 ml - SHOPATOA.COM","robots":{"index":"index","follow":"follow","max-snippet":"max-snippet:-1","max-image-preview":"max-image-preview:large","max-video-preview":"max-video-preview:-1"},"canonical":"https:\/\/shopatoa.com\/ro\/bielenda-professional-supremelab-barrier-renew-crema-hranitoare-ochi-cu-ceramide-1-5-ml\/","og_locale":"ro_RO","og_type":"article","og_title":"Bielenda Professional Supremelab Barrier Renew crema hranitoare ochi cu ceramide 1.5 ml - SHOPATOA.COM","og_description":"Bielenda Professional Supremelab Barrier Renew, 1.5 ml, Creme \u0219i geluri pentru ochi pentru femei, Tratamentul pentru ochi Bielenda Professional Supremelab \u00eengrije\u0219te pielea din jurul ochilor, oferindu-i nutri\u021bia \u0219i hidratarea necesare. Caracteristici: hidrateaz\u0103 \u00een profunzime neteze\u0219te pielea, are efect de lifting are efect de calmare regenereaz\u0103 bariera pielii \u00eent\u0103re\u0219te bariera de protec\u021bie a pielii Ingrediente: acid...","og_url":"https:\/\/shopatoa.com\/ro\/bielenda-professional-supremelab-barrier-renew-crema-hranitoare-ochi-cu-ceramide-1-5-ml\/","og_site_name":"SHOPATOA","article_modified_time":"2025-12-14T07:34:02+00:00","og_image":[{"width":800,"height":800,"url":"https:\/\/storage.googleapis.com\/cz-shopatoa-img\/ro\/31648767-unnamed-file.webp","type":"image\/webp"}],"twitter_card":"summary_large_image","twitter_misc":{"Timp estimat pentru citire":"1 minut"},"schema":{"@context":"https:\/\/schema.org","@graph":[{"@type":"WebPage","@id":"https:\/\/shopatoa.com\/ro\/bielenda-professional-supremelab-barrier-renew-crema-hranitoare-ochi-cu-ceramide-1-5-ml\/","url":"https:\/\/shopatoa.com\/ro\/bielenda-professional-supremelab-barrier-renew-crema-hranitoare-ochi-cu-ceramide-1-5-ml\/","name":"Bielenda Professional Supremelab Barrier Renew crema hranitoare ochi cu ceramide 1.5 ml - SHOPATOA.COM","isPartOf":{"@id":"https:\/\/shopatoa.com\/ro\/#website"},"primaryImageOfPage":{"@id":"https:\/\/shopatoa.com\/ro\/bielenda-professional-supremelab-barrier-renew-crema-hranitoare-ochi-cu-ceramide-1-5-ml\/#primaryimage"},"image":{"@id":"https:\/\/shopatoa.com\/ro\/bielenda-professional-supremelab-barrier-renew-crema-hranitoare-ochi-cu-ceramide-1-5-ml\/#primaryimage"},"thumbnailUrl":"https:\/\/storage.googleapis.com\/cz-shopatoa-img\/ro\/31648767-unnamed-file.webp","datePublished":"2025-06-29T17:33:39+00:00","dateModified":"2025-12-14T07:34:02+00:00","breadcrumb":{"@id":"https:\/\/shopatoa.com\/ro\/bielenda-professional-supremelab-barrier-renew-crema-hranitoare-ochi-cu-ceramide-1-5-ml\/#breadcrumb"},"inLanguage":"ro-RO","potentialAction":[{"@type":"ReadAction","target":["https:\/\/shopatoa.com\/ro\/bielenda-professional-supremelab-barrier-renew-crema-hranitoare-ochi-cu-ceramide-1-5-ml\/"]}]},{"@type":"ImageObject","inLanguage":"ro-RO","@id":"https:\/\/shopatoa.com\/ro\/bielenda-professional-supremelab-barrier-renew-crema-hranitoare-ochi-cu-ceramide-1-5-ml\/#primaryimage","url":"https:\/\/storage.googleapis.com\/cz-shopatoa-img\/ro\/31648767-unnamed-file.webp","contentUrl":"https:\/\/storage.googleapis.com\/cz-shopatoa-img\/ro\/31648767-unnamed-file.webp","width":800,"height":800},{"@type":"BreadcrumbList","@id":"https:\/\/shopatoa.com\/ro\/bielenda-professional-supremelab-barrier-renew-crema-hranitoare-ochi-cu-ceramide-1-5-ml\/#breadcrumb","itemListElement":[{"@type":"ListItem","position":1,"name":"Dom\u016f","item":"https:\/\/shopatoa.com\/ro\/"},{"@type":"ListItem","position":2,"name":"Shop","item":"https:\/\/shopatoa.com\/ro\/shop\/"},{"@type":"ListItem","position":3,"name":"S\u0103n\u0103tate \u0219i frumuse\u021be","item":"https:\/\/shopatoa.com\/ro\/sanatate-si-frumusete\/"},{"@type":"ListItem","position":4,"name":"\u00cengrijire personal\u0103","item":"https:\/\/shopatoa.com\/ro\/ingrijire-personala\/"},{"@type":"ListItem","position":5,"name":"Cosmetice","item":"https:\/\/shopatoa.com\/ro\/cosmetice-ingrijire-personala\/"},{"@type":"ListItem","position":6,"name":"\u00cengrijirea pielii","item":"https:\/\/shopatoa.com\/ro\/ingrijirea-pielii\/"},{"@type":"ListItem","position":7,"name":"Bielenda Professional Supremelab Barrier Renew crema hranitoare ochi cu ceramide 1.5 ml"}]},{"@type":"WebSite","@id":"https:\/\/shopatoa.com\/ro\/#website","url":"https:\/\/shopatoa.com\/ro\/","name":"SHOPATOA","description":"","publisher":{"@id":"https:\/\/shopatoa.com\/ro\/#organization"},"potentialAction":[{"@type":"SearchAction","target":{"@type":"EntryPoint","urlTemplate":"https:\/\/shopatoa.com\/ro\/?s={search_term_string}"},"query-input":{"@type":"PropertyValueSpecification","valueRequired":true,"valueName":"search_term_string"}}],"inLanguage":"ro-RO"},{"@type":"Organization","@id":"https:\/\/shopatoa.com\/ro\/#organization","name":"SHOPATOA","url":"https:\/\/shopatoa.com\/ro\/","logo":{"@type":"ImageObject","inLanguage":"ro-RO","@id":"https:\/\/shopatoa.com\/ro\/#\/schema\/logo\/image\/","url":"https:\/\/storage.googleapis.com\/cz-shopatoa-img\/ro\/b4dac915-shopatoa_logo.png","contentUrl":"https:\/\/storage.googleapis.com\/cz-shopatoa-img\/ro\/b4dac915-shopatoa_logo.png","width":416,"height":63,"caption":"SHOPATOA"},"image":{"@id":"https:\/\/shopatoa.com\/ro\/#\/schema\/logo\/image\/"}}]}},"_links":{"self":[{"href":"https:\/\/shopatoa.com\/ro\/wp-json\/wp\/v2\/product\/484420","targetHints":{"allow":["GET"]}}],"collection":[{"href":"https:\/\/shopatoa.com\/ro\/wp-json\/wp\/v2\/product"}],"about":[{"href":"https:\/\/shopatoa.com\/ro\/wp-json\/wp\/v2\/types\/product"}],"replies":[{"embeddable":true,"href":"https:\/\/shopatoa.com\/ro\/wp-json\/wp\/v2\/comments?post=484420"}],"wp:featuredmedia":[{"embeddable":true,"href":"https:\/\/shopatoa.com\/ro\/wp-json\/wp\/v2\/media\/487355"}],"wp:attachment":[{"href":"https:\/\/shopatoa.com\/ro\/wp-json\/wp\/v2\/media?parent=484420"}],"wp:term":[{"taxonomy":"product_brand","embeddable":true,"href":"https:\/\/shopatoa.com\/ro\/wp-json\/wp\/v2\/product_brand?post=484420"},{"taxonomy":"product_cat","embeddable":true,"href":"https:\/\/shopatoa.com\/ro\/wp-json\/wp\/v2\/product_cat?post=484420"},{"taxonomy":"product_tag","embeddable":true,"href":"https:\/\/shopatoa.com\/ro\/wp-json\/wp\/v2\/product_tag?post=484420"}],"curies":[{"name":"wp","href":"https:\/\/api.w.org\/{rel}","templated":true}]}}