{"id":484490,"date":"2025-06-29T19:45:15","date_gmt":"2025-06-29T17:45:15","guid":{"rendered":"https:\/\/shopatoa.com\/ro\/attitude-sensitive-natural-baby-oatmeal-sampon-si-gel-de-baie-2-in-1-pentru-piele-sensibila-pentru-copii-473-ml\/"},"modified":"2025-09-30T14:09:49","modified_gmt":"2025-09-30T12:09:49","slug":"attitude-sensitive-natural-baby-oatmeal-sampon-si-gel-de-baie-2-in-1-pentru-piele-sensibila-pentru-copii-473-ml","status":"publish","type":"product","link":"https:\/\/shopatoa.com\/ro\/attitude-sensitive-natural-baby-oatmeal-sampon-si-gel-de-baie-2-in-1-pentru-piele-sensibila-pentru-copii-473-ml\/","title":{"rendered":"Attitude Sensitive Natural Baby Oatmeal sampon si gel de baie 2 in 1 pentru piele sensibila pentru copii 473 ml"},"content":{"rendered":"<p>Attitude Sensitive Natural Baby Oatmeal, 473 ml, Geluri de du\u0219 pentru copii pentru copii, Pielea copiilor este mult mai sensibil\u0103 \u0219i mai delicat\u0103 dec\u00e2t cea a adul\u021bilor, de aceea este important s\u0103 \u00eei oferi\u021bi o \u00eengrijire deosebit de bl\u00e2nd\u0103, chiar \u0219i \u00een timpul cur\u0103\u021b\u0103rii. Gelul pentru corp \u0219i p\u0103r 2 \u00een 1 Attitude Sensitive Natural Baby Oatmeal asigur\u0103 pielii delicate a bebelu\u0219ului sau a copilului o cur\u0103\u021bare perfect\u0103, f\u0103r\u0103 s\u0103 o usuce, \u00een timp ce \u00eei spal\u0103 p\u0103rul delicat. \u00cendep\u0103rteaz\u0103 de pe \u00eentregul corp \u0219i din p\u0103r toate impurit\u0103\u021bile, f\u0103r\u0103 a perturba \u00eens\u0103 bariera protectoare cutanat\u0103, dimpotriv\u0103, contribuie la hidratarea \u0219i la emolierea pielii. Oferi\u021bi copilului dvs. cea mai bl\u00e2nd\u0103 \u00eengrijire \u0219i senza\u021bia de confort absolut \u00een timpul sp\u0103l\u0103rii.  Caracteristici:  calmeaz\u0103 irita\u021biile las\u0103 pielea fin\u0103 \u0219i supl\u0103 previne uscarea pielii spal\u0103 \u0219i p\u0103rul pentru pielea sensibil\u0103, predispus\u0103 la alergii poate fi folosit zilnic  Ingrediente:  f\u0103r\u0103 parfumuri artificiale produs vegan testat dermatologic acid citric \u2013 prin exfoliere, \u00eendep\u0103rteaz\u0103 celulele moarte cutanate, ajut\u0103 la regenerarea stratului superior al pielii, contribuie la uniformizarea, luminarea \u0219i netezirea acesteia extract de ov\u0103z \u2013 calmeaz\u0103, ofer\u0103 ameliorare pielii sensibile, men\u021bine umiditatea \u00een interiorul acesteia, combate iritarea, uscarea \u0219i disconfortul, sus\u021bine func\u021bia barierei cutanate extract de ov\u0103z \u2013 este bogat \u00een acid silicic, confer\u0103 p\u0103rului elasticitate \u0219i \u00eel consolideaz\u0103, calmeaz\u0103 scalpul, \u00eei restabile\u0219te echilibrul \u0219i combate irita\u021biile  Cum se utilizeaz\u0103: Se aplic\u0103 pe pielea ud\u0103 \u0219i se maseaz\u0103 u\u0219or. Dup\u0103 sp\u0103lare, se cl\u0103te\u0219te bine. Se aplic\u0103 pe p\u0103r, se spumeaz\u0103 \u0219i se cl\u0103te\u0219te bine. Evita\u021bi contactul direct cu ochii.<\/p>\n","protected":false},"excerpt":{"rendered":"<p>Attitude Sensitive Natural Baby Oatmeal, 473 ml, Geluri de du\u0219 pentru copii pentru copii, Pielea copiilor este mult mai sensibil\u0103 \u0219i mai delicat\u0103 dec\u00e2t cea a adul\u021bilor, de aceea este important s\u0103 \u00eei oferi\u021bi o \u00eengrijire deosebit de bl\u00e2nd\u0103, chiar \u0219i \u00een timpul cur\u0103\u021b\u0103rii. Gelul pentru corp \u0219i p\u0103r 2 \u00een 1 Attitude Sensitive Natural&#8230;<\/p>\n","protected":false},"featured_media":487425,"comment_status":"closed","ping_status":"open","template":"","meta":{"_acf_changed":false,"_kadence_starter_templates_imported_post":false,"_kad_post_transparent":"","_kad_post_title":"","_kad_post_layout":"","_kad_post_sidebar_id":"","_kad_post_content_style":"","_kad_post_vertical_padding":"","_kad_post_feature":"","_kad_post_feature_position":"","_kad_post_header":false,"_kad_post_footer":false,"_kad_post_classname":""},"product_brand":[585],"product_cat":[1564,1563,1565,1562],"product_tag":[],"class_list":{"0":"post-484490","1":"product","2":"type-product","3":"status-publish","4":"has-post-thumbnail","6":"product_brand-attitude","7":"product_cat-cosmetice-ingrijire-personala","8":"product_cat-ingrijire-personala","9":"product_cat-ingrijirea-pielii","10":"product_cat-sanatate-si-frumusete","11":"pa_gen-unisex","12":"pa_marime-473-ml","14":"first","15":"instock","16":"product-type-external","17":"entry","18":"content-bg","19":"loop-entry"},"acf":[],"yoast_head":"<!-- This site is optimized with the Yoast SEO plugin v27.4 - https:\/\/yoast.com\/product\/yoast-seo-wordpress\/ -->\n<title>Attitude Sensitive Natural Baby Oatmeal sampon si gel de baie 2 in 1 pentru piele sensibila pentru copii 473 ml - SHOPATOA.COM<\/title>\n<meta name=\"robots\" content=\"index, follow, max-snippet:-1, max-image-preview:large, max-video-preview:-1\" \/>\n<link rel=\"canonical\" href=\"https:\/\/shopatoa.com\/ro\/attitude-sensitive-natural-baby-oatmeal-sampon-si-gel-de-baie-2-in-1-pentru-piele-sensibila-pentru-copii-473-ml\/\" \/>\n<meta property=\"og:locale\" content=\"ro_RO\" \/>\n<meta property=\"og:type\" content=\"article\" \/>\n<meta property=\"og:title\" content=\"Attitude Sensitive Natural Baby Oatmeal sampon si gel de baie 2 in 1 pentru piele sensibila pentru copii 473 ml - SHOPATOA.COM\" \/>\n<meta property=\"og:description\" content=\"Attitude Sensitive Natural Baby Oatmeal, 473 ml, Geluri de du\u0219 pentru copii pentru copii, Pielea copiilor este mult mai sensibil\u0103 \u0219i mai delicat\u0103 dec\u00e2t cea a adul\u021bilor, de aceea este important s\u0103 \u00eei oferi\u021bi o \u00eengrijire deosebit de bl\u00e2nd\u0103, chiar \u0219i \u00een timpul cur\u0103\u021b\u0103rii. Gelul pentru corp \u0219i p\u0103r 2 \u00een 1 Attitude Sensitive Natural...\" \/>\n<meta property=\"og:url\" content=\"https:\/\/shopatoa.com\/ro\/attitude-sensitive-natural-baby-oatmeal-sampon-si-gel-de-baie-2-in-1-pentru-piele-sensibila-pentru-copii-473-ml\/\" \/>\n<meta property=\"og:site_name\" content=\"SHOPATOA\" \/>\n<meta property=\"article:modified_time\" content=\"2025-09-30T12:09:49+00:00\" \/>\n<meta property=\"og:image\" content=\"https:\/\/storage.googleapis.com\/cz-shopatoa-img\/ro\/118f8319-unnamed-file.webp\" \/>\n\t<meta property=\"og:image:width\" content=\"800\" \/>\n\t<meta property=\"og:image:height\" content=\"800\" \/>\n\t<meta property=\"og:image:type\" content=\"image\/webp\" \/>\n<meta name=\"twitter:card\" content=\"summary_large_image\" \/>\n<meta name=\"twitter:label1\" content=\"Timp estimat pentru citire\" \/>\n\t<meta name=\"twitter:data1\" content=\"1 minut\" \/>\n<script type=\"application\/ld+json\" class=\"yoast-schema-graph\">{\"@context\":\"https:\\\/\\\/schema.org\",\"@graph\":[{\"@type\":\"WebPage\",\"@id\":\"https:\\\/\\\/shopatoa.com\\\/ro\\\/attitude-sensitive-natural-baby-oatmeal-sampon-si-gel-de-baie-2-in-1-pentru-piele-sensibila-pentru-copii-473-ml\\\/\",\"url\":\"https:\\\/\\\/shopatoa.com\\\/ro\\\/attitude-sensitive-natural-baby-oatmeal-sampon-si-gel-de-baie-2-in-1-pentru-piele-sensibila-pentru-copii-473-ml\\\/\",\"name\":\"Attitude Sensitive Natural Baby Oatmeal sampon si gel de baie 2 in 1 pentru piele sensibila pentru copii 473 ml - SHOPATOA.COM\",\"isPartOf\":{\"@id\":\"https:\\\/\\\/shopatoa.com\\\/ro\\\/#website\"},\"primaryImageOfPage\":{\"@id\":\"https:\\\/\\\/shopatoa.com\\\/ro\\\/attitude-sensitive-natural-baby-oatmeal-sampon-si-gel-de-baie-2-in-1-pentru-piele-sensibila-pentru-copii-473-ml\\\/#primaryimage\"},\"image\":{\"@id\":\"https:\\\/\\\/shopatoa.com\\\/ro\\\/attitude-sensitive-natural-baby-oatmeal-sampon-si-gel-de-baie-2-in-1-pentru-piele-sensibila-pentru-copii-473-ml\\\/#primaryimage\"},\"thumbnailUrl\":\"https:\\\/\\\/storage.googleapis.com\\\/cz-shopatoa-img\\\/ro\\\/118f8319-unnamed-file.webp\",\"datePublished\":\"2025-06-29T17:45:15+00:00\",\"dateModified\":\"2025-09-30T12:09:49+00:00\",\"breadcrumb\":{\"@id\":\"https:\\\/\\\/shopatoa.com\\\/ro\\\/attitude-sensitive-natural-baby-oatmeal-sampon-si-gel-de-baie-2-in-1-pentru-piele-sensibila-pentru-copii-473-ml\\\/#breadcrumb\"},\"inLanguage\":\"ro-RO\",\"potentialAction\":[{\"@type\":\"ReadAction\",\"target\":[\"https:\\\/\\\/shopatoa.com\\\/ro\\\/attitude-sensitive-natural-baby-oatmeal-sampon-si-gel-de-baie-2-in-1-pentru-piele-sensibila-pentru-copii-473-ml\\\/\"]}]},{\"@type\":\"ImageObject\",\"inLanguage\":\"ro-RO\",\"@id\":\"https:\\\/\\\/shopatoa.com\\\/ro\\\/attitude-sensitive-natural-baby-oatmeal-sampon-si-gel-de-baie-2-in-1-pentru-piele-sensibila-pentru-copii-473-ml\\\/#primaryimage\",\"url\":\"https:\\\/\\\/storage.googleapis.com\\\/cz-shopatoa-img\\\/ro\\\/118f8319-unnamed-file.webp\",\"contentUrl\":\"https:\\\/\\\/storage.googleapis.com\\\/cz-shopatoa-img\\\/ro\\\/118f8319-unnamed-file.webp\",\"width\":800,\"height\":800},{\"@type\":\"BreadcrumbList\",\"@id\":\"https:\\\/\\\/shopatoa.com\\\/ro\\\/attitude-sensitive-natural-baby-oatmeal-sampon-si-gel-de-baie-2-in-1-pentru-piele-sensibila-pentru-copii-473-ml\\\/#breadcrumb\",\"itemListElement\":[{\"@type\":\"ListItem\",\"position\":1,\"name\":\"Dom\u016f\",\"item\":\"https:\\\/\\\/shopatoa.com\\\/ro\\\/\"},{\"@type\":\"ListItem\",\"position\":2,\"name\":\"Shop\",\"item\":\"https:\\\/\\\/shopatoa.com\\\/ro\\\/shop\\\/\"},{\"@type\":\"ListItem\",\"position\":3,\"name\":\"S\u0103n\u0103tate \u0219i frumuse\u021be\",\"item\":\"https:\\\/\\\/shopatoa.com\\\/ro\\\/sanatate-si-frumusete\\\/\"},{\"@type\":\"ListItem\",\"position\":4,\"name\":\"\u00cengrijire personal\u0103\",\"item\":\"https:\\\/\\\/shopatoa.com\\\/ro\\\/ingrijire-personala\\\/\"},{\"@type\":\"ListItem\",\"position\":5,\"name\":\"Cosmetice\",\"item\":\"https:\\\/\\\/shopatoa.com\\\/ro\\\/cosmetice-ingrijire-personala\\\/\"},{\"@type\":\"ListItem\",\"position\":6,\"name\":\"\u00cengrijirea pielii\",\"item\":\"https:\\\/\\\/shopatoa.com\\\/ro\\\/ingrijirea-pielii\\\/\"},{\"@type\":\"ListItem\",\"position\":7,\"name\":\"Attitude Sensitive Natural Baby Oatmeal sampon si gel de baie 2 in 1 pentru piele sensibila pentru copii 473 ml\"}]},{\"@type\":\"WebSite\",\"@id\":\"https:\\\/\\\/shopatoa.com\\\/ro\\\/#website\",\"url\":\"https:\\\/\\\/shopatoa.com\\\/ro\\\/\",\"name\":\"SHOPATOA\",\"description\":\"\",\"publisher\":{\"@id\":\"https:\\\/\\\/shopatoa.com\\\/ro\\\/#organization\"},\"potentialAction\":[{\"@type\":\"SearchAction\",\"target\":{\"@type\":\"EntryPoint\",\"urlTemplate\":\"https:\\\/\\\/shopatoa.com\\\/ro\\\/?s={search_term_string}\"},\"query-input\":{\"@type\":\"PropertyValueSpecification\",\"valueRequired\":true,\"valueName\":\"search_term_string\"}}],\"inLanguage\":\"ro-RO\"},{\"@type\":\"Organization\",\"@id\":\"https:\\\/\\\/shopatoa.com\\\/ro\\\/#organization\",\"name\":\"SHOPATOA\",\"url\":\"https:\\\/\\\/shopatoa.com\\\/ro\\\/\",\"logo\":{\"@type\":\"ImageObject\",\"inLanguage\":\"ro-RO\",\"@id\":\"https:\\\/\\\/shopatoa.com\\\/ro\\\/#\\\/schema\\\/logo\\\/image\\\/\",\"url\":\"https:\\\/\\\/storage.googleapis.com\\\/cz-shopatoa-img\\\/ro\\\/b4dac915-shopatoa_logo.png\",\"contentUrl\":\"https:\\\/\\\/storage.googleapis.com\\\/cz-shopatoa-img\\\/ro\\\/b4dac915-shopatoa_logo.png\",\"width\":416,\"height\":63,\"caption\":\"SHOPATOA\"},\"image\":{\"@id\":\"https:\\\/\\\/shopatoa.com\\\/ro\\\/#\\\/schema\\\/logo\\\/image\\\/\"}}]}<\/script>\n<!-- \/ Yoast SEO plugin. -->","yoast_head_json":{"title":"Attitude Sensitive Natural Baby Oatmeal sampon si gel de baie 2 in 1 pentru piele sensibila pentru copii 473 ml - SHOPATOA.COM","robots":{"index":"index","follow":"follow","max-snippet":"max-snippet:-1","max-image-preview":"max-image-preview:large","max-video-preview":"max-video-preview:-1"},"canonical":"https:\/\/shopatoa.com\/ro\/attitude-sensitive-natural-baby-oatmeal-sampon-si-gel-de-baie-2-in-1-pentru-piele-sensibila-pentru-copii-473-ml\/","og_locale":"ro_RO","og_type":"article","og_title":"Attitude Sensitive Natural Baby Oatmeal sampon si gel de baie 2 in 1 pentru piele sensibila pentru copii 473 ml - SHOPATOA.COM","og_description":"Attitude Sensitive Natural Baby Oatmeal, 473 ml, Geluri de du\u0219 pentru copii pentru copii, Pielea copiilor este mult mai sensibil\u0103 \u0219i mai delicat\u0103 dec\u00e2t cea a adul\u021bilor, de aceea este important s\u0103 \u00eei oferi\u021bi o \u00eengrijire deosebit de bl\u00e2nd\u0103, chiar \u0219i \u00een timpul cur\u0103\u021b\u0103rii. Gelul pentru corp \u0219i p\u0103r 2 \u00een 1 Attitude Sensitive Natural...","og_url":"https:\/\/shopatoa.com\/ro\/attitude-sensitive-natural-baby-oatmeal-sampon-si-gel-de-baie-2-in-1-pentru-piele-sensibila-pentru-copii-473-ml\/","og_site_name":"SHOPATOA","article_modified_time":"2025-09-30T12:09:49+00:00","og_image":[{"width":800,"height":800,"url":"https:\/\/storage.googleapis.com\/cz-shopatoa-img\/ro\/118f8319-unnamed-file.webp","type":"image\/webp"}],"twitter_card":"summary_large_image","twitter_misc":{"Timp estimat pentru citire":"1 minut"},"schema":{"@context":"https:\/\/schema.org","@graph":[{"@type":"WebPage","@id":"https:\/\/shopatoa.com\/ro\/attitude-sensitive-natural-baby-oatmeal-sampon-si-gel-de-baie-2-in-1-pentru-piele-sensibila-pentru-copii-473-ml\/","url":"https:\/\/shopatoa.com\/ro\/attitude-sensitive-natural-baby-oatmeal-sampon-si-gel-de-baie-2-in-1-pentru-piele-sensibila-pentru-copii-473-ml\/","name":"Attitude Sensitive Natural Baby Oatmeal sampon si gel de baie 2 in 1 pentru piele sensibila pentru copii 473 ml - SHOPATOA.COM","isPartOf":{"@id":"https:\/\/shopatoa.com\/ro\/#website"},"primaryImageOfPage":{"@id":"https:\/\/shopatoa.com\/ro\/attitude-sensitive-natural-baby-oatmeal-sampon-si-gel-de-baie-2-in-1-pentru-piele-sensibila-pentru-copii-473-ml\/#primaryimage"},"image":{"@id":"https:\/\/shopatoa.com\/ro\/attitude-sensitive-natural-baby-oatmeal-sampon-si-gel-de-baie-2-in-1-pentru-piele-sensibila-pentru-copii-473-ml\/#primaryimage"},"thumbnailUrl":"https:\/\/storage.googleapis.com\/cz-shopatoa-img\/ro\/118f8319-unnamed-file.webp","datePublished":"2025-06-29T17:45:15+00:00","dateModified":"2025-09-30T12:09:49+00:00","breadcrumb":{"@id":"https:\/\/shopatoa.com\/ro\/attitude-sensitive-natural-baby-oatmeal-sampon-si-gel-de-baie-2-in-1-pentru-piele-sensibila-pentru-copii-473-ml\/#breadcrumb"},"inLanguage":"ro-RO","potentialAction":[{"@type":"ReadAction","target":["https:\/\/shopatoa.com\/ro\/attitude-sensitive-natural-baby-oatmeal-sampon-si-gel-de-baie-2-in-1-pentru-piele-sensibila-pentru-copii-473-ml\/"]}]},{"@type":"ImageObject","inLanguage":"ro-RO","@id":"https:\/\/shopatoa.com\/ro\/attitude-sensitive-natural-baby-oatmeal-sampon-si-gel-de-baie-2-in-1-pentru-piele-sensibila-pentru-copii-473-ml\/#primaryimage","url":"https:\/\/storage.googleapis.com\/cz-shopatoa-img\/ro\/118f8319-unnamed-file.webp","contentUrl":"https:\/\/storage.googleapis.com\/cz-shopatoa-img\/ro\/118f8319-unnamed-file.webp","width":800,"height":800},{"@type":"BreadcrumbList","@id":"https:\/\/shopatoa.com\/ro\/attitude-sensitive-natural-baby-oatmeal-sampon-si-gel-de-baie-2-in-1-pentru-piele-sensibila-pentru-copii-473-ml\/#breadcrumb","itemListElement":[{"@type":"ListItem","position":1,"name":"Dom\u016f","item":"https:\/\/shopatoa.com\/ro\/"},{"@type":"ListItem","position":2,"name":"Shop","item":"https:\/\/shopatoa.com\/ro\/shop\/"},{"@type":"ListItem","position":3,"name":"S\u0103n\u0103tate \u0219i frumuse\u021be","item":"https:\/\/shopatoa.com\/ro\/sanatate-si-frumusete\/"},{"@type":"ListItem","position":4,"name":"\u00cengrijire personal\u0103","item":"https:\/\/shopatoa.com\/ro\/ingrijire-personala\/"},{"@type":"ListItem","position":5,"name":"Cosmetice","item":"https:\/\/shopatoa.com\/ro\/cosmetice-ingrijire-personala\/"},{"@type":"ListItem","position":6,"name":"\u00cengrijirea pielii","item":"https:\/\/shopatoa.com\/ro\/ingrijirea-pielii\/"},{"@type":"ListItem","position":7,"name":"Attitude Sensitive Natural Baby Oatmeal sampon si gel de baie 2 in 1 pentru piele sensibila pentru copii 473 ml"}]},{"@type":"WebSite","@id":"https:\/\/shopatoa.com\/ro\/#website","url":"https:\/\/shopatoa.com\/ro\/","name":"SHOPATOA","description":"","publisher":{"@id":"https:\/\/shopatoa.com\/ro\/#organization"},"potentialAction":[{"@type":"SearchAction","target":{"@type":"EntryPoint","urlTemplate":"https:\/\/shopatoa.com\/ro\/?s={search_term_string}"},"query-input":{"@type":"PropertyValueSpecification","valueRequired":true,"valueName":"search_term_string"}}],"inLanguage":"ro-RO"},{"@type":"Organization","@id":"https:\/\/shopatoa.com\/ro\/#organization","name":"SHOPATOA","url":"https:\/\/shopatoa.com\/ro\/","logo":{"@type":"ImageObject","inLanguage":"ro-RO","@id":"https:\/\/shopatoa.com\/ro\/#\/schema\/logo\/image\/","url":"https:\/\/storage.googleapis.com\/cz-shopatoa-img\/ro\/b4dac915-shopatoa_logo.png","contentUrl":"https:\/\/storage.googleapis.com\/cz-shopatoa-img\/ro\/b4dac915-shopatoa_logo.png","width":416,"height":63,"caption":"SHOPATOA"},"image":{"@id":"https:\/\/shopatoa.com\/ro\/#\/schema\/logo\/image\/"}}]}},"_links":{"self":[{"href":"https:\/\/shopatoa.com\/ro\/wp-json\/wp\/v2\/product\/484490","targetHints":{"allow":["GET"]}}],"collection":[{"href":"https:\/\/shopatoa.com\/ro\/wp-json\/wp\/v2\/product"}],"about":[{"href":"https:\/\/shopatoa.com\/ro\/wp-json\/wp\/v2\/types\/product"}],"replies":[{"embeddable":true,"href":"https:\/\/shopatoa.com\/ro\/wp-json\/wp\/v2\/comments?post=484490"}],"wp:featuredmedia":[{"embeddable":true,"href":"https:\/\/shopatoa.com\/ro\/wp-json\/wp\/v2\/media\/487425"}],"wp:attachment":[{"href":"https:\/\/shopatoa.com\/ro\/wp-json\/wp\/v2\/media?parent=484490"}],"wp:term":[{"taxonomy":"product_brand","embeddable":true,"href":"https:\/\/shopatoa.com\/ro\/wp-json\/wp\/v2\/product_brand?post=484490"},{"taxonomy":"product_cat","embeddable":true,"href":"https:\/\/shopatoa.com\/ro\/wp-json\/wp\/v2\/product_cat?post=484490"},{"taxonomy":"product_tag","embeddable":true,"href":"https:\/\/shopatoa.com\/ro\/wp-json\/wp\/v2\/product_tag?post=484490"}],"curies":[{"name":"wp","href":"https:\/\/api.w.org\/{rel}","templated":true}]}}