{"id":484555,"date":"2025-06-29T19:55:42","date_gmt":"2025-06-29T17:55:42","guid":{"rendered":"https:\/\/shopatoa.com\/ro\/daeng-gi-meo-ri-honey-therapy-professional-plus-treatment-balsam-intensiv-cu-efect-regenerator-balsam-regenerant-intensiv-500-ml\/"},"modified":"2025-12-14T07:25:40","modified_gmt":"2025-12-14T06:25:40","slug":"daeng-gi-meo-ri-honey-therapy-professional-plus-treatment-balsam-intensiv-cu-efect-regenerator-balsam-regenerant-intensiv-500-ml","status":"publish","type":"product","link":"https:\/\/shopatoa.com\/ro\/daeng-gi-meo-ri-honey-therapy-professional-plus-treatment-balsam-intensiv-cu-efect-regenerator-balsam-regenerant-intensiv-500-ml\/","title":{"rendered":"DAENG GI MEO RI Honey Therapy Professional Plus Treatment Balsam intensiv cu efect regenerator balsam regenerant intensiv 500 ml"},"content":{"rendered":"<p>DAENG GI MEO RI Honey Therapy Professional Plus Treatment, 500 ml, Balsamuri pentru p\u0103r pentru femei, Balsamul de p\u0103r ofer\u0103 \u00eengrijirea necesar\u0103 p\u0103rului sp\u0103lat, hidrateaz\u0103 p\u0103rul \u0219i faciliteaz\u0103 aranjarea sa ulterioar\u0103.  Caracteristici:  asigur\u0103 p\u0103rului o str\u0103lucire radiant\u0103 las\u0103 p\u0103rul hidratat \u0219i revitalizat confer\u0103 p\u0103rului netezime \u0219i vitalitate \u00eenvioreaz\u0103 luciul \u0219i frumuse\u021bea p\u0103rului vopsit are grij\u0103 de toat\u0103 lungimea p\u0103rului sl\u0103bit  Ingrediente:  f\u0103r\u0103 sulfa\u021bi nu con\u021bine SLS sau SLES aloe vera \u2013 are efecte puternic hidratante \u0219i de regenerare, ac\u021bioneaz\u0103 ca antioxidant, ajut\u0103 la protejarea \u00eempotriva radicalilor liberi \u0219i a usc\u0103rii miere \u2013 este bogat\u0103 \u00een vitamine \u0219i minerale, ofer\u0103 o protec\u021bie antioxidant\u0103 puternic\u0103, hr\u0103ne\u0219te fibrele de p\u0103r, r\u0103d\u0103cinile \u0219i scalpul, calmeaz\u0103 irita\u021biile, red\u0103 str\u0103lucirea, catifeleaz\u0103 \u0219i emoliaz\u0103 p\u0103rul extract de ginseng \u2013 con\u021bine vitamine, minerale \u0219i antioxidan\u021bi, \u00eembun\u0103t\u0103\u021be\u0219te circula\u021bia sanguin\u0103 a scalpului \u0219i, prin urmare, nutri\u021bia foliculilor, favorizeaz\u0103 cre\u0219terea firelor de p\u0103r noi, previne deteriorarea \u0219i c\u0103derea excesiv\u0103 a p\u0103rului  Cum se utilizeaz\u0103: Se aplic\u0103 pe p\u0103rul sp\u0103lat, pe lungime, p\u00e2n\u0103 la v\u00e2rfuri. Se las\u0103 s\u0103 ac\u021bioneze un timp scurt, apoi se cl\u0103te\u0219te bine.<\/p>\n","protected":false},"excerpt":{"rendered":"<p>DAENG GI MEO RI Honey Therapy Professional Plus Treatment, 500 ml, Balsamuri pentru p\u0103r pentru femei, Balsamul de p\u0103r ofer\u0103 \u00eengrijirea necesar\u0103 p\u0103rului sp\u0103lat, hidrateaz\u0103 p\u0103rul \u0219i faciliteaz\u0103 aranjarea sa ulterioar\u0103. Caracteristici: asigur\u0103 p\u0103rului o str\u0103lucire radiant\u0103 las\u0103 p\u0103rul hidratat \u0219i revitalizat confer\u0103 p\u0103rului netezime \u0219i vitalitate \u00eenvioreaz\u0103 luciul \u0219i frumuse\u021bea p\u0103rului vopsit are grij\u0103&#8230;<\/p>\n","protected":false},"featured_media":487490,"comment_status":"closed","ping_status":"open","template":"","meta":{"_acf_changed":false,"_kadence_starter_templates_imported_post":false,"_kad_post_transparent":"","_kad_post_title":"","_kad_post_layout":"","_kad_post_sidebar_id":"","_kad_post_content_style":"","_kad_post_vertical_padding":"","_kad_post_feature":"","_kad_post_feature_position":"","_kad_post_header":false,"_kad_post_footer":false,"_kad_post_classname":""},"product_brand":[3356],"product_cat":[1563,1590,1562],"product_tag":[],"class_list":{"0":"post-484555","1":"product","2":"type-product","3":"status-publish","4":"has-post-thumbnail","6":"product_brand-daeng-gi-meo-ri","7":"product_cat-ingrijire-personala","8":"product_cat-ingrijirea-parului","9":"product_cat-sanatate-si-frumusete","10":"pa_gen-female","11":"pa_marime-500-ml","13":"first","14":"instock","15":"sale","16":"product-type-external","17":"entry","18":"content-bg","19":"loop-entry"},"acf":[],"yoast_head":"<!-- This site is optimized with the Yoast SEO plugin v27.4 - https:\/\/yoast.com\/product\/yoast-seo-wordpress\/ -->\n<title>DAENG GI MEO RI Honey Therapy Professional Plus Treatment Balsam intensiv cu efect regenerator balsam regenerant intensiv 500 ml - SHOPATOA.COM<\/title>\n<meta name=\"robots\" content=\"index, follow, max-snippet:-1, max-image-preview:large, max-video-preview:-1\" \/>\n<link rel=\"canonical\" href=\"https:\/\/shopatoa.com\/ro\/daeng-gi-meo-ri-honey-therapy-professional-plus-treatment-balsam-intensiv-cu-efect-regenerator-balsam-regenerant-intensiv-500-ml\/\" \/>\n<meta property=\"og:locale\" content=\"ro_RO\" \/>\n<meta property=\"og:type\" content=\"article\" \/>\n<meta property=\"og:title\" content=\"DAENG GI MEO RI Honey Therapy Professional Plus Treatment Balsam intensiv cu efect regenerator balsam regenerant intensiv 500 ml - SHOPATOA.COM\" \/>\n<meta property=\"og:description\" content=\"DAENG GI MEO RI Honey Therapy Professional Plus Treatment, 500 ml, Balsamuri pentru p\u0103r pentru femei, Balsamul de p\u0103r ofer\u0103 \u00eengrijirea necesar\u0103 p\u0103rului sp\u0103lat, hidrateaz\u0103 p\u0103rul \u0219i faciliteaz\u0103 aranjarea sa ulterioar\u0103. Caracteristici: asigur\u0103 p\u0103rului o str\u0103lucire radiant\u0103 las\u0103 p\u0103rul hidratat \u0219i revitalizat confer\u0103 p\u0103rului netezime \u0219i vitalitate \u00eenvioreaz\u0103 luciul \u0219i frumuse\u021bea p\u0103rului vopsit are grij\u0103...\" \/>\n<meta property=\"og:url\" content=\"https:\/\/shopatoa.com\/ro\/daeng-gi-meo-ri-honey-therapy-professional-plus-treatment-balsam-intensiv-cu-efect-regenerator-balsam-regenerant-intensiv-500-ml\/\" \/>\n<meta property=\"og:site_name\" content=\"SHOPATOA\" \/>\n<meta property=\"article:modified_time\" content=\"2025-12-14T06:25:40+00:00\" \/>\n<meta property=\"og:image\" content=\"https:\/\/storage.googleapis.com\/cz-shopatoa-img\/ro\/5e62126b-unnamed-file.webp\" \/>\n\t<meta property=\"og:image:width\" content=\"800\" \/>\n\t<meta property=\"og:image:height\" content=\"800\" \/>\n\t<meta property=\"og:image:type\" content=\"image\/webp\" \/>\n<meta name=\"twitter:card\" content=\"summary_large_image\" \/>\n<meta name=\"twitter:label1\" content=\"Timp estimat pentru citire\" \/>\n\t<meta name=\"twitter:data1\" content=\"1 minut\" \/>\n<script type=\"application\/ld+json\" class=\"yoast-schema-graph\">{\"@context\":\"https:\\\/\\\/schema.org\",\"@graph\":[{\"@type\":\"WebPage\",\"@id\":\"https:\\\/\\\/shopatoa.com\\\/ro\\\/daeng-gi-meo-ri-honey-therapy-professional-plus-treatment-balsam-intensiv-cu-efect-regenerator-balsam-regenerant-intensiv-500-ml\\\/\",\"url\":\"https:\\\/\\\/shopatoa.com\\\/ro\\\/daeng-gi-meo-ri-honey-therapy-professional-plus-treatment-balsam-intensiv-cu-efect-regenerator-balsam-regenerant-intensiv-500-ml\\\/\",\"name\":\"DAENG GI MEO RI Honey Therapy Professional Plus Treatment Balsam intensiv cu efect regenerator balsam regenerant intensiv 500 ml - SHOPATOA.COM\",\"isPartOf\":{\"@id\":\"https:\\\/\\\/shopatoa.com\\\/ro\\\/#website\"},\"primaryImageOfPage\":{\"@id\":\"https:\\\/\\\/shopatoa.com\\\/ro\\\/daeng-gi-meo-ri-honey-therapy-professional-plus-treatment-balsam-intensiv-cu-efect-regenerator-balsam-regenerant-intensiv-500-ml\\\/#primaryimage\"},\"image\":{\"@id\":\"https:\\\/\\\/shopatoa.com\\\/ro\\\/daeng-gi-meo-ri-honey-therapy-professional-plus-treatment-balsam-intensiv-cu-efect-regenerator-balsam-regenerant-intensiv-500-ml\\\/#primaryimage\"},\"thumbnailUrl\":\"https:\\\/\\\/storage.googleapis.com\\\/cz-shopatoa-img\\\/ro\\\/5e62126b-unnamed-file.webp\",\"datePublished\":\"2025-06-29T17:55:42+00:00\",\"dateModified\":\"2025-12-14T06:25:40+00:00\",\"breadcrumb\":{\"@id\":\"https:\\\/\\\/shopatoa.com\\\/ro\\\/daeng-gi-meo-ri-honey-therapy-professional-plus-treatment-balsam-intensiv-cu-efect-regenerator-balsam-regenerant-intensiv-500-ml\\\/#breadcrumb\"},\"inLanguage\":\"ro-RO\",\"potentialAction\":[{\"@type\":\"ReadAction\",\"target\":[\"https:\\\/\\\/shopatoa.com\\\/ro\\\/daeng-gi-meo-ri-honey-therapy-professional-plus-treatment-balsam-intensiv-cu-efect-regenerator-balsam-regenerant-intensiv-500-ml\\\/\"]}]},{\"@type\":\"ImageObject\",\"inLanguage\":\"ro-RO\",\"@id\":\"https:\\\/\\\/shopatoa.com\\\/ro\\\/daeng-gi-meo-ri-honey-therapy-professional-plus-treatment-balsam-intensiv-cu-efect-regenerator-balsam-regenerant-intensiv-500-ml\\\/#primaryimage\",\"url\":\"https:\\\/\\\/storage.googleapis.com\\\/cz-shopatoa-img\\\/ro\\\/5e62126b-unnamed-file.webp\",\"contentUrl\":\"https:\\\/\\\/storage.googleapis.com\\\/cz-shopatoa-img\\\/ro\\\/5e62126b-unnamed-file.webp\",\"width\":800,\"height\":800},{\"@type\":\"BreadcrumbList\",\"@id\":\"https:\\\/\\\/shopatoa.com\\\/ro\\\/daeng-gi-meo-ri-honey-therapy-professional-plus-treatment-balsam-intensiv-cu-efect-regenerator-balsam-regenerant-intensiv-500-ml\\\/#breadcrumb\",\"itemListElement\":[{\"@type\":\"ListItem\",\"position\":1,\"name\":\"Dom\u016f\",\"item\":\"https:\\\/\\\/shopatoa.com\\\/ro\\\/\"},{\"@type\":\"ListItem\",\"position\":2,\"name\":\"Shop\",\"item\":\"https:\\\/\\\/shopatoa.com\\\/ro\\\/shop\\\/\"},{\"@type\":\"ListItem\",\"position\":3,\"name\":\"S\u0103n\u0103tate \u0219i frumuse\u021be\",\"item\":\"https:\\\/\\\/shopatoa.com\\\/ro\\\/sanatate-si-frumusete\\\/\"},{\"@type\":\"ListItem\",\"position\":4,\"name\":\"\u00cengrijire personal\u0103\",\"item\":\"https:\\\/\\\/shopatoa.com\\\/ro\\\/ingrijire-personala\\\/\"},{\"@type\":\"ListItem\",\"position\":5,\"name\":\"\u00cengrijirea p\u0103rului\",\"item\":\"https:\\\/\\\/shopatoa.com\\\/ro\\\/ingrijirea-parului\\\/\"},{\"@type\":\"ListItem\",\"position\":6,\"name\":\"DAENG GI MEO RI Honey Therapy Professional Plus Treatment Balsam intensiv cu efect regenerator balsam regenerant intensiv 500 ml\"}]},{\"@type\":\"WebSite\",\"@id\":\"https:\\\/\\\/shopatoa.com\\\/ro\\\/#website\",\"url\":\"https:\\\/\\\/shopatoa.com\\\/ro\\\/\",\"name\":\"SHOPATOA\",\"description\":\"\",\"publisher\":{\"@id\":\"https:\\\/\\\/shopatoa.com\\\/ro\\\/#organization\"},\"potentialAction\":[{\"@type\":\"SearchAction\",\"target\":{\"@type\":\"EntryPoint\",\"urlTemplate\":\"https:\\\/\\\/shopatoa.com\\\/ro\\\/?s={search_term_string}\"},\"query-input\":{\"@type\":\"PropertyValueSpecification\",\"valueRequired\":true,\"valueName\":\"search_term_string\"}}],\"inLanguage\":\"ro-RO\"},{\"@type\":\"Organization\",\"@id\":\"https:\\\/\\\/shopatoa.com\\\/ro\\\/#organization\",\"name\":\"SHOPATOA\",\"url\":\"https:\\\/\\\/shopatoa.com\\\/ro\\\/\",\"logo\":{\"@type\":\"ImageObject\",\"inLanguage\":\"ro-RO\",\"@id\":\"https:\\\/\\\/shopatoa.com\\\/ro\\\/#\\\/schema\\\/logo\\\/image\\\/\",\"url\":\"https:\\\/\\\/storage.googleapis.com\\\/cz-shopatoa-img\\\/ro\\\/b4dac915-shopatoa_logo.png\",\"contentUrl\":\"https:\\\/\\\/storage.googleapis.com\\\/cz-shopatoa-img\\\/ro\\\/b4dac915-shopatoa_logo.png\",\"width\":416,\"height\":63,\"caption\":\"SHOPATOA\"},\"image\":{\"@id\":\"https:\\\/\\\/shopatoa.com\\\/ro\\\/#\\\/schema\\\/logo\\\/image\\\/\"}}]}<\/script>\n<!-- \/ Yoast SEO plugin. -->","yoast_head_json":{"title":"DAENG GI MEO RI Honey Therapy Professional Plus Treatment Balsam intensiv cu efect regenerator balsam regenerant intensiv 500 ml - SHOPATOA.COM","robots":{"index":"index","follow":"follow","max-snippet":"max-snippet:-1","max-image-preview":"max-image-preview:large","max-video-preview":"max-video-preview:-1"},"canonical":"https:\/\/shopatoa.com\/ro\/daeng-gi-meo-ri-honey-therapy-professional-plus-treatment-balsam-intensiv-cu-efect-regenerator-balsam-regenerant-intensiv-500-ml\/","og_locale":"ro_RO","og_type":"article","og_title":"DAENG GI MEO RI Honey Therapy Professional Plus Treatment Balsam intensiv cu efect regenerator balsam regenerant intensiv 500 ml - SHOPATOA.COM","og_description":"DAENG GI MEO RI Honey Therapy Professional Plus Treatment, 500 ml, Balsamuri pentru p\u0103r pentru femei, Balsamul de p\u0103r ofer\u0103 \u00eengrijirea necesar\u0103 p\u0103rului sp\u0103lat, hidrateaz\u0103 p\u0103rul \u0219i faciliteaz\u0103 aranjarea sa ulterioar\u0103. Caracteristici: asigur\u0103 p\u0103rului o str\u0103lucire radiant\u0103 las\u0103 p\u0103rul hidratat \u0219i revitalizat confer\u0103 p\u0103rului netezime \u0219i vitalitate \u00eenvioreaz\u0103 luciul \u0219i frumuse\u021bea p\u0103rului vopsit are grij\u0103...","og_url":"https:\/\/shopatoa.com\/ro\/daeng-gi-meo-ri-honey-therapy-professional-plus-treatment-balsam-intensiv-cu-efect-regenerator-balsam-regenerant-intensiv-500-ml\/","og_site_name":"SHOPATOA","article_modified_time":"2025-12-14T06:25:40+00:00","og_image":[{"width":800,"height":800,"url":"https:\/\/storage.googleapis.com\/cz-shopatoa-img\/ro\/5e62126b-unnamed-file.webp","type":"image\/webp"}],"twitter_card":"summary_large_image","twitter_misc":{"Timp estimat pentru citire":"1 minut"},"schema":{"@context":"https:\/\/schema.org","@graph":[{"@type":"WebPage","@id":"https:\/\/shopatoa.com\/ro\/daeng-gi-meo-ri-honey-therapy-professional-plus-treatment-balsam-intensiv-cu-efect-regenerator-balsam-regenerant-intensiv-500-ml\/","url":"https:\/\/shopatoa.com\/ro\/daeng-gi-meo-ri-honey-therapy-professional-plus-treatment-balsam-intensiv-cu-efect-regenerator-balsam-regenerant-intensiv-500-ml\/","name":"DAENG GI MEO RI Honey Therapy Professional Plus Treatment Balsam intensiv cu efect regenerator balsam regenerant intensiv 500 ml - SHOPATOA.COM","isPartOf":{"@id":"https:\/\/shopatoa.com\/ro\/#website"},"primaryImageOfPage":{"@id":"https:\/\/shopatoa.com\/ro\/daeng-gi-meo-ri-honey-therapy-professional-plus-treatment-balsam-intensiv-cu-efect-regenerator-balsam-regenerant-intensiv-500-ml\/#primaryimage"},"image":{"@id":"https:\/\/shopatoa.com\/ro\/daeng-gi-meo-ri-honey-therapy-professional-plus-treatment-balsam-intensiv-cu-efect-regenerator-balsam-regenerant-intensiv-500-ml\/#primaryimage"},"thumbnailUrl":"https:\/\/storage.googleapis.com\/cz-shopatoa-img\/ro\/5e62126b-unnamed-file.webp","datePublished":"2025-06-29T17:55:42+00:00","dateModified":"2025-12-14T06:25:40+00:00","breadcrumb":{"@id":"https:\/\/shopatoa.com\/ro\/daeng-gi-meo-ri-honey-therapy-professional-plus-treatment-balsam-intensiv-cu-efect-regenerator-balsam-regenerant-intensiv-500-ml\/#breadcrumb"},"inLanguage":"ro-RO","potentialAction":[{"@type":"ReadAction","target":["https:\/\/shopatoa.com\/ro\/daeng-gi-meo-ri-honey-therapy-professional-plus-treatment-balsam-intensiv-cu-efect-regenerator-balsam-regenerant-intensiv-500-ml\/"]}]},{"@type":"ImageObject","inLanguage":"ro-RO","@id":"https:\/\/shopatoa.com\/ro\/daeng-gi-meo-ri-honey-therapy-professional-plus-treatment-balsam-intensiv-cu-efect-regenerator-balsam-regenerant-intensiv-500-ml\/#primaryimage","url":"https:\/\/storage.googleapis.com\/cz-shopatoa-img\/ro\/5e62126b-unnamed-file.webp","contentUrl":"https:\/\/storage.googleapis.com\/cz-shopatoa-img\/ro\/5e62126b-unnamed-file.webp","width":800,"height":800},{"@type":"BreadcrumbList","@id":"https:\/\/shopatoa.com\/ro\/daeng-gi-meo-ri-honey-therapy-professional-plus-treatment-balsam-intensiv-cu-efect-regenerator-balsam-regenerant-intensiv-500-ml\/#breadcrumb","itemListElement":[{"@type":"ListItem","position":1,"name":"Dom\u016f","item":"https:\/\/shopatoa.com\/ro\/"},{"@type":"ListItem","position":2,"name":"Shop","item":"https:\/\/shopatoa.com\/ro\/shop\/"},{"@type":"ListItem","position":3,"name":"S\u0103n\u0103tate \u0219i frumuse\u021be","item":"https:\/\/shopatoa.com\/ro\/sanatate-si-frumusete\/"},{"@type":"ListItem","position":4,"name":"\u00cengrijire personal\u0103","item":"https:\/\/shopatoa.com\/ro\/ingrijire-personala\/"},{"@type":"ListItem","position":5,"name":"\u00cengrijirea p\u0103rului","item":"https:\/\/shopatoa.com\/ro\/ingrijirea-parului\/"},{"@type":"ListItem","position":6,"name":"DAENG GI MEO RI Honey Therapy Professional Plus Treatment Balsam intensiv cu efect regenerator balsam regenerant intensiv 500 ml"}]},{"@type":"WebSite","@id":"https:\/\/shopatoa.com\/ro\/#website","url":"https:\/\/shopatoa.com\/ro\/","name":"SHOPATOA","description":"","publisher":{"@id":"https:\/\/shopatoa.com\/ro\/#organization"},"potentialAction":[{"@type":"SearchAction","target":{"@type":"EntryPoint","urlTemplate":"https:\/\/shopatoa.com\/ro\/?s={search_term_string}"},"query-input":{"@type":"PropertyValueSpecification","valueRequired":true,"valueName":"search_term_string"}}],"inLanguage":"ro-RO"},{"@type":"Organization","@id":"https:\/\/shopatoa.com\/ro\/#organization","name":"SHOPATOA","url":"https:\/\/shopatoa.com\/ro\/","logo":{"@type":"ImageObject","inLanguage":"ro-RO","@id":"https:\/\/shopatoa.com\/ro\/#\/schema\/logo\/image\/","url":"https:\/\/storage.googleapis.com\/cz-shopatoa-img\/ro\/b4dac915-shopatoa_logo.png","contentUrl":"https:\/\/storage.googleapis.com\/cz-shopatoa-img\/ro\/b4dac915-shopatoa_logo.png","width":416,"height":63,"caption":"SHOPATOA"},"image":{"@id":"https:\/\/shopatoa.com\/ro\/#\/schema\/logo\/image\/"}}]}},"_links":{"self":[{"href":"https:\/\/shopatoa.com\/ro\/wp-json\/wp\/v2\/product\/484555","targetHints":{"allow":["GET"]}}],"collection":[{"href":"https:\/\/shopatoa.com\/ro\/wp-json\/wp\/v2\/product"}],"about":[{"href":"https:\/\/shopatoa.com\/ro\/wp-json\/wp\/v2\/types\/product"}],"replies":[{"embeddable":true,"href":"https:\/\/shopatoa.com\/ro\/wp-json\/wp\/v2\/comments?post=484555"}],"wp:featuredmedia":[{"embeddable":true,"href":"https:\/\/shopatoa.com\/ro\/wp-json\/wp\/v2\/media\/487490"}],"wp:attachment":[{"href":"https:\/\/shopatoa.com\/ro\/wp-json\/wp\/v2\/media?parent=484555"}],"wp:term":[{"taxonomy":"product_brand","embeddable":true,"href":"https:\/\/shopatoa.com\/ro\/wp-json\/wp\/v2\/product_brand?post=484555"},{"taxonomy":"product_cat","embeddable":true,"href":"https:\/\/shopatoa.com\/ro\/wp-json\/wp\/v2\/product_cat?post=484555"},{"taxonomy":"product_tag","embeddable":true,"href":"https:\/\/shopatoa.com\/ro\/wp-json\/wp\/v2\/product_tag?post=484555"}],"curies":[{"name":"wp","href":"https:\/\/api.w.org\/{rel}","templated":true}]}}