{"id":484609,"date":"2025-06-29T20:04:31","date_gmt":"2025-06-29T18:04:31","guid":{"rendered":"https:\/\/shopatoa.com\/ro\/etude-baking-powder-demachiant-cu-efect-de-peenling-cu-efect-racoritor-200-g\/"},"modified":"2025-12-14T07:03:16","modified_gmt":"2025-12-14T06:03:16","slug":"etude-baking-powder-demachiant-cu-efect-de-peenling-cu-efect-racoritor-200-g","status":"publish","type":"product","link":"https:\/\/shopatoa.com\/ro\/etude-baking-powder-demachiant-cu-efect-de-peenling-cu-efect-racoritor-200-g\/","title":{"rendered":"ETUDE Baking Powder demachiant cu efect de peenling cu efect racoritor 200 g"},"content":{"rendered":"<p>ETUDE Baking Powder, 200 g, Peeling pentru ten pentru femei, Datorit\u0103 ac\u021biunii sale profunde \u0219i a efectelor exfoliante, exfoliantul de cur\u0103\u021bare ETUDE Baking Powder ajut\u0103 la prevenirea apari\u021biei imperfec\u021biunilor cutanate. Nu doar c\u0103 \u00eendep\u0103rteaz\u0103 toate impurit\u0103\u021bile de pe ten, dar elimin\u0103 \u0219i celulele moarte care au tendin\u021ba de a bloca porii, de a cauza puncte negre sau de a oferi tenului un aspect tern \u0219i lipsit de str\u0103lucire.  Caracteristici:  spal\u0103 \u0219i cur\u0103\u021b\u0103 temeinic \u00eentreaga fa\u021b\u0103 desfund\u0103 porii astupa\u021bi \u00eendep\u0103rteaz\u0103 celulele epiteliale moarte  Cum se utilizeaz\u0103: Se aplic\u0103 pe fa\u021ba umed\u0103, prin masaj delicat \u0219i se cl\u0103te\u0219te atent cu ap\u0103. Se utilizeaz\u0103 1- 3x s\u0103pt\u0103m\u00e2nal.<\/p>\n","protected":false},"excerpt":{"rendered":"<p>ETUDE Baking Powder, 200 g, Peeling pentru ten pentru femei, Datorit\u0103 ac\u021biunii sale profunde \u0219i a efectelor exfoliante, exfoliantul de cur\u0103\u021bare ETUDE Baking Powder ajut\u0103 la prevenirea apari\u021biei imperfec\u021biunilor cutanate. Nu doar c\u0103 \u00eendep\u0103rteaz\u0103 toate impurit\u0103\u021bile de pe ten, dar elimin\u0103 \u0219i celulele moarte care au tendin\u021ba de a bloca porii, de a cauza puncte&#8230;<\/p>\n","protected":false},"featured_media":487541,"comment_status":"closed","ping_status":"open","template":"","meta":{"_acf_changed":false,"_kadence_starter_templates_imported_post":false,"_kad_post_transparent":"","_kad_post_title":"","_kad_post_layout":"","_kad_post_sidebar_id":"","_kad_post_content_style":"","_kad_post_vertical_padding":"","_kad_post_feature":"","_kad_post_feature_position":"","_kad_post_header":false,"_kad_post_footer":false,"_kad_post_classname":""},"product_brand":[1988],"product_cat":[1564,1563,1565,1614,1562],"product_tag":[],"class_list":{"0":"post-484609","1":"product","2":"type-product","3":"status-publish","4":"has-post-thumbnail","6":"product_brand-etude","7":"product_cat-cosmetice-ingrijire-personala","8":"product_cat-ingrijire-personala","9":"product_cat-ingrijirea-pielii","10":"product_cat-masti-si-peelings-pentru-ten","11":"product_cat-sanatate-si-frumusete","12":"pa_gen-female","13":"pa_marime-200-g","15":"first","16":"instock","17":"sale","18":"product-type-external","19":"entry","20":"content-bg","21":"loop-entry"},"acf":[],"yoast_head":"<!-- This site is optimized with the Yoast SEO plugin v27.4 - https:\/\/yoast.com\/product\/yoast-seo-wordpress\/ -->\n<title>ETUDE Baking Powder demachiant cu efect de peenling cu efect racoritor 200 g - SHOPATOA.COM<\/title>\n<meta name=\"robots\" content=\"index, follow, max-snippet:-1, max-image-preview:large, max-video-preview:-1\" \/>\n<link rel=\"canonical\" href=\"https:\/\/shopatoa.com\/ro\/etude-baking-powder-demachiant-cu-efect-de-peenling-cu-efect-racoritor-200-g\/\" \/>\n<meta property=\"og:locale\" content=\"ro_RO\" \/>\n<meta property=\"og:type\" content=\"article\" \/>\n<meta property=\"og:title\" content=\"ETUDE Baking Powder demachiant cu efect de peenling cu efect racoritor 200 g - SHOPATOA.COM\" \/>\n<meta property=\"og:description\" content=\"ETUDE Baking Powder, 200 g, Peeling pentru ten pentru femei, Datorit\u0103 ac\u021biunii sale profunde \u0219i a efectelor exfoliante, exfoliantul de cur\u0103\u021bare ETUDE Baking Powder ajut\u0103 la prevenirea apari\u021biei imperfec\u021biunilor cutanate. Nu doar c\u0103 \u00eendep\u0103rteaz\u0103 toate impurit\u0103\u021bile de pe ten, dar elimin\u0103 \u0219i celulele moarte care au tendin\u021ba de a bloca porii, de a cauza puncte...\" \/>\n<meta property=\"og:url\" content=\"https:\/\/shopatoa.com\/ro\/etude-baking-powder-demachiant-cu-efect-de-peenling-cu-efect-racoritor-200-g\/\" \/>\n<meta property=\"og:site_name\" content=\"SHOPATOA\" \/>\n<meta property=\"article:modified_time\" content=\"2025-12-14T06:03:16+00:00\" \/>\n<meta property=\"og:image\" content=\"https:\/\/storage.googleapis.com\/cz-shopatoa-img\/ro\/3882df15-unnamed-file.webp\" \/>\n\t<meta property=\"og:image:width\" content=\"800\" \/>\n\t<meta property=\"og:image:height\" content=\"800\" \/>\n\t<meta property=\"og:image:type\" content=\"image\/webp\" \/>\n<meta name=\"twitter:card\" content=\"summary_large_image\" \/>\n<meta name=\"twitter:label1\" content=\"Timp estimat pentru citire\" \/>\n\t<meta name=\"twitter:data1\" content=\"1 minut\" \/>\n<script type=\"application\/ld+json\" class=\"yoast-schema-graph\">{\"@context\":\"https:\\\/\\\/schema.org\",\"@graph\":[{\"@type\":\"WebPage\",\"@id\":\"https:\\\/\\\/shopatoa.com\\\/ro\\\/etude-baking-powder-demachiant-cu-efect-de-peenling-cu-efect-racoritor-200-g\\\/\",\"url\":\"https:\\\/\\\/shopatoa.com\\\/ro\\\/etude-baking-powder-demachiant-cu-efect-de-peenling-cu-efect-racoritor-200-g\\\/\",\"name\":\"ETUDE Baking Powder demachiant cu efect de peenling cu efect racoritor 200 g - SHOPATOA.COM\",\"isPartOf\":{\"@id\":\"https:\\\/\\\/shopatoa.com\\\/ro\\\/#website\"},\"primaryImageOfPage\":{\"@id\":\"https:\\\/\\\/shopatoa.com\\\/ro\\\/etude-baking-powder-demachiant-cu-efect-de-peenling-cu-efect-racoritor-200-g\\\/#primaryimage\"},\"image\":{\"@id\":\"https:\\\/\\\/shopatoa.com\\\/ro\\\/etude-baking-powder-demachiant-cu-efect-de-peenling-cu-efect-racoritor-200-g\\\/#primaryimage\"},\"thumbnailUrl\":\"https:\\\/\\\/storage.googleapis.com\\\/cz-shopatoa-img\\\/ro\\\/3882df15-unnamed-file.webp\",\"datePublished\":\"2025-06-29T18:04:31+00:00\",\"dateModified\":\"2025-12-14T06:03:16+00:00\",\"breadcrumb\":{\"@id\":\"https:\\\/\\\/shopatoa.com\\\/ro\\\/etude-baking-powder-demachiant-cu-efect-de-peenling-cu-efect-racoritor-200-g\\\/#breadcrumb\"},\"inLanguage\":\"ro-RO\",\"potentialAction\":[{\"@type\":\"ReadAction\",\"target\":[\"https:\\\/\\\/shopatoa.com\\\/ro\\\/etude-baking-powder-demachiant-cu-efect-de-peenling-cu-efect-racoritor-200-g\\\/\"]}]},{\"@type\":\"ImageObject\",\"inLanguage\":\"ro-RO\",\"@id\":\"https:\\\/\\\/shopatoa.com\\\/ro\\\/etude-baking-powder-demachiant-cu-efect-de-peenling-cu-efect-racoritor-200-g\\\/#primaryimage\",\"url\":\"https:\\\/\\\/storage.googleapis.com\\\/cz-shopatoa-img\\\/ro\\\/3882df15-unnamed-file.webp\",\"contentUrl\":\"https:\\\/\\\/storage.googleapis.com\\\/cz-shopatoa-img\\\/ro\\\/3882df15-unnamed-file.webp\",\"width\":800,\"height\":800},{\"@type\":\"BreadcrumbList\",\"@id\":\"https:\\\/\\\/shopatoa.com\\\/ro\\\/etude-baking-powder-demachiant-cu-efect-de-peenling-cu-efect-racoritor-200-g\\\/#breadcrumb\",\"itemListElement\":[{\"@type\":\"ListItem\",\"position\":1,\"name\":\"Dom\u016f\",\"item\":\"https:\\\/\\\/shopatoa.com\\\/ro\\\/\"},{\"@type\":\"ListItem\",\"position\":2,\"name\":\"Shop\",\"item\":\"https:\\\/\\\/shopatoa.com\\\/ro\\\/shop\\\/\"},{\"@type\":\"ListItem\",\"position\":3,\"name\":\"S\u0103n\u0103tate \u0219i frumuse\u021be\",\"item\":\"https:\\\/\\\/shopatoa.com\\\/ro\\\/sanatate-si-frumusete\\\/\"},{\"@type\":\"ListItem\",\"position\":4,\"name\":\"\u00cengrijire personal\u0103\",\"item\":\"https:\\\/\\\/shopatoa.com\\\/ro\\\/ingrijire-personala\\\/\"},{\"@type\":\"ListItem\",\"position\":5,\"name\":\"Cosmetice\",\"item\":\"https:\\\/\\\/shopatoa.com\\\/ro\\\/cosmetice-ingrijire-personala\\\/\"},{\"@type\":\"ListItem\",\"position\":6,\"name\":\"\u00cengrijirea pielii\",\"item\":\"https:\\\/\\\/shopatoa.com\\\/ro\\\/ingrijirea-pielii\\\/\"},{\"@type\":\"ListItem\",\"position\":7,\"name\":\"M\u0103\u0219ti \u0219i peelings pentru ten\",\"item\":\"https:\\\/\\\/shopatoa.com\\\/ro\\\/masti-si-peelings-pentru-ten\\\/\"},{\"@type\":\"ListItem\",\"position\":8,\"name\":\"ETUDE Baking Powder demachiant cu efect de peenling cu efect racoritor 200 g\"}]},{\"@type\":\"WebSite\",\"@id\":\"https:\\\/\\\/shopatoa.com\\\/ro\\\/#website\",\"url\":\"https:\\\/\\\/shopatoa.com\\\/ro\\\/\",\"name\":\"SHOPATOA\",\"description\":\"\",\"publisher\":{\"@id\":\"https:\\\/\\\/shopatoa.com\\\/ro\\\/#organization\"},\"potentialAction\":[{\"@type\":\"SearchAction\",\"target\":{\"@type\":\"EntryPoint\",\"urlTemplate\":\"https:\\\/\\\/shopatoa.com\\\/ro\\\/?s={search_term_string}\"},\"query-input\":{\"@type\":\"PropertyValueSpecification\",\"valueRequired\":true,\"valueName\":\"search_term_string\"}}],\"inLanguage\":\"ro-RO\"},{\"@type\":\"Organization\",\"@id\":\"https:\\\/\\\/shopatoa.com\\\/ro\\\/#organization\",\"name\":\"SHOPATOA\",\"url\":\"https:\\\/\\\/shopatoa.com\\\/ro\\\/\",\"logo\":{\"@type\":\"ImageObject\",\"inLanguage\":\"ro-RO\",\"@id\":\"https:\\\/\\\/shopatoa.com\\\/ro\\\/#\\\/schema\\\/logo\\\/image\\\/\",\"url\":\"https:\\\/\\\/storage.googleapis.com\\\/cz-shopatoa-img\\\/ro\\\/b4dac915-shopatoa_logo.png\",\"contentUrl\":\"https:\\\/\\\/storage.googleapis.com\\\/cz-shopatoa-img\\\/ro\\\/b4dac915-shopatoa_logo.png\",\"width\":416,\"height\":63,\"caption\":\"SHOPATOA\"},\"image\":{\"@id\":\"https:\\\/\\\/shopatoa.com\\\/ro\\\/#\\\/schema\\\/logo\\\/image\\\/\"}}]}<\/script>\n<!-- \/ Yoast SEO plugin. -->","yoast_head_json":{"title":"ETUDE Baking Powder demachiant cu efect de peenling cu efect racoritor 200 g - SHOPATOA.COM","robots":{"index":"index","follow":"follow","max-snippet":"max-snippet:-1","max-image-preview":"max-image-preview:large","max-video-preview":"max-video-preview:-1"},"canonical":"https:\/\/shopatoa.com\/ro\/etude-baking-powder-demachiant-cu-efect-de-peenling-cu-efect-racoritor-200-g\/","og_locale":"ro_RO","og_type":"article","og_title":"ETUDE Baking Powder demachiant cu efect de peenling cu efect racoritor 200 g - SHOPATOA.COM","og_description":"ETUDE Baking Powder, 200 g, Peeling pentru ten pentru femei, Datorit\u0103 ac\u021biunii sale profunde \u0219i a efectelor exfoliante, exfoliantul de cur\u0103\u021bare ETUDE Baking Powder ajut\u0103 la prevenirea apari\u021biei imperfec\u021biunilor cutanate. Nu doar c\u0103 \u00eendep\u0103rteaz\u0103 toate impurit\u0103\u021bile de pe ten, dar elimin\u0103 \u0219i celulele moarte care au tendin\u021ba de a bloca porii, de a cauza puncte...","og_url":"https:\/\/shopatoa.com\/ro\/etude-baking-powder-demachiant-cu-efect-de-peenling-cu-efect-racoritor-200-g\/","og_site_name":"SHOPATOA","article_modified_time":"2025-12-14T06:03:16+00:00","og_image":[{"width":800,"height":800,"url":"https:\/\/storage.googleapis.com\/cz-shopatoa-img\/ro\/3882df15-unnamed-file.webp","type":"image\/webp"}],"twitter_card":"summary_large_image","twitter_misc":{"Timp estimat pentru citire":"1 minut"},"schema":{"@context":"https:\/\/schema.org","@graph":[{"@type":"WebPage","@id":"https:\/\/shopatoa.com\/ro\/etude-baking-powder-demachiant-cu-efect-de-peenling-cu-efect-racoritor-200-g\/","url":"https:\/\/shopatoa.com\/ro\/etude-baking-powder-demachiant-cu-efect-de-peenling-cu-efect-racoritor-200-g\/","name":"ETUDE Baking Powder demachiant cu efect de peenling cu efect racoritor 200 g - SHOPATOA.COM","isPartOf":{"@id":"https:\/\/shopatoa.com\/ro\/#website"},"primaryImageOfPage":{"@id":"https:\/\/shopatoa.com\/ro\/etude-baking-powder-demachiant-cu-efect-de-peenling-cu-efect-racoritor-200-g\/#primaryimage"},"image":{"@id":"https:\/\/shopatoa.com\/ro\/etude-baking-powder-demachiant-cu-efect-de-peenling-cu-efect-racoritor-200-g\/#primaryimage"},"thumbnailUrl":"https:\/\/storage.googleapis.com\/cz-shopatoa-img\/ro\/3882df15-unnamed-file.webp","datePublished":"2025-06-29T18:04:31+00:00","dateModified":"2025-12-14T06:03:16+00:00","breadcrumb":{"@id":"https:\/\/shopatoa.com\/ro\/etude-baking-powder-demachiant-cu-efect-de-peenling-cu-efect-racoritor-200-g\/#breadcrumb"},"inLanguage":"ro-RO","potentialAction":[{"@type":"ReadAction","target":["https:\/\/shopatoa.com\/ro\/etude-baking-powder-demachiant-cu-efect-de-peenling-cu-efect-racoritor-200-g\/"]}]},{"@type":"ImageObject","inLanguage":"ro-RO","@id":"https:\/\/shopatoa.com\/ro\/etude-baking-powder-demachiant-cu-efect-de-peenling-cu-efect-racoritor-200-g\/#primaryimage","url":"https:\/\/storage.googleapis.com\/cz-shopatoa-img\/ro\/3882df15-unnamed-file.webp","contentUrl":"https:\/\/storage.googleapis.com\/cz-shopatoa-img\/ro\/3882df15-unnamed-file.webp","width":800,"height":800},{"@type":"BreadcrumbList","@id":"https:\/\/shopatoa.com\/ro\/etude-baking-powder-demachiant-cu-efect-de-peenling-cu-efect-racoritor-200-g\/#breadcrumb","itemListElement":[{"@type":"ListItem","position":1,"name":"Dom\u016f","item":"https:\/\/shopatoa.com\/ro\/"},{"@type":"ListItem","position":2,"name":"Shop","item":"https:\/\/shopatoa.com\/ro\/shop\/"},{"@type":"ListItem","position":3,"name":"S\u0103n\u0103tate \u0219i frumuse\u021be","item":"https:\/\/shopatoa.com\/ro\/sanatate-si-frumusete\/"},{"@type":"ListItem","position":4,"name":"\u00cengrijire personal\u0103","item":"https:\/\/shopatoa.com\/ro\/ingrijire-personala\/"},{"@type":"ListItem","position":5,"name":"Cosmetice","item":"https:\/\/shopatoa.com\/ro\/cosmetice-ingrijire-personala\/"},{"@type":"ListItem","position":6,"name":"\u00cengrijirea pielii","item":"https:\/\/shopatoa.com\/ro\/ingrijirea-pielii\/"},{"@type":"ListItem","position":7,"name":"M\u0103\u0219ti \u0219i peelings pentru ten","item":"https:\/\/shopatoa.com\/ro\/masti-si-peelings-pentru-ten\/"},{"@type":"ListItem","position":8,"name":"ETUDE Baking Powder demachiant cu efect de peenling cu efect racoritor 200 g"}]},{"@type":"WebSite","@id":"https:\/\/shopatoa.com\/ro\/#website","url":"https:\/\/shopatoa.com\/ro\/","name":"SHOPATOA","description":"","publisher":{"@id":"https:\/\/shopatoa.com\/ro\/#organization"},"potentialAction":[{"@type":"SearchAction","target":{"@type":"EntryPoint","urlTemplate":"https:\/\/shopatoa.com\/ro\/?s={search_term_string}"},"query-input":{"@type":"PropertyValueSpecification","valueRequired":true,"valueName":"search_term_string"}}],"inLanguage":"ro-RO"},{"@type":"Organization","@id":"https:\/\/shopatoa.com\/ro\/#organization","name":"SHOPATOA","url":"https:\/\/shopatoa.com\/ro\/","logo":{"@type":"ImageObject","inLanguage":"ro-RO","@id":"https:\/\/shopatoa.com\/ro\/#\/schema\/logo\/image\/","url":"https:\/\/storage.googleapis.com\/cz-shopatoa-img\/ro\/b4dac915-shopatoa_logo.png","contentUrl":"https:\/\/storage.googleapis.com\/cz-shopatoa-img\/ro\/b4dac915-shopatoa_logo.png","width":416,"height":63,"caption":"SHOPATOA"},"image":{"@id":"https:\/\/shopatoa.com\/ro\/#\/schema\/logo\/image\/"}}]}},"_links":{"self":[{"href":"https:\/\/shopatoa.com\/ro\/wp-json\/wp\/v2\/product\/484609","targetHints":{"allow":["GET"]}}],"collection":[{"href":"https:\/\/shopatoa.com\/ro\/wp-json\/wp\/v2\/product"}],"about":[{"href":"https:\/\/shopatoa.com\/ro\/wp-json\/wp\/v2\/types\/product"}],"replies":[{"embeddable":true,"href":"https:\/\/shopatoa.com\/ro\/wp-json\/wp\/v2\/comments?post=484609"}],"wp:featuredmedia":[{"embeddable":true,"href":"https:\/\/shopatoa.com\/ro\/wp-json\/wp\/v2\/media\/487541"}],"wp:attachment":[{"href":"https:\/\/shopatoa.com\/ro\/wp-json\/wp\/v2\/media?parent=484609"}],"wp:term":[{"taxonomy":"product_brand","embeddable":true,"href":"https:\/\/shopatoa.com\/ro\/wp-json\/wp\/v2\/product_brand?post=484609"},{"taxonomy":"product_cat","embeddable":true,"href":"https:\/\/shopatoa.com\/ro\/wp-json\/wp\/v2\/product_cat?post=484609"},{"taxonomy":"product_tag","embeddable":true,"href":"https:\/\/shopatoa.com\/ro\/wp-json\/wp\/v2\/product_tag?post=484609"}],"curies":[{"name":"wp","href":"https:\/\/api.w.org\/{rel}","templated":true}]}}