{"id":484631,"date":"2025-06-29T20:07:21","date_gmt":"2025-06-29T18:07:21","guid":{"rendered":"https:\/\/shopatoa.com\/ro\/the-humble-co-brush-kids-periuta-de-dinti-de-bambus-ultra-moale-pentru-copii-5-buc\/"},"modified":"2025-06-29T20:08:26","modified_gmt":"2025-06-29T18:08:26","slug":"the-humble-co-brush-kids-periuta-de-dinti-de-bambus-ultra-moale-pentru-copii-5-buc","status":"publish","type":"product","link":"https:\/\/shopatoa.com\/ro\/the-humble-co-brush-kids-periuta-de-dinti-de-bambus-ultra-moale-pentru-copii-5-buc\/","title":{"rendered":"The Humble Co. Brush Kids Periuta de dinti de bambus ultra moale pentru copii 5 buc"},"content":{"rendered":"<p>The Humble Co. Brush Kids, 5 buc, Periu\u021be de din\u021bi pentru copii pentru copii, Periu\u021ba de din\u021bi The Humble Co. Brush Kids consolideaz\u0103 prin joc obiceiurile igienice la copii. Designul s\u0103u vesel transform\u0103 sp\u0103larea din\u021bilor \u00een distrac\u021bie.  Caracteristici:  \u00eendep\u0103rteaz\u0103 placa dentobacterian\u0103 lustruie\u0219te suprafa\u021ba din\u021bilor u\u0219or de manevrat \u00eengrije\u0219te delicat gingiile \u0219i smal\u021bul dentar se \u021bine comod \u00een m\u00e2n\u0103  Ingrediente:  produs vegan  Cum se utilizeaz\u0103: Se aplic\u0103 pasta de din\u021bi pe periu\u021b\u0103, se umeze\u0219te, apoi se cur\u0103\u021b\u0103 din\u021bii \u0219i cavitatea bucal\u0103. Se cl\u0103te\u0219te bine.<\/p>\n","protected":false},"excerpt":{"rendered":"<p>The Humble Co. Brush Kids, 5 buc, Periu\u021be de din\u021bi pentru copii pentru copii, Periu\u021ba de din\u021bi The Humble Co. Brush Kids consolideaz\u0103 prin joc obiceiurile igienice la copii. Designul s\u0103u vesel transform\u0103 sp\u0103larea din\u021bilor \u00een distrac\u021bie. Caracteristici: \u00eendep\u0103rteaz\u0103 placa dentobacterian\u0103 lustruie\u0219te suprafa\u021ba din\u021bilor u\u0219or de manevrat \u00eengrije\u0219te delicat gingiile \u0219i smal\u021bul dentar se \u021bine&#8230;<\/p>\n","protected":false},"featured_media":0,"comment_status":"closed","ping_status":"open","template":"","meta":{"_acf_changed":false,"_kadence_starter_templates_imported_post":false,"_kad_post_transparent":"","_kad_post_title":"","_kad_post_layout":"","_kad_post_sidebar_id":"","_kad_post_content_style":"","_kad_post_vertical_padding":"","_kad_post_feature":"","_kad_post_feature_position":"","_kad_post_header":false,"_kad_post_footer":false,"_kad_post_classname":""},"product_brand":[1847],"product_cat":[1605,1563,1606,1562],"product_tag":[],"class_list":{"0":"post-484631","1":"product","2":"type-product","3":"status-publish","5":"product_brand-the-humble-co","6":"product_cat-ingrijire-orala","7":"product_cat-ingrijire-personala","8":"product_cat-periute-de-dinti-ingrijire-orala","9":"product_cat-sanatate-si-frumusete","10":"pa_gen-unisex","11":"pa_marime-5-buc","13":"first","14":"instock","15":"product-type-external","16":"entry","17":"content-bg","18":"loop-entry"},"acf":[],"yoast_head":"<!-- This site is optimized with the Yoast SEO plugin v27.4 - https:\/\/yoast.com\/product\/yoast-seo-wordpress\/ -->\n<title>The Humble Co. Brush Kids Periuta de dinti de bambus ultra moale pentru copii 5 buc - SHOPATOA.COM<\/title>\n<meta name=\"robots\" content=\"index, follow, max-snippet:-1, max-image-preview:large, max-video-preview:-1\" \/>\n<link rel=\"canonical\" href=\"https:\/\/shopatoa.com\/ro\/the-humble-co-brush-kids-periuta-de-dinti-de-bambus-ultra-moale-pentru-copii-5-buc\/\" \/>\n<meta property=\"og:locale\" content=\"ro_RO\" \/>\n<meta property=\"og:type\" content=\"article\" \/>\n<meta property=\"og:title\" content=\"The Humble Co. Brush Kids Periuta de dinti de bambus ultra moale pentru copii 5 buc - SHOPATOA.COM\" \/>\n<meta property=\"og:description\" content=\"The Humble Co. Brush Kids, 5 buc, Periu\u021be de din\u021bi pentru copii pentru copii, Periu\u021ba de din\u021bi The Humble Co. Brush Kids consolideaz\u0103 prin joc obiceiurile igienice la copii. Designul s\u0103u vesel transform\u0103 sp\u0103larea din\u021bilor \u00een distrac\u021bie. Caracteristici: \u00eendep\u0103rteaz\u0103 placa dentobacterian\u0103 lustruie\u0219te suprafa\u021ba din\u021bilor u\u0219or de manevrat \u00eengrije\u0219te delicat gingiile \u0219i smal\u021bul dentar se \u021bine...\" \/>\n<meta property=\"og:url\" content=\"https:\/\/shopatoa.com\/ro\/the-humble-co-brush-kids-periuta-de-dinti-de-bambus-ultra-moale-pentru-copii-5-buc\/\" \/>\n<meta property=\"og:site_name\" content=\"SHOPATOA\" \/>\n<meta property=\"article:modified_time\" content=\"2025-06-29T18:08:26+00:00\" \/>\n<meta name=\"twitter:card\" content=\"summary_large_image\" \/>\n<meta name=\"twitter:label1\" content=\"Timp estimat pentru citire\" \/>\n\t<meta name=\"twitter:data1\" content=\"1 minut\" \/>\n<script type=\"application\/ld+json\" class=\"yoast-schema-graph\">{\"@context\":\"https:\\\/\\\/schema.org\",\"@graph\":[{\"@type\":\"WebPage\",\"@id\":\"https:\\\/\\\/shopatoa.com\\\/ro\\\/the-humble-co-brush-kids-periuta-de-dinti-de-bambus-ultra-moale-pentru-copii-5-buc\\\/\",\"url\":\"https:\\\/\\\/shopatoa.com\\\/ro\\\/the-humble-co-brush-kids-periuta-de-dinti-de-bambus-ultra-moale-pentru-copii-5-buc\\\/\",\"name\":\"The Humble Co. Brush Kids Periuta de dinti de bambus ultra moale pentru copii 5 buc - SHOPATOA.COM\",\"isPartOf\":{\"@id\":\"https:\\\/\\\/shopatoa.com\\\/ro\\\/#website\"},\"datePublished\":\"2025-06-29T18:07:21+00:00\",\"dateModified\":\"2025-06-29T18:08:26+00:00\",\"breadcrumb\":{\"@id\":\"https:\\\/\\\/shopatoa.com\\\/ro\\\/the-humble-co-brush-kids-periuta-de-dinti-de-bambus-ultra-moale-pentru-copii-5-buc\\\/#breadcrumb\"},\"inLanguage\":\"ro-RO\",\"potentialAction\":[{\"@type\":\"ReadAction\",\"target\":[\"https:\\\/\\\/shopatoa.com\\\/ro\\\/the-humble-co-brush-kids-periuta-de-dinti-de-bambus-ultra-moale-pentru-copii-5-buc\\\/\"]}]},{\"@type\":\"BreadcrumbList\",\"@id\":\"https:\\\/\\\/shopatoa.com\\\/ro\\\/the-humble-co-brush-kids-periuta-de-dinti-de-bambus-ultra-moale-pentru-copii-5-buc\\\/#breadcrumb\",\"itemListElement\":[{\"@type\":\"ListItem\",\"position\":1,\"name\":\"Dom\u016f\",\"item\":\"https:\\\/\\\/shopatoa.com\\\/ro\\\/\"},{\"@type\":\"ListItem\",\"position\":2,\"name\":\"Shop\",\"item\":\"https:\\\/\\\/shopatoa.com\\\/ro\\\/shop\\\/\"},{\"@type\":\"ListItem\",\"position\":3,\"name\":\"The Humble Co. Brush Kids Periuta de dinti de bambus ultra moale pentru copii 5 buc\"}]},{\"@type\":\"WebSite\",\"@id\":\"https:\\\/\\\/shopatoa.com\\\/ro\\\/#website\",\"url\":\"https:\\\/\\\/shopatoa.com\\\/ro\\\/\",\"name\":\"SHOPATOA\",\"description\":\"\",\"publisher\":{\"@id\":\"https:\\\/\\\/shopatoa.com\\\/ro\\\/#organization\"},\"potentialAction\":[{\"@type\":\"SearchAction\",\"target\":{\"@type\":\"EntryPoint\",\"urlTemplate\":\"https:\\\/\\\/shopatoa.com\\\/ro\\\/?s={search_term_string}\"},\"query-input\":{\"@type\":\"PropertyValueSpecification\",\"valueRequired\":true,\"valueName\":\"search_term_string\"}}],\"inLanguage\":\"ro-RO\"},{\"@type\":\"Organization\",\"@id\":\"https:\\\/\\\/shopatoa.com\\\/ro\\\/#organization\",\"name\":\"SHOPATOA\",\"url\":\"https:\\\/\\\/shopatoa.com\\\/ro\\\/\",\"logo\":{\"@type\":\"ImageObject\",\"inLanguage\":\"ro-RO\",\"@id\":\"https:\\\/\\\/shopatoa.com\\\/ro\\\/#\\\/schema\\\/logo\\\/image\\\/\",\"url\":\"https:\\\/\\\/storage.googleapis.com\\\/cz-shopatoa-img\\\/ro\\\/b4dac915-shopatoa_logo.png\",\"contentUrl\":\"https:\\\/\\\/storage.googleapis.com\\\/cz-shopatoa-img\\\/ro\\\/b4dac915-shopatoa_logo.png\",\"width\":416,\"height\":63,\"caption\":\"SHOPATOA\"},\"image\":{\"@id\":\"https:\\\/\\\/shopatoa.com\\\/ro\\\/#\\\/schema\\\/logo\\\/image\\\/\"}}]}<\/script>\n<!-- \/ Yoast SEO plugin. -->","yoast_head_json":{"title":"The Humble Co. Brush Kids Periuta de dinti de bambus ultra moale pentru copii 5 buc - SHOPATOA.COM","robots":{"index":"index","follow":"follow","max-snippet":"max-snippet:-1","max-image-preview":"max-image-preview:large","max-video-preview":"max-video-preview:-1"},"canonical":"https:\/\/shopatoa.com\/ro\/the-humble-co-brush-kids-periuta-de-dinti-de-bambus-ultra-moale-pentru-copii-5-buc\/","og_locale":"ro_RO","og_type":"article","og_title":"The Humble Co. Brush Kids Periuta de dinti de bambus ultra moale pentru copii 5 buc - SHOPATOA.COM","og_description":"The Humble Co. Brush Kids, 5 buc, Periu\u021be de din\u021bi pentru copii pentru copii, Periu\u021ba de din\u021bi The Humble Co. Brush Kids consolideaz\u0103 prin joc obiceiurile igienice la copii. Designul s\u0103u vesel transform\u0103 sp\u0103larea din\u021bilor \u00een distrac\u021bie. Caracteristici: \u00eendep\u0103rteaz\u0103 placa dentobacterian\u0103 lustruie\u0219te suprafa\u021ba din\u021bilor u\u0219or de manevrat \u00eengrije\u0219te delicat gingiile \u0219i smal\u021bul dentar se \u021bine...","og_url":"https:\/\/shopatoa.com\/ro\/the-humble-co-brush-kids-periuta-de-dinti-de-bambus-ultra-moale-pentru-copii-5-buc\/","og_site_name":"SHOPATOA","article_modified_time":"2025-06-29T18:08:26+00:00","twitter_card":"summary_large_image","twitter_misc":{"Timp estimat pentru citire":"1 minut"},"schema":{"@context":"https:\/\/schema.org","@graph":[{"@type":"WebPage","@id":"https:\/\/shopatoa.com\/ro\/the-humble-co-brush-kids-periuta-de-dinti-de-bambus-ultra-moale-pentru-copii-5-buc\/","url":"https:\/\/shopatoa.com\/ro\/the-humble-co-brush-kids-periuta-de-dinti-de-bambus-ultra-moale-pentru-copii-5-buc\/","name":"The Humble Co. Brush Kids Periuta de dinti de bambus ultra moale pentru copii 5 buc - SHOPATOA.COM","isPartOf":{"@id":"https:\/\/shopatoa.com\/ro\/#website"},"datePublished":"2025-06-29T18:07:21+00:00","dateModified":"2025-06-29T18:08:26+00:00","breadcrumb":{"@id":"https:\/\/shopatoa.com\/ro\/the-humble-co-brush-kids-periuta-de-dinti-de-bambus-ultra-moale-pentru-copii-5-buc\/#breadcrumb"},"inLanguage":"ro-RO","potentialAction":[{"@type":"ReadAction","target":["https:\/\/shopatoa.com\/ro\/the-humble-co-brush-kids-periuta-de-dinti-de-bambus-ultra-moale-pentru-copii-5-buc\/"]}]},{"@type":"BreadcrumbList","@id":"https:\/\/shopatoa.com\/ro\/the-humble-co-brush-kids-periuta-de-dinti-de-bambus-ultra-moale-pentru-copii-5-buc\/#breadcrumb","itemListElement":[{"@type":"ListItem","position":1,"name":"Dom\u016f","item":"https:\/\/shopatoa.com\/ro\/"},{"@type":"ListItem","position":2,"name":"Shop","item":"https:\/\/shopatoa.com\/ro\/shop\/"},{"@type":"ListItem","position":3,"name":"The Humble Co. Brush Kids Periuta de dinti de bambus ultra moale pentru copii 5 buc"}]},{"@type":"WebSite","@id":"https:\/\/shopatoa.com\/ro\/#website","url":"https:\/\/shopatoa.com\/ro\/","name":"SHOPATOA","description":"","publisher":{"@id":"https:\/\/shopatoa.com\/ro\/#organization"},"potentialAction":[{"@type":"SearchAction","target":{"@type":"EntryPoint","urlTemplate":"https:\/\/shopatoa.com\/ro\/?s={search_term_string}"},"query-input":{"@type":"PropertyValueSpecification","valueRequired":true,"valueName":"search_term_string"}}],"inLanguage":"ro-RO"},{"@type":"Organization","@id":"https:\/\/shopatoa.com\/ro\/#organization","name":"SHOPATOA","url":"https:\/\/shopatoa.com\/ro\/","logo":{"@type":"ImageObject","inLanguage":"ro-RO","@id":"https:\/\/shopatoa.com\/ro\/#\/schema\/logo\/image\/","url":"https:\/\/storage.googleapis.com\/cz-shopatoa-img\/ro\/b4dac915-shopatoa_logo.png","contentUrl":"https:\/\/storage.googleapis.com\/cz-shopatoa-img\/ro\/b4dac915-shopatoa_logo.png","width":416,"height":63,"caption":"SHOPATOA"},"image":{"@id":"https:\/\/shopatoa.com\/ro\/#\/schema\/logo\/image\/"}}]}},"_links":{"self":[{"href":"https:\/\/shopatoa.com\/ro\/wp-json\/wp\/v2\/product\/484631","targetHints":{"allow":["GET"]}}],"collection":[{"href":"https:\/\/shopatoa.com\/ro\/wp-json\/wp\/v2\/product"}],"about":[{"href":"https:\/\/shopatoa.com\/ro\/wp-json\/wp\/v2\/types\/product"}],"replies":[{"embeddable":true,"href":"https:\/\/shopatoa.com\/ro\/wp-json\/wp\/v2\/comments?post=484631"}],"wp:attachment":[{"href":"https:\/\/shopatoa.com\/ro\/wp-json\/wp\/v2\/media?parent=484631"}],"wp:term":[{"taxonomy":"product_brand","embeddable":true,"href":"https:\/\/shopatoa.com\/ro\/wp-json\/wp\/v2\/product_brand?post=484631"},{"taxonomy":"product_cat","embeddable":true,"href":"https:\/\/shopatoa.com\/ro\/wp-json\/wp\/v2\/product_cat?post=484631"},{"taxonomy":"product_tag","embeddable":true,"href":"https:\/\/shopatoa.com\/ro\/wp-json\/wp\/v2\/product_tag?post=484631"}],"curies":[{"name":"wp","href":"https:\/\/api.w.org\/{rel}","templated":true}]}}