{"id":484646,"date":"2025-06-29T20:10:12","date_gmt":"2025-06-29T18:10:12","guid":{"rendered":"https:\/\/shopatoa.com\/ro\/jungle-way-cake-orange-suporturi-pentru-ars-tamaie-18-g\/"},"modified":"2025-12-14T06:44:15","modified_gmt":"2025-12-14T05:44:15","slug":"jungle-way-cake-orange-suporturi-pentru-ars-tamaie-18-g","status":"publish","type":"product","link":"https:\/\/shopatoa.com\/ro\/jungle-way-cake-orange-suporturi-pentru-ars-tamaie-18-g\/","title":{"rendered":"Jungle Way Cake Orange suporturi pentru ars t\u0103m\u00e2ie 18 g"},"content":{"rendered":"<p>Jungle Way Cake Orange, 18 g, Olibanum \u0219i t\u0103m\u00e2ie Parfumuri pentru casa, T\u0103m\u00e2ia Jungle Way te cople\u0219e\u0219te cu parfumul s\u0103u inedit, cu adieri orientale. Este o r\u0103\u0219in\u0103 parfumat\u0103, ob\u021binut\u0103 din arborele de t\u0103m\u00e2ie. Are multiple \u00eentrebuin\u021b\u0103ri &#8211; la parfumarea interioarelor, la purificarea spa\u021biilor, a obiectelor \u0219i a persoanelor. Unele convingeri sus\u021bin c\u0103 t\u0103m\u00e2ia purific\u0103 \u0219i sufletul. Casa sau biroul se parfumeaz\u0103 cu aceast\u0103 arom\u0103 deosebit\u0103, care ofer\u0103 corpului \u0219i min\u021bii relaxarea at\u00e2t de necesar\u0103.  Caracteristici:  arom\u0103 oriental\u0103  Cum se utilizeaz\u0103: Pentru fumiga\u021bia cu t\u0103m\u00e2ie, este nevoie de o c\u0103delni\u021b\u0103, un cle\u0219te, c\u0103rbuni cu ardere rapid\u0103 \u0219i chibrituri sau o brichet\u0103. Se poate utiliza, de asemenea, nisip curat \u0219i uscat, dar acesta nu este necesar pentru aprindere. Dac\u0103 se folose\u0219te nisip, se toarn\u0103 \u00een c\u0103delni\u021b\u0103 un strat de aproximativ 1 cm grosime. Se apuc\u0103 \u00een cle\u0219te un c\u0103rbune cu ardere rapid\u0103 \u0219i se aprinde. Se a\u0219teapt\u0103 p\u00e2n\u0103 c\u00e2nd nu mai scoate sc\u00e2ntei, adic\u0103 aproximativ 20 de secunde. Apoi se introduce \u00een c\u0103delni\u021b\u0103. Dup\u0103 aproximativ 1 minut, se poate \u00eencepe pres\u0103rarea t\u0103m\u00e2ii pe c\u0103rbune. Se \u00eencepe cu doze mici \u0219i se m\u0103re\u0219te cantitatea treptat, dup\u0103 dorin\u021b\u0103.<\/p>\n","protected":false},"excerpt":{"rendered":"<p>Jungle Way Cake Orange, 18 g, Olibanum \u0219i t\u0103m\u00e2ie Parfumuri pentru casa, T\u0103m\u00e2ia Jungle Way te cople\u0219e\u0219te cu parfumul s\u0103u inedit, cu adieri orientale. Este o r\u0103\u0219in\u0103 parfumat\u0103, ob\u021binut\u0103 din arborele de t\u0103m\u00e2ie. Are multiple \u00eentrebuin\u021b\u0103ri &#8211; la parfumarea interioarelor, la purificarea spa\u021biilor, a obiectelor \u0219i a persoanelor. Unele convingeri sus\u021bin c\u0103 t\u0103m\u00e2ia purific\u0103 \u0219i&#8230;<\/p>\n","protected":false},"featured_media":487577,"comment_status":"closed","ping_status":"open","template":"","meta":{"_acf_changed":false,"_kadence_starter_templates_imported_post":false,"_kad_post_transparent":"","_kad_post_title":"","_kad_post_layout":"","_kad_post_sidebar_id":"","_kad_post_content_style":"","_kad_post_vertical_padding":"","_kad_post_feature":"","_kad_post_feature_position":"","_kad_post_header":false,"_kad_post_footer":false,"_kad_post_classname":""},"product_brand":[2532],"product_cat":[3889,2533,3890,3954],"product_tag":[],"class_list":{"0":"post-484646","1":"product","2":"type-product","3":"status-publish","4":"has-post-thumbnail","6":"product_brand-jungle-way","7":"product_cat-accesorii-si-decoratiuni-pentru-locuinta","8":"product_cat-casa-si-gradina","9":"product_cat-parfumuri-pentru-casa","10":"product_cat-tamaie-si-fumigatii","11":"pa_gen-unisex","12":"pa_marime-18-g","14":"first","15":"instock","16":"sale","17":"product-type-external","18":"entry","19":"content-bg","20":"loop-entry"},"acf":[],"yoast_head":"<!-- This site is optimized with the Yoast SEO plugin v27.4 - https:\/\/yoast.com\/product\/yoast-seo-wordpress\/ -->\n<title>Jungle Way Cake Orange suporturi pentru ars t\u0103m\u00e2ie 18 g - SHOPATOA.COM<\/title>\n<meta name=\"robots\" content=\"index, follow, max-snippet:-1, max-image-preview:large, max-video-preview:-1\" \/>\n<link rel=\"canonical\" href=\"https:\/\/shopatoa.com\/ro\/jungle-way-cake-orange-suporturi-pentru-ars-tamaie-18-g\/\" \/>\n<meta property=\"og:locale\" content=\"ro_RO\" \/>\n<meta property=\"og:type\" content=\"article\" \/>\n<meta property=\"og:title\" content=\"Jungle Way Cake Orange suporturi pentru ars t\u0103m\u00e2ie 18 g - SHOPATOA.COM\" \/>\n<meta property=\"og:description\" content=\"Jungle Way Cake Orange, 18 g, Olibanum \u0219i t\u0103m\u00e2ie Parfumuri pentru casa, T\u0103m\u00e2ia Jungle Way te cople\u0219e\u0219te cu parfumul s\u0103u inedit, cu adieri orientale. Este o r\u0103\u0219in\u0103 parfumat\u0103, ob\u021binut\u0103 din arborele de t\u0103m\u00e2ie. Are multiple \u00eentrebuin\u021b\u0103ri &#8211; la parfumarea interioarelor, la purificarea spa\u021biilor, a obiectelor \u0219i a persoanelor. Unele convingeri sus\u021bin c\u0103 t\u0103m\u00e2ia purific\u0103 \u0219i...\" \/>\n<meta property=\"og:url\" content=\"https:\/\/shopatoa.com\/ro\/jungle-way-cake-orange-suporturi-pentru-ars-tamaie-18-g\/\" \/>\n<meta property=\"og:site_name\" content=\"SHOPATOA\" \/>\n<meta property=\"article:modified_time\" content=\"2025-12-14T05:44:15+00:00\" \/>\n<meta property=\"og:image\" content=\"https:\/\/storage.googleapis.com\/cz-shopatoa-img\/ro\/9510da31-unnamed-file.webp\" \/>\n\t<meta property=\"og:image:width\" content=\"800\" \/>\n\t<meta property=\"og:image:height\" content=\"800\" \/>\n\t<meta property=\"og:image:type\" content=\"image\/webp\" \/>\n<meta name=\"twitter:card\" content=\"summary_large_image\" \/>\n<meta name=\"twitter:label1\" content=\"Timp estimat pentru citire\" \/>\n\t<meta name=\"twitter:data1\" content=\"1 minut\" \/>\n<script type=\"application\/ld+json\" class=\"yoast-schema-graph\">{\"@context\":\"https:\\\/\\\/schema.org\",\"@graph\":[{\"@type\":\"WebPage\",\"@id\":\"https:\\\/\\\/shopatoa.com\\\/ro\\\/jungle-way-cake-orange-suporturi-pentru-ars-tamaie-18-g\\\/\",\"url\":\"https:\\\/\\\/shopatoa.com\\\/ro\\\/jungle-way-cake-orange-suporturi-pentru-ars-tamaie-18-g\\\/\",\"name\":\"Jungle Way Cake Orange suporturi pentru ars t\u0103m\u00e2ie 18 g - SHOPATOA.COM\",\"isPartOf\":{\"@id\":\"https:\\\/\\\/shopatoa.com\\\/ro\\\/#website\"},\"primaryImageOfPage\":{\"@id\":\"https:\\\/\\\/shopatoa.com\\\/ro\\\/jungle-way-cake-orange-suporturi-pentru-ars-tamaie-18-g\\\/#primaryimage\"},\"image\":{\"@id\":\"https:\\\/\\\/shopatoa.com\\\/ro\\\/jungle-way-cake-orange-suporturi-pentru-ars-tamaie-18-g\\\/#primaryimage\"},\"thumbnailUrl\":\"https:\\\/\\\/storage.googleapis.com\\\/cz-shopatoa-img\\\/ro\\\/9510da31-unnamed-file.webp\",\"datePublished\":\"2025-06-29T18:10:12+00:00\",\"dateModified\":\"2025-12-14T05:44:15+00:00\",\"breadcrumb\":{\"@id\":\"https:\\\/\\\/shopatoa.com\\\/ro\\\/jungle-way-cake-orange-suporturi-pentru-ars-tamaie-18-g\\\/#breadcrumb\"},\"inLanguage\":\"ro-RO\",\"potentialAction\":[{\"@type\":\"ReadAction\",\"target\":[\"https:\\\/\\\/shopatoa.com\\\/ro\\\/jungle-way-cake-orange-suporturi-pentru-ars-tamaie-18-g\\\/\"]}]},{\"@type\":\"ImageObject\",\"inLanguage\":\"ro-RO\",\"@id\":\"https:\\\/\\\/shopatoa.com\\\/ro\\\/jungle-way-cake-orange-suporturi-pentru-ars-tamaie-18-g\\\/#primaryimage\",\"url\":\"https:\\\/\\\/storage.googleapis.com\\\/cz-shopatoa-img\\\/ro\\\/9510da31-unnamed-file.webp\",\"contentUrl\":\"https:\\\/\\\/storage.googleapis.com\\\/cz-shopatoa-img\\\/ro\\\/9510da31-unnamed-file.webp\",\"width\":800,\"height\":800},{\"@type\":\"BreadcrumbList\",\"@id\":\"https:\\\/\\\/shopatoa.com\\\/ro\\\/jungle-way-cake-orange-suporturi-pentru-ars-tamaie-18-g\\\/#breadcrumb\",\"itemListElement\":[{\"@type\":\"ListItem\",\"position\":1,\"name\":\"Dom\u016f\",\"item\":\"https:\\\/\\\/shopatoa.com\\\/ro\\\/\"},{\"@type\":\"ListItem\",\"position\":2,\"name\":\"Shop\",\"item\":\"https:\\\/\\\/shopatoa.com\\\/ro\\\/shop\\\/\"},{\"@type\":\"ListItem\",\"position\":3,\"name\":\"Casa \u0219i gr\u0103din\u0103\",\"item\":\"https:\\\/\\\/shopatoa.com\\\/ro\\\/casa-si-gradina\\\/\"},{\"@type\":\"ListItem\",\"position\":4,\"name\":\"Accesorii \u0219i decora\u021biuni pentru locuin\u021b\u0103\",\"item\":\"https:\\\/\\\/shopatoa.com\\\/ro\\\/accesorii-si-decoratiuni-pentru-locuinta\\\/\"},{\"@type\":\"ListItem\",\"position\":5,\"name\":\"Parfumuri pentru cas\u0103\",\"item\":\"https:\\\/\\\/shopatoa.com\\\/ro\\\/parfumuri-pentru-casa\\\/\"},{\"@type\":\"ListItem\",\"position\":6,\"name\":\"T\u0103m\u00e2ie \u0219i fumiga\u021bii\",\"item\":\"https:\\\/\\\/shopatoa.com\\\/ro\\\/tamaie-si-fumigatii\\\/\"},{\"@type\":\"ListItem\",\"position\":7,\"name\":\"Jungle Way Cake Orange suporturi pentru ars t\u0103m\u00e2ie 18 g\"}]},{\"@type\":\"WebSite\",\"@id\":\"https:\\\/\\\/shopatoa.com\\\/ro\\\/#website\",\"url\":\"https:\\\/\\\/shopatoa.com\\\/ro\\\/\",\"name\":\"SHOPATOA\",\"description\":\"\",\"publisher\":{\"@id\":\"https:\\\/\\\/shopatoa.com\\\/ro\\\/#organization\"},\"potentialAction\":[{\"@type\":\"SearchAction\",\"target\":{\"@type\":\"EntryPoint\",\"urlTemplate\":\"https:\\\/\\\/shopatoa.com\\\/ro\\\/?s={search_term_string}\"},\"query-input\":{\"@type\":\"PropertyValueSpecification\",\"valueRequired\":true,\"valueName\":\"search_term_string\"}}],\"inLanguage\":\"ro-RO\"},{\"@type\":\"Organization\",\"@id\":\"https:\\\/\\\/shopatoa.com\\\/ro\\\/#organization\",\"name\":\"SHOPATOA\",\"url\":\"https:\\\/\\\/shopatoa.com\\\/ro\\\/\",\"logo\":{\"@type\":\"ImageObject\",\"inLanguage\":\"ro-RO\",\"@id\":\"https:\\\/\\\/shopatoa.com\\\/ro\\\/#\\\/schema\\\/logo\\\/image\\\/\",\"url\":\"https:\\\/\\\/storage.googleapis.com\\\/cz-shopatoa-img\\\/ro\\\/b4dac915-shopatoa_logo.png\",\"contentUrl\":\"https:\\\/\\\/storage.googleapis.com\\\/cz-shopatoa-img\\\/ro\\\/b4dac915-shopatoa_logo.png\",\"width\":416,\"height\":63,\"caption\":\"SHOPATOA\"},\"image\":{\"@id\":\"https:\\\/\\\/shopatoa.com\\\/ro\\\/#\\\/schema\\\/logo\\\/image\\\/\"}}]}<\/script>\n<!-- \/ Yoast SEO plugin. -->","yoast_head_json":{"title":"Jungle Way Cake Orange suporturi pentru ars t\u0103m\u00e2ie 18 g - SHOPATOA.COM","robots":{"index":"index","follow":"follow","max-snippet":"max-snippet:-1","max-image-preview":"max-image-preview:large","max-video-preview":"max-video-preview:-1"},"canonical":"https:\/\/shopatoa.com\/ro\/jungle-way-cake-orange-suporturi-pentru-ars-tamaie-18-g\/","og_locale":"ro_RO","og_type":"article","og_title":"Jungle Way Cake Orange suporturi pentru ars t\u0103m\u00e2ie 18 g - SHOPATOA.COM","og_description":"Jungle Way Cake Orange, 18 g, Olibanum \u0219i t\u0103m\u00e2ie Parfumuri pentru casa, T\u0103m\u00e2ia Jungle Way te cople\u0219e\u0219te cu parfumul s\u0103u inedit, cu adieri orientale. Este o r\u0103\u0219in\u0103 parfumat\u0103, ob\u021binut\u0103 din arborele de t\u0103m\u00e2ie. Are multiple \u00eentrebuin\u021b\u0103ri &#8211; la parfumarea interioarelor, la purificarea spa\u021biilor, a obiectelor \u0219i a persoanelor. Unele convingeri sus\u021bin c\u0103 t\u0103m\u00e2ia purific\u0103 \u0219i...","og_url":"https:\/\/shopatoa.com\/ro\/jungle-way-cake-orange-suporturi-pentru-ars-tamaie-18-g\/","og_site_name":"SHOPATOA","article_modified_time":"2025-12-14T05:44:15+00:00","og_image":[{"width":800,"height":800,"url":"https:\/\/storage.googleapis.com\/cz-shopatoa-img\/ro\/9510da31-unnamed-file.webp","type":"image\/webp"}],"twitter_card":"summary_large_image","twitter_misc":{"Timp estimat pentru citire":"1 minut"},"schema":{"@context":"https:\/\/schema.org","@graph":[{"@type":"WebPage","@id":"https:\/\/shopatoa.com\/ro\/jungle-way-cake-orange-suporturi-pentru-ars-tamaie-18-g\/","url":"https:\/\/shopatoa.com\/ro\/jungle-way-cake-orange-suporturi-pentru-ars-tamaie-18-g\/","name":"Jungle Way Cake Orange suporturi pentru ars t\u0103m\u00e2ie 18 g - SHOPATOA.COM","isPartOf":{"@id":"https:\/\/shopatoa.com\/ro\/#website"},"primaryImageOfPage":{"@id":"https:\/\/shopatoa.com\/ro\/jungle-way-cake-orange-suporturi-pentru-ars-tamaie-18-g\/#primaryimage"},"image":{"@id":"https:\/\/shopatoa.com\/ro\/jungle-way-cake-orange-suporturi-pentru-ars-tamaie-18-g\/#primaryimage"},"thumbnailUrl":"https:\/\/storage.googleapis.com\/cz-shopatoa-img\/ro\/9510da31-unnamed-file.webp","datePublished":"2025-06-29T18:10:12+00:00","dateModified":"2025-12-14T05:44:15+00:00","breadcrumb":{"@id":"https:\/\/shopatoa.com\/ro\/jungle-way-cake-orange-suporturi-pentru-ars-tamaie-18-g\/#breadcrumb"},"inLanguage":"ro-RO","potentialAction":[{"@type":"ReadAction","target":["https:\/\/shopatoa.com\/ro\/jungle-way-cake-orange-suporturi-pentru-ars-tamaie-18-g\/"]}]},{"@type":"ImageObject","inLanguage":"ro-RO","@id":"https:\/\/shopatoa.com\/ro\/jungle-way-cake-orange-suporturi-pentru-ars-tamaie-18-g\/#primaryimage","url":"https:\/\/storage.googleapis.com\/cz-shopatoa-img\/ro\/9510da31-unnamed-file.webp","contentUrl":"https:\/\/storage.googleapis.com\/cz-shopatoa-img\/ro\/9510da31-unnamed-file.webp","width":800,"height":800},{"@type":"BreadcrumbList","@id":"https:\/\/shopatoa.com\/ro\/jungle-way-cake-orange-suporturi-pentru-ars-tamaie-18-g\/#breadcrumb","itemListElement":[{"@type":"ListItem","position":1,"name":"Dom\u016f","item":"https:\/\/shopatoa.com\/ro\/"},{"@type":"ListItem","position":2,"name":"Shop","item":"https:\/\/shopatoa.com\/ro\/shop\/"},{"@type":"ListItem","position":3,"name":"Casa \u0219i gr\u0103din\u0103","item":"https:\/\/shopatoa.com\/ro\/casa-si-gradina\/"},{"@type":"ListItem","position":4,"name":"Accesorii \u0219i decora\u021biuni pentru locuin\u021b\u0103","item":"https:\/\/shopatoa.com\/ro\/accesorii-si-decoratiuni-pentru-locuinta\/"},{"@type":"ListItem","position":5,"name":"Parfumuri pentru cas\u0103","item":"https:\/\/shopatoa.com\/ro\/parfumuri-pentru-casa\/"},{"@type":"ListItem","position":6,"name":"T\u0103m\u00e2ie \u0219i fumiga\u021bii","item":"https:\/\/shopatoa.com\/ro\/tamaie-si-fumigatii\/"},{"@type":"ListItem","position":7,"name":"Jungle Way Cake Orange suporturi pentru ars t\u0103m\u00e2ie 18 g"}]},{"@type":"WebSite","@id":"https:\/\/shopatoa.com\/ro\/#website","url":"https:\/\/shopatoa.com\/ro\/","name":"SHOPATOA","description":"","publisher":{"@id":"https:\/\/shopatoa.com\/ro\/#organization"},"potentialAction":[{"@type":"SearchAction","target":{"@type":"EntryPoint","urlTemplate":"https:\/\/shopatoa.com\/ro\/?s={search_term_string}"},"query-input":{"@type":"PropertyValueSpecification","valueRequired":true,"valueName":"search_term_string"}}],"inLanguage":"ro-RO"},{"@type":"Organization","@id":"https:\/\/shopatoa.com\/ro\/#organization","name":"SHOPATOA","url":"https:\/\/shopatoa.com\/ro\/","logo":{"@type":"ImageObject","inLanguage":"ro-RO","@id":"https:\/\/shopatoa.com\/ro\/#\/schema\/logo\/image\/","url":"https:\/\/storage.googleapis.com\/cz-shopatoa-img\/ro\/b4dac915-shopatoa_logo.png","contentUrl":"https:\/\/storage.googleapis.com\/cz-shopatoa-img\/ro\/b4dac915-shopatoa_logo.png","width":416,"height":63,"caption":"SHOPATOA"},"image":{"@id":"https:\/\/shopatoa.com\/ro\/#\/schema\/logo\/image\/"}}]}},"_links":{"self":[{"href":"https:\/\/shopatoa.com\/ro\/wp-json\/wp\/v2\/product\/484646","targetHints":{"allow":["GET"]}}],"collection":[{"href":"https:\/\/shopatoa.com\/ro\/wp-json\/wp\/v2\/product"}],"about":[{"href":"https:\/\/shopatoa.com\/ro\/wp-json\/wp\/v2\/types\/product"}],"replies":[{"embeddable":true,"href":"https:\/\/shopatoa.com\/ro\/wp-json\/wp\/v2\/comments?post=484646"}],"wp:featuredmedia":[{"embeddable":true,"href":"https:\/\/shopatoa.com\/ro\/wp-json\/wp\/v2\/media\/487577"}],"wp:attachment":[{"href":"https:\/\/shopatoa.com\/ro\/wp-json\/wp\/v2\/media?parent=484646"}],"wp:term":[{"taxonomy":"product_brand","embeddable":true,"href":"https:\/\/shopatoa.com\/ro\/wp-json\/wp\/v2\/product_brand?post=484646"},{"taxonomy":"product_cat","embeddable":true,"href":"https:\/\/shopatoa.com\/ro\/wp-json\/wp\/v2\/product_cat?post=484646"},{"taxonomy":"product_tag","embeddable":true,"href":"https:\/\/shopatoa.com\/ro\/wp-json\/wp\/v2\/product_tag?post=484646"}],"curies":[{"name":"wp","href":"https:\/\/api.w.org\/{rel}","templated":true}]}}