{"id":484650,"date":"2025-06-29T20:11:45","date_gmt":"2025-06-29T18:11:45","guid":{"rendered":"https:\/\/shopatoa.com\/ro\/jungle-way-mouth-suport-pentru-betisoarele-parfumate-1-buc\/"},"modified":"2025-12-07T06:32:31","modified_gmt":"2025-12-07T05:32:31","slug":"jungle-way-mouth-suport-pentru-betisoarele-parfumate-1-buc","status":"publish","type":"product","link":"https:\/\/shopatoa.com\/ro\/jungle-way-mouth-suport-pentru-betisoarele-parfumate-1-buc\/","title":{"rendered":"Jungle Way Mouth suport pentru betisoarele parfumate 1 buc"},"content":{"rendered":"<p>Jungle Way Mouth, 1 buc, Suport pentru be\u021bi\u0219oarele parfumate Parfumuri pentru casa, Suportul practic de ceramic\u0103 Jungle Way Mouth este un accesoriu indispensabil pentru fiecare iubitor al be\u021bi\u0219oarelor de t\u0103m\u00e2ie. Cu ajutorul acestuia se poate savura aroma be\u021bi\u0219oarelor, f\u0103r\u0103 grija c\u0103 arderea acestora ar afecta negativ interiorul.  Cum se utilizeaz\u0103: Suportul se plaseaz\u0103 pe o suprafa\u021b\u0103 ferm\u0103, pentru a evita c\u0103derea sa. Se verific\u0103 dac\u0103 be\u021bi\u0219oarele sunt bine fixate. A se evita curen\u021bii de aer. Produsul nu se las\u0103 la \u00eendem\u00e2na copiilor sau a animalelor de companie.<\/p>\n","protected":false},"excerpt":{"rendered":"<p>Jungle Way Mouth, 1 buc, Suport pentru be\u021bi\u0219oarele parfumate Parfumuri pentru casa, Suportul practic de ceramic\u0103 Jungle Way Mouth este un accesoriu indispensabil pentru fiecare iubitor al be\u021bi\u0219oarelor de t\u0103m\u00e2ie. Cu ajutorul acestuia se poate savura aroma be\u021bi\u0219oarelor, f\u0103r\u0103 grija c\u0103 arderea acestora ar afecta negativ interiorul. Cum se utilizeaz\u0103: Suportul se plaseaz\u0103 pe o&#8230;<\/p>\n","protected":false},"featured_media":487581,"comment_status":"closed","ping_status":"open","template":"","meta":{"_acf_changed":false,"_kadence_starter_templates_imported_post":false,"_kad_post_transparent":"","_kad_post_title":"","_kad_post_layout":"","_kad_post_sidebar_id":"","_kad_post_content_style":"","_kad_post_vertical_padding":"","_kad_post_feature":"","_kad_post_feature_position":"","_kad_post_header":false,"_kad_post_footer":false,"_kad_post_classname":""},"product_brand":[2532],"product_cat":[2535,2533,2534,2536],"product_tag":[],"class_list":{"0":"post-484650","1":"product","2":"type-product","3":"status-publish","4":"has-post-thumbnail","6":"product_brand-jungle-way","7":"product_cat-accesorii-pentru-parfumuri-de-casa","8":"product_cat-casa-si-gradina","9":"product_cat-decor-casa-si-gradina","10":"product_cat-suporturi-pentru-lumanari","11":"pa_gen-unisex","12":"pa_marime-1-buc","14":"first","15":"instock","16":"sale","17":"product-type-external","18":"entry","19":"content-bg","20":"loop-entry"},"acf":[],"yoast_head":"<!-- This site is optimized with the Yoast SEO plugin v27.4 - https:\/\/yoast.com\/product\/yoast-seo-wordpress\/ -->\n<title>Jungle Way Mouth suport pentru betisoarele parfumate 1 buc - SHOPATOA.COM<\/title>\n<meta name=\"robots\" content=\"index, follow, max-snippet:-1, max-image-preview:large, max-video-preview:-1\" \/>\n<link rel=\"canonical\" href=\"https:\/\/shopatoa.com\/ro\/jungle-way-mouth-suport-pentru-betisoarele-parfumate-1-buc\/\" \/>\n<meta property=\"og:locale\" content=\"ro_RO\" \/>\n<meta property=\"og:type\" content=\"article\" \/>\n<meta property=\"og:title\" content=\"Jungle Way Mouth suport pentru betisoarele parfumate 1 buc - SHOPATOA.COM\" \/>\n<meta property=\"og:description\" content=\"Jungle Way Mouth, 1 buc, Suport pentru be\u021bi\u0219oarele parfumate Parfumuri pentru casa, Suportul practic de ceramic\u0103 Jungle Way Mouth este un accesoriu indispensabil pentru fiecare iubitor al be\u021bi\u0219oarelor de t\u0103m\u00e2ie. Cu ajutorul acestuia se poate savura aroma be\u021bi\u0219oarelor, f\u0103r\u0103 grija c\u0103 arderea acestora ar afecta negativ interiorul. Cum se utilizeaz\u0103: Suportul se plaseaz\u0103 pe o...\" \/>\n<meta property=\"og:url\" content=\"https:\/\/shopatoa.com\/ro\/jungle-way-mouth-suport-pentru-betisoarele-parfumate-1-buc\/\" \/>\n<meta property=\"og:site_name\" content=\"SHOPATOA\" \/>\n<meta property=\"article:modified_time\" content=\"2025-12-07T05:32:31+00:00\" \/>\n<meta property=\"og:image\" content=\"https:\/\/storage.googleapis.com\/cz-shopatoa-img\/ro\/e412df99-unnamed-file.webp\" \/>\n\t<meta property=\"og:image:width\" content=\"800\" \/>\n\t<meta property=\"og:image:height\" content=\"800\" \/>\n\t<meta property=\"og:image:type\" content=\"image\/webp\" \/>\n<meta name=\"twitter:card\" content=\"summary_large_image\" \/>\n<meta name=\"twitter:label1\" content=\"Timp estimat pentru citire\" \/>\n\t<meta name=\"twitter:data1\" content=\"1 minut\" \/>\n<script type=\"application\/ld+json\" class=\"yoast-schema-graph\">{\"@context\":\"https:\\\/\\\/schema.org\",\"@graph\":[{\"@type\":\"WebPage\",\"@id\":\"https:\\\/\\\/shopatoa.com\\\/ro\\\/jungle-way-mouth-suport-pentru-betisoarele-parfumate-1-buc\\\/\",\"url\":\"https:\\\/\\\/shopatoa.com\\\/ro\\\/jungle-way-mouth-suport-pentru-betisoarele-parfumate-1-buc\\\/\",\"name\":\"Jungle Way Mouth suport pentru betisoarele parfumate 1 buc - SHOPATOA.COM\",\"isPartOf\":{\"@id\":\"https:\\\/\\\/shopatoa.com\\\/ro\\\/#website\"},\"primaryImageOfPage\":{\"@id\":\"https:\\\/\\\/shopatoa.com\\\/ro\\\/jungle-way-mouth-suport-pentru-betisoarele-parfumate-1-buc\\\/#primaryimage\"},\"image\":{\"@id\":\"https:\\\/\\\/shopatoa.com\\\/ro\\\/jungle-way-mouth-suport-pentru-betisoarele-parfumate-1-buc\\\/#primaryimage\"},\"thumbnailUrl\":\"https:\\\/\\\/storage.googleapis.com\\\/cz-shopatoa-img\\\/ro\\\/e412df99-unnamed-file.webp\",\"datePublished\":\"2025-06-29T18:11:45+00:00\",\"dateModified\":\"2025-12-07T05:32:31+00:00\",\"breadcrumb\":{\"@id\":\"https:\\\/\\\/shopatoa.com\\\/ro\\\/jungle-way-mouth-suport-pentru-betisoarele-parfumate-1-buc\\\/#breadcrumb\"},\"inLanguage\":\"ro-RO\",\"potentialAction\":[{\"@type\":\"ReadAction\",\"target\":[\"https:\\\/\\\/shopatoa.com\\\/ro\\\/jungle-way-mouth-suport-pentru-betisoarele-parfumate-1-buc\\\/\"]}]},{\"@type\":\"ImageObject\",\"inLanguage\":\"ro-RO\",\"@id\":\"https:\\\/\\\/shopatoa.com\\\/ro\\\/jungle-way-mouth-suport-pentru-betisoarele-parfumate-1-buc\\\/#primaryimage\",\"url\":\"https:\\\/\\\/storage.googleapis.com\\\/cz-shopatoa-img\\\/ro\\\/e412df99-unnamed-file.webp\",\"contentUrl\":\"https:\\\/\\\/storage.googleapis.com\\\/cz-shopatoa-img\\\/ro\\\/e412df99-unnamed-file.webp\",\"width\":800,\"height\":800},{\"@type\":\"BreadcrumbList\",\"@id\":\"https:\\\/\\\/shopatoa.com\\\/ro\\\/jungle-way-mouth-suport-pentru-betisoarele-parfumate-1-buc\\\/#breadcrumb\",\"itemListElement\":[{\"@type\":\"ListItem\",\"position\":1,\"name\":\"Dom\u016f\",\"item\":\"https:\\\/\\\/shopatoa.com\\\/ro\\\/\"},{\"@type\":\"ListItem\",\"position\":2,\"name\":\"Shop\",\"item\":\"https:\\\/\\\/shopatoa.com\\\/ro\\\/shop\\\/\"},{\"@type\":\"ListItem\",\"position\":3,\"name\":\"Casa \u0219i gr\u0103din\u0103\",\"item\":\"https:\\\/\\\/shopatoa.com\\\/ro\\\/casa-si-gradina\\\/\"},{\"@type\":\"ListItem\",\"position\":4,\"name\":\"Decor\",\"item\":\"https:\\\/\\\/shopatoa.com\\\/ro\\\/decor-casa-si-gradina\\\/\"},{\"@type\":\"ListItem\",\"position\":5,\"name\":\"Accesorii pentru parfumuri de cas\u0103\",\"item\":\"https:\\\/\\\/shopatoa.com\\\/ro\\\/accesorii-pentru-parfumuri-de-casa\\\/\"},{\"@type\":\"ListItem\",\"position\":6,\"name\":\"Suporturi pentru lum\u00e2n\u0103ri\",\"item\":\"https:\\\/\\\/shopatoa.com\\\/ro\\\/suporturi-pentru-lumanari\\\/\"},{\"@type\":\"ListItem\",\"position\":7,\"name\":\"Jungle Way Mouth suport pentru betisoarele parfumate 1 buc\"}]},{\"@type\":\"WebSite\",\"@id\":\"https:\\\/\\\/shopatoa.com\\\/ro\\\/#website\",\"url\":\"https:\\\/\\\/shopatoa.com\\\/ro\\\/\",\"name\":\"SHOPATOA\",\"description\":\"\",\"publisher\":{\"@id\":\"https:\\\/\\\/shopatoa.com\\\/ro\\\/#organization\"},\"potentialAction\":[{\"@type\":\"SearchAction\",\"target\":{\"@type\":\"EntryPoint\",\"urlTemplate\":\"https:\\\/\\\/shopatoa.com\\\/ro\\\/?s={search_term_string}\"},\"query-input\":{\"@type\":\"PropertyValueSpecification\",\"valueRequired\":true,\"valueName\":\"search_term_string\"}}],\"inLanguage\":\"ro-RO\"},{\"@type\":\"Organization\",\"@id\":\"https:\\\/\\\/shopatoa.com\\\/ro\\\/#organization\",\"name\":\"SHOPATOA\",\"url\":\"https:\\\/\\\/shopatoa.com\\\/ro\\\/\",\"logo\":{\"@type\":\"ImageObject\",\"inLanguage\":\"ro-RO\",\"@id\":\"https:\\\/\\\/shopatoa.com\\\/ro\\\/#\\\/schema\\\/logo\\\/image\\\/\",\"url\":\"https:\\\/\\\/storage.googleapis.com\\\/cz-shopatoa-img\\\/ro\\\/b4dac915-shopatoa_logo.png\",\"contentUrl\":\"https:\\\/\\\/storage.googleapis.com\\\/cz-shopatoa-img\\\/ro\\\/b4dac915-shopatoa_logo.png\",\"width\":416,\"height\":63,\"caption\":\"SHOPATOA\"},\"image\":{\"@id\":\"https:\\\/\\\/shopatoa.com\\\/ro\\\/#\\\/schema\\\/logo\\\/image\\\/\"}}]}<\/script>\n<!-- \/ Yoast SEO plugin. -->","yoast_head_json":{"title":"Jungle Way Mouth suport pentru betisoarele parfumate 1 buc - SHOPATOA.COM","robots":{"index":"index","follow":"follow","max-snippet":"max-snippet:-1","max-image-preview":"max-image-preview:large","max-video-preview":"max-video-preview:-1"},"canonical":"https:\/\/shopatoa.com\/ro\/jungle-way-mouth-suport-pentru-betisoarele-parfumate-1-buc\/","og_locale":"ro_RO","og_type":"article","og_title":"Jungle Way Mouth suport pentru betisoarele parfumate 1 buc - SHOPATOA.COM","og_description":"Jungle Way Mouth, 1 buc, Suport pentru be\u021bi\u0219oarele parfumate Parfumuri pentru casa, Suportul practic de ceramic\u0103 Jungle Way Mouth este un accesoriu indispensabil pentru fiecare iubitor al be\u021bi\u0219oarelor de t\u0103m\u00e2ie. Cu ajutorul acestuia se poate savura aroma be\u021bi\u0219oarelor, f\u0103r\u0103 grija c\u0103 arderea acestora ar afecta negativ interiorul. Cum se utilizeaz\u0103: Suportul se plaseaz\u0103 pe o...","og_url":"https:\/\/shopatoa.com\/ro\/jungle-way-mouth-suport-pentru-betisoarele-parfumate-1-buc\/","og_site_name":"SHOPATOA","article_modified_time":"2025-12-07T05:32:31+00:00","og_image":[{"width":800,"height":800,"url":"https:\/\/storage.googleapis.com\/cz-shopatoa-img\/ro\/e412df99-unnamed-file.webp","type":"image\/webp"}],"twitter_card":"summary_large_image","twitter_misc":{"Timp estimat pentru citire":"1 minut"},"schema":{"@context":"https:\/\/schema.org","@graph":[{"@type":"WebPage","@id":"https:\/\/shopatoa.com\/ro\/jungle-way-mouth-suport-pentru-betisoarele-parfumate-1-buc\/","url":"https:\/\/shopatoa.com\/ro\/jungle-way-mouth-suport-pentru-betisoarele-parfumate-1-buc\/","name":"Jungle Way Mouth suport pentru betisoarele parfumate 1 buc - SHOPATOA.COM","isPartOf":{"@id":"https:\/\/shopatoa.com\/ro\/#website"},"primaryImageOfPage":{"@id":"https:\/\/shopatoa.com\/ro\/jungle-way-mouth-suport-pentru-betisoarele-parfumate-1-buc\/#primaryimage"},"image":{"@id":"https:\/\/shopatoa.com\/ro\/jungle-way-mouth-suport-pentru-betisoarele-parfumate-1-buc\/#primaryimage"},"thumbnailUrl":"https:\/\/storage.googleapis.com\/cz-shopatoa-img\/ro\/e412df99-unnamed-file.webp","datePublished":"2025-06-29T18:11:45+00:00","dateModified":"2025-12-07T05:32:31+00:00","breadcrumb":{"@id":"https:\/\/shopatoa.com\/ro\/jungle-way-mouth-suport-pentru-betisoarele-parfumate-1-buc\/#breadcrumb"},"inLanguage":"ro-RO","potentialAction":[{"@type":"ReadAction","target":["https:\/\/shopatoa.com\/ro\/jungle-way-mouth-suport-pentru-betisoarele-parfumate-1-buc\/"]}]},{"@type":"ImageObject","inLanguage":"ro-RO","@id":"https:\/\/shopatoa.com\/ro\/jungle-way-mouth-suport-pentru-betisoarele-parfumate-1-buc\/#primaryimage","url":"https:\/\/storage.googleapis.com\/cz-shopatoa-img\/ro\/e412df99-unnamed-file.webp","contentUrl":"https:\/\/storage.googleapis.com\/cz-shopatoa-img\/ro\/e412df99-unnamed-file.webp","width":800,"height":800},{"@type":"BreadcrumbList","@id":"https:\/\/shopatoa.com\/ro\/jungle-way-mouth-suport-pentru-betisoarele-parfumate-1-buc\/#breadcrumb","itemListElement":[{"@type":"ListItem","position":1,"name":"Dom\u016f","item":"https:\/\/shopatoa.com\/ro\/"},{"@type":"ListItem","position":2,"name":"Shop","item":"https:\/\/shopatoa.com\/ro\/shop\/"},{"@type":"ListItem","position":3,"name":"Casa \u0219i gr\u0103din\u0103","item":"https:\/\/shopatoa.com\/ro\/casa-si-gradina\/"},{"@type":"ListItem","position":4,"name":"Decor","item":"https:\/\/shopatoa.com\/ro\/decor-casa-si-gradina\/"},{"@type":"ListItem","position":5,"name":"Accesorii pentru parfumuri de cas\u0103","item":"https:\/\/shopatoa.com\/ro\/accesorii-pentru-parfumuri-de-casa\/"},{"@type":"ListItem","position":6,"name":"Suporturi pentru lum\u00e2n\u0103ri","item":"https:\/\/shopatoa.com\/ro\/suporturi-pentru-lumanari\/"},{"@type":"ListItem","position":7,"name":"Jungle Way Mouth suport pentru betisoarele parfumate 1 buc"}]},{"@type":"WebSite","@id":"https:\/\/shopatoa.com\/ro\/#website","url":"https:\/\/shopatoa.com\/ro\/","name":"SHOPATOA","description":"","publisher":{"@id":"https:\/\/shopatoa.com\/ro\/#organization"},"potentialAction":[{"@type":"SearchAction","target":{"@type":"EntryPoint","urlTemplate":"https:\/\/shopatoa.com\/ro\/?s={search_term_string}"},"query-input":{"@type":"PropertyValueSpecification","valueRequired":true,"valueName":"search_term_string"}}],"inLanguage":"ro-RO"},{"@type":"Organization","@id":"https:\/\/shopatoa.com\/ro\/#organization","name":"SHOPATOA","url":"https:\/\/shopatoa.com\/ro\/","logo":{"@type":"ImageObject","inLanguage":"ro-RO","@id":"https:\/\/shopatoa.com\/ro\/#\/schema\/logo\/image\/","url":"https:\/\/storage.googleapis.com\/cz-shopatoa-img\/ro\/b4dac915-shopatoa_logo.png","contentUrl":"https:\/\/storage.googleapis.com\/cz-shopatoa-img\/ro\/b4dac915-shopatoa_logo.png","width":416,"height":63,"caption":"SHOPATOA"},"image":{"@id":"https:\/\/shopatoa.com\/ro\/#\/schema\/logo\/image\/"}}]}},"_links":{"self":[{"href":"https:\/\/shopatoa.com\/ro\/wp-json\/wp\/v2\/product\/484650","targetHints":{"allow":["GET"]}}],"collection":[{"href":"https:\/\/shopatoa.com\/ro\/wp-json\/wp\/v2\/product"}],"about":[{"href":"https:\/\/shopatoa.com\/ro\/wp-json\/wp\/v2\/types\/product"}],"replies":[{"embeddable":true,"href":"https:\/\/shopatoa.com\/ro\/wp-json\/wp\/v2\/comments?post=484650"}],"wp:featuredmedia":[{"embeddable":true,"href":"https:\/\/shopatoa.com\/ro\/wp-json\/wp\/v2\/media\/487581"}],"wp:attachment":[{"href":"https:\/\/shopatoa.com\/ro\/wp-json\/wp\/v2\/media?parent=484650"}],"wp:term":[{"taxonomy":"product_brand","embeddable":true,"href":"https:\/\/shopatoa.com\/ro\/wp-json\/wp\/v2\/product_brand?post=484650"},{"taxonomy":"product_cat","embeddable":true,"href":"https:\/\/shopatoa.com\/ro\/wp-json\/wp\/v2\/product_cat?post=484650"},{"taxonomy":"product_tag","embeddable":true,"href":"https:\/\/shopatoa.com\/ro\/wp-json\/wp\/v2\/product_tag?post=484650"}],"curies":[{"name":"wp","href":"https:\/\/api.w.org\/{rel}","templated":true}]}}