{"id":484720,"date":"2025-06-29T20:22:02","date_gmt":"2025-06-29T18:22:02","guid":{"rendered":"https:\/\/shopatoa.com\/ro\/real-techniques-original-collection-prep-brici-faciale-3-buc\/"},"modified":"2025-12-14T06:05:10","modified_gmt":"2025-12-14T05:05:10","slug":"real-techniques-original-collection-prep-brici-faciale-3-buc","status":"publish","type":"product","link":"https:\/\/shopatoa.com\/ro\/real-techniques-original-collection-prep-brici-faciale-3-buc\/","title":{"rendered":"Real Techniques Original Collection Prep brici faciale 3 buc"},"content":{"rendered":"<p>Real Techniques Original Collection Prep, 3 buc, Aranjarea spr\u00e2ncenelor pentru femei, \u00cengrijirea tenului nu \u00eenseamn\u0103 doar creme, seruri, tonice, geluri \u0219i lo\u021biuni exfoliante. Rutina dvs. poate fi \u00eembun\u0103t\u0103\u021bit\u0103 prin diverse tipuri de accesorii cosmetice speciale. Articolul Real Techniques Original Collection Prep completeaz\u0103 perfect produsele pe care le folosi\u021bi deja \u00een rutina dvs. \u0219i ofer\u0103 un ten cu aspect mai frumos.  Caracteristici:  aplicare u\u0219oar\u0103 \u0219i rapid\u0103  Cum se utilizeaz\u0103: Se folose\u0219te conform instruc\u021biunilor incluse.<\/p>\n","protected":false},"excerpt":{"rendered":"<p>Real Techniques Original Collection Prep, 3 buc, Aranjarea spr\u00e2ncenelor pentru femei, \u00cengrijirea tenului nu \u00eenseamn\u0103 doar creme, seruri, tonice, geluri \u0219i lo\u021biuni exfoliante. Rutina dvs. poate fi \u00eembun\u0103t\u0103\u021bit\u0103 prin diverse tipuri de accesorii cosmetice speciale. Articolul Real Techniques Original Collection Prep completeaz\u0103 perfect produsele pe care le folosi\u021bi deja \u00een rutina dvs. \u0219i ofer\u0103 un&#8230;<\/p>\n","protected":false},"featured_media":496200,"comment_status":"closed","ping_status":"open","template":"","meta":{"_acf_changed":false,"_kadence_starter_templates_imported_post":false,"_kad_post_transparent":"","_kad_post_title":"","_kad_post_layout":"","_kad_post_sidebar_id":"","_kad_post_content_style":"","_kad_post_vertical_padding":"","_kad_post_feature":"","_kad_post_feature_position":"","_kad_post_header":false,"_kad_post_footer":false,"_kad_post_classname":""},"product_brand":[1106],"product_cat":[1564,1563,1664,1576,1599,1562],"product_tag":[],"class_list":{"0":"post-484720","1":"product","2":"type-product","3":"status-publish","4":"has-post-thumbnail","6":"product_brand-real-techniques","7":"product_cat-cosmetice-ingrijire-personala","8":"product_cat-ingrijire-personala","9":"product_cat-intaritori-pentru-sprancene","10":"product_cat-machiaj","11":"product_cat-machiaj-pentru-ochi-machiaj","12":"product_cat-sanatate-si-frumusete","13":"pa_gen-female","14":"pa_marime-3-buc","16":"first","17":"instock","18":"sale","19":"product-type-external","20":"entry","21":"content-bg","22":"loop-entry"},"acf":[],"yoast_head":"<!-- This site is optimized with the Yoast SEO plugin v27.3 - https:\/\/yoast.com\/product\/yoast-seo-wordpress\/ -->\n<title>Real Techniques Original Collection Prep brici faciale 3 buc - SHOPATOA.COM<\/title>\n<meta name=\"robots\" content=\"index, follow, max-snippet:-1, max-image-preview:large, max-video-preview:-1\" \/>\n<link rel=\"canonical\" href=\"https:\/\/shopatoa.com\/ro\/real-techniques-original-collection-prep-brici-faciale-3-buc\/\" \/>\n<meta property=\"og:locale\" content=\"ro_RO\" \/>\n<meta property=\"og:type\" content=\"article\" \/>\n<meta property=\"og:title\" content=\"Real Techniques Original Collection Prep brici faciale 3 buc - SHOPATOA.COM\" \/>\n<meta property=\"og:description\" content=\"Real Techniques Original Collection Prep, 3 buc, Aranjarea spr\u00e2ncenelor pentru femei, \u00cengrijirea tenului nu \u00eenseamn\u0103 doar creme, seruri, tonice, geluri \u0219i lo\u021biuni exfoliante. Rutina dvs. poate fi \u00eembun\u0103t\u0103\u021bit\u0103 prin diverse tipuri de accesorii cosmetice speciale. Articolul Real Techniques Original Collection Prep completeaz\u0103 perfect produsele pe care le folosi\u021bi deja \u00een rutina dvs. \u0219i ofer\u0103 un...\" \/>\n<meta property=\"og:url\" content=\"https:\/\/shopatoa.com\/ro\/real-techniques-original-collection-prep-brici-faciale-3-buc\/\" \/>\n<meta property=\"og:site_name\" content=\"SHOPATOA\" \/>\n<meta property=\"article:modified_time\" content=\"2025-12-14T05:05:10+00:00\" \/>\n<meta property=\"og:image\" content=\"https:\/\/storage.googleapis.com\/cz-shopatoa-img\/ro\/c5294296-realtechniquesoriginalcollectionprepbricifaciale3buc.jpg\" \/>\n\t<meta property=\"og:image:width\" content=\"800\" \/>\n\t<meta property=\"og:image:height\" content=\"800\" \/>\n\t<meta property=\"og:image:type\" content=\"image\/jpeg\" \/>\n<meta name=\"twitter:card\" content=\"summary_large_image\" \/>\n<script type=\"application\/ld+json\" class=\"yoast-schema-graph\">{\"@context\":\"https:\\\/\\\/schema.org\",\"@graph\":[{\"@type\":\"WebPage\",\"@id\":\"https:\\\/\\\/shopatoa.com\\\/ro\\\/real-techniques-original-collection-prep-brici-faciale-3-buc\\\/\",\"url\":\"https:\\\/\\\/shopatoa.com\\\/ro\\\/real-techniques-original-collection-prep-brici-faciale-3-buc\\\/\",\"name\":\"Real Techniques Original Collection Prep brici faciale 3 buc - SHOPATOA.COM\",\"isPartOf\":{\"@id\":\"https:\\\/\\\/shopatoa.com\\\/ro\\\/#website\"},\"primaryImageOfPage\":{\"@id\":\"https:\\\/\\\/shopatoa.com\\\/ro\\\/real-techniques-original-collection-prep-brici-faciale-3-buc\\\/#primaryimage\"},\"image\":{\"@id\":\"https:\\\/\\\/shopatoa.com\\\/ro\\\/real-techniques-original-collection-prep-brici-faciale-3-buc\\\/#primaryimage\"},\"thumbnailUrl\":\"https:\\\/\\\/storage.googleapis.com\\\/cz-shopatoa-img\\\/ro\\\/c5294296-realtechniquesoriginalcollectionprepbricifaciale3buc.jpg\",\"datePublished\":\"2025-06-29T18:22:02+00:00\",\"dateModified\":\"2025-12-14T05:05:10+00:00\",\"breadcrumb\":{\"@id\":\"https:\\\/\\\/shopatoa.com\\\/ro\\\/real-techniques-original-collection-prep-brici-faciale-3-buc\\\/#breadcrumb\"},\"inLanguage\":\"ro-RO\",\"potentialAction\":[{\"@type\":\"ReadAction\",\"target\":[\"https:\\\/\\\/shopatoa.com\\\/ro\\\/real-techniques-original-collection-prep-brici-faciale-3-buc\\\/\"]}]},{\"@type\":\"ImageObject\",\"inLanguage\":\"ro-RO\",\"@id\":\"https:\\\/\\\/shopatoa.com\\\/ro\\\/real-techniques-original-collection-prep-brici-faciale-3-buc\\\/#primaryimage\",\"url\":\"https:\\\/\\\/storage.googleapis.com\\\/cz-shopatoa-img\\\/ro\\\/c5294296-realtechniquesoriginalcollectionprepbricifaciale3buc.jpg\",\"contentUrl\":\"https:\\\/\\\/storage.googleapis.com\\\/cz-shopatoa-img\\\/ro\\\/c5294296-realtechniquesoriginalcollectionprepbricifaciale3buc.jpg\",\"width\":800,\"height\":800,\"caption\":\"Real Techniques Original Collection Prep brici faciale 3 buc\"},{\"@type\":\"BreadcrumbList\",\"@id\":\"https:\\\/\\\/shopatoa.com\\\/ro\\\/real-techniques-original-collection-prep-brici-faciale-3-buc\\\/#breadcrumb\",\"itemListElement\":[{\"@type\":\"ListItem\",\"position\":1,\"name\":\"Dom\u016f\",\"item\":\"https:\\\/\\\/shopatoa.com\\\/ro\\\/\"},{\"@type\":\"ListItem\",\"position\":2,\"name\":\"Shop\",\"item\":\"https:\\\/\\\/shopatoa.com\\\/ro\\\/shop\\\/\"},{\"@type\":\"ListItem\",\"position\":3,\"name\":\"S\u0103n\u0103tate \u0219i frumuse\u021be\",\"item\":\"https:\\\/\\\/shopatoa.com\\\/ro\\\/sanatate-si-frumusete\\\/\"},{\"@type\":\"ListItem\",\"position\":4,\"name\":\"\u00cengrijire personal\u0103\",\"item\":\"https:\\\/\\\/shopatoa.com\\\/ro\\\/ingrijire-personala\\\/\"},{\"@type\":\"ListItem\",\"position\":5,\"name\":\"Cosmetice\",\"item\":\"https:\\\/\\\/shopatoa.com\\\/ro\\\/cosmetice-ingrijire-personala\\\/\"},{\"@type\":\"ListItem\",\"position\":6,\"name\":\"Machiaj\",\"item\":\"https:\\\/\\\/shopatoa.com\\\/ro\\\/machiaj\\\/\"},{\"@type\":\"ListItem\",\"position\":7,\"name\":\"Machiaj pentru ochi\",\"item\":\"https:\\\/\\\/shopatoa.com\\\/ro\\\/machiaj-pentru-ochi-machiaj\\\/\"},{\"@type\":\"ListItem\",\"position\":8,\"name\":\"\u00cent\u0103ritori pentru spr\u00e2ncene\",\"item\":\"https:\\\/\\\/shopatoa.com\\\/ro\\\/intaritori-pentru-sprancene\\\/\"},{\"@type\":\"ListItem\",\"position\":9,\"name\":\"Real Techniques Original Collection Prep brici faciale 3 buc\"}]},{\"@type\":\"WebSite\",\"@id\":\"https:\\\/\\\/shopatoa.com\\\/ro\\\/#website\",\"url\":\"https:\\\/\\\/shopatoa.com\\\/ro\\\/\",\"name\":\"SHOPATOA\",\"description\":\"\",\"publisher\":{\"@id\":\"https:\\\/\\\/shopatoa.com\\\/ro\\\/#organization\"},\"potentialAction\":[{\"@type\":\"SearchAction\",\"target\":{\"@type\":\"EntryPoint\",\"urlTemplate\":\"https:\\\/\\\/shopatoa.com\\\/ro\\\/?s={search_term_string}\"},\"query-input\":{\"@type\":\"PropertyValueSpecification\",\"valueRequired\":true,\"valueName\":\"search_term_string\"}}],\"inLanguage\":\"ro-RO\"},{\"@type\":\"Organization\",\"@id\":\"https:\\\/\\\/shopatoa.com\\\/ro\\\/#organization\",\"name\":\"SHOPATOA\",\"url\":\"https:\\\/\\\/shopatoa.com\\\/ro\\\/\",\"logo\":{\"@type\":\"ImageObject\",\"inLanguage\":\"ro-RO\",\"@id\":\"https:\\\/\\\/shopatoa.com\\\/ro\\\/#\\\/schema\\\/logo\\\/image\\\/\",\"url\":\"https:\\\/\\\/storage.googleapis.com\\\/cz-shopatoa-img\\\/ro\\\/b4dac915-shopatoa_logo.png\",\"contentUrl\":\"https:\\\/\\\/storage.googleapis.com\\\/cz-shopatoa-img\\\/ro\\\/b4dac915-shopatoa_logo.png\",\"width\":416,\"height\":63,\"caption\":\"SHOPATOA\"},\"image\":{\"@id\":\"https:\\\/\\\/shopatoa.com\\\/ro\\\/#\\\/schema\\\/logo\\\/image\\\/\"}}]}<\/script>\n<!-- \/ Yoast SEO plugin. -->","yoast_head_json":{"title":"Real Techniques Original Collection Prep brici faciale 3 buc - SHOPATOA.COM","robots":{"index":"index","follow":"follow","max-snippet":"max-snippet:-1","max-image-preview":"max-image-preview:large","max-video-preview":"max-video-preview:-1"},"canonical":"https:\/\/shopatoa.com\/ro\/real-techniques-original-collection-prep-brici-faciale-3-buc\/","og_locale":"ro_RO","og_type":"article","og_title":"Real Techniques Original Collection Prep brici faciale 3 buc - SHOPATOA.COM","og_description":"Real Techniques Original Collection Prep, 3 buc, Aranjarea spr\u00e2ncenelor pentru femei, \u00cengrijirea tenului nu \u00eenseamn\u0103 doar creme, seruri, tonice, geluri \u0219i lo\u021biuni exfoliante. Rutina dvs. poate fi \u00eembun\u0103t\u0103\u021bit\u0103 prin diverse tipuri de accesorii cosmetice speciale. Articolul Real Techniques Original Collection Prep completeaz\u0103 perfect produsele pe care le folosi\u021bi deja \u00een rutina dvs. \u0219i ofer\u0103 un...","og_url":"https:\/\/shopatoa.com\/ro\/real-techniques-original-collection-prep-brici-faciale-3-buc\/","og_site_name":"SHOPATOA","article_modified_time":"2025-12-14T05:05:10+00:00","og_image":[{"width":800,"height":800,"url":"https:\/\/storage.googleapis.com\/cz-shopatoa-img\/ro\/c5294296-realtechniquesoriginalcollectionprepbricifaciale3buc.jpg","type":"image\/jpeg"}],"twitter_card":"summary_large_image","schema":{"@context":"https:\/\/schema.org","@graph":[{"@type":"WebPage","@id":"https:\/\/shopatoa.com\/ro\/real-techniques-original-collection-prep-brici-faciale-3-buc\/","url":"https:\/\/shopatoa.com\/ro\/real-techniques-original-collection-prep-brici-faciale-3-buc\/","name":"Real Techniques Original Collection Prep brici faciale 3 buc - SHOPATOA.COM","isPartOf":{"@id":"https:\/\/shopatoa.com\/ro\/#website"},"primaryImageOfPage":{"@id":"https:\/\/shopatoa.com\/ro\/real-techniques-original-collection-prep-brici-faciale-3-buc\/#primaryimage"},"image":{"@id":"https:\/\/shopatoa.com\/ro\/real-techniques-original-collection-prep-brici-faciale-3-buc\/#primaryimage"},"thumbnailUrl":"https:\/\/storage.googleapis.com\/cz-shopatoa-img\/ro\/c5294296-realtechniquesoriginalcollectionprepbricifaciale3buc.jpg","datePublished":"2025-06-29T18:22:02+00:00","dateModified":"2025-12-14T05:05:10+00:00","breadcrumb":{"@id":"https:\/\/shopatoa.com\/ro\/real-techniques-original-collection-prep-brici-faciale-3-buc\/#breadcrumb"},"inLanguage":"ro-RO","potentialAction":[{"@type":"ReadAction","target":["https:\/\/shopatoa.com\/ro\/real-techniques-original-collection-prep-brici-faciale-3-buc\/"]}]},{"@type":"ImageObject","inLanguage":"ro-RO","@id":"https:\/\/shopatoa.com\/ro\/real-techniques-original-collection-prep-brici-faciale-3-buc\/#primaryimage","url":"https:\/\/storage.googleapis.com\/cz-shopatoa-img\/ro\/c5294296-realtechniquesoriginalcollectionprepbricifaciale3buc.jpg","contentUrl":"https:\/\/storage.googleapis.com\/cz-shopatoa-img\/ro\/c5294296-realtechniquesoriginalcollectionprepbricifaciale3buc.jpg","width":800,"height":800,"caption":"Real Techniques Original Collection Prep brici faciale 3 buc"},{"@type":"BreadcrumbList","@id":"https:\/\/shopatoa.com\/ro\/real-techniques-original-collection-prep-brici-faciale-3-buc\/#breadcrumb","itemListElement":[{"@type":"ListItem","position":1,"name":"Dom\u016f","item":"https:\/\/shopatoa.com\/ro\/"},{"@type":"ListItem","position":2,"name":"Shop","item":"https:\/\/shopatoa.com\/ro\/shop\/"},{"@type":"ListItem","position":3,"name":"S\u0103n\u0103tate \u0219i frumuse\u021be","item":"https:\/\/shopatoa.com\/ro\/sanatate-si-frumusete\/"},{"@type":"ListItem","position":4,"name":"\u00cengrijire personal\u0103","item":"https:\/\/shopatoa.com\/ro\/ingrijire-personala\/"},{"@type":"ListItem","position":5,"name":"Cosmetice","item":"https:\/\/shopatoa.com\/ro\/cosmetice-ingrijire-personala\/"},{"@type":"ListItem","position":6,"name":"Machiaj","item":"https:\/\/shopatoa.com\/ro\/machiaj\/"},{"@type":"ListItem","position":7,"name":"Machiaj pentru ochi","item":"https:\/\/shopatoa.com\/ro\/machiaj-pentru-ochi-machiaj\/"},{"@type":"ListItem","position":8,"name":"\u00cent\u0103ritori pentru spr\u00e2ncene","item":"https:\/\/shopatoa.com\/ro\/intaritori-pentru-sprancene\/"},{"@type":"ListItem","position":9,"name":"Real Techniques Original Collection Prep brici faciale 3 buc"}]},{"@type":"WebSite","@id":"https:\/\/shopatoa.com\/ro\/#website","url":"https:\/\/shopatoa.com\/ro\/","name":"SHOPATOA","description":"","publisher":{"@id":"https:\/\/shopatoa.com\/ro\/#organization"},"potentialAction":[{"@type":"SearchAction","target":{"@type":"EntryPoint","urlTemplate":"https:\/\/shopatoa.com\/ro\/?s={search_term_string}"},"query-input":{"@type":"PropertyValueSpecification","valueRequired":true,"valueName":"search_term_string"}}],"inLanguage":"ro-RO"},{"@type":"Organization","@id":"https:\/\/shopatoa.com\/ro\/#organization","name":"SHOPATOA","url":"https:\/\/shopatoa.com\/ro\/","logo":{"@type":"ImageObject","inLanguage":"ro-RO","@id":"https:\/\/shopatoa.com\/ro\/#\/schema\/logo\/image\/","url":"https:\/\/storage.googleapis.com\/cz-shopatoa-img\/ro\/b4dac915-shopatoa_logo.png","contentUrl":"https:\/\/storage.googleapis.com\/cz-shopatoa-img\/ro\/b4dac915-shopatoa_logo.png","width":416,"height":63,"caption":"SHOPATOA"},"image":{"@id":"https:\/\/shopatoa.com\/ro\/#\/schema\/logo\/image\/"}}]}},"_links":{"self":[{"href":"https:\/\/shopatoa.com\/ro\/wp-json\/wp\/v2\/product\/484720","targetHints":{"allow":["GET"]}}],"collection":[{"href":"https:\/\/shopatoa.com\/ro\/wp-json\/wp\/v2\/product"}],"about":[{"href":"https:\/\/shopatoa.com\/ro\/wp-json\/wp\/v2\/types\/product"}],"replies":[{"embeddable":true,"href":"https:\/\/shopatoa.com\/ro\/wp-json\/wp\/v2\/comments?post=484720"}],"wp:featuredmedia":[{"embeddable":true,"href":"https:\/\/shopatoa.com\/ro\/wp-json\/wp\/v2\/media\/496200"}],"wp:attachment":[{"href":"https:\/\/shopatoa.com\/ro\/wp-json\/wp\/v2\/media?parent=484720"}],"wp:term":[{"taxonomy":"product_brand","embeddable":true,"href":"https:\/\/shopatoa.com\/ro\/wp-json\/wp\/v2\/product_brand?post=484720"},{"taxonomy":"product_cat","embeddable":true,"href":"https:\/\/shopatoa.com\/ro\/wp-json\/wp\/v2\/product_cat?post=484720"},{"taxonomy":"product_tag","embeddable":true,"href":"https:\/\/shopatoa.com\/ro\/wp-json\/wp\/v2\/product_tag?post=484720"}],"curies":[{"name":"wp","href":"https:\/\/api.w.org\/{rel}","templated":true}]}}