{"id":484748,"date":"2025-06-29T20:27:18","date_gmt":"2025-06-29T18:27:18","guid":{"rendered":"https:\/\/shopatoa.com\/ro\/la-florentina-rose-of-may-liquid-soap-sapun-natural-pentru-maini-500-ml\/"},"modified":"2025-09-24T14:55:05","modified_gmt":"2025-09-24T12:55:05","slug":"la-florentina-rose-of-may-liquid-soap-sapun-natural-pentru-maini-500-ml","status":"publish","type":"product","link":"https:\/\/shopatoa.com\/ro\/la-florentina-rose-of-may-liquid-soap-sapun-natural-pentru-maini-500-ml\/","title":{"rendered":"La Florentina Rose of May Liquid Soap S\u0103pun natural pentru m\u00e2ini 500 ml"},"content":{"rendered":"<p>La Florentina Rose of May Liquid Soap, 500 ml, Sapunuri lichid pentru femei, S\u0103punul lichid La Florentina Rose of May cur\u0103\u021b\u0103 delicat, dar eficient m\u00e2inile \u0219i le ofer\u0103 nutri\u021bia \u0219i \u00eengrijirea necesare.  Caracteristici:  spal\u0103 eficient m\u00e2inile \u00eendep\u0103rteaz\u0103 impurit\u0103\u021bile \u0219i bacteriile hr\u0103ne\u0219te pielea miroase pl\u0103cut las\u0103 o senza\u021bie r\u0103coritoare  Ingrediente:  con\u021bine cel pu\u021bin 99 % ingrediente de origine natural\u0103  Cum se utilizeaz\u0103: Se aplic\u0103 pe m\u00e2inile ude \u0219i se spumeaz\u0103 u\u0219or. Se cl\u0103tesc bine m\u00e2inile.<\/p>\n","protected":false},"excerpt":{"rendered":"<p>La Florentina Rose of May Liquid Soap, 500 ml, Sapunuri lichid pentru femei, S\u0103punul lichid La Florentina Rose of May cur\u0103\u021b\u0103 delicat, dar eficient m\u00e2inile \u0219i le ofer\u0103 nutri\u021bia \u0219i \u00eengrijirea necesare. Caracteristici: spal\u0103 eficient m\u00e2inile \u00eendep\u0103rteaz\u0103 impurit\u0103\u021bile \u0219i bacteriile hr\u0103ne\u0219te pielea miroase pl\u0103cut las\u0103 o senza\u021bie r\u0103coritoare Ingrediente: con\u021bine cel pu\u021bin 99 % ingrediente&#8230;<\/p>\n","protected":false},"featured_media":496199,"comment_status":"closed","ping_status":"open","template":"","meta":{"_acf_changed":false,"_kadence_starter_templates_imported_post":false,"_kad_post_transparent":"","_kad_post_title":"","_kad_post_layout":"","_kad_post_sidebar_id":"","_kad_post_content_style":"","_kad_post_vertical_padding":"","_kad_post_feature":"","_kad_post_feature_position":"","_kad_post_header":false,"_kad_post_footer":false,"_kad_post_classname":""},"product_brand":[2468],"product_cat":[1570,1564,1563,1562,1811],"product_tag":[],"class_list":{"0":"post-484748","1":"product","2":"type-product","3":"status-publish","4":"has-post-thumbnail","6":"product_brand-la-florentina","7":"product_cat-baie-si-corp","8":"product_cat-cosmetice-ingrijire-personala","9":"product_cat-ingrijire-personala","10":"product_cat-sanatate-si-frumusete","11":"product_cat-sapun-lichid-de-mana","12":"pa_gen-female","13":"pa_marime-500-ml","15":"first","16":"instock","17":"sale","18":"product-type-external","19":"entry","20":"content-bg","21":"loop-entry"},"acf":[],"yoast_head":"<!-- This site is optimized with the Yoast SEO plugin v27.4 - https:\/\/yoast.com\/product\/yoast-seo-wordpress\/ -->\n<title>La Florentina Rose of May Liquid Soap S\u0103pun natural pentru m\u00e2ini 500 ml - SHOPATOA.COM<\/title>\n<meta name=\"robots\" content=\"index, follow, max-snippet:-1, max-image-preview:large, max-video-preview:-1\" \/>\n<link rel=\"canonical\" href=\"https:\/\/shopatoa.com\/ro\/la-florentina-rose-of-may-liquid-soap-sapun-natural-pentru-maini-500-ml\/\" \/>\n<meta property=\"og:locale\" content=\"ro_RO\" \/>\n<meta property=\"og:type\" content=\"article\" \/>\n<meta property=\"og:title\" content=\"La Florentina Rose of May Liquid Soap S\u0103pun natural pentru m\u00e2ini 500 ml - SHOPATOA.COM\" \/>\n<meta property=\"og:description\" content=\"La Florentina Rose of May Liquid Soap, 500 ml, Sapunuri lichid pentru femei, S\u0103punul lichid La Florentina Rose of May cur\u0103\u021b\u0103 delicat, dar eficient m\u00e2inile \u0219i le ofer\u0103 nutri\u021bia \u0219i \u00eengrijirea necesare. Caracteristici: spal\u0103 eficient m\u00e2inile \u00eendep\u0103rteaz\u0103 impurit\u0103\u021bile \u0219i bacteriile hr\u0103ne\u0219te pielea miroase pl\u0103cut las\u0103 o senza\u021bie r\u0103coritoare Ingrediente: con\u021bine cel pu\u021bin 99 % ingrediente...\" \/>\n<meta property=\"og:url\" content=\"https:\/\/shopatoa.com\/ro\/la-florentina-rose-of-may-liquid-soap-sapun-natural-pentru-maini-500-ml\/\" \/>\n<meta property=\"og:site_name\" content=\"SHOPATOA\" \/>\n<meta property=\"article:modified_time\" content=\"2025-09-24T12:55:05+00:00\" \/>\n<meta property=\"og:image\" content=\"https:\/\/storage.googleapis.com\/cz-shopatoa-img\/ro\/549faed1-laflorentinaroseofmayliquidsoapspunnaturalpentrumini500ml.jpg\" \/>\n\t<meta property=\"og:image:width\" content=\"800\" \/>\n\t<meta property=\"og:image:height\" content=\"800\" \/>\n\t<meta property=\"og:image:type\" content=\"image\/jpeg\" \/>\n<meta name=\"twitter:card\" content=\"summary_large_image\" \/>\n<script type=\"application\/ld+json\" class=\"yoast-schema-graph\">{\"@context\":\"https:\\\/\\\/schema.org\",\"@graph\":[{\"@type\":\"WebPage\",\"@id\":\"https:\\\/\\\/shopatoa.com\\\/ro\\\/la-florentina-rose-of-may-liquid-soap-sapun-natural-pentru-maini-500-ml\\\/\",\"url\":\"https:\\\/\\\/shopatoa.com\\\/ro\\\/la-florentina-rose-of-may-liquid-soap-sapun-natural-pentru-maini-500-ml\\\/\",\"name\":\"La Florentina Rose of May Liquid Soap S\u0103pun natural pentru m\u00e2ini 500 ml - SHOPATOA.COM\",\"isPartOf\":{\"@id\":\"https:\\\/\\\/shopatoa.com\\\/ro\\\/#website\"},\"primaryImageOfPage\":{\"@id\":\"https:\\\/\\\/shopatoa.com\\\/ro\\\/la-florentina-rose-of-may-liquid-soap-sapun-natural-pentru-maini-500-ml\\\/#primaryimage\"},\"image\":{\"@id\":\"https:\\\/\\\/shopatoa.com\\\/ro\\\/la-florentina-rose-of-may-liquid-soap-sapun-natural-pentru-maini-500-ml\\\/#primaryimage\"},\"thumbnailUrl\":\"https:\\\/\\\/storage.googleapis.com\\\/cz-shopatoa-img\\\/ro\\\/549faed1-laflorentinaroseofmayliquidsoapspunnaturalpentrumini500ml.jpg\",\"datePublished\":\"2025-06-29T18:27:18+00:00\",\"dateModified\":\"2025-09-24T12:55:05+00:00\",\"breadcrumb\":{\"@id\":\"https:\\\/\\\/shopatoa.com\\\/ro\\\/la-florentina-rose-of-may-liquid-soap-sapun-natural-pentru-maini-500-ml\\\/#breadcrumb\"},\"inLanguage\":\"ro-RO\",\"potentialAction\":[{\"@type\":\"ReadAction\",\"target\":[\"https:\\\/\\\/shopatoa.com\\\/ro\\\/la-florentina-rose-of-may-liquid-soap-sapun-natural-pentru-maini-500-ml\\\/\"]}]},{\"@type\":\"ImageObject\",\"inLanguage\":\"ro-RO\",\"@id\":\"https:\\\/\\\/shopatoa.com\\\/ro\\\/la-florentina-rose-of-may-liquid-soap-sapun-natural-pentru-maini-500-ml\\\/#primaryimage\",\"url\":\"https:\\\/\\\/storage.googleapis.com\\\/cz-shopatoa-img\\\/ro\\\/549faed1-laflorentinaroseofmayliquidsoapspunnaturalpentrumini500ml.jpg\",\"contentUrl\":\"https:\\\/\\\/storage.googleapis.com\\\/cz-shopatoa-img\\\/ro\\\/549faed1-laflorentinaroseofmayliquidsoapspunnaturalpentrumini500ml.jpg\",\"width\":800,\"height\":800,\"caption\":\"La Florentina Rose of May Liquid Soap S\u0103pun natural pentru m\u00e2ini 500 ml\"},{\"@type\":\"BreadcrumbList\",\"@id\":\"https:\\\/\\\/shopatoa.com\\\/ro\\\/la-florentina-rose-of-may-liquid-soap-sapun-natural-pentru-maini-500-ml\\\/#breadcrumb\",\"itemListElement\":[{\"@type\":\"ListItem\",\"position\":1,\"name\":\"Dom\u016f\",\"item\":\"https:\\\/\\\/shopatoa.com\\\/ro\\\/\"},{\"@type\":\"ListItem\",\"position\":2,\"name\":\"Shop\",\"item\":\"https:\\\/\\\/shopatoa.com\\\/ro\\\/shop\\\/\"},{\"@type\":\"ListItem\",\"position\":3,\"name\":\"S\u0103n\u0103tate \u0219i frumuse\u021be\",\"item\":\"https:\\\/\\\/shopatoa.com\\\/ro\\\/sanatate-si-frumusete\\\/\"},{\"@type\":\"ListItem\",\"position\":4,\"name\":\"\u00cengrijire personal\u0103\",\"item\":\"https:\\\/\\\/shopatoa.com\\\/ro\\\/ingrijire-personala\\\/\"},{\"@type\":\"ListItem\",\"position\":5,\"name\":\"Cosmetice\",\"item\":\"https:\\\/\\\/shopatoa.com\\\/ro\\\/cosmetice-ingrijire-personala\\\/\"},{\"@type\":\"ListItem\",\"position\":6,\"name\":\"Baie \u0219i corp\",\"item\":\"https:\\\/\\\/shopatoa.com\\\/ro\\\/baie-si-corp\\\/\"},{\"@type\":\"ListItem\",\"position\":7,\"name\":\"S\u0103pun lichid de m\u00e2n\u0103\",\"item\":\"https:\\\/\\\/shopatoa.com\\\/ro\\\/sapun-lichid-de-mana\\\/\"},{\"@type\":\"ListItem\",\"position\":8,\"name\":\"La Florentina Rose of May Liquid Soap S\u0103pun natural pentru m\u00e2ini 500 ml\"}]},{\"@type\":\"WebSite\",\"@id\":\"https:\\\/\\\/shopatoa.com\\\/ro\\\/#website\",\"url\":\"https:\\\/\\\/shopatoa.com\\\/ro\\\/\",\"name\":\"SHOPATOA\",\"description\":\"\",\"publisher\":{\"@id\":\"https:\\\/\\\/shopatoa.com\\\/ro\\\/#organization\"},\"potentialAction\":[{\"@type\":\"SearchAction\",\"target\":{\"@type\":\"EntryPoint\",\"urlTemplate\":\"https:\\\/\\\/shopatoa.com\\\/ro\\\/?s={search_term_string}\"},\"query-input\":{\"@type\":\"PropertyValueSpecification\",\"valueRequired\":true,\"valueName\":\"search_term_string\"}}],\"inLanguage\":\"ro-RO\"},{\"@type\":\"Organization\",\"@id\":\"https:\\\/\\\/shopatoa.com\\\/ro\\\/#organization\",\"name\":\"SHOPATOA\",\"url\":\"https:\\\/\\\/shopatoa.com\\\/ro\\\/\",\"logo\":{\"@type\":\"ImageObject\",\"inLanguage\":\"ro-RO\",\"@id\":\"https:\\\/\\\/shopatoa.com\\\/ro\\\/#\\\/schema\\\/logo\\\/image\\\/\",\"url\":\"https:\\\/\\\/storage.googleapis.com\\\/cz-shopatoa-img\\\/ro\\\/b4dac915-shopatoa_logo.png\",\"contentUrl\":\"https:\\\/\\\/storage.googleapis.com\\\/cz-shopatoa-img\\\/ro\\\/b4dac915-shopatoa_logo.png\",\"width\":416,\"height\":63,\"caption\":\"SHOPATOA\"},\"image\":{\"@id\":\"https:\\\/\\\/shopatoa.com\\\/ro\\\/#\\\/schema\\\/logo\\\/image\\\/\"}}]}<\/script>\n<!-- \/ Yoast SEO plugin. -->","yoast_head_json":{"title":"La Florentina Rose of May Liquid Soap S\u0103pun natural pentru m\u00e2ini 500 ml - SHOPATOA.COM","robots":{"index":"index","follow":"follow","max-snippet":"max-snippet:-1","max-image-preview":"max-image-preview:large","max-video-preview":"max-video-preview:-1"},"canonical":"https:\/\/shopatoa.com\/ro\/la-florentina-rose-of-may-liquid-soap-sapun-natural-pentru-maini-500-ml\/","og_locale":"ro_RO","og_type":"article","og_title":"La Florentina Rose of May Liquid Soap S\u0103pun natural pentru m\u00e2ini 500 ml - SHOPATOA.COM","og_description":"La Florentina Rose of May Liquid Soap, 500 ml, Sapunuri lichid pentru femei, S\u0103punul lichid La Florentina Rose of May cur\u0103\u021b\u0103 delicat, dar eficient m\u00e2inile \u0219i le ofer\u0103 nutri\u021bia \u0219i \u00eengrijirea necesare. Caracteristici: spal\u0103 eficient m\u00e2inile \u00eendep\u0103rteaz\u0103 impurit\u0103\u021bile \u0219i bacteriile hr\u0103ne\u0219te pielea miroase pl\u0103cut las\u0103 o senza\u021bie r\u0103coritoare Ingrediente: con\u021bine cel pu\u021bin 99 % ingrediente...","og_url":"https:\/\/shopatoa.com\/ro\/la-florentina-rose-of-may-liquid-soap-sapun-natural-pentru-maini-500-ml\/","og_site_name":"SHOPATOA","article_modified_time":"2025-09-24T12:55:05+00:00","og_image":[{"width":800,"height":800,"url":"https:\/\/storage.googleapis.com\/cz-shopatoa-img\/ro\/549faed1-laflorentinaroseofmayliquidsoapspunnaturalpentrumini500ml.jpg","type":"image\/jpeg"}],"twitter_card":"summary_large_image","schema":{"@context":"https:\/\/schema.org","@graph":[{"@type":"WebPage","@id":"https:\/\/shopatoa.com\/ro\/la-florentina-rose-of-may-liquid-soap-sapun-natural-pentru-maini-500-ml\/","url":"https:\/\/shopatoa.com\/ro\/la-florentina-rose-of-may-liquid-soap-sapun-natural-pentru-maini-500-ml\/","name":"La Florentina Rose of May Liquid Soap S\u0103pun natural pentru m\u00e2ini 500 ml - SHOPATOA.COM","isPartOf":{"@id":"https:\/\/shopatoa.com\/ro\/#website"},"primaryImageOfPage":{"@id":"https:\/\/shopatoa.com\/ro\/la-florentina-rose-of-may-liquid-soap-sapun-natural-pentru-maini-500-ml\/#primaryimage"},"image":{"@id":"https:\/\/shopatoa.com\/ro\/la-florentina-rose-of-may-liquid-soap-sapun-natural-pentru-maini-500-ml\/#primaryimage"},"thumbnailUrl":"https:\/\/storage.googleapis.com\/cz-shopatoa-img\/ro\/549faed1-laflorentinaroseofmayliquidsoapspunnaturalpentrumini500ml.jpg","datePublished":"2025-06-29T18:27:18+00:00","dateModified":"2025-09-24T12:55:05+00:00","breadcrumb":{"@id":"https:\/\/shopatoa.com\/ro\/la-florentina-rose-of-may-liquid-soap-sapun-natural-pentru-maini-500-ml\/#breadcrumb"},"inLanguage":"ro-RO","potentialAction":[{"@type":"ReadAction","target":["https:\/\/shopatoa.com\/ro\/la-florentina-rose-of-may-liquid-soap-sapun-natural-pentru-maini-500-ml\/"]}]},{"@type":"ImageObject","inLanguage":"ro-RO","@id":"https:\/\/shopatoa.com\/ro\/la-florentina-rose-of-may-liquid-soap-sapun-natural-pentru-maini-500-ml\/#primaryimage","url":"https:\/\/storage.googleapis.com\/cz-shopatoa-img\/ro\/549faed1-laflorentinaroseofmayliquidsoapspunnaturalpentrumini500ml.jpg","contentUrl":"https:\/\/storage.googleapis.com\/cz-shopatoa-img\/ro\/549faed1-laflorentinaroseofmayliquidsoapspunnaturalpentrumini500ml.jpg","width":800,"height":800,"caption":"La Florentina Rose of May Liquid Soap S\u0103pun natural pentru m\u00e2ini 500 ml"},{"@type":"BreadcrumbList","@id":"https:\/\/shopatoa.com\/ro\/la-florentina-rose-of-may-liquid-soap-sapun-natural-pentru-maini-500-ml\/#breadcrumb","itemListElement":[{"@type":"ListItem","position":1,"name":"Dom\u016f","item":"https:\/\/shopatoa.com\/ro\/"},{"@type":"ListItem","position":2,"name":"Shop","item":"https:\/\/shopatoa.com\/ro\/shop\/"},{"@type":"ListItem","position":3,"name":"S\u0103n\u0103tate \u0219i frumuse\u021be","item":"https:\/\/shopatoa.com\/ro\/sanatate-si-frumusete\/"},{"@type":"ListItem","position":4,"name":"\u00cengrijire personal\u0103","item":"https:\/\/shopatoa.com\/ro\/ingrijire-personala\/"},{"@type":"ListItem","position":5,"name":"Cosmetice","item":"https:\/\/shopatoa.com\/ro\/cosmetice-ingrijire-personala\/"},{"@type":"ListItem","position":6,"name":"Baie \u0219i corp","item":"https:\/\/shopatoa.com\/ro\/baie-si-corp\/"},{"@type":"ListItem","position":7,"name":"S\u0103pun lichid de m\u00e2n\u0103","item":"https:\/\/shopatoa.com\/ro\/sapun-lichid-de-mana\/"},{"@type":"ListItem","position":8,"name":"La Florentina Rose of May Liquid Soap S\u0103pun natural pentru m\u00e2ini 500 ml"}]},{"@type":"WebSite","@id":"https:\/\/shopatoa.com\/ro\/#website","url":"https:\/\/shopatoa.com\/ro\/","name":"SHOPATOA","description":"","publisher":{"@id":"https:\/\/shopatoa.com\/ro\/#organization"},"potentialAction":[{"@type":"SearchAction","target":{"@type":"EntryPoint","urlTemplate":"https:\/\/shopatoa.com\/ro\/?s={search_term_string}"},"query-input":{"@type":"PropertyValueSpecification","valueRequired":true,"valueName":"search_term_string"}}],"inLanguage":"ro-RO"},{"@type":"Organization","@id":"https:\/\/shopatoa.com\/ro\/#organization","name":"SHOPATOA","url":"https:\/\/shopatoa.com\/ro\/","logo":{"@type":"ImageObject","inLanguage":"ro-RO","@id":"https:\/\/shopatoa.com\/ro\/#\/schema\/logo\/image\/","url":"https:\/\/storage.googleapis.com\/cz-shopatoa-img\/ro\/b4dac915-shopatoa_logo.png","contentUrl":"https:\/\/storage.googleapis.com\/cz-shopatoa-img\/ro\/b4dac915-shopatoa_logo.png","width":416,"height":63,"caption":"SHOPATOA"},"image":{"@id":"https:\/\/shopatoa.com\/ro\/#\/schema\/logo\/image\/"}}]}},"_links":{"self":[{"href":"https:\/\/shopatoa.com\/ro\/wp-json\/wp\/v2\/product\/484748","targetHints":{"allow":["GET"]}}],"collection":[{"href":"https:\/\/shopatoa.com\/ro\/wp-json\/wp\/v2\/product"}],"about":[{"href":"https:\/\/shopatoa.com\/ro\/wp-json\/wp\/v2\/types\/product"}],"replies":[{"embeddable":true,"href":"https:\/\/shopatoa.com\/ro\/wp-json\/wp\/v2\/comments?post=484748"}],"wp:featuredmedia":[{"embeddable":true,"href":"https:\/\/shopatoa.com\/ro\/wp-json\/wp\/v2\/media\/496199"}],"wp:attachment":[{"href":"https:\/\/shopatoa.com\/ro\/wp-json\/wp\/v2\/media?parent=484748"}],"wp:term":[{"taxonomy":"product_brand","embeddable":true,"href":"https:\/\/shopatoa.com\/ro\/wp-json\/wp\/v2\/product_brand?post=484748"},{"taxonomy":"product_cat","embeddable":true,"href":"https:\/\/shopatoa.com\/ro\/wp-json\/wp\/v2\/product_cat?post=484748"},{"taxonomy":"product_tag","embeddable":true,"href":"https:\/\/shopatoa.com\/ro\/wp-json\/wp\/v2\/product_tag?post=484748"}],"curies":[{"name":"wp","href":"https:\/\/api.w.org\/{rel}","templated":true}]}}