{"id":484944,"date":"2025-06-29T20:57:30","date_gmt":"2025-06-29T18:57:30","guid":{"rendered":"https:\/\/shopatoa.com\/ro\/beautyblender-bronze-besties-set-seturi-pentru-voiaj-pentru-o-piele-perfecta\/"},"modified":"2025-12-14T04:15:19","modified_gmt":"2025-12-14T03:15:19","slug":"beautyblender-bronze-besties-set-seturi-pentru-voiaj-pentru-o-piele-perfecta","status":"publish","type":"product","link":"https:\/\/shopatoa.com\/ro\/beautyblender-bronze-besties-set-seturi-pentru-voiaj-pentru-o-piele-perfecta\/","title":{"rendered":"beautyblender\u00ae Bronze Besties Set Seturi pentru voiaj pentru o piele perfecta"},"content":{"rendered":"<p>beautyblender\u00ae Bronze Besties Set, 3 buc, Pentru curatarea pensulelor pentru femei, Totul pentru un machiaj perfect \u00eentr-un singur ambalaj. Setul de cosmetice beautyblender\u00ae Bronze Besties Set con\u021bine nu unul, ci mai multe articole de beauty, pentru a v\u0103 ajuta s\u0103 crea\u021bi sau s\u0103 \u00eembog\u0103\u021bi\u021bi rutina obi\u0219nuit\u0103 de machiaj. Pachetul plin de produse cosmetice decorative v\u0103 va \u00eenc\u00e2nta cu siguran\u021b\u0103 sau, drept cadou, \u00eei va \u00eenc\u00e2nta pe cei dragi.  Setul con\u021bine:  Beautyblender burete pentru machiaj 1 buc BlenderCleanser detergent solid pentru bure\u021bi de machiaj \u0219i pensule 1 buc Beautyblender suport pentru cur\u0103\u021barea bure\u021bilor de machiaj 1 buc Beautyblender hus\u0103 de transport pentru burete 1 buc  Caracteristici:  frumos ambalat ideal \u00een c\u0103l\u0103torii<\/p>\n","protected":false},"excerpt":{"rendered":"<p>beautyblender\u00ae Bronze Besties Set, 3 buc, Pentru curatarea pensulelor pentru femei, Totul pentru un machiaj perfect \u00eentr-un singur ambalaj. Setul de cosmetice beautyblender\u00ae Bronze Besties Set con\u021bine nu unul, ci mai multe articole de beauty, pentru a v\u0103 ajuta s\u0103 crea\u021bi sau s\u0103 \u00eembog\u0103\u021bi\u021bi rutina obi\u0219nuit\u0103 de machiaj. Pachetul plin de produse cosmetice decorative v\u0103&#8230;<\/p>\n","protected":false},"featured_media":496188,"comment_status":"closed","ping_status":"open","template":"","meta":{"_acf_changed":false,"_kadence_starter_templates_imported_post":false,"_kad_post_transparent":"","_kad_post_title":"","_kad_post_layout":"","_kad_post_sidebar_id":"","_kad_post_content_style":"","_kad_post_vertical_padding":"","_kad_post_feature":"","_kad_post_feature_position":"","_kad_post_header":false,"_kad_post_footer":false,"_kad_post_classname":""},"product_brand":[2125],"product_cat":[1564,1563,1576,1622,1562],"product_tag":[],"class_list":{"0":"post-484944","1":"product","2":"type-product","3":"status-publish","4":"has-post-thumbnail","6":"product_brand-beautyblender","7":"product_cat-cosmetice-ingrijire-personala","8":"product_cat-ingrijire-personala","9":"product_cat-machiaj","10":"product_cat-machiaj-de-fata","11":"product_cat-sanatate-si-frumusete","12":"pa_gen-female","13":"pa_marime-3-buc","15":"first","16":"instock","17":"sale","18":"product-type-external","19":"entry","20":"content-bg","21":"loop-entry"},"acf":[],"yoast_head":"<!-- This site is optimized with the Yoast SEO plugin v27.4 - https:\/\/yoast.com\/product\/yoast-seo-wordpress\/ -->\n<title>beautyblender\u00ae Bronze Besties Set Seturi pentru voiaj pentru o piele perfecta - SHOPATOA.COM<\/title>\n<meta name=\"robots\" content=\"index, follow, max-snippet:-1, max-image-preview:large, max-video-preview:-1\" \/>\n<link rel=\"canonical\" href=\"https:\/\/shopatoa.com\/ro\/beautyblender-bronze-besties-set-seturi-pentru-voiaj-pentru-o-piele-perfecta\/\" \/>\n<meta property=\"og:locale\" content=\"ro_RO\" \/>\n<meta property=\"og:type\" content=\"article\" \/>\n<meta property=\"og:title\" content=\"beautyblender\u00ae Bronze Besties Set Seturi pentru voiaj pentru o piele perfecta - SHOPATOA.COM\" \/>\n<meta property=\"og:description\" content=\"beautyblender\u00ae Bronze Besties Set, 3 buc, Pentru curatarea pensulelor pentru femei, Totul pentru un machiaj perfect \u00eentr-un singur ambalaj. Setul de cosmetice beautyblender\u00ae Bronze Besties Set con\u021bine nu unul, ci mai multe articole de beauty, pentru a v\u0103 ajuta s\u0103 crea\u021bi sau s\u0103 \u00eembog\u0103\u021bi\u021bi rutina obi\u0219nuit\u0103 de machiaj. Pachetul plin de produse cosmetice decorative v\u0103...\" \/>\n<meta property=\"og:url\" content=\"https:\/\/shopatoa.com\/ro\/beautyblender-bronze-besties-set-seturi-pentru-voiaj-pentru-o-piele-perfecta\/\" \/>\n<meta property=\"og:site_name\" content=\"SHOPATOA\" \/>\n<meta property=\"article:modified_time\" content=\"2025-12-14T03:15:19+00:00\" \/>\n<meta property=\"og:image\" content=\"https:\/\/storage.googleapis.com\/cz-shopatoa-img\/ro\/57aab920-beautyblenderbronzebestiessetseturipentruvoiajpentruopieleperfecta.jpg\" \/>\n\t<meta property=\"og:image:width\" content=\"800\" \/>\n\t<meta property=\"og:image:height\" content=\"800\" \/>\n\t<meta property=\"og:image:type\" content=\"image\/jpeg\" \/>\n<meta name=\"twitter:card\" content=\"summary_large_image\" \/>\n<meta name=\"twitter:label1\" content=\"Timp estimat pentru citire\" \/>\n\t<meta name=\"twitter:data1\" content=\"1 minut\" \/>\n<script type=\"application\/ld+json\" class=\"yoast-schema-graph\">{\"@context\":\"https:\\\/\\\/schema.org\",\"@graph\":[{\"@type\":\"WebPage\",\"@id\":\"https:\\\/\\\/shopatoa.com\\\/ro\\\/beautyblender-bronze-besties-set-seturi-pentru-voiaj-pentru-o-piele-perfecta\\\/\",\"url\":\"https:\\\/\\\/shopatoa.com\\\/ro\\\/beautyblender-bronze-besties-set-seturi-pentru-voiaj-pentru-o-piele-perfecta\\\/\",\"name\":\"beautyblender\u00ae Bronze Besties Set Seturi pentru voiaj pentru o piele perfecta - SHOPATOA.COM\",\"isPartOf\":{\"@id\":\"https:\\\/\\\/shopatoa.com\\\/ro\\\/#website\"},\"primaryImageOfPage\":{\"@id\":\"https:\\\/\\\/shopatoa.com\\\/ro\\\/beautyblender-bronze-besties-set-seturi-pentru-voiaj-pentru-o-piele-perfecta\\\/#primaryimage\"},\"image\":{\"@id\":\"https:\\\/\\\/shopatoa.com\\\/ro\\\/beautyblender-bronze-besties-set-seturi-pentru-voiaj-pentru-o-piele-perfecta\\\/#primaryimage\"},\"thumbnailUrl\":\"https:\\\/\\\/storage.googleapis.com\\\/cz-shopatoa-img\\\/ro\\\/57aab920-beautyblenderbronzebestiessetseturipentruvoiajpentruopieleperfecta.jpg\",\"datePublished\":\"2025-06-29T18:57:30+00:00\",\"dateModified\":\"2025-12-14T03:15:19+00:00\",\"breadcrumb\":{\"@id\":\"https:\\\/\\\/shopatoa.com\\\/ro\\\/beautyblender-bronze-besties-set-seturi-pentru-voiaj-pentru-o-piele-perfecta\\\/#breadcrumb\"},\"inLanguage\":\"ro-RO\",\"potentialAction\":[{\"@type\":\"ReadAction\",\"target\":[\"https:\\\/\\\/shopatoa.com\\\/ro\\\/beautyblender-bronze-besties-set-seturi-pentru-voiaj-pentru-o-piele-perfecta\\\/\"]}]},{\"@type\":\"ImageObject\",\"inLanguage\":\"ro-RO\",\"@id\":\"https:\\\/\\\/shopatoa.com\\\/ro\\\/beautyblender-bronze-besties-set-seturi-pentru-voiaj-pentru-o-piele-perfecta\\\/#primaryimage\",\"url\":\"https:\\\/\\\/storage.googleapis.com\\\/cz-shopatoa-img\\\/ro\\\/57aab920-beautyblenderbronzebestiessetseturipentruvoiajpentruopieleperfecta.jpg\",\"contentUrl\":\"https:\\\/\\\/storage.googleapis.com\\\/cz-shopatoa-img\\\/ro\\\/57aab920-beautyblenderbronzebestiessetseturipentruvoiajpentruopieleperfecta.jpg\",\"width\":800,\"height\":800,\"caption\":\"beautyblender\u00ae Bronze Besties Set Seturi pentru voiaj pentru o piele perfecta\"},{\"@type\":\"BreadcrumbList\",\"@id\":\"https:\\\/\\\/shopatoa.com\\\/ro\\\/beautyblender-bronze-besties-set-seturi-pentru-voiaj-pentru-o-piele-perfecta\\\/#breadcrumb\",\"itemListElement\":[{\"@type\":\"ListItem\",\"position\":1,\"name\":\"Dom\u016f\",\"item\":\"https:\\\/\\\/shopatoa.com\\\/ro\\\/\"},{\"@type\":\"ListItem\",\"position\":2,\"name\":\"Shop\",\"item\":\"https:\\\/\\\/shopatoa.com\\\/ro\\\/shop\\\/\"},{\"@type\":\"ListItem\",\"position\":3,\"name\":\"S\u0103n\u0103tate \u0219i frumuse\u021be\",\"item\":\"https:\\\/\\\/shopatoa.com\\\/ro\\\/sanatate-si-frumusete\\\/\"},{\"@type\":\"ListItem\",\"position\":4,\"name\":\"\u00cengrijire personal\u0103\",\"item\":\"https:\\\/\\\/shopatoa.com\\\/ro\\\/ingrijire-personala\\\/\"},{\"@type\":\"ListItem\",\"position\":5,\"name\":\"Cosmetice\",\"item\":\"https:\\\/\\\/shopatoa.com\\\/ro\\\/cosmetice-ingrijire-personala\\\/\"},{\"@type\":\"ListItem\",\"position\":6,\"name\":\"Machiaj\",\"item\":\"https:\\\/\\\/shopatoa.com\\\/ro\\\/machiaj\\\/\"},{\"@type\":\"ListItem\",\"position\":7,\"name\":\"Machiaj de fa\u021b\u0103\",\"item\":\"https:\\\/\\\/shopatoa.com\\\/ro\\\/machiaj-de-fata\\\/\"},{\"@type\":\"ListItem\",\"position\":8,\"name\":\"beautyblender\u00ae Bronze Besties Set Seturi pentru voiaj pentru o piele perfecta\"}]},{\"@type\":\"WebSite\",\"@id\":\"https:\\\/\\\/shopatoa.com\\\/ro\\\/#website\",\"url\":\"https:\\\/\\\/shopatoa.com\\\/ro\\\/\",\"name\":\"SHOPATOA\",\"description\":\"\",\"publisher\":{\"@id\":\"https:\\\/\\\/shopatoa.com\\\/ro\\\/#organization\"},\"potentialAction\":[{\"@type\":\"SearchAction\",\"target\":{\"@type\":\"EntryPoint\",\"urlTemplate\":\"https:\\\/\\\/shopatoa.com\\\/ro\\\/?s={search_term_string}\"},\"query-input\":{\"@type\":\"PropertyValueSpecification\",\"valueRequired\":true,\"valueName\":\"search_term_string\"}}],\"inLanguage\":\"ro-RO\"},{\"@type\":\"Organization\",\"@id\":\"https:\\\/\\\/shopatoa.com\\\/ro\\\/#organization\",\"name\":\"SHOPATOA\",\"url\":\"https:\\\/\\\/shopatoa.com\\\/ro\\\/\",\"logo\":{\"@type\":\"ImageObject\",\"inLanguage\":\"ro-RO\",\"@id\":\"https:\\\/\\\/shopatoa.com\\\/ro\\\/#\\\/schema\\\/logo\\\/image\\\/\",\"url\":\"https:\\\/\\\/storage.googleapis.com\\\/cz-shopatoa-img\\\/ro\\\/b4dac915-shopatoa_logo.png\",\"contentUrl\":\"https:\\\/\\\/storage.googleapis.com\\\/cz-shopatoa-img\\\/ro\\\/b4dac915-shopatoa_logo.png\",\"width\":416,\"height\":63,\"caption\":\"SHOPATOA\"},\"image\":{\"@id\":\"https:\\\/\\\/shopatoa.com\\\/ro\\\/#\\\/schema\\\/logo\\\/image\\\/\"}}]}<\/script>\n<!-- \/ Yoast SEO plugin. -->","yoast_head_json":{"title":"beautyblender\u00ae Bronze Besties Set Seturi pentru voiaj pentru o piele perfecta - SHOPATOA.COM","robots":{"index":"index","follow":"follow","max-snippet":"max-snippet:-1","max-image-preview":"max-image-preview:large","max-video-preview":"max-video-preview:-1"},"canonical":"https:\/\/shopatoa.com\/ro\/beautyblender-bronze-besties-set-seturi-pentru-voiaj-pentru-o-piele-perfecta\/","og_locale":"ro_RO","og_type":"article","og_title":"beautyblender\u00ae Bronze Besties Set Seturi pentru voiaj pentru o piele perfecta - SHOPATOA.COM","og_description":"beautyblender\u00ae Bronze Besties Set, 3 buc, Pentru curatarea pensulelor pentru femei, Totul pentru un machiaj perfect \u00eentr-un singur ambalaj. Setul de cosmetice beautyblender\u00ae Bronze Besties Set con\u021bine nu unul, ci mai multe articole de beauty, pentru a v\u0103 ajuta s\u0103 crea\u021bi sau s\u0103 \u00eembog\u0103\u021bi\u021bi rutina obi\u0219nuit\u0103 de machiaj. Pachetul plin de produse cosmetice decorative v\u0103...","og_url":"https:\/\/shopatoa.com\/ro\/beautyblender-bronze-besties-set-seturi-pentru-voiaj-pentru-o-piele-perfecta\/","og_site_name":"SHOPATOA","article_modified_time":"2025-12-14T03:15:19+00:00","og_image":[{"width":800,"height":800,"url":"https:\/\/storage.googleapis.com\/cz-shopatoa-img\/ro\/57aab920-beautyblenderbronzebestiessetseturipentruvoiajpentruopieleperfecta.jpg","type":"image\/jpeg"}],"twitter_card":"summary_large_image","twitter_misc":{"Timp estimat pentru citire":"1 minut"},"schema":{"@context":"https:\/\/schema.org","@graph":[{"@type":"WebPage","@id":"https:\/\/shopatoa.com\/ro\/beautyblender-bronze-besties-set-seturi-pentru-voiaj-pentru-o-piele-perfecta\/","url":"https:\/\/shopatoa.com\/ro\/beautyblender-bronze-besties-set-seturi-pentru-voiaj-pentru-o-piele-perfecta\/","name":"beautyblender\u00ae Bronze Besties Set Seturi pentru voiaj pentru o piele perfecta - SHOPATOA.COM","isPartOf":{"@id":"https:\/\/shopatoa.com\/ro\/#website"},"primaryImageOfPage":{"@id":"https:\/\/shopatoa.com\/ro\/beautyblender-bronze-besties-set-seturi-pentru-voiaj-pentru-o-piele-perfecta\/#primaryimage"},"image":{"@id":"https:\/\/shopatoa.com\/ro\/beautyblender-bronze-besties-set-seturi-pentru-voiaj-pentru-o-piele-perfecta\/#primaryimage"},"thumbnailUrl":"https:\/\/storage.googleapis.com\/cz-shopatoa-img\/ro\/57aab920-beautyblenderbronzebestiessetseturipentruvoiajpentruopieleperfecta.jpg","datePublished":"2025-06-29T18:57:30+00:00","dateModified":"2025-12-14T03:15:19+00:00","breadcrumb":{"@id":"https:\/\/shopatoa.com\/ro\/beautyblender-bronze-besties-set-seturi-pentru-voiaj-pentru-o-piele-perfecta\/#breadcrumb"},"inLanguage":"ro-RO","potentialAction":[{"@type":"ReadAction","target":["https:\/\/shopatoa.com\/ro\/beautyblender-bronze-besties-set-seturi-pentru-voiaj-pentru-o-piele-perfecta\/"]}]},{"@type":"ImageObject","inLanguage":"ro-RO","@id":"https:\/\/shopatoa.com\/ro\/beautyblender-bronze-besties-set-seturi-pentru-voiaj-pentru-o-piele-perfecta\/#primaryimage","url":"https:\/\/storage.googleapis.com\/cz-shopatoa-img\/ro\/57aab920-beautyblenderbronzebestiessetseturipentruvoiajpentruopieleperfecta.jpg","contentUrl":"https:\/\/storage.googleapis.com\/cz-shopatoa-img\/ro\/57aab920-beautyblenderbronzebestiessetseturipentruvoiajpentruopieleperfecta.jpg","width":800,"height":800,"caption":"beautyblender\u00ae Bronze Besties Set Seturi pentru voiaj pentru o piele perfecta"},{"@type":"BreadcrumbList","@id":"https:\/\/shopatoa.com\/ro\/beautyblender-bronze-besties-set-seturi-pentru-voiaj-pentru-o-piele-perfecta\/#breadcrumb","itemListElement":[{"@type":"ListItem","position":1,"name":"Dom\u016f","item":"https:\/\/shopatoa.com\/ro\/"},{"@type":"ListItem","position":2,"name":"Shop","item":"https:\/\/shopatoa.com\/ro\/shop\/"},{"@type":"ListItem","position":3,"name":"S\u0103n\u0103tate \u0219i frumuse\u021be","item":"https:\/\/shopatoa.com\/ro\/sanatate-si-frumusete\/"},{"@type":"ListItem","position":4,"name":"\u00cengrijire personal\u0103","item":"https:\/\/shopatoa.com\/ro\/ingrijire-personala\/"},{"@type":"ListItem","position":5,"name":"Cosmetice","item":"https:\/\/shopatoa.com\/ro\/cosmetice-ingrijire-personala\/"},{"@type":"ListItem","position":6,"name":"Machiaj","item":"https:\/\/shopatoa.com\/ro\/machiaj\/"},{"@type":"ListItem","position":7,"name":"Machiaj de fa\u021b\u0103","item":"https:\/\/shopatoa.com\/ro\/machiaj-de-fata\/"},{"@type":"ListItem","position":8,"name":"beautyblender\u00ae Bronze Besties Set Seturi pentru voiaj pentru o piele perfecta"}]},{"@type":"WebSite","@id":"https:\/\/shopatoa.com\/ro\/#website","url":"https:\/\/shopatoa.com\/ro\/","name":"SHOPATOA","description":"","publisher":{"@id":"https:\/\/shopatoa.com\/ro\/#organization"},"potentialAction":[{"@type":"SearchAction","target":{"@type":"EntryPoint","urlTemplate":"https:\/\/shopatoa.com\/ro\/?s={search_term_string}"},"query-input":{"@type":"PropertyValueSpecification","valueRequired":true,"valueName":"search_term_string"}}],"inLanguage":"ro-RO"},{"@type":"Organization","@id":"https:\/\/shopatoa.com\/ro\/#organization","name":"SHOPATOA","url":"https:\/\/shopatoa.com\/ro\/","logo":{"@type":"ImageObject","inLanguage":"ro-RO","@id":"https:\/\/shopatoa.com\/ro\/#\/schema\/logo\/image\/","url":"https:\/\/storage.googleapis.com\/cz-shopatoa-img\/ro\/b4dac915-shopatoa_logo.png","contentUrl":"https:\/\/storage.googleapis.com\/cz-shopatoa-img\/ro\/b4dac915-shopatoa_logo.png","width":416,"height":63,"caption":"SHOPATOA"},"image":{"@id":"https:\/\/shopatoa.com\/ro\/#\/schema\/logo\/image\/"}}]}},"_links":{"self":[{"href":"https:\/\/shopatoa.com\/ro\/wp-json\/wp\/v2\/product\/484944","targetHints":{"allow":["GET"]}}],"collection":[{"href":"https:\/\/shopatoa.com\/ro\/wp-json\/wp\/v2\/product"}],"about":[{"href":"https:\/\/shopatoa.com\/ro\/wp-json\/wp\/v2\/types\/product"}],"replies":[{"embeddable":true,"href":"https:\/\/shopatoa.com\/ro\/wp-json\/wp\/v2\/comments?post=484944"}],"wp:featuredmedia":[{"embeddable":true,"href":"https:\/\/shopatoa.com\/ro\/wp-json\/wp\/v2\/media\/496188"}],"wp:attachment":[{"href":"https:\/\/shopatoa.com\/ro\/wp-json\/wp\/v2\/media?parent=484944"}],"wp:term":[{"taxonomy":"product_brand","embeddable":true,"href":"https:\/\/shopatoa.com\/ro\/wp-json\/wp\/v2\/product_brand?post=484944"},{"taxonomy":"product_cat","embeddable":true,"href":"https:\/\/shopatoa.com\/ro\/wp-json\/wp\/v2\/product_cat?post=484944"},{"taxonomy":"product_tag","embeddable":true,"href":"https:\/\/shopatoa.com\/ro\/wp-json\/wp\/v2\/product_tag?post=484944"}],"curies":[{"name":"wp","href":"https:\/\/api.w.org\/{rel}","templated":true}]}}