{"id":485206,"date":"2025-06-29T21:41:19","date_gmt":"2025-06-29T19:41:19","guid":{"rendered":"https:\/\/shopatoa.com\/ro\/mediheal-black-mask-h-d-p-pore-stamping-masca-pentru-celule-pentru-micsorarea-porilor-25-ml\/"},"modified":"2025-12-14T02:35:00","modified_gmt":"2025-12-14T01:35:00","slug":"mediheal-black-mask-h-d-p-pore-stamping-masca-pentru-celule-pentru-micsorarea-porilor-25-ml","status":"publish","type":"product","link":"https:\/\/shopatoa.com\/ro\/mediheal-black-mask-h-d-p-pore-stamping-masca-pentru-celule-pentru-micsorarea-porilor-25-ml\/","title":{"rendered":"MEDIHEAL Black Mask H.D.P Pore-Stamping masca pentru celule pentru micsorarea porilor 25 ml"},"content":{"rendered":"<p>MEDIHEAL Black Mask H.D.P Pore-Stamping, 25 ml, M\u0103\u0219ti din p\u00e2nz\u0103 pentru femei, Sim\u021bi\u021bi c\u0103 tenul dvs. nu este \u00een cea mai bun\u0103 form\u0103 \u0219i c\u0103 are nevoie de o \u00eengrijire suplimentar\u0103 fa\u021b\u0103 de cea oferit\u0103 de crema facial\u0103? Masca facial\u0103 MEDIHEAL Black Mask H.D.P Pore-Stamping v\u0103 va \u00eembog\u0103\u021bi perfect rutina de \u00eengrijire \u2013 va r\u0103sf\u0103\u021ba tenul \u0219i \u00eei va oferi o \u00eengrijire intensiv\u0103, care \u00eei va \u00eembun\u0103t\u0103\u021bi imediat aspectul.  Caracteristici:  cur\u0103\u021b\u0103 impurit\u0103\u021bile din pori \u0219i \u00eei contract\u0103 cur\u0103\u021b\u0103 eficient porii previne formarea excesiv\u0103 de sebum \u00eenfrumuse\u021beaz\u0103 aspectul pielii  Cum se utilizeaz\u0103: Masca se aplic\u0103 \u00een strat sub\u021bire pe fa\u021ba curat\u0103, evit\u00e2nd zona ochilor. Se las\u0103 s\u0103 ac\u021bioneze pe perioada specificat\u0103 pe ambalaj. Apoi se scoate cu aten\u021bie masca. Serul neabsorbit se maseaz\u0103 u\u0219or \u00een piele sau se \u0219terge cu un tampon cosmetic.<\/p>\n","protected":false},"excerpt":{"rendered":"<p>MEDIHEAL Black Mask H.D.P Pore-Stamping, 25 ml, M\u0103\u0219ti din p\u00e2nz\u0103 pentru femei, Sim\u021bi\u021bi c\u0103 tenul dvs. nu este \u00een cea mai bun\u0103 form\u0103 \u0219i c\u0103 are nevoie de o \u00eengrijire suplimentar\u0103 fa\u021b\u0103 de cea oferit\u0103 de crema facial\u0103? Masca facial\u0103 MEDIHEAL Black Mask H.D.P Pore-Stamping v\u0103 va \u00eembog\u0103\u021bi perfect rutina de \u00eengrijire \u2013 va r\u0103sf\u0103\u021ba&#8230;<\/p>\n","protected":false},"featured_media":488108,"comment_status":"closed","ping_status":"open","template":"","meta":{"_acf_changed":false,"_kadence_starter_templates_imported_post":false,"_kad_post_transparent":"","_kad_post_title":"","_kad_post_layout":"","_kad_post_sidebar_id":"","_kad_post_content_style":"","_kad_post_vertical_padding":"","_kad_post_feature":"","_kad_post_feature_position":"","_kad_post_header":false,"_kad_post_footer":false,"_kad_post_classname":""},"product_brand":[3021],"product_cat":[1564,1563,1565,1614,1562],"product_tag":[],"class_list":{"0":"post-485206","1":"product","2":"type-product","3":"status-publish","4":"has-post-thumbnail","6":"product_brand-mediheal","7":"product_cat-cosmetice-ingrijire-personala","8":"product_cat-ingrijire-personala","9":"product_cat-ingrijirea-pielii","10":"product_cat-masti-si-peelings-pentru-ten","11":"product_cat-sanatate-si-frumusete","12":"pa_gen-female","13":"pa_marime-25-ml","15":"first","16":"instock","17":"sale","18":"product-type-external","19":"entry","20":"content-bg","21":"loop-entry"},"acf":[],"yoast_head":"<!-- This site is optimized with the Yoast SEO plugin v27.4 - https:\/\/yoast.com\/product\/yoast-seo-wordpress\/ -->\n<title>MEDIHEAL Black Mask H.D.P Pore-Stamping masca pentru celule pentru micsorarea porilor 25 ml - SHOPATOA.COM<\/title>\n<meta name=\"robots\" content=\"index, follow, max-snippet:-1, max-image-preview:large, max-video-preview:-1\" \/>\n<link rel=\"canonical\" href=\"https:\/\/shopatoa.com\/ro\/mediheal-black-mask-h-d-p-pore-stamping-masca-pentru-celule-pentru-micsorarea-porilor-25-ml\/\" \/>\n<meta property=\"og:locale\" content=\"ro_RO\" \/>\n<meta property=\"og:type\" content=\"article\" \/>\n<meta property=\"og:title\" content=\"MEDIHEAL Black Mask H.D.P Pore-Stamping masca pentru celule pentru micsorarea porilor 25 ml - SHOPATOA.COM\" \/>\n<meta property=\"og:description\" content=\"MEDIHEAL Black Mask H.D.P Pore-Stamping, 25 ml, M\u0103\u0219ti din p\u00e2nz\u0103 pentru femei, Sim\u021bi\u021bi c\u0103 tenul dvs. nu este \u00een cea mai bun\u0103 form\u0103 \u0219i c\u0103 are nevoie de o \u00eengrijire suplimentar\u0103 fa\u021b\u0103 de cea oferit\u0103 de crema facial\u0103? Masca facial\u0103 MEDIHEAL Black Mask H.D.P Pore-Stamping v\u0103 va \u00eembog\u0103\u021bi perfect rutina de \u00eengrijire \u2013 va r\u0103sf\u0103\u021ba...\" \/>\n<meta property=\"og:url\" content=\"https:\/\/shopatoa.com\/ro\/mediheal-black-mask-h-d-p-pore-stamping-masca-pentru-celule-pentru-micsorarea-porilor-25-ml\/\" \/>\n<meta property=\"og:site_name\" content=\"SHOPATOA\" \/>\n<meta property=\"article:modified_time\" content=\"2025-12-14T01:35:00+00:00\" \/>\n<meta property=\"og:image\" content=\"https:\/\/storage.googleapis.com\/cz-shopatoa-img\/ro\/80ed0821-unnamed-file.webp\" \/>\n\t<meta property=\"og:image:width\" content=\"800\" \/>\n\t<meta property=\"og:image:height\" content=\"800\" \/>\n\t<meta property=\"og:image:type\" content=\"image\/webp\" \/>\n<meta name=\"twitter:card\" content=\"summary_large_image\" \/>\n<meta name=\"twitter:label1\" content=\"Timp estimat pentru citire\" \/>\n\t<meta name=\"twitter:data1\" content=\"1 minut\" \/>\n<script type=\"application\/ld+json\" class=\"yoast-schema-graph\">{\"@context\":\"https:\\\/\\\/schema.org\",\"@graph\":[{\"@type\":\"WebPage\",\"@id\":\"https:\\\/\\\/shopatoa.com\\\/ro\\\/mediheal-black-mask-h-d-p-pore-stamping-masca-pentru-celule-pentru-micsorarea-porilor-25-ml\\\/\",\"url\":\"https:\\\/\\\/shopatoa.com\\\/ro\\\/mediheal-black-mask-h-d-p-pore-stamping-masca-pentru-celule-pentru-micsorarea-porilor-25-ml\\\/\",\"name\":\"MEDIHEAL Black Mask H.D.P Pore-Stamping masca pentru celule pentru micsorarea porilor 25 ml - SHOPATOA.COM\",\"isPartOf\":{\"@id\":\"https:\\\/\\\/shopatoa.com\\\/ro\\\/#website\"},\"primaryImageOfPage\":{\"@id\":\"https:\\\/\\\/shopatoa.com\\\/ro\\\/mediheal-black-mask-h-d-p-pore-stamping-masca-pentru-celule-pentru-micsorarea-porilor-25-ml\\\/#primaryimage\"},\"image\":{\"@id\":\"https:\\\/\\\/shopatoa.com\\\/ro\\\/mediheal-black-mask-h-d-p-pore-stamping-masca-pentru-celule-pentru-micsorarea-porilor-25-ml\\\/#primaryimage\"},\"thumbnailUrl\":\"https:\\\/\\\/storage.googleapis.com\\\/cz-shopatoa-img\\\/ro\\\/80ed0821-unnamed-file.webp\",\"datePublished\":\"2025-06-29T19:41:19+00:00\",\"dateModified\":\"2025-12-14T01:35:00+00:00\",\"breadcrumb\":{\"@id\":\"https:\\\/\\\/shopatoa.com\\\/ro\\\/mediheal-black-mask-h-d-p-pore-stamping-masca-pentru-celule-pentru-micsorarea-porilor-25-ml\\\/#breadcrumb\"},\"inLanguage\":\"ro-RO\",\"potentialAction\":[{\"@type\":\"ReadAction\",\"target\":[\"https:\\\/\\\/shopatoa.com\\\/ro\\\/mediheal-black-mask-h-d-p-pore-stamping-masca-pentru-celule-pentru-micsorarea-porilor-25-ml\\\/\"]}]},{\"@type\":\"ImageObject\",\"inLanguage\":\"ro-RO\",\"@id\":\"https:\\\/\\\/shopatoa.com\\\/ro\\\/mediheal-black-mask-h-d-p-pore-stamping-masca-pentru-celule-pentru-micsorarea-porilor-25-ml\\\/#primaryimage\",\"url\":\"https:\\\/\\\/storage.googleapis.com\\\/cz-shopatoa-img\\\/ro\\\/80ed0821-unnamed-file.webp\",\"contentUrl\":\"https:\\\/\\\/storage.googleapis.com\\\/cz-shopatoa-img\\\/ro\\\/80ed0821-unnamed-file.webp\",\"width\":800,\"height\":800},{\"@type\":\"BreadcrumbList\",\"@id\":\"https:\\\/\\\/shopatoa.com\\\/ro\\\/mediheal-black-mask-h-d-p-pore-stamping-masca-pentru-celule-pentru-micsorarea-porilor-25-ml\\\/#breadcrumb\",\"itemListElement\":[{\"@type\":\"ListItem\",\"position\":1,\"name\":\"Dom\u016f\",\"item\":\"https:\\\/\\\/shopatoa.com\\\/ro\\\/\"},{\"@type\":\"ListItem\",\"position\":2,\"name\":\"Shop\",\"item\":\"https:\\\/\\\/shopatoa.com\\\/ro\\\/shop\\\/\"},{\"@type\":\"ListItem\",\"position\":3,\"name\":\"S\u0103n\u0103tate \u0219i frumuse\u021be\",\"item\":\"https:\\\/\\\/shopatoa.com\\\/ro\\\/sanatate-si-frumusete\\\/\"},{\"@type\":\"ListItem\",\"position\":4,\"name\":\"\u00cengrijire personal\u0103\",\"item\":\"https:\\\/\\\/shopatoa.com\\\/ro\\\/ingrijire-personala\\\/\"},{\"@type\":\"ListItem\",\"position\":5,\"name\":\"Cosmetice\",\"item\":\"https:\\\/\\\/shopatoa.com\\\/ro\\\/cosmetice-ingrijire-personala\\\/\"},{\"@type\":\"ListItem\",\"position\":6,\"name\":\"\u00cengrijirea pielii\",\"item\":\"https:\\\/\\\/shopatoa.com\\\/ro\\\/ingrijirea-pielii\\\/\"},{\"@type\":\"ListItem\",\"position\":7,\"name\":\"M\u0103\u0219ti \u0219i peelings pentru ten\",\"item\":\"https:\\\/\\\/shopatoa.com\\\/ro\\\/masti-si-peelings-pentru-ten\\\/\"},{\"@type\":\"ListItem\",\"position\":8,\"name\":\"MEDIHEAL Black Mask H.D.P Pore-Stamping masca pentru celule pentru micsorarea porilor 25 ml\"}]},{\"@type\":\"WebSite\",\"@id\":\"https:\\\/\\\/shopatoa.com\\\/ro\\\/#website\",\"url\":\"https:\\\/\\\/shopatoa.com\\\/ro\\\/\",\"name\":\"SHOPATOA\",\"description\":\"\",\"publisher\":{\"@id\":\"https:\\\/\\\/shopatoa.com\\\/ro\\\/#organization\"},\"potentialAction\":[{\"@type\":\"SearchAction\",\"target\":{\"@type\":\"EntryPoint\",\"urlTemplate\":\"https:\\\/\\\/shopatoa.com\\\/ro\\\/?s={search_term_string}\"},\"query-input\":{\"@type\":\"PropertyValueSpecification\",\"valueRequired\":true,\"valueName\":\"search_term_string\"}}],\"inLanguage\":\"ro-RO\"},{\"@type\":\"Organization\",\"@id\":\"https:\\\/\\\/shopatoa.com\\\/ro\\\/#organization\",\"name\":\"SHOPATOA\",\"url\":\"https:\\\/\\\/shopatoa.com\\\/ro\\\/\",\"logo\":{\"@type\":\"ImageObject\",\"inLanguage\":\"ro-RO\",\"@id\":\"https:\\\/\\\/shopatoa.com\\\/ro\\\/#\\\/schema\\\/logo\\\/image\\\/\",\"url\":\"https:\\\/\\\/storage.googleapis.com\\\/cz-shopatoa-img\\\/ro\\\/b4dac915-shopatoa_logo.png\",\"contentUrl\":\"https:\\\/\\\/storage.googleapis.com\\\/cz-shopatoa-img\\\/ro\\\/b4dac915-shopatoa_logo.png\",\"width\":416,\"height\":63,\"caption\":\"SHOPATOA\"},\"image\":{\"@id\":\"https:\\\/\\\/shopatoa.com\\\/ro\\\/#\\\/schema\\\/logo\\\/image\\\/\"}}]}<\/script>\n<!-- \/ Yoast SEO plugin. -->","yoast_head_json":{"title":"MEDIHEAL Black Mask H.D.P Pore-Stamping masca pentru celule pentru micsorarea porilor 25 ml - SHOPATOA.COM","robots":{"index":"index","follow":"follow","max-snippet":"max-snippet:-1","max-image-preview":"max-image-preview:large","max-video-preview":"max-video-preview:-1"},"canonical":"https:\/\/shopatoa.com\/ro\/mediheal-black-mask-h-d-p-pore-stamping-masca-pentru-celule-pentru-micsorarea-porilor-25-ml\/","og_locale":"ro_RO","og_type":"article","og_title":"MEDIHEAL Black Mask H.D.P Pore-Stamping masca pentru celule pentru micsorarea porilor 25 ml - SHOPATOA.COM","og_description":"MEDIHEAL Black Mask H.D.P Pore-Stamping, 25 ml, M\u0103\u0219ti din p\u00e2nz\u0103 pentru femei, Sim\u021bi\u021bi c\u0103 tenul dvs. nu este \u00een cea mai bun\u0103 form\u0103 \u0219i c\u0103 are nevoie de o \u00eengrijire suplimentar\u0103 fa\u021b\u0103 de cea oferit\u0103 de crema facial\u0103? Masca facial\u0103 MEDIHEAL Black Mask H.D.P Pore-Stamping v\u0103 va \u00eembog\u0103\u021bi perfect rutina de \u00eengrijire \u2013 va r\u0103sf\u0103\u021ba...","og_url":"https:\/\/shopatoa.com\/ro\/mediheal-black-mask-h-d-p-pore-stamping-masca-pentru-celule-pentru-micsorarea-porilor-25-ml\/","og_site_name":"SHOPATOA","article_modified_time":"2025-12-14T01:35:00+00:00","og_image":[{"width":800,"height":800,"url":"https:\/\/storage.googleapis.com\/cz-shopatoa-img\/ro\/80ed0821-unnamed-file.webp","type":"image\/webp"}],"twitter_card":"summary_large_image","twitter_misc":{"Timp estimat pentru citire":"1 minut"},"schema":{"@context":"https:\/\/schema.org","@graph":[{"@type":"WebPage","@id":"https:\/\/shopatoa.com\/ro\/mediheal-black-mask-h-d-p-pore-stamping-masca-pentru-celule-pentru-micsorarea-porilor-25-ml\/","url":"https:\/\/shopatoa.com\/ro\/mediheal-black-mask-h-d-p-pore-stamping-masca-pentru-celule-pentru-micsorarea-porilor-25-ml\/","name":"MEDIHEAL Black Mask H.D.P Pore-Stamping masca pentru celule pentru micsorarea porilor 25 ml - SHOPATOA.COM","isPartOf":{"@id":"https:\/\/shopatoa.com\/ro\/#website"},"primaryImageOfPage":{"@id":"https:\/\/shopatoa.com\/ro\/mediheal-black-mask-h-d-p-pore-stamping-masca-pentru-celule-pentru-micsorarea-porilor-25-ml\/#primaryimage"},"image":{"@id":"https:\/\/shopatoa.com\/ro\/mediheal-black-mask-h-d-p-pore-stamping-masca-pentru-celule-pentru-micsorarea-porilor-25-ml\/#primaryimage"},"thumbnailUrl":"https:\/\/storage.googleapis.com\/cz-shopatoa-img\/ro\/80ed0821-unnamed-file.webp","datePublished":"2025-06-29T19:41:19+00:00","dateModified":"2025-12-14T01:35:00+00:00","breadcrumb":{"@id":"https:\/\/shopatoa.com\/ro\/mediheal-black-mask-h-d-p-pore-stamping-masca-pentru-celule-pentru-micsorarea-porilor-25-ml\/#breadcrumb"},"inLanguage":"ro-RO","potentialAction":[{"@type":"ReadAction","target":["https:\/\/shopatoa.com\/ro\/mediheal-black-mask-h-d-p-pore-stamping-masca-pentru-celule-pentru-micsorarea-porilor-25-ml\/"]}]},{"@type":"ImageObject","inLanguage":"ro-RO","@id":"https:\/\/shopatoa.com\/ro\/mediheal-black-mask-h-d-p-pore-stamping-masca-pentru-celule-pentru-micsorarea-porilor-25-ml\/#primaryimage","url":"https:\/\/storage.googleapis.com\/cz-shopatoa-img\/ro\/80ed0821-unnamed-file.webp","contentUrl":"https:\/\/storage.googleapis.com\/cz-shopatoa-img\/ro\/80ed0821-unnamed-file.webp","width":800,"height":800},{"@type":"BreadcrumbList","@id":"https:\/\/shopatoa.com\/ro\/mediheal-black-mask-h-d-p-pore-stamping-masca-pentru-celule-pentru-micsorarea-porilor-25-ml\/#breadcrumb","itemListElement":[{"@type":"ListItem","position":1,"name":"Dom\u016f","item":"https:\/\/shopatoa.com\/ro\/"},{"@type":"ListItem","position":2,"name":"Shop","item":"https:\/\/shopatoa.com\/ro\/shop\/"},{"@type":"ListItem","position":3,"name":"S\u0103n\u0103tate \u0219i frumuse\u021be","item":"https:\/\/shopatoa.com\/ro\/sanatate-si-frumusete\/"},{"@type":"ListItem","position":4,"name":"\u00cengrijire personal\u0103","item":"https:\/\/shopatoa.com\/ro\/ingrijire-personala\/"},{"@type":"ListItem","position":5,"name":"Cosmetice","item":"https:\/\/shopatoa.com\/ro\/cosmetice-ingrijire-personala\/"},{"@type":"ListItem","position":6,"name":"\u00cengrijirea pielii","item":"https:\/\/shopatoa.com\/ro\/ingrijirea-pielii\/"},{"@type":"ListItem","position":7,"name":"M\u0103\u0219ti \u0219i peelings pentru ten","item":"https:\/\/shopatoa.com\/ro\/masti-si-peelings-pentru-ten\/"},{"@type":"ListItem","position":8,"name":"MEDIHEAL Black Mask H.D.P Pore-Stamping masca pentru celule pentru micsorarea porilor 25 ml"}]},{"@type":"WebSite","@id":"https:\/\/shopatoa.com\/ro\/#website","url":"https:\/\/shopatoa.com\/ro\/","name":"SHOPATOA","description":"","publisher":{"@id":"https:\/\/shopatoa.com\/ro\/#organization"},"potentialAction":[{"@type":"SearchAction","target":{"@type":"EntryPoint","urlTemplate":"https:\/\/shopatoa.com\/ro\/?s={search_term_string}"},"query-input":{"@type":"PropertyValueSpecification","valueRequired":true,"valueName":"search_term_string"}}],"inLanguage":"ro-RO"},{"@type":"Organization","@id":"https:\/\/shopatoa.com\/ro\/#organization","name":"SHOPATOA","url":"https:\/\/shopatoa.com\/ro\/","logo":{"@type":"ImageObject","inLanguage":"ro-RO","@id":"https:\/\/shopatoa.com\/ro\/#\/schema\/logo\/image\/","url":"https:\/\/storage.googleapis.com\/cz-shopatoa-img\/ro\/b4dac915-shopatoa_logo.png","contentUrl":"https:\/\/storage.googleapis.com\/cz-shopatoa-img\/ro\/b4dac915-shopatoa_logo.png","width":416,"height":63,"caption":"SHOPATOA"},"image":{"@id":"https:\/\/shopatoa.com\/ro\/#\/schema\/logo\/image\/"}}]}},"_links":{"self":[{"href":"https:\/\/shopatoa.com\/ro\/wp-json\/wp\/v2\/product\/485206","targetHints":{"allow":["GET"]}}],"collection":[{"href":"https:\/\/shopatoa.com\/ro\/wp-json\/wp\/v2\/product"}],"about":[{"href":"https:\/\/shopatoa.com\/ro\/wp-json\/wp\/v2\/types\/product"}],"replies":[{"embeddable":true,"href":"https:\/\/shopatoa.com\/ro\/wp-json\/wp\/v2\/comments?post=485206"}],"wp:featuredmedia":[{"embeddable":true,"href":"https:\/\/shopatoa.com\/ro\/wp-json\/wp\/v2\/media\/488108"}],"wp:attachment":[{"href":"https:\/\/shopatoa.com\/ro\/wp-json\/wp\/v2\/media?parent=485206"}],"wp:term":[{"taxonomy":"product_brand","embeddable":true,"href":"https:\/\/shopatoa.com\/ro\/wp-json\/wp\/v2\/product_brand?post=485206"},{"taxonomy":"product_cat","embeddable":true,"href":"https:\/\/shopatoa.com\/ro\/wp-json\/wp\/v2\/product_cat?post=485206"},{"taxonomy":"product_tag","embeddable":true,"href":"https:\/\/shopatoa.com\/ro\/wp-json\/wp\/v2\/product_tag?post=485206"}],"curies":[{"name":"wp","href":"https:\/\/api.w.org\/{rel}","templated":true}]}}