{"id":485368,"date":"2025-06-29T22:06:35","date_gmt":"2025-06-29T20:06:35","guid":{"rendered":"https:\/\/shopatoa.com\/ro\/coco-eve-boost-therapy-va-va-volume-kit-set-pentru-par-cu-volum\/"},"modified":"2025-11-20T12:02:07","modified_gmt":"2025-11-20T11:02:07","slug":"coco-eve-boost-therapy-va-va-volume-kit-set-pentru-par-cu-volum","status":"publish","type":"product","link":"https:\/\/shopatoa.com\/ro\/coco-eve-boost-therapy-va-va-volume-kit-set-pentru-par-cu-volum\/","title":{"rendered":"Coco &amp; Eve Boost Therapy Va Va Volume Kit set pentru p\u0103r cu volum"},"content":{"rendered":"<p>Coco &amp; Eve Boost Therapy Va Va Volume Kit, 2&#215;280 ml, Seturi cosmetice pentru femei, Totul pentru un p\u0103r frumos \u00eentr-un singur pachet. Setul de cosmetice Coco &amp; Eve Boost Therapy Va Va Volume Kit con\u021bine nu unul, ci mai multe produse pentru a v\u0103 ajuta s\u0103 crea\u021bi sau s\u0103 \u00eembog\u0103\u021bi\u021bi rutina obi\u0219nuit\u0103 de \u00eengrijire a p\u0103rului. Pachetul plin de produse de \u00eengrijire a p\u0103rului v\u0103 va \u00eenc\u00e2nta cu siguran\u021b\u0103 sau, drept cadou, \u00eei va \u00eenc\u00e2nta pe cei dragi.  Setul con\u021bine:   Coco &amp; Eve Boost Therapy Volumising Shampoo sampon pentru volum pentru par fin 280 ml  Coco &amp; Eve Boost Therapy Volumising Conditioner conditioner pentru volum pentru par fin 280 ml   Caracteristici:  pentru p\u0103r f\u0103r\u0103 volum pentru un p\u0103r cu aspect natural \u0219i s\u0103n\u0103tos confer\u0103 p\u0103rului elasticitate \u0219i volum pentru un p\u0103r neted parfumeaz\u0103 fin p\u0103rul are efect r\u0103coritor ofer\u0103 hidratarea necesar\u0103 neteze\u0219te \u0219i \u00eempiedic\u0103 electrizarea  Ingrediente:  f\u0103r\u0103 sulfa\u021bi nu con\u021bine silicon produs vegan biotin\u0103 \u2013 are efecte hidratante, contribuie la netezirea fibrelor de p\u0103r \u0219i favorizeaz\u0103 aspectul s\u0103n\u0103tos al p\u0103rului ulei de cocos \u2013 fortific\u0103, hidrateaz\u0103 \u0219i sus\u021bine regenerarea p\u0103rului uscat \u0219i deteriorat, ajut\u0103 \u00een cazul v\u00e2rfurilor despicate \u0219i al cas\u0103rii, restabile\u0219te str\u0103lucirea p\u0103rului, hr\u0103ne\u0219te scalpul \u0219i amelioreaz\u0103 problema m\u0103tre\u021bii pantenol \u2013 hidrateaz\u0103, men\u021bine p\u0103rul \u0219i scalpul hidratate, calmeaz\u0103 \u0219i combate iritarea scalpului, neteze\u0219te fibrele de p\u0103r, \u00eembun\u0103t\u0103\u021be\u0219te elasticitatea acestora ment\u0103 \u2013 are efecte de cur\u0103\u021bare, stimuleaz\u0103 circula\u021bia sanguin\u0103 la nivelul scalpului \u0219i ajut\u0103 la cre\u0219terea firelor noi de p\u0103r, contribuie la men\u021binerea echilibrului scalpului ulei de jojoba \u2013 men\u021bine scalpul \u0219i p\u0103rul hidratate \u0219i hr\u0103nite, stimul\u00e2nd astfel cre\u0219terea, fortific\u0103 p\u0103rul, oferindu-i str\u0103lucire, prevenind ruperea \u0219i despicarea<\/p>\n","protected":false},"excerpt":{"rendered":"<p>Coco &amp; Eve Boost Therapy Va Va Volume Kit, 2&#215;280 ml, Seturi cosmetice pentru femei, Totul pentru un p\u0103r frumos \u00eentr-un singur pachet. Setul de cosmetice Coco &amp; Eve Boost Therapy Va Va Volume Kit con\u021bine nu unul, ci mai multe produse pentru a v\u0103 ajuta s\u0103 crea\u021bi sau s\u0103 \u00eembog\u0103\u021bi\u021bi rutina obi\u0219nuit\u0103 de \u00eengrijire&#8230;<\/p>\n","protected":false},"featured_media":488266,"comment_status":"closed","ping_status":"open","template":"","meta":{"_acf_changed":false,"_kadence_starter_templates_imported_post":false,"_kad_post_transparent":"","_kad_post_title":"","_kad_post_layout":"","_kad_post_sidebar_id":"","_kad_post_content_style":"","_kad_post_vertical_padding":"","_kad_post_feature":"","_kad_post_feature_position":"","_kad_post_header":false,"_kad_post_footer":false,"_kad_post_classname":""},"product_brand":[2287],"product_cat":[1563,1590,1591,1562],"product_tag":[],"class_list":{"0":"post-485368","1":"product","2":"type-product","3":"status-publish","4":"has-post-thumbnail","6":"product_brand-coco-eve","7":"product_cat-ingrijire-personala","8":"product_cat-ingrijirea-parului","9":"product_cat-sampon-balsam","10":"product_cat-sanatate-si-frumusete","11":"pa_gen-female","12":"pa_marime-2x280-ml","14":"first","15":"instock","16":"product-type-external","17":"entry","18":"content-bg","19":"loop-entry"},"acf":[],"yoast_head":"<!-- This site is optimized with the Yoast SEO plugin v27.3 - https:\/\/yoast.com\/product\/yoast-seo-wordpress\/ -->\n<title>Coco &amp; Eve Boost Therapy Va Va Volume Kit set pentru p\u0103r cu volum - SHOPATOA.COM<\/title>\n<meta name=\"robots\" content=\"index, follow, max-snippet:-1, max-image-preview:large, max-video-preview:-1\" \/>\n<link rel=\"canonical\" href=\"https:\/\/shopatoa.com\/ro\/coco-eve-boost-therapy-va-va-volume-kit-set-pentru-par-cu-volum\/\" \/>\n<meta property=\"og:locale\" content=\"ro_RO\" \/>\n<meta property=\"og:type\" content=\"article\" \/>\n<meta property=\"og:title\" content=\"Coco &amp; Eve Boost Therapy Va Va Volume Kit set pentru p\u0103r cu volum - SHOPATOA.COM\" \/>\n<meta property=\"og:description\" content=\"Coco &amp; Eve Boost Therapy Va Va Volume Kit, 2&#215;280 ml, Seturi cosmetice pentru femei, Totul pentru un p\u0103r frumos \u00eentr-un singur pachet. Setul de cosmetice Coco &amp; Eve Boost Therapy Va Va Volume Kit con\u021bine nu unul, ci mai multe produse pentru a v\u0103 ajuta s\u0103 crea\u021bi sau s\u0103 \u00eembog\u0103\u021bi\u021bi rutina obi\u0219nuit\u0103 de \u00eengrijire...\" \/>\n<meta property=\"og:url\" content=\"https:\/\/shopatoa.com\/ro\/coco-eve-boost-therapy-va-va-volume-kit-set-pentru-par-cu-volum\/\" \/>\n<meta property=\"og:site_name\" content=\"SHOPATOA\" \/>\n<meta property=\"article:modified_time\" content=\"2025-11-20T11:02:07+00:00\" \/>\n<meta property=\"og:image\" content=\"https:\/\/storage.googleapis.com\/cz-shopatoa-img\/ro\/a7dd84d7-unnamed-file.webp\" \/>\n\t<meta property=\"og:image:width\" content=\"800\" \/>\n\t<meta property=\"og:image:height\" content=\"800\" \/>\n\t<meta property=\"og:image:type\" content=\"image\/webp\" \/>\n<meta name=\"twitter:card\" content=\"summary_large_image\" \/>\n<meta name=\"twitter:label1\" content=\"Timp estimat pentru citire\" \/>\n\t<meta name=\"twitter:data1\" content=\"2 minute\" \/>\n<script type=\"application\/ld+json\" class=\"yoast-schema-graph\">{\"@context\":\"https:\\\/\\\/schema.org\",\"@graph\":[{\"@type\":\"WebPage\",\"@id\":\"https:\\\/\\\/shopatoa.com\\\/ro\\\/coco-eve-boost-therapy-va-va-volume-kit-set-pentru-par-cu-volum\\\/\",\"url\":\"https:\\\/\\\/shopatoa.com\\\/ro\\\/coco-eve-boost-therapy-va-va-volume-kit-set-pentru-par-cu-volum\\\/\",\"name\":\"Coco & Eve Boost Therapy Va Va Volume Kit set pentru p\u0103r cu volum - SHOPATOA.COM\",\"isPartOf\":{\"@id\":\"https:\\\/\\\/shopatoa.com\\\/ro\\\/#website\"},\"primaryImageOfPage\":{\"@id\":\"https:\\\/\\\/shopatoa.com\\\/ro\\\/coco-eve-boost-therapy-va-va-volume-kit-set-pentru-par-cu-volum\\\/#primaryimage\"},\"image\":{\"@id\":\"https:\\\/\\\/shopatoa.com\\\/ro\\\/coco-eve-boost-therapy-va-va-volume-kit-set-pentru-par-cu-volum\\\/#primaryimage\"},\"thumbnailUrl\":\"https:\\\/\\\/storage.googleapis.com\\\/cz-shopatoa-img\\\/ro\\\/a7dd84d7-unnamed-file.webp\",\"datePublished\":\"2025-06-29T20:06:35+00:00\",\"dateModified\":\"2025-11-20T11:02:07+00:00\",\"breadcrumb\":{\"@id\":\"https:\\\/\\\/shopatoa.com\\\/ro\\\/coco-eve-boost-therapy-va-va-volume-kit-set-pentru-par-cu-volum\\\/#breadcrumb\"},\"inLanguage\":\"ro-RO\",\"potentialAction\":[{\"@type\":\"ReadAction\",\"target\":[\"https:\\\/\\\/shopatoa.com\\\/ro\\\/coco-eve-boost-therapy-va-va-volume-kit-set-pentru-par-cu-volum\\\/\"]}]},{\"@type\":\"ImageObject\",\"inLanguage\":\"ro-RO\",\"@id\":\"https:\\\/\\\/shopatoa.com\\\/ro\\\/coco-eve-boost-therapy-va-va-volume-kit-set-pentru-par-cu-volum\\\/#primaryimage\",\"url\":\"https:\\\/\\\/storage.googleapis.com\\\/cz-shopatoa-img\\\/ro\\\/a7dd84d7-unnamed-file.webp\",\"contentUrl\":\"https:\\\/\\\/storage.googleapis.com\\\/cz-shopatoa-img\\\/ro\\\/a7dd84d7-unnamed-file.webp\",\"width\":800,\"height\":800},{\"@type\":\"BreadcrumbList\",\"@id\":\"https:\\\/\\\/shopatoa.com\\\/ro\\\/coco-eve-boost-therapy-va-va-volume-kit-set-pentru-par-cu-volum\\\/#breadcrumb\",\"itemListElement\":[{\"@type\":\"ListItem\",\"position\":1,\"name\":\"Dom\u016f\",\"item\":\"https:\\\/\\\/shopatoa.com\\\/ro\\\/\"},{\"@type\":\"ListItem\",\"position\":2,\"name\":\"Shop\",\"item\":\"https:\\\/\\\/shopatoa.com\\\/ro\\\/shop\\\/\"},{\"@type\":\"ListItem\",\"position\":3,\"name\":\"S\u0103n\u0103tate \u0219i frumuse\u021be\",\"item\":\"https:\\\/\\\/shopatoa.com\\\/ro\\\/sanatate-si-frumusete\\\/\"},{\"@type\":\"ListItem\",\"position\":4,\"name\":\"\u00cengrijire personal\u0103\",\"item\":\"https:\\\/\\\/shopatoa.com\\\/ro\\\/ingrijire-personala\\\/\"},{\"@type\":\"ListItem\",\"position\":5,\"name\":\"\u00cengrijirea p\u0103rului\",\"item\":\"https:\\\/\\\/shopatoa.com\\\/ro\\\/ingrijirea-parului\\\/\"},{\"@type\":\"ListItem\",\"position\":6,\"name\":\"\u0218ampon &amp; Balsam\",\"item\":\"https:\\\/\\\/shopatoa.com\\\/ro\\\/sampon-balsam\\\/\"},{\"@type\":\"ListItem\",\"position\":7,\"name\":\"Coco &amp; Eve Boost Therapy Va Va Volume Kit set pentru p\u0103r cu volum\"}]},{\"@type\":\"WebSite\",\"@id\":\"https:\\\/\\\/shopatoa.com\\\/ro\\\/#website\",\"url\":\"https:\\\/\\\/shopatoa.com\\\/ro\\\/\",\"name\":\"SHOPATOA\",\"description\":\"\",\"publisher\":{\"@id\":\"https:\\\/\\\/shopatoa.com\\\/ro\\\/#organization\"},\"potentialAction\":[{\"@type\":\"SearchAction\",\"target\":{\"@type\":\"EntryPoint\",\"urlTemplate\":\"https:\\\/\\\/shopatoa.com\\\/ro\\\/?s={search_term_string}\"},\"query-input\":{\"@type\":\"PropertyValueSpecification\",\"valueRequired\":true,\"valueName\":\"search_term_string\"}}],\"inLanguage\":\"ro-RO\"},{\"@type\":\"Organization\",\"@id\":\"https:\\\/\\\/shopatoa.com\\\/ro\\\/#organization\",\"name\":\"SHOPATOA\",\"url\":\"https:\\\/\\\/shopatoa.com\\\/ro\\\/\",\"logo\":{\"@type\":\"ImageObject\",\"inLanguage\":\"ro-RO\",\"@id\":\"https:\\\/\\\/shopatoa.com\\\/ro\\\/#\\\/schema\\\/logo\\\/image\\\/\",\"url\":\"https:\\\/\\\/storage.googleapis.com\\\/cz-shopatoa-img\\\/ro\\\/b4dac915-shopatoa_logo.png\",\"contentUrl\":\"https:\\\/\\\/storage.googleapis.com\\\/cz-shopatoa-img\\\/ro\\\/b4dac915-shopatoa_logo.png\",\"width\":416,\"height\":63,\"caption\":\"SHOPATOA\"},\"image\":{\"@id\":\"https:\\\/\\\/shopatoa.com\\\/ro\\\/#\\\/schema\\\/logo\\\/image\\\/\"}}]}<\/script>\n<!-- \/ Yoast SEO plugin. -->","yoast_head_json":{"title":"Coco & Eve Boost Therapy Va Va Volume Kit set pentru p\u0103r cu volum - SHOPATOA.COM","robots":{"index":"index","follow":"follow","max-snippet":"max-snippet:-1","max-image-preview":"max-image-preview:large","max-video-preview":"max-video-preview:-1"},"canonical":"https:\/\/shopatoa.com\/ro\/coco-eve-boost-therapy-va-va-volume-kit-set-pentru-par-cu-volum\/","og_locale":"ro_RO","og_type":"article","og_title":"Coco & Eve Boost Therapy Va Va Volume Kit set pentru p\u0103r cu volum - SHOPATOA.COM","og_description":"Coco &amp; Eve Boost Therapy Va Va Volume Kit, 2&#215;280 ml, Seturi cosmetice pentru femei, Totul pentru un p\u0103r frumos \u00eentr-un singur pachet. Setul de cosmetice Coco &amp; Eve Boost Therapy Va Va Volume Kit con\u021bine nu unul, ci mai multe produse pentru a v\u0103 ajuta s\u0103 crea\u021bi sau s\u0103 \u00eembog\u0103\u021bi\u021bi rutina obi\u0219nuit\u0103 de \u00eengrijire...","og_url":"https:\/\/shopatoa.com\/ro\/coco-eve-boost-therapy-va-va-volume-kit-set-pentru-par-cu-volum\/","og_site_name":"SHOPATOA","article_modified_time":"2025-11-20T11:02:07+00:00","og_image":[{"width":800,"height":800,"url":"https:\/\/storage.googleapis.com\/cz-shopatoa-img\/ro\/a7dd84d7-unnamed-file.webp","type":"image\/webp"}],"twitter_card":"summary_large_image","twitter_misc":{"Timp estimat pentru citire":"2 minute"},"schema":{"@context":"https:\/\/schema.org","@graph":[{"@type":"WebPage","@id":"https:\/\/shopatoa.com\/ro\/coco-eve-boost-therapy-va-va-volume-kit-set-pentru-par-cu-volum\/","url":"https:\/\/shopatoa.com\/ro\/coco-eve-boost-therapy-va-va-volume-kit-set-pentru-par-cu-volum\/","name":"Coco & Eve Boost Therapy Va Va Volume Kit set pentru p\u0103r cu volum - SHOPATOA.COM","isPartOf":{"@id":"https:\/\/shopatoa.com\/ro\/#website"},"primaryImageOfPage":{"@id":"https:\/\/shopatoa.com\/ro\/coco-eve-boost-therapy-va-va-volume-kit-set-pentru-par-cu-volum\/#primaryimage"},"image":{"@id":"https:\/\/shopatoa.com\/ro\/coco-eve-boost-therapy-va-va-volume-kit-set-pentru-par-cu-volum\/#primaryimage"},"thumbnailUrl":"https:\/\/storage.googleapis.com\/cz-shopatoa-img\/ro\/a7dd84d7-unnamed-file.webp","datePublished":"2025-06-29T20:06:35+00:00","dateModified":"2025-11-20T11:02:07+00:00","breadcrumb":{"@id":"https:\/\/shopatoa.com\/ro\/coco-eve-boost-therapy-va-va-volume-kit-set-pentru-par-cu-volum\/#breadcrumb"},"inLanguage":"ro-RO","potentialAction":[{"@type":"ReadAction","target":["https:\/\/shopatoa.com\/ro\/coco-eve-boost-therapy-va-va-volume-kit-set-pentru-par-cu-volum\/"]}]},{"@type":"ImageObject","inLanguage":"ro-RO","@id":"https:\/\/shopatoa.com\/ro\/coco-eve-boost-therapy-va-va-volume-kit-set-pentru-par-cu-volum\/#primaryimage","url":"https:\/\/storage.googleapis.com\/cz-shopatoa-img\/ro\/a7dd84d7-unnamed-file.webp","contentUrl":"https:\/\/storage.googleapis.com\/cz-shopatoa-img\/ro\/a7dd84d7-unnamed-file.webp","width":800,"height":800},{"@type":"BreadcrumbList","@id":"https:\/\/shopatoa.com\/ro\/coco-eve-boost-therapy-va-va-volume-kit-set-pentru-par-cu-volum\/#breadcrumb","itemListElement":[{"@type":"ListItem","position":1,"name":"Dom\u016f","item":"https:\/\/shopatoa.com\/ro\/"},{"@type":"ListItem","position":2,"name":"Shop","item":"https:\/\/shopatoa.com\/ro\/shop\/"},{"@type":"ListItem","position":3,"name":"S\u0103n\u0103tate \u0219i frumuse\u021be","item":"https:\/\/shopatoa.com\/ro\/sanatate-si-frumusete\/"},{"@type":"ListItem","position":4,"name":"\u00cengrijire personal\u0103","item":"https:\/\/shopatoa.com\/ro\/ingrijire-personala\/"},{"@type":"ListItem","position":5,"name":"\u00cengrijirea p\u0103rului","item":"https:\/\/shopatoa.com\/ro\/ingrijirea-parului\/"},{"@type":"ListItem","position":6,"name":"\u0218ampon &amp; Balsam","item":"https:\/\/shopatoa.com\/ro\/sampon-balsam\/"},{"@type":"ListItem","position":7,"name":"Coco &amp; Eve Boost Therapy Va Va Volume Kit set pentru p\u0103r cu volum"}]},{"@type":"WebSite","@id":"https:\/\/shopatoa.com\/ro\/#website","url":"https:\/\/shopatoa.com\/ro\/","name":"SHOPATOA","description":"","publisher":{"@id":"https:\/\/shopatoa.com\/ro\/#organization"},"potentialAction":[{"@type":"SearchAction","target":{"@type":"EntryPoint","urlTemplate":"https:\/\/shopatoa.com\/ro\/?s={search_term_string}"},"query-input":{"@type":"PropertyValueSpecification","valueRequired":true,"valueName":"search_term_string"}}],"inLanguage":"ro-RO"},{"@type":"Organization","@id":"https:\/\/shopatoa.com\/ro\/#organization","name":"SHOPATOA","url":"https:\/\/shopatoa.com\/ro\/","logo":{"@type":"ImageObject","inLanguage":"ro-RO","@id":"https:\/\/shopatoa.com\/ro\/#\/schema\/logo\/image\/","url":"https:\/\/storage.googleapis.com\/cz-shopatoa-img\/ro\/b4dac915-shopatoa_logo.png","contentUrl":"https:\/\/storage.googleapis.com\/cz-shopatoa-img\/ro\/b4dac915-shopatoa_logo.png","width":416,"height":63,"caption":"SHOPATOA"},"image":{"@id":"https:\/\/shopatoa.com\/ro\/#\/schema\/logo\/image\/"}}]}},"_links":{"self":[{"href":"https:\/\/shopatoa.com\/ro\/wp-json\/wp\/v2\/product\/485368","targetHints":{"allow":["GET"]}}],"collection":[{"href":"https:\/\/shopatoa.com\/ro\/wp-json\/wp\/v2\/product"}],"about":[{"href":"https:\/\/shopatoa.com\/ro\/wp-json\/wp\/v2\/types\/product"}],"replies":[{"embeddable":true,"href":"https:\/\/shopatoa.com\/ro\/wp-json\/wp\/v2\/comments?post=485368"}],"wp:featuredmedia":[{"embeddable":true,"href":"https:\/\/shopatoa.com\/ro\/wp-json\/wp\/v2\/media\/488266"}],"wp:attachment":[{"href":"https:\/\/shopatoa.com\/ro\/wp-json\/wp\/v2\/media?parent=485368"}],"wp:term":[{"taxonomy":"product_brand","embeddable":true,"href":"https:\/\/shopatoa.com\/ro\/wp-json\/wp\/v2\/product_brand?post=485368"},{"taxonomy":"product_cat","embeddable":true,"href":"https:\/\/shopatoa.com\/ro\/wp-json\/wp\/v2\/product_cat?post=485368"},{"taxonomy":"product_tag","embeddable":true,"href":"https:\/\/shopatoa.com\/ro\/wp-json\/wp\/v2\/product_tag?post=485368"}],"curies":[{"name":"wp","href":"https:\/\/api.w.org\/{rel}","templated":true}]}}