{"id":485394,"date":"2025-06-29T22:11:50","date_gmt":"2025-06-29T20:11:50","guid":{"rendered":"https:\/\/shopatoa.com\/ro\/nickelodeon-paw-patrol-eau-de-parfum-eau-de-toilette-pentru-copii-3y-50-ml\/"},"modified":"2025-12-14T01:25:48","modified_gmt":"2025-12-14T00:25:48","slug":"nickelodeon-paw-patrol-eau-de-parfum-eau-de-toilette-pentru-copii-3y-50-ml","status":"publish","type":"product","link":"https:\/\/shopatoa.com\/ro\/nickelodeon-paw-patrol-eau-de-parfum-eau-de-toilette-pentru-copii-3y-50-ml\/","title":{"rendered":"Nickelodeon Paw Patrol Eau de parfum Eau de Toilette pentru copii 3y+ 50 ml"},"content":{"rendered":"<p>Nickelodeon Paw Patrol Eau de parfum, 50 ml, Parfumuri pentru copii pentru copii, Cu apa de parfum pentru copii Nickelodeon Paw Patrol Eau de parfum, b\u0103ie\u021belul dvs. se va sim\u021bi ca supereroul s\u0103u preferat. Compozi\u021bia este bl\u00e2nd\u0103 cu pielea copiilor, iar flaconul juc\u0103u\u0219 \u00eei va face sigur pl\u0103cere.  inspirat de un personaj preferat din pove\u0219tile pentru copii idee de cadou, care sigur aduce bucurie un design juc\u0103u\u0219, care se potrive\u0219te perfect \u00een camera copiilor<\/p>\n","protected":false},"excerpt":{"rendered":"<p>Nickelodeon Paw Patrol Eau de parfum, 50 ml, Parfumuri pentru copii pentru copii, Cu apa de parfum pentru copii Nickelodeon Paw Patrol Eau de parfum, b\u0103ie\u021belul dvs. se va sim\u021bi ca supereroul s\u0103u preferat. Compozi\u021bia este bl\u00e2nd\u0103 cu pielea copiilor, iar flaconul juc\u0103u\u0219 \u00eei va face sigur pl\u0103cere. inspirat de un personaj preferat din pove\u0219tile&#8230;<\/p>\n","protected":false},"featured_media":488292,"comment_status":"closed","ping_status":"open","template":"","meta":{"_acf_changed":false,"_kadence_starter_templates_imported_post":false,"_kad_post_transparent":"","_kad_post_title":"","_kad_post_layout":"","_kad_post_sidebar_id":"","_kad_post_content_style":"","_kad_post_vertical_padding":"","_kad_post_feature":"","_kad_post_feature_position":"","_kad_post_header":false,"_kad_post_footer":false,"_kad_post_classname":""},"product_brand":[1689],"product_cat":[1564,1563,1740,1562],"product_tag":[],"class_list":{"0":"post-485394","1":"product","2":"type-product","3":"status-publish","4":"has-post-thumbnail","6":"product_brand-nickelodeon","7":"product_cat-cosmetice-ingrijire-personala","8":"product_cat-ingrijire-personala","9":"product_cat-parfumuri-si-colonele","10":"product_cat-sanatate-si-frumusete","11":"pa_gen-unisex","12":"pa_marime-50-ml","14":"first","15":"instock","16":"sale","17":"product-type-external","18":"entry","19":"content-bg","20":"loop-entry"},"acf":[],"yoast_head":"<!-- This site is optimized with the Yoast SEO plugin v27.4 - https:\/\/yoast.com\/product\/yoast-seo-wordpress\/ -->\n<title>Nickelodeon Paw Patrol Eau de parfum Eau de Toilette pentru copii 3y+ 50 ml - SHOPATOA.COM<\/title>\n<meta name=\"robots\" content=\"index, follow, max-snippet:-1, max-image-preview:large, max-video-preview:-1\" \/>\n<link rel=\"canonical\" href=\"https:\/\/shopatoa.com\/ro\/nickelodeon-paw-patrol-eau-de-parfum-eau-de-toilette-pentru-copii-3y-50-ml\/\" \/>\n<meta property=\"og:locale\" content=\"ro_RO\" \/>\n<meta property=\"og:type\" content=\"article\" \/>\n<meta property=\"og:title\" content=\"Nickelodeon Paw Patrol Eau de parfum Eau de Toilette pentru copii 3y+ 50 ml - SHOPATOA.COM\" \/>\n<meta property=\"og:description\" content=\"Nickelodeon Paw Patrol Eau de parfum, 50 ml, Parfumuri pentru copii pentru copii, Cu apa de parfum pentru copii Nickelodeon Paw Patrol Eau de parfum, b\u0103ie\u021belul dvs. se va sim\u021bi ca supereroul s\u0103u preferat. Compozi\u021bia este bl\u00e2nd\u0103 cu pielea copiilor, iar flaconul juc\u0103u\u0219 \u00eei va face sigur pl\u0103cere. inspirat de un personaj preferat din pove\u0219tile...\" \/>\n<meta property=\"og:url\" content=\"https:\/\/shopatoa.com\/ro\/nickelodeon-paw-patrol-eau-de-parfum-eau-de-toilette-pentru-copii-3y-50-ml\/\" \/>\n<meta property=\"og:site_name\" content=\"SHOPATOA\" \/>\n<meta property=\"article:modified_time\" content=\"2025-12-14T00:25:48+00:00\" \/>\n<meta property=\"og:image\" content=\"https:\/\/storage.googleapis.com\/cz-shopatoa-img\/ro\/fa841c1e-unnamed-file.webp\" \/>\n\t<meta property=\"og:image:width\" content=\"800\" \/>\n\t<meta property=\"og:image:height\" content=\"800\" \/>\n\t<meta property=\"og:image:type\" content=\"image\/webp\" \/>\n<meta name=\"twitter:card\" content=\"summary_large_image\" \/>\n<script type=\"application\/ld+json\" class=\"yoast-schema-graph\">{\"@context\":\"https:\\\/\\\/schema.org\",\"@graph\":[{\"@type\":\"WebPage\",\"@id\":\"https:\\\/\\\/shopatoa.com\\\/ro\\\/nickelodeon-paw-patrol-eau-de-parfum-eau-de-toilette-pentru-copii-3y-50-ml\\\/\",\"url\":\"https:\\\/\\\/shopatoa.com\\\/ro\\\/nickelodeon-paw-patrol-eau-de-parfum-eau-de-toilette-pentru-copii-3y-50-ml\\\/\",\"name\":\"Nickelodeon Paw Patrol Eau de parfum Eau de Toilette pentru copii 3y+ 50 ml - SHOPATOA.COM\",\"isPartOf\":{\"@id\":\"https:\\\/\\\/shopatoa.com\\\/ro\\\/#website\"},\"primaryImageOfPage\":{\"@id\":\"https:\\\/\\\/shopatoa.com\\\/ro\\\/nickelodeon-paw-patrol-eau-de-parfum-eau-de-toilette-pentru-copii-3y-50-ml\\\/#primaryimage\"},\"image\":{\"@id\":\"https:\\\/\\\/shopatoa.com\\\/ro\\\/nickelodeon-paw-patrol-eau-de-parfum-eau-de-toilette-pentru-copii-3y-50-ml\\\/#primaryimage\"},\"thumbnailUrl\":\"https:\\\/\\\/storage.googleapis.com\\\/cz-shopatoa-img\\\/ro\\\/fa841c1e-unnamed-file.webp\",\"datePublished\":\"2025-06-29T20:11:50+00:00\",\"dateModified\":\"2025-12-14T00:25:48+00:00\",\"breadcrumb\":{\"@id\":\"https:\\\/\\\/shopatoa.com\\\/ro\\\/nickelodeon-paw-patrol-eau-de-parfum-eau-de-toilette-pentru-copii-3y-50-ml\\\/#breadcrumb\"},\"inLanguage\":\"ro-RO\",\"potentialAction\":[{\"@type\":\"ReadAction\",\"target\":[\"https:\\\/\\\/shopatoa.com\\\/ro\\\/nickelodeon-paw-patrol-eau-de-parfum-eau-de-toilette-pentru-copii-3y-50-ml\\\/\"]}]},{\"@type\":\"ImageObject\",\"inLanguage\":\"ro-RO\",\"@id\":\"https:\\\/\\\/shopatoa.com\\\/ro\\\/nickelodeon-paw-patrol-eau-de-parfum-eau-de-toilette-pentru-copii-3y-50-ml\\\/#primaryimage\",\"url\":\"https:\\\/\\\/storage.googleapis.com\\\/cz-shopatoa-img\\\/ro\\\/fa841c1e-unnamed-file.webp\",\"contentUrl\":\"https:\\\/\\\/storage.googleapis.com\\\/cz-shopatoa-img\\\/ro\\\/fa841c1e-unnamed-file.webp\",\"width\":800,\"height\":800},{\"@type\":\"BreadcrumbList\",\"@id\":\"https:\\\/\\\/shopatoa.com\\\/ro\\\/nickelodeon-paw-patrol-eau-de-parfum-eau-de-toilette-pentru-copii-3y-50-ml\\\/#breadcrumb\",\"itemListElement\":[{\"@type\":\"ListItem\",\"position\":1,\"name\":\"Dom\u016f\",\"item\":\"https:\\\/\\\/shopatoa.com\\\/ro\\\/\"},{\"@type\":\"ListItem\",\"position\":2,\"name\":\"Shop\",\"item\":\"https:\\\/\\\/shopatoa.com\\\/ro\\\/shop\\\/\"},{\"@type\":\"ListItem\",\"position\":3,\"name\":\"S\u0103n\u0103tate \u0219i frumuse\u021be\",\"item\":\"https:\\\/\\\/shopatoa.com\\\/ro\\\/sanatate-si-frumusete\\\/\"},{\"@type\":\"ListItem\",\"position\":4,\"name\":\"\u00cengrijire personal\u0103\",\"item\":\"https:\\\/\\\/shopatoa.com\\\/ro\\\/ingrijire-personala\\\/\"},{\"@type\":\"ListItem\",\"position\":5,\"name\":\"Cosmetice\",\"item\":\"https:\\\/\\\/shopatoa.com\\\/ro\\\/cosmetice-ingrijire-personala\\\/\"},{\"@type\":\"ListItem\",\"position\":6,\"name\":\"Parfumuri \u0219i Colonele\",\"item\":\"https:\\\/\\\/shopatoa.com\\\/ro\\\/parfumuri-si-colonele\\\/\"},{\"@type\":\"ListItem\",\"position\":7,\"name\":\"Nickelodeon Paw Patrol Eau de parfum Eau de Toilette pentru copii 3y+ 50 ml\"}]},{\"@type\":\"WebSite\",\"@id\":\"https:\\\/\\\/shopatoa.com\\\/ro\\\/#website\",\"url\":\"https:\\\/\\\/shopatoa.com\\\/ro\\\/\",\"name\":\"SHOPATOA\",\"description\":\"\",\"publisher\":{\"@id\":\"https:\\\/\\\/shopatoa.com\\\/ro\\\/#organization\"},\"potentialAction\":[{\"@type\":\"SearchAction\",\"target\":{\"@type\":\"EntryPoint\",\"urlTemplate\":\"https:\\\/\\\/shopatoa.com\\\/ro\\\/?s={search_term_string}\"},\"query-input\":{\"@type\":\"PropertyValueSpecification\",\"valueRequired\":true,\"valueName\":\"search_term_string\"}}],\"inLanguage\":\"ro-RO\"},{\"@type\":\"Organization\",\"@id\":\"https:\\\/\\\/shopatoa.com\\\/ro\\\/#organization\",\"name\":\"SHOPATOA\",\"url\":\"https:\\\/\\\/shopatoa.com\\\/ro\\\/\",\"logo\":{\"@type\":\"ImageObject\",\"inLanguage\":\"ro-RO\",\"@id\":\"https:\\\/\\\/shopatoa.com\\\/ro\\\/#\\\/schema\\\/logo\\\/image\\\/\",\"url\":\"https:\\\/\\\/storage.googleapis.com\\\/cz-shopatoa-img\\\/ro\\\/b4dac915-shopatoa_logo.png\",\"contentUrl\":\"https:\\\/\\\/storage.googleapis.com\\\/cz-shopatoa-img\\\/ro\\\/b4dac915-shopatoa_logo.png\",\"width\":416,\"height\":63,\"caption\":\"SHOPATOA\"},\"image\":{\"@id\":\"https:\\\/\\\/shopatoa.com\\\/ro\\\/#\\\/schema\\\/logo\\\/image\\\/\"}}]}<\/script>\n<!-- \/ Yoast SEO plugin. -->","yoast_head_json":{"title":"Nickelodeon Paw Patrol Eau de parfum Eau de Toilette pentru copii 3y+ 50 ml - SHOPATOA.COM","robots":{"index":"index","follow":"follow","max-snippet":"max-snippet:-1","max-image-preview":"max-image-preview:large","max-video-preview":"max-video-preview:-1"},"canonical":"https:\/\/shopatoa.com\/ro\/nickelodeon-paw-patrol-eau-de-parfum-eau-de-toilette-pentru-copii-3y-50-ml\/","og_locale":"ro_RO","og_type":"article","og_title":"Nickelodeon Paw Patrol Eau de parfum Eau de Toilette pentru copii 3y+ 50 ml - SHOPATOA.COM","og_description":"Nickelodeon Paw Patrol Eau de parfum, 50 ml, Parfumuri pentru copii pentru copii, Cu apa de parfum pentru copii Nickelodeon Paw Patrol Eau de parfum, b\u0103ie\u021belul dvs. se va sim\u021bi ca supereroul s\u0103u preferat. Compozi\u021bia este bl\u00e2nd\u0103 cu pielea copiilor, iar flaconul juc\u0103u\u0219 \u00eei va face sigur pl\u0103cere. inspirat de un personaj preferat din pove\u0219tile...","og_url":"https:\/\/shopatoa.com\/ro\/nickelodeon-paw-patrol-eau-de-parfum-eau-de-toilette-pentru-copii-3y-50-ml\/","og_site_name":"SHOPATOA","article_modified_time":"2025-12-14T00:25:48+00:00","og_image":[{"width":800,"height":800,"url":"https:\/\/storage.googleapis.com\/cz-shopatoa-img\/ro\/fa841c1e-unnamed-file.webp","type":"image\/webp"}],"twitter_card":"summary_large_image","schema":{"@context":"https:\/\/schema.org","@graph":[{"@type":"WebPage","@id":"https:\/\/shopatoa.com\/ro\/nickelodeon-paw-patrol-eau-de-parfum-eau-de-toilette-pentru-copii-3y-50-ml\/","url":"https:\/\/shopatoa.com\/ro\/nickelodeon-paw-patrol-eau-de-parfum-eau-de-toilette-pentru-copii-3y-50-ml\/","name":"Nickelodeon Paw Patrol Eau de parfum Eau de Toilette pentru copii 3y+ 50 ml - SHOPATOA.COM","isPartOf":{"@id":"https:\/\/shopatoa.com\/ro\/#website"},"primaryImageOfPage":{"@id":"https:\/\/shopatoa.com\/ro\/nickelodeon-paw-patrol-eau-de-parfum-eau-de-toilette-pentru-copii-3y-50-ml\/#primaryimage"},"image":{"@id":"https:\/\/shopatoa.com\/ro\/nickelodeon-paw-patrol-eau-de-parfum-eau-de-toilette-pentru-copii-3y-50-ml\/#primaryimage"},"thumbnailUrl":"https:\/\/storage.googleapis.com\/cz-shopatoa-img\/ro\/fa841c1e-unnamed-file.webp","datePublished":"2025-06-29T20:11:50+00:00","dateModified":"2025-12-14T00:25:48+00:00","breadcrumb":{"@id":"https:\/\/shopatoa.com\/ro\/nickelodeon-paw-patrol-eau-de-parfum-eau-de-toilette-pentru-copii-3y-50-ml\/#breadcrumb"},"inLanguage":"ro-RO","potentialAction":[{"@type":"ReadAction","target":["https:\/\/shopatoa.com\/ro\/nickelodeon-paw-patrol-eau-de-parfum-eau-de-toilette-pentru-copii-3y-50-ml\/"]}]},{"@type":"ImageObject","inLanguage":"ro-RO","@id":"https:\/\/shopatoa.com\/ro\/nickelodeon-paw-patrol-eau-de-parfum-eau-de-toilette-pentru-copii-3y-50-ml\/#primaryimage","url":"https:\/\/storage.googleapis.com\/cz-shopatoa-img\/ro\/fa841c1e-unnamed-file.webp","contentUrl":"https:\/\/storage.googleapis.com\/cz-shopatoa-img\/ro\/fa841c1e-unnamed-file.webp","width":800,"height":800},{"@type":"BreadcrumbList","@id":"https:\/\/shopatoa.com\/ro\/nickelodeon-paw-patrol-eau-de-parfum-eau-de-toilette-pentru-copii-3y-50-ml\/#breadcrumb","itemListElement":[{"@type":"ListItem","position":1,"name":"Dom\u016f","item":"https:\/\/shopatoa.com\/ro\/"},{"@type":"ListItem","position":2,"name":"Shop","item":"https:\/\/shopatoa.com\/ro\/shop\/"},{"@type":"ListItem","position":3,"name":"S\u0103n\u0103tate \u0219i frumuse\u021be","item":"https:\/\/shopatoa.com\/ro\/sanatate-si-frumusete\/"},{"@type":"ListItem","position":4,"name":"\u00cengrijire personal\u0103","item":"https:\/\/shopatoa.com\/ro\/ingrijire-personala\/"},{"@type":"ListItem","position":5,"name":"Cosmetice","item":"https:\/\/shopatoa.com\/ro\/cosmetice-ingrijire-personala\/"},{"@type":"ListItem","position":6,"name":"Parfumuri \u0219i Colonele","item":"https:\/\/shopatoa.com\/ro\/parfumuri-si-colonele\/"},{"@type":"ListItem","position":7,"name":"Nickelodeon Paw Patrol Eau de parfum Eau de Toilette pentru copii 3y+ 50 ml"}]},{"@type":"WebSite","@id":"https:\/\/shopatoa.com\/ro\/#website","url":"https:\/\/shopatoa.com\/ro\/","name":"SHOPATOA","description":"","publisher":{"@id":"https:\/\/shopatoa.com\/ro\/#organization"},"potentialAction":[{"@type":"SearchAction","target":{"@type":"EntryPoint","urlTemplate":"https:\/\/shopatoa.com\/ro\/?s={search_term_string}"},"query-input":{"@type":"PropertyValueSpecification","valueRequired":true,"valueName":"search_term_string"}}],"inLanguage":"ro-RO"},{"@type":"Organization","@id":"https:\/\/shopatoa.com\/ro\/#organization","name":"SHOPATOA","url":"https:\/\/shopatoa.com\/ro\/","logo":{"@type":"ImageObject","inLanguage":"ro-RO","@id":"https:\/\/shopatoa.com\/ro\/#\/schema\/logo\/image\/","url":"https:\/\/storage.googleapis.com\/cz-shopatoa-img\/ro\/b4dac915-shopatoa_logo.png","contentUrl":"https:\/\/storage.googleapis.com\/cz-shopatoa-img\/ro\/b4dac915-shopatoa_logo.png","width":416,"height":63,"caption":"SHOPATOA"},"image":{"@id":"https:\/\/shopatoa.com\/ro\/#\/schema\/logo\/image\/"}}]}},"_links":{"self":[{"href":"https:\/\/shopatoa.com\/ro\/wp-json\/wp\/v2\/product\/485394","targetHints":{"allow":["GET"]}}],"collection":[{"href":"https:\/\/shopatoa.com\/ro\/wp-json\/wp\/v2\/product"}],"about":[{"href":"https:\/\/shopatoa.com\/ro\/wp-json\/wp\/v2\/types\/product"}],"replies":[{"embeddable":true,"href":"https:\/\/shopatoa.com\/ro\/wp-json\/wp\/v2\/comments?post=485394"}],"wp:featuredmedia":[{"embeddable":true,"href":"https:\/\/shopatoa.com\/ro\/wp-json\/wp\/v2\/media\/488292"}],"wp:attachment":[{"href":"https:\/\/shopatoa.com\/ro\/wp-json\/wp\/v2\/media?parent=485394"}],"wp:term":[{"taxonomy":"product_brand","embeddable":true,"href":"https:\/\/shopatoa.com\/ro\/wp-json\/wp\/v2\/product_brand?post=485394"},{"taxonomy":"product_cat","embeddable":true,"href":"https:\/\/shopatoa.com\/ro\/wp-json\/wp\/v2\/product_cat?post=485394"},{"taxonomy":"product_tag","embeddable":true,"href":"https:\/\/shopatoa.com\/ro\/wp-json\/wp\/v2\/product_tag?post=485394"}],"curies":[{"name":"wp","href":"https:\/\/api.w.org\/{rel}","templated":true}]}}