{"id":485434,"date":"2025-06-29T22:18:25","date_gmt":"2025-06-29T20:18:25","guid":{"rendered":"https:\/\/shopatoa.com\/ro\/philips-sonicare-4100-hx3689-41-periuta-de-dinti-electrica-sonica-pink-1-buc\/"},"modified":"2025-12-14T01:13:05","modified_gmt":"2025-12-14T00:13:05","slug":"philips-sonicare-4100-hx3689-41-periuta-de-dinti-electrica-sonica-pink-1-buc","status":"publish","type":"product","link":"https:\/\/shopatoa.com\/ro\/philips-sonicare-4100-hx3689-41-periuta-de-dinti-electrica-sonica-pink-1-buc\/","title":{"rendered":"Philips Sonicare 4100 HX3689\/41 periuta de dinti electrica sonica Pink 1 buc"},"content":{"rendered":"<p>Philips Sonicare 4100 HX3689\/41, 1 buc, Periute de dinti Sonicare pentru femei, Ave\u021bi senza\u021bia c\u0103 din\u021bii dvs. au nevoie de o cur\u0103\u021bare mai temeinic\u0103 dec\u00e2t pot oferi periu\u021bele de din\u021bi manuale? Periu\u021ba de din\u021bi sonic\u0103 Philips Sonicare 4100 HX3689\/41 reu\u0219e\u0219te s\u0103 \u00eendep\u0103rteze eficient mai mult\u0103 plac\u0103 bacterian\u0103 \u0219i cur\u0103\u021b\u0103 mult mai bine at\u00e2t din\u021bii, c\u00e2t \u0219i spa\u021biile interdentare. Func\u021bioneaz\u0103 pe principiul vibra\u021biei sonice, care determin\u0103 o mi\u0219care \u0219i o circula\u021bie bl\u00e2nd\u0103, dar eficient\u0103. Faciliteaz\u0103 lupta zilnic\u0103 \u00eempotriva pl\u0103cii bacteriene \u0219i v\u0103 ajut\u0103 s\u0103 ob\u021bine\u021bi un z\u00e2mbet mai radiant.  Caracteristici:  cur\u0103\u021b\u0103 eficient chiar \u0219i spa\u021biile interdentare previne apari\u021bia tartrului \u0219i a cariilor dentare maseaz\u0103 gingiile \u0219i intensific\u0103 fluxul sanguin la nivelul acestora nu irit\u0103 din\u021bii \u0219i gingiile sensibile cu timer \u00eencorporat cu senzor de presiune \u00eengrije\u0219te delicat gingiile \u0219i smal\u021bul dentar \u00eenl\u0103tur\u0103 cu p\u00e2n\u0103 la 100% mai mult\u0103 plac\u0103 bacterian\u0103 dec\u00e2t o periu\u021b\u0103 manual\u0103 identific\u0103 necesitatea de \u00eenlocuire a capului baterie cu rezisten\u021b\u0103 \u00eendelungat\u0103 m\u00e2ner ergonomic pentru o \u021binere confortabil\u0103  Cum se utilizeaz\u0103: Se vor urma instruc\u021biunile de utilizare incluse.<\/p>\n","protected":false},"excerpt":{"rendered":"<p>Philips Sonicare 4100 HX3689\/41, 1 buc, Periute de dinti Sonicare pentru femei, Ave\u021bi senza\u021bia c\u0103 din\u021bii dvs. au nevoie de o cur\u0103\u021bare mai temeinic\u0103 dec\u00e2t pot oferi periu\u021bele de din\u021bi manuale? Periu\u021ba de din\u021bi sonic\u0103 Philips Sonicare 4100 HX3689\/41 reu\u0219e\u0219te s\u0103 \u00eendep\u0103rteze eficient mai mult\u0103 plac\u0103 bacterian\u0103 \u0219i cur\u0103\u021b\u0103 mult mai bine at\u00e2t din\u021bii, c\u00e2t&#8230;<\/p>\n","protected":false},"featured_media":488332,"comment_status":"closed","ping_status":"open","template":"","meta":{"_acf_changed":false,"_kadence_starter_templates_imported_post":false,"_kad_post_transparent":"","_kad_post_title":"","_kad_post_layout":"","_kad_post_sidebar_id":"","_kad_post_content_style":"","_kad_post_vertical_padding":"","_kad_post_feature":"","_kad_post_feature_position":"","_kad_post_header":false,"_kad_post_footer":false,"_kad_post_classname":""},"product_brand":[495],"product_cat":[1605,1563,1606,1562],"product_tag":[],"class_list":{"0":"post-485434","1":"product","2":"type-product","3":"status-publish","4":"has-post-thumbnail","6":"product_brand-philips","7":"product_cat-ingrijire-orala","8":"product_cat-ingrijire-personala","9":"product_cat-periute-de-dinti-ingrijire-orala","10":"product_cat-sanatate-si-frumusete","11":"pa_gen-female","12":"pa_marime-1-buc","14":"first","15":"instock","16":"sale","17":"product-type-external","18":"entry","19":"content-bg","20":"loop-entry"},"acf":[],"yoast_head":"<!-- This site is optimized with the Yoast SEO plugin v27.4 - https:\/\/yoast.com\/product\/yoast-seo-wordpress\/ -->\n<title>Philips Sonicare 4100 HX3689\/41 periuta de dinti electrica sonica Pink 1 buc - SHOPATOA.COM<\/title>\n<meta name=\"robots\" content=\"index, follow, max-snippet:-1, max-image-preview:large, max-video-preview:-1\" \/>\n<link rel=\"canonical\" href=\"https:\/\/shopatoa.com\/ro\/philips-sonicare-4100-hx3689-41-periuta-de-dinti-electrica-sonica-pink-1-buc\/\" \/>\n<meta property=\"og:locale\" content=\"ro_RO\" \/>\n<meta property=\"og:type\" content=\"article\" \/>\n<meta property=\"og:title\" content=\"Philips Sonicare 4100 HX3689\/41 periuta de dinti electrica sonica Pink 1 buc - SHOPATOA.COM\" \/>\n<meta property=\"og:description\" content=\"Philips Sonicare 4100 HX3689\/41, 1 buc, Periute de dinti Sonicare pentru femei, Ave\u021bi senza\u021bia c\u0103 din\u021bii dvs. au nevoie de o cur\u0103\u021bare mai temeinic\u0103 dec\u00e2t pot oferi periu\u021bele de din\u021bi manuale? Periu\u021ba de din\u021bi sonic\u0103 Philips Sonicare 4100 HX3689\/41 reu\u0219e\u0219te s\u0103 \u00eendep\u0103rteze eficient mai mult\u0103 plac\u0103 bacterian\u0103 \u0219i cur\u0103\u021b\u0103 mult mai bine at\u00e2t din\u021bii, c\u00e2t...\" \/>\n<meta property=\"og:url\" content=\"https:\/\/shopatoa.com\/ro\/philips-sonicare-4100-hx3689-41-periuta-de-dinti-electrica-sonica-pink-1-buc\/\" \/>\n<meta property=\"og:site_name\" content=\"SHOPATOA\" \/>\n<meta property=\"article:modified_time\" content=\"2025-12-14T00:13:05+00:00\" \/>\n<meta property=\"og:image\" content=\"https:\/\/storage.googleapis.com\/cz-shopatoa-img\/ro\/12fa843c-unnamed-file.webp\" \/>\n\t<meta property=\"og:image:width\" content=\"800\" \/>\n\t<meta property=\"og:image:height\" content=\"800\" \/>\n\t<meta property=\"og:image:type\" content=\"image\/webp\" \/>\n<meta name=\"twitter:card\" content=\"summary_large_image\" \/>\n<meta name=\"twitter:label1\" content=\"Timp estimat pentru citire\" \/>\n\t<meta name=\"twitter:data1\" content=\"1 minut\" \/>\n<script type=\"application\/ld+json\" class=\"yoast-schema-graph\">{\"@context\":\"https:\\\/\\\/schema.org\",\"@graph\":[{\"@type\":\"WebPage\",\"@id\":\"https:\\\/\\\/shopatoa.com\\\/ro\\\/philips-sonicare-4100-hx3689-41-periuta-de-dinti-electrica-sonica-pink-1-buc\\\/\",\"url\":\"https:\\\/\\\/shopatoa.com\\\/ro\\\/philips-sonicare-4100-hx3689-41-periuta-de-dinti-electrica-sonica-pink-1-buc\\\/\",\"name\":\"Philips Sonicare 4100 HX3689\\\/41 periuta de dinti electrica sonica Pink 1 buc - SHOPATOA.COM\",\"isPartOf\":{\"@id\":\"https:\\\/\\\/shopatoa.com\\\/ro\\\/#website\"},\"primaryImageOfPage\":{\"@id\":\"https:\\\/\\\/shopatoa.com\\\/ro\\\/philips-sonicare-4100-hx3689-41-periuta-de-dinti-electrica-sonica-pink-1-buc\\\/#primaryimage\"},\"image\":{\"@id\":\"https:\\\/\\\/shopatoa.com\\\/ro\\\/philips-sonicare-4100-hx3689-41-periuta-de-dinti-electrica-sonica-pink-1-buc\\\/#primaryimage\"},\"thumbnailUrl\":\"https:\\\/\\\/storage.googleapis.com\\\/cz-shopatoa-img\\\/ro\\\/12fa843c-unnamed-file.webp\",\"datePublished\":\"2025-06-29T20:18:25+00:00\",\"dateModified\":\"2025-12-14T00:13:05+00:00\",\"breadcrumb\":{\"@id\":\"https:\\\/\\\/shopatoa.com\\\/ro\\\/philips-sonicare-4100-hx3689-41-periuta-de-dinti-electrica-sonica-pink-1-buc\\\/#breadcrumb\"},\"inLanguage\":\"ro-RO\",\"potentialAction\":[{\"@type\":\"ReadAction\",\"target\":[\"https:\\\/\\\/shopatoa.com\\\/ro\\\/philips-sonicare-4100-hx3689-41-periuta-de-dinti-electrica-sonica-pink-1-buc\\\/\"]}]},{\"@type\":\"ImageObject\",\"inLanguage\":\"ro-RO\",\"@id\":\"https:\\\/\\\/shopatoa.com\\\/ro\\\/philips-sonicare-4100-hx3689-41-periuta-de-dinti-electrica-sonica-pink-1-buc\\\/#primaryimage\",\"url\":\"https:\\\/\\\/storage.googleapis.com\\\/cz-shopatoa-img\\\/ro\\\/12fa843c-unnamed-file.webp\",\"contentUrl\":\"https:\\\/\\\/storage.googleapis.com\\\/cz-shopatoa-img\\\/ro\\\/12fa843c-unnamed-file.webp\",\"width\":800,\"height\":800},{\"@type\":\"BreadcrumbList\",\"@id\":\"https:\\\/\\\/shopatoa.com\\\/ro\\\/philips-sonicare-4100-hx3689-41-periuta-de-dinti-electrica-sonica-pink-1-buc\\\/#breadcrumb\",\"itemListElement\":[{\"@type\":\"ListItem\",\"position\":1,\"name\":\"Dom\u016f\",\"item\":\"https:\\\/\\\/shopatoa.com\\\/ro\\\/\"},{\"@type\":\"ListItem\",\"position\":2,\"name\":\"Shop\",\"item\":\"https:\\\/\\\/shopatoa.com\\\/ro\\\/shop\\\/\"},{\"@type\":\"ListItem\",\"position\":3,\"name\":\"S\u0103n\u0103tate \u0219i frumuse\u021be\",\"item\":\"https:\\\/\\\/shopatoa.com\\\/ro\\\/sanatate-si-frumusete\\\/\"},{\"@type\":\"ListItem\",\"position\":4,\"name\":\"\u00cengrijire personal\u0103\",\"item\":\"https:\\\/\\\/shopatoa.com\\\/ro\\\/ingrijire-personala\\\/\"},{\"@type\":\"ListItem\",\"position\":5,\"name\":\"\u00cengrijire oral\u0103\",\"item\":\"https:\\\/\\\/shopatoa.com\\\/ro\\\/ingrijire-orala\\\/\"},{\"@type\":\"ListItem\",\"position\":6,\"name\":\"Periu\u021be de din\u021bi\",\"item\":\"https:\\\/\\\/shopatoa.com\\\/ro\\\/periute-de-dinti-ingrijire-orala\\\/\"},{\"@type\":\"ListItem\",\"position\":7,\"name\":\"Philips Sonicare 4100 HX3689\\\/41 periuta de dinti electrica sonica Pink 1 buc\"}]},{\"@type\":\"WebSite\",\"@id\":\"https:\\\/\\\/shopatoa.com\\\/ro\\\/#website\",\"url\":\"https:\\\/\\\/shopatoa.com\\\/ro\\\/\",\"name\":\"SHOPATOA\",\"description\":\"\",\"publisher\":{\"@id\":\"https:\\\/\\\/shopatoa.com\\\/ro\\\/#organization\"},\"potentialAction\":[{\"@type\":\"SearchAction\",\"target\":{\"@type\":\"EntryPoint\",\"urlTemplate\":\"https:\\\/\\\/shopatoa.com\\\/ro\\\/?s={search_term_string}\"},\"query-input\":{\"@type\":\"PropertyValueSpecification\",\"valueRequired\":true,\"valueName\":\"search_term_string\"}}],\"inLanguage\":\"ro-RO\"},{\"@type\":\"Organization\",\"@id\":\"https:\\\/\\\/shopatoa.com\\\/ro\\\/#organization\",\"name\":\"SHOPATOA\",\"url\":\"https:\\\/\\\/shopatoa.com\\\/ro\\\/\",\"logo\":{\"@type\":\"ImageObject\",\"inLanguage\":\"ro-RO\",\"@id\":\"https:\\\/\\\/shopatoa.com\\\/ro\\\/#\\\/schema\\\/logo\\\/image\\\/\",\"url\":\"https:\\\/\\\/storage.googleapis.com\\\/cz-shopatoa-img\\\/ro\\\/b4dac915-shopatoa_logo.png\",\"contentUrl\":\"https:\\\/\\\/storage.googleapis.com\\\/cz-shopatoa-img\\\/ro\\\/b4dac915-shopatoa_logo.png\",\"width\":416,\"height\":63,\"caption\":\"SHOPATOA\"},\"image\":{\"@id\":\"https:\\\/\\\/shopatoa.com\\\/ro\\\/#\\\/schema\\\/logo\\\/image\\\/\"}}]}<\/script>\n<!-- \/ Yoast SEO plugin. -->","yoast_head_json":{"title":"Philips Sonicare 4100 HX3689\/41 periuta de dinti electrica sonica Pink 1 buc - SHOPATOA.COM","robots":{"index":"index","follow":"follow","max-snippet":"max-snippet:-1","max-image-preview":"max-image-preview:large","max-video-preview":"max-video-preview:-1"},"canonical":"https:\/\/shopatoa.com\/ro\/philips-sonicare-4100-hx3689-41-periuta-de-dinti-electrica-sonica-pink-1-buc\/","og_locale":"ro_RO","og_type":"article","og_title":"Philips Sonicare 4100 HX3689\/41 periuta de dinti electrica sonica Pink 1 buc - SHOPATOA.COM","og_description":"Philips Sonicare 4100 HX3689\/41, 1 buc, Periute de dinti Sonicare pentru femei, Ave\u021bi senza\u021bia c\u0103 din\u021bii dvs. au nevoie de o cur\u0103\u021bare mai temeinic\u0103 dec\u00e2t pot oferi periu\u021bele de din\u021bi manuale? Periu\u021ba de din\u021bi sonic\u0103 Philips Sonicare 4100 HX3689\/41 reu\u0219e\u0219te s\u0103 \u00eendep\u0103rteze eficient mai mult\u0103 plac\u0103 bacterian\u0103 \u0219i cur\u0103\u021b\u0103 mult mai bine at\u00e2t din\u021bii, c\u00e2t...","og_url":"https:\/\/shopatoa.com\/ro\/philips-sonicare-4100-hx3689-41-periuta-de-dinti-electrica-sonica-pink-1-buc\/","og_site_name":"SHOPATOA","article_modified_time":"2025-12-14T00:13:05+00:00","og_image":[{"width":800,"height":800,"url":"https:\/\/storage.googleapis.com\/cz-shopatoa-img\/ro\/12fa843c-unnamed-file.webp","type":"image\/webp"}],"twitter_card":"summary_large_image","twitter_misc":{"Timp estimat pentru citire":"1 minut"},"schema":{"@context":"https:\/\/schema.org","@graph":[{"@type":"WebPage","@id":"https:\/\/shopatoa.com\/ro\/philips-sonicare-4100-hx3689-41-periuta-de-dinti-electrica-sonica-pink-1-buc\/","url":"https:\/\/shopatoa.com\/ro\/philips-sonicare-4100-hx3689-41-periuta-de-dinti-electrica-sonica-pink-1-buc\/","name":"Philips Sonicare 4100 HX3689\/41 periuta de dinti electrica sonica Pink 1 buc - SHOPATOA.COM","isPartOf":{"@id":"https:\/\/shopatoa.com\/ro\/#website"},"primaryImageOfPage":{"@id":"https:\/\/shopatoa.com\/ro\/philips-sonicare-4100-hx3689-41-periuta-de-dinti-electrica-sonica-pink-1-buc\/#primaryimage"},"image":{"@id":"https:\/\/shopatoa.com\/ro\/philips-sonicare-4100-hx3689-41-periuta-de-dinti-electrica-sonica-pink-1-buc\/#primaryimage"},"thumbnailUrl":"https:\/\/storage.googleapis.com\/cz-shopatoa-img\/ro\/12fa843c-unnamed-file.webp","datePublished":"2025-06-29T20:18:25+00:00","dateModified":"2025-12-14T00:13:05+00:00","breadcrumb":{"@id":"https:\/\/shopatoa.com\/ro\/philips-sonicare-4100-hx3689-41-periuta-de-dinti-electrica-sonica-pink-1-buc\/#breadcrumb"},"inLanguage":"ro-RO","potentialAction":[{"@type":"ReadAction","target":["https:\/\/shopatoa.com\/ro\/philips-sonicare-4100-hx3689-41-periuta-de-dinti-electrica-sonica-pink-1-buc\/"]}]},{"@type":"ImageObject","inLanguage":"ro-RO","@id":"https:\/\/shopatoa.com\/ro\/philips-sonicare-4100-hx3689-41-periuta-de-dinti-electrica-sonica-pink-1-buc\/#primaryimage","url":"https:\/\/storage.googleapis.com\/cz-shopatoa-img\/ro\/12fa843c-unnamed-file.webp","contentUrl":"https:\/\/storage.googleapis.com\/cz-shopatoa-img\/ro\/12fa843c-unnamed-file.webp","width":800,"height":800},{"@type":"BreadcrumbList","@id":"https:\/\/shopatoa.com\/ro\/philips-sonicare-4100-hx3689-41-periuta-de-dinti-electrica-sonica-pink-1-buc\/#breadcrumb","itemListElement":[{"@type":"ListItem","position":1,"name":"Dom\u016f","item":"https:\/\/shopatoa.com\/ro\/"},{"@type":"ListItem","position":2,"name":"Shop","item":"https:\/\/shopatoa.com\/ro\/shop\/"},{"@type":"ListItem","position":3,"name":"S\u0103n\u0103tate \u0219i frumuse\u021be","item":"https:\/\/shopatoa.com\/ro\/sanatate-si-frumusete\/"},{"@type":"ListItem","position":4,"name":"\u00cengrijire personal\u0103","item":"https:\/\/shopatoa.com\/ro\/ingrijire-personala\/"},{"@type":"ListItem","position":5,"name":"\u00cengrijire oral\u0103","item":"https:\/\/shopatoa.com\/ro\/ingrijire-orala\/"},{"@type":"ListItem","position":6,"name":"Periu\u021be de din\u021bi","item":"https:\/\/shopatoa.com\/ro\/periute-de-dinti-ingrijire-orala\/"},{"@type":"ListItem","position":7,"name":"Philips Sonicare 4100 HX3689\/41 periuta de dinti electrica sonica Pink 1 buc"}]},{"@type":"WebSite","@id":"https:\/\/shopatoa.com\/ro\/#website","url":"https:\/\/shopatoa.com\/ro\/","name":"SHOPATOA","description":"","publisher":{"@id":"https:\/\/shopatoa.com\/ro\/#organization"},"potentialAction":[{"@type":"SearchAction","target":{"@type":"EntryPoint","urlTemplate":"https:\/\/shopatoa.com\/ro\/?s={search_term_string}"},"query-input":{"@type":"PropertyValueSpecification","valueRequired":true,"valueName":"search_term_string"}}],"inLanguage":"ro-RO"},{"@type":"Organization","@id":"https:\/\/shopatoa.com\/ro\/#organization","name":"SHOPATOA","url":"https:\/\/shopatoa.com\/ro\/","logo":{"@type":"ImageObject","inLanguage":"ro-RO","@id":"https:\/\/shopatoa.com\/ro\/#\/schema\/logo\/image\/","url":"https:\/\/storage.googleapis.com\/cz-shopatoa-img\/ro\/b4dac915-shopatoa_logo.png","contentUrl":"https:\/\/storage.googleapis.com\/cz-shopatoa-img\/ro\/b4dac915-shopatoa_logo.png","width":416,"height":63,"caption":"SHOPATOA"},"image":{"@id":"https:\/\/shopatoa.com\/ro\/#\/schema\/logo\/image\/"}}]}},"_links":{"self":[{"href":"https:\/\/shopatoa.com\/ro\/wp-json\/wp\/v2\/product\/485434","targetHints":{"allow":["GET"]}}],"collection":[{"href":"https:\/\/shopatoa.com\/ro\/wp-json\/wp\/v2\/product"}],"about":[{"href":"https:\/\/shopatoa.com\/ro\/wp-json\/wp\/v2\/types\/product"}],"replies":[{"embeddable":true,"href":"https:\/\/shopatoa.com\/ro\/wp-json\/wp\/v2\/comments?post=485434"}],"wp:featuredmedia":[{"embeddable":true,"href":"https:\/\/shopatoa.com\/ro\/wp-json\/wp\/v2\/media\/488332"}],"wp:attachment":[{"href":"https:\/\/shopatoa.com\/ro\/wp-json\/wp\/v2\/media?parent=485434"}],"wp:term":[{"taxonomy":"product_brand","embeddable":true,"href":"https:\/\/shopatoa.com\/ro\/wp-json\/wp\/v2\/product_brand?post=485434"},{"taxonomy":"product_cat","embeddable":true,"href":"https:\/\/shopatoa.com\/ro\/wp-json\/wp\/v2\/product_cat?post=485434"},{"taxonomy":"product_tag","embeddable":true,"href":"https:\/\/shopatoa.com\/ro\/wp-json\/wp\/v2\/product_tag?post=485434"}],"curies":[{"name":"wp","href":"https:\/\/api.w.org\/{rel}","templated":true}]}}