{"id":485498,"date":"2025-06-29T22:28:26","date_gmt":"2025-06-29T20:28:26","guid":{"rendered":"https:\/\/shopatoa.com\/ro\/rude-cosmetics-makeup-melting-lotiune-de-curatare-50-g\/"},"modified":"2025-12-14T00:45:28","modified_gmt":"2025-12-13T23:45:28","slug":"rude-cosmetics-makeup-melting-lotiune-de-curatare-50-g","status":"publish","type":"product","link":"https:\/\/shopatoa.com\/ro\/rude-cosmetics-makeup-melting-lotiune-de-curatare-50-g\/","title":{"rendered":"Rude Cosmetics Makeup Melting lotiune de curatare 50 g"},"content":{"rendered":"<p>Rude Cosmetics Makeup Melting, 50 g, Demachiante pentru femei, Demachierea este un pas esen\u021bial pentru \u00eengrijirea tenului, care nu ar trebui omis niciodat\u0103. Demachiantul Rude Cosmetics Makeup Melting Cleansing Balm \u00eendep\u0103rteaz\u0103 eficient tot machiajul \u0219i v\u0103 las\u0103 tenul delicat, perfect curat \u0219i preg\u0103tit pentru \u00eengrijirea ulterioar\u0103.  Caracteristici:  dizolv\u0103 perfect chiar \u0219i un fond de ten rezistent la ap\u0103 l\u0103s\u0103 tenul complet curat r\u0103core\u0219te \u0219i calmeaz\u0103 cur\u0103\u021b\u0103 eficient porii se recomand\u0103 pentru tenul sensibil nu perturb\u0103 bariera cutanat\u0103 natural\u0103 hr\u0103ne\u0219te tenul previne deshidratarea tenului tenul este moale \u0219i catifelat la atingere  Ingrediente:  produs vegan  Cum se utilizeaz\u0103: Aplica\u021bi produsul pe fa\u021ba uscat\u0103 \u0219i masa\u021bi delicat tenul cu v\u00e2rfurile degetelor, mai ales pe zonele mai pu\u021bin curate. Ad\u0103uga\u021bi pu\u021bin\u0103 ap\u0103 \u0219i continua\u021bi masajul fe\u021bei, pentru a dizolva machiajul \u0219i impurit\u0103\u021bile. Apoi se cl\u0103te\u0219te.<\/p>\n","protected":false},"excerpt":{"rendered":"<p>Rude Cosmetics Makeup Melting, 50 g, Demachiante pentru femei, Demachierea este un pas esen\u021bial pentru \u00eengrijirea tenului, care nu ar trebui omis niciodat\u0103. Demachiantul Rude Cosmetics Makeup Melting Cleansing Balm \u00eendep\u0103rteaz\u0103 eficient tot machiajul \u0219i v\u0103 las\u0103 tenul delicat, perfect curat \u0219i preg\u0103tit pentru \u00eengrijirea ulterioar\u0103. Caracteristici: dizolv\u0103 perfect chiar \u0219i un fond de ten&#8230;<\/p>\n","protected":false},"featured_media":488396,"comment_status":"closed","ping_status":"open","template":"","meta":{"_acf_changed":false,"_kadence_starter_templates_imported_post":false,"_kad_post_transparent":"","_kad_post_title":"","_kad_post_layout":"","_kad_post_sidebar_id":"","_kad_post_content_style":"","_kad_post_vertical_padding":"","_kad_post_feature":"","_kad_post_feature_position":"","_kad_post_header":false,"_kad_post_footer":false,"_kad_post_classname":""},"product_brand":[2432],"product_cat":[1564,1566,1563,1565,1562],"product_tag":[],"class_list":{"0":"post-485498","1":"product","2":"type-product","3":"status-publish","4":"has-post-thumbnail","6":"product_brand-rude-cosmetics","7":"product_cat-cosmetice-ingrijire-personala","8":"product_cat-demachiere","9":"product_cat-ingrijire-personala","10":"product_cat-ingrijirea-pielii","11":"product_cat-sanatate-si-frumusete","12":"pa_gen-female","13":"pa_marime-50-g","15":"first","16":"instock","17":"sale","18":"product-type-external","19":"entry","20":"content-bg","21":"loop-entry"},"acf":[],"yoast_head":"<!-- This site is optimized with the Yoast SEO plugin v27.4 - https:\/\/yoast.com\/product\/yoast-seo-wordpress\/ -->\n<title>Rude Cosmetics Makeup Melting lotiune de curatare 50 g - SHOPATOA.COM<\/title>\n<meta name=\"robots\" content=\"index, follow, max-snippet:-1, max-image-preview:large, max-video-preview:-1\" \/>\n<link rel=\"canonical\" href=\"https:\/\/shopatoa.com\/ro\/rude-cosmetics-makeup-melting-lotiune-de-curatare-50-g\/\" \/>\n<meta property=\"og:locale\" content=\"ro_RO\" \/>\n<meta property=\"og:type\" content=\"article\" \/>\n<meta property=\"og:title\" content=\"Rude Cosmetics Makeup Melting lotiune de curatare 50 g - SHOPATOA.COM\" \/>\n<meta property=\"og:description\" content=\"Rude Cosmetics Makeup Melting, 50 g, Demachiante pentru femei, Demachierea este un pas esen\u021bial pentru \u00eengrijirea tenului, care nu ar trebui omis niciodat\u0103. Demachiantul Rude Cosmetics Makeup Melting Cleansing Balm \u00eendep\u0103rteaz\u0103 eficient tot machiajul \u0219i v\u0103 las\u0103 tenul delicat, perfect curat \u0219i preg\u0103tit pentru \u00eengrijirea ulterioar\u0103. Caracteristici: dizolv\u0103 perfect chiar \u0219i un fond de ten...\" \/>\n<meta property=\"og:url\" content=\"https:\/\/shopatoa.com\/ro\/rude-cosmetics-makeup-melting-lotiune-de-curatare-50-g\/\" \/>\n<meta property=\"og:site_name\" content=\"SHOPATOA\" \/>\n<meta property=\"article:modified_time\" content=\"2025-12-13T23:45:28+00:00\" \/>\n<meta property=\"og:image\" content=\"https:\/\/storage.googleapis.com\/cz-shopatoa-img\/ro\/31d4d97e-unnamed-file.webp\" \/>\n\t<meta property=\"og:image:width\" content=\"800\" \/>\n\t<meta property=\"og:image:height\" content=\"800\" \/>\n\t<meta property=\"og:image:type\" content=\"image\/webp\" \/>\n<meta name=\"twitter:card\" content=\"summary_large_image\" \/>\n<meta name=\"twitter:label1\" content=\"Timp estimat pentru citire\" \/>\n\t<meta name=\"twitter:data1\" content=\"1 minut\" \/>\n<script type=\"application\/ld+json\" class=\"yoast-schema-graph\">{\"@context\":\"https:\\\/\\\/schema.org\",\"@graph\":[{\"@type\":\"WebPage\",\"@id\":\"https:\\\/\\\/shopatoa.com\\\/ro\\\/rude-cosmetics-makeup-melting-lotiune-de-curatare-50-g\\\/\",\"url\":\"https:\\\/\\\/shopatoa.com\\\/ro\\\/rude-cosmetics-makeup-melting-lotiune-de-curatare-50-g\\\/\",\"name\":\"Rude Cosmetics Makeup Melting lotiune de curatare 50 g - SHOPATOA.COM\",\"isPartOf\":{\"@id\":\"https:\\\/\\\/shopatoa.com\\\/ro\\\/#website\"},\"primaryImageOfPage\":{\"@id\":\"https:\\\/\\\/shopatoa.com\\\/ro\\\/rude-cosmetics-makeup-melting-lotiune-de-curatare-50-g\\\/#primaryimage\"},\"image\":{\"@id\":\"https:\\\/\\\/shopatoa.com\\\/ro\\\/rude-cosmetics-makeup-melting-lotiune-de-curatare-50-g\\\/#primaryimage\"},\"thumbnailUrl\":\"https:\\\/\\\/storage.googleapis.com\\\/cz-shopatoa-img\\\/ro\\\/31d4d97e-unnamed-file.webp\",\"datePublished\":\"2025-06-29T20:28:26+00:00\",\"dateModified\":\"2025-12-13T23:45:28+00:00\",\"breadcrumb\":{\"@id\":\"https:\\\/\\\/shopatoa.com\\\/ro\\\/rude-cosmetics-makeup-melting-lotiune-de-curatare-50-g\\\/#breadcrumb\"},\"inLanguage\":\"ro-RO\",\"potentialAction\":[{\"@type\":\"ReadAction\",\"target\":[\"https:\\\/\\\/shopatoa.com\\\/ro\\\/rude-cosmetics-makeup-melting-lotiune-de-curatare-50-g\\\/\"]}]},{\"@type\":\"ImageObject\",\"inLanguage\":\"ro-RO\",\"@id\":\"https:\\\/\\\/shopatoa.com\\\/ro\\\/rude-cosmetics-makeup-melting-lotiune-de-curatare-50-g\\\/#primaryimage\",\"url\":\"https:\\\/\\\/storage.googleapis.com\\\/cz-shopatoa-img\\\/ro\\\/31d4d97e-unnamed-file.webp\",\"contentUrl\":\"https:\\\/\\\/storage.googleapis.com\\\/cz-shopatoa-img\\\/ro\\\/31d4d97e-unnamed-file.webp\",\"width\":800,\"height\":800},{\"@type\":\"BreadcrumbList\",\"@id\":\"https:\\\/\\\/shopatoa.com\\\/ro\\\/rude-cosmetics-makeup-melting-lotiune-de-curatare-50-g\\\/#breadcrumb\",\"itemListElement\":[{\"@type\":\"ListItem\",\"position\":1,\"name\":\"Dom\u016f\",\"item\":\"https:\\\/\\\/shopatoa.com\\\/ro\\\/\"},{\"@type\":\"ListItem\",\"position\":2,\"name\":\"Shop\",\"item\":\"https:\\\/\\\/shopatoa.com\\\/ro\\\/shop\\\/\"},{\"@type\":\"ListItem\",\"position\":3,\"name\":\"S\u0103n\u0103tate \u0219i frumuse\u021be\",\"item\":\"https:\\\/\\\/shopatoa.com\\\/ro\\\/sanatate-si-frumusete\\\/\"},{\"@type\":\"ListItem\",\"position\":4,\"name\":\"\u00cengrijire personal\u0103\",\"item\":\"https:\\\/\\\/shopatoa.com\\\/ro\\\/ingrijire-personala\\\/\"},{\"@type\":\"ListItem\",\"position\":5,\"name\":\"Cosmetice\",\"item\":\"https:\\\/\\\/shopatoa.com\\\/ro\\\/cosmetice-ingrijire-personala\\\/\"},{\"@type\":\"ListItem\",\"position\":6,\"name\":\"\u00cengrijirea pielii\",\"item\":\"https:\\\/\\\/shopatoa.com\\\/ro\\\/ingrijirea-pielii\\\/\"},{\"@type\":\"ListItem\",\"position\":7,\"name\":\"Demachiere\",\"item\":\"https:\\\/\\\/shopatoa.com\\\/ro\\\/demachiere\\\/\"},{\"@type\":\"ListItem\",\"position\":8,\"name\":\"Rude Cosmetics Makeup Melting lotiune de curatare 50 g\"}]},{\"@type\":\"WebSite\",\"@id\":\"https:\\\/\\\/shopatoa.com\\\/ro\\\/#website\",\"url\":\"https:\\\/\\\/shopatoa.com\\\/ro\\\/\",\"name\":\"SHOPATOA\",\"description\":\"\",\"publisher\":{\"@id\":\"https:\\\/\\\/shopatoa.com\\\/ro\\\/#organization\"},\"potentialAction\":[{\"@type\":\"SearchAction\",\"target\":{\"@type\":\"EntryPoint\",\"urlTemplate\":\"https:\\\/\\\/shopatoa.com\\\/ro\\\/?s={search_term_string}\"},\"query-input\":{\"@type\":\"PropertyValueSpecification\",\"valueRequired\":true,\"valueName\":\"search_term_string\"}}],\"inLanguage\":\"ro-RO\"},{\"@type\":\"Organization\",\"@id\":\"https:\\\/\\\/shopatoa.com\\\/ro\\\/#organization\",\"name\":\"SHOPATOA\",\"url\":\"https:\\\/\\\/shopatoa.com\\\/ro\\\/\",\"logo\":{\"@type\":\"ImageObject\",\"inLanguage\":\"ro-RO\",\"@id\":\"https:\\\/\\\/shopatoa.com\\\/ro\\\/#\\\/schema\\\/logo\\\/image\\\/\",\"url\":\"https:\\\/\\\/storage.googleapis.com\\\/cz-shopatoa-img\\\/ro\\\/b4dac915-shopatoa_logo.png\",\"contentUrl\":\"https:\\\/\\\/storage.googleapis.com\\\/cz-shopatoa-img\\\/ro\\\/b4dac915-shopatoa_logo.png\",\"width\":416,\"height\":63,\"caption\":\"SHOPATOA\"},\"image\":{\"@id\":\"https:\\\/\\\/shopatoa.com\\\/ro\\\/#\\\/schema\\\/logo\\\/image\\\/\"}}]}<\/script>\n<!-- \/ Yoast SEO plugin. -->","yoast_head_json":{"title":"Rude Cosmetics Makeup Melting lotiune de curatare 50 g - SHOPATOA.COM","robots":{"index":"index","follow":"follow","max-snippet":"max-snippet:-1","max-image-preview":"max-image-preview:large","max-video-preview":"max-video-preview:-1"},"canonical":"https:\/\/shopatoa.com\/ro\/rude-cosmetics-makeup-melting-lotiune-de-curatare-50-g\/","og_locale":"ro_RO","og_type":"article","og_title":"Rude Cosmetics Makeup Melting lotiune de curatare 50 g - SHOPATOA.COM","og_description":"Rude Cosmetics Makeup Melting, 50 g, Demachiante pentru femei, Demachierea este un pas esen\u021bial pentru \u00eengrijirea tenului, care nu ar trebui omis niciodat\u0103. Demachiantul Rude Cosmetics Makeup Melting Cleansing Balm \u00eendep\u0103rteaz\u0103 eficient tot machiajul \u0219i v\u0103 las\u0103 tenul delicat, perfect curat \u0219i preg\u0103tit pentru \u00eengrijirea ulterioar\u0103. Caracteristici: dizolv\u0103 perfect chiar \u0219i un fond de ten...","og_url":"https:\/\/shopatoa.com\/ro\/rude-cosmetics-makeup-melting-lotiune-de-curatare-50-g\/","og_site_name":"SHOPATOA","article_modified_time":"2025-12-13T23:45:28+00:00","og_image":[{"width":800,"height":800,"url":"https:\/\/storage.googleapis.com\/cz-shopatoa-img\/ro\/31d4d97e-unnamed-file.webp","type":"image\/webp"}],"twitter_card":"summary_large_image","twitter_misc":{"Timp estimat pentru citire":"1 minut"},"schema":{"@context":"https:\/\/schema.org","@graph":[{"@type":"WebPage","@id":"https:\/\/shopatoa.com\/ro\/rude-cosmetics-makeup-melting-lotiune-de-curatare-50-g\/","url":"https:\/\/shopatoa.com\/ro\/rude-cosmetics-makeup-melting-lotiune-de-curatare-50-g\/","name":"Rude Cosmetics Makeup Melting lotiune de curatare 50 g - SHOPATOA.COM","isPartOf":{"@id":"https:\/\/shopatoa.com\/ro\/#website"},"primaryImageOfPage":{"@id":"https:\/\/shopatoa.com\/ro\/rude-cosmetics-makeup-melting-lotiune-de-curatare-50-g\/#primaryimage"},"image":{"@id":"https:\/\/shopatoa.com\/ro\/rude-cosmetics-makeup-melting-lotiune-de-curatare-50-g\/#primaryimage"},"thumbnailUrl":"https:\/\/storage.googleapis.com\/cz-shopatoa-img\/ro\/31d4d97e-unnamed-file.webp","datePublished":"2025-06-29T20:28:26+00:00","dateModified":"2025-12-13T23:45:28+00:00","breadcrumb":{"@id":"https:\/\/shopatoa.com\/ro\/rude-cosmetics-makeup-melting-lotiune-de-curatare-50-g\/#breadcrumb"},"inLanguage":"ro-RO","potentialAction":[{"@type":"ReadAction","target":["https:\/\/shopatoa.com\/ro\/rude-cosmetics-makeup-melting-lotiune-de-curatare-50-g\/"]}]},{"@type":"ImageObject","inLanguage":"ro-RO","@id":"https:\/\/shopatoa.com\/ro\/rude-cosmetics-makeup-melting-lotiune-de-curatare-50-g\/#primaryimage","url":"https:\/\/storage.googleapis.com\/cz-shopatoa-img\/ro\/31d4d97e-unnamed-file.webp","contentUrl":"https:\/\/storage.googleapis.com\/cz-shopatoa-img\/ro\/31d4d97e-unnamed-file.webp","width":800,"height":800},{"@type":"BreadcrumbList","@id":"https:\/\/shopatoa.com\/ro\/rude-cosmetics-makeup-melting-lotiune-de-curatare-50-g\/#breadcrumb","itemListElement":[{"@type":"ListItem","position":1,"name":"Dom\u016f","item":"https:\/\/shopatoa.com\/ro\/"},{"@type":"ListItem","position":2,"name":"Shop","item":"https:\/\/shopatoa.com\/ro\/shop\/"},{"@type":"ListItem","position":3,"name":"S\u0103n\u0103tate \u0219i frumuse\u021be","item":"https:\/\/shopatoa.com\/ro\/sanatate-si-frumusete\/"},{"@type":"ListItem","position":4,"name":"\u00cengrijire personal\u0103","item":"https:\/\/shopatoa.com\/ro\/ingrijire-personala\/"},{"@type":"ListItem","position":5,"name":"Cosmetice","item":"https:\/\/shopatoa.com\/ro\/cosmetice-ingrijire-personala\/"},{"@type":"ListItem","position":6,"name":"\u00cengrijirea pielii","item":"https:\/\/shopatoa.com\/ro\/ingrijirea-pielii\/"},{"@type":"ListItem","position":7,"name":"Demachiere","item":"https:\/\/shopatoa.com\/ro\/demachiere\/"},{"@type":"ListItem","position":8,"name":"Rude Cosmetics Makeup Melting lotiune de curatare 50 g"}]},{"@type":"WebSite","@id":"https:\/\/shopatoa.com\/ro\/#website","url":"https:\/\/shopatoa.com\/ro\/","name":"SHOPATOA","description":"","publisher":{"@id":"https:\/\/shopatoa.com\/ro\/#organization"},"potentialAction":[{"@type":"SearchAction","target":{"@type":"EntryPoint","urlTemplate":"https:\/\/shopatoa.com\/ro\/?s={search_term_string}"},"query-input":{"@type":"PropertyValueSpecification","valueRequired":true,"valueName":"search_term_string"}}],"inLanguage":"ro-RO"},{"@type":"Organization","@id":"https:\/\/shopatoa.com\/ro\/#organization","name":"SHOPATOA","url":"https:\/\/shopatoa.com\/ro\/","logo":{"@type":"ImageObject","inLanguage":"ro-RO","@id":"https:\/\/shopatoa.com\/ro\/#\/schema\/logo\/image\/","url":"https:\/\/storage.googleapis.com\/cz-shopatoa-img\/ro\/b4dac915-shopatoa_logo.png","contentUrl":"https:\/\/storage.googleapis.com\/cz-shopatoa-img\/ro\/b4dac915-shopatoa_logo.png","width":416,"height":63,"caption":"SHOPATOA"},"image":{"@id":"https:\/\/shopatoa.com\/ro\/#\/schema\/logo\/image\/"}}]}},"_links":{"self":[{"href":"https:\/\/shopatoa.com\/ro\/wp-json\/wp\/v2\/product\/485498","targetHints":{"allow":["GET"]}}],"collection":[{"href":"https:\/\/shopatoa.com\/ro\/wp-json\/wp\/v2\/product"}],"about":[{"href":"https:\/\/shopatoa.com\/ro\/wp-json\/wp\/v2\/types\/product"}],"replies":[{"embeddable":true,"href":"https:\/\/shopatoa.com\/ro\/wp-json\/wp\/v2\/comments?post=485498"}],"wp:featuredmedia":[{"embeddable":true,"href":"https:\/\/shopatoa.com\/ro\/wp-json\/wp\/v2\/media\/488396"}],"wp:attachment":[{"href":"https:\/\/shopatoa.com\/ro\/wp-json\/wp\/v2\/media?parent=485498"}],"wp:term":[{"taxonomy":"product_brand","embeddable":true,"href":"https:\/\/shopatoa.com\/ro\/wp-json\/wp\/v2\/product_brand?post=485498"},{"taxonomy":"product_cat","embeddable":true,"href":"https:\/\/shopatoa.com\/ro\/wp-json\/wp\/v2\/product_cat?post=485498"},{"taxonomy":"product_tag","embeddable":true,"href":"https:\/\/shopatoa.com\/ro\/wp-json\/wp\/v2\/product_tag?post=485498"}],"curies":[{"name":"wp","href":"https:\/\/api.w.org\/{rel}","templated":true}]}}