{"id":485853,"date":"2025-06-29T23:31:18","date_gmt":"2025-06-29T21:31:18","guid":{"rendered":"https:\/\/shopatoa.com\/ro\/la-florentina-arboreal-peony-shower-gel-gel-de-dus-750-ml\/"},"modified":"2025-06-29T23:31:56","modified_gmt":"2025-06-29T21:31:56","slug":"la-florentina-arboreal-peony-shower-gel-gel-de-dus-750-ml","status":"publish","type":"product","link":"https:\/\/shopatoa.com\/ro\/la-florentina-arboreal-peony-shower-gel-gel-de-dus-750-ml\/","title":{"rendered":"La Florentina Arboreal Peony Shower Gel gel de du\u0219 750 ml"},"content":{"rendered":"<p>La Florentina Arboreal Peony Shower Gel, 750 ml, Geluri de dus pentru femei, Dori\u021bi s\u0103 transforma\u021bi du\u0219ul obi\u0219nuit \u00eentr-o experien\u021b\u0103 unic\u0103, impregnat\u0103 cu un parfum pl\u0103cut? V\u0103 va ajuta gelul de du\u0219 La Florentina Arboreal Peony Shower Gel. \u00cen timp ce sim\u021burile v\u0103 vor fi r\u0103sf\u0103\u021bate de parfumul s\u0103u irezistibil, textura sa spumoas\u0103 \u00eendep\u0103rteaz\u0103 eficient toate impurit\u0103\u021bile de pe piele, f\u0103r\u0103 s\u0103 o usuce. Ve\u021bi ie\u0219i din du\u0219 sau din baie cu o piele perfect curat\u0103, dar totodat\u0103 catifelat\u0103 \u0219i frumos parfumat\u0103. Astfel, acest gel de du\u0219 va deveni o parte esen\u021bial\u0103 a igienei dvs. zilnice, transform\u00e2nd-o \u00eentr-un ritual pl\u0103cut pe care \u00eel ve\u021bi a\u0219tepta cu ner\u0103bdare.  Caracteristici:  spal\u0103 pielea \u0219i \u00eendep\u0103rteaz\u0103 impurit\u0103\u021bile las\u0103 pielea catifelat\u0103, moale \u0219i neted\u0103 catifeleaz\u0103 \u0219i \u00eembun\u0103t\u0103\u021be\u0219te elasticitatea pielii  Cum se utilizeaz\u0103: Se aplic\u0103 \u00een timpul du\u0219ului sau al b\u0103ii. Se aplic\u0103 pe \u00eentregul corp \u0219i se cl\u0103te\u0219te cu ap\u0103 cald\u0103.<\/p>\n","protected":false},"excerpt":{"rendered":"<p>La Florentina Arboreal Peony Shower Gel, 750 ml, Geluri de dus pentru femei, Dori\u021bi s\u0103 transforma\u021bi du\u0219ul obi\u0219nuit \u00eentr-o experien\u021b\u0103 unic\u0103, impregnat\u0103 cu un parfum pl\u0103cut? V\u0103 va ajuta gelul de du\u0219 La Florentina Arboreal Peony Shower Gel. \u00cen timp ce sim\u021burile v\u0103 vor fi r\u0103sf\u0103\u021bate de parfumul s\u0103u irezistibil, textura sa spumoas\u0103 \u00eendep\u0103rteaz\u0103 eficient&#8230;<\/p>\n","protected":false},"featured_media":0,"comment_status":"closed","ping_status":"open","template":"","meta":{"_acf_changed":false,"_kadence_starter_templates_imported_post":false,"_kad_post_transparent":"","_kad_post_title":"","_kad_post_layout":"","_kad_post_sidebar_id":"","_kad_post_content_style":"","_kad_post_vertical_padding":"","_kad_post_feature":"","_kad_post_feature_position":"","_kad_post_header":false,"_kad_post_footer":false,"_kad_post_classname":""},"product_brand":[2468],"product_cat":[1570,1564,1571,1563,1562],"product_tag":[],"class_list":{"0":"post-485853","1":"product","2":"type-product","3":"status-publish","5":"product_brand-la-florentina","6":"product_cat-baie-si-corp","7":"product_cat-cosmetice-ingrijire-personala","8":"product_cat-gel-de-dus","9":"product_cat-ingrijire-personala","10":"product_cat-sanatate-si-frumusete","11":"pa_gen-female","12":"pa_marime-750-ml","14":"first","15":"instock","16":"product-type-external","17":"entry","18":"content-bg","19":"loop-entry"},"acf":[],"yoast_head":"<!-- This site is optimized with the Yoast SEO plugin v27.4 - https:\/\/yoast.com\/product\/yoast-seo-wordpress\/ -->\n<title>La Florentina Arboreal Peony Shower Gel gel de du\u0219 750 ml - SHOPATOA.COM<\/title>\n<meta name=\"robots\" content=\"index, follow, max-snippet:-1, max-image-preview:large, max-video-preview:-1\" \/>\n<link rel=\"canonical\" href=\"https:\/\/shopatoa.com\/ro\/la-florentina-arboreal-peony-shower-gel-gel-de-dus-750-ml\/\" \/>\n<meta property=\"og:locale\" content=\"ro_RO\" \/>\n<meta property=\"og:type\" content=\"article\" \/>\n<meta property=\"og:title\" content=\"La Florentina Arboreal Peony Shower Gel gel de du\u0219 750 ml - SHOPATOA.COM\" \/>\n<meta property=\"og:description\" content=\"La Florentina Arboreal Peony Shower Gel, 750 ml, Geluri de dus pentru femei, Dori\u021bi s\u0103 transforma\u021bi du\u0219ul obi\u0219nuit \u00eentr-o experien\u021b\u0103 unic\u0103, impregnat\u0103 cu un parfum pl\u0103cut? V\u0103 va ajuta gelul de du\u0219 La Florentina Arboreal Peony Shower Gel. \u00cen timp ce sim\u021burile v\u0103 vor fi r\u0103sf\u0103\u021bate de parfumul s\u0103u irezistibil, textura sa spumoas\u0103 \u00eendep\u0103rteaz\u0103 eficient...\" \/>\n<meta property=\"og:url\" content=\"https:\/\/shopatoa.com\/ro\/la-florentina-arboreal-peony-shower-gel-gel-de-dus-750-ml\/\" \/>\n<meta property=\"og:site_name\" content=\"SHOPATOA\" \/>\n<meta property=\"article:modified_time\" content=\"2025-06-29T21:31:56+00:00\" \/>\n<meta name=\"twitter:card\" content=\"summary_large_image\" \/>\n<meta name=\"twitter:label1\" content=\"Timp estimat pentru citire\" \/>\n\t<meta name=\"twitter:data1\" content=\"1 minut\" \/>\n<script type=\"application\/ld+json\" class=\"yoast-schema-graph\">{\"@context\":\"https:\\\/\\\/schema.org\",\"@graph\":[{\"@type\":\"WebPage\",\"@id\":\"https:\\\/\\\/shopatoa.com\\\/ro\\\/la-florentina-arboreal-peony-shower-gel-gel-de-dus-750-ml\\\/\",\"url\":\"https:\\\/\\\/shopatoa.com\\\/ro\\\/la-florentina-arboreal-peony-shower-gel-gel-de-dus-750-ml\\\/\",\"name\":\"La Florentina Arboreal Peony Shower Gel gel de du\u0219 750 ml - SHOPATOA.COM\",\"isPartOf\":{\"@id\":\"https:\\\/\\\/shopatoa.com\\\/ro\\\/#website\"},\"datePublished\":\"2025-06-29T21:31:18+00:00\",\"dateModified\":\"2025-06-29T21:31:56+00:00\",\"breadcrumb\":{\"@id\":\"https:\\\/\\\/shopatoa.com\\\/ro\\\/la-florentina-arboreal-peony-shower-gel-gel-de-dus-750-ml\\\/#breadcrumb\"},\"inLanguage\":\"ro-RO\",\"potentialAction\":[{\"@type\":\"ReadAction\",\"target\":[\"https:\\\/\\\/shopatoa.com\\\/ro\\\/la-florentina-arboreal-peony-shower-gel-gel-de-dus-750-ml\\\/\"]}]},{\"@type\":\"BreadcrumbList\",\"@id\":\"https:\\\/\\\/shopatoa.com\\\/ro\\\/la-florentina-arboreal-peony-shower-gel-gel-de-dus-750-ml\\\/#breadcrumb\",\"itemListElement\":[{\"@type\":\"ListItem\",\"position\":1,\"name\":\"Dom\u016f\",\"item\":\"https:\\\/\\\/shopatoa.com\\\/ro\\\/\"},{\"@type\":\"ListItem\",\"position\":2,\"name\":\"Shop\",\"item\":\"https:\\\/\\\/shopatoa.com\\\/ro\\\/shop\\\/\"},{\"@type\":\"ListItem\",\"position\":3,\"name\":\"La Florentina Arboreal Peony Shower Gel gel de du\u0219 750 ml\"}]},{\"@type\":\"WebSite\",\"@id\":\"https:\\\/\\\/shopatoa.com\\\/ro\\\/#website\",\"url\":\"https:\\\/\\\/shopatoa.com\\\/ro\\\/\",\"name\":\"SHOPATOA\",\"description\":\"\",\"publisher\":{\"@id\":\"https:\\\/\\\/shopatoa.com\\\/ro\\\/#organization\"},\"potentialAction\":[{\"@type\":\"SearchAction\",\"target\":{\"@type\":\"EntryPoint\",\"urlTemplate\":\"https:\\\/\\\/shopatoa.com\\\/ro\\\/?s={search_term_string}\"},\"query-input\":{\"@type\":\"PropertyValueSpecification\",\"valueRequired\":true,\"valueName\":\"search_term_string\"}}],\"inLanguage\":\"ro-RO\"},{\"@type\":\"Organization\",\"@id\":\"https:\\\/\\\/shopatoa.com\\\/ro\\\/#organization\",\"name\":\"SHOPATOA\",\"url\":\"https:\\\/\\\/shopatoa.com\\\/ro\\\/\",\"logo\":{\"@type\":\"ImageObject\",\"inLanguage\":\"ro-RO\",\"@id\":\"https:\\\/\\\/shopatoa.com\\\/ro\\\/#\\\/schema\\\/logo\\\/image\\\/\",\"url\":\"https:\\\/\\\/storage.googleapis.com\\\/cz-shopatoa-img\\\/ro\\\/b4dac915-shopatoa_logo.png\",\"contentUrl\":\"https:\\\/\\\/storage.googleapis.com\\\/cz-shopatoa-img\\\/ro\\\/b4dac915-shopatoa_logo.png\",\"width\":416,\"height\":63,\"caption\":\"SHOPATOA\"},\"image\":{\"@id\":\"https:\\\/\\\/shopatoa.com\\\/ro\\\/#\\\/schema\\\/logo\\\/image\\\/\"}}]}<\/script>\n<!-- \/ Yoast SEO plugin. -->","yoast_head_json":{"title":"La Florentina Arboreal Peony Shower Gel gel de du\u0219 750 ml - SHOPATOA.COM","robots":{"index":"index","follow":"follow","max-snippet":"max-snippet:-1","max-image-preview":"max-image-preview:large","max-video-preview":"max-video-preview:-1"},"canonical":"https:\/\/shopatoa.com\/ro\/la-florentina-arboreal-peony-shower-gel-gel-de-dus-750-ml\/","og_locale":"ro_RO","og_type":"article","og_title":"La Florentina Arboreal Peony Shower Gel gel de du\u0219 750 ml - SHOPATOA.COM","og_description":"La Florentina Arboreal Peony Shower Gel, 750 ml, Geluri de dus pentru femei, Dori\u021bi s\u0103 transforma\u021bi du\u0219ul obi\u0219nuit \u00eentr-o experien\u021b\u0103 unic\u0103, impregnat\u0103 cu un parfum pl\u0103cut? V\u0103 va ajuta gelul de du\u0219 La Florentina Arboreal Peony Shower Gel. \u00cen timp ce sim\u021burile v\u0103 vor fi r\u0103sf\u0103\u021bate de parfumul s\u0103u irezistibil, textura sa spumoas\u0103 \u00eendep\u0103rteaz\u0103 eficient...","og_url":"https:\/\/shopatoa.com\/ro\/la-florentina-arboreal-peony-shower-gel-gel-de-dus-750-ml\/","og_site_name":"SHOPATOA","article_modified_time":"2025-06-29T21:31:56+00:00","twitter_card":"summary_large_image","twitter_misc":{"Timp estimat pentru citire":"1 minut"},"schema":{"@context":"https:\/\/schema.org","@graph":[{"@type":"WebPage","@id":"https:\/\/shopatoa.com\/ro\/la-florentina-arboreal-peony-shower-gel-gel-de-dus-750-ml\/","url":"https:\/\/shopatoa.com\/ro\/la-florentina-arboreal-peony-shower-gel-gel-de-dus-750-ml\/","name":"La Florentina Arboreal Peony Shower Gel gel de du\u0219 750 ml - SHOPATOA.COM","isPartOf":{"@id":"https:\/\/shopatoa.com\/ro\/#website"},"datePublished":"2025-06-29T21:31:18+00:00","dateModified":"2025-06-29T21:31:56+00:00","breadcrumb":{"@id":"https:\/\/shopatoa.com\/ro\/la-florentina-arboreal-peony-shower-gel-gel-de-dus-750-ml\/#breadcrumb"},"inLanguage":"ro-RO","potentialAction":[{"@type":"ReadAction","target":["https:\/\/shopatoa.com\/ro\/la-florentina-arboreal-peony-shower-gel-gel-de-dus-750-ml\/"]}]},{"@type":"BreadcrumbList","@id":"https:\/\/shopatoa.com\/ro\/la-florentina-arboreal-peony-shower-gel-gel-de-dus-750-ml\/#breadcrumb","itemListElement":[{"@type":"ListItem","position":1,"name":"Dom\u016f","item":"https:\/\/shopatoa.com\/ro\/"},{"@type":"ListItem","position":2,"name":"Shop","item":"https:\/\/shopatoa.com\/ro\/shop\/"},{"@type":"ListItem","position":3,"name":"La Florentina Arboreal Peony Shower Gel gel de du\u0219 750 ml"}]},{"@type":"WebSite","@id":"https:\/\/shopatoa.com\/ro\/#website","url":"https:\/\/shopatoa.com\/ro\/","name":"SHOPATOA","description":"","publisher":{"@id":"https:\/\/shopatoa.com\/ro\/#organization"},"potentialAction":[{"@type":"SearchAction","target":{"@type":"EntryPoint","urlTemplate":"https:\/\/shopatoa.com\/ro\/?s={search_term_string}"},"query-input":{"@type":"PropertyValueSpecification","valueRequired":true,"valueName":"search_term_string"}}],"inLanguage":"ro-RO"},{"@type":"Organization","@id":"https:\/\/shopatoa.com\/ro\/#organization","name":"SHOPATOA","url":"https:\/\/shopatoa.com\/ro\/","logo":{"@type":"ImageObject","inLanguage":"ro-RO","@id":"https:\/\/shopatoa.com\/ro\/#\/schema\/logo\/image\/","url":"https:\/\/storage.googleapis.com\/cz-shopatoa-img\/ro\/b4dac915-shopatoa_logo.png","contentUrl":"https:\/\/storage.googleapis.com\/cz-shopatoa-img\/ro\/b4dac915-shopatoa_logo.png","width":416,"height":63,"caption":"SHOPATOA"},"image":{"@id":"https:\/\/shopatoa.com\/ro\/#\/schema\/logo\/image\/"}}]}},"_links":{"self":[{"href":"https:\/\/shopatoa.com\/ro\/wp-json\/wp\/v2\/product\/485853","targetHints":{"allow":["GET"]}}],"collection":[{"href":"https:\/\/shopatoa.com\/ro\/wp-json\/wp\/v2\/product"}],"about":[{"href":"https:\/\/shopatoa.com\/ro\/wp-json\/wp\/v2\/types\/product"}],"replies":[{"embeddable":true,"href":"https:\/\/shopatoa.com\/ro\/wp-json\/wp\/v2\/comments?post=485853"}],"wp:attachment":[{"href":"https:\/\/shopatoa.com\/ro\/wp-json\/wp\/v2\/media?parent=485853"}],"wp:term":[{"taxonomy":"product_brand","embeddable":true,"href":"https:\/\/shopatoa.com\/ro\/wp-json\/wp\/v2\/product_brand?post=485853"},{"taxonomy":"product_cat","embeddable":true,"href":"https:\/\/shopatoa.com\/ro\/wp-json\/wp\/v2\/product_cat?post=485853"},{"taxonomy":"product_tag","embeddable":true,"href":"https:\/\/shopatoa.com\/ro\/wp-json\/wp\/v2\/product_tag?post=485853"}],"curies":[{"name":"wp","href":"https:\/\/api.w.org\/{rel}","templated":true}]}}