{"id":485946,"date":"2025-06-29T23:46:29","date_gmt":"2025-06-29T21:46:29","guid":{"rendered":"https:\/\/shopatoa.com\/ro\/wella-professionals-eimi-thermal-image-spray-pentru-modelarea-termica-a-parului-150-ml\/"},"modified":"2025-12-13T15:05:57","modified_gmt":"2025-12-13T14:05:57","slug":"wella-professionals-eimi-thermal-image-spray-pentru-modelarea-termica-a-parului-150-ml","status":"publish","type":"product","link":"https:\/\/shopatoa.com\/ro\/wella-professionals-eimi-thermal-image-spray-pentru-modelarea-termica-a-parului-150-ml\/","title":{"rendered":"Wella Professionals Eimi Thermal Image spray pentru modelarea termica a parului 150 ml"},"content":{"rendered":"<p>Wella Professionals Eimi Thermal Image, 150 ml, Protec\u021bie termic\u0103 pentru p\u0103r pentru femei, \u00cen timpul utiliz\u0103rii usc\u0103torului de p\u0103r, a pl\u0103cii sau a ondulatorului, \u00een special \u00een mod repetat \u0219i frecvent, p\u0103rul este supus la stres, iar structura acestuia poate fi deteriorat\u0103 semnificativ. Produsul de protec\u021bie termic\u0103 a p\u0103rului Wella Professionals Eimi Thermal Image ajut\u0103 la prevenirea acestui lucru. Creeaz\u0103 pe p\u0103r o pelicul\u0103 protectoare, care previne eficient deteriorarea termic\u0103 \u00een timpul utiliz\u0103rii aparatelor de styling. Substan\u021bele nutritive con\u021binute confer\u0103 p\u0103rului putere \u0219i \u00eei sporesc rezisten\u021ba la factorii externi d\u0103un\u0103tori.  Caracteristici:  ofer\u0103 o protec\u021bie eficient\u0103 a p\u0103rului, \u00een timpul tratamentului termic ofer\u0103 hidratare \u0219i str\u0103lucire  Cum se utilizeaz\u0103: Se pulverizeaz\u0103 pe p\u0103r o cantitate rezonabil\u0103, \u00eenainte de uscarea cu foehnul, de ondulare sau de \u00eentindere cu placa.<\/p>\n","protected":false},"excerpt":{"rendered":"<p>Wella Professionals Eimi Thermal Image, 150 ml, Protec\u021bie termic\u0103 pentru p\u0103r pentru femei, \u00cen timpul utiliz\u0103rii usc\u0103torului de p\u0103r, a pl\u0103cii sau a ondulatorului, \u00een special \u00een mod repetat \u0219i frecvent, p\u0103rul este supus la stres, iar structura acestuia poate fi deteriorat\u0103 semnificativ. Produsul de protec\u021bie termic\u0103 a p\u0103rului Wella Professionals Eimi Thermal Image ajut\u0103&#8230;<\/p>\n","protected":false},"featured_media":488820,"comment_status":"closed","ping_status":"open","template":"","meta":{"_acf_changed":false,"_kadence_starter_templates_imported_post":false,"_kad_post_transparent":"","_kad_post_title":"","_kad_post_layout":"","_kad_post_sidebar_id":"","_kad_post_content_style":"","_kad_post_vertical_padding":"","_kad_post_feature":"","_kad_post_feature_position":"","_kad_post_header":false,"_kad_post_footer":false,"_kad_post_classname":""},"product_brand":[189],"product_cat":[1563,1590,1562],"product_tag":[],"class_list":{"0":"post-485946","1":"product","2":"type-product","3":"status-publish","4":"has-post-thumbnail","6":"product_brand-wella-professionals","7":"product_cat-ingrijire-personala","8":"product_cat-ingrijirea-parului","9":"product_cat-sanatate-si-frumusete","10":"pa_gen-female","11":"pa_marime-150-ml","13":"first","14":"instock","15":"sale","16":"product-type-external","17":"entry","18":"content-bg","19":"loop-entry"},"acf":[],"yoast_head":"<!-- This site is optimized with the Yoast SEO plugin v27.3 - https:\/\/yoast.com\/product\/yoast-seo-wordpress\/ -->\n<title>Wella Professionals Eimi Thermal Image spray pentru modelarea termica a parului 150 ml - SHOPATOA.COM<\/title>\n<meta name=\"robots\" content=\"index, follow, max-snippet:-1, max-image-preview:large, max-video-preview:-1\" \/>\n<link rel=\"canonical\" href=\"https:\/\/shopatoa.com\/ro\/wella-professionals-eimi-thermal-image-spray-pentru-modelarea-termica-a-parului-150-ml\/\" \/>\n<meta property=\"og:locale\" content=\"ro_RO\" \/>\n<meta property=\"og:type\" content=\"article\" \/>\n<meta property=\"og:title\" content=\"Wella Professionals Eimi Thermal Image spray pentru modelarea termica a parului 150 ml - SHOPATOA.COM\" \/>\n<meta property=\"og:description\" content=\"Wella Professionals Eimi Thermal Image, 150 ml, Protec\u021bie termic\u0103 pentru p\u0103r pentru femei, \u00cen timpul utiliz\u0103rii usc\u0103torului de p\u0103r, a pl\u0103cii sau a ondulatorului, \u00een special \u00een mod repetat \u0219i frecvent, p\u0103rul este supus la stres, iar structura acestuia poate fi deteriorat\u0103 semnificativ. Produsul de protec\u021bie termic\u0103 a p\u0103rului Wella Professionals Eimi Thermal Image ajut\u0103...\" \/>\n<meta property=\"og:url\" content=\"https:\/\/shopatoa.com\/ro\/wella-professionals-eimi-thermal-image-spray-pentru-modelarea-termica-a-parului-150-ml\/\" \/>\n<meta property=\"og:site_name\" content=\"SHOPATOA\" \/>\n<meta property=\"article:modified_time\" content=\"2025-12-13T14:05:57+00:00\" \/>\n<meta property=\"og:image\" content=\"https:\/\/storage.googleapis.com\/cz-shopatoa-img\/ro\/ebd56e10-unnamed-file.webp\" \/>\n\t<meta property=\"og:image:width\" content=\"800\" \/>\n\t<meta property=\"og:image:height\" content=\"800\" \/>\n\t<meta property=\"og:image:type\" content=\"image\/webp\" \/>\n<meta name=\"twitter:card\" content=\"summary_large_image\" \/>\n<meta name=\"twitter:label1\" content=\"Timp estimat pentru citire\" \/>\n\t<meta name=\"twitter:data1\" content=\"1 minut\" \/>\n<script type=\"application\/ld+json\" class=\"yoast-schema-graph\">{\"@context\":\"https:\\\/\\\/schema.org\",\"@graph\":[{\"@type\":\"WebPage\",\"@id\":\"https:\\\/\\\/shopatoa.com\\\/ro\\\/wella-professionals-eimi-thermal-image-spray-pentru-modelarea-termica-a-parului-150-ml\\\/\",\"url\":\"https:\\\/\\\/shopatoa.com\\\/ro\\\/wella-professionals-eimi-thermal-image-spray-pentru-modelarea-termica-a-parului-150-ml\\\/\",\"name\":\"Wella Professionals Eimi Thermal Image spray pentru modelarea termica a parului 150 ml - SHOPATOA.COM\",\"isPartOf\":{\"@id\":\"https:\\\/\\\/shopatoa.com\\\/ro\\\/#website\"},\"primaryImageOfPage\":{\"@id\":\"https:\\\/\\\/shopatoa.com\\\/ro\\\/wella-professionals-eimi-thermal-image-spray-pentru-modelarea-termica-a-parului-150-ml\\\/#primaryimage\"},\"image\":{\"@id\":\"https:\\\/\\\/shopatoa.com\\\/ro\\\/wella-professionals-eimi-thermal-image-spray-pentru-modelarea-termica-a-parului-150-ml\\\/#primaryimage\"},\"thumbnailUrl\":\"https:\\\/\\\/storage.googleapis.com\\\/cz-shopatoa-img\\\/ro\\\/ebd56e10-unnamed-file.webp\",\"datePublished\":\"2025-06-29T21:46:29+00:00\",\"dateModified\":\"2025-12-13T14:05:57+00:00\",\"breadcrumb\":{\"@id\":\"https:\\\/\\\/shopatoa.com\\\/ro\\\/wella-professionals-eimi-thermal-image-spray-pentru-modelarea-termica-a-parului-150-ml\\\/#breadcrumb\"},\"inLanguage\":\"ro-RO\",\"potentialAction\":[{\"@type\":\"ReadAction\",\"target\":[\"https:\\\/\\\/shopatoa.com\\\/ro\\\/wella-professionals-eimi-thermal-image-spray-pentru-modelarea-termica-a-parului-150-ml\\\/\"]}]},{\"@type\":\"ImageObject\",\"inLanguage\":\"ro-RO\",\"@id\":\"https:\\\/\\\/shopatoa.com\\\/ro\\\/wella-professionals-eimi-thermal-image-spray-pentru-modelarea-termica-a-parului-150-ml\\\/#primaryimage\",\"url\":\"https:\\\/\\\/storage.googleapis.com\\\/cz-shopatoa-img\\\/ro\\\/ebd56e10-unnamed-file.webp\",\"contentUrl\":\"https:\\\/\\\/storage.googleapis.com\\\/cz-shopatoa-img\\\/ro\\\/ebd56e10-unnamed-file.webp\",\"width\":800,\"height\":800},{\"@type\":\"BreadcrumbList\",\"@id\":\"https:\\\/\\\/shopatoa.com\\\/ro\\\/wella-professionals-eimi-thermal-image-spray-pentru-modelarea-termica-a-parului-150-ml\\\/#breadcrumb\",\"itemListElement\":[{\"@type\":\"ListItem\",\"position\":1,\"name\":\"Dom\u016f\",\"item\":\"https:\\\/\\\/shopatoa.com\\\/ro\\\/\"},{\"@type\":\"ListItem\",\"position\":2,\"name\":\"Shop\",\"item\":\"https:\\\/\\\/shopatoa.com\\\/ro\\\/shop\\\/\"},{\"@type\":\"ListItem\",\"position\":3,\"name\":\"S\u0103n\u0103tate \u0219i frumuse\u021be\",\"item\":\"https:\\\/\\\/shopatoa.com\\\/ro\\\/sanatate-si-frumusete\\\/\"},{\"@type\":\"ListItem\",\"position\":4,\"name\":\"\u00cengrijire personal\u0103\",\"item\":\"https:\\\/\\\/shopatoa.com\\\/ro\\\/ingrijire-personala\\\/\"},{\"@type\":\"ListItem\",\"position\":5,\"name\":\"\u00cengrijirea p\u0103rului\",\"item\":\"https:\\\/\\\/shopatoa.com\\\/ro\\\/ingrijirea-parului\\\/\"},{\"@type\":\"ListItem\",\"position\":6,\"name\":\"Wella Professionals Eimi Thermal Image spray pentru modelarea termica a parului 150 ml\"}]},{\"@type\":\"WebSite\",\"@id\":\"https:\\\/\\\/shopatoa.com\\\/ro\\\/#website\",\"url\":\"https:\\\/\\\/shopatoa.com\\\/ro\\\/\",\"name\":\"SHOPATOA\",\"description\":\"\",\"publisher\":{\"@id\":\"https:\\\/\\\/shopatoa.com\\\/ro\\\/#organization\"},\"potentialAction\":[{\"@type\":\"SearchAction\",\"target\":{\"@type\":\"EntryPoint\",\"urlTemplate\":\"https:\\\/\\\/shopatoa.com\\\/ro\\\/?s={search_term_string}\"},\"query-input\":{\"@type\":\"PropertyValueSpecification\",\"valueRequired\":true,\"valueName\":\"search_term_string\"}}],\"inLanguage\":\"ro-RO\"},{\"@type\":\"Organization\",\"@id\":\"https:\\\/\\\/shopatoa.com\\\/ro\\\/#organization\",\"name\":\"SHOPATOA\",\"url\":\"https:\\\/\\\/shopatoa.com\\\/ro\\\/\",\"logo\":{\"@type\":\"ImageObject\",\"inLanguage\":\"ro-RO\",\"@id\":\"https:\\\/\\\/shopatoa.com\\\/ro\\\/#\\\/schema\\\/logo\\\/image\\\/\",\"url\":\"https:\\\/\\\/storage.googleapis.com\\\/cz-shopatoa-img\\\/ro\\\/b4dac915-shopatoa_logo.png\",\"contentUrl\":\"https:\\\/\\\/storage.googleapis.com\\\/cz-shopatoa-img\\\/ro\\\/b4dac915-shopatoa_logo.png\",\"width\":416,\"height\":63,\"caption\":\"SHOPATOA\"},\"image\":{\"@id\":\"https:\\\/\\\/shopatoa.com\\\/ro\\\/#\\\/schema\\\/logo\\\/image\\\/\"}}]}<\/script>\n<!-- \/ Yoast SEO plugin. -->","yoast_head_json":{"title":"Wella Professionals Eimi Thermal Image spray pentru modelarea termica a parului 150 ml - SHOPATOA.COM","robots":{"index":"index","follow":"follow","max-snippet":"max-snippet:-1","max-image-preview":"max-image-preview:large","max-video-preview":"max-video-preview:-1"},"canonical":"https:\/\/shopatoa.com\/ro\/wella-professionals-eimi-thermal-image-spray-pentru-modelarea-termica-a-parului-150-ml\/","og_locale":"ro_RO","og_type":"article","og_title":"Wella Professionals Eimi Thermal Image spray pentru modelarea termica a parului 150 ml - SHOPATOA.COM","og_description":"Wella Professionals Eimi Thermal Image, 150 ml, Protec\u021bie termic\u0103 pentru p\u0103r pentru femei, \u00cen timpul utiliz\u0103rii usc\u0103torului de p\u0103r, a pl\u0103cii sau a ondulatorului, \u00een special \u00een mod repetat \u0219i frecvent, p\u0103rul este supus la stres, iar structura acestuia poate fi deteriorat\u0103 semnificativ. Produsul de protec\u021bie termic\u0103 a p\u0103rului Wella Professionals Eimi Thermal Image ajut\u0103...","og_url":"https:\/\/shopatoa.com\/ro\/wella-professionals-eimi-thermal-image-spray-pentru-modelarea-termica-a-parului-150-ml\/","og_site_name":"SHOPATOA","article_modified_time":"2025-12-13T14:05:57+00:00","og_image":[{"width":800,"height":800,"url":"https:\/\/storage.googleapis.com\/cz-shopatoa-img\/ro\/ebd56e10-unnamed-file.webp","type":"image\/webp"}],"twitter_card":"summary_large_image","twitter_misc":{"Timp estimat pentru citire":"1 minut"},"schema":{"@context":"https:\/\/schema.org","@graph":[{"@type":"WebPage","@id":"https:\/\/shopatoa.com\/ro\/wella-professionals-eimi-thermal-image-spray-pentru-modelarea-termica-a-parului-150-ml\/","url":"https:\/\/shopatoa.com\/ro\/wella-professionals-eimi-thermal-image-spray-pentru-modelarea-termica-a-parului-150-ml\/","name":"Wella Professionals Eimi Thermal Image spray pentru modelarea termica a parului 150 ml - SHOPATOA.COM","isPartOf":{"@id":"https:\/\/shopatoa.com\/ro\/#website"},"primaryImageOfPage":{"@id":"https:\/\/shopatoa.com\/ro\/wella-professionals-eimi-thermal-image-spray-pentru-modelarea-termica-a-parului-150-ml\/#primaryimage"},"image":{"@id":"https:\/\/shopatoa.com\/ro\/wella-professionals-eimi-thermal-image-spray-pentru-modelarea-termica-a-parului-150-ml\/#primaryimage"},"thumbnailUrl":"https:\/\/storage.googleapis.com\/cz-shopatoa-img\/ro\/ebd56e10-unnamed-file.webp","datePublished":"2025-06-29T21:46:29+00:00","dateModified":"2025-12-13T14:05:57+00:00","breadcrumb":{"@id":"https:\/\/shopatoa.com\/ro\/wella-professionals-eimi-thermal-image-spray-pentru-modelarea-termica-a-parului-150-ml\/#breadcrumb"},"inLanguage":"ro-RO","potentialAction":[{"@type":"ReadAction","target":["https:\/\/shopatoa.com\/ro\/wella-professionals-eimi-thermal-image-spray-pentru-modelarea-termica-a-parului-150-ml\/"]}]},{"@type":"ImageObject","inLanguage":"ro-RO","@id":"https:\/\/shopatoa.com\/ro\/wella-professionals-eimi-thermal-image-spray-pentru-modelarea-termica-a-parului-150-ml\/#primaryimage","url":"https:\/\/storage.googleapis.com\/cz-shopatoa-img\/ro\/ebd56e10-unnamed-file.webp","contentUrl":"https:\/\/storage.googleapis.com\/cz-shopatoa-img\/ro\/ebd56e10-unnamed-file.webp","width":800,"height":800},{"@type":"BreadcrumbList","@id":"https:\/\/shopatoa.com\/ro\/wella-professionals-eimi-thermal-image-spray-pentru-modelarea-termica-a-parului-150-ml\/#breadcrumb","itemListElement":[{"@type":"ListItem","position":1,"name":"Dom\u016f","item":"https:\/\/shopatoa.com\/ro\/"},{"@type":"ListItem","position":2,"name":"Shop","item":"https:\/\/shopatoa.com\/ro\/shop\/"},{"@type":"ListItem","position":3,"name":"S\u0103n\u0103tate \u0219i frumuse\u021be","item":"https:\/\/shopatoa.com\/ro\/sanatate-si-frumusete\/"},{"@type":"ListItem","position":4,"name":"\u00cengrijire personal\u0103","item":"https:\/\/shopatoa.com\/ro\/ingrijire-personala\/"},{"@type":"ListItem","position":5,"name":"\u00cengrijirea p\u0103rului","item":"https:\/\/shopatoa.com\/ro\/ingrijirea-parului\/"},{"@type":"ListItem","position":6,"name":"Wella Professionals Eimi Thermal Image spray pentru modelarea termica a parului 150 ml"}]},{"@type":"WebSite","@id":"https:\/\/shopatoa.com\/ro\/#website","url":"https:\/\/shopatoa.com\/ro\/","name":"SHOPATOA","description":"","publisher":{"@id":"https:\/\/shopatoa.com\/ro\/#organization"},"potentialAction":[{"@type":"SearchAction","target":{"@type":"EntryPoint","urlTemplate":"https:\/\/shopatoa.com\/ro\/?s={search_term_string}"},"query-input":{"@type":"PropertyValueSpecification","valueRequired":true,"valueName":"search_term_string"}}],"inLanguage":"ro-RO"},{"@type":"Organization","@id":"https:\/\/shopatoa.com\/ro\/#organization","name":"SHOPATOA","url":"https:\/\/shopatoa.com\/ro\/","logo":{"@type":"ImageObject","inLanguage":"ro-RO","@id":"https:\/\/shopatoa.com\/ro\/#\/schema\/logo\/image\/","url":"https:\/\/storage.googleapis.com\/cz-shopatoa-img\/ro\/b4dac915-shopatoa_logo.png","contentUrl":"https:\/\/storage.googleapis.com\/cz-shopatoa-img\/ro\/b4dac915-shopatoa_logo.png","width":416,"height":63,"caption":"SHOPATOA"},"image":{"@id":"https:\/\/shopatoa.com\/ro\/#\/schema\/logo\/image\/"}}]}},"_links":{"self":[{"href":"https:\/\/shopatoa.com\/ro\/wp-json\/wp\/v2\/product\/485946","targetHints":{"allow":["GET"]}}],"collection":[{"href":"https:\/\/shopatoa.com\/ro\/wp-json\/wp\/v2\/product"}],"about":[{"href":"https:\/\/shopatoa.com\/ro\/wp-json\/wp\/v2\/types\/product"}],"replies":[{"embeddable":true,"href":"https:\/\/shopatoa.com\/ro\/wp-json\/wp\/v2\/comments?post=485946"}],"wp:featuredmedia":[{"embeddable":true,"href":"https:\/\/shopatoa.com\/ro\/wp-json\/wp\/v2\/media\/488820"}],"wp:attachment":[{"href":"https:\/\/shopatoa.com\/ro\/wp-json\/wp\/v2\/media?parent=485946"}],"wp:term":[{"taxonomy":"product_brand","embeddable":true,"href":"https:\/\/shopatoa.com\/ro\/wp-json\/wp\/v2\/product_brand?post=485946"},{"taxonomy":"product_cat","embeddable":true,"href":"https:\/\/shopatoa.com\/ro\/wp-json\/wp\/v2\/product_cat?post=485946"},{"taxonomy":"product_tag","embeddable":true,"href":"https:\/\/shopatoa.com\/ro\/wp-json\/wp\/v2\/product_tag?post=485946"}],"curies":[{"name":"wp","href":"https:\/\/api.w.org\/{rel}","templated":true}]}}