{"id":486174,"date":"2025-06-30T00:26:14","date_gmt":"2025-06-29T22:26:14","guid":{"rendered":"https:\/\/shopatoa.com\/ro\/axis-y-611-advanced-formula-dark-spot-correcting-glow-toner-solutie-tonica-cu-efect-de-iluminare-pentru-piele-cu-hiperpigmentare-125-ml\/"},"modified":"2025-12-13T13:02:49","modified_gmt":"2025-12-13T12:02:49","slug":"axis-y-611-advanced-formula-dark-spot-correcting-glow-toner-solutie-tonica-cu-efect-de-iluminare-pentru-piele-cu-hiperpigmentare-125-ml","status":"publish","type":"product","link":"https:\/\/shopatoa.com\/ro\/axis-y-611-advanced-formula-dark-spot-correcting-glow-toner-solutie-tonica-cu-efect-de-iluminare-pentru-piele-cu-hiperpigmentare-125-ml\/","title":{"rendered":"AXIS-Y 6+1+1 Advanced Formula Dark Spot Correcting Glow Toner solutie tonica cu efect de iluminare pentru piele cu hiperpigmentare 125 ml"},"content":{"rendered":"<p>AXIS-Y 6+1+1 Advanced Formula Dark Spot Correcting Glow Toner, 125 ml, spray pentru fa\u021b\u0103 pentru femei, Produsul tonic AXIS-Y 6+1+1 Advanced Formula ajut\u0103 la cur\u0103\u021barea final\u0103, la armonizarea \u0219i la \u00eenviorarea pielii.  Caracteristici:  calmeaz\u0103 \u0219i tonific\u0103 se recomand\u0103 pentru tenul sensibil hidrateaz\u0103 \u0219i hr\u0103ne\u0219te pielea elimin\u0103 ro\u0219ea\u021ba tenului reducerea petelor pigmentare las\u0103 pielea fin\u0103, moale \u0219i radioas\u0103 preg\u0103te\u0219te tenul pentru aplicarea produselor de tratament  Ingrediente:  peptide \u2013 au efecte hidratante, de netezire \u0219i catifelare, ajut\u0103 la reducerea vizibilit\u0103\u021bii ridurilor, favorizeaz\u0103 fermitatea \u0219i elasticitatea pielii, confer\u0103 un aspect s\u0103n\u0103tos, uniform \u0219i radiant \u0219i consolideaz\u0103 bariera cutanat\u0103 niacinamid\u0103 \u2013 favorizeaz\u0103 luminozitatea tenului, reducerea petelor pigmentare, uniformizarea nuan\u021bei \u0219i netezirea texturii neuniforme, contribuie la \u00eent\u0103rirea barierei protectoare cutanate \u0219i la \u00eembun\u0103t\u0103\u021birea nivelului de hidratare a tenului extract de gotu kola \u2013 restabile\u0219te \u0219i fortific\u0103 bariera cutanat\u0103, favorizeaz\u0103 procesele de regenerare, calmeaz\u0103 irita\u021biile, combate ro\u0219ea\u021ba \u0219i uscarea, are efecte antioxidante, hidrateaz\u0103, ajut\u0103 la combaterea \u00eemb\u0103tr\u00e2nirii pielii produs vegan  Cum se utilizeaz\u0103: A se agita energic, \u00eenainte de utilizare. \u00cenchide\u021bi ochii \u0219i pulveriza\u021bi pe fa\u021b\u0103.<\/p>\n","protected":false},"excerpt":{"rendered":"<p>AXIS-Y 6+1+1 Advanced Formula Dark Spot Correcting Glow Toner, 125 ml, spray pentru fa\u021b\u0103 pentru femei, Produsul tonic AXIS-Y 6+1+1 Advanced Formula ajut\u0103 la cur\u0103\u021barea final\u0103, la armonizarea \u0219i la \u00eenviorarea pielii. Caracteristici: calmeaz\u0103 \u0219i tonific\u0103 se recomand\u0103 pentru tenul sensibil hidrateaz\u0103 \u0219i hr\u0103ne\u0219te pielea elimin\u0103 ro\u0219ea\u021ba tenului reducerea petelor pigmentare las\u0103 pielea fin\u0103, moale&#8230;<\/p>\n","protected":false},"featured_media":489034,"comment_status":"closed","ping_status":"open","template":"","meta":{"_acf_changed":false,"_kadence_starter_templates_imported_post":false,"_kad_post_transparent":"","_kad_post_title":"","_kad_post_layout":"","_kad_post_sidebar_id":"","_kad_post_content_style":"","_kad_post_vertical_padding":"","_kad_post_feature":"","_kad_post_feature_position":"","_kad_post_header":false,"_kad_post_footer":false,"_kad_post_classname":""},"product_brand":[2704],"product_cat":[1564,1563,1565,1562],"product_tag":[],"class_list":{"0":"post-486174","1":"product","2":"type-product","3":"status-publish","4":"has-post-thumbnail","6":"product_brand-axis-y","7":"product_cat-cosmetice-ingrijire-personala","8":"product_cat-ingrijire-personala","9":"product_cat-ingrijirea-pielii","10":"product_cat-sanatate-si-frumusete","11":"pa_gen-female","12":"pa_marime-125-ml","14":"first","15":"instock","16":"sale","17":"product-type-external","18":"entry","19":"content-bg","20":"loop-entry"},"acf":[],"yoast_head":"<!-- This site is optimized with the Yoast SEO plugin v27.4 - https:\/\/yoast.com\/product\/yoast-seo-wordpress\/ -->\n<title>AXIS-Y 6+1+1 Advanced Formula Dark Spot Correcting Glow Toner solutie tonica cu efect de iluminare pentru piele cu hiperpigmentare 125 ml - SHOPATOA.COM<\/title>\n<meta name=\"robots\" content=\"index, follow, max-snippet:-1, max-image-preview:large, max-video-preview:-1\" \/>\n<link rel=\"canonical\" href=\"https:\/\/shopatoa.com\/ro\/axis-y-611-advanced-formula-dark-spot-correcting-glow-toner-solutie-tonica-cu-efect-de-iluminare-pentru-piele-cu-hiperpigmentare-125-ml\/\" \/>\n<meta property=\"og:locale\" content=\"ro_RO\" \/>\n<meta property=\"og:type\" content=\"article\" \/>\n<meta property=\"og:title\" content=\"AXIS-Y 6+1+1 Advanced Formula Dark Spot Correcting Glow Toner solutie tonica cu efect de iluminare pentru piele cu hiperpigmentare 125 ml - SHOPATOA.COM\" \/>\n<meta property=\"og:description\" content=\"AXIS-Y 6+1+1 Advanced Formula Dark Spot Correcting Glow Toner, 125 ml, spray pentru fa\u021b\u0103 pentru femei, Produsul tonic AXIS-Y 6+1+1 Advanced Formula ajut\u0103 la cur\u0103\u021barea final\u0103, la armonizarea \u0219i la \u00eenviorarea pielii. Caracteristici: calmeaz\u0103 \u0219i tonific\u0103 se recomand\u0103 pentru tenul sensibil hidrateaz\u0103 \u0219i hr\u0103ne\u0219te pielea elimin\u0103 ro\u0219ea\u021ba tenului reducerea petelor pigmentare las\u0103 pielea fin\u0103, moale...\" \/>\n<meta property=\"og:url\" content=\"https:\/\/shopatoa.com\/ro\/axis-y-611-advanced-formula-dark-spot-correcting-glow-toner-solutie-tonica-cu-efect-de-iluminare-pentru-piele-cu-hiperpigmentare-125-ml\/\" \/>\n<meta property=\"og:site_name\" content=\"SHOPATOA\" \/>\n<meta property=\"article:modified_time\" content=\"2025-12-13T12:02:49+00:00\" \/>\n<meta property=\"og:image\" content=\"https:\/\/storage.googleapis.com\/cz-shopatoa-img\/ro\/7ad29f7c-unnamed-file.webp\" \/>\n\t<meta property=\"og:image:width\" content=\"800\" \/>\n\t<meta property=\"og:image:height\" content=\"800\" \/>\n\t<meta property=\"og:image:type\" content=\"image\/webp\" \/>\n<meta name=\"twitter:card\" content=\"summary_large_image\" \/>\n<meta name=\"twitter:label1\" content=\"Timp estimat pentru citire\" \/>\n\t<meta name=\"twitter:data1\" content=\"1 minut\" \/>\n<script type=\"application\/ld+json\" class=\"yoast-schema-graph\">{\"@context\":\"https:\\\/\\\/schema.org\",\"@graph\":[{\"@type\":\"WebPage\",\"@id\":\"https:\\\/\\\/shopatoa.com\\\/ro\\\/axis-y-611-advanced-formula-dark-spot-correcting-glow-toner-solutie-tonica-cu-efect-de-iluminare-pentru-piele-cu-hiperpigmentare-125-ml\\\/\",\"url\":\"https:\\\/\\\/shopatoa.com\\\/ro\\\/axis-y-611-advanced-formula-dark-spot-correcting-glow-toner-solutie-tonica-cu-efect-de-iluminare-pentru-piele-cu-hiperpigmentare-125-ml\\\/\",\"name\":\"AXIS-Y 6+1+1 Advanced Formula Dark Spot Correcting Glow Toner solutie tonica cu efect de iluminare pentru piele cu hiperpigmentare 125 ml - SHOPATOA.COM\",\"isPartOf\":{\"@id\":\"https:\\\/\\\/shopatoa.com\\\/ro\\\/#website\"},\"primaryImageOfPage\":{\"@id\":\"https:\\\/\\\/shopatoa.com\\\/ro\\\/axis-y-611-advanced-formula-dark-spot-correcting-glow-toner-solutie-tonica-cu-efect-de-iluminare-pentru-piele-cu-hiperpigmentare-125-ml\\\/#primaryimage\"},\"image\":{\"@id\":\"https:\\\/\\\/shopatoa.com\\\/ro\\\/axis-y-611-advanced-formula-dark-spot-correcting-glow-toner-solutie-tonica-cu-efect-de-iluminare-pentru-piele-cu-hiperpigmentare-125-ml\\\/#primaryimage\"},\"thumbnailUrl\":\"https:\\\/\\\/storage.googleapis.com\\\/cz-shopatoa-img\\\/ro\\\/7ad29f7c-unnamed-file.webp\",\"datePublished\":\"2025-06-29T22:26:14+00:00\",\"dateModified\":\"2025-12-13T12:02:49+00:00\",\"breadcrumb\":{\"@id\":\"https:\\\/\\\/shopatoa.com\\\/ro\\\/axis-y-611-advanced-formula-dark-spot-correcting-glow-toner-solutie-tonica-cu-efect-de-iluminare-pentru-piele-cu-hiperpigmentare-125-ml\\\/#breadcrumb\"},\"inLanguage\":\"ro-RO\",\"potentialAction\":[{\"@type\":\"ReadAction\",\"target\":[\"https:\\\/\\\/shopatoa.com\\\/ro\\\/axis-y-611-advanced-formula-dark-spot-correcting-glow-toner-solutie-tonica-cu-efect-de-iluminare-pentru-piele-cu-hiperpigmentare-125-ml\\\/\"]}]},{\"@type\":\"ImageObject\",\"inLanguage\":\"ro-RO\",\"@id\":\"https:\\\/\\\/shopatoa.com\\\/ro\\\/axis-y-611-advanced-formula-dark-spot-correcting-glow-toner-solutie-tonica-cu-efect-de-iluminare-pentru-piele-cu-hiperpigmentare-125-ml\\\/#primaryimage\",\"url\":\"https:\\\/\\\/storage.googleapis.com\\\/cz-shopatoa-img\\\/ro\\\/7ad29f7c-unnamed-file.webp\",\"contentUrl\":\"https:\\\/\\\/storage.googleapis.com\\\/cz-shopatoa-img\\\/ro\\\/7ad29f7c-unnamed-file.webp\",\"width\":800,\"height\":800},{\"@type\":\"BreadcrumbList\",\"@id\":\"https:\\\/\\\/shopatoa.com\\\/ro\\\/axis-y-611-advanced-formula-dark-spot-correcting-glow-toner-solutie-tonica-cu-efect-de-iluminare-pentru-piele-cu-hiperpigmentare-125-ml\\\/#breadcrumb\",\"itemListElement\":[{\"@type\":\"ListItem\",\"position\":1,\"name\":\"Dom\u016f\",\"item\":\"https:\\\/\\\/shopatoa.com\\\/ro\\\/\"},{\"@type\":\"ListItem\",\"position\":2,\"name\":\"Shop\",\"item\":\"https:\\\/\\\/shopatoa.com\\\/ro\\\/shop\\\/\"},{\"@type\":\"ListItem\",\"position\":3,\"name\":\"S\u0103n\u0103tate \u0219i frumuse\u021be\",\"item\":\"https:\\\/\\\/shopatoa.com\\\/ro\\\/sanatate-si-frumusete\\\/\"},{\"@type\":\"ListItem\",\"position\":4,\"name\":\"\u00cengrijire personal\u0103\",\"item\":\"https:\\\/\\\/shopatoa.com\\\/ro\\\/ingrijire-personala\\\/\"},{\"@type\":\"ListItem\",\"position\":5,\"name\":\"Cosmetice\",\"item\":\"https:\\\/\\\/shopatoa.com\\\/ro\\\/cosmetice-ingrijire-personala\\\/\"},{\"@type\":\"ListItem\",\"position\":6,\"name\":\"\u00cengrijirea pielii\",\"item\":\"https:\\\/\\\/shopatoa.com\\\/ro\\\/ingrijirea-pielii\\\/\"},{\"@type\":\"ListItem\",\"position\":7,\"name\":\"AXIS-Y 6+1+1 Advanced Formula Dark Spot Correcting Glow Toner solutie tonica cu efect de iluminare pentru piele cu hiperpigmentare 125 ml\"}]},{\"@type\":\"WebSite\",\"@id\":\"https:\\\/\\\/shopatoa.com\\\/ro\\\/#website\",\"url\":\"https:\\\/\\\/shopatoa.com\\\/ro\\\/\",\"name\":\"SHOPATOA\",\"description\":\"\",\"publisher\":{\"@id\":\"https:\\\/\\\/shopatoa.com\\\/ro\\\/#organization\"},\"potentialAction\":[{\"@type\":\"SearchAction\",\"target\":{\"@type\":\"EntryPoint\",\"urlTemplate\":\"https:\\\/\\\/shopatoa.com\\\/ro\\\/?s={search_term_string}\"},\"query-input\":{\"@type\":\"PropertyValueSpecification\",\"valueRequired\":true,\"valueName\":\"search_term_string\"}}],\"inLanguage\":\"ro-RO\"},{\"@type\":\"Organization\",\"@id\":\"https:\\\/\\\/shopatoa.com\\\/ro\\\/#organization\",\"name\":\"SHOPATOA\",\"url\":\"https:\\\/\\\/shopatoa.com\\\/ro\\\/\",\"logo\":{\"@type\":\"ImageObject\",\"inLanguage\":\"ro-RO\",\"@id\":\"https:\\\/\\\/shopatoa.com\\\/ro\\\/#\\\/schema\\\/logo\\\/image\\\/\",\"url\":\"https:\\\/\\\/storage.googleapis.com\\\/cz-shopatoa-img\\\/ro\\\/b4dac915-shopatoa_logo.png\",\"contentUrl\":\"https:\\\/\\\/storage.googleapis.com\\\/cz-shopatoa-img\\\/ro\\\/b4dac915-shopatoa_logo.png\",\"width\":416,\"height\":63,\"caption\":\"SHOPATOA\"},\"image\":{\"@id\":\"https:\\\/\\\/shopatoa.com\\\/ro\\\/#\\\/schema\\\/logo\\\/image\\\/\"}}]}<\/script>\n<!-- \/ Yoast SEO plugin. -->","yoast_head_json":{"title":"AXIS-Y 6+1+1 Advanced Formula Dark Spot Correcting Glow Toner solutie tonica cu efect de iluminare pentru piele cu hiperpigmentare 125 ml - SHOPATOA.COM","robots":{"index":"index","follow":"follow","max-snippet":"max-snippet:-1","max-image-preview":"max-image-preview:large","max-video-preview":"max-video-preview:-1"},"canonical":"https:\/\/shopatoa.com\/ro\/axis-y-611-advanced-formula-dark-spot-correcting-glow-toner-solutie-tonica-cu-efect-de-iluminare-pentru-piele-cu-hiperpigmentare-125-ml\/","og_locale":"ro_RO","og_type":"article","og_title":"AXIS-Y 6+1+1 Advanced Formula Dark Spot Correcting Glow Toner solutie tonica cu efect de iluminare pentru piele cu hiperpigmentare 125 ml - SHOPATOA.COM","og_description":"AXIS-Y 6+1+1 Advanced Formula Dark Spot Correcting Glow Toner, 125 ml, spray pentru fa\u021b\u0103 pentru femei, Produsul tonic AXIS-Y 6+1+1 Advanced Formula ajut\u0103 la cur\u0103\u021barea final\u0103, la armonizarea \u0219i la \u00eenviorarea pielii. Caracteristici: calmeaz\u0103 \u0219i tonific\u0103 se recomand\u0103 pentru tenul sensibil hidrateaz\u0103 \u0219i hr\u0103ne\u0219te pielea elimin\u0103 ro\u0219ea\u021ba tenului reducerea petelor pigmentare las\u0103 pielea fin\u0103, moale...","og_url":"https:\/\/shopatoa.com\/ro\/axis-y-611-advanced-formula-dark-spot-correcting-glow-toner-solutie-tonica-cu-efect-de-iluminare-pentru-piele-cu-hiperpigmentare-125-ml\/","og_site_name":"SHOPATOA","article_modified_time":"2025-12-13T12:02:49+00:00","og_image":[{"width":800,"height":800,"url":"https:\/\/storage.googleapis.com\/cz-shopatoa-img\/ro\/7ad29f7c-unnamed-file.webp","type":"image\/webp"}],"twitter_card":"summary_large_image","twitter_misc":{"Timp estimat pentru citire":"1 minut"},"schema":{"@context":"https:\/\/schema.org","@graph":[{"@type":"WebPage","@id":"https:\/\/shopatoa.com\/ro\/axis-y-611-advanced-formula-dark-spot-correcting-glow-toner-solutie-tonica-cu-efect-de-iluminare-pentru-piele-cu-hiperpigmentare-125-ml\/","url":"https:\/\/shopatoa.com\/ro\/axis-y-611-advanced-formula-dark-spot-correcting-glow-toner-solutie-tonica-cu-efect-de-iluminare-pentru-piele-cu-hiperpigmentare-125-ml\/","name":"AXIS-Y 6+1+1 Advanced Formula Dark Spot Correcting Glow Toner solutie tonica cu efect de iluminare pentru piele cu hiperpigmentare 125 ml - SHOPATOA.COM","isPartOf":{"@id":"https:\/\/shopatoa.com\/ro\/#website"},"primaryImageOfPage":{"@id":"https:\/\/shopatoa.com\/ro\/axis-y-611-advanced-formula-dark-spot-correcting-glow-toner-solutie-tonica-cu-efect-de-iluminare-pentru-piele-cu-hiperpigmentare-125-ml\/#primaryimage"},"image":{"@id":"https:\/\/shopatoa.com\/ro\/axis-y-611-advanced-formula-dark-spot-correcting-glow-toner-solutie-tonica-cu-efect-de-iluminare-pentru-piele-cu-hiperpigmentare-125-ml\/#primaryimage"},"thumbnailUrl":"https:\/\/storage.googleapis.com\/cz-shopatoa-img\/ro\/7ad29f7c-unnamed-file.webp","datePublished":"2025-06-29T22:26:14+00:00","dateModified":"2025-12-13T12:02:49+00:00","breadcrumb":{"@id":"https:\/\/shopatoa.com\/ro\/axis-y-611-advanced-formula-dark-spot-correcting-glow-toner-solutie-tonica-cu-efect-de-iluminare-pentru-piele-cu-hiperpigmentare-125-ml\/#breadcrumb"},"inLanguage":"ro-RO","potentialAction":[{"@type":"ReadAction","target":["https:\/\/shopatoa.com\/ro\/axis-y-611-advanced-formula-dark-spot-correcting-glow-toner-solutie-tonica-cu-efect-de-iluminare-pentru-piele-cu-hiperpigmentare-125-ml\/"]}]},{"@type":"ImageObject","inLanguage":"ro-RO","@id":"https:\/\/shopatoa.com\/ro\/axis-y-611-advanced-formula-dark-spot-correcting-glow-toner-solutie-tonica-cu-efect-de-iluminare-pentru-piele-cu-hiperpigmentare-125-ml\/#primaryimage","url":"https:\/\/storage.googleapis.com\/cz-shopatoa-img\/ro\/7ad29f7c-unnamed-file.webp","contentUrl":"https:\/\/storage.googleapis.com\/cz-shopatoa-img\/ro\/7ad29f7c-unnamed-file.webp","width":800,"height":800},{"@type":"BreadcrumbList","@id":"https:\/\/shopatoa.com\/ro\/axis-y-611-advanced-formula-dark-spot-correcting-glow-toner-solutie-tonica-cu-efect-de-iluminare-pentru-piele-cu-hiperpigmentare-125-ml\/#breadcrumb","itemListElement":[{"@type":"ListItem","position":1,"name":"Dom\u016f","item":"https:\/\/shopatoa.com\/ro\/"},{"@type":"ListItem","position":2,"name":"Shop","item":"https:\/\/shopatoa.com\/ro\/shop\/"},{"@type":"ListItem","position":3,"name":"S\u0103n\u0103tate \u0219i frumuse\u021be","item":"https:\/\/shopatoa.com\/ro\/sanatate-si-frumusete\/"},{"@type":"ListItem","position":4,"name":"\u00cengrijire personal\u0103","item":"https:\/\/shopatoa.com\/ro\/ingrijire-personala\/"},{"@type":"ListItem","position":5,"name":"Cosmetice","item":"https:\/\/shopatoa.com\/ro\/cosmetice-ingrijire-personala\/"},{"@type":"ListItem","position":6,"name":"\u00cengrijirea pielii","item":"https:\/\/shopatoa.com\/ro\/ingrijirea-pielii\/"},{"@type":"ListItem","position":7,"name":"AXIS-Y 6+1+1 Advanced Formula Dark Spot Correcting Glow Toner solutie tonica cu efect de iluminare pentru piele cu hiperpigmentare 125 ml"}]},{"@type":"WebSite","@id":"https:\/\/shopatoa.com\/ro\/#website","url":"https:\/\/shopatoa.com\/ro\/","name":"SHOPATOA","description":"","publisher":{"@id":"https:\/\/shopatoa.com\/ro\/#organization"},"potentialAction":[{"@type":"SearchAction","target":{"@type":"EntryPoint","urlTemplate":"https:\/\/shopatoa.com\/ro\/?s={search_term_string}"},"query-input":{"@type":"PropertyValueSpecification","valueRequired":true,"valueName":"search_term_string"}}],"inLanguage":"ro-RO"},{"@type":"Organization","@id":"https:\/\/shopatoa.com\/ro\/#organization","name":"SHOPATOA","url":"https:\/\/shopatoa.com\/ro\/","logo":{"@type":"ImageObject","inLanguage":"ro-RO","@id":"https:\/\/shopatoa.com\/ro\/#\/schema\/logo\/image\/","url":"https:\/\/storage.googleapis.com\/cz-shopatoa-img\/ro\/b4dac915-shopatoa_logo.png","contentUrl":"https:\/\/storage.googleapis.com\/cz-shopatoa-img\/ro\/b4dac915-shopatoa_logo.png","width":416,"height":63,"caption":"SHOPATOA"},"image":{"@id":"https:\/\/shopatoa.com\/ro\/#\/schema\/logo\/image\/"}}]}},"_links":{"self":[{"href":"https:\/\/shopatoa.com\/ro\/wp-json\/wp\/v2\/product\/486174","targetHints":{"allow":["GET"]}}],"collection":[{"href":"https:\/\/shopatoa.com\/ro\/wp-json\/wp\/v2\/product"}],"about":[{"href":"https:\/\/shopatoa.com\/ro\/wp-json\/wp\/v2\/types\/product"}],"replies":[{"embeddable":true,"href":"https:\/\/shopatoa.com\/ro\/wp-json\/wp\/v2\/comments?post=486174"}],"wp:featuredmedia":[{"embeddable":true,"href":"https:\/\/shopatoa.com\/ro\/wp-json\/wp\/v2\/media\/489034"}],"wp:attachment":[{"href":"https:\/\/shopatoa.com\/ro\/wp-json\/wp\/v2\/media?parent=486174"}],"wp:term":[{"taxonomy":"product_brand","embeddable":true,"href":"https:\/\/shopatoa.com\/ro\/wp-json\/wp\/v2\/product_brand?post=486174"},{"taxonomy":"product_cat","embeddable":true,"href":"https:\/\/shopatoa.com\/ro\/wp-json\/wp\/v2\/product_cat?post=486174"},{"taxonomy":"product_tag","embeddable":true,"href":"https:\/\/shopatoa.com\/ro\/wp-json\/wp\/v2\/product_tag?post=486174"}],"curies":[{"name":"wp","href":"https:\/\/api.w.org\/{rel}","templated":true}]}}