{"id":486187,"date":"2025-06-30T00:28:39","date_gmt":"2025-06-29T22:28:39","guid":{"rendered":"https:\/\/shopatoa.com\/ro\/biolage-full-rescue-tratament-impotriva-caderii-parului-6x10-ml\/"},"modified":"2025-12-13T12:54:18","modified_gmt":"2025-12-13T11:54:18","slug":"biolage-full-rescue-tratament-impotriva-caderii-parului-6x10-ml","status":"publish","type":"product","link":"https:\/\/shopatoa.com\/ro\/biolage-full-rescue-tratament-impotriva-caderii-parului-6x10-ml\/","title":{"rendered":"Biolage Full Rescue Tratament \u00eempotriva c\u0103derii p\u0103rului 6&#215;10 ml"},"content":{"rendered":"<p>Biolage Full Rescue, 6&#215;10 ml, Seruri pentru p\u0103r pentru b\u0103rba\u021bi, De obicei, la baza unui p\u0103r cu adev\u0103rat frumos \u0219i s\u0103n\u0103tos de la r\u0103d\u0103cin\u0103 p\u00e2n\u0103 la v\u00e2rfuri se afl\u0103 ceva \u00een plus fa\u021b\u0103 de \u0219ampon \u0219i balsam. Sim\u021bi\u021bi c\u0103 p\u0103rul \u0219i scalpul dvs. au nevoie de ceva \u00een plus fa\u021b\u0103 de \u00eengrijirea de baz\u0103? Serul Biolage Full Rescue v\u0103 va completa de minute rutina actual\u0103 de \u00eengrijire. Va avea grij\u0103 de scalp, hr\u0103nindu-l \u0219i calm\u00e2ndu-l \u00een acela\u0219i timp, fortific\u00e2nd p\u0103rul de la r\u0103d\u0103cin\u0103 \u0219i oferindu-i tot ce are nevoie pentru a str\u0103luci din nou. Va revigora pl\u0103cut scalpul, \u00eei va favoriza echilibrul \u0219i va preveni senza\u021biile de disconfort. Cu o utilizare regulat\u0103, ve\u021bi observa \u00een scurt timp un p\u0103r puternic, str\u0103lucitor \u0219i cu aspect s\u0103n\u0103tos.  Caracteristici:  m\u0103re\u0219te densitatea \u0219i rezisten\u021ba p\u0103rului \u00eembun\u0103t\u0103\u021be\u0219te calitatea \u0219i structura p\u0103rului dinamizeaz\u0103 activitatea r\u0103d\u0103cinilor p\u0103rului  Cum se utilizeaz\u0103: Se maseaz\u0103 bine pe scalp. Nu se cl\u0103te\u0219te, se continu\u0103 aranjarea p\u0103rului ca de obicei.<\/p>\n","protected":false},"excerpt":{"rendered":"<p>Biolage Full Rescue, 6&#215;10 ml, Seruri pentru p\u0103r pentru b\u0103rba\u021bi, De obicei, la baza unui p\u0103r cu adev\u0103rat frumos \u0219i s\u0103n\u0103tos de la r\u0103d\u0103cin\u0103 p\u00e2n\u0103 la v\u00e2rfuri se afl\u0103 ceva \u00een plus fa\u021b\u0103 de \u0219ampon \u0219i balsam. Sim\u021bi\u021bi c\u0103 p\u0103rul \u0219i scalpul dvs. au nevoie de ceva \u00een plus fa\u021b\u0103 de \u00eengrijirea de baz\u0103? Serul&#8230;<\/p>\n","protected":false},"featured_media":496139,"comment_status":"closed","ping_status":"open","template":"","meta":{"_acf_changed":false,"_kadence_starter_templates_imported_post":false,"_kad_post_transparent":"","_kad_post_title":"","_kad_post_layout":"","_kad_post_sidebar_id":"","_kad_post_content_style":"","_kad_post_vertical_padding":"","_kad_post_feature":"","_kad_post_feature_position":"","_kad_post_header":false,"_kad_post_footer":false,"_kad_post_classname":""},"product_brand":[193],"product_cat":[1563,1590,1562],"product_tag":[],"class_list":{"0":"post-486187","1":"product","2":"type-product","3":"status-publish","4":"has-post-thumbnail","6":"product_brand-biolage","7":"product_cat-ingrijire-personala","8":"product_cat-ingrijirea-parului","9":"product_cat-sanatate-si-frumusete","10":"pa_gen-female","11":"pa_marime-6x10-ml","13":"first","14":"instock","15":"sale","16":"product-type-external","17":"entry","18":"content-bg","19":"loop-entry"},"acf":[],"yoast_head":"<!-- This site is optimized with the Yoast SEO plugin v27.4 - https:\/\/yoast.com\/product\/yoast-seo-wordpress\/ -->\n<title>Biolage Full Rescue Tratament \u00eempotriva c\u0103derii p\u0103rului 6x10 ml - SHOPATOA.COM<\/title>\n<meta name=\"robots\" content=\"index, follow, max-snippet:-1, max-image-preview:large, max-video-preview:-1\" \/>\n<link rel=\"canonical\" href=\"https:\/\/shopatoa.com\/ro\/biolage-full-rescue-tratament-impotriva-caderii-parului-6x10-ml\/\" \/>\n<meta property=\"og:locale\" content=\"ro_RO\" \/>\n<meta property=\"og:type\" content=\"article\" \/>\n<meta property=\"og:title\" content=\"Biolage Full Rescue Tratament \u00eempotriva c\u0103derii p\u0103rului 6x10 ml - SHOPATOA.COM\" \/>\n<meta property=\"og:description\" content=\"Biolage Full Rescue, 6&#215;10 ml, Seruri pentru p\u0103r pentru b\u0103rba\u021bi, De obicei, la baza unui p\u0103r cu adev\u0103rat frumos \u0219i s\u0103n\u0103tos de la r\u0103d\u0103cin\u0103 p\u00e2n\u0103 la v\u00e2rfuri se afl\u0103 ceva \u00een plus fa\u021b\u0103 de \u0219ampon \u0219i balsam. Sim\u021bi\u021bi c\u0103 p\u0103rul \u0219i scalpul dvs. au nevoie de ceva \u00een plus fa\u021b\u0103 de \u00eengrijirea de baz\u0103? Serul...\" \/>\n<meta property=\"og:url\" content=\"https:\/\/shopatoa.com\/ro\/biolage-full-rescue-tratament-impotriva-caderii-parului-6x10-ml\/\" \/>\n<meta property=\"og:site_name\" content=\"SHOPATOA\" \/>\n<meta property=\"article:modified_time\" content=\"2025-12-13T11:54:18+00:00\" \/>\n<meta property=\"og:image\" content=\"https:\/\/storage.googleapis.com\/cz-shopatoa-img\/ro\/a9767d9d-biolagefullrescuetratamentmpotrivacderiiprului10x6ml.jpg\" \/>\n\t<meta property=\"og:image:width\" content=\"800\" \/>\n\t<meta property=\"og:image:height\" content=\"800\" \/>\n\t<meta property=\"og:image:type\" content=\"image\/jpeg\" \/>\n<meta name=\"twitter:card\" content=\"summary_large_image\" \/>\n<meta name=\"twitter:label1\" content=\"Timp estimat pentru citire\" \/>\n\t<meta name=\"twitter:data1\" content=\"1 minut\" \/>\n<script type=\"application\/ld+json\" class=\"yoast-schema-graph\">{\"@context\":\"https:\\\/\\\/schema.org\",\"@graph\":[{\"@type\":\"WebPage\",\"@id\":\"https:\\\/\\\/shopatoa.com\\\/ro\\\/biolage-full-rescue-tratament-impotriva-caderii-parului-6x10-ml\\\/\",\"url\":\"https:\\\/\\\/shopatoa.com\\\/ro\\\/biolage-full-rescue-tratament-impotriva-caderii-parului-6x10-ml\\\/\",\"name\":\"Biolage Full Rescue Tratament \u00eempotriva c\u0103derii p\u0103rului 6x10 ml - SHOPATOA.COM\",\"isPartOf\":{\"@id\":\"https:\\\/\\\/shopatoa.com\\\/ro\\\/#website\"},\"primaryImageOfPage\":{\"@id\":\"https:\\\/\\\/shopatoa.com\\\/ro\\\/biolage-full-rescue-tratament-impotriva-caderii-parului-6x10-ml\\\/#primaryimage\"},\"image\":{\"@id\":\"https:\\\/\\\/shopatoa.com\\\/ro\\\/biolage-full-rescue-tratament-impotriva-caderii-parului-6x10-ml\\\/#primaryimage\"},\"thumbnailUrl\":\"https:\\\/\\\/storage.googleapis.com\\\/cz-shopatoa-img\\\/ro\\\/a9767d9d-biolagefullrescuetratamentmpotrivacderiiprului10x6ml.jpg\",\"datePublished\":\"2025-06-29T22:28:39+00:00\",\"dateModified\":\"2025-12-13T11:54:18+00:00\",\"breadcrumb\":{\"@id\":\"https:\\\/\\\/shopatoa.com\\\/ro\\\/biolage-full-rescue-tratament-impotriva-caderii-parului-6x10-ml\\\/#breadcrumb\"},\"inLanguage\":\"ro-RO\",\"potentialAction\":[{\"@type\":\"ReadAction\",\"target\":[\"https:\\\/\\\/shopatoa.com\\\/ro\\\/biolage-full-rescue-tratament-impotriva-caderii-parului-6x10-ml\\\/\"]}]},{\"@type\":\"ImageObject\",\"inLanguage\":\"ro-RO\",\"@id\":\"https:\\\/\\\/shopatoa.com\\\/ro\\\/biolage-full-rescue-tratament-impotriva-caderii-parului-6x10-ml\\\/#primaryimage\",\"url\":\"https:\\\/\\\/storage.googleapis.com\\\/cz-shopatoa-img\\\/ro\\\/a9767d9d-biolagefullrescuetratamentmpotrivacderiiprului10x6ml.jpg\",\"contentUrl\":\"https:\\\/\\\/storage.googleapis.com\\\/cz-shopatoa-img\\\/ro\\\/a9767d9d-biolagefullrescuetratamentmpotrivacderiiprului10x6ml.jpg\",\"width\":800,\"height\":800,\"caption\":\"Biolage Full Rescue Tratament \u00eempotriva c\u0103derii p\u0103rului 10x6 ml\"},{\"@type\":\"BreadcrumbList\",\"@id\":\"https:\\\/\\\/shopatoa.com\\\/ro\\\/biolage-full-rescue-tratament-impotriva-caderii-parului-6x10-ml\\\/#breadcrumb\",\"itemListElement\":[{\"@type\":\"ListItem\",\"position\":1,\"name\":\"Dom\u016f\",\"item\":\"https:\\\/\\\/shopatoa.com\\\/ro\\\/\"},{\"@type\":\"ListItem\",\"position\":2,\"name\":\"Shop\",\"item\":\"https:\\\/\\\/shopatoa.com\\\/ro\\\/shop\\\/\"},{\"@type\":\"ListItem\",\"position\":3,\"name\":\"S\u0103n\u0103tate \u0219i frumuse\u021be\",\"item\":\"https:\\\/\\\/shopatoa.com\\\/ro\\\/sanatate-si-frumusete\\\/\"},{\"@type\":\"ListItem\",\"position\":4,\"name\":\"\u00cengrijire personal\u0103\",\"item\":\"https:\\\/\\\/shopatoa.com\\\/ro\\\/ingrijire-personala\\\/\"},{\"@type\":\"ListItem\",\"position\":5,\"name\":\"\u00cengrijirea p\u0103rului\",\"item\":\"https:\\\/\\\/shopatoa.com\\\/ro\\\/ingrijirea-parului\\\/\"},{\"@type\":\"ListItem\",\"position\":6,\"name\":\"Biolage Full Rescue Tratament \u00eempotriva c\u0103derii p\u0103rului 6&#215;10 ml\"}]},{\"@type\":\"WebSite\",\"@id\":\"https:\\\/\\\/shopatoa.com\\\/ro\\\/#website\",\"url\":\"https:\\\/\\\/shopatoa.com\\\/ro\\\/\",\"name\":\"SHOPATOA\",\"description\":\"\",\"publisher\":{\"@id\":\"https:\\\/\\\/shopatoa.com\\\/ro\\\/#organization\"},\"potentialAction\":[{\"@type\":\"SearchAction\",\"target\":{\"@type\":\"EntryPoint\",\"urlTemplate\":\"https:\\\/\\\/shopatoa.com\\\/ro\\\/?s={search_term_string}\"},\"query-input\":{\"@type\":\"PropertyValueSpecification\",\"valueRequired\":true,\"valueName\":\"search_term_string\"}}],\"inLanguage\":\"ro-RO\"},{\"@type\":\"Organization\",\"@id\":\"https:\\\/\\\/shopatoa.com\\\/ro\\\/#organization\",\"name\":\"SHOPATOA\",\"url\":\"https:\\\/\\\/shopatoa.com\\\/ro\\\/\",\"logo\":{\"@type\":\"ImageObject\",\"inLanguage\":\"ro-RO\",\"@id\":\"https:\\\/\\\/shopatoa.com\\\/ro\\\/#\\\/schema\\\/logo\\\/image\\\/\",\"url\":\"https:\\\/\\\/storage.googleapis.com\\\/cz-shopatoa-img\\\/ro\\\/b4dac915-shopatoa_logo.png\",\"contentUrl\":\"https:\\\/\\\/storage.googleapis.com\\\/cz-shopatoa-img\\\/ro\\\/b4dac915-shopatoa_logo.png\",\"width\":416,\"height\":63,\"caption\":\"SHOPATOA\"},\"image\":{\"@id\":\"https:\\\/\\\/shopatoa.com\\\/ro\\\/#\\\/schema\\\/logo\\\/image\\\/\"}}]}<\/script>\n<!-- \/ Yoast SEO plugin. -->","yoast_head_json":{"title":"Biolage Full Rescue Tratament \u00eempotriva c\u0103derii p\u0103rului 6x10 ml - SHOPATOA.COM","robots":{"index":"index","follow":"follow","max-snippet":"max-snippet:-1","max-image-preview":"max-image-preview:large","max-video-preview":"max-video-preview:-1"},"canonical":"https:\/\/shopatoa.com\/ro\/biolage-full-rescue-tratament-impotriva-caderii-parului-6x10-ml\/","og_locale":"ro_RO","og_type":"article","og_title":"Biolage Full Rescue Tratament \u00eempotriva c\u0103derii p\u0103rului 6x10 ml - SHOPATOA.COM","og_description":"Biolage Full Rescue, 6&#215;10 ml, Seruri pentru p\u0103r pentru b\u0103rba\u021bi, De obicei, la baza unui p\u0103r cu adev\u0103rat frumos \u0219i s\u0103n\u0103tos de la r\u0103d\u0103cin\u0103 p\u00e2n\u0103 la v\u00e2rfuri se afl\u0103 ceva \u00een plus fa\u021b\u0103 de \u0219ampon \u0219i balsam. Sim\u021bi\u021bi c\u0103 p\u0103rul \u0219i scalpul dvs. au nevoie de ceva \u00een plus fa\u021b\u0103 de \u00eengrijirea de baz\u0103? Serul...","og_url":"https:\/\/shopatoa.com\/ro\/biolage-full-rescue-tratament-impotriva-caderii-parului-6x10-ml\/","og_site_name":"SHOPATOA","article_modified_time":"2025-12-13T11:54:18+00:00","og_image":[{"width":800,"height":800,"url":"https:\/\/storage.googleapis.com\/cz-shopatoa-img\/ro\/a9767d9d-biolagefullrescuetratamentmpotrivacderiiprului10x6ml.jpg","type":"image\/jpeg"}],"twitter_card":"summary_large_image","twitter_misc":{"Timp estimat pentru citire":"1 minut"},"schema":{"@context":"https:\/\/schema.org","@graph":[{"@type":"WebPage","@id":"https:\/\/shopatoa.com\/ro\/biolage-full-rescue-tratament-impotriva-caderii-parului-6x10-ml\/","url":"https:\/\/shopatoa.com\/ro\/biolage-full-rescue-tratament-impotriva-caderii-parului-6x10-ml\/","name":"Biolage Full Rescue Tratament \u00eempotriva c\u0103derii p\u0103rului 6x10 ml - SHOPATOA.COM","isPartOf":{"@id":"https:\/\/shopatoa.com\/ro\/#website"},"primaryImageOfPage":{"@id":"https:\/\/shopatoa.com\/ro\/biolage-full-rescue-tratament-impotriva-caderii-parului-6x10-ml\/#primaryimage"},"image":{"@id":"https:\/\/shopatoa.com\/ro\/biolage-full-rescue-tratament-impotriva-caderii-parului-6x10-ml\/#primaryimage"},"thumbnailUrl":"https:\/\/storage.googleapis.com\/cz-shopatoa-img\/ro\/a9767d9d-biolagefullrescuetratamentmpotrivacderiiprului10x6ml.jpg","datePublished":"2025-06-29T22:28:39+00:00","dateModified":"2025-12-13T11:54:18+00:00","breadcrumb":{"@id":"https:\/\/shopatoa.com\/ro\/biolage-full-rescue-tratament-impotriva-caderii-parului-6x10-ml\/#breadcrumb"},"inLanguage":"ro-RO","potentialAction":[{"@type":"ReadAction","target":["https:\/\/shopatoa.com\/ro\/biolage-full-rescue-tratament-impotriva-caderii-parului-6x10-ml\/"]}]},{"@type":"ImageObject","inLanguage":"ro-RO","@id":"https:\/\/shopatoa.com\/ro\/biolage-full-rescue-tratament-impotriva-caderii-parului-6x10-ml\/#primaryimage","url":"https:\/\/storage.googleapis.com\/cz-shopatoa-img\/ro\/a9767d9d-biolagefullrescuetratamentmpotrivacderiiprului10x6ml.jpg","contentUrl":"https:\/\/storage.googleapis.com\/cz-shopatoa-img\/ro\/a9767d9d-biolagefullrescuetratamentmpotrivacderiiprului10x6ml.jpg","width":800,"height":800,"caption":"Biolage Full Rescue Tratament \u00eempotriva c\u0103derii p\u0103rului 10x6 ml"},{"@type":"BreadcrumbList","@id":"https:\/\/shopatoa.com\/ro\/biolage-full-rescue-tratament-impotriva-caderii-parului-6x10-ml\/#breadcrumb","itemListElement":[{"@type":"ListItem","position":1,"name":"Dom\u016f","item":"https:\/\/shopatoa.com\/ro\/"},{"@type":"ListItem","position":2,"name":"Shop","item":"https:\/\/shopatoa.com\/ro\/shop\/"},{"@type":"ListItem","position":3,"name":"S\u0103n\u0103tate \u0219i frumuse\u021be","item":"https:\/\/shopatoa.com\/ro\/sanatate-si-frumusete\/"},{"@type":"ListItem","position":4,"name":"\u00cengrijire personal\u0103","item":"https:\/\/shopatoa.com\/ro\/ingrijire-personala\/"},{"@type":"ListItem","position":5,"name":"\u00cengrijirea p\u0103rului","item":"https:\/\/shopatoa.com\/ro\/ingrijirea-parului\/"},{"@type":"ListItem","position":6,"name":"Biolage Full Rescue Tratament \u00eempotriva c\u0103derii p\u0103rului 6&#215;10 ml"}]},{"@type":"WebSite","@id":"https:\/\/shopatoa.com\/ro\/#website","url":"https:\/\/shopatoa.com\/ro\/","name":"SHOPATOA","description":"","publisher":{"@id":"https:\/\/shopatoa.com\/ro\/#organization"},"potentialAction":[{"@type":"SearchAction","target":{"@type":"EntryPoint","urlTemplate":"https:\/\/shopatoa.com\/ro\/?s={search_term_string}"},"query-input":{"@type":"PropertyValueSpecification","valueRequired":true,"valueName":"search_term_string"}}],"inLanguage":"ro-RO"},{"@type":"Organization","@id":"https:\/\/shopatoa.com\/ro\/#organization","name":"SHOPATOA","url":"https:\/\/shopatoa.com\/ro\/","logo":{"@type":"ImageObject","inLanguage":"ro-RO","@id":"https:\/\/shopatoa.com\/ro\/#\/schema\/logo\/image\/","url":"https:\/\/storage.googleapis.com\/cz-shopatoa-img\/ro\/b4dac915-shopatoa_logo.png","contentUrl":"https:\/\/storage.googleapis.com\/cz-shopatoa-img\/ro\/b4dac915-shopatoa_logo.png","width":416,"height":63,"caption":"SHOPATOA"},"image":{"@id":"https:\/\/shopatoa.com\/ro\/#\/schema\/logo\/image\/"}}]}},"_links":{"self":[{"href":"https:\/\/shopatoa.com\/ro\/wp-json\/wp\/v2\/product\/486187","targetHints":{"allow":["GET"]}}],"collection":[{"href":"https:\/\/shopatoa.com\/ro\/wp-json\/wp\/v2\/product"}],"about":[{"href":"https:\/\/shopatoa.com\/ro\/wp-json\/wp\/v2\/types\/product"}],"replies":[{"embeddable":true,"href":"https:\/\/shopatoa.com\/ro\/wp-json\/wp\/v2\/comments?post=486187"}],"wp:featuredmedia":[{"embeddable":true,"href":"https:\/\/shopatoa.com\/ro\/wp-json\/wp\/v2\/media\/496139"}],"wp:attachment":[{"href":"https:\/\/shopatoa.com\/ro\/wp-json\/wp\/v2\/media?parent=486187"}],"wp:term":[{"taxonomy":"product_brand","embeddable":true,"href":"https:\/\/shopatoa.com\/ro\/wp-json\/wp\/v2\/product_brand?post=486187"},{"taxonomy":"product_cat","embeddable":true,"href":"https:\/\/shopatoa.com\/ro\/wp-json\/wp\/v2\/product_cat?post=486187"},{"taxonomy":"product_tag","embeddable":true,"href":"https:\/\/shopatoa.com\/ro\/wp-json\/wp\/v2\/product_tag?post=486187"}],"curies":[{"name":"wp","href":"https:\/\/api.w.org\/{rel}","templated":true}]}}