{"id":486303,"date":"2025-06-30T00:45:30","date_gmt":"2025-06-29T22:45:30","guid":{"rendered":"https:\/\/shopatoa.com\/ro\/beautifly-led-looking-glass-oglinda-cosmetica-1-buc\/"},"modified":"2025-12-13T11:45:15","modified_gmt":"2025-12-13T10:45:15","slug":"beautifly-led-looking-glass-oglinda-cosmetica-1-buc","status":"publish","type":"product","link":"https:\/\/shopatoa.com\/ro\/beautifly-led-looking-glass-oglinda-cosmetica-1-buc\/","title":{"rendered":"Beautifly LED Looking Glass oglinda cosmetica 1 buc"},"content":{"rendered":"<p>Beautifly LED Looking Glass, 1 buc, oglinzi cosmetice pentru femei, Sunte\u021bi adepta unui look perfect, mai ales c\u00e2nd vine vorba de machiaj? Atunci cu siguran\u021b\u0103 v\u0103 va fi util\u0103 oglinda cosmetic\u0103 practic\u0103 Beautifly LED Looking Glass. Aceasta permite s\u0103 vede\u021bi perfect toate zonele fe\u021bei \u00een timpul aplic\u0103rii machiajului sau a altor ajust\u0103ri ale aspectului, contribuind la ob\u021binerea rezultatului dorit. A fi frumoas\u0103, aranjat\u0103 \u0219i perfect preg\u0103tit\u0103 pentru orice ocazie este mai u\u0219or ca niciodat\u0103.  Caracteristici:  ajut\u0103 la controlul fondului de ten form\u0103 practic\u0103 oglinda este echipat\u0103 cu ventuze, pentru fixarea pe oglind\u0103 sau pe sticl\u0103 design de calitate design la mod\u0103  Cum se utilizeaz\u0103: Oglinda se fixeaz\u0103 cu ventuzele pe o suprafa\u021b\u0103 neted\u0103, preferabil pe o oglind\u0103 sau pe sticl\u0103.<\/p>\n","protected":false},"excerpt":{"rendered":"<p>Beautifly LED Looking Glass, 1 buc, oglinzi cosmetice pentru femei, Sunte\u021bi adepta unui look perfect, mai ales c\u00e2nd vine vorba de machiaj? Atunci cu siguran\u021b\u0103 v\u0103 va fi util\u0103 oglinda cosmetic\u0103 practic\u0103 Beautifly LED Looking Glass. Aceasta permite s\u0103 vede\u021bi perfect toate zonele fe\u021bei \u00een timpul aplic\u0103rii machiajului sau a altor ajust\u0103ri ale aspectului, contribuind&#8230;<\/p>\n","protected":false},"featured_media":489162,"comment_status":"closed","ping_status":"open","template":"","meta":{"_acf_changed":false,"_kadence_starter_templates_imported_post":false,"_kad_post_transparent":"","_kad_post_title":"","_kad_post_layout":"","_kad_post_sidebar_id":"","_kad_post_content_style":"","_kad_post_vertical_padding":"","_kad_post_feature":"","_kad_post_feature_position":"","_kad_post_header":false,"_kad_post_footer":false,"_kad_post_classname":""},"product_brand":[2329],"product_cat":[1564,1563,1659,1660,1661,1562],"product_tag":[],"class_list":{"0":"post-486303","1":"product","2":"type-product","3":"status-publish","4":"has-post-thumbnail","6":"product_brand-beautifly","7":"product_cat-cosmetice-ingrijire-personala","8":"product_cat-ingrijire-personala","9":"product_cat-instrumente-cosmetice","10":"product_cat-instrumente-de-machiaj","11":"product_cat-oglinzi-pentru-fata","12":"product_cat-sanatate-si-frumusete","13":"pa_gen-female","14":"pa_marime-1-buc","16":"first","17":"instock","18":"sale","19":"product-type-external","20":"entry","21":"content-bg","22":"loop-entry"},"acf":[],"yoast_head":"<!-- This site is optimized with the Yoast SEO plugin v27.4 - https:\/\/yoast.com\/product\/yoast-seo-wordpress\/ -->\n<title>Beautifly LED Looking Glass oglinda cosmetica 1 buc - SHOPATOA.COM<\/title>\n<meta name=\"robots\" content=\"index, follow, max-snippet:-1, max-image-preview:large, max-video-preview:-1\" \/>\n<link rel=\"canonical\" href=\"https:\/\/shopatoa.com\/ro\/beautifly-led-looking-glass-oglinda-cosmetica-1-buc\/\" \/>\n<meta property=\"og:locale\" content=\"ro_RO\" \/>\n<meta property=\"og:type\" content=\"article\" \/>\n<meta property=\"og:title\" content=\"Beautifly LED Looking Glass oglinda cosmetica 1 buc - SHOPATOA.COM\" \/>\n<meta property=\"og:description\" content=\"Beautifly LED Looking Glass, 1 buc, oglinzi cosmetice pentru femei, Sunte\u021bi adepta unui look perfect, mai ales c\u00e2nd vine vorba de machiaj? Atunci cu siguran\u021b\u0103 v\u0103 va fi util\u0103 oglinda cosmetic\u0103 practic\u0103 Beautifly LED Looking Glass. Aceasta permite s\u0103 vede\u021bi perfect toate zonele fe\u021bei \u00een timpul aplic\u0103rii machiajului sau a altor ajust\u0103ri ale aspectului, contribuind...\" \/>\n<meta property=\"og:url\" content=\"https:\/\/shopatoa.com\/ro\/beautifly-led-looking-glass-oglinda-cosmetica-1-buc\/\" \/>\n<meta property=\"og:site_name\" content=\"SHOPATOA\" \/>\n<meta property=\"article:modified_time\" content=\"2025-12-13T10:45:15+00:00\" \/>\n<meta property=\"og:image\" content=\"https:\/\/storage.googleapis.com\/cz-shopatoa-img\/ro\/6dfacaea-unnamed-file.webp\" \/>\n\t<meta property=\"og:image:width\" content=\"800\" \/>\n\t<meta property=\"og:image:height\" content=\"800\" \/>\n\t<meta property=\"og:image:type\" content=\"image\/webp\" \/>\n<meta name=\"twitter:card\" content=\"summary_large_image\" \/>\n<meta name=\"twitter:label1\" content=\"Timp estimat pentru citire\" \/>\n\t<meta name=\"twitter:data1\" content=\"1 minut\" \/>\n<script type=\"application\/ld+json\" class=\"yoast-schema-graph\">{\"@context\":\"https:\\\/\\\/schema.org\",\"@graph\":[{\"@type\":\"WebPage\",\"@id\":\"https:\\\/\\\/shopatoa.com\\\/ro\\\/beautifly-led-looking-glass-oglinda-cosmetica-1-buc\\\/\",\"url\":\"https:\\\/\\\/shopatoa.com\\\/ro\\\/beautifly-led-looking-glass-oglinda-cosmetica-1-buc\\\/\",\"name\":\"Beautifly LED Looking Glass oglinda cosmetica 1 buc - SHOPATOA.COM\",\"isPartOf\":{\"@id\":\"https:\\\/\\\/shopatoa.com\\\/ro\\\/#website\"},\"primaryImageOfPage\":{\"@id\":\"https:\\\/\\\/shopatoa.com\\\/ro\\\/beautifly-led-looking-glass-oglinda-cosmetica-1-buc\\\/#primaryimage\"},\"image\":{\"@id\":\"https:\\\/\\\/shopatoa.com\\\/ro\\\/beautifly-led-looking-glass-oglinda-cosmetica-1-buc\\\/#primaryimage\"},\"thumbnailUrl\":\"https:\\\/\\\/storage.googleapis.com\\\/cz-shopatoa-img\\\/ro\\\/6dfacaea-unnamed-file.webp\",\"datePublished\":\"2025-06-29T22:45:30+00:00\",\"dateModified\":\"2025-12-13T10:45:15+00:00\",\"breadcrumb\":{\"@id\":\"https:\\\/\\\/shopatoa.com\\\/ro\\\/beautifly-led-looking-glass-oglinda-cosmetica-1-buc\\\/#breadcrumb\"},\"inLanguage\":\"ro-RO\",\"potentialAction\":[{\"@type\":\"ReadAction\",\"target\":[\"https:\\\/\\\/shopatoa.com\\\/ro\\\/beautifly-led-looking-glass-oglinda-cosmetica-1-buc\\\/\"]}]},{\"@type\":\"ImageObject\",\"inLanguage\":\"ro-RO\",\"@id\":\"https:\\\/\\\/shopatoa.com\\\/ro\\\/beautifly-led-looking-glass-oglinda-cosmetica-1-buc\\\/#primaryimage\",\"url\":\"https:\\\/\\\/storage.googleapis.com\\\/cz-shopatoa-img\\\/ro\\\/6dfacaea-unnamed-file.webp\",\"contentUrl\":\"https:\\\/\\\/storage.googleapis.com\\\/cz-shopatoa-img\\\/ro\\\/6dfacaea-unnamed-file.webp\",\"width\":800,\"height\":800},{\"@type\":\"BreadcrumbList\",\"@id\":\"https:\\\/\\\/shopatoa.com\\\/ro\\\/beautifly-led-looking-glass-oglinda-cosmetica-1-buc\\\/#breadcrumb\",\"itemListElement\":[{\"@type\":\"ListItem\",\"position\":1,\"name\":\"Dom\u016f\",\"item\":\"https:\\\/\\\/shopatoa.com\\\/ro\\\/\"},{\"@type\":\"ListItem\",\"position\":2,\"name\":\"Shop\",\"item\":\"https:\\\/\\\/shopatoa.com\\\/ro\\\/shop\\\/\"},{\"@type\":\"ListItem\",\"position\":3,\"name\":\"S\u0103n\u0103tate \u0219i frumuse\u021be\",\"item\":\"https:\\\/\\\/shopatoa.com\\\/ro\\\/sanatate-si-frumusete\\\/\"},{\"@type\":\"ListItem\",\"position\":4,\"name\":\"\u00cengrijire personal\u0103\",\"item\":\"https:\\\/\\\/shopatoa.com\\\/ro\\\/ingrijire-personala\\\/\"},{\"@type\":\"ListItem\",\"position\":5,\"name\":\"Cosmetice\",\"item\":\"https:\\\/\\\/shopatoa.com\\\/ro\\\/cosmetice-ingrijire-personala\\\/\"},{\"@type\":\"ListItem\",\"position\":6,\"name\":\"Instrumente cosmetice\",\"item\":\"https:\\\/\\\/shopatoa.com\\\/ro\\\/instrumente-cosmetice\\\/\"},{\"@type\":\"ListItem\",\"position\":7,\"name\":\"Instrumente de machiaj\",\"item\":\"https:\\\/\\\/shopatoa.com\\\/ro\\\/instrumente-de-machiaj\\\/\"},{\"@type\":\"ListItem\",\"position\":8,\"name\":\"Oglinzi pentru fa\u021b\u0103\",\"item\":\"https:\\\/\\\/shopatoa.com\\\/ro\\\/oglinzi-pentru-fata\\\/\"},{\"@type\":\"ListItem\",\"position\":9,\"name\":\"Beautifly LED Looking Glass oglinda cosmetica 1 buc\"}]},{\"@type\":\"WebSite\",\"@id\":\"https:\\\/\\\/shopatoa.com\\\/ro\\\/#website\",\"url\":\"https:\\\/\\\/shopatoa.com\\\/ro\\\/\",\"name\":\"SHOPATOA\",\"description\":\"\",\"publisher\":{\"@id\":\"https:\\\/\\\/shopatoa.com\\\/ro\\\/#organization\"},\"potentialAction\":[{\"@type\":\"SearchAction\",\"target\":{\"@type\":\"EntryPoint\",\"urlTemplate\":\"https:\\\/\\\/shopatoa.com\\\/ro\\\/?s={search_term_string}\"},\"query-input\":{\"@type\":\"PropertyValueSpecification\",\"valueRequired\":true,\"valueName\":\"search_term_string\"}}],\"inLanguage\":\"ro-RO\"},{\"@type\":\"Organization\",\"@id\":\"https:\\\/\\\/shopatoa.com\\\/ro\\\/#organization\",\"name\":\"SHOPATOA\",\"url\":\"https:\\\/\\\/shopatoa.com\\\/ro\\\/\",\"logo\":{\"@type\":\"ImageObject\",\"inLanguage\":\"ro-RO\",\"@id\":\"https:\\\/\\\/shopatoa.com\\\/ro\\\/#\\\/schema\\\/logo\\\/image\\\/\",\"url\":\"https:\\\/\\\/storage.googleapis.com\\\/cz-shopatoa-img\\\/ro\\\/b4dac915-shopatoa_logo.png\",\"contentUrl\":\"https:\\\/\\\/storage.googleapis.com\\\/cz-shopatoa-img\\\/ro\\\/b4dac915-shopatoa_logo.png\",\"width\":416,\"height\":63,\"caption\":\"SHOPATOA\"},\"image\":{\"@id\":\"https:\\\/\\\/shopatoa.com\\\/ro\\\/#\\\/schema\\\/logo\\\/image\\\/\"}}]}<\/script>\n<!-- \/ Yoast SEO plugin. -->","yoast_head_json":{"title":"Beautifly LED Looking Glass oglinda cosmetica 1 buc - SHOPATOA.COM","robots":{"index":"index","follow":"follow","max-snippet":"max-snippet:-1","max-image-preview":"max-image-preview:large","max-video-preview":"max-video-preview:-1"},"canonical":"https:\/\/shopatoa.com\/ro\/beautifly-led-looking-glass-oglinda-cosmetica-1-buc\/","og_locale":"ro_RO","og_type":"article","og_title":"Beautifly LED Looking Glass oglinda cosmetica 1 buc - SHOPATOA.COM","og_description":"Beautifly LED Looking Glass, 1 buc, oglinzi cosmetice pentru femei, Sunte\u021bi adepta unui look perfect, mai ales c\u00e2nd vine vorba de machiaj? Atunci cu siguran\u021b\u0103 v\u0103 va fi util\u0103 oglinda cosmetic\u0103 practic\u0103 Beautifly LED Looking Glass. Aceasta permite s\u0103 vede\u021bi perfect toate zonele fe\u021bei \u00een timpul aplic\u0103rii machiajului sau a altor ajust\u0103ri ale aspectului, contribuind...","og_url":"https:\/\/shopatoa.com\/ro\/beautifly-led-looking-glass-oglinda-cosmetica-1-buc\/","og_site_name":"SHOPATOA","article_modified_time":"2025-12-13T10:45:15+00:00","og_image":[{"width":800,"height":800,"url":"https:\/\/storage.googleapis.com\/cz-shopatoa-img\/ro\/6dfacaea-unnamed-file.webp","type":"image\/webp"}],"twitter_card":"summary_large_image","twitter_misc":{"Timp estimat pentru citire":"1 minut"},"schema":{"@context":"https:\/\/schema.org","@graph":[{"@type":"WebPage","@id":"https:\/\/shopatoa.com\/ro\/beautifly-led-looking-glass-oglinda-cosmetica-1-buc\/","url":"https:\/\/shopatoa.com\/ro\/beautifly-led-looking-glass-oglinda-cosmetica-1-buc\/","name":"Beautifly LED Looking Glass oglinda cosmetica 1 buc - SHOPATOA.COM","isPartOf":{"@id":"https:\/\/shopatoa.com\/ro\/#website"},"primaryImageOfPage":{"@id":"https:\/\/shopatoa.com\/ro\/beautifly-led-looking-glass-oglinda-cosmetica-1-buc\/#primaryimage"},"image":{"@id":"https:\/\/shopatoa.com\/ro\/beautifly-led-looking-glass-oglinda-cosmetica-1-buc\/#primaryimage"},"thumbnailUrl":"https:\/\/storage.googleapis.com\/cz-shopatoa-img\/ro\/6dfacaea-unnamed-file.webp","datePublished":"2025-06-29T22:45:30+00:00","dateModified":"2025-12-13T10:45:15+00:00","breadcrumb":{"@id":"https:\/\/shopatoa.com\/ro\/beautifly-led-looking-glass-oglinda-cosmetica-1-buc\/#breadcrumb"},"inLanguage":"ro-RO","potentialAction":[{"@type":"ReadAction","target":["https:\/\/shopatoa.com\/ro\/beautifly-led-looking-glass-oglinda-cosmetica-1-buc\/"]}]},{"@type":"ImageObject","inLanguage":"ro-RO","@id":"https:\/\/shopatoa.com\/ro\/beautifly-led-looking-glass-oglinda-cosmetica-1-buc\/#primaryimage","url":"https:\/\/storage.googleapis.com\/cz-shopatoa-img\/ro\/6dfacaea-unnamed-file.webp","contentUrl":"https:\/\/storage.googleapis.com\/cz-shopatoa-img\/ro\/6dfacaea-unnamed-file.webp","width":800,"height":800},{"@type":"BreadcrumbList","@id":"https:\/\/shopatoa.com\/ro\/beautifly-led-looking-glass-oglinda-cosmetica-1-buc\/#breadcrumb","itemListElement":[{"@type":"ListItem","position":1,"name":"Dom\u016f","item":"https:\/\/shopatoa.com\/ro\/"},{"@type":"ListItem","position":2,"name":"Shop","item":"https:\/\/shopatoa.com\/ro\/shop\/"},{"@type":"ListItem","position":3,"name":"S\u0103n\u0103tate \u0219i frumuse\u021be","item":"https:\/\/shopatoa.com\/ro\/sanatate-si-frumusete\/"},{"@type":"ListItem","position":4,"name":"\u00cengrijire personal\u0103","item":"https:\/\/shopatoa.com\/ro\/ingrijire-personala\/"},{"@type":"ListItem","position":5,"name":"Cosmetice","item":"https:\/\/shopatoa.com\/ro\/cosmetice-ingrijire-personala\/"},{"@type":"ListItem","position":6,"name":"Instrumente cosmetice","item":"https:\/\/shopatoa.com\/ro\/instrumente-cosmetice\/"},{"@type":"ListItem","position":7,"name":"Instrumente de machiaj","item":"https:\/\/shopatoa.com\/ro\/instrumente-de-machiaj\/"},{"@type":"ListItem","position":8,"name":"Oglinzi pentru fa\u021b\u0103","item":"https:\/\/shopatoa.com\/ro\/oglinzi-pentru-fata\/"},{"@type":"ListItem","position":9,"name":"Beautifly LED Looking Glass oglinda cosmetica 1 buc"}]},{"@type":"WebSite","@id":"https:\/\/shopatoa.com\/ro\/#website","url":"https:\/\/shopatoa.com\/ro\/","name":"SHOPATOA","description":"","publisher":{"@id":"https:\/\/shopatoa.com\/ro\/#organization"},"potentialAction":[{"@type":"SearchAction","target":{"@type":"EntryPoint","urlTemplate":"https:\/\/shopatoa.com\/ro\/?s={search_term_string}"},"query-input":{"@type":"PropertyValueSpecification","valueRequired":true,"valueName":"search_term_string"}}],"inLanguage":"ro-RO"},{"@type":"Organization","@id":"https:\/\/shopatoa.com\/ro\/#organization","name":"SHOPATOA","url":"https:\/\/shopatoa.com\/ro\/","logo":{"@type":"ImageObject","inLanguage":"ro-RO","@id":"https:\/\/shopatoa.com\/ro\/#\/schema\/logo\/image\/","url":"https:\/\/storage.googleapis.com\/cz-shopatoa-img\/ro\/b4dac915-shopatoa_logo.png","contentUrl":"https:\/\/storage.googleapis.com\/cz-shopatoa-img\/ro\/b4dac915-shopatoa_logo.png","width":416,"height":63,"caption":"SHOPATOA"},"image":{"@id":"https:\/\/shopatoa.com\/ro\/#\/schema\/logo\/image\/"}}]}},"_links":{"self":[{"href":"https:\/\/shopatoa.com\/ro\/wp-json\/wp\/v2\/product\/486303","targetHints":{"allow":["GET"]}}],"collection":[{"href":"https:\/\/shopatoa.com\/ro\/wp-json\/wp\/v2\/product"}],"about":[{"href":"https:\/\/shopatoa.com\/ro\/wp-json\/wp\/v2\/types\/product"}],"replies":[{"embeddable":true,"href":"https:\/\/shopatoa.com\/ro\/wp-json\/wp\/v2\/comments?post=486303"}],"wp:featuredmedia":[{"embeddable":true,"href":"https:\/\/shopatoa.com\/ro\/wp-json\/wp\/v2\/media\/489162"}],"wp:attachment":[{"href":"https:\/\/shopatoa.com\/ro\/wp-json\/wp\/v2\/media?parent=486303"}],"wp:term":[{"taxonomy":"product_brand","embeddable":true,"href":"https:\/\/shopatoa.com\/ro\/wp-json\/wp\/v2\/product_brand?post=486303"},{"taxonomy":"product_cat","embeddable":true,"href":"https:\/\/shopatoa.com\/ro\/wp-json\/wp\/v2\/product_cat?post=486303"},{"taxonomy":"product_tag","embeddable":true,"href":"https:\/\/shopatoa.com\/ro\/wp-json\/wp\/v2\/product_tag?post=486303"}],"curies":[{"name":"wp","href":"https:\/\/api.w.org\/{rel}","templated":true}]}}