{"id":486432,"date":"2025-06-30T01:05:26","date_gmt":"2025-06-29T23:05:26","guid":{"rendered":"https:\/\/shopatoa.com\/ro\/anastasia-beverly-hills-cosmos-eye-shadow-palette-paleta-cu-farduri-de-ochi-12x135-g\/"},"modified":"2025-12-13T10:26:33","modified_gmt":"2025-12-13T09:26:33","slug":"anastasia-beverly-hills-cosmos-eye-shadow-palette-paleta-cu-farduri-de-ochi-12x135-g","status":"publish","type":"product","link":"https:\/\/shopatoa.com\/ro\/anastasia-beverly-hills-cosmos-eye-shadow-palette-paleta-cu-farduri-de-ochi-12x135-g\/","title":{"rendered":"Anastasia Beverly Hills Cosmos Eye Shadow Palette palet\u0103 cu farduri de ochi 12&#215;1,35 g"},"content":{"rendered":"<p>Anastasia Beverly Hills Cosmos Eye Shadow Palette, 12&#215;1,35 g, OchiPalete de farduri pentru ochi pentru femei, Dori\u021bi s\u0103 v\u0103 eviden\u021bia\u021bi privirea, s\u0103 v\u0103 contura\u021bi ochii prin umbrire \u0219i s\u0103 le sublinia\u021bi tr\u0103s\u0103turile cu o linie colorat\u0103? Fardul de ochi \u00een creion Anastasia Beverly HillsCosmosEye Shadow Palette permite toate acestea. Confer\u0103 machiajului o nou\u0103 dimensiune, datorit\u0103 formatului s\u0103u compact, nu ocup\u0103 mult spa\u021biu, astfel \u00eenc\u00e2t \u00eel pute\u021bi avea \u00eentotdeauna la \u00eendem\u00e2n\u0103, fie singur \u00een po\u0219et\u0103, fie drept completare pentru paleta dvs. preferat\u0103. Ve\u021bi aprecia textura cremoas\u0103, rezisten\u021ba sporit\u0103, aplicarea rapid\u0103 \u0219i u\u0219oar\u0103 \u0219i designul practic al creionului pe care \u00eel pute\u021bi lua cu dvs. peste tot, pentru a crea machiajul perfect literalmente oriunde \u0219i oric\u00e2nd. Doar trasa\u021bi o dat\u0103.  Caracteristici:  pigmentare intens\u0103 pentru fondul de ten de zi \u0219i de sear\u0103 efect sclipitor \u0219i mat pentru rezisten\u021b\u0103 de lung\u0103 durat\u0103 nuan\u021bele sunt u\u0219or de combinat nu se adun\u0103 \u00een pliurile pleoapelor u\u0219or de aplicat  Ingrediente:  produs vegan pigmen\u021bi de culoare &#8211; creeaz\u0103 umbre, \u00een culori saturate \u0219i rezistente  Cum se utilizeaz\u0103: Se aplic\u0103 umbrele pe pleoape cu peria, cu buretele de fond de ten sau cu buricele degetelor.<\/p>\n","protected":false},"excerpt":{"rendered":"<p>Anastasia Beverly Hills Cosmos Eye Shadow Palette, 12&#215;1,35 g, OchiPalete de farduri pentru ochi pentru femei, Dori\u021bi s\u0103 v\u0103 eviden\u021bia\u021bi privirea, s\u0103 v\u0103 contura\u021bi ochii prin umbrire \u0219i s\u0103 le sublinia\u021bi tr\u0103s\u0103turile cu o linie colorat\u0103? Fardul de ochi \u00een creion Anastasia Beverly HillsCosmosEye Shadow Palette permite toate acestea. Confer\u0103 machiajului o nou\u0103 dimensiune, datorit\u0103&#8230;<\/p>\n","protected":false},"featured_media":489284,"comment_status":"closed","ping_status":"open","template":"","meta":{"_acf_changed":false,"_kadence_starter_templates_imported_post":false,"_kad_post_transparent":"","_kad_post_title":"","_kad_post_layout":"","_kad_post_sidebar_id":"","_kad_post_content_style":"","_kad_post_vertical_padding":"","_kad_post_feature":"","_kad_post_feature_position":"","_kad_post_header":false,"_kad_post_footer":false,"_kad_post_classname":""},"product_brand":[80],"product_cat":[1564,1600,1563,1576,1599,1562],"product_tag":[],"class_list":{"0":"post-486432","1":"product","2":"type-product","3":"status-publish","4":"has-post-thumbnail","6":"product_brand-anastasia-beverly-hills","7":"product_cat-cosmetice-ingrijire-personala","8":"product_cat-fard-de-pleoape","9":"product_cat-ingrijire-personala","10":"product_cat-machiaj","11":"product_cat-machiaj-pentru-ochi-machiaj","12":"product_cat-sanatate-si-frumusete","13":"pa_gen-female","14":"pa_marime-12x135-g","16":"first","17":"instock","18":"sale","19":"product-type-external","20":"entry","21":"content-bg","22":"loop-entry"},"acf":[],"yoast_head":"<!-- This site is optimized with the Yoast SEO plugin v27.3 - https:\/\/yoast.com\/product\/yoast-seo-wordpress\/ -->\n<title>Anastasia Beverly Hills Cosmos Eye Shadow Palette palet\u0103 cu farduri de ochi 12x1,35 g - SHOPATOA.COM<\/title>\n<meta name=\"robots\" content=\"index, follow, max-snippet:-1, max-image-preview:large, max-video-preview:-1\" \/>\n<link rel=\"canonical\" href=\"https:\/\/shopatoa.com\/ro\/anastasia-beverly-hills-cosmos-eye-shadow-palette-paleta-cu-farduri-de-ochi-12x135-g\/\" \/>\n<meta property=\"og:locale\" content=\"ro_RO\" \/>\n<meta property=\"og:type\" content=\"article\" \/>\n<meta property=\"og:title\" content=\"Anastasia Beverly Hills Cosmos Eye Shadow Palette palet\u0103 cu farduri de ochi 12x1,35 g - SHOPATOA.COM\" \/>\n<meta property=\"og:description\" content=\"Anastasia Beverly Hills Cosmos Eye Shadow Palette, 12&#215;1,35 g, OchiPalete de farduri pentru ochi pentru femei, Dori\u021bi s\u0103 v\u0103 eviden\u021bia\u021bi privirea, s\u0103 v\u0103 contura\u021bi ochii prin umbrire \u0219i s\u0103 le sublinia\u021bi tr\u0103s\u0103turile cu o linie colorat\u0103? Fardul de ochi \u00een creion Anastasia Beverly HillsCosmosEye Shadow Palette permite toate acestea. Confer\u0103 machiajului o nou\u0103 dimensiune, datorit\u0103...\" \/>\n<meta property=\"og:url\" content=\"https:\/\/shopatoa.com\/ro\/anastasia-beverly-hills-cosmos-eye-shadow-palette-paleta-cu-farduri-de-ochi-12x135-g\/\" \/>\n<meta property=\"og:site_name\" content=\"SHOPATOA\" \/>\n<meta property=\"article:modified_time\" content=\"2025-12-13T09:26:33+00:00\" \/>\n<meta property=\"og:image\" content=\"https:\/\/storage.googleapis.com\/cz-shopatoa-img\/ro\/28fa059b-unnamed-file.webp\" \/>\n\t<meta property=\"og:image:width\" content=\"800\" \/>\n\t<meta property=\"og:image:height\" content=\"800\" \/>\n\t<meta property=\"og:image:type\" content=\"image\/webp\" \/>\n<meta name=\"twitter:card\" content=\"summary_large_image\" \/>\n<meta name=\"twitter:label1\" content=\"Timp estimat pentru citire\" \/>\n\t<meta name=\"twitter:data1\" content=\"1 minut\" \/>\n<script type=\"application\/ld+json\" class=\"yoast-schema-graph\">{\"@context\":\"https:\\\/\\\/schema.org\",\"@graph\":[{\"@type\":\"WebPage\",\"@id\":\"https:\\\/\\\/shopatoa.com\\\/ro\\\/anastasia-beverly-hills-cosmos-eye-shadow-palette-paleta-cu-farduri-de-ochi-12x135-g\\\/\",\"url\":\"https:\\\/\\\/shopatoa.com\\\/ro\\\/anastasia-beverly-hills-cosmos-eye-shadow-palette-paleta-cu-farduri-de-ochi-12x135-g\\\/\",\"name\":\"Anastasia Beverly Hills Cosmos Eye Shadow Palette palet\u0103 cu farduri de ochi 12x1,35 g - SHOPATOA.COM\",\"isPartOf\":{\"@id\":\"https:\\\/\\\/shopatoa.com\\\/ro\\\/#website\"},\"primaryImageOfPage\":{\"@id\":\"https:\\\/\\\/shopatoa.com\\\/ro\\\/anastasia-beverly-hills-cosmos-eye-shadow-palette-paleta-cu-farduri-de-ochi-12x135-g\\\/#primaryimage\"},\"image\":{\"@id\":\"https:\\\/\\\/shopatoa.com\\\/ro\\\/anastasia-beverly-hills-cosmos-eye-shadow-palette-paleta-cu-farduri-de-ochi-12x135-g\\\/#primaryimage\"},\"thumbnailUrl\":\"https:\\\/\\\/storage.googleapis.com\\\/cz-shopatoa-img\\\/ro\\\/28fa059b-unnamed-file.webp\",\"datePublished\":\"2025-06-29T23:05:26+00:00\",\"dateModified\":\"2025-12-13T09:26:33+00:00\",\"breadcrumb\":{\"@id\":\"https:\\\/\\\/shopatoa.com\\\/ro\\\/anastasia-beverly-hills-cosmos-eye-shadow-palette-paleta-cu-farduri-de-ochi-12x135-g\\\/#breadcrumb\"},\"inLanguage\":\"ro-RO\",\"potentialAction\":[{\"@type\":\"ReadAction\",\"target\":[\"https:\\\/\\\/shopatoa.com\\\/ro\\\/anastasia-beverly-hills-cosmos-eye-shadow-palette-paleta-cu-farduri-de-ochi-12x135-g\\\/\"]}]},{\"@type\":\"ImageObject\",\"inLanguage\":\"ro-RO\",\"@id\":\"https:\\\/\\\/shopatoa.com\\\/ro\\\/anastasia-beverly-hills-cosmos-eye-shadow-palette-paleta-cu-farduri-de-ochi-12x135-g\\\/#primaryimage\",\"url\":\"https:\\\/\\\/storage.googleapis.com\\\/cz-shopatoa-img\\\/ro\\\/28fa059b-unnamed-file.webp\",\"contentUrl\":\"https:\\\/\\\/storage.googleapis.com\\\/cz-shopatoa-img\\\/ro\\\/28fa059b-unnamed-file.webp\",\"width\":800,\"height\":800},{\"@type\":\"BreadcrumbList\",\"@id\":\"https:\\\/\\\/shopatoa.com\\\/ro\\\/anastasia-beverly-hills-cosmos-eye-shadow-palette-paleta-cu-farduri-de-ochi-12x135-g\\\/#breadcrumb\",\"itemListElement\":[{\"@type\":\"ListItem\",\"position\":1,\"name\":\"Dom\u016f\",\"item\":\"https:\\\/\\\/shopatoa.com\\\/ro\\\/\"},{\"@type\":\"ListItem\",\"position\":2,\"name\":\"Shop\",\"item\":\"https:\\\/\\\/shopatoa.com\\\/ro\\\/shop\\\/\"},{\"@type\":\"ListItem\",\"position\":3,\"name\":\"S\u0103n\u0103tate \u0219i frumuse\u021be\",\"item\":\"https:\\\/\\\/shopatoa.com\\\/ro\\\/sanatate-si-frumusete\\\/\"},{\"@type\":\"ListItem\",\"position\":4,\"name\":\"\u00cengrijire personal\u0103\",\"item\":\"https:\\\/\\\/shopatoa.com\\\/ro\\\/ingrijire-personala\\\/\"},{\"@type\":\"ListItem\",\"position\":5,\"name\":\"Cosmetice\",\"item\":\"https:\\\/\\\/shopatoa.com\\\/ro\\\/cosmetice-ingrijire-personala\\\/\"},{\"@type\":\"ListItem\",\"position\":6,\"name\":\"Machiaj\",\"item\":\"https:\\\/\\\/shopatoa.com\\\/ro\\\/machiaj\\\/\"},{\"@type\":\"ListItem\",\"position\":7,\"name\":\"Machiaj pentru ochi\",\"item\":\"https:\\\/\\\/shopatoa.com\\\/ro\\\/machiaj-pentru-ochi-machiaj\\\/\"},{\"@type\":\"ListItem\",\"position\":8,\"name\":\"Fard de pleoape\",\"item\":\"https:\\\/\\\/shopatoa.com\\\/ro\\\/fard-de-pleoape\\\/\"},{\"@type\":\"ListItem\",\"position\":9,\"name\":\"Anastasia Beverly Hills Cosmos Eye Shadow Palette palet\u0103 cu farduri de ochi 12&#215;1,35 g\"}]},{\"@type\":\"WebSite\",\"@id\":\"https:\\\/\\\/shopatoa.com\\\/ro\\\/#website\",\"url\":\"https:\\\/\\\/shopatoa.com\\\/ro\\\/\",\"name\":\"SHOPATOA\",\"description\":\"\",\"publisher\":{\"@id\":\"https:\\\/\\\/shopatoa.com\\\/ro\\\/#organization\"},\"potentialAction\":[{\"@type\":\"SearchAction\",\"target\":{\"@type\":\"EntryPoint\",\"urlTemplate\":\"https:\\\/\\\/shopatoa.com\\\/ro\\\/?s={search_term_string}\"},\"query-input\":{\"@type\":\"PropertyValueSpecification\",\"valueRequired\":true,\"valueName\":\"search_term_string\"}}],\"inLanguage\":\"ro-RO\"},{\"@type\":\"Organization\",\"@id\":\"https:\\\/\\\/shopatoa.com\\\/ro\\\/#organization\",\"name\":\"SHOPATOA\",\"url\":\"https:\\\/\\\/shopatoa.com\\\/ro\\\/\",\"logo\":{\"@type\":\"ImageObject\",\"inLanguage\":\"ro-RO\",\"@id\":\"https:\\\/\\\/shopatoa.com\\\/ro\\\/#\\\/schema\\\/logo\\\/image\\\/\",\"url\":\"https:\\\/\\\/storage.googleapis.com\\\/cz-shopatoa-img\\\/ro\\\/b4dac915-shopatoa_logo.png\",\"contentUrl\":\"https:\\\/\\\/storage.googleapis.com\\\/cz-shopatoa-img\\\/ro\\\/b4dac915-shopatoa_logo.png\",\"width\":416,\"height\":63,\"caption\":\"SHOPATOA\"},\"image\":{\"@id\":\"https:\\\/\\\/shopatoa.com\\\/ro\\\/#\\\/schema\\\/logo\\\/image\\\/\"}}]}<\/script>\n<!-- \/ Yoast SEO plugin. -->","yoast_head_json":{"title":"Anastasia Beverly Hills Cosmos Eye Shadow Palette palet\u0103 cu farduri de ochi 12x1,35 g - SHOPATOA.COM","robots":{"index":"index","follow":"follow","max-snippet":"max-snippet:-1","max-image-preview":"max-image-preview:large","max-video-preview":"max-video-preview:-1"},"canonical":"https:\/\/shopatoa.com\/ro\/anastasia-beverly-hills-cosmos-eye-shadow-palette-paleta-cu-farduri-de-ochi-12x135-g\/","og_locale":"ro_RO","og_type":"article","og_title":"Anastasia Beverly Hills Cosmos Eye Shadow Palette palet\u0103 cu farduri de ochi 12x1,35 g - SHOPATOA.COM","og_description":"Anastasia Beverly Hills Cosmos Eye Shadow Palette, 12&#215;1,35 g, OchiPalete de farduri pentru ochi pentru femei, Dori\u021bi s\u0103 v\u0103 eviden\u021bia\u021bi privirea, s\u0103 v\u0103 contura\u021bi ochii prin umbrire \u0219i s\u0103 le sublinia\u021bi tr\u0103s\u0103turile cu o linie colorat\u0103? Fardul de ochi \u00een creion Anastasia Beverly HillsCosmosEye Shadow Palette permite toate acestea. Confer\u0103 machiajului o nou\u0103 dimensiune, datorit\u0103...","og_url":"https:\/\/shopatoa.com\/ro\/anastasia-beverly-hills-cosmos-eye-shadow-palette-paleta-cu-farduri-de-ochi-12x135-g\/","og_site_name":"SHOPATOA","article_modified_time":"2025-12-13T09:26:33+00:00","og_image":[{"width":800,"height":800,"url":"https:\/\/storage.googleapis.com\/cz-shopatoa-img\/ro\/28fa059b-unnamed-file.webp","type":"image\/webp"}],"twitter_card":"summary_large_image","twitter_misc":{"Timp estimat pentru citire":"1 minut"},"schema":{"@context":"https:\/\/schema.org","@graph":[{"@type":"WebPage","@id":"https:\/\/shopatoa.com\/ro\/anastasia-beverly-hills-cosmos-eye-shadow-palette-paleta-cu-farduri-de-ochi-12x135-g\/","url":"https:\/\/shopatoa.com\/ro\/anastasia-beverly-hills-cosmos-eye-shadow-palette-paleta-cu-farduri-de-ochi-12x135-g\/","name":"Anastasia Beverly Hills Cosmos Eye Shadow Palette palet\u0103 cu farduri de ochi 12x1,35 g - SHOPATOA.COM","isPartOf":{"@id":"https:\/\/shopatoa.com\/ro\/#website"},"primaryImageOfPage":{"@id":"https:\/\/shopatoa.com\/ro\/anastasia-beverly-hills-cosmos-eye-shadow-palette-paleta-cu-farduri-de-ochi-12x135-g\/#primaryimage"},"image":{"@id":"https:\/\/shopatoa.com\/ro\/anastasia-beverly-hills-cosmos-eye-shadow-palette-paleta-cu-farduri-de-ochi-12x135-g\/#primaryimage"},"thumbnailUrl":"https:\/\/storage.googleapis.com\/cz-shopatoa-img\/ro\/28fa059b-unnamed-file.webp","datePublished":"2025-06-29T23:05:26+00:00","dateModified":"2025-12-13T09:26:33+00:00","breadcrumb":{"@id":"https:\/\/shopatoa.com\/ro\/anastasia-beverly-hills-cosmos-eye-shadow-palette-paleta-cu-farduri-de-ochi-12x135-g\/#breadcrumb"},"inLanguage":"ro-RO","potentialAction":[{"@type":"ReadAction","target":["https:\/\/shopatoa.com\/ro\/anastasia-beverly-hills-cosmos-eye-shadow-palette-paleta-cu-farduri-de-ochi-12x135-g\/"]}]},{"@type":"ImageObject","inLanguage":"ro-RO","@id":"https:\/\/shopatoa.com\/ro\/anastasia-beverly-hills-cosmos-eye-shadow-palette-paleta-cu-farduri-de-ochi-12x135-g\/#primaryimage","url":"https:\/\/storage.googleapis.com\/cz-shopatoa-img\/ro\/28fa059b-unnamed-file.webp","contentUrl":"https:\/\/storage.googleapis.com\/cz-shopatoa-img\/ro\/28fa059b-unnamed-file.webp","width":800,"height":800},{"@type":"BreadcrumbList","@id":"https:\/\/shopatoa.com\/ro\/anastasia-beverly-hills-cosmos-eye-shadow-palette-paleta-cu-farduri-de-ochi-12x135-g\/#breadcrumb","itemListElement":[{"@type":"ListItem","position":1,"name":"Dom\u016f","item":"https:\/\/shopatoa.com\/ro\/"},{"@type":"ListItem","position":2,"name":"Shop","item":"https:\/\/shopatoa.com\/ro\/shop\/"},{"@type":"ListItem","position":3,"name":"S\u0103n\u0103tate \u0219i frumuse\u021be","item":"https:\/\/shopatoa.com\/ro\/sanatate-si-frumusete\/"},{"@type":"ListItem","position":4,"name":"\u00cengrijire personal\u0103","item":"https:\/\/shopatoa.com\/ro\/ingrijire-personala\/"},{"@type":"ListItem","position":5,"name":"Cosmetice","item":"https:\/\/shopatoa.com\/ro\/cosmetice-ingrijire-personala\/"},{"@type":"ListItem","position":6,"name":"Machiaj","item":"https:\/\/shopatoa.com\/ro\/machiaj\/"},{"@type":"ListItem","position":7,"name":"Machiaj pentru ochi","item":"https:\/\/shopatoa.com\/ro\/machiaj-pentru-ochi-machiaj\/"},{"@type":"ListItem","position":8,"name":"Fard de pleoape","item":"https:\/\/shopatoa.com\/ro\/fard-de-pleoape\/"},{"@type":"ListItem","position":9,"name":"Anastasia Beverly Hills Cosmos Eye Shadow Palette palet\u0103 cu farduri de ochi 12&#215;1,35 g"}]},{"@type":"WebSite","@id":"https:\/\/shopatoa.com\/ro\/#website","url":"https:\/\/shopatoa.com\/ro\/","name":"SHOPATOA","description":"","publisher":{"@id":"https:\/\/shopatoa.com\/ro\/#organization"},"potentialAction":[{"@type":"SearchAction","target":{"@type":"EntryPoint","urlTemplate":"https:\/\/shopatoa.com\/ro\/?s={search_term_string}"},"query-input":{"@type":"PropertyValueSpecification","valueRequired":true,"valueName":"search_term_string"}}],"inLanguage":"ro-RO"},{"@type":"Organization","@id":"https:\/\/shopatoa.com\/ro\/#organization","name":"SHOPATOA","url":"https:\/\/shopatoa.com\/ro\/","logo":{"@type":"ImageObject","inLanguage":"ro-RO","@id":"https:\/\/shopatoa.com\/ro\/#\/schema\/logo\/image\/","url":"https:\/\/storage.googleapis.com\/cz-shopatoa-img\/ro\/b4dac915-shopatoa_logo.png","contentUrl":"https:\/\/storage.googleapis.com\/cz-shopatoa-img\/ro\/b4dac915-shopatoa_logo.png","width":416,"height":63,"caption":"SHOPATOA"},"image":{"@id":"https:\/\/shopatoa.com\/ro\/#\/schema\/logo\/image\/"}}]}},"_links":{"self":[{"href":"https:\/\/shopatoa.com\/ro\/wp-json\/wp\/v2\/product\/486432","targetHints":{"allow":["GET"]}}],"collection":[{"href":"https:\/\/shopatoa.com\/ro\/wp-json\/wp\/v2\/product"}],"about":[{"href":"https:\/\/shopatoa.com\/ro\/wp-json\/wp\/v2\/types\/product"}],"replies":[{"embeddable":true,"href":"https:\/\/shopatoa.com\/ro\/wp-json\/wp\/v2\/comments?post=486432"}],"wp:featuredmedia":[{"embeddable":true,"href":"https:\/\/shopatoa.com\/ro\/wp-json\/wp\/v2\/media\/489284"}],"wp:attachment":[{"href":"https:\/\/shopatoa.com\/ro\/wp-json\/wp\/v2\/media?parent=486432"}],"wp:term":[{"taxonomy":"product_brand","embeddable":true,"href":"https:\/\/shopatoa.com\/ro\/wp-json\/wp\/v2\/product_brand?post=486432"},{"taxonomy":"product_cat","embeddable":true,"href":"https:\/\/shopatoa.com\/ro\/wp-json\/wp\/v2\/product_cat?post=486432"},{"taxonomy":"product_tag","embeddable":true,"href":"https:\/\/shopatoa.com\/ro\/wp-json\/wp\/v2\/product_tag?post=486432"}],"curies":[{"name":"wp","href":"https:\/\/api.w.org\/{rel}","templated":true}]}}