{"id":486516,"date":"2025-06-30T01:19:12","date_gmt":"2025-06-29T23:19:12","guid":{"rendered":"https:\/\/shopatoa.com\/ro\/max-factor-colour-elixir-creion-contur-pentru-buze-culoare-60-red-ruby-5-g\/"},"modified":"2025-12-13T09:46:10","modified_gmt":"2025-12-13T08:46:10","slug":"max-factor-colour-elixir-creion-contur-pentru-buze-culoare-60-red-ruby-5-g","status":"publish","type":"product","link":"https:\/\/shopatoa.com\/ro\/max-factor-colour-elixir-creion-contur-pentru-buze-culoare-60-red-ruby-5-g\/","title":{"rendered":"Max Factor Colour Elixir creion contur pentru buze culoare 60 Red Ruby 5 g"},"content":{"rendered":"<p>Max Factor Colour Elixir, 5 g, Buze pentru femei, Creionul de buze Max FactorColour Elixir va conferi buzelor dvs. un aspect absolut perfect. V\u0103 permite s\u0103 contura\u021bi buzele cu o linie ideal\u0103 de culoare bogat\u0103, cu acoperire complet\u0103, care rezist\u0103 intact\u0103 ore \u00een \u0219ir. Rezist\u0103 la transfer, estompare \u0219i murd\u0103rire, prelungind \u00een plus persisten\u021ba rujului \u0219i prevenind transferul nedorit \u0219i scurgerea \u00een afara conturului buzelor. \u00cen acela\u0219i timp, ofer\u0103 buzelor o form\u0103 perfect\u0103, clar definit\u0103 \u0219i un aspect mai plin. Conturarea perfect\u0103 a buzelor \u0219i accentuarea frumuse\u021bii lor naturale nu a fost niciodat\u0103 mai u\u0219oar\u0103.  Caracteristici:  este de mare ajutor la modelarea buzelor hidrateaz\u0103 buzele pentru rezisten\u021b\u0103 de lung\u0103 durat\u0103 previne migrarea rujului \u00een afara conturului buzelor  Cum se utilizeaz\u0103: Se contureaz\u0103 buzele cu creionul, apoi se aplic\u0103 rujul sau luciul de buze.<\/p>\n","protected":false},"excerpt":{"rendered":"<p>Max Factor Colour Elixir, 5 g, Buze pentru femei, Creionul de buze Max FactorColour Elixir va conferi buzelor dvs. un aspect absolut perfect. V\u0103 permite s\u0103 contura\u021bi buzele cu o linie ideal\u0103 de culoare bogat\u0103, cu acoperire complet\u0103, care rezist\u0103 intact\u0103 ore \u00een \u0219ir. Rezist\u0103 la transfer, estompare \u0219i murd\u0103rire, prelungind \u00een plus persisten\u021ba rujului&#8230;<\/p>\n","protected":false},"featured_media":489367,"comment_status":"closed","ping_status":"open","template":"","meta":{"_acf_changed":false,"_kadence_starter_templates_imported_post":false,"_kad_post_transparent":"","_kad_post_title":"","_kad_post_layout":"","_kad_post_sidebar_id":"","_kad_post_content_style":"","_kad_post_vertical_padding":"","_kad_post_feature":"","_kad_post_feature_position":"","_kad_post_header":false,"_kad_post_footer":false,"_kad_post_classname":""},"product_brand":[202],"product_cat":[1564,1563,1576,1610,1851,1562],"product_tag":[],"class_list":{"0":"post-486516","1":"product","2":"type-product","3":"status-publish","4":"has-post-thumbnail","6":"product_brand-max-factor","7":"product_cat-cosmetice-ingrijire-personala","8":"product_cat-ingrijire-personala","9":"product_cat-machiaj","10":"product_cat-machiaj-buze","11":"product_cat-primer-buze","12":"product_cat-sanatate-si-frumusete","13":"pa_gen-female","14":"pa_marime-5-g","16":"first","17":"instock","18":"sale","19":"product-type-external","20":"entry","21":"content-bg","22":"loop-entry"},"acf":[],"yoast_head":"<!-- This site is optimized with the Yoast SEO plugin v27.3 - https:\/\/yoast.com\/product\/yoast-seo-wordpress\/ -->\n<title>Max Factor Colour Elixir creion contur pentru buze culoare 60 Red Ruby 5 g - SHOPATOA.COM<\/title>\n<meta name=\"robots\" content=\"index, follow, max-snippet:-1, max-image-preview:large, max-video-preview:-1\" \/>\n<link rel=\"canonical\" href=\"https:\/\/shopatoa.com\/ro\/max-factor-colour-elixir-creion-contur-pentru-buze-culoare-60-red-ruby-5-g\/\" \/>\n<meta property=\"og:locale\" content=\"ro_RO\" \/>\n<meta property=\"og:type\" content=\"article\" \/>\n<meta property=\"og:title\" content=\"Max Factor Colour Elixir creion contur pentru buze culoare 60 Red Ruby 5 g - SHOPATOA.COM\" \/>\n<meta property=\"og:description\" content=\"Max Factor Colour Elixir, 5 g, Buze pentru femei, Creionul de buze Max FactorColour Elixir va conferi buzelor dvs. un aspect absolut perfect. V\u0103 permite s\u0103 contura\u021bi buzele cu o linie ideal\u0103 de culoare bogat\u0103, cu acoperire complet\u0103, care rezist\u0103 intact\u0103 ore \u00een \u0219ir. Rezist\u0103 la transfer, estompare \u0219i murd\u0103rire, prelungind \u00een plus persisten\u021ba rujului...\" \/>\n<meta property=\"og:url\" content=\"https:\/\/shopatoa.com\/ro\/max-factor-colour-elixir-creion-contur-pentru-buze-culoare-60-red-ruby-5-g\/\" \/>\n<meta property=\"og:site_name\" content=\"SHOPATOA\" \/>\n<meta property=\"article:modified_time\" content=\"2025-12-13T08:46:10+00:00\" \/>\n<meta property=\"og:image\" content=\"https:\/\/storage.googleapis.com\/cz-shopatoa-img\/ro\/a72c889e-unnamed-file.webp\" \/>\n\t<meta property=\"og:image:width\" content=\"800\" \/>\n\t<meta property=\"og:image:height\" content=\"800\" \/>\n\t<meta property=\"og:image:type\" content=\"image\/webp\" \/>\n<meta name=\"twitter:card\" content=\"summary_large_image\" \/>\n<meta name=\"twitter:label1\" content=\"Timp estimat pentru citire\" \/>\n\t<meta name=\"twitter:data1\" content=\"1 minut\" \/>\n<script type=\"application\/ld+json\" class=\"yoast-schema-graph\">{\"@context\":\"https:\\\/\\\/schema.org\",\"@graph\":[{\"@type\":\"WebPage\",\"@id\":\"https:\\\/\\\/shopatoa.com\\\/ro\\\/max-factor-colour-elixir-creion-contur-pentru-buze-culoare-60-red-ruby-5-g\\\/\",\"url\":\"https:\\\/\\\/shopatoa.com\\\/ro\\\/max-factor-colour-elixir-creion-contur-pentru-buze-culoare-60-red-ruby-5-g\\\/\",\"name\":\"Max Factor Colour Elixir creion contur pentru buze culoare 60 Red Ruby 5 g - SHOPATOA.COM\",\"isPartOf\":{\"@id\":\"https:\\\/\\\/shopatoa.com\\\/ro\\\/#website\"},\"primaryImageOfPage\":{\"@id\":\"https:\\\/\\\/shopatoa.com\\\/ro\\\/max-factor-colour-elixir-creion-contur-pentru-buze-culoare-60-red-ruby-5-g\\\/#primaryimage\"},\"image\":{\"@id\":\"https:\\\/\\\/shopatoa.com\\\/ro\\\/max-factor-colour-elixir-creion-contur-pentru-buze-culoare-60-red-ruby-5-g\\\/#primaryimage\"},\"thumbnailUrl\":\"https:\\\/\\\/storage.googleapis.com\\\/cz-shopatoa-img\\\/ro\\\/a72c889e-unnamed-file.webp\",\"datePublished\":\"2025-06-29T23:19:12+00:00\",\"dateModified\":\"2025-12-13T08:46:10+00:00\",\"breadcrumb\":{\"@id\":\"https:\\\/\\\/shopatoa.com\\\/ro\\\/max-factor-colour-elixir-creion-contur-pentru-buze-culoare-60-red-ruby-5-g\\\/#breadcrumb\"},\"inLanguage\":\"ro-RO\",\"potentialAction\":[{\"@type\":\"ReadAction\",\"target\":[\"https:\\\/\\\/shopatoa.com\\\/ro\\\/max-factor-colour-elixir-creion-contur-pentru-buze-culoare-60-red-ruby-5-g\\\/\"]}]},{\"@type\":\"ImageObject\",\"inLanguage\":\"ro-RO\",\"@id\":\"https:\\\/\\\/shopatoa.com\\\/ro\\\/max-factor-colour-elixir-creion-contur-pentru-buze-culoare-60-red-ruby-5-g\\\/#primaryimage\",\"url\":\"https:\\\/\\\/storage.googleapis.com\\\/cz-shopatoa-img\\\/ro\\\/a72c889e-unnamed-file.webp\",\"contentUrl\":\"https:\\\/\\\/storage.googleapis.com\\\/cz-shopatoa-img\\\/ro\\\/a72c889e-unnamed-file.webp\",\"width\":800,\"height\":800},{\"@type\":\"BreadcrumbList\",\"@id\":\"https:\\\/\\\/shopatoa.com\\\/ro\\\/max-factor-colour-elixir-creion-contur-pentru-buze-culoare-60-red-ruby-5-g\\\/#breadcrumb\",\"itemListElement\":[{\"@type\":\"ListItem\",\"position\":1,\"name\":\"Dom\u016f\",\"item\":\"https:\\\/\\\/shopatoa.com\\\/ro\\\/\"},{\"@type\":\"ListItem\",\"position\":2,\"name\":\"Shop\",\"item\":\"https:\\\/\\\/shopatoa.com\\\/ro\\\/shop\\\/\"},{\"@type\":\"ListItem\",\"position\":3,\"name\":\"S\u0103n\u0103tate \u0219i frumuse\u021be\",\"item\":\"https:\\\/\\\/shopatoa.com\\\/ro\\\/sanatate-si-frumusete\\\/\"},{\"@type\":\"ListItem\",\"position\":4,\"name\":\"\u00cengrijire personal\u0103\",\"item\":\"https:\\\/\\\/shopatoa.com\\\/ro\\\/ingrijire-personala\\\/\"},{\"@type\":\"ListItem\",\"position\":5,\"name\":\"Cosmetice\",\"item\":\"https:\\\/\\\/shopatoa.com\\\/ro\\\/cosmetice-ingrijire-personala\\\/\"},{\"@type\":\"ListItem\",\"position\":6,\"name\":\"Machiaj\",\"item\":\"https:\\\/\\\/shopatoa.com\\\/ro\\\/machiaj\\\/\"},{\"@type\":\"ListItem\",\"position\":7,\"name\":\"Machiaj buze\",\"item\":\"https:\\\/\\\/shopatoa.com\\\/ro\\\/machiaj-buze\\\/\"},{\"@type\":\"ListItem\",\"position\":8,\"name\":\"Primer buze\",\"item\":\"https:\\\/\\\/shopatoa.com\\\/ro\\\/primer-buze\\\/\"},{\"@type\":\"ListItem\",\"position\":9,\"name\":\"Max Factor Colour Elixir creion contur pentru buze culoare 60 Red Ruby 5 g\"}]},{\"@type\":\"WebSite\",\"@id\":\"https:\\\/\\\/shopatoa.com\\\/ro\\\/#website\",\"url\":\"https:\\\/\\\/shopatoa.com\\\/ro\\\/\",\"name\":\"SHOPATOA\",\"description\":\"\",\"publisher\":{\"@id\":\"https:\\\/\\\/shopatoa.com\\\/ro\\\/#organization\"},\"potentialAction\":[{\"@type\":\"SearchAction\",\"target\":{\"@type\":\"EntryPoint\",\"urlTemplate\":\"https:\\\/\\\/shopatoa.com\\\/ro\\\/?s={search_term_string}\"},\"query-input\":{\"@type\":\"PropertyValueSpecification\",\"valueRequired\":true,\"valueName\":\"search_term_string\"}}],\"inLanguage\":\"ro-RO\"},{\"@type\":\"Organization\",\"@id\":\"https:\\\/\\\/shopatoa.com\\\/ro\\\/#organization\",\"name\":\"SHOPATOA\",\"url\":\"https:\\\/\\\/shopatoa.com\\\/ro\\\/\",\"logo\":{\"@type\":\"ImageObject\",\"inLanguage\":\"ro-RO\",\"@id\":\"https:\\\/\\\/shopatoa.com\\\/ro\\\/#\\\/schema\\\/logo\\\/image\\\/\",\"url\":\"https:\\\/\\\/storage.googleapis.com\\\/cz-shopatoa-img\\\/ro\\\/b4dac915-shopatoa_logo.png\",\"contentUrl\":\"https:\\\/\\\/storage.googleapis.com\\\/cz-shopatoa-img\\\/ro\\\/b4dac915-shopatoa_logo.png\",\"width\":416,\"height\":63,\"caption\":\"SHOPATOA\"},\"image\":{\"@id\":\"https:\\\/\\\/shopatoa.com\\\/ro\\\/#\\\/schema\\\/logo\\\/image\\\/\"}}]}<\/script>\n<!-- \/ Yoast SEO plugin. -->","yoast_head_json":{"title":"Max Factor Colour Elixir creion contur pentru buze culoare 60 Red Ruby 5 g - SHOPATOA.COM","robots":{"index":"index","follow":"follow","max-snippet":"max-snippet:-1","max-image-preview":"max-image-preview:large","max-video-preview":"max-video-preview:-1"},"canonical":"https:\/\/shopatoa.com\/ro\/max-factor-colour-elixir-creion-contur-pentru-buze-culoare-60-red-ruby-5-g\/","og_locale":"ro_RO","og_type":"article","og_title":"Max Factor Colour Elixir creion contur pentru buze culoare 60 Red Ruby 5 g - SHOPATOA.COM","og_description":"Max Factor Colour Elixir, 5 g, Buze pentru femei, Creionul de buze Max FactorColour Elixir va conferi buzelor dvs. un aspect absolut perfect. V\u0103 permite s\u0103 contura\u021bi buzele cu o linie ideal\u0103 de culoare bogat\u0103, cu acoperire complet\u0103, care rezist\u0103 intact\u0103 ore \u00een \u0219ir. Rezist\u0103 la transfer, estompare \u0219i murd\u0103rire, prelungind \u00een plus persisten\u021ba rujului...","og_url":"https:\/\/shopatoa.com\/ro\/max-factor-colour-elixir-creion-contur-pentru-buze-culoare-60-red-ruby-5-g\/","og_site_name":"SHOPATOA","article_modified_time":"2025-12-13T08:46:10+00:00","og_image":[{"width":800,"height":800,"url":"https:\/\/storage.googleapis.com\/cz-shopatoa-img\/ro\/a72c889e-unnamed-file.webp","type":"image\/webp"}],"twitter_card":"summary_large_image","twitter_misc":{"Timp estimat pentru citire":"1 minut"},"schema":{"@context":"https:\/\/schema.org","@graph":[{"@type":"WebPage","@id":"https:\/\/shopatoa.com\/ro\/max-factor-colour-elixir-creion-contur-pentru-buze-culoare-60-red-ruby-5-g\/","url":"https:\/\/shopatoa.com\/ro\/max-factor-colour-elixir-creion-contur-pentru-buze-culoare-60-red-ruby-5-g\/","name":"Max Factor Colour Elixir creion contur pentru buze culoare 60 Red Ruby 5 g - SHOPATOA.COM","isPartOf":{"@id":"https:\/\/shopatoa.com\/ro\/#website"},"primaryImageOfPage":{"@id":"https:\/\/shopatoa.com\/ro\/max-factor-colour-elixir-creion-contur-pentru-buze-culoare-60-red-ruby-5-g\/#primaryimage"},"image":{"@id":"https:\/\/shopatoa.com\/ro\/max-factor-colour-elixir-creion-contur-pentru-buze-culoare-60-red-ruby-5-g\/#primaryimage"},"thumbnailUrl":"https:\/\/storage.googleapis.com\/cz-shopatoa-img\/ro\/a72c889e-unnamed-file.webp","datePublished":"2025-06-29T23:19:12+00:00","dateModified":"2025-12-13T08:46:10+00:00","breadcrumb":{"@id":"https:\/\/shopatoa.com\/ro\/max-factor-colour-elixir-creion-contur-pentru-buze-culoare-60-red-ruby-5-g\/#breadcrumb"},"inLanguage":"ro-RO","potentialAction":[{"@type":"ReadAction","target":["https:\/\/shopatoa.com\/ro\/max-factor-colour-elixir-creion-contur-pentru-buze-culoare-60-red-ruby-5-g\/"]}]},{"@type":"ImageObject","inLanguage":"ro-RO","@id":"https:\/\/shopatoa.com\/ro\/max-factor-colour-elixir-creion-contur-pentru-buze-culoare-60-red-ruby-5-g\/#primaryimage","url":"https:\/\/storage.googleapis.com\/cz-shopatoa-img\/ro\/a72c889e-unnamed-file.webp","contentUrl":"https:\/\/storage.googleapis.com\/cz-shopatoa-img\/ro\/a72c889e-unnamed-file.webp","width":800,"height":800},{"@type":"BreadcrumbList","@id":"https:\/\/shopatoa.com\/ro\/max-factor-colour-elixir-creion-contur-pentru-buze-culoare-60-red-ruby-5-g\/#breadcrumb","itemListElement":[{"@type":"ListItem","position":1,"name":"Dom\u016f","item":"https:\/\/shopatoa.com\/ro\/"},{"@type":"ListItem","position":2,"name":"Shop","item":"https:\/\/shopatoa.com\/ro\/shop\/"},{"@type":"ListItem","position":3,"name":"S\u0103n\u0103tate \u0219i frumuse\u021be","item":"https:\/\/shopatoa.com\/ro\/sanatate-si-frumusete\/"},{"@type":"ListItem","position":4,"name":"\u00cengrijire personal\u0103","item":"https:\/\/shopatoa.com\/ro\/ingrijire-personala\/"},{"@type":"ListItem","position":5,"name":"Cosmetice","item":"https:\/\/shopatoa.com\/ro\/cosmetice-ingrijire-personala\/"},{"@type":"ListItem","position":6,"name":"Machiaj","item":"https:\/\/shopatoa.com\/ro\/machiaj\/"},{"@type":"ListItem","position":7,"name":"Machiaj buze","item":"https:\/\/shopatoa.com\/ro\/machiaj-buze\/"},{"@type":"ListItem","position":8,"name":"Primer buze","item":"https:\/\/shopatoa.com\/ro\/primer-buze\/"},{"@type":"ListItem","position":9,"name":"Max Factor Colour Elixir creion contur pentru buze culoare 60 Red Ruby 5 g"}]},{"@type":"WebSite","@id":"https:\/\/shopatoa.com\/ro\/#website","url":"https:\/\/shopatoa.com\/ro\/","name":"SHOPATOA","description":"","publisher":{"@id":"https:\/\/shopatoa.com\/ro\/#organization"},"potentialAction":[{"@type":"SearchAction","target":{"@type":"EntryPoint","urlTemplate":"https:\/\/shopatoa.com\/ro\/?s={search_term_string}"},"query-input":{"@type":"PropertyValueSpecification","valueRequired":true,"valueName":"search_term_string"}}],"inLanguage":"ro-RO"},{"@type":"Organization","@id":"https:\/\/shopatoa.com\/ro\/#organization","name":"SHOPATOA","url":"https:\/\/shopatoa.com\/ro\/","logo":{"@type":"ImageObject","inLanguage":"ro-RO","@id":"https:\/\/shopatoa.com\/ro\/#\/schema\/logo\/image\/","url":"https:\/\/storage.googleapis.com\/cz-shopatoa-img\/ro\/b4dac915-shopatoa_logo.png","contentUrl":"https:\/\/storage.googleapis.com\/cz-shopatoa-img\/ro\/b4dac915-shopatoa_logo.png","width":416,"height":63,"caption":"SHOPATOA"},"image":{"@id":"https:\/\/shopatoa.com\/ro\/#\/schema\/logo\/image\/"}}]}},"_links":{"self":[{"href":"https:\/\/shopatoa.com\/ro\/wp-json\/wp\/v2\/product\/486516","targetHints":{"allow":["GET"]}}],"collection":[{"href":"https:\/\/shopatoa.com\/ro\/wp-json\/wp\/v2\/product"}],"about":[{"href":"https:\/\/shopatoa.com\/ro\/wp-json\/wp\/v2\/types\/product"}],"replies":[{"embeddable":true,"href":"https:\/\/shopatoa.com\/ro\/wp-json\/wp\/v2\/comments?post=486516"}],"wp:featuredmedia":[{"embeddable":true,"href":"https:\/\/shopatoa.com\/ro\/wp-json\/wp\/v2\/media\/489367"}],"wp:attachment":[{"href":"https:\/\/shopatoa.com\/ro\/wp-json\/wp\/v2\/media?parent=486516"}],"wp:term":[{"taxonomy":"product_brand","embeddable":true,"href":"https:\/\/shopatoa.com\/ro\/wp-json\/wp\/v2\/product_brand?post=486516"},{"taxonomy":"product_cat","embeddable":true,"href":"https:\/\/shopatoa.com\/ro\/wp-json\/wp\/v2\/product_cat?post=486516"},{"taxonomy":"product_tag","embeddable":true,"href":"https:\/\/shopatoa.com\/ro\/wp-json\/wp\/v2\/product_tag?post=486516"}],"curies":[{"name":"wp","href":"https:\/\/api.w.org\/{rel}","templated":true}]}}