{"id":486614,"date":"2025-06-30T01:37:15","date_gmt":"2025-06-29T23:37:15","guid":{"rendered":"https:\/\/shopatoa.com\/ro\/depot-600-body-solutions-no-611-stay-fresh-deodorant-deodorant-50-ml\/"},"modified":"2025-12-13T08:44:50","modified_gmt":"2025-12-13T07:44:50","slug":"depot-600-body-solutions-no-611-stay-fresh-deodorant-deodorant-50-ml","status":"publish","type":"product","link":"https:\/\/shopatoa.com\/ro\/depot-600-body-solutions-no-611-stay-fresh-deodorant-deodorant-50-ml\/","title":{"rendered":"DEPOT 600 BODY SOLUTIONS No. 611 STAY FRESH DEODORANT deodorant 50 ml"},"content":{"rendered":"<p>DEPOT 600 BODY SOLUTIONS No. 611 STAY FRESH DEODORANT, 50 ml, Deodorante si antiperspirante pentru b\u0103rba\u021bi, Produsul DEPOT 600 BODY SOLUTIONS No. 611 STAY FRESH DEODORANT este un ajutor esen\u021bial \u00een lupta zilnic\u0103 cu transpira\u021bia.  Caracteristici:  regleaz\u0103 transpira\u021bia \u0219i umiditatea pielii previne irita\u021biile \u0219i calmeaz\u0103 pielea protejeaz\u0103 eficient \u00eempotriva transpira\u021biei produsul este conceput special pentru nevoile pielii b\u0103rb\u0103te\u0219ti confer\u0103 o senza\u021bie de confort de lung\u0103 durat\u0103 neutralizeaz\u0103 mirosul nepl\u0103cut  Cum se utilizeaz\u0103: Se aplic\u0103 pe pielea uscat\u0103 \u0219i curat\u0103 a axilei.<\/p>\n","protected":false},"excerpt":{"rendered":"<p>DEPOT 600 BODY SOLUTIONS No. 611 STAY FRESH DEODORANT, 50 ml, Deodorante si antiperspirante pentru b\u0103rba\u021bi, Produsul DEPOT 600 BODY SOLUTIONS No. 611 STAY FRESH DEODORANT este un ajutor esen\u021bial \u00een lupta zilnic\u0103 cu transpira\u021bia. Caracteristici: regleaz\u0103 transpira\u021bia \u0219i umiditatea pielii previne irita\u021biile \u0219i calmeaz\u0103 pielea protejeaz\u0103 eficient \u00eempotriva transpira\u021biei produsul este conceput special pentru&#8230;<\/p>\n","protected":false},"featured_media":489458,"comment_status":"closed","ping_status":"open","template":"","meta":{"_acf_changed":false,"_kadence_starter_templates_imported_post":false,"_kad_post_transparent":"","_kad_post_title":"","_kad_post_layout":"","_kad_post_sidebar_id":"","_kad_post_content_style":"","_kad_post_vertical_padding":"","_kad_post_feature":"","_kad_post_feature_position":"","_kad_post_header":false,"_kad_post_footer":false,"_kad_post_classname":""},"product_brand":[2236],"product_cat":[1594,1563,1562],"product_tag":[],"class_list":{"0":"post-486614","1":"product","2":"type-product","3":"status-publish","4":"has-post-thumbnail","6":"product_brand-depot","7":"product_cat-deodorant-si-antiperspirant","8":"product_cat-ingrijire-personala","9":"product_cat-sanatate-si-frumusete","10":"pa_gen-male","11":"pa_marime-50-ml","13":"first","14":"instock","15":"sale","16":"product-type-external","17":"entry","18":"content-bg","19":"loop-entry"},"acf":[],"yoast_head":"<!-- This site is optimized with the Yoast SEO plugin v27.4 - https:\/\/yoast.com\/product\/yoast-seo-wordpress\/ -->\n<title>DEPOT 600 BODY SOLUTIONS No. 611 STAY FRESH DEODORANT deodorant 50 ml - SHOPATOA.COM<\/title>\n<meta name=\"robots\" content=\"index, follow, max-snippet:-1, max-image-preview:large, max-video-preview:-1\" \/>\n<link rel=\"canonical\" href=\"https:\/\/shopatoa.com\/ro\/depot-600-body-solutions-no-611-stay-fresh-deodorant-deodorant-50-ml\/\" \/>\n<meta property=\"og:locale\" content=\"ro_RO\" \/>\n<meta property=\"og:type\" content=\"article\" \/>\n<meta property=\"og:title\" content=\"DEPOT 600 BODY SOLUTIONS No. 611 STAY FRESH DEODORANT deodorant 50 ml - SHOPATOA.COM\" \/>\n<meta property=\"og:description\" content=\"DEPOT 600 BODY SOLUTIONS No. 611 STAY FRESH DEODORANT, 50 ml, Deodorante si antiperspirante pentru b\u0103rba\u021bi, Produsul DEPOT 600 BODY SOLUTIONS No. 611 STAY FRESH DEODORANT este un ajutor esen\u021bial \u00een lupta zilnic\u0103 cu transpira\u021bia. Caracteristici: regleaz\u0103 transpira\u021bia \u0219i umiditatea pielii previne irita\u021biile \u0219i calmeaz\u0103 pielea protejeaz\u0103 eficient \u00eempotriva transpira\u021biei produsul este conceput special pentru...\" \/>\n<meta property=\"og:url\" content=\"https:\/\/shopatoa.com\/ro\/depot-600-body-solutions-no-611-stay-fresh-deodorant-deodorant-50-ml\/\" \/>\n<meta property=\"og:site_name\" content=\"SHOPATOA\" \/>\n<meta property=\"article:modified_time\" content=\"2025-12-13T07:44:50+00:00\" \/>\n<meta property=\"og:image\" content=\"https:\/\/storage.googleapis.com\/cz-shopatoa-img\/ro\/1892e2b6-unnamed-file.webp\" \/>\n\t<meta property=\"og:image:width\" content=\"800\" \/>\n\t<meta property=\"og:image:height\" content=\"800\" \/>\n\t<meta property=\"og:image:type\" content=\"image\/webp\" \/>\n<meta name=\"twitter:card\" content=\"summary_large_image\" \/>\n<script type=\"application\/ld+json\" class=\"yoast-schema-graph\">{\"@context\":\"https:\\\/\\\/schema.org\",\"@graph\":[{\"@type\":\"WebPage\",\"@id\":\"https:\\\/\\\/shopatoa.com\\\/ro\\\/depot-600-body-solutions-no-611-stay-fresh-deodorant-deodorant-50-ml\\\/\",\"url\":\"https:\\\/\\\/shopatoa.com\\\/ro\\\/depot-600-body-solutions-no-611-stay-fresh-deodorant-deodorant-50-ml\\\/\",\"name\":\"DEPOT 600 BODY SOLUTIONS No. 611 STAY FRESH DEODORANT deodorant 50 ml - SHOPATOA.COM\",\"isPartOf\":{\"@id\":\"https:\\\/\\\/shopatoa.com\\\/ro\\\/#website\"},\"primaryImageOfPage\":{\"@id\":\"https:\\\/\\\/shopatoa.com\\\/ro\\\/depot-600-body-solutions-no-611-stay-fresh-deodorant-deodorant-50-ml\\\/#primaryimage\"},\"image\":{\"@id\":\"https:\\\/\\\/shopatoa.com\\\/ro\\\/depot-600-body-solutions-no-611-stay-fresh-deodorant-deodorant-50-ml\\\/#primaryimage\"},\"thumbnailUrl\":\"https:\\\/\\\/storage.googleapis.com\\\/cz-shopatoa-img\\\/ro\\\/1892e2b6-unnamed-file.webp\",\"datePublished\":\"2025-06-29T23:37:15+00:00\",\"dateModified\":\"2025-12-13T07:44:50+00:00\",\"breadcrumb\":{\"@id\":\"https:\\\/\\\/shopatoa.com\\\/ro\\\/depot-600-body-solutions-no-611-stay-fresh-deodorant-deodorant-50-ml\\\/#breadcrumb\"},\"inLanguage\":\"ro-RO\",\"potentialAction\":[{\"@type\":\"ReadAction\",\"target\":[\"https:\\\/\\\/shopatoa.com\\\/ro\\\/depot-600-body-solutions-no-611-stay-fresh-deodorant-deodorant-50-ml\\\/\"]}]},{\"@type\":\"ImageObject\",\"inLanguage\":\"ro-RO\",\"@id\":\"https:\\\/\\\/shopatoa.com\\\/ro\\\/depot-600-body-solutions-no-611-stay-fresh-deodorant-deodorant-50-ml\\\/#primaryimage\",\"url\":\"https:\\\/\\\/storage.googleapis.com\\\/cz-shopatoa-img\\\/ro\\\/1892e2b6-unnamed-file.webp\",\"contentUrl\":\"https:\\\/\\\/storage.googleapis.com\\\/cz-shopatoa-img\\\/ro\\\/1892e2b6-unnamed-file.webp\",\"width\":800,\"height\":800},{\"@type\":\"BreadcrumbList\",\"@id\":\"https:\\\/\\\/shopatoa.com\\\/ro\\\/depot-600-body-solutions-no-611-stay-fresh-deodorant-deodorant-50-ml\\\/#breadcrumb\",\"itemListElement\":[{\"@type\":\"ListItem\",\"position\":1,\"name\":\"Dom\u016f\",\"item\":\"https:\\\/\\\/shopatoa.com\\\/ro\\\/\"},{\"@type\":\"ListItem\",\"position\":2,\"name\":\"Shop\",\"item\":\"https:\\\/\\\/shopatoa.com\\\/ro\\\/shop\\\/\"},{\"@type\":\"ListItem\",\"position\":3,\"name\":\"S\u0103n\u0103tate \u0219i frumuse\u021be\",\"item\":\"https:\\\/\\\/shopatoa.com\\\/ro\\\/sanatate-si-frumusete\\\/\"},{\"@type\":\"ListItem\",\"position\":4,\"name\":\"\u00cengrijire personal\u0103\",\"item\":\"https:\\\/\\\/shopatoa.com\\\/ro\\\/ingrijire-personala\\\/\"},{\"@type\":\"ListItem\",\"position\":5,\"name\":\"Deodorant \u0219i antiperspirant\",\"item\":\"https:\\\/\\\/shopatoa.com\\\/ro\\\/deodorant-si-antiperspirant\\\/\"},{\"@type\":\"ListItem\",\"position\":6,\"name\":\"DEPOT 600 BODY SOLUTIONS No. 611 STAY FRESH DEODORANT deodorant 50 ml\"}]},{\"@type\":\"WebSite\",\"@id\":\"https:\\\/\\\/shopatoa.com\\\/ro\\\/#website\",\"url\":\"https:\\\/\\\/shopatoa.com\\\/ro\\\/\",\"name\":\"SHOPATOA\",\"description\":\"\",\"publisher\":{\"@id\":\"https:\\\/\\\/shopatoa.com\\\/ro\\\/#organization\"},\"potentialAction\":[{\"@type\":\"SearchAction\",\"target\":{\"@type\":\"EntryPoint\",\"urlTemplate\":\"https:\\\/\\\/shopatoa.com\\\/ro\\\/?s={search_term_string}\"},\"query-input\":{\"@type\":\"PropertyValueSpecification\",\"valueRequired\":true,\"valueName\":\"search_term_string\"}}],\"inLanguage\":\"ro-RO\"},{\"@type\":\"Organization\",\"@id\":\"https:\\\/\\\/shopatoa.com\\\/ro\\\/#organization\",\"name\":\"SHOPATOA\",\"url\":\"https:\\\/\\\/shopatoa.com\\\/ro\\\/\",\"logo\":{\"@type\":\"ImageObject\",\"inLanguage\":\"ro-RO\",\"@id\":\"https:\\\/\\\/shopatoa.com\\\/ro\\\/#\\\/schema\\\/logo\\\/image\\\/\",\"url\":\"https:\\\/\\\/storage.googleapis.com\\\/cz-shopatoa-img\\\/ro\\\/b4dac915-shopatoa_logo.png\",\"contentUrl\":\"https:\\\/\\\/storage.googleapis.com\\\/cz-shopatoa-img\\\/ro\\\/b4dac915-shopatoa_logo.png\",\"width\":416,\"height\":63,\"caption\":\"SHOPATOA\"},\"image\":{\"@id\":\"https:\\\/\\\/shopatoa.com\\\/ro\\\/#\\\/schema\\\/logo\\\/image\\\/\"}}]}<\/script>\n<!-- \/ Yoast SEO plugin. -->","yoast_head_json":{"title":"DEPOT 600 BODY SOLUTIONS No. 611 STAY FRESH DEODORANT deodorant 50 ml - SHOPATOA.COM","robots":{"index":"index","follow":"follow","max-snippet":"max-snippet:-1","max-image-preview":"max-image-preview:large","max-video-preview":"max-video-preview:-1"},"canonical":"https:\/\/shopatoa.com\/ro\/depot-600-body-solutions-no-611-stay-fresh-deodorant-deodorant-50-ml\/","og_locale":"ro_RO","og_type":"article","og_title":"DEPOT 600 BODY SOLUTIONS No. 611 STAY FRESH DEODORANT deodorant 50 ml - SHOPATOA.COM","og_description":"DEPOT 600 BODY SOLUTIONS No. 611 STAY FRESH DEODORANT, 50 ml, Deodorante si antiperspirante pentru b\u0103rba\u021bi, Produsul DEPOT 600 BODY SOLUTIONS No. 611 STAY FRESH DEODORANT este un ajutor esen\u021bial \u00een lupta zilnic\u0103 cu transpira\u021bia. Caracteristici: regleaz\u0103 transpira\u021bia \u0219i umiditatea pielii previne irita\u021biile \u0219i calmeaz\u0103 pielea protejeaz\u0103 eficient \u00eempotriva transpira\u021biei produsul este conceput special pentru...","og_url":"https:\/\/shopatoa.com\/ro\/depot-600-body-solutions-no-611-stay-fresh-deodorant-deodorant-50-ml\/","og_site_name":"SHOPATOA","article_modified_time":"2025-12-13T07:44:50+00:00","og_image":[{"width":800,"height":800,"url":"https:\/\/storage.googleapis.com\/cz-shopatoa-img\/ro\/1892e2b6-unnamed-file.webp","type":"image\/webp"}],"twitter_card":"summary_large_image","schema":{"@context":"https:\/\/schema.org","@graph":[{"@type":"WebPage","@id":"https:\/\/shopatoa.com\/ro\/depot-600-body-solutions-no-611-stay-fresh-deodorant-deodorant-50-ml\/","url":"https:\/\/shopatoa.com\/ro\/depot-600-body-solutions-no-611-stay-fresh-deodorant-deodorant-50-ml\/","name":"DEPOT 600 BODY SOLUTIONS No. 611 STAY FRESH DEODORANT deodorant 50 ml - SHOPATOA.COM","isPartOf":{"@id":"https:\/\/shopatoa.com\/ro\/#website"},"primaryImageOfPage":{"@id":"https:\/\/shopatoa.com\/ro\/depot-600-body-solutions-no-611-stay-fresh-deodorant-deodorant-50-ml\/#primaryimage"},"image":{"@id":"https:\/\/shopatoa.com\/ro\/depot-600-body-solutions-no-611-stay-fresh-deodorant-deodorant-50-ml\/#primaryimage"},"thumbnailUrl":"https:\/\/storage.googleapis.com\/cz-shopatoa-img\/ro\/1892e2b6-unnamed-file.webp","datePublished":"2025-06-29T23:37:15+00:00","dateModified":"2025-12-13T07:44:50+00:00","breadcrumb":{"@id":"https:\/\/shopatoa.com\/ro\/depot-600-body-solutions-no-611-stay-fresh-deodorant-deodorant-50-ml\/#breadcrumb"},"inLanguage":"ro-RO","potentialAction":[{"@type":"ReadAction","target":["https:\/\/shopatoa.com\/ro\/depot-600-body-solutions-no-611-stay-fresh-deodorant-deodorant-50-ml\/"]}]},{"@type":"ImageObject","inLanguage":"ro-RO","@id":"https:\/\/shopatoa.com\/ro\/depot-600-body-solutions-no-611-stay-fresh-deodorant-deodorant-50-ml\/#primaryimage","url":"https:\/\/storage.googleapis.com\/cz-shopatoa-img\/ro\/1892e2b6-unnamed-file.webp","contentUrl":"https:\/\/storage.googleapis.com\/cz-shopatoa-img\/ro\/1892e2b6-unnamed-file.webp","width":800,"height":800},{"@type":"BreadcrumbList","@id":"https:\/\/shopatoa.com\/ro\/depot-600-body-solutions-no-611-stay-fresh-deodorant-deodorant-50-ml\/#breadcrumb","itemListElement":[{"@type":"ListItem","position":1,"name":"Dom\u016f","item":"https:\/\/shopatoa.com\/ro\/"},{"@type":"ListItem","position":2,"name":"Shop","item":"https:\/\/shopatoa.com\/ro\/shop\/"},{"@type":"ListItem","position":3,"name":"S\u0103n\u0103tate \u0219i frumuse\u021be","item":"https:\/\/shopatoa.com\/ro\/sanatate-si-frumusete\/"},{"@type":"ListItem","position":4,"name":"\u00cengrijire personal\u0103","item":"https:\/\/shopatoa.com\/ro\/ingrijire-personala\/"},{"@type":"ListItem","position":5,"name":"Deodorant \u0219i antiperspirant","item":"https:\/\/shopatoa.com\/ro\/deodorant-si-antiperspirant\/"},{"@type":"ListItem","position":6,"name":"DEPOT 600 BODY SOLUTIONS No. 611 STAY FRESH DEODORANT deodorant 50 ml"}]},{"@type":"WebSite","@id":"https:\/\/shopatoa.com\/ro\/#website","url":"https:\/\/shopatoa.com\/ro\/","name":"SHOPATOA","description":"","publisher":{"@id":"https:\/\/shopatoa.com\/ro\/#organization"},"potentialAction":[{"@type":"SearchAction","target":{"@type":"EntryPoint","urlTemplate":"https:\/\/shopatoa.com\/ro\/?s={search_term_string}"},"query-input":{"@type":"PropertyValueSpecification","valueRequired":true,"valueName":"search_term_string"}}],"inLanguage":"ro-RO"},{"@type":"Organization","@id":"https:\/\/shopatoa.com\/ro\/#organization","name":"SHOPATOA","url":"https:\/\/shopatoa.com\/ro\/","logo":{"@type":"ImageObject","inLanguage":"ro-RO","@id":"https:\/\/shopatoa.com\/ro\/#\/schema\/logo\/image\/","url":"https:\/\/storage.googleapis.com\/cz-shopatoa-img\/ro\/b4dac915-shopatoa_logo.png","contentUrl":"https:\/\/storage.googleapis.com\/cz-shopatoa-img\/ro\/b4dac915-shopatoa_logo.png","width":416,"height":63,"caption":"SHOPATOA"},"image":{"@id":"https:\/\/shopatoa.com\/ro\/#\/schema\/logo\/image\/"}}]}},"_links":{"self":[{"href":"https:\/\/shopatoa.com\/ro\/wp-json\/wp\/v2\/product\/486614","targetHints":{"allow":["GET"]}}],"collection":[{"href":"https:\/\/shopatoa.com\/ro\/wp-json\/wp\/v2\/product"}],"about":[{"href":"https:\/\/shopatoa.com\/ro\/wp-json\/wp\/v2\/types\/product"}],"replies":[{"embeddable":true,"href":"https:\/\/shopatoa.com\/ro\/wp-json\/wp\/v2\/comments?post=486614"}],"wp:featuredmedia":[{"embeddable":true,"href":"https:\/\/shopatoa.com\/ro\/wp-json\/wp\/v2\/media\/489458"}],"wp:attachment":[{"href":"https:\/\/shopatoa.com\/ro\/wp-json\/wp\/v2\/media?parent=486614"}],"wp:term":[{"taxonomy":"product_brand","embeddable":true,"href":"https:\/\/shopatoa.com\/ro\/wp-json\/wp\/v2\/product_brand?post=486614"},{"taxonomy":"product_cat","embeddable":true,"href":"https:\/\/shopatoa.com\/ro\/wp-json\/wp\/v2\/product_cat?post=486614"},{"taxonomy":"product_tag","embeddable":true,"href":"https:\/\/shopatoa.com\/ro\/wp-json\/wp\/v2\/product_tag?post=486614"}],"curies":[{"name":"wp","href":"https:\/\/api.w.org\/{rel}","templated":true}]}}