{"id":489581,"date":"2025-07-03T12:01:15","date_gmt":"2025-07-03T10:01:15","guid":{"rendered":"https:\/\/shopatoa.com\/ro\/noreva-densidiane-re-densifying-cream-crema-regeneratoare-pentru-fermitatea-pielii-pentru-fata-si-corp-125-ml\/"},"modified":"2025-12-13T08:13:19","modified_gmt":"2025-12-13T07:13:19","slug":"noreva-densidiane-re-densifying-cream-crema-regeneratoare-pentru-fermitatea-pielii-pentru-fata-si-corp-125-ml","status":"publish","type":"product","link":"https:\/\/shopatoa.com\/ro\/noreva-densidiane-re-densifying-cream-crema-regeneratoare-pentru-fermitatea-pielii-pentru-fata-si-corp-125-ml\/","title":{"rendered":"Noreva Densidiane Re-Densifying Cream crem\u0103 regeneratoare pentru fermitatea pielii pentru fata si corp 125 ml"},"content":{"rendered":"<p>Noreva Densidiane Re-Densifying Cream, 125 ml, Creme de corp pentru femei, Sim\u021bi\u021bi c\u0103 pielea dvs. are nevoie de o \u00eengrijire mai intens\u0103 dec\u00e2t v\u0103 poate oferi lo\u021biunea de corp? Va avea grij\u0103 de asta crema de corp Noreva Densidiane Re-Densifying Cream, care se remarc\u0103 printr-o consisten\u021b\u0103 bogat\u0103 \u0219i are capacitatea de a hidrata \u0219i hr\u0103ni pe termen lung. Ofer\u0103 pielii \u00eentregului corp catifelarea \u0219i nutri\u021bia de care are nevoie, o r\u0103sfa\u021b\u0103 cu textura sa cremoas\u0103 \u0219i o protejeaz\u0103 \u00eempotriva usc\u0103rii nedorite.  Caracteristici:  ofer\u0103 pielii o emoliere de lung\u0103 durat\u0103 are efect de calmare red\u0103 pielii confortul \u0219i vitalitatea ac\u021biune hr\u0103nitoare \u0219i emolient\u0103 hidrateaz\u0103 pielea \u00een profunzime regenereaz\u0103 \u0219i revitalizeaz\u0103 reface elasticitatea pielii se poate utiliza pe corp \u0219i pe fa\u021b\u0103 u\u0219or de aplicat, se absoarbe bine \u0219i nu lipe\u0219te protejeaz\u0103 pielea \u00eempotriva usc\u0103rii  Ingrediente:  testat dermatologic  Cum se utilizeaz\u0103: Se aplic\u0103 produsul pe pielea curat\u0103 \u0219i se maseaz\u0103 u\u0219or, p\u00e2n\u0103 la absorb\u021bia complet\u0103. Se poate aplica nu doar pe corp, ci \u0219i pe fa\u021b\u0103. Utiliza\u021bi de 1\u00d7 pe zi.<\/p>\n","protected":false},"excerpt":{"rendered":"<p>Noreva Densidiane Re-Densifying Cream, 125 ml, Creme de corp pentru femei, Sim\u021bi\u021bi c\u0103 pielea dvs. are nevoie de o \u00eengrijire mai intens\u0103 dec\u00e2t v\u0103 poate oferi lo\u021biunea de corp? Va avea grij\u0103 de asta crema de corp Noreva Densidiane Re-Densifying Cream, care se remarc\u0103 printr-o consisten\u021b\u0103 bogat\u0103 \u0219i are capacitatea de a hidrata \u0219i hr\u0103ni&#8230;<\/p>\n","protected":false},"featured_media":489582,"comment_status":"closed","ping_status":"open","template":"","meta":{"_acf_changed":false,"_kadence_starter_templates_imported_post":false,"_kad_post_transparent":"","_kad_post_title":"","_kad_post_layout":"","_kad_post_sidebar_id":"","_kad_post_content_style":"","_kad_post_vertical_padding":"","_kad_post_feature":"","_kad_post_feature_position":"","_kad_post_header":false,"_kad_post_footer":false,"_kad_post_classname":""},"product_brand":[2489],"product_cat":[1564,1563,1565,1562],"product_tag":[],"class_list":{"0":"post-489581","1":"product","2":"type-product","3":"status-publish","4":"has-post-thumbnail","6":"product_brand-noreva","7":"product_cat-cosmetice-ingrijire-personala","8":"product_cat-ingrijire-personala","9":"product_cat-ingrijirea-pielii","10":"product_cat-sanatate-si-frumusete","11":"pa_gen-female","12":"pa_marime-125-ml","14":"first","15":"instock","16":"sale","17":"product-type-external","18":"entry","19":"content-bg","20":"loop-entry"},"acf":[],"yoast_head":"<!-- This site is optimized with the Yoast SEO plugin v27.4 - https:\/\/yoast.com\/product\/yoast-seo-wordpress\/ -->\n<title>Noreva Densidiane Re-Densifying Cream crem\u0103 regeneratoare pentru fermitatea pielii pentru fata si corp 125 ml - SHOPATOA.COM<\/title>\n<meta name=\"robots\" content=\"index, follow, max-snippet:-1, max-image-preview:large, max-video-preview:-1\" \/>\n<link rel=\"canonical\" href=\"https:\/\/shopatoa.com\/ro\/noreva-densidiane-re-densifying-cream-crema-regeneratoare-pentru-fermitatea-pielii-pentru-fata-si-corp-125-ml\/\" \/>\n<meta property=\"og:locale\" content=\"ro_RO\" \/>\n<meta property=\"og:type\" content=\"article\" \/>\n<meta property=\"og:title\" content=\"Noreva Densidiane Re-Densifying Cream crem\u0103 regeneratoare pentru fermitatea pielii pentru fata si corp 125 ml - SHOPATOA.COM\" \/>\n<meta property=\"og:description\" content=\"Noreva Densidiane Re-Densifying Cream, 125 ml, Creme de corp pentru femei, Sim\u021bi\u021bi c\u0103 pielea dvs. are nevoie de o \u00eengrijire mai intens\u0103 dec\u00e2t v\u0103 poate oferi lo\u021biunea de corp? Va avea grij\u0103 de asta crema de corp Noreva Densidiane Re-Densifying Cream, care se remarc\u0103 printr-o consisten\u021b\u0103 bogat\u0103 \u0219i are capacitatea de a hidrata \u0219i hr\u0103ni...\" \/>\n<meta property=\"og:url\" content=\"https:\/\/shopatoa.com\/ro\/noreva-densidiane-re-densifying-cream-crema-regeneratoare-pentru-fermitatea-pielii-pentru-fata-si-corp-125-ml\/\" \/>\n<meta property=\"og:site_name\" content=\"SHOPATOA\" \/>\n<meta property=\"article:modified_time\" content=\"2025-12-13T07:13:19+00:00\" \/>\n<meta property=\"og:image\" content=\"https:\/\/storage.googleapis.com\/cz-shopatoa-img\/ro\/46e9d18a-unnamed-file.webp\" \/>\n\t<meta property=\"og:image:width\" content=\"800\" \/>\n\t<meta property=\"og:image:height\" content=\"800\" \/>\n\t<meta property=\"og:image:type\" content=\"image\/webp\" \/>\n<meta name=\"twitter:card\" content=\"summary_large_image\" \/>\n<meta name=\"twitter:label1\" content=\"Timp estimat pentru citire\" \/>\n\t<meta name=\"twitter:data1\" content=\"1 minut\" \/>\n<script type=\"application\/ld+json\" class=\"yoast-schema-graph\">{\"@context\":\"https:\\\/\\\/schema.org\",\"@graph\":[{\"@type\":\"WebPage\",\"@id\":\"https:\\\/\\\/shopatoa.com\\\/ro\\\/noreva-densidiane-re-densifying-cream-crema-regeneratoare-pentru-fermitatea-pielii-pentru-fata-si-corp-125-ml\\\/\",\"url\":\"https:\\\/\\\/shopatoa.com\\\/ro\\\/noreva-densidiane-re-densifying-cream-crema-regeneratoare-pentru-fermitatea-pielii-pentru-fata-si-corp-125-ml\\\/\",\"name\":\"Noreva Densidiane Re-Densifying Cream crem\u0103 regeneratoare pentru fermitatea pielii pentru fata si corp 125 ml - SHOPATOA.COM\",\"isPartOf\":{\"@id\":\"https:\\\/\\\/shopatoa.com\\\/ro\\\/#website\"},\"primaryImageOfPage\":{\"@id\":\"https:\\\/\\\/shopatoa.com\\\/ro\\\/noreva-densidiane-re-densifying-cream-crema-regeneratoare-pentru-fermitatea-pielii-pentru-fata-si-corp-125-ml\\\/#primaryimage\"},\"image\":{\"@id\":\"https:\\\/\\\/shopatoa.com\\\/ro\\\/noreva-densidiane-re-densifying-cream-crema-regeneratoare-pentru-fermitatea-pielii-pentru-fata-si-corp-125-ml\\\/#primaryimage\"},\"thumbnailUrl\":\"https:\\\/\\\/storage.googleapis.com\\\/cz-shopatoa-img\\\/ro\\\/46e9d18a-unnamed-file.webp\",\"datePublished\":\"2025-07-03T10:01:15+00:00\",\"dateModified\":\"2025-12-13T07:13:19+00:00\",\"breadcrumb\":{\"@id\":\"https:\\\/\\\/shopatoa.com\\\/ro\\\/noreva-densidiane-re-densifying-cream-crema-regeneratoare-pentru-fermitatea-pielii-pentru-fata-si-corp-125-ml\\\/#breadcrumb\"},\"inLanguage\":\"ro-RO\",\"potentialAction\":[{\"@type\":\"ReadAction\",\"target\":[\"https:\\\/\\\/shopatoa.com\\\/ro\\\/noreva-densidiane-re-densifying-cream-crema-regeneratoare-pentru-fermitatea-pielii-pentru-fata-si-corp-125-ml\\\/\"]}]},{\"@type\":\"ImageObject\",\"inLanguage\":\"ro-RO\",\"@id\":\"https:\\\/\\\/shopatoa.com\\\/ro\\\/noreva-densidiane-re-densifying-cream-crema-regeneratoare-pentru-fermitatea-pielii-pentru-fata-si-corp-125-ml\\\/#primaryimage\",\"url\":\"https:\\\/\\\/storage.googleapis.com\\\/cz-shopatoa-img\\\/ro\\\/46e9d18a-unnamed-file.webp\",\"contentUrl\":\"https:\\\/\\\/storage.googleapis.com\\\/cz-shopatoa-img\\\/ro\\\/46e9d18a-unnamed-file.webp\",\"width\":800,\"height\":800},{\"@type\":\"BreadcrumbList\",\"@id\":\"https:\\\/\\\/shopatoa.com\\\/ro\\\/noreva-densidiane-re-densifying-cream-crema-regeneratoare-pentru-fermitatea-pielii-pentru-fata-si-corp-125-ml\\\/#breadcrumb\",\"itemListElement\":[{\"@type\":\"ListItem\",\"position\":1,\"name\":\"Dom\u016f\",\"item\":\"https:\\\/\\\/shopatoa.com\\\/ro\\\/\"},{\"@type\":\"ListItem\",\"position\":2,\"name\":\"Shop\",\"item\":\"https:\\\/\\\/shopatoa.com\\\/ro\\\/shop\\\/\"},{\"@type\":\"ListItem\",\"position\":3,\"name\":\"S\u0103n\u0103tate \u0219i frumuse\u021be\",\"item\":\"https:\\\/\\\/shopatoa.com\\\/ro\\\/sanatate-si-frumusete\\\/\"},{\"@type\":\"ListItem\",\"position\":4,\"name\":\"\u00cengrijire personal\u0103\",\"item\":\"https:\\\/\\\/shopatoa.com\\\/ro\\\/ingrijire-personala\\\/\"},{\"@type\":\"ListItem\",\"position\":5,\"name\":\"Cosmetice\",\"item\":\"https:\\\/\\\/shopatoa.com\\\/ro\\\/cosmetice-ingrijire-personala\\\/\"},{\"@type\":\"ListItem\",\"position\":6,\"name\":\"\u00cengrijirea pielii\",\"item\":\"https:\\\/\\\/shopatoa.com\\\/ro\\\/ingrijirea-pielii\\\/\"},{\"@type\":\"ListItem\",\"position\":7,\"name\":\"Noreva Densidiane Re-Densifying Cream crem\u0103 regeneratoare pentru fermitatea pielii pentru fata si corp 125 ml\"}]},{\"@type\":\"WebSite\",\"@id\":\"https:\\\/\\\/shopatoa.com\\\/ro\\\/#website\",\"url\":\"https:\\\/\\\/shopatoa.com\\\/ro\\\/\",\"name\":\"SHOPATOA\",\"description\":\"\",\"publisher\":{\"@id\":\"https:\\\/\\\/shopatoa.com\\\/ro\\\/#organization\"},\"potentialAction\":[{\"@type\":\"SearchAction\",\"target\":{\"@type\":\"EntryPoint\",\"urlTemplate\":\"https:\\\/\\\/shopatoa.com\\\/ro\\\/?s={search_term_string}\"},\"query-input\":{\"@type\":\"PropertyValueSpecification\",\"valueRequired\":true,\"valueName\":\"search_term_string\"}}],\"inLanguage\":\"ro-RO\"},{\"@type\":\"Organization\",\"@id\":\"https:\\\/\\\/shopatoa.com\\\/ro\\\/#organization\",\"name\":\"SHOPATOA\",\"url\":\"https:\\\/\\\/shopatoa.com\\\/ro\\\/\",\"logo\":{\"@type\":\"ImageObject\",\"inLanguage\":\"ro-RO\",\"@id\":\"https:\\\/\\\/shopatoa.com\\\/ro\\\/#\\\/schema\\\/logo\\\/image\\\/\",\"url\":\"https:\\\/\\\/storage.googleapis.com\\\/cz-shopatoa-img\\\/ro\\\/b4dac915-shopatoa_logo.png\",\"contentUrl\":\"https:\\\/\\\/storage.googleapis.com\\\/cz-shopatoa-img\\\/ro\\\/b4dac915-shopatoa_logo.png\",\"width\":416,\"height\":63,\"caption\":\"SHOPATOA\"},\"image\":{\"@id\":\"https:\\\/\\\/shopatoa.com\\\/ro\\\/#\\\/schema\\\/logo\\\/image\\\/\"}}]}<\/script>\n<!-- \/ Yoast SEO plugin. -->","yoast_head_json":{"title":"Noreva Densidiane Re-Densifying Cream crem\u0103 regeneratoare pentru fermitatea pielii pentru fata si corp 125 ml - SHOPATOA.COM","robots":{"index":"index","follow":"follow","max-snippet":"max-snippet:-1","max-image-preview":"max-image-preview:large","max-video-preview":"max-video-preview:-1"},"canonical":"https:\/\/shopatoa.com\/ro\/noreva-densidiane-re-densifying-cream-crema-regeneratoare-pentru-fermitatea-pielii-pentru-fata-si-corp-125-ml\/","og_locale":"ro_RO","og_type":"article","og_title":"Noreva Densidiane Re-Densifying Cream crem\u0103 regeneratoare pentru fermitatea pielii pentru fata si corp 125 ml - SHOPATOA.COM","og_description":"Noreva Densidiane Re-Densifying Cream, 125 ml, Creme de corp pentru femei, Sim\u021bi\u021bi c\u0103 pielea dvs. are nevoie de o \u00eengrijire mai intens\u0103 dec\u00e2t v\u0103 poate oferi lo\u021biunea de corp? Va avea grij\u0103 de asta crema de corp Noreva Densidiane Re-Densifying Cream, care se remarc\u0103 printr-o consisten\u021b\u0103 bogat\u0103 \u0219i are capacitatea de a hidrata \u0219i hr\u0103ni...","og_url":"https:\/\/shopatoa.com\/ro\/noreva-densidiane-re-densifying-cream-crema-regeneratoare-pentru-fermitatea-pielii-pentru-fata-si-corp-125-ml\/","og_site_name":"SHOPATOA","article_modified_time":"2025-12-13T07:13:19+00:00","og_image":[{"width":800,"height":800,"url":"https:\/\/storage.googleapis.com\/cz-shopatoa-img\/ro\/46e9d18a-unnamed-file.webp","type":"image\/webp"}],"twitter_card":"summary_large_image","twitter_misc":{"Timp estimat pentru citire":"1 minut"},"schema":{"@context":"https:\/\/schema.org","@graph":[{"@type":"WebPage","@id":"https:\/\/shopatoa.com\/ro\/noreva-densidiane-re-densifying-cream-crema-regeneratoare-pentru-fermitatea-pielii-pentru-fata-si-corp-125-ml\/","url":"https:\/\/shopatoa.com\/ro\/noreva-densidiane-re-densifying-cream-crema-regeneratoare-pentru-fermitatea-pielii-pentru-fata-si-corp-125-ml\/","name":"Noreva Densidiane Re-Densifying Cream crem\u0103 regeneratoare pentru fermitatea pielii pentru fata si corp 125 ml - SHOPATOA.COM","isPartOf":{"@id":"https:\/\/shopatoa.com\/ro\/#website"},"primaryImageOfPage":{"@id":"https:\/\/shopatoa.com\/ro\/noreva-densidiane-re-densifying-cream-crema-regeneratoare-pentru-fermitatea-pielii-pentru-fata-si-corp-125-ml\/#primaryimage"},"image":{"@id":"https:\/\/shopatoa.com\/ro\/noreva-densidiane-re-densifying-cream-crema-regeneratoare-pentru-fermitatea-pielii-pentru-fata-si-corp-125-ml\/#primaryimage"},"thumbnailUrl":"https:\/\/storage.googleapis.com\/cz-shopatoa-img\/ro\/46e9d18a-unnamed-file.webp","datePublished":"2025-07-03T10:01:15+00:00","dateModified":"2025-12-13T07:13:19+00:00","breadcrumb":{"@id":"https:\/\/shopatoa.com\/ro\/noreva-densidiane-re-densifying-cream-crema-regeneratoare-pentru-fermitatea-pielii-pentru-fata-si-corp-125-ml\/#breadcrumb"},"inLanguage":"ro-RO","potentialAction":[{"@type":"ReadAction","target":["https:\/\/shopatoa.com\/ro\/noreva-densidiane-re-densifying-cream-crema-regeneratoare-pentru-fermitatea-pielii-pentru-fata-si-corp-125-ml\/"]}]},{"@type":"ImageObject","inLanguage":"ro-RO","@id":"https:\/\/shopatoa.com\/ro\/noreva-densidiane-re-densifying-cream-crema-regeneratoare-pentru-fermitatea-pielii-pentru-fata-si-corp-125-ml\/#primaryimage","url":"https:\/\/storage.googleapis.com\/cz-shopatoa-img\/ro\/46e9d18a-unnamed-file.webp","contentUrl":"https:\/\/storage.googleapis.com\/cz-shopatoa-img\/ro\/46e9d18a-unnamed-file.webp","width":800,"height":800},{"@type":"BreadcrumbList","@id":"https:\/\/shopatoa.com\/ro\/noreva-densidiane-re-densifying-cream-crema-regeneratoare-pentru-fermitatea-pielii-pentru-fata-si-corp-125-ml\/#breadcrumb","itemListElement":[{"@type":"ListItem","position":1,"name":"Dom\u016f","item":"https:\/\/shopatoa.com\/ro\/"},{"@type":"ListItem","position":2,"name":"Shop","item":"https:\/\/shopatoa.com\/ro\/shop\/"},{"@type":"ListItem","position":3,"name":"S\u0103n\u0103tate \u0219i frumuse\u021be","item":"https:\/\/shopatoa.com\/ro\/sanatate-si-frumusete\/"},{"@type":"ListItem","position":4,"name":"\u00cengrijire personal\u0103","item":"https:\/\/shopatoa.com\/ro\/ingrijire-personala\/"},{"@type":"ListItem","position":5,"name":"Cosmetice","item":"https:\/\/shopatoa.com\/ro\/cosmetice-ingrijire-personala\/"},{"@type":"ListItem","position":6,"name":"\u00cengrijirea pielii","item":"https:\/\/shopatoa.com\/ro\/ingrijirea-pielii\/"},{"@type":"ListItem","position":7,"name":"Noreva Densidiane Re-Densifying Cream crem\u0103 regeneratoare pentru fermitatea pielii pentru fata si corp 125 ml"}]},{"@type":"WebSite","@id":"https:\/\/shopatoa.com\/ro\/#website","url":"https:\/\/shopatoa.com\/ro\/","name":"SHOPATOA","description":"","publisher":{"@id":"https:\/\/shopatoa.com\/ro\/#organization"},"potentialAction":[{"@type":"SearchAction","target":{"@type":"EntryPoint","urlTemplate":"https:\/\/shopatoa.com\/ro\/?s={search_term_string}"},"query-input":{"@type":"PropertyValueSpecification","valueRequired":true,"valueName":"search_term_string"}}],"inLanguage":"ro-RO"},{"@type":"Organization","@id":"https:\/\/shopatoa.com\/ro\/#organization","name":"SHOPATOA","url":"https:\/\/shopatoa.com\/ro\/","logo":{"@type":"ImageObject","inLanguage":"ro-RO","@id":"https:\/\/shopatoa.com\/ro\/#\/schema\/logo\/image\/","url":"https:\/\/storage.googleapis.com\/cz-shopatoa-img\/ro\/b4dac915-shopatoa_logo.png","contentUrl":"https:\/\/storage.googleapis.com\/cz-shopatoa-img\/ro\/b4dac915-shopatoa_logo.png","width":416,"height":63,"caption":"SHOPATOA"},"image":{"@id":"https:\/\/shopatoa.com\/ro\/#\/schema\/logo\/image\/"}}]}},"_links":{"self":[{"href":"https:\/\/shopatoa.com\/ro\/wp-json\/wp\/v2\/product\/489581","targetHints":{"allow":["GET"]}}],"collection":[{"href":"https:\/\/shopatoa.com\/ro\/wp-json\/wp\/v2\/product"}],"about":[{"href":"https:\/\/shopatoa.com\/ro\/wp-json\/wp\/v2\/types\/product"}],"replies":[{"embeddable":true,"href":"https:\/\/shopatoa.com\/ro\/wp-json\/wp\/v2\/comments?post=489581"}],"wp:featuredmedia":[{"embeddable":true,"href":"https:\/\/shopatoa.com\/ro\/wp-json\/wp\/v2\/media\/489582"}],"wp:attachment":[{"href":"https:\/\/shopatoa.com\/ro\/wp-json\/wp\/v2\/media?parent=489581"}],"wp:term":[{"taxonomy":"product_brand","embeddable":true,"href":"https:\/\/shopatoa.com\/ro\/wp-json\/wp\/v2\/product_brand?post=489581"},{"taxonomy":"product_cat","embeddable":true,"href":"https:\/\/shopatoa.com\/ro\/wp-json\/wp\/v2\/product_cat?post=489581"},{"taxonomy":"product_tag","embeddable":true,"href":"https:\/\/shopatoa.com\/ro\/wp-json\/wp\/v2\/product_tag?post=489581"}],"curies":[{"name":"wp","href":"https:\/\/api.w.org\/{rel}","templated":true}]}}