{"id":489793,"date":"2025-07-03T12:21:35","date_gmt":"2025-07-03T10:21:35","guid":{"rendered":"https:\/\/shopatoa.com\/ro\/daeng-gi-meo-ri-jin-gi-vitalizing-scalp-nutrition-pack-ser-de-par-fortifiant-si-regenerator-impotriva-caderii-parului-145-ml\/"},"modified":"2025-12-13T07:05:38","modified_gmt":"2025-12-13T06:05:38","slug":"daeng-gi-meo-ri-jin-gi-vitalizing-scalp-nutrition-pack-ser-de-par-fortifiant-si-regenerator-impotriva-caderii-parului-145-ml","status":"publish","type":"product","link":"https:\/\/shopatoa.com\/ro\/daeng-gi-meo-ri-jin-gi-vitalizing-scalp-nutrition-pack-ser-de-par-fortifiant-si-regenerator-impotriva-caderii-parului-145-ml\/","title":{"rendered":"DAENG GI MEO RI Jin Gi Vitalizing Scalp Nutrition Pack ser de p\u0103r fortifiant \u0219i regenerator impotriva caderii parului 145 ml"},"content":{"rendered":"<p>DAENG GI MEO RI Jin Gi Vitalizing Scalp Nutrition Pack, 145 ml, Seruri pentru p\u0103r pentru femei, De obicei, la baza unui p\u0103r cu adev\u0103rat frumos \u0219i s\u0103n\u0103tos de la r\u0103d\u0103cin\u0103 p\u00e2n\u0103 la v\u00e2rfuri se afl\u0103 ceva \u00een plus fa\u021b\u0103 de \u0219ampon \u0219i balsam. Sim\u021bi\u021bi c\u0103 p\u0103rul \u0219i scalpul dvs. au nevoie de ceva \u00een plus fa\u021b\u0103 de \u00eengrijirea de baz\u0103? Serul DAENG GI MEO RI Jin Gi Vitalizing Scalp Nutrition Pack v\u0103 va completa de minute rutina actual\u0103 de \u00eengrijire. Va avea grij\u0103 de scalp, hr\u0103nindu-l \u0219i calm\u00e2ndu-l \u00een acela\u0219i timp, fortific\u00e2nd p\u0103rul de la r\u0103d\u0103cin\u0103 \u0219i oferindu-i tot ce are nevoie pentru a str\u0103luci din nou. Va revigora pl\u0103cut scalpul, \u00eei va favoriza echilibrul \u0219i va preveni senza\u021biile de disconfort. Cu o utilizare regulat\u0103, ve\u021bi observa \u00een scurt timp un p\u0103r puternic, str\u0103lucitor \u0219i cu aspect s\u0103n\u0103tos.  Caracteristici:  asigur\u0103 p\u0103rului hidratarea necesar\u0103 penetreaz\u0103 \u0219i fortific\u0103 suprafa\u021ba firului de p\u0103r reface str\u0103lucirea natural\u0103 a p\u0103rului elimin\u0103 m\u0103trea\u021ba confer\u0103 p\u0103rului for\u021be noi  Ingrediente:  ceai verde \u2013 calmeaz\u0103 scalpul, regleaz\u0103 produc\u021bia de sebum, combate m\u0103trea\u021ba \u0219i c\u0103derea excesiv\u0103 a p\u0103rului, protejeaz\u0103 \u00eempotriva radicalilor liberi datorit\u0103 antioxidan\u021bilor, fortific\u0103 p\u0103rul \u0219i favorizeaz\u0103 volumul \u0219i str\u0103lucirea acestuia acid salicilic \u2013 cur\u0103\u021b\u0103 \u00een profunzime scalpul, ajut\u0103 la exfolierea pielii moarte \u0219i la eliminarea excesului de sebum, combate m\u0103trea\u021ba \u0219i \u00eengrije\u0219te scalpul gras pantenol \u2013 hidrateaz\u0103, men\u021bine p\u0103rul \u0219i scalpul hidratate, calmeaz\u0103 \u0219i combate iritarea scalpului, neteze\u0219te fibrele de p\u0103r, \u00eembun\u0103t\u0103\u021be\u0219te elasticitatea acestora ment\u0103 \u2013 are efecte de cur\u0103\u021bare, stimuleaz\u0103 circula\u021bia sanguin\u0103 la nivelul scalpului \u0219i ajut\u0103 la cre\u0219terea firelor noi de p\u0103r, contribuie la men\u021binerea echilibrului scalpului extract de ginseng \u2013 con\u021bine vitamine, minerale \u0219i antioxidan\u021bi, \u00eembun\u0103t\u0103\u021be\u0219te circula\u021bia sanguin\u0103 a scalpului \u0219i, prin urmare, nutri\u021bia foliculilor, favorizeaz\u0103 cre\u0219terea firelor de p\u0103r noi, previne deteriorarea \u0219i c\u0103derea excesiv\u0103 a p\u0103rului alantoin\u0103 \u2013 calmeaz\u0103, hidrateaz\u0103 \u0219i catifeleaz\u0103, favorizeaz\u0103 regenerarea  Cum se utilizeaz\u0103: Se pune \u00een palm\u0103 o cantitate mic\u0103 de ser \u0219i se maseaz\u0103 \u00een p\u0103r. Nu cl\u0103ti\u021bi.<\/p>\n","protected":false},"excerpt":{"rendered":"<p>DAENG GI MEO RI Jin Gi Vitalizing Scalp Nutrition Pack, 145 ml, Seruri pentru p\u0103r pentru femei, De obicei, la baza unui p\u0103r cu adev\u0103rat frumos \u0219i s\u0103n\u0103tos de la r\u0103d\u0103cin\u0103 p\u00e2n\u0103 la v\u00e2rfuri se afl\u0103 ceva \u00een plus fa\u021b\u0103 de \u0219ampon \u0219i balsam. Sim\u021bi\u021bi c\u0103 p\u0103rul \u0219i scalpul dvs. au nevoie de ceva \u00een&#8230;<\/p>\n","protected":false},"featured_media":489794,"comment_status":"closed","ping_status":"open","template":"","meta":{"_acf_changed":false,"_kadence_starter_templates_imported_post":false,"_kad_post_transparent":"","_kad_post_title":"","_kad_post_layout":"","_kad_post_sidebar_id":"","_kad_post_content_style":"","_kad_post_vertical_padding":"","_kad_post_feature":"","_kad_post_feature_position":"","_kad_post_header":false,"_kad_post_footer":false,"_kad_post_classname":""},"product_brand":[3356],"product_cat":[1563,1590,1562],"product_tag":[],"class_list":{"0":"post-489793","1":"product","2":"type-product","3":"status-publish","4":"has-post-thumbnail","6":"product_brand-daeng-gi-meo-ri","7":"product_cat-ingrijire-personala","8":"product_cat-ingrijirea-parului","9":"product_cat-sanatate-si-frumusete","10":"pa_gen-female","11":"pa_marime-145-ml","13":"first","14":"instock","15":"sale","16":"product-type-external","17":"entry","18":"content-bg","19":"loop-entry"},"acf":[],"yoast_head":"<!-- This site is optimized with the Yoast SEO plugin v27.4 - https:\/\/yoast.com\/product\/yoast-seo-wordpress\/ -->\n<title>DAENG GI MEO RI Jin Gi Vitalizing Scalp Nutrition Pack ser de p\u0103r fortifiant \u0219i regenerator impotriva caderii parului 145 ml - SHOPATOA.COM<\/title>\n<meta name=\"robots\" content=\"index, follow, max-snippet:-1, max-image-preview:large, max-video-preview:-1\" \/>\n<link rel=\"canonical\" href=\"https:\/\/shopatoa.com\/ro\/daeng-gi-meo-ri-jin-gi-vitalizing-scalp-nutrition-pack-ser-de-par-fortifiant-si-regenerator-impotriva-caderii-parului-145-ml\/\" \/>\n<meta property=\"og:locale\" content=\"ro_RO\" \/>\n<meta property=\"og:type\" content=\"article\" \/>\n<meta property=\"og:title\" content=\"DAENG GI MEO RI Jin Gi Vitalizing Scalp Nutrition Pack ser de p\u0103r fortifiant \u0219i regenerator impotriva caderii parului 145 ml - SHOPATOA.COM\" \/>\n<meta property=\"og:description\" content=\"DAENG GI MEO RI Jin Gi Vitalizing Scalp Nutrition Pack, 145 ml, Seruri pentru p\u0103r pentru femei, De obicei, la baza unui p\u0103r cu adev\u0103rat frumos \u0219i s\u0103n\u0103tos de la r\u0103d\u0103cin\u0103 p\u00e2n\u0103 la v\u00e2rfuri se afl\u0103 ceva \u00een plus fa\u021b\u0103 de \u0219ampon \u0219i balsam. Sim\u021bi\u021bi c\u0103 p\u0103rul \u0219i scalpul dvs. au nevoie de ceva \u00een...\" \/>\n<meta property=\"og:url\" content=\"https:\/\/shopatoa.com\/ro\/daeng-gi-meo-ri-jin-gi-vitalizing-scalp-nutrition-pack-ser-de-par-fortifiant-si-regenerator-impotriva-caderii-parului-145-ml\/\" \/>\n<meta property=\"og:site_name\" content=\"SHOPATOA\" \/>\n<meta property=\"article:modified_time\" content=\"2025-12-13T06:05:38+00:00\" \/>\n<meta property=\"og:image\" content=\"https:\/\/storage.googleapis.com\/cz-shopatoa-img\/ro\/1585af77-unnamed-file.webp\" \/>\n\t<meta property=\"og:image:width\" content=\"800\" \/>\n\t<meta property=\"og:image:height\" content=\"800\" \/>\n\t<meta property=\"og:image:type\" content=\"image\/webp\" \/>\n<meta name=\"twitter:card\" content=\"summary_large_image\" \/>\n<meta name=\"twitter:label1\" content=\"Timp estimat pentru citire\" \/>\n\t<meta name=\"twitter:data1\" content=\"2 minute\" \/>\n<script type=\"application\/ld+json\" class=\"yoast-schema-graph\">{\"@context\":\"https:\\\/\\\/schema.org\",\"@graph\":[{\"@type\":\"WebPage\",\"@id\":\"https:\\\/\\\/shopatoa.com\\\/ro\\\/daeng-gi-meo-ri-jin-gi-vitalizing-scalp-nutrition-pack-ser-de-par-fortifiant-si-regenerator-impotriva-caderii-parului-145-ml\\\/\",\"url\":\"https:\\\/\\\/shopatoa.com\\\/ro\\\/daeng-gi-meo-ri-jin-gi-vitalizing-scalp-nutrition-pack-ser-de-par-fortifiant-si-regenerator-impotriva-caderii-parului-145-ml\\\/\",\"name\":\"DAENG GI MEO RI Jin Gi Vitalizing Scalp Nutrition Pack ser de p\u0103r fortifiant \u0219i regenerator impotriva caderii parului 145 ml - SHOPATOA.COM\",\"isPartOf\":{\"@id\":\"https:\\\/\\\/shopatoa.com\\\/ro\\\/#website\"},\"primaryImageOfPage\":{\"@id\":\"https:\\\/\\\/shopatoa.com\\\/ro\\\/daeng-gi-meo-ri-jin-gi-vitalizing-scalp-nutrition-pack-ser-de-par-fortifiant-si-regenerator-impotriva-caderii-parului-145-ml\\\/#primaryimage\"},\"image\":{\"@id\":\"https:\\\/\\\/shopatoa.com\\\/ro\\\/daeng-gi-meo-ri-jin-gi-vitalizing-scalp-nutrition-pack-ser-de-par-fortifiant-si-regenerator-impotriva-caderii-parului-145-ml\\\/#primaryimage\"},\"thumbnailUrl\":\"https:\\\/\\\/storage.googleapis.com\\\/cz-shopatoa-img\\\/ro\\\/1585af77-unnamed-file.webp\",\"datePublished\":\"2025-07-03T10:21:35+00:00\",\"dateModified\":\"2025-12-13T06:05:38+00:00\",\"breadcrumb\":{\"@id\":\"https:\\\/\\\/shopatoa.com\\\/ro\\\/daeng-gi-meo-ri-jin-gi-vitalizing-scalp-nutrition-pack-ser-de-par-fortifiant-si-regenerator-impotriva-caderii-parului-145-ml\\\/#breadcrumb\"},\"inLanguage\":\"ro-RO\",\"potentialAction\":[{\"@type\":\"ReadAction\",\"target\":[\"https:\\\/\\\/shopatoa.com\\\/ro\\\/daeng-gi-meo-ri-jin-gi-vitalizing-scalp-nutrition-pack-ser-de-par-fortifiant-si-regenerator-impotriva-caderii-parului-145-ml\\\/\"]}]},{\"@type\":\"ImageObject\",\"inLanguage\":\"ro-RO\",\"@id\":\"https:\\\/\\\/shopatoa.com\\\/ro\\\/daeng-gi-meo-ri-jin-gi-vitalizing-scalp-nutrition-pack-ser-de-par-fortifiant-si-regenerator-impotriva-caderii-parului-145-ml\\\/#primaryimage\",\"url\":\"https:\\\/\\\/storage.googleapis.com\\\/cz-shopatoa-img\\\/ro\\\/1585af77-unnamed-file.webp\",\"contentUrl\":\"https:\\\/\\\/storage.googleapis.com\\\/cz-shopatoa-img\\\/ro\\\/1585af77-unnamed-file.webp\",\"width\":800,\"height\":800},{\"@type\":\"BreadcrumbList\",\"@id\":\"https:\\\/\\\/shopatoa.com\\\/ro\\\/daeng-gi-meo-ri-jin-gi-vitalizing-scalp-nutrition-pack-ser-de-par-fortifiant-si-regenerator-impotriva-caderii-parului-145-ml\\\/#breadcrumb\",\"itemListElement\":[{\"@type\":\"ListItem\",\"position\":1,\"name\":\"Dom\u016f\",\"item\":\"https:\\\/\\\/shopatoa.com\\\/ro\\\/\"},{\"@type\":\"ListItem\",\"position\":2,\"name\":\"Shop\",\"item\":\"https:\\\/\\\/shopatoa.com\\\/ro\\\/shop\\\/\"},{\"@type\":\"ListItem\",\"position\":3,\"name\":\"S\u0103n\u0103tate \u0219i frumuse\u021be\",\"item\":\"https:\\\/\\\/shopatoa.com\\\/ro\\\/sanatate-si-frumusete\\\/\"},{\"@type\":\"ListItem\",\"position\":4,\"name\":\"\u00cengrijire personal\u0103\",\"item\":\"https:\\\/\\\/shopatoa.com\\\/ro\\\/ingrijire-personala\\\/\"},{\"@type\":\"ListItem\",\"position\":5,\"name\":\"\u00cengrijirea p\u0103rului\",\"item\":\"https:\\\/\\\/shopatoa.com\\\/ro\\\/ingrijirea-parului\\\/\"},{\"@type\":\"ListItem\",\"position\":6,\"name\":\"DAENG GI MEO RI Jin Gi Vitalizing Scalp Nutrition Pack ser de p\u0103r fortifiant \u0219i regenerator impotriva caderii parului 145 ml\"}]},{\"@type\":\"WebSite\",\"@id\":\"https:\\\/\\\/shopatoa.com\\\/ro\\\/#website\",\"url\":\"https:\\\/\\\/shopatoa.com\\\/ro\\\/\",\"name\":\"SHOPATOA\",\"description\":\"\",\"publisher\":{\"@id\":\"https:\\\/\\\/shopatoa.com\\\/ro\\\/#organization\"},\"potentialAction\":[{\"@type\":\"SearchAction\",\"target\":{\"@type\":\"EntryPoint\",\"urlTemplate\":\"https:\\\/\\\/shopatoa.com\\\/ro\\\/?s={search_term_string}\"},\"query-input\":{\"@type\":\"PropertyValueSpecification\",\"valueRequired\":true,\"valueName\":\"search_term_string\"}}],\"inLanguage\":\"ro-RO\"},{\"@type\":\"Organization\",\"@id\":\"https:\\\/\\\/shopatoa.com\\\/ro\\\/#organization\",\"name\":\"SHOPATOA\",\"url\":\"https:\\\/\\\/shopatoa.com\\\/ro\\\/\",\"logo\":{\"@type\":\"ImageObject\",\"inLanguage\":\"ro-RO\",\"@id\":\"https:\\\/\\\/shopatoa.com\\\/ro\\\/#\\\/schema\\\/logo\\\/image\\\/\",\"url\":\"https:\\\/\\\/storage.googleapis.com\\\/cz-shopatoa-img\\\/ro\\\/b4dac915-shopatoa_logo.png\",\"contentUrl\":\"https:\\\/\\\/storage.googleapis.com\\\/cz-shopatoa-img\\\/ro\\\/b4dac915-shopatoa_logo.png\",\"width\":416,\"height\":63,\"caption\":\"SHOPATOA\"},\"image\":{\"@id\":\"https:\\\/\\\/shopatoa.com\\\/ro\\\/#\\\/schema\\\/logo\\\/image\\\/\"}}]}<\/script>\n<!-- \/ Yoast SEO plugin. -->","yoast_head_json":{"title":"DAENG GI MEO RI Jin Gi Vitalizing Scalp Nutrition Pack ser de p\u0103r fortifiant \u0219i regenerator impotriva caderii parului 145 ml - SHOPATOA.COM","robots":{"index":"index","follow":"follow","max-snippet":"max-snippet:-1","max-image-preview":"max-image-preview:large","max-video-preview":"max-video-preview:-1"},"canonical":"https:\/\/shopatoa.com\/ro\/daeng-gi-meo-ri-jin-gi-vitalizing-scalp-nutrition-pack-ser-de-par-fortifiant-si-regenerator-impotriva-caderii-parului-145-ml\/","og_locale":"ro_RO","og_type":"article","og_title":"DAENG GI MEO RI Jin Gi Vitalizing Scalp Nutrition Pack ser de p\u0103r fortifiant \u0219i regenerator impotriva caderii parului 145 ml - SHOPATOA.COM","og_description":"DAENG GI MEO RI Jin Gi Vitalizing Scalp Nutrition Pack, 145 ml, Seruri pentru p\u0103r pentru femei, De obicei, la baza unui p\u0103r cu adev\u0103rat frumos \u0219i s\u0103n\u0103tos de la r\u0103d\u0103cin\u0103 p\u00e2n\u0103 la v\u00e2rfuri se afl\u0103 ceva \u00een plus fa\u021b\u0103 de \u0219ampon \u0219i balsam. Sim\u021bi\u021bi c\u0103 p\u0103rul \u0219i scalpul dvs. au nevoie de ceva \u00een...","og_url":"https:\/\/shopatoa.com\/ro\/daeng-gi-meo-ri-jin-gi-vitalizing-scalp-nutrition-pack-ser-de-par-fortifiant-si-regenerator-impotriva-caderii-parului-145-ml\/","og_site_name":"SHOPATOA","article_modified_time":"2025-12-13T06:05:38+00:00","og_image":[{"width":800,"height":800,"url":"https:\/\/storage.googleapis.com\/cz-shopatoa-img\/ro\/1585af77-unnamed-file.webp","type":"image\/webp"}],"twitter_card":"summary_large_image","twitter_misc":{"Timp estimat pentru citire":"2 minute"},"schema":{"@context":"https:\/\/schema.org","@graph":[{"@type":"WebPage","@id":"https:\/\/shopatoa.com\/ro\/daeng-gi-meo-ri-jin-gi-vitalizing-scalp-nutrition-pack-ser-de-par-fortifiant-si-regenerator-impotriva-caderii-parului-145-ml\/","url":"https:\/\/shopatoa.com\/ro\/daeng-gi-meo-ri-jin-gi-vitalizing-scalp-nutrition-pack-ser-de-par-fortifiant-si-regenerator-impotriva-caderii-parului-145-ml\/","name":"DAENG GI MEO RI Jin Gi Vitalizing Scalp Nutrition Pack ser de p\u0103r fortifiant \u0219i regenerator impotriva caderii parului 145 ml - SHOPATOA.COM","isPartOf":{"@id":"https:\/\/shopatoa.com\/ro\/#website"},"primaryImageOfPage":{"@id":"https:\/\/shopatoa.com\/ro\/daeng-gi-meo-ri-jin-gi-vitalizing-scalp-nutrition-pack-ser-de-par-fortifiant-si-regenerator-impotriva-caderii-parului-145-ml\/#primaryimage"},"image":{"@id":"https:\/\/shopatoa.com\/ro\/daeng-gi-meo-ri-jin-gi-vitalizing-scalp-nutrition-pack-ser-de-par-fortifiant-si-regenerator-impotriva-caderii-parului-145-ml\/#primaryimage"},"thumbnailUrl":"https:\/\/storage.googleapis.com\/cz-shopatoa-img\/ro\/1585af77-unnamed-file.webp","datePublished":"2025-07-03T10:21:35+00:00","dateModified":"2025-12-13T06:05:38+00:00","breadcrumb":{"@id":"https:\/\/shopatoa.com\/ro\/daeng-gi-meo-ri-jin-gi-vitalizing-scalp-nutrition-pack-ser-de-par-fortifiant-si-regenerator-impotriva-caderii-parului-145-ml\/#breadcrumb"},"inLanguage":"ro-RO","potentialAction":[{"@type":"ReadAction","target":["https:\/\/shopatoa.com\/ro\/daeng-gi-meo-ri-jin-gi-vitalizing-scalp-nutrition-pack-ser-de-par-fortifiant-si-regenerator-impotriva-caderii-parului-145-ml\/"]}]},{"@type":"ImageObject","inLanguage":"ro-RO","@id":"https:\/\/shopatoa.com\/ro\/daeng-gi-meo-ri-jin-gi-vitalizing-scalp-nutrition-pack-ser-de-par-fortifiant-si-regenerator-impotriva-caderii-parului-145-ml\/#primaryimage","url":"https:\/\/storage.googleapis.com\/cz-shopatoa-img\/ro\/1585af77-unnamed-file.webp","contentUrl":"https:\/\/storage.googleapis.com\/cz-shopatoa-img\/ro\/1585af77-unnamed-file.webp","width":800,"height":800},{"@type":"BreadcrumbList","@id":"https:\/\/shopatoa.com\/ro\/daeng-gi-meo-ri-jin-gi-vitalizing-scalp-nutrition-pack-ser-de-par-fortifiant-si-regenerator-impotriva-caderii-parului-145-ml\/#breadcrumb","itemListElement":[{"@type":"ListItem","position":1,"name":"Dom\u016f","item":"https:\/\/shopatoa.com\/ro\/"},{"@type":"ListItem","position":2,"name":"Shop","item":"https:\/\/shopatoa.com\/ro\/shop\/"},{"@type":"ListItem","position":3,"name":"S\u0103n\u0103tate \u0219i frumuse\u021be","item":"https:\/\/shopatoa.com\/ro\/sanatate-si-frumusete\/"},{"@type":"ListItem","position":4,"name":"\u00cengrijire personal\u0103","item":"https:\/\/shopatoa.com\/ro\/ingrijire-personala\/"},{"@type":"ListItem","position":5,"name":"\u00cengrijirea p\u0103rului","item":"https:\/\/shopatoa.com\/ro\/ingrijirea-parului\/"},{"@type":"ListItem","position":6,"name":"DAENG GI MEO RI Jin Gi Vitalizing Scalp Nutrition Pack ser de p\u0103r fortifiant \u0219i regenerator impotriva caderii parului 145 ml"}]},{"@type":"WebSite","@id":"https:\/\/shopatoa.com\/ro\/#website","url":"https:\/\/shopatoa.com\/ro\/","name":"SHOPATOA","description":"","publisher":{"@id":"https:\/\/shopatoa.com\/ro\/#organization"},"potentialAction":[{"@type":"SearchAction","target":{"@type":"EntryPoint","urlTemplate":"https:\/\/shopatoa.com\/ro\/?s={search_term_string}"},"query-input":{"@type":"PropertyValueSpecification","valueRequired":true,"valueName":"search_term_string"}}],"inLanguage":"ro-RO"},{"@type":"Organization","@id":"https:\/\/shopatoa.com\/ro\/#organization","name":"SHOPATOA","url":"https:\/\/shopatoa.com\/ro\/","logo":{"@type":"ImageObject","inLanguage":"ro-RO","@id":"https:\/\/shopatoa.com\/ro\/#\/schema\/logo\/image\/","url":"https:\/\/storage.googleapis.com\/cz-shopatoa-img\/ro\/b4dac915-shopatoa_logo.png","contentUrl":"https:\/\/storage.googleapis.com\/cz-shopatoa-img\/ro\/b4dac915-shopatoa_logo.png","width":416,"height":63,"caption":"SHOPATOA"},"image":{"@id":"https:\/\/shopatoa.com\/ro\/#\/schema\/logo\/image\/"}}]}},"_links":{"self":[{"href":"https:\/\/shopatoa.com\/ro\/wp-json\/wp\/v2\/product\/489793","targetHints":{"allow":["GET"]}}],"collection":[{"href":"https:\/\/shopatoa.com\/ro\/wp-json\/wp\/v2\/product"}],"about":[{"href":"https:\/\/shopatoa.com\/ro\/wp-json\/wp\/v2\/types\/product"}],"replies":[{"embeddable":true,"href":"https:\/\/shopatoa.com\/ro\/wp-json\/wp\/v2\/comments?post=489793"}],"wp:featuredmedia":[{"embeddable":true,"href":"https:\/\/shopatoa.com\/ro\/wp-json\/wp\/v2\/media\/489794"}],"wp:attachment":[{"href":"https:\/\/shopatoa.com\/ro\/wp-json\/wp\/v2\/media?parent=489793"}],"wp:term":[{"taxonomy":"product_brand","embeddable":true,"href":"https:\/\/shopatoa.com\/ro\/wp-json\/wp\/v2\/product_brand?post=489793"},{"taxonomy":"product_cat","embeddable":true,"href":"https:\/\/shopatoa.com\/ro\/wp-json\/wp\/v2\/product_cat?post=489793"},{"taxonomy":"product_tag","embeddable":true,"href":"https:\/\/shopatoa.com\/ro\/wp-json\/wp\/v2\/product_tag?post=489793"}],"curies":[{"name":"wp","href":"https:\/\/api.w.org\/{rel}","templated":true}]}}