{"id":489917,"date":"2025-07-03T12:32:35","date_gmt":"2025-07-03T10:32:35","guid":{"rendered":"https:\/\/shopatoa.com\/ro\/bleach-london-toner-kit-vopsea-de-par-semipermanenta-pentru-par-blond-culoare-rose-1-buc\/"},"modified":"2025-12-13T06:23:32","modified_gmt":"2025-12-13T05:23:32","slug":"bleach-london-toner-kit-vopsea-de-par-semipermanenta-pentru-par-blond-culoare-rose-1-buc","status":"publish","type":"product","link":"https:\/\/shopatoa.com\/ro\/bleach-london-toner-kit-vopsea-de-par-semipermanenta-pentru-par-blond-culoare-rose-1-buc\/","title":{"rendered":"Bleach London Toner Kit vopsea de p\u0103r semipermanent\u0103 pentru par blond culoare Ros\u00e9 1 buc"},"content":{"rendered":"<p>Bleach London Toner Kit, 1 buc, Nuan\u021batoare de p\u0103r pentru femei, Dori\u021bi s\u0103 v\u0103 \u00eenviora\u021bi culoarea p\u0103rului sau s\u0103 \u00eei oferi\u021bi un aspect nou pentru c\u00e2teva s\u0103pt\u0103m\u00e2ni? Vopseaua de p\u0103r semipermanent\u0103 Bleach London Toner Kit v\u0103 va ajuta s\u0103 ob\u021bine\u021bi o culoare lavabil\u0103, dar uimitor de vibrant\u0103, f\u0103r\u0103 s\u0103 v\u0103 deteriora\u021bi p\u0103rul. Spre deosebire de pigmen\u021bii vopselelor permanente, pigmen\u021bii s\u0103i nu p\u0103trund ad\u00e2nc \u00een fibra capilar\u0103, ci doar ader\u0103 la suprafa\u021b\u0103, sp\u0103l\u00e2ndu-se treptat. Prin urmare, aceast\u0103 vopsea de p\u0103r semipermanent\u0103 va oferi p\u0103rului dvs. o nuan\u021b\u0103 intens\u0103 de culoare \u0219i o str\u0103lucire radiant\u0103 doar pentru c\u00e2teva s\u0103pt\u0103m\u00e2ni, fiind de ajutor dac\u0103 v\u0103 dori\u021bi o nuan\u021b\u0103 nou\u0103 \u0219i vre\u021bi s\u0103 o testa\u021bi mai \u00eent\u00e2i c\u00e2teva s\u0103pt\u0103m\u00e2ni. \u00cen plus, ve\u021bi aprecia vopsirea semipermanent\u0103 \u0219i sp\u0103larea natural\u0103 a culorii, deoarece nu va trebui s\u0103 v\u0103 face\u021bi griji cu privire la vizibilitatea r\u0103d\u0103cinilor crescute.  Setul con\u021bine:  vopsea de p\u0103r semipermanent\u0103 40 ml revelator de culoare 80 ml masca hranitoare pentru p\u0103r uscat \u0219i deteriorat 15 ml toner pentru neutralizarea tonurilor de galben m\u0103nu\u0219i  Caracteristici:  creeaz\u0103 efectul de ton pe ton las\u0103 p\u0103rul str\u0103lucitor \u0219i neted  Cum se utilizeaz\u0103: Se vor urma instruc\u021biunile incluse. Se amestec\u0103 vopseaua cu activatorul \u0219i se aplic\u0103 pe p\u0103rul uscat, nesp\u0103lat. Dup\u0103 expirarea perioadei recomandate \u00een informa\u021biile din pachet, se spal\u0103 temeinic.<\/p>\n","protected":false},"excerpt":{"rendered":"<p>Bleach London Toner Kit, 1 buc, Nuan\u021batoare de p\u0103r pentru femei, Dori\u021bi s\u0103 v\u0103 \u00eenviora\u021bi culoarea p\u0103rului sau s\u0103 \u00eei oferi\u021bi un aspect nou pentru c\u00e2teva s\u0103pt\u0103m\u00e2ni? Vopseaua de p\u0103r semipermanent\u0103 Bleach London Toner Kit v\u0103 va ajuta s\u0103 ob\u021bine\u021bi o culoare lavabil\u0103, dar uimitor de vibrant\u0103, f\u0103r\u0103 s\u0103 v\u0103 deteriora\u021bi p\u0103rul. Spre deosebire de&#8230;<\/p>\n","protected":false},"featured_media":489918,"comment_status":"closed","ping_status":"open","template":"","meta":{"_acf_changed":false,"_kadence_starter_templates_imported_post":false,"_kad_post_transparent":"","_kad_post_title":"","_kad_post_layout":"","_kad_post_sidebar_id":"","_kad_post_content_style":"","_kad_post_vertical_padding":"","_kad_post_feature":"","_kad_post_feature_position":"","_kad_post_header":false,"_kad_post_footer":false,"_kad_post_classname":""},"product_brand":[1956],"product_cat":[1563,1590,4223,1562],"product_tag":[],"class_list":{"0":"post-489917","1":"product","2":"type-product","3":"status-publish","4":"has-post-thumbnail","6":"product_brand-bleach-london","7":"product_cat-ingrijire-personala","8":"product_cat-ingrijirea-parului","9":"product_cat-produse-de-stilizare-a-parului","10":"product_cat-sanatate-si-frumusete","11":"pa_gen-female","12":"pa_marime-1-buc","14":"first","15":"instock","16":"product-type-external","17":"entry","18":"content-bg","19":"loop-entry"},"acf":[],"yoast_head":"<!-- This site is optimized with the Yoast SEO plugin v27.3 - https:\/\/yoast.com\/product\/yoast-seo-wordpress\/ -->\n<title>Bleach London Toner Kit vopsea de p\u0103r semipermanent\u0103 pentru par blond culoare Ros\u00e9 1 buc - SHOPATOA.COM<\/title>\n<meta name=\"robots\" content=\"index, follow, max-snippet:-1, max-image-preview:large, max-video-preview:-1\" \/>\n<link rel=\"canonical\" href=\"https:\/\/shopatoa.com\/ro\/bleach-london-toner-kit-vopsea-de-par-semipermanenta-pentru-par-blond-culoare-rose-1-buc\/\" \/>\n<meta property=\"og:locale\" content=\"ro_RO\" \/>\n<meta property=\"og:type\" content=\"article\" \/>\n<meta property=\"og:title\" content=\"Bleach London Toner Kit vopsea de p\u0103r semipermanent\u0103 pentru par blond culoare Ros\u00e9 1 buc - SHOPATOA.COM\" \/>\n<meta property=\"og:description\" content=\"Bleach London Toner Kit, 1 buc, Nuan\u021batoare de p\u0103r pentru femei, Dori\u021bi s\u0103 v\u0103 \u00eenviora\u021bi culoarea p\u0103rului sau s\u0103 \u00eei oferi\u021bi un aspect nou pentru c\u00e2teva s\u0103pt\u0103m\u00e2ni? Vopseaua de p\u0103r semipermanent\u0103 Bleach London Toner Kit v\u0103 va ajuta s\u0103 ob\u021bine\u021bi o culoare lavabil\u0103, dar uimitor de vibrant\u0103, f\u0103r\u0103 s\u0103 v\u0103 deteriora\u021bi p\u0103rul. Spre deosebire de...\" \/>\n<meta property=\"og:url\" content=\"https:\/\/shopatoa.com\/ro\/bleach-london-toner-kit-vopsea-de-par-semipermanenta-pentru-par-blond-culoare-rose-1-buc\/\" \/>\n<meta property=\"og:site_name\" content=\"SHOPATOA\" \/>\n<meta property=\"article:modified_time\" content=\"2025-12-13T05:23:32+00:00\" \/>\n<meta property=\"og:image\" content=\"https:\/\/storage.googleapis.com\/cz-shopatoa-img\/ro\/431a4e2f-unnamed-file.webp\" \/>\n\t<meta property=\"og:image:width\" content=\"800\" \/>\n\t<meta property=\"og:image:height\" content=\"800\" \/>\n\t<meta property=\"og:image:type\" content=\"image\/webp\" \/>\n<meta name=\"twitter:card\" content=\"summary_large_image\" \/>\n<meta name=\"twitter:label1\" content=\"Timp estimat pentru citire\" \/>\n\t<meta name=\"twitter:data1\" content=\"1 minut\" \/>\n<script type=\"application\/ld+json\" class=\"yoast-schema-graph\">{\"@context\":\"https:\\\/\\\/schema.org\",\"@graph\":[{\"@type\":\"WebPage\",\"@id\":\"https:\\\/\\\/shopatoa.com\\\/ro\\\/bleach-london-toner-kit-vopsea-de-par-semipermanenta-pentru-par-blond-culoare-rose-1-buc\\\/\",\"url\":\"https:\\\/\\\/shopatoa.com\\\/ro\\\/bleach-london-toner-kit-vopsea-de-par-semipermanenta-pentru-par-blond-culoare-rose-1-buc\\\/\",\"name\":\"Bleach London Toner Kit vopsea de p\u0103r semipermanent\u0103 pentru par blond culoare Ros\u00e9 1 buc - SHOPATOA.COM\",\"isPartOf\":{\"@id\":\"https:\\\/\\\/shopatoa.com\\\/ro\\\/#website\"},\"primaryImageOfPage\":{\"@id\":\"https:\\\/\\\/shopatoa.com\\\/ro\\\/bleach-london-toner-kit-vopsea-de-par-semipermanenta-pentru-par-blond-culoare-rose-1-buc\\\/#primaryimage\"},\"image\":{\"@id\":\"https:\\\/\\\/shopatoa.com\\\/ro\\\/bleach-london-toner-kit-vopsea-de-par-semipermanenta-pentru-par-blond-culoare-rose-1-buc\\\/#primaryimage\"},\"thumbnailUrl\":\"https:\\\/\\\/storage.googleapis.com\\\/cz-shopatoa-img\\\/ro\\\/431a4e2f-unnamed-file.webp\",\"datePublished\":\"2025-07-03T10:32:35+00:00\",\"dateModified\":\"2025-12-13T05:23:32+00:00\",\"breadcrumb\":{\"@id\":\"https:\\\/\\\/shopatoa.com\\\/ro\\\/bleach-london-toner-kit-vopsea-de-par-semipermanenta-pentru-par-blond-culoare-rose-1-buc\\\/#breadcrumb\"},\"inLanguage\":\"ro-RO\",\"potentialAction\":[{\"@type\":\"ReadAction\",\"target\":[\"https:\\\/\\\/shopatoa.com\\\/ro\\\/bleach-london-toner-kit-vopsea-de-par-semipermanenta-pentru-par-blond-culoare-rose-1-buc\\\/\"]}]},{\"@type\":\"ImageObject\",\"inLanguage\":\"ro-RO\",\"@id\":\"https:\\\/\\\/shopatoa.com\\\/ro\\\/bleach-london-toner-kit-vopsea-de-par-semipermanenta-pentru-par-blond-culoare-rose-1-buc\\\/#primaryimage\",\"url\":\"https:\\\/\\\/storage.googleapis.com\\\/cz-shopatoa-img\\\/ro\\\/431a4e2f-unnamed-file.webp\",\"contentUrl\":\"https:\\\/\\\/storage.googleapis.com\\\/cz-shopatoa-img\\\/ro\\\/431a4e2f-unnamed-file.webp\",\"width\":800,\"height\":800},{\"@type\":\"BreadcrumbList\",\"@id\":\"https:\\\/\\\/shopatoa.com\\\/ro\\\/bleach-london-toner-kit-vopsea-de-par-semipermanenta-pentru-par-blond-culoare-rose-1-buc\\\/#breadcrumb\",\"itemListElement\":[{\"@type\":\"ListItem\",\"position\":1,\"name\":\"Dom\u016f\",\"item\":\"https:\\\/\\\/shopatoa.com\\\/ro\\\/\"},{\"@type\":\"ListItem\",\"position\":2,\"name\":\"Shop\",\"item\":\"https:\\\/\\\/shopatoa.com\\\/ro\\\/shop\\\/\"},{\"@type\":\"ListItem\",\"position\":3,\"name\":\"S\u0103n\u0103tate \u0219i frumuse\u021be\",\"item\":\"https:\\\/\\\/shopatoa.com\\\/ro\\\/sanatate-si-frumusete\\\/\"},{\"@type\":\"ListItem\",\"position\":4,\"name\":\"\u00cengrijire personal\u0103\",\"item\":\"https:\\\/\\\/shopatoa.com\\\/ro\\\/ingrijire-personala\\\/\"},{\"@type\":\"ListItem\",\"position\":5,\"name\":\"\u00cengrijirea p\u0103rului\",\"item\":\"https:\\\/\\\/shopatoa.com\\\/ro\\\/ingrijirea-parului\\\/\"},{\"@type\":\"ListItem\",\"position\":6,\"name\":\"Produse de stilizare a p\u0103rului\",\"item\":\"https:\\\/\\\/shopatoa.com\\\/ro\\\/produse-de-stilizare-a-parului\\\/\"},{\"@type\":\"ListItem\",\"position\":7,\"name\":\"Bleach London Toner Kit vopsea de p\u0103r semipermanent\u0103 pentru par blond culoare Ros\u00e9 1 buc\"}]},{\"@type\":\"WebSite\",\"@id\":\"https:\\\/\\\/shopatoa.com\\\/ro\\\/#website\",\"url\":\"https:\\\/\\\/shopatoa.com\\\/ro\\\/\",\"name\":\"SHOPATOA\",\"description\":\"\",\"publisher\":{\"@id\":\"https:\\\/\\\/shopatoa.com\\\/ro\\\/#organization\"},\"potentialAction\":[{\"@type\":\"SearchAction\",\"target\":{\"@type\":\"EntryPoint\",\"urlTemplate\":\"https:\\\/\\\/shopatoa.com\\\/ro\\\/?s={search_term_string}\"},\"query-input\":{\"@type\":\"PropertyValueSpecification\",\"valueRequired\":true,\"valueName\":\"search_term_string\"}}],\"inLanguage\":\"ro-RO\"},{\"@type\":\"Organization\",\"@id\":\"https:\\\/\\\/shopatoa.com\\\/ro\\\/#organization\",\"name\":\"SHOPATOA\",\"url\":\"https:\\\/\\\/shopatoa.com\\\/ro\\\/\",\"logo\":{\"@type\":\"ImageObject\",\"inLanguage\":\"ro-RO\",\"@id\":\"https:\\\/\\\/shopatoa.com\\\/ro\\\/#\\\/schema\\\/logo\\\/image\\\/\",\"url\":\"https:\\\/\\\/storage.googleapis.com\\\/cz-shopatoa-img\\\/ro\\\/b4dac915-shopatoa_logo.png\",\"contentUrl\":\"https:\\\/\\\/storage.googleapis.com\\\/cz-shopatoa-img\\\/ro\\\/b4dac915-shopatoa_logo.png\",\"width\":416,\"height\":63,\"caption\":\"SHOPATOA\"},\"image\":{\"@id\":\"https:\\\/\\\/shopatoa.com\\\/ro\\\/#\\\/schema\\\/logo\\\/image\\\/\"}}]}<\/script>\n<!-- \/ Yoast SEO plugin. -->","yoast_head_json":{"title":"Bleach London Toner Kit vopsea de p\u0103r semipermanent\u0103 pentru par blond culoare Ros\u00e9 1 buc - SHOPATOA.COM","robots":{"index":"index","follow":"follow","max-snippet":"max-snippet:-1","max-image-preview":"max-image-preview:large","max-video-preview":"max-video-preview:-1"},"canonical":"https:\/\/shopatoa.com\/ro\/bleach-london-toner-kit-vopsea-de-par-semipermanenta-pentru-par-blond-culoare-rose-1-buc\/","og_locale":"ro_RO","og_type":"article","og_title":"Bleach London Toner Kit vopsea de p\u0103r semipermanent\u0103 pentru par blond culoare Ros\u00e9 1 buc - SHOPATOA.COM","og_description":"Bleach London Toner Kit, 1 buc, Nuan\u021batoare de p\u0103r pentru femei, Dori\u021bi s\u0103 v\u0103 \u00eenviora\u021bi culoarea p\u0103rului sau s\u0103 \u00eei oferi\u021bi un aspect nou pentru c\u00e2teva s\u0103pt\u0103m\u00e2ni? Vopseaua de p\u0103r semipermanent\u0103 Bleach London Toner Kit v\u0103 va ajuta s\u0103 ob\u021bine\u021bi o culoare lavabil\u0103, dar uimitor de vibrant\u0103, f\u0103r\u0103 s\u0103 v\u0103 deteriora\u021bi p\u0103rul. Spre deosebire de...","og_url":"https:\/\/shopatoa.com\/ro\/bleach-london-toner-kit-vopsea-de-par-semipermanenta-pentru-par-blond-culoare-rose-1-buc\/","og_site_name":"SHOPATOA","article_modified_time":"2025-12-13T05:23:32+00:00","og_image":[{"width":800,"height":800,"url":"https:\/\/storage.googleapis.com\/cz-shopatoa-img\/ro\/431a4e2f-unnamed-file.webp","type":"image\/webp"}],"twitter_card":"summary_large_image","twitter_misc":{"Timp estimat pentru citire":"1 minut"},"schema":{"@context":"https:\/\/schema.org","@graph":[{"@type":"WebPage","@id":"https:\/\/shopatoa.com\/ro\/bleach-london-toner-kit-vopsea-de-par-semipermanenta-pentru-par-blond-culoare-rose-1-buc\/","url":"https:\/\/shopatoa.com\/ro\/bleach-london-toner-kit-vopsea-de-par-semipermanenta-pentru-par-blond-culoare-rose-1-buc\/","name":"Bleach London Toner Kit vopsea de p\u0103r semipermanent\u0103 pentru par blond culoare Ros\u00e9 1 buc - SHOPATOA.COM","isPartOf":{"@id":"https:\/\/shopatoa.com\/ro\/#website"},"primaryImageOfPage":{"@id":"https:\/\/shopatoa.com\/ro\/bleach-london-toner-kit-vopsea-de-par-semipermanenta-pentru-par-blond-culoare-rose-1-buc\/#primaryimage"},"image":{"@id":"https:\/\/shopatoa.com\/ro\/bleach-london-toner-kit-vopsea-de-par-semipermanenta-pentru-par-blond-culoare-rose-1-buc\/#primaryimage"},"thumbnailUrl":"https:\/\/storage.googleapis.com\/cz-shopatoa-img\/ro\/431a4e2f-unnamed-file.webp","datePublished":"2025-07-03T10:32:35+00:00","dateModified":"2025-12-13T05:23:32+00:00","breadcrumb":{"@id":"https:\/\/shopatoa.com\/ro\/bleach-london-toner-kit-vopsea-de-par-semipermanenta-pentru-par-blond-culoare-rose-1-buc\/#breadcrumb"},"inLanguage":"ro-RO","potentialAction":[{"@type":"ReadAction","target":["https:\/\/shopatoa.com\/ro\/bleach-london-toner-kit-vopsea-de-par-semipermanenta-pentru-par-blond-culoare-rose-1-buc\/"]}]},{"@type":"ImageObject","inLanguage":"ro-RO","@id":"https:\/\/shopatoa.com\/ro\/bleach-london-toner-kit-vopsea-de-par-semipermanenta-pentru-par-blond-culoare-rose-1-buc\/#primaryimage","url":"https:\/\/storage.googleapis.com\/cz-shopatoa-img\/ro\/431a4e2f-unnamed-file.webp","contentUrl":"https:\/\/storage.googleapis.com\/cz-shopatoa-img\/ro\/431a4e2f-unnamed-file.webp","width":800,"height":800},{"@type":"BreadcrumbList","@id":"https:\/\/shopatoa.com\/ro\/bleach-london-toner-kit-vopsea-de-par-semipermanenta-pentru-par-blond-culoare-rose-1-buc\/#breadcrumb","itemListElement":[{"@type":"ListItem","position":1,"name":"Dom\u016f","item":"https:\/\/shopatoa.com\/ro\/"},{"@type":"ListItem","position":2,"name":"Shop","item":"https:\/\/shopatoa.com\/ro\/shop\/"},{"@type":"ListItem","position":3,"name":"S\u0103n\u0103tate \u0219i frumuse\u021be","item":"https:\/\/shopatoa.com\/ro\/sanatate-si-frumusete\/"},{"@type":"ListItem","position":4,"name":"\u00cengrijire personal\u0103","item":"https:\/\/shopatoa.com\/ro\/ingrijire-personala\/"},{"@type":"ListItem","position":5,"name":"\u00cengrijirea p\u0103rului","item":"https:\/\/shopatoa.com\/ro\/ingrijirea-parului\/"},{"@type":"ListItem","position":6,"name":"Produse de stilizare a p\u0103rului","item":"https:\/\/shopatoa.com\/ro\/produse-de-stilizare-a-parului\/"},{"@type":"ListItem","position":7,"name":"Bleach London Toner Kit vopsea de p\u0103r semipermanent\u0103 pentru par blond culoare Ros\u00e9 1 buc"}]},{"@type":"WebSite","@id":"https:\/\/shopatoa.com\/ro\/#website","url":"https:\/\/shopatoa.com\/ro\/","name":"SHOPATOA","description":"","publisher":{"@id":"https:\/\/shopatoa.com\/ro\/#organization"},"potentialAction":[{"@type":"SearchAction","target":{"@type":"EntryPoint","urlTemplate":"https:\/\/shopatoa.com\/ro\/?s={search_term_string}"},"query-input":{"@type":"PropertyValueSpecification","valueRequired":true,"valueName":"search_term_string"}}],"inLanguage":"ro-RO"},{"@type":"Organization","@id":"https:\/\/shopatoa.com\/ro\/#organization","name":"SHOPATOA","url":"https:\/\/shopatoa.com\/ro\/","logo":{"@type":"ImageObject","inLanguage":"ro-RO","@id":"https:\/\/shopatoa.com\/ro\/#\/schema\/logo\/image\/","url":"https:\/\/storage.googleapis.com\/cz-shopatoa-img\/ro\/b4dac915-shopatoa_logo.png","contentUrl":"https:\/\/storage.googleapis.com\/cz-shopatoa-img\/ro\/b4dac915-shopatoa_logo.png","width":416,"height":63,"caption":"SHOPATOA"},"image":{"@id":"https:\/\/shopatoa.com\/ro\/#\/schema\/logo\/image\/"}}]}},"_links":{"self":[{"href":"https:\/\/shopatoa.com\/ro\/wp-json\/wp\/v2\/product\/489917","targetHints":{"allow":["GET"]}}],"collection":[{"href":"https:\/\/shopatoa.com\/ro\/wp-json\/wp\/v2\/product"}],"about":[{"href":"https:\/\/shopatoa.com\/ro\/wp-json\/wp\/v2\/types\/product"}],"replies":[{"embeddable":true,"href":"https:\/\/shopatoa.com\/ro\/wp-json\/wp\/v2\/comments?post=489917"}],"wp:featuredmedia":[{"embeddable":true,"href":"https:\/\/shopatoa.com\/ro\/wp-json\/wp\/v2\/media\/489918"}],"wp:attachment":[{"href":"https:\/\/shopatoa.com\/ro\/wp-json\/wp\/v2\/media?parent=489917"}],"wp:term":[{"taxonomy":"product_brand","embeddable":true,"href":"https:\/\/shopatoa.com\/ro\/wp-json\/wp\/v2\/product_brand?post=489917"},{"taxonomy":"product_cat","embeddable":true,"href":"https:\/\/shopatoa.com\/ro\/wp-json\/wp\/v2\/product_cat?post=489917"},{"taxonomy":"product_tag","embeddable":true,"href":"https:\/\/shopatoa.com\/ro\/wp-json\/wp\/v2\/product_tag?post=489917"}],"curies":[{"name":"wp","href":"https:\/\/api.w.org\/{rel}","templated":true}]}}