{"id":490065,"date":"2025-07-03T12:45:16","date_gmt":"2025-07-03T10:45:16","guid":{"rendered":"https:\/\/shopatoa.com\/ro\/4711-original-eau-de-cologne-cu-atomizor-unisex-50-ml\/"},"modified":"2025-12-09T22:52:36","modified_gmt":"2025-12-09T21:52:36","slug":"4711-original-eau-de-cologne-cu-atomizor-unisex-50-ml","status":"publish","type":"product","link":"https:\/\/shopatoa.com\/ro\/4711-original-eau-de-cologne-cu-atomizor-unisex-50-ml\/","title":{"rendered":"4711 Original eau de cologne cu atomizor unisex 50 ml"},"content":{"rendered":"<p>4711 Original, 50 ml, Ap\u0103 de colonie unisex, \u00cenv\u0103lui\u021bi-v\u0103 \u00een aceast\u0103 arom\u0103 \u0219i ve\u021bi radia bun\u0103 dispozi\u021bie \u00eentreaga zi! Apa de colonie unisex 4711 Original este expresia optimismului \u0219i a sentimentului de total\u0103 fericire.  parfum lemnos parfum elegant \u0219i atemporal, pentru iubitorii aromelor clasice subliniaz\u0103 senzualitatea fiec\u0103rei femei apreciat de orice gentleman modern parfum potrivit pentru fiecare zi unisex \u2013 pentru b\u0103rba\u021bi \u0219i femei<\/p>\n","protected":false},"excerpt":{"rendered":"<p>4711 Original, 50 ml, Ap\u0103 de colonie unisex, \u00cenv\u0103lui\u021bi-v\u0103 \u00een aceast\u0103 arom\u0103 \u0219i ve\u021bi radia bun\u0103 dispozi\u021bie \u00eentreaga zi! Apa de colonie unisex 4711 Original este expresia optimismului \u0219i a sentimentului de total\u0103 fericire. parfum lemnos parfum elegant \u0219i atemporal, pentru iubitorii aromelor clasice subliniaz\u0103 senzualitatea fiec\u0103rei femei apreciat de orice gentleman modern parfum potrivit&#8230;<\/p>\n","protected":false},"featured_media":490066,"comment_status":"closed","ping_status":"open","template":"","meta":{"_acf_changed":false,"_kadence_starter_templates_imported_post":false,"_kad_post_transparent":"","_kad_post_title":"","_kad_post_layout":"","_kad_post_sidebar_id":"","_kad_post_content_style":"","_kad_post_vertical_padding":"","_kad_post_feature":"","_kad_post_feature_position":"","_kad_post_header":false,"_kad_post_footer":false,"_kad_post_classname":""},"product_brand":[848],"product_cat":[3201,1564,1563,3200,1562],"product_tag":[],"class_list":{"0":"post-490065","1":"product","2":"type-product","3":"status-publish","4":"has-post-thumbnail","6":"product_brand-848","7":"product_cat-apele-de-colonie","8":"product_cat-cosmetice-ingrijire-personala","9":"product_cat-ingrijire-personala","10":"product_cat-parfumuri-si-colonii","11":"product_cat-sanatate-si-frumusete","12":"pa_gen-unisex","13":"pa_marime-50-ml","15":"first","16":"instock","17":"product-type-external","18":"entry","19":"content-bg","20":"loop-entry"},"acf":[],"yoast_head":"<!-- This site is optimized with the Yoast SEO plugin v27.3 - https:\/\/yoast.com\/product\/yoast-seo-wordpress\/ -->\n<title>4711 Original eau de cologne cu atomizor unisex 50 ml - SHOPATOA.COM<\/title>\n<meta name=\"robots\" content=\"index, follow, max-snippet:-1, max-image-preview:large, max-video-preview:-1\" \/>\n<link rel=\"canonical\" href=\"https:\/\/shopatoa.com\/ro\/4711-original-eau-de-cologne-cu-atomizor-unisex-50-ml\/\" \/>\n<meta property=\"og:locale\" content=\"ro_RO\" \/>\n<meta property=\"og:type\" content=\"article\" \/>\n<meta property=\"og:title\" content=\"4711 Original eau de cologne cu atomizor unisex 50 ml - SHOPATOA.COM\" \/>\n<meta property=\"og:description\" content=\"4711 Original, 50 ml, Ap\u0103 de colonie unisex, \u00cenv\u0103lui\u021bi-v\u0103 \u00een aceast\u0103 arom\u0103 \u0219i ve\u021bi radia bun\u0103 dispozi\u021bie \u00eentreaga zi! Apa de colonie unisex 4711 Original este expresia optimismului \u0219i a sentimentului de total\u0103 fericire. parfum lemnos parfum elegant \u0219i atemporal, pentru iubitorii aromelor clasice subliniaz\u0103 senzualitatea fiec\u0103rei femei apreciat de orice gentleman modern parfum potrivit...\" \/>\n<meta property=\"og:url\" content=\"https:\/\/shopatoa.com\/ro\/4711-original-eau-de-cologne-cu-atomizor-unisex-50-ml\/\" \/>\n<meta property=\"og:site_name\" content=\"SHOPATOA\" \/>\n<meta property=\"article:modified_time\" content=\"2025-12-09T21:52:36+00:00\" \/>\n<meta property=\"og:image\" content=\"https:\/\/storage.googleapis.com\/cz-shopatoa-img\/ro\/ab7cc2ee-unnamed-file.webp\" \/>\n\t<meta property=\"og:image:width\" content=\"800\" \/>\n\t<meta property=\"og:image:height\" content=\"800\" \/>\n\t<meta property=\"og:image:type\" content=\"image\/webp\" \/>\n<meta name=\"twitter:card\" content=\"summary_large_image\" \/>\n<script type=\"application\/ld+json\" class=\"yoast-schema-graph\">{\"@context\":\"https:\\\/\\\/schema.org\",\"@graph\":[{\"@type\":\"WebPage\",\"@id\":\"https:\\\/\\\/shopatoa.com\\\/ro\\\/4711-original-eau-de-cologne-cu-atomizor-unisex-50-ml\\\/\",\"url\":\"https:\\\/\\\/shopatoa.com\\\/ro\\\/4711-original-eau-de-cologne-cu-atomizor-unisex-50-ml\\\/\",\"name\":\"4711 Original eau de cologne cu atomizor unisex 50 ml - SHOPATOA.COM\",\"isPartOf\":{\"@id\":\"https:\\\/\\\/shopatoa.com\\\/ro\\\/#website\"},\"primaryImageOfPage\":{\"@id\":\"https:\\\/\\\/shopatoa.com\\\/ro\\\/4711-original-eau-de-cologne-cu-atomizor-unisex-50-ml\\\/#primaryimage\"},\"image\":{\"@id\":\"https:\\\/\\\/shopatoa.com\\\/ro\\\/4711-original-eau-de-cologne-cu-atomizor-unisex-50-ml\\\/#primaryimage\"},\"thumbnailUrl\":\"https:\\\/\\\/storage.googleapis.com\\\/cz-shopatoa-img\\\/ro\\\/ab7cc2ee-unnamed-file.webp\",\"datePublished\":\"2025-07-03T10:45:16+00:00\",\"dateModified\":\"2025-12-09T21:52:36+00:00\",\"breadcrumb\":{\"@id\":\"https:\\\/\\\/shopatoa.com\\\/ro\\\/4711-original-eau-de-cologne-cu-atomizor-unisex-50-ml\\\/#breadcrumb\"},\"inLanguage\":\"ro-RO\",\"potentialAction\":[{\"@type\":\"ReadAction\",\"target\":[\"https:\\\/\\\/shopatoa.com\\\/ro\\\/4711-original-eau-de-cologne-cu-atomizor-unisex-50-ml\\\/\"]}]},{\"@type\":\"ImageObject\",\"inLanguage\":\"ro-RO\",\"@id\":\"https:\\\/\\\/shopatoa.com\\\/ro\\\/4711-original-eau-de-cologne-cu-atomizor-unisex-50-ml\\\/#primaryimage\",\"url\":\"https:\\\/\\\/storage.googleapis.com\\\/cz-shopatoa-img\\\/ro\\\/ab7cc2ee-unnamed-file.webp\",\"contentUrl\":\"https:\\\/\\\/storage.googleapis.com\\\/cz-shopatoa-img\\\/ro\\\/ab7cc2ee-unnamed-file.webp\",\"width\":800,\"height\":800},{\"@type\":\"BreadcrumbList\",\"@id\":\"https:\\\/\\\/shopatoa.com\\\/ro\\\/4711-original-eau-de-cologne-cu-atomizor-unisex-50-ml\\\/#breadcrumb\",\"itemListElement\":[{\"@type\":\"ListItem\",\"position\":1,\"name\":\"Dom\u016f\",\"item\":\"https:\\\/\\\/shopatoa.com\\\/ro\\\/\"},{\"@type\":\"ListItem\",\"position\":2,\"name\":\"Shop\",\"item\":\"https:\\\/\\\/shopatoa.com\\\/ro\\\/shop\\\/\"},{\"@type\":\"ListItem\",\"position\":3,\"name\":\"S\u0103n\u0103tate \u0219i frumuse\u021be\",\"item\":\"https:\\\/\\\/shopatoa.com\\\/ro\\\/sanatate-si-frumusete\\\/\"},{\"@type\":\"ListItem\",\"position\":4,\"name\":\"\u00cengrijire personal\u0103\",\"item\":\"https:\\\/\\\/shopatoa.com\\\/ro\\\/ingrijire-personala\\\/\"},{\"@type\":\"ListItem\",\"position\":5,\"name\":\"Cosmetice\",\"item\":\"https:\\\/\\\/shopatoa.com\\\/ro\\\/cosmetice-ingrijire-personala\\\/\"},{\"@type\":\"ListItem\",\"position\":6,\"name\":\"Parfumuri \u0219i colonii\",\"item\":\"https:\\\/\\\/shopatoa.com\\\/ro\\\/parfumuri-si-colonii\\\/\"},{\"@type\":\"ListItem\",\"position\":7,\"name\":\"Apele de colonie\",\"item\":\"https:\\\/\\\/shopatoa.com\\\/ro\\\/apele-de-colonie\\\/\"},{\"@type\":\"ListItem\",\"position\":8,\"name\":\"4711 Original eau de cologne cu atomizor unisex 50 ml\"}]},{\"@type\":\"WebSite\",\"@id\":\"https:\\\/\\\/shopatoa.com\\\/ro\\\/#website\",\"url\":\"https:\\\/\\\/shopatoa.com\\\/ro\\\/\",\"name\":\"SHOPATOA\",\"description\":\"\",\"publisher\":{\"@id\":\"https:\\\/\\\/shopatoa.com\\\/ro\\\/#organization\"},\"potentialAction\":[{\"@type\":\"SearchAction\",\"target\":{\"@type\":\"EntryPoint\",\"urlTemplate\":\"https:\\\/\\\/shopatoa.com\\\/ro\\\/?s={search_term_string}\"},\"query-input\":{\"@type\":\"PropertyValueSpecification\",\"valueRequired\":true,\"valueName\":\"search_term_string\"}}],\"inLanguage\":\"ro-RO\"},{\"@type\":\"Organization\",\"@id\":\"https:\\\/\\\/shopatoa.com\\\/ro\\\/#organization\",\"name\":\"SHOPATOA\",\"url\":\"https:\\\/\\\/shopatoa.com\\\/ro\\\/\",\"logo\":{\"@type\":\"ImageObject\",\"inLanguage\":\"ro-RO\",\"@id\":\"https:\\\/\\\/shopatoa.com\\\/ro\\\/#\\\/schema\\\/logo\\\/image\\\/\",\"url\":\"https:\\\/\\\/storage.googleapis.com\\\/cz-shopatoa-img\\\/ro\\\/b4dac915-shopatoa_logo.png\",\"contentUrl\":\"https:\\\/\\\/storage.googleapis.com\\\/cz-shopatoa-img\\\/ro\\\/b4dac915-shopatoa_logo.png\",\"width\":416,\"height\":63,\"caption\":\"SHOPATOA\"},\"image\":{\"@id\":\"https:\\\/\\\/shopatoa.com\\\/ro\\\/#\\\/schema\\\/logo\\\/image\\\/\"}}]}<\/script>\n<!-- \/ Yoast SEO plugin. -->","yoast_head_json":{"title":"4711 Original eau de cologne cu atomizor unisex 50 ml - SHOPATOA.COM","robots":{"index":"index","follow":"follow","max-snippet":"max-snippet:-1","max-image-preview":"max-image-preview:large","max-video-preview":"max-video-preview:-1"},"canonical":"https:\/\/shopatoa.com\/ro\/4711-original-eau-de-cologne-cu-atomizor-unisex-50-ml\/","og_locale":"ro_RO","og_type":"article","og_title":"4711 Original eau de cologne cu atomizor unisex 50 ml - SHOPATOA.COM","og_description":"4711 Original, 50 ml, Ap\u0103 de colonie unisex, \u00cenv\u0103lui\u021bi-v\u0103 \u00een aceast\u0103 arom\u0103 \u0219i ve\u021bi radia bun\u0103 dispozi\u021bie \u00eentreaga zi! Apa de colonie unisex 4711 Original este expresia optimismului \u0219i a sentimentului de total\u0103 fericire. parfum lemnos parfum elegant \u0219i atemporal, pentru iubitorii aromelor clasice subliniaz\u0103 senzualitatea fiec\u0103rei femei apreciat de orice gentleman modern parfum potrivit...","og_url":"https:\/\/shopatoa.com\/ro\/4711-original-eau-de-cologne-cu-atomizor-unisex-50-ml\/","og_site_name":"SHOPATOA","article_modified_time":"2025-12-09T21:52:36+00:00","og_image":[{"width":800,"height":800,"url":"https:\/\/storage.googleapis.com\/cz-shopatoa-img\/ro\/ab7cc2ee-unnamed-file.webp","type":"image\/webp"}],"twitter_card":"summary_large_image","schema":{"@context":"https:\/\/schema.org","@graph":[{"@type":"WebPage","@id":"https:\/\/shopatoa.com\/ro\/4711-original-eau-de-cologne-cu-atomizor-unisex-50-ml\/","url":"https:\/\/shopatoa.com\/ro\/4711-original-eau-de-cologne-cu-atomizor-unisex-50-ml\/","name":"4711 Original eau de cologne cu atomizor unisex 50 ml - SHOPATOA.COM","isPartOf":{"@id":"https:\/\/shopatoa.com\/ro\/#website"},"primaryImageOfPage":{"@id":"https:\/\/shopatoa.com\/ro\/4711-original-eau-de-cologne-cu-atomizor-unisex-50-ml\/#primaryimage"},"image":{"@id":"https:\/\/shopatoa.com\/ro\/4711-original-eau-de-cologne-cu-atomizor-unisex-50-ml\/#primaryimage"},"thumbnailUrl":"https:\/\/storage.googleapis.com\/cz-shopatoa-img\/ro\/ab7cc2ee-unnamed-file.webp","datePublished":"2025-07-03T10:45:16+00:00","dateModified":"2025-12-09T21:52:36+00:00","breadcrumb":{"@id":"https:\/\/shopatoa.com\/ro\/4711-original-eau-de-cologne-cu-atomizor-unisex-50-ml\/#breadcrumb"},"inLanguage":"ro-RO","potentialAction":[{"@type":"ReadAction","target":["https:\/\/shopatoa.com\/ro\/4711-original-eau-de-cologne-cu-atomizor-unisex-50-ml\/"]}]},{"@type":"ImageObject","inLanguage":"ro-RO","@id":"https:\/\/shopatoa.com\/ro\/4711-original-eau-de-cologne-cu-atomizor-unisex-50-ml\/#primaryimage","url":"https:\/\/storage.googleapis.com\/cz-shopatoa-img\/ro\/ab7cc2ee-unnamed-file.webp","contentUrl":"https:\/\/storage.googleapis.com\/cz-shopatoa-img\/ro\/ab7cc2ee-unnamed-file.webp","width":800,"height":800},{"@type":"BreadcrumbList","@id":"https:\/\/shopatoa.com\/ro\/4711-original-eau-de-cologne-cu-atomizor-unisex-50-ml\/#breadcrumb","itemListElement":[{"@type":"ListItem","position":1,"name":"Dom\u016f","item":"https:\/\/shopatoa.com\/ro\/"},{"@type":"ListItem","position":2,"name":"Shop","item":"https:\/\/shopatoa.com\/ro\/shop\/"},{"@type":"ListItem","position":3,"name":"S\u0103n\u0103tate \u0219i frumuse\u021be","item":"https:\/\/shopatoa.com\/ro\/sanatate-si-frumusete\/"},{"@type":"ListItem","position":4,"name":"\u00cengrijire personal\u0103","item":"https:\/\/shopatoa.com\/ro\/ingrijire-personala\/"},{"@type":"ListItem","position":5,"name":"Cosmetice","item":"https:\/\/shopatoa.com\/ro\/cosmetice-ingrijire-personala\/"},{"@type":"ListItem","position":6,"name":"Parfumuri \u0219i colonii","item":"https:\/\/shopatoa.com\/ro\/parfumuri-si-colonii\/"},{"@type":"ListItem","position":7,"name":"Apele de colonie","item":"https:\/\/shopatoa.com\/ro\/apele-de-colonie\/"},{"@type":"ListItem","position":8,"name":"4711 Original eau de cologne cu atomizor unisex 50 ml"}]},{"@type":"WebSite","@id":"https:\/\/shopatoa.com\/ro\/#website","url":"https:\/\/shopatoa.com\/ro\/","name":"SHOPATOA","description":"","publisher":{"@id":"https:\/\/shopatoa.com\/ro\/#organization"},"potentialAction":[{"@type":"SearchAction","target":{"@type":"EntryPoint","urlTemplate":"https:\/\/shopatoa.com\/ro\/?s={search_term_string}"},"query-input":{"@type":"PropertyValueSpecification","valueRequired":true,"valueName":"search_term_string"}}],"inLanguage":"ro-RO"},{"@type":"Organization","@id":"https:\/\/shopatoa.com\/ro\/#organization","name":"SHOPATOA","url":"https:\/\/shopatoa.com\/ro\/","logo":{"@type":"ImageObject","inLanguage":"ro-RO","@id":"https:\/\/shopatoa.com\/ro\/#\/schema\/logo\/image\/","url":"https:\/\/storage.googleapis.com\/cz-shopatoa-img\/ro\/b4dac915-shopatoa_logo.png","contentUrl":"https:\/\/storage.googleapis.com\/cz-shopatoa-img\/ro\/b4dac915-shopatoa_logo.png","width":416,"height":63,"caption":"SHOPATOA"},"image":{"@id":"https:\/\/shopatoa.com\/ro\/#\/schema\/logo\/image\/"}}]}},"_links":{"self":[{"href":"https:\/\/shopatoa.com\/ro\/wp-json\/wp\/v2\/product\/490065","targetHints":{"allow":["GET"]}}],"collection":[{"href":"https:\/\/shopatoa.com\/ro\/wp-json\/wp\/v2\/product"}],"about":[{"href":"https:\/\/shopatoa.com\/ro\/wp-json\/wp\/v2\/types\/product"}],"replies":[{"embeddable":true,"href":"https:\/\/shopatoa.com\/ro\/wp-json\/wp\/v2\/comments?post=490065"}],"wp:featuredmedia":[{"embeddable":true,"href":"https:\/\/shopatoa.com\/ro\/wp-json\/wp\/v2\/media\/490066"}],"wp:attachment":[{"href":"https:\/\/shopatoa.com\/ro\/wp-json\/wp\/v2\/media?parent=490065"}],"wp:term":[{"taxonomy":"product_brand","embeddable":true,"href":"https:\/\/shopatoa.com\/ro\/wp-json\/wp\/v2\/product_brand?post=490065"},{"taxonomy":"product_cat","embeddable":true,"href":"https:\/\/shopatoa.com\/ro\/wp-json\/wp\/v2\/product_cat?post=490065"},{"taxonomy":"product_tag","embeddable":true,"href":"https:\/\/shopatoa.com\/ro\/wp-json\/wp\/v2\/product_tag?post=490065"}],"curies":[{"name":"wp","href":"https:\/\/api.w.org\/{rel}","templated":true}]}}