{"id":490123,"date":"2025-07-03T12:50:05","date_gmt":"2025-07-03T10:50:05","guid":{"rendered":"https:\/\/shopatoa.com\/ro\/joanna-z-apteczki-babuni-exfoliant-de-curatare-pentru-par-si-scalp-150-ml\/"},"modified":"2025-12-09T22:04:23","modified_gmt":"2025-12-09T21:04:23","slug":"joanna-z-apteczki-babuni-exfoliant-de-curatare-pentru-par-si-scalp-150-ml","status":"publish","type":"product","link":"https:\/\/shopatoa.com\/ro\/joanna-z-apteczki-babuni-exfoliant-de-curatare-pentru-par-si-scalp-150-ml\/","title":{"rendered":"Joanna Z Apteczki Babuni exfoliant de cur\u0103\u021bare pentru par si scalp 150 ml"},"content":{"rendered":"<p>Joanna Z Apteczki Babuni, 150 ml, Exfoliant pentru p\u0103r pentru femei, R\u0103sf\u0103\u021ba\u021bi-v\u0103 p\u0103rul cu ceva \u00een plus, sub form\u0103 de \u00eengrijire special\u0103 \u00een timpul sp\u0103l\u0103rii. Exfoliantul pentru p\u0103r Joanna Z Apteczki Babuni asigur\u0103 o cur\u0103\u021bare cu adev\u0103rat temeinic\u0103 \u0219i profund\u0103 a scalpului, l\u0103s\u00e2ndu-v\u0103 p\u0103rul revitalizat, radiant \u0219i preg\u0103tit s\u0103 absoarb\u0103 mai bine \u00eengrijirea ulterioar\u0103.  Caracteristici:  elibereaz\u0103 complet p\u0103rul de impurit\u0103\u021bi \u0219i de sebum \u00eenl\u0103tur\u0103 din p\u0103r reziduurile produselor de coafat elimin\u0103 din p\u0103r m\u0103trea\u021ba \u0219i celulele epiteliale moarte las\u0103 p\u0103rul perfect curat \u0219i str\u0103lucitor stimuleaz\u0103 scalpul \u0219i \u00eei confer\u0103 o senza\u021bie de prospe\u021bime  Ingrediente:  pantenol \u2013 hidrateaz\u0103, men\u021bine p\u0103rul \u0219i scalpul hidratate, calmeaz\u0103 \u0219i combate iritarea scalpului, neteze\u0219te fibrele de p\u0103r, \u00eembun\u0103t\u0103\u021be\u0219te elasticitatea acestora  Cum se utilizeaz\u0103: Se aplic\u0103 o cantitate adecvat\u0103 pe scalp \u0219i pe p\u0103r. Spuma\u021bi printr-un masaj delicat \u0219i apoi cl\u0103ti\u021bi minu\u021bios.<\/p>\n","protected":false},"excerpt":{"rendered":"<p>Joanna Z Apteczki Babuni, 150 ml, Exfoliant pentru p\u0103r pentru femei, R\u0103sf\u0103\u021ba\u021bi-v\u0103 p\u0103rul cu ceva \u00een plus, sub form\u0103 de \u00eengrijire special\u0103 \u00een timpul sp\u0103l\u0103rii. Exfoliantul pentru p\u0103r Joanna Z Apteczki Babuni asigur\u0103 o cur\u0103\u021bare cu adev\u0103rat temeinic\u0103 \u0219i profund\u0103 a scalpului, l\u0103s\u00e2ndu-v\u0103 p\u0103rul revitalizat, radiant \u0219i preg\u0103tit s\u0103 absoarb\u0103 mai bine \u00eengrijirea ulterioar\u0103. Caracteristici:&#8230;<\/p>\n","protected":false},"featured_media":490124,"comment_status":"closed","ping_status":"open","template":"","meta":{"_acf_changed":false,"_kadence_starter_templates_imported_post":false,"_kad_post_transparent":"","_kad_post_title":"","_kad_post_layout":"","_kad_post_sidebar_id":"","_kad_post_content_style":"","_kad_post_vertical_padding":"","_kad_post_feature":"","_kad_post_feature_position":"","_kad_post_header":false,"_kad_post_footer":false,"_kad_post_classname":""},"product_brand":[2614],"product_cat":[1563,1590,1562],"product_tag":[],"class_list":{"0":"post-490123","1":"product","2":"type-product","3":"status-publish","4":"has-post-thumbnail","6":"product_brand-joanna","7":"product_cat-ingrijire-personala","8":"product_cat-ingrijirea-parului","9":"product_cat-sanatate-si-frumusete","10":"pa_gen-female","11":"pa_marime-150-ml","13":"first","14":"instock","15":"product-type-external","16":"entry","17":"content-bg","18":"loop-entry"},"acf":[],"yoast_head":"<!-- This site is optimized with the Yoast SEO plugin v27.4 - https:\/\/yoast.com\/product\/yoast-seo-wordpress\/ -->\n<title>Joanna Z Apteczki Babuni exfoliant de cur\u0103\u021bare pentru par si scalp 150 ml - SHOPATOA.COM<\/title>\n<meta name=\"robots\" content=\"index, follow, max-snippet:-1, max-image-preview:large, max-video-preview:-1\" \/>\n<link rel=\"canonical\" href=\"https:\/\/shopatoa.com\/ro\/joanna-z-apteczki-babuni-exfoliant-de-curatare-pentru-par-si-scalp-150-ml\/\" \/>\n<meta property=\"og:locale\" content=\"ro_RO\" \/>\n<meta property=\"og:type\" content=\"article\" \/>\n<meta property=\"og:title\" content=\"Joanna Z Apteczki Babuni exfoliant de cur\u0103\u021bare pentru par si scalp 150 ml - SHOPATOA.COM\" \/>\n<meta property=\"og:description\" content=\"Joanna Z Apteczki Babuni, 150 ml, Exfoliant pentru p\u0103r pentru femei, R\u0103sf\u0103\u021ba\u021bi-v\u0103 p\u0103rul cu ceva \u00een plus, sub form\u0103 de \u00eengrijire special\u0103 \u00een timpul sp\u0103l\u0103rii. Exfoliantul pentru p\u0103r Joanna Z Apteczki Babuni asigur\u0103 o cur\u0103\u021bare cu adev\u0103rat temeinic\u0103 \u0219i profund\u0103 a scalpului, l\u0103s\u00e2ndu-v\u0103 p\u0103rul revitalizat, radiant \u0219i preg\u0103tit s\u0103 absoarb\u0103 mai bine \u00eengrijirea ulterioar\u0103. Caracteristici:...\" \/>\n<meta property=\"og:url\" content=\"https:\/\/shopatoa.com\/ro\/joanna-z-apteczki-babuni-exfoliant-de-curatare-pentru-par-si-scalp-150-ml\/\" \/>\n<meta property=\"og:site_name\" content=\"SHOPATOA\" \/>\n<meta property=\"article:modified_time\" content=\"2025-12-09T21:04:23+00:00\" \/>\n<meta property=\"og:image\" content=\"https:\/\/storage.googleapis.com\/cz-shopatoa-img\/ro\/ec2191a1-unnamed-file.webp\" \/>\n\t<meta property=\"og:image:width\" content=\"800\" \/>\n\t<meta property=\"og:image:height\" content=\"800\" \/>\n\t<meta property=\"og:image:type\" content=\"image\/webp\" \/>\n<meta name=\"twitter:card\" content=\"summary_large_image\" \/>\n<meta name=\"twitter:label1\" content=\"Timp estimat pentru citire\" \/>\n\t<meta name=\"twitter:data1\" content=\"1 minut\" \/>\n<script type=\"application\/ld+json\" class=\"yoast-schema-graph\">{\"@context\":\"https:\\\/\\\/schema.org\",\"@graph\":[{\"@type\":\"WebPage\",\"@id\":\"https:\\\/\\\/shopatoa.com\\\/ro\\\/joanna-z-apteczki-babuni-exfoliant-de-curatare-pentru-par-si-scalp-150-ml\\\/\",\"url\":\"https:\\\/\\\/shopatoa.com\\\/ro\\\/joanna-z-apteczki-babuni-exfoliant-de-curatare-pentru-par-si-scalp-150-ml\\\/\",\"name\":\"Joanna Z Apteczki Babuni exfoliant de cur\u0103\u021bare pentru par si scalp 150 ml - SHOPATOA.COM\",\"isPartOf\":{\"@id\":\"https:\\\/\\\/shopatoa.com\\\/ro\\\/#website\"},\"primaryImageOfPage\":{\"@id\":\"https:\\\/\\\/shopatoa.com\\\/ro\\\/joanna-z-apteczki-babuni-exfoliant-de-curatare-pentru-par-si-scalp-150-ml\\\/#primaryimage\"},\"image\":{\"@id\":\"https:\\\/\\\/shopatoa.com\\\/ro\\\/joanna-z-apteczki-babuni-exfoliant-de-curatare-pentru-par-si-scalp-150-ml\\\/#primaryimage\"},\"thumbnailUrl\":\"https:\\\/\\\/storage.googleapis.com\\\/cz-shopatoa-img\\\/ro\\\/ec2191a1-unnamed-file.webp\",\"datePublished\":\"2025-07-03T10:50:05+00:00\",\"dateModified\":\"2025-12-09T21:04:23+00:00\",\"breadcrumb\":{\"@id\":\"https:\\\/\\\/shopatoa.com\\\/ro\\\/joanna-z-apteczki-babuni-exfoliant-de-curatare-pentru-par-si-scalp-150-ml\\\/#breadcrumb\"},\"inLanguage\":\"ro-RO\",\"potentialAction\":[{\"@type\":\"ReadAction\",\"target\":[\"https:\\\/\\\/shopatoa.com\\\/ro\\\/joanna-z-apteczki-babuni-exfoliant-de-curatare-pentru-par-si-scalp-150-ml\\\/\"]}]},{\"@type\":\"ImageObject\",\"inLanguage\":\"ro-RO\",\"@id\":\"https:\\\/\\\/shopatoa.com\\\/ro\\\/joanna-z-apteczki-babuni-exfoliant-de-curatare-pentru-par-si-scalp-150-ml\\\/#primaryimage\",\"url\":\"https:\\\/\\\/storage.googleapis.com\\\/cz-shopatoa-img\\\/ro\\\/ec2191a1-unnamed-file.webp\",\"contentUrl\":\"https:\\\/\\\/storage.googleapis.com\\\/cz-shopatoa-img\\\/ro\\\/ec2191a1-unnamed-file.webp\",\"width\":800,\"height\":800},{\"@type\":\"BreadcrumbList\",\"@id\":\"https:\\\/\\\/shopatoa.com\\\/ro\\\/joanna-z-apteczki-babuni-exfoliant-de-curatare-pentru-par-si-scalp-150-ml\\\/#breadcrumb\",\"itemListElement\":[{\"@type\":\"ListItem\",\"position\":1,\"name\":\"Dom\u016f\",\"item\":\"https:\\\/\\\/shopatoa.com\\\/ro\\\/\"},{\"@type\":\"ListItem\",\"position\":2,\"name\":\"Shop\",\"item\":\"https:\\\/\\\/shopatoa.com\\\/ro\\\/shop\\\/\"},{\"@type\":\"ListItem\",\"position\":3,\"name\":\"S\u0103n\u0103tate \u0219i frumuse\u021be\",\"item\":\"https:\\\/\\\/shopatoa.com\\\/ro\\\/sanatate-si-frumusete\\\/\"},{\"@type\":\"ListItem\",\"position\":4,\"name\":\"\u00cengrijire personal\u0103\",\"item\":\"https:\\\/\\\/shopatoa.com\\\/ro\\\/ingrijire-personala\\\/\"},{\"@type\":\"ListItem\",\"position\":5,\"name\":\"\u00cengrijirea p\u0103rului\",\"item\":\"https:\\\/\\\/shopatoa.com\\\/ro\\\/ingrijirea-parului\\\/\"},{\"@type\":\"ListItem\",\"position\":6,\"name\":\"Joanna Z Apteczki Babuni exfoliant de cur\u0103\u021bare pentru par si scalp 150 ml\"}]},{\"@type\":\"WebSite\",\"@id\":\"https:\\\/\\\/shopatoa.com\\\/ro\\\/#website\",\"url\":\"https:\\\/\\\/shopatoa.com\\\/ro\\\/\",\"name\":\"SHOPATOA\",\"description\":\"\",\"publisher\":{\"@id\":\"https:\\\/\\\/shopatoa.com\\\/ro\\\/#organization\"},\"potentialAction\":[{\"@type\":\"SearchAction\",\"target\":{\"@type\":\"EntryPoint\",\"urlTemplate\":\"https:\\\/\\\/shopatoa.com\\\/ro\\\/?s={search_term_string}\"},\"query-input\":{\"@type\":\"PropertyValueSpecification\",\"valueRequired\":true,\"valueName\":\"search_term_string\"}}],\"inLanguage\":\"ro-RO\"},{\"@type\":\"Organization\",\"@id\":\"https:\\\/\\\/shopatoa.com\\\/ro\\\/#organization\",\"name\":\"SHOPATOA\",\"url\":\"https:\\\/\\\/shopatoa.com\\\/ro\\\/\",\"logo\":{\"@type\":\"ImageObject\",\"inLanguage\":\"ro-RO\",\"@id\":\"https:\\\/\\\/shopatoa.com\\\/ro\\\/#\\\/schema\\\/logo\\\/image\\\/\",\"url\":\"https:\\\/\\\/storage.googleapis.com\\\/cz-shopatoa-img\\\/ro\\\/b4dac915-shopatoa_logo.png\",\"contentUrl\":\"https:\\\/\\\/storage.googleapis.com\\\/cz-shopatoa-img\\\/ro\\\/b4dac915-shopatoa_logo.png\",\"width\":416,\"height\":63,\"caption\":\"SHOPATOA\"},\"image\":{\"@id\":\"https:\\\/\\\/shopatoa.com\\\/ro\\\/#\\\/schema\\\/logo\\\/image\\\/\"}}]}<\/script>\n<!-- \/ Yoast SEO plugin. -->","yoast_head_json":{"title":"Joanna Z Apteczki Babuni exfoliant de cur\u0103\u021bare pentru par si scalp 150 ml - SHOPATOA.COM","robots":{"index":"index","follow":"follow","max-snippet":"max-snippet:-1","max-image-preview":"max-image-preview:large","max-video-preview":"max-video-preview:-1"},"canonical":"https:\/\/shopatoa.com\/ro\/joanna-z-apteczki-babuni-exfoliant-de-curatare-pentru-par-si-scalp-150-ml\/","og_locale":"ro_RO","og_type":"article","og_title":"Joanna Z Apteczki Babuni exfoliant de cur\u0103\u021bare pentru par si scalp 150 ml - SHOPATOA.COM","og_description":"Joanna Z Apteczki Babuni, 150 ml, Exfoliant pentru p\u0103r pentru femei, R\u0103sf\u0103\u021ba\u021bi-v\u0103 p\u0103rul cu ceva \u00een plus, sub form\u0103 de \u00eengrijire special\u0103 \u00een timpul sp\u0103l\u0103rii. Exfoliantul pentru p\u0103r Joanna Z Apteczki Babuni asigur\u0103 o cur\u0103\u021bare cu adev\u0103rat temeinic\u0103 \u0219i profund\u0103 a scalpului, l\u0103s\u00e2ndu-v\u0103 p\u0103rul revitalizat, radiant \u0219i preg\u0103tit s\u0103 absoarb\u0103 mai bine \u00eengrijirea ulterioar\u0103. Caracteristici:...","og_url":"https:\/\/shopatoa.com\/ro\/joanna-z-apteczki-babuni-exfoliant-de-curatare-pentru-par-si-scalp-150-ml\/","og_site_name":"SHOPATOA","article_modified_time":"2025-12-09T21:04:23+00:00","og_image":[{"width":800,"height":800,"url":"https:\/\/storage.googleapis.com\/cz-shopatoa-img\/ro\/ec2191a1-unnamed-file.webp","type":"image\/webp"}],"twitter_card":"summary_large_image","twitter_misc":{"Timp estimat pentru citire":"1 minut"},"schema":{"@context":"https:\/\/schema.org","@graph":[{"@type":"WebPage","@id":"https:\/\/shopatoa.com\/ro\/joanna-z-apteczki-babuni-exfoliant-de-curatare-pentru-par-si-scalp-150-ml\/","url":"https:\/\/shopatoa.com\/ro\/joanna-z-apteczki-babuni-exfoliant-de-curatare-pentru-par-si-scalp-150-ml\/","name":"Joanna Z Apteczki Babuni exfoliant de cur\u0103\u021bare pentru par si scalp 150 ml - SHOPATOA.COM","isPartOf":{"@id":"https:\/\/shopatoa.com\/ro\/#website"},"primaryImageOfPage":{"@id":"https:\/\/shopatoa.com\/ro\/joanna-z-apteczki-babuni-exfoliant-de-curatare-pentru-par-si-scalp-150-ml\/#primaryimage"},"image":{"@id":"https:\/\/shopatoa.com\/ro\/joanna-z-apteczki-babuni-exfoliant-de-curatare-pentru-par-si-scalp-150-ml\/#primaryimage"},"thumbnailUrl":"https:\/\/storage.googleapis.com\/cz-shopatoa-img\/ro\/ec2191a1-unnamed-file.webp","datePublished":"2025-07-03T10:50:05+00:00","dateModified":"2025-12-09T21:04:23+00:00","breadcrumb":{"@id":"https:\/\/shopatoa.com\/ro\/joanna-z-apteczki-babuni-exfoliant-de-curatare-pentru-par-si-scalp-150-ml\/#breadcrumb"},"inLanguage":"ro-RO","potentialAction":[{"@type":"ReadAction","target":["https:\/\/shopatoa.com\/ro\/joanna-z-apteczki-babuni-exfoliant-de-curatare-pentru-par-si-scalp-150-ml\/"]}]},{"@type":"ImageObject","inLanguage":"ro-RO","@id":"https:\/\/shopatoa.com\/ro\/joanna-z-apteczki-babuni-exfoliant-de-curatare-pentru-par-si-scalp-150-ml\/#primaryimage","url":"https:\/\/storage.googleapis.com\/cz-shopatoa-img\/ro\/ec2191a1-unnamed-file.webp","contentUrl":"https:\/\/storage.googleapis.com\/cz-shopatoa-img\/ro\/ec2191a1-unnamed-file.webp","width":800,"height":800},{"@type":"BreadcrumbList","@id":"https:\/\/shopatoa.com\/ro\/joanna-z-apteczki-babuni-exfoliant-de-curatare-pentru-par-si-scalp-150-ml\/#breadcrumb","itemListElement":[{"@type":"ListItem","position":1,"name":"Dom\u016f","item":"https:\/\/shopatoa.com\/ro\/"},{"@type":"ListItem","position":2,"name":"Shop","item":"https:\/\/shopatoa.com\/ro\/shop\/"},{"@type":"ListItem","position":3,"name":"S\u0103n\u0103tate \u0219i frumuse\u021be","item":"https:\/\/shopatoa.com\/ro\/sanatate-si-frumusete\/"},{"@type":"ListItem","position":4,"name":"\u00cengrijire personal\u0103","item":"https:\/\/shopatoa.com\/ro\/ingrijire-personala\/"},{"@type":"ListItem","position":5,"name":"\u00cengrijirea p\u0103rului","item":"https:\/\/shopatoa.com\/ro\/ingrijirea-parului\/"},{"@type":"ListItem","position":6,"name":"Joanna Z Apteczki Babuni exfoliant de cur\u0103\u021bare pentru par si scalp 150 ml"}]},{"@type":"WebSite","@id":"https:\/\/shopatoa.com\/ro\/#website","url":"https:\/\/shopatoa.com\/ro\/","name":"SHOPATOA","description":"","publisher":{"@id":"https:\/\/shopatoa.com\/ro\/#organization"},"potentialAction":[{"@type":"SearchAction","target":{"@type":"EntryPoint","urlTemplate":"https:\/\/shopatoa.com\/ro\/?s={search_term_string}"},"query-input":{"@type":"PropertyValueSpecification","valueRequired":true,"valueName":"search_term_string"}}],"inLanguage":"ro-RO"},{"@type":"Organization","@id":"https:\/\/shopatoa.com\/ro\/#organization","name":"SHOPATOA","url":"https:\/\/shopatoa.com\/ro\/","logo":{"@type":"ImageObject","inLanguage":"ro-RO","@id":"https:\/\/shopatoa.com\/ro\/#\/schema\/logo\/image\/","url":"https:\/\/storage.googleapis.com\/cz-shopatoa-img\/ro\/b4dac915-shopatoa_logo.png","contentUrl":"https:\/\/storage.googleapis.com\/cz-shopatoa-img\/ro\/b4dac915-shopatoa_logo.png","width":416,"height":63,"caption":"SHOPATOA"},"image":{"@id":"https:\/\/shopatoa.com\/ro\/#\/schema\/logo\/image\/"}}]}},"_links":{"self":[{"href":"https:\/\/shopatoa.com\/ro\/wp-json\/wp\/v2\/product\/490123","targetHints":{"allow":["GET"]}}],"collection":[{"href":"https:\/\/shopatoa.com\/ro\/wp-json\/wp\/v2\/product"}],"about":[{"href":"https:\/\/shopatoa.com\/ro\/wp-json\/wp\/v2\/types\/product"}],"replies":[{"embeddable":true,"href":"https:\/\/shopatoa.com\/ro\/wp-json\/wp\/v2\/comments?post=490123"}],"wp:featuredmedia":[{"embeddable":true,"href":"https:\/\/shopatoa.com\/ro\/wp-json\/wp\/v2\/media\/490124"}],"wp:attachment":[{"href":"https:\/\/shopatoa.com\/ro\/wp-json\/wp\/v2\/media?parent=490123"}],"wp:term":[{"taxonomy":"product_brand","embeddable":true,"href":"https:\/\/shopatoa.com\/ro\/wp-json\/wp\/v2\/product_brand?post=490123"},{"taxonomy":"product_cat","embeddable":true,"href":"https:\/\/shopatoa.com\/ro\/wp-json\/wp\/v2\/product_cat?post=490123"},{"taxonomy":"product_tag","embeddable":true,"href":"https:\/\/shopatoa.com\/ro\/wp-json\/wp\/v2\/product_tag?post=490123"}],"curies":[{"name":"wp","href":"https:\/\/api.w.org\/{rel}","templated":true}]}}